{"id":4133,"date":"2023-03-02T12:02:43","date_gmt":"2023-03-02T12:02:43","guid":{"rendered":"https:\/\/nautipescas.pt\/?post_type=product&#038;p=4133"},"modified":"2023-03-03T12:19:20","modified_gmt":"2023-03-03T12:19:20","slug":"carreto-okuma-jaw-55","status":"publish","type":"product","link":"https:\/\/nautipescas.pt\/en\/produto\/carreto-okuma-jaw-55\/","title":{"rendered":"CARRETO OKUMA JAW 55"},"content":{"rendered":"<p>O carreto Jaw 55 da Okuma \u00e9 um carreto indicado para quem pretende iniciar a pesca de embarcada, corrico e buldo.<br \/>\nEste carreto apresenta o mais recente design de corpo da Okuma, tecnologia e for\u00e7a e vem equipado com com rolamentos de a\u00e7o inoxid\u00e1vel 3BB+1RB, CFR (Cyclonic Flow Rotor Technology).<br \/>\nEsta \u00e9 a escolha ideal para quem procura um carreto com grande rela\u00e7\u00e3o pre\u00e7o \/ qualidade.<\/p>\n<p>Caracter\u00edsticas<br \/>\n\u2013 Corpo e rotor em grafite resistente \u00e0 corros\u00e3o<br \/>\n\u2013 CFR: tecnologia Cyclonic Flow Rotor<br \/>\n\u2013 rolamentos: 3BB+1RB<br \/>\n\u2013 sistema anti-reverso infinito de conjunto r\u00e1pido<br \/>\n\u2013 engrenagem de pinh\u00e3o de lat\u00e3o cortado \u00e0 m\u00e1quina de precis\u00e3o<br \/>\n\u2013 carreto de alum\u00ednio anodizado de 2 tons<br \/>\n\u2013 asa de cesto robusta<br \/>\n\u2013 manivela TPE (forma de T)<\/p>\n<p>Ficha T\u00e9cnica:<br \/>\nModelo: Okuma Jaw 55<br \/>\nTamanho: 5500<br \/>\nRatio: 4.5:1<br \/>\nCapacidade: 0.30mm \u2013 300mt ; 0.35mm \u2013 220mt ; 0.40mm \u2013 170mt<br \/>\nEnrolamento: 83cm<br \/>\nDrag: 12kg<br \/>\nRolamentos: 3+1<br \/>\nPeso: 422g<\/p>\n","protected":false},"excerpt":{"rendered":"<p>O carreto Jaw 55 da Okuma \u00e9 um carreto indicado para quem pretende iniciar a pesca de embarcada, corrico e buldo. Este carreto apresenta o mais recente design de corpo da Okuma, tecnologia e for\u00e7a e vem equipado com com rolamentos de a\u00e7o inoxid\u00e1vel 3BB+1RB, CFR (Cyclonic Flow Rotor Technology). Esta \u00e9 a escolha ideal &hellip; <\/p>\n<p class=\"more-link-wrap\"><a href=\"https:\/\/nautipescas.pt\/en\/produto\/carreto-okuma-jaw-55\/\" class=\"more-link\"><span>Read More<span class=\"screen-reader-text\"> &#8220;CARRETO OKUMA JAW 55&#8221;<\/span><\/span><\/a><\/p>\n","protected":false},"featured_media":4134,"template":"","meta":{"inline_featured_image":false},"product_cat":[195,168,148],"product_tag":[],"marcas":[249],"class_list":["post-4133","product","type-product","status-publish","has-post-thumbnail","hentry","product_cat-carretos","product_cat-carretos-spinning","product_cat-pesca","marcas-okuma-canas-carretos"],"acf":[],"yoast_head":"<!-- This site is optimized with the Yoast SEO plugin v19.2 - https:\/\/yoast.com\/wordpress\/plugins\/seo\/ -->\n<title>CARRETO OKUMA JAW 55 - Nautipescas<\/title>\n<meta name=\"robots\" content=\"index, follow, max-snippet:-1, max-image-preview:large, max-video-preview:-1\" \/>\n<link rel=\"canonical\" href=\"https:\/\/nautipescas.pt\/produto\/carreto-okuma-jaw-55\/\" \/>\n<meta property=\"og:locale\" content=\"en_US\" \/>\n<meta property=\"og:type\" content=\"article\" \/>\n<meta property=\"og:title\" content=\"CARRETO OKUMA JAW 55 - Nautipescas\" \/>\n<meta property=\"og:description\" content=\"O carreto Jaw 55 da Okuma \u00e9 um carreto indicado para quem pretende iniciar a pesca de embarcada, corrico e buldo. Este carreto apresenta o mais recente design de corpo da Okuma, tecnologia e for\u00e7a e vem equipado com com rolamentos de a\u00e7o inoxid\u00e1vel 3BB+1RB, CFR (Cyclonic Flow Rotor Technology). Esta \u00e9 a escolha ideal &hellip; Read More &quot;CARRETO OKUMA JAW 55&quot;\" \/>\n<meta property=\"og:url\" content=\"https:\/\/nautipescas.pt\/produto\/carreto-okuma-jaw-55\/\" \/>\n<meta property=\"og:site_name\" content=\"Nautipescas\" \/>\n<meta property=\"article:modified_time\" content=\"2023-03-03T12:19:20+00:00\" \/>\n<meta property=\"og:image\" content=\"https:\/\/nautipescas.pt\/wp-content\/uploads\/2023\/03\/carreto-okuma-jaw-55-pesca-barrento.jpg\" \/>\n\t<meta property=\"og:image:width\" content=\"794\" \/>\n\t<meta property=\"og:image:height\" content=\"794\" \/>\n\t<meta property=\"og:image:type\" content=\"image\/jpeg\" \/>\n<meta name=\"author\" content=\"Paulo Chaves\" \/>\n<meta name=\"twitter:card\" content=\"summary_large_image\" \/>\n<meta name=\"twitter:label1\" content=\"Est. reading time\" \/>\n\t<meta name=\"twitter:data1\" content=\"1 minute\" \/>\n<script type=\"application\/ld+json\" class=\"yoast-schema-graph\">{\"@context\":\"https:\/\/schema.org\",\"@graph\":[{\"@type\":\"WebSite\",\"@id\":\"https:\/\/nautipescas.pt\/#website\",\"url\":\"https:\/\/nautipescas.pt\/\",\"name\":\"Nautipescas\",\"description\":\"\",\"potentialAction\":[{\"@type\":\"SearchAction\",\"target\":{\"@type\":\"EntryPoint\",\"urlTemplate\":\"https:\/\/nautipescas.pt\/?s={search_term_string}\"},\"query-input\":\"required name=search_term_string\"}],\"inLanguage\":\"en-US\"},{\"@type\":\"ImageObject\",\"inLanguage\":\"en-US\",\"@id\":\"https:\/\/nautipescas.pt\/produto\/carreto-okuma-jaw-55\/#primaryimage\",\"url\":\"https:\/\/nautipescas.pt\/wp-content\/uploads\/2023\/03\/carreto-okuma-jaw-55-pesca-barrento.jpg\",\"contentUrl\":\"https:\/\/nautipescas.pt\/wp-content\/uploads\/2023\/03\/carreto-okuma-jaw-55-pesca-barrento.jpg\",\"width\":794,\"height\":794},{\"@type\":\"WebPage\",\"@id\":\"https:\/\/nautipescas.pt\/produto\/carreto-okuma-jaw-55\/#webpage\",\"url\":\"https:\/\/nautipescas.pt\/produto\/carreto-okuma-jaw-55\/\",\"name\":\"CARRETO OKUMA JAW 55 - Nautipescas\",\"isPartOf\":{\"@id\":\"https:\/\/nautipescas.pt\/#website\"},\"primaryImageOfPage\":{\"@id\":\"https:\/\/nautipescas.pt\/produto\/carreto-okuma-jaw-55\/#primaryimage\"},\"datePublished\":\"2023-03-02T12:02:43+00:00\",\"dateModified\":\"2023-03-03T12:19:20+00:00\",\"breadcrumb\":{\"@id\":\"https:\/\/nautipescas.pt\/produto\/carreto-okuma-jaw-55\/#breadcrumb\"},\"inLanguage\":\"en-US\",\"potentialAction\":[{\"@type\":\"ReadAction\",\"target\":[\"https:\/\/nautipescas.pt\/produto\/carreto-okuma-jaw-55\/\"]}]},{\"@type\":\"BreadcrumbList\",\"@id\":\"https:\/\/nautipescas.pt\/produto\/carreto-okuma-jaw-55\/#breadcrumb\",\"itemListElement\":[{\"@type\":\"ListItem\",\"position\":1,\"name\":\"In\u00edcio\",\"item\":\"https:\/\/nautipescas.pt\/en\/\"},{\"@type\":\"ListItem\",\"position\":2,\"name\":\"Shop\",\"item\":\"https:\/\/nautipescas.pt\/en\/shop-fishing-store-near-me\/\"},{\"@type\":\"ListItem\",\"position\":3,\"name\":\"CARRETO OKUMA JAW 55\"}]}]}<\/script>\n<!-- \/ Yoast SEO plugin. -->","yoast_head_json":{"title":"CARRETO OKUMA JAW 55 - Nautipescas","robots":{"index":"index","follow":"follow","max-snippet":"max-snippet:-1","max-image-preview":"max-image-preview:large","max-video-preview":"max-video-preview:-1"},"canonical":"https:\/\/nautipescas.pt\/produto\/carreto-okuma-jaw-55\/","og_locale":"en_US","og_type":"article","og_title":"CARRETO OKUMA JAW 55 - Nautipescas","og_description":"O carreto Jaw 55 da Okuma \u00e9 um carreto indicado para quem pretende iniciar a pesca de embarcada, corrico e buldo. Este carreto apresenta o mais recente design de corpo da Okuma, tecnologia e for\u00e7a e vem equipado com com rolamentos de a\u00e7o inoxid\u00e1vel 3BB+1RB, CFR (Cyclonic Flow Rotor Technology). Esta \u00e9 a escolha ideal &hellip; Read More \"CARRETO OKUMA JAW 55\"","og_url":"https:\/\/nautipescas.pt\/produto\/carreto-okuma-jaw-55\/","og_site_name":"Nautipescas","article_modified_time":"2023-03-03T12:19:20+00:00","og_image":[{"width":794,"height":794,"url":"https:\/\/nautipescas.pt\/wp-content\/uploads\/2023\/03\/carreto-okuma-jaw-55-pesca-barrento.jpg","type":"image\/jpeg"}],"author":"Paulo Chaves","twitter_card":"summary_large_image","twitter_misc":{"Est. reading time":"1 minute"},"schema":{"@context":"https:\/\/schema.org","@graph":[{"@type":"WebSite","@id":"https:\/\/nautipescas.pt\/#website","url":"https:\/\/nautipescas.pt\/","name":"Nautipescas","description":"","potentialAction":[{"@type":"SearchAction","target":{"@type":"EntryPoint","urlTemplate":"https:\/\/nautipescas.pt\/?s={search_term_string}"},"query-input":"required name=search_term_string"}],"inLanguage":"en-US"},{"@type":"ImageObject","inLanguage":"en-US","@id":"https:\/\/nautipescas.pt\/produto\/carreto-okuma-jaw-55\/#primaryimage","url":"https:\/\/nautipescas.pt\/wp-content\/uploads\/2023\/03\/carreto-okuma-jaw-55-pesca-barrento.jpg","contentUrl":"https:\/\/nautipescas.pt\/wp-content\/uploads\/2023\/03\/carreto-okuma-jaw-55-pesca-barrento.jpg","width":794,"height":794},{"@type":"WebPage","@id":"https:\/\/nautipescas.pt\/produto\/carreto-okuma-jaw-55\/#webpage","url":"https:\/\/nautipescas.pt\/produto\/carreto-okuma-jaw-55\/","name":"CARRETO OKUMA JAW 55 - Nautipescas","isPartOf":{"@id":"https:\/\/nautipescas.pt\/#website"},"primaryImageOfPage":{"@id":"https:\/\/nautipescas.pt\/produto\/carreto-okuma-jaw-55\/#primaryimage"},"datePublished":"2023-03-02T12:02:43+00:00","dateModified":"2023-03-03T12:19:20+00:00","breadcrumb":{"@id":"https:\/\/nautipescas.pt\/produto\/carreto-okuma-jaw-55\/#breadcrumb"},"inLanguage":"en-US","potentialAction":[{"@type":"ReadAction","target":["https:\/\/nautipescas.pt\/produto\/carreto-okuma-jaw-55\/"]}]},{"@type":"BreadcrumbList","@id":"https:\/\/nautipescas.pt\/produto\/carreto-okuma-jaw-55\/#breadcrumb","itemListElement":[{"@type":"ListItem","position":1,"name":"In\u00edcio","item":"https:\/\/nautipescas.pt\/en\/"},{"@type":"ListItem","position":2,"name":"Shop","item":"https:\/\/nautipescas.pt\/en\/shop-fishing-store-near-me\/"},{"@type":"ListItem","position":3,"name":"CARRETO OKUMA JAW 55"}]}]}},"_links":{"self":[{"href":"https:\/\/nautipescas.pt\/en\/wp-json\/wp\/v2\/product\/4133","targetHints":{"allow":["GET"]}}],"collection":[{"href":"https:\/\/nautipescas.pt\/en\/wp-json\/wp\/v2\/product"}],"about":[{"href":"https:\/\/nautipescas.pt\/en\/wp-json\/wp\/v2\/types\/product"}],"wp:featuredmedia":[{"embeddable":true,"href":"https:\/\/nautipescas.pt\/en\/wp-json\/wp\/v2\/media\/4134"}],"wp:attachment":[{"href":"https:\/\/nautipescas.pt\/en\/wp-json\/wp\/v2\/media?parent=4133"}],"wp:term":[{"taxonomy":"product_cat","embeddable":true,"href":"https:\/\/nautipescas.pt\/en\/wp-json\/wp\/v2\/product_cat?post=4133"},{"taxonomy":"product_tag","embeddable":true,"href":"https:\/\/nautipescas.pt\/en\/wp-json\/wp\/v2\/product_tag?post=4133"},{"taxonomy":"marcas","embeddable":true,"href":"https:\/\/nautipescas.pt\/en\/wp-json\/wp\/v2\/marcas?post=4133"}],"curies":[{"name":"wp","href":"https:\/\/api.w.org\/{rel}","templated":true}]}}