{"id":4228,"date":"2023-03-02T14:18:48","date_gmt":"2023-03-02T14:18:48","guid":{"rendered":"https:\/\/nautipescas.pt\/?post_type=product&#038;p=4228"},"modified":"2025-10-22T11:14:09","modified_gmt":"2025-10-22T11:14:09","slug":"radio-vhf-navicom-rt750-v2-r-t-vhf-fixo-c-gps-incorporado","status":"publish","type":"product","link":"https:\/\/nautipescas.pt\/en\/produto\/radio-vhf-navicom-rt750-v2-r-t-vhf-fixo-c-gps-incorporado\/","title":{"rendered":"RADIO VHF NAVICOM RT750-V2 R\/T VHF FIXO C\/GPS INCORPORADO"},"content":{"rendered":"<p><span id=\"page705R_mcid16\" class=\"markedContent\"><span dir=\"ltr\" role=\"presentation\">Navicom RT-750V2 DSC<\/span><\/span><\/p>\n<p><span id=\"page705R_mcid20\" class=\"markedContent\"><span dir=\"ltr\" role=\"presentation\">Permite a realizar chamadas de emerg\u00eancia atrav\u00e9s do sistema DSC, incorporado.<\/span><\/span><span id=\"page705R_mcid21\" class=\"markedContent\"><br role=\"presentation\" \/><span dir=\"ltr\" role=\"presentation\">Quando ligado a um GPS a mensagem, inclui automaticamente informa\u00e7\u00e3o como a identifica\u00e7\u00e3o<\/span><\/span><span id=\"page705R_mcid22\" class=\"markedContent\"><br role=\"presentation\" \/><span dir=\"ltr\" role=\"presentation\">do barco, a posi\u00e7\u00e3o e hora da chamada, o que facilita ac\u00e7\u00f5es de salvamento.<\/span><\/span><span id=\"page705R_mcid23\" class=\"markedContent\"><br role=\"presentation\" \/><span dir=\"ltr\" role=\"presentation\">Grande ecr\u00e3 LCD monocrom\u00e1tico, com 8 n\u00edveis, com retroilumina\u00e7\u00e3o. Retroilumina\u00e7\u00e3o tamb\u00e9m do teclado.<\/span><\/span><span id=\"page705R_mcid24\" class=\"markedContent\"><br role=\"presentation\" \/><span dir=\"ltr\" role=\"presentation\">A unidade \u00e9 fornecida com um microfone de punho, com bot\u00f5es de comando incluindos<\/span><\/span><span id=\"page705R_mcid25\" class=\"markedContent\"><br role=\"presentation\" \/><span dir=\"ltr\" role=\"presentation\">uma tecla dedicada ao canal 16. Assim, atrav\u00e9s do microtelefone poder\u00e1 realizar<\/span><\/span><span id=\"page705R_mcid26\" class=\"markedContent\"><br role=\"presentation\" \/><span dir=\"ltr\" role=\"presentation\">opera\u00e7\u00f5es como, selec\u00e7\u00e3o da pot\u00eancia de transmiss\u00e3o (25\/1W) e escolha de canal.<\/span><\/span><span id=\"page705R_mcid27\" class=\"markedContent\"><br role=\"presentation\" \/><span dir=\"ltr\" role=\"presentation\">Dimens\u00f5es com suporte de fixa\u00e7\u00e3o inclin\u00e1vel: 180x91x55mm. Peso : 970 gr. Estanquicidade IPX7 na frente.<\/span><\/span><span id=\"page705R_mcid28\" class=\"markedContent\"><br role=\"presentation\" \/><span dir=\"ltr\" role=\"presentation\">&gt;Acesso a todos os 56 canais internacionais dispon\u00edveis , e at\u00e9 ao m\u00e1ximo de 60 privados.<\/span><\/span><span id=\"page705R_mcid29\" class=\"markedContent\"><br role=\"presentation\" \/><span dir=\"ltr\" role=\"presentation\">Escuta dupla e tripla. Satisfaz a nova Diretiva RED, da EU.<\/span> <span dir=\"ltr\" role=\"presentation\">Modos &#8220;FogHorn&#8221; e &#8220;Loud Hailer&#8221;.<\/span><\/span><span id=\"page705R_mcid30\" class=\"markedContent\"><br role=\"presentation\" \/><span dir=\"ltr\" role=\"presentation\">&gt;Bot\u00f5es rotativos para controlo do volume, selec\u00e7\u00e3o do canal e ligar\/desligar.<\/span><\/span><span id=\"page705R_mcid31\" class=\"markedContent\"><br role=\"presentation\" \/><span dir=\"ltr\" role=\"presentation\">&gt;Pot\u00eancia :25W\/1W . Pot\u00eancia \u00e1udio do altifalante incorporado : 4W\/8ohm. Conector p\/altifalante externo.<\/span><\/span><span id=\"page705R_mcid32\" class=\"markedContent\"><br role=\"presentation\" \/><span dir=\"ltr\" role=\"presentation\">&gt;Suporte ajust\u00e1vel para montagem do equipamento em v\u00e1rias condi\u00e7\u00f5es. Cabo NMEA (para a entradaNMEA0183).<\/span><\/span><span id=\"page705R_mcid33\" class=\"markedContent\"><br role=\"presentation\" \/><span dir=\"ltr\" role=\"presentation\">&gt;Kit de montagem para encastrar, opcional . Alimenta\u00e7\u00e3o 10,8 a 15,6 VDC<\/span><\/span><span id=\"page705R_mcid34\" class=\"markedContent\"><br role=\"presentation\" \/><span dir=\"ltr\" role=\"presentation\">Fun\u00e7\u00e3o MOB (Man-over-board\/Homem ao mar) : em caso de alguma queda \u00e0 \u00e1gua premido este bot\u00e3o fica<\/span><\/span><span id=\"page705R_mcid35\" class=\"markedContent\"><br role=\"presentation\" \/><span dir=\"ltr\" role=\"presentation\">imediatamente registada a posi\u00e7\u00e3o onde se deu a ocorr\u00eancia.<\/span><\/span><\/p>\n","protected":false},"excerpt":{"rendered":"<p>Navicom RT-750V2 DSC Permite a realizar chamadas de emerg\u00eancia atrav\u00e9s do sistema DSC, incorporado.Quando ligado a um GPS a mensagem, inclui automaticamente informa\u00e7\u00e3o como a identifica\u00e7\u00e3odo barco, a posi\u00e7\u00e3o e hora da chamada, o que facilita ac\u00e7\u00f5es de salvamento.Grande ecr\u00e3 LCD monocrom\u00e1tico, com 8 n\u00edveis, com retroilumina\u00e7\u00e3o. Retroilumina\u00e7\u00e3o tamb\u00e9m do teclado.A unidade \u00e9 fornecida com &hellip; <\/p>\n<p class=\"more-link-wrap\"><a href=\"https:\/\/nautipescas.pt\/en\/produto\/radio-vhf-navicom-rt750-v2-r-t-vhf-fixo-c-gps-incorporado\/\" class=\"more-link\"><span>Read More<span class=\"screen-reader-text\"> &#8220;RADIO VHF NAVICOM RT750-V2 R\/T VHF FIXO C\/GPS INCORPORADO&#8221;<\/span><\/span><\/a><\/p>\n","protected":false},"featured_media":4229,"template":"","meta":{"inline_featured_image":false},"product_cat":[153,250],"product_tag":[],"marcas":[],"class_list":["post-4228","product","type-product","status-publish","has-post-thumbnail","hentry","product_cat-eletronica-maritima","product_cat-vhf"],"acf":[],"yoast_head":"<!-- This site is optimized with the Yoast SEO plugin v19.2 - https:\/\/yoast.com\/wordpress\/plugins\/seo\/ -->\n<title>RADIO VHF NAVICOM RT750-V2 R\/T VHF FIXO C\/GPS INCORPORADO - Nautipescas<\/title>\n<meta name=\"robots\" content=\"index, follow, max-snippet:-1, max-image-preview:large, max-video-preview:-1\" \/>\n<link rel=\"canonical\" href=\"https:\/\/nautipescas.pt\/produto\/radio-vhf-navicom-rt750-v2-r-t-vhf-fixo-c-gps-incorporado\/\" \/>\n<meta property=\"og:locale\" content=\"en_US\" \/>\n<meta property=\"og:type\" content=\"article\" \/>\n<meta property=\"og:title\" content=\"RADIO VHF NAVICOM RT750-V2 R\/T VHF FIXO C\/GPS INCORPORADO - Nautipescas\" \/>\n<meta property=\"og:description\" content=\"Navicom RT-750V2 DSC Permite a realizar chamadas de emerg\u00eancia atrav\u00e9s do sistema DSC, incorporado.Quando ligado a um GPS a mensagem, inclui automaticamente informa\u00e7\u00e3o como a identifica\u00e7\u00e3odo barco, a posi\u00e7\u00e3o e hora da chamada, o que facilita ac\u00e7\u00f5es de salvamento.Grande ecr\u00e3 LCD monocrom\u00e1tico, com 8 n\u00edveis, com retroilumina\u00e7\u00e3o. Retroilumina\u00e7\u00e3o tamb\u00e9m do teclado.A unidade \u00e9 fornecida com &hellip; Read More &quot;RADIO VHF NAVICOM RT750-V2 R\/T VHF FIXO C\/GPS INCORPORADO&quot;\" \/>\n<meta property=\"og:url\" content=\"https:\/\/nautipescas.pt\/produto\/radio-vhf-navicom-rt750-v2-r-t-vhf-fixo-c-gps-incorporado\/\" \/>\n<meta property=\"og:site_name\" content=\"Nautipescas\" \/>\n<meta property=\"article:modified_time\" content=\"2025-10-22T11:14:09+00:00\" \/>\n<meta property=\"og:image\" content=\"https:\/\/nautipescas.pt\/wp-content\/uploads\/2023\/03\/2123492422.jpg\" \/>\n\t<meta property=\"og:image:width\" content=\"1500\" \/>\n\t<meta property=\"og:image:height\" content=\"1089\" \/>\n\t<meta property=\"og:image:type\" content=\"image\/jpeg\" \/>\n<meta name=\"author\" content=\"Paulo Chaves\" \/>\n<meta name=\"twitter:card\" content=\"summary_large_image\" \/>\n<meta name=\"twitter:label1\" content=\"Est. reading time\" \/>\n\t<meta name=\"twitter:data1\" content=\"1 minute\" \/>\n<script type=\"application\/ld+json\" class=\"yoast-schema-graph\">{\"@context\":\"https:\/\/schema.org\",\"@graph\":[{\"@type\":\"WebSite\",\"@id\":\"https:\/\/nautipescas.pt\/#website\",\"url\":\"https:\/\/nautipescas.pt\/\",\"name\":\"Nautipescas\",\"description\":\"\",\"potentialAction\":[{\"@type\":\"SearchAction\",\"target\":{\"@type\":\"EntryPoint\",\"urlTemplate\":\"https:\/\/nautipescas.pt\/?s={search_term_string}\"},\"query-input\":\"required name=search_term_string\"}],\"inLanguage\":\"en-US\"},{\"@type\":\"ImageObject\",\"inLanguage\":\"en-US\",\"@id\":\"https:\/\/nautipescas.pt\/produto\/radio-vhf-navicom-rt750-v2-r-t-vhf-fixo-c-gps-incorporado\/#primaryimage\",\"url\":\"https:\/\/nautipescas.pt\/wp-content\/uploads\/2023\/03\/2123492422.jpg\",\"contentUrl\":\"https:\/\/nautipescas.pt\/wp-content\/uploads\/2023\/03\/2123492422.jpg\",\"width\":1500,\"height\":1089},{\"@type\":\"WebPage\",\"@id\":\"https:\/\/nautipescas.pt\/produto\/radio-vhf-navicom-rt750-v2-r-t-vhf-fixo-c-gps-incorporado\/#webpage\",\"url\":\"https:\/\/nautipescas.pt\/produto\/radio-vhf-navicom-rt750-v2-r-t-vhf-fixo-c-gps-incorporado\/\",\"name\":\"RADIO VHF NAVICOM RT750-V2 R\/T VHF FIXO C\/GPS INCORPORADO - Nautipescas\",\"isPartOf\":{\"@id\":\"https:\/\/nautipescas.pt\/#website\"},\"primaryImageOfPage\":{\"@id\":\"https:\/\/nautipescas.pt\/produto\/radio-vhf-navicom-rt750-v2-r-t-vhf-fixo-c-gps-incorporado\/#primaryimage\"},\"datePublished\":\"2023-03-02T14:18:48+00:00\",\"dateModified\":\"2025-10-22T11:14:09+00:00\",\"breadcrumb\":{\"@id\":\"https:\/\/nautipescas.pt\/produto\/radio-vhf-navicom-rt750-v2-r-t-vhf-fixo-c-gps-incorporado\/#breadcrumb\"},\"inLanguage\":\"en-US\",\"potentialAction\":[{\"@type\":\"ReadAction\",\"target\":[\"https:\/\/nautipescas.pt\/produto\/radio-vhf-navicom-rt750-v2-r-t-vhf-fixo-c-gps-incorporado\/\"]}]},{\"@type\":\"BreadcrumbList\",\"@id\":\"https:\/\/nautipescas.pt\/produto\/radio-vhf-navicom-rt750-v2-r-t-vhf-fixo-c-gps-incorporado\/#breadcrumb\",\"itemListElement\":[{\"@type\":\"ListItem\",\"position\":1,\"name\":\"In\u00edcio\",\"item\":\"https:\/\/nautipescas.pt\/en\/\"},{\"@type\":\"ListItem\",\"position\":2,\"name\":\"Shop\",\"item\":\"https:\/\/nautipescas.pt\/en\/shop-fishing-store-near-me\/\"},{\"@type\":\"ListItem\",\"position\":3,\"name\":\"RADIO VHF NAVICOM RT750-V2 R\/T VHF FIXO C\/GPS INCORPORADO\"}]}]}<\/script>\n<!-- \/ Yoast SEO plugin. -->","yoast_head_json":{"title":"RADIO VHF NAVICOM RT750-V2 R\/T VHF FIXO C\/GPS INCORPORADO - Nautipescas","robots":{"index":"index","follow":"follow","max-snippet":"max-snippet:-1","max-image-preview":"max-image-preview:large","max-video-preview":"max-video-preview:-1"},"canonical":"https:\/\/nautipescas.pt\/produto\/radio-vhf-navicom-rt750-v2-r-t-vhf-fixo-c-gps-incorporado\/","og_locale":"en_US","og_type":"article","og_title":"RADIO VHF NAVICOM RT750-V2 R\/T VHF FIXO C\/GPS INCORPORADO - Nautipescas","og_description":"Navicom RT-750V2 DSC Permite a realizar chamadas de emerg\u00eancia atrav\u00e9s do sistema DSC, incorporado.Quando ligado a um GPS a mensagem, inclui automaticamente informa\u00e7\u00e3o como a identifica\u00e7\u00e3odo barco, a posi\u00e7\u00e3o e hora da chamada, o que facilita ac\u00e7\u00f5es de salvamento.Grande ecr\u00e3 LCD monocrom\u00e1tico, com 8 n\u00edveis, com retroilumina\u00e7\u00e3o. Retroilumina\u00e7\u00e3o tamb\u00e9m do teclado.A unidade \u00e9 fornecida com &hellip; Read More \"RADIO VHF NAVICOM RT750-V2 R\/T VHF FIXO C\/GPS INCORPORADO\"","og_url":"https:\/\/nautipescas.pt\/produto\/radio-vhf-navicom-rt750-v2-r-t-vhf-fixo-c-gps-incorporado\/","og_site_name":"Nautipescas","article_modified_time":"2025-10-22T11:14:09+00:00","og_image":[{"width":1500,"height":1089,"url":"https:\/\/nautipescas.pt\/wp-content\/uploads\/2023\/03\/2123492422.jpg","type":"image\/jpeg"}],"author":"Paulo Chaves","twitter_card":"summary_large_image","twitter_misc":{"Est. reading time":"1 minute"},"schema":{"@context":"https:\/\/schema.org","@graph":[{"@type":"WebSite","@id":"https:\/\/nautipescas.pt\/#website","url":"https:\/\/nautipescas.pt\/","name":"Nautipescas","description":"","potentialAction":[{"@type":"SearchAction","target":{"@type":"EntryPoint","urlTemplate":"https:\/\/nautipescas.pt\/?s={search_term_string}"},"query-input":"required name=search_term_string"}],"inLanguage":"en-US"},{"@type":"ImageObject","inLanguage":"en-US","@id":"https:\/\/nautipescas.pt\/produto\/radio-vhf-navicom-rt750-v2-r-t-vhf-fixo-c-gps-incorporado\/#primaryimage","url":"https:\/\/nautipescas.pt\/wp-content\/uploads\/2023\/03\/2123492422.jpg","contentUrl":"https:\/\/nautipescas.pt\/wp-content\/uploads\/2023\/03\/2123492422.jpg","width":1500,"height":1089},{"@type":"WebPage","@id":"https:\/\/nautipescas.pt\/produto\/radio-vhf-navicom-rt750-v2-r-t-vhf-fixo-c-gps-incorporado\/#webpage","url":"https:\/\/nautipescas.pt\/produto\/radio-vhf-navicom-rt750-v2-r-t-vhf-fixo-c-gps-incorporado\/","name":"RADIO VHF NAVICOM RT750-V2 R\/T VHF FIXO C\/GPS INCORPORADO - Nautipescas","isPartOf":{"@id":"https:\/\/nautipescas.pt\/#website"},"primaryImageOfPage":{"@id":"https:\/\/nautipescas.pt\/produto\/radio-vhf-navicom-rt750-v2-r-t-vhf-fixo-c-gps-incorporado\/#primaryimage"},"datePublished":"2023-03-02T14:18:48+00:00","dateModified":"2025-10-22T11:14:09+00:00","breadcrumb":{"@id":"https:\/\/nautipescas.pt\/produto\/radio-vhf-navicom-rt750-v2-r-t-vhf-fixo-c-gps-incorporado\/#breadcrumb"},"inLanguage":"en-US","potentialAction":[{"@type":"ReadAction","target":["https:\/\/nautipescas.pt\/produto\/radio-vhf-navicom-rt750-v2-r-t-vhf-fixo-c-gps-incorporado\/"]}]},{"@type":"BreadcrumbList","@id":"https:\/\/nautipescas.pt\/produto\/radio-vhf-navicom-rt750-v2-r-t-vhf-fixo-c-gps-incorporado\/#breadcrumb","itemListElement":[{"@type":"ListItem","position":1,"name":"In\u00edcio","item":"https:\/\/nautipescas.pt\/en\/"},{"@type":"ListItem","position":2,"name":"Shop","item":"https:\/\/nautipescas.pt\/en\/shop-fishing-store-near-me\/"},{"@type":"ListItem","position":3,"name":"RADIO VHF NAVICOM RT750-V2 R\/T VHF FIXO C\/GPS INCORPORADO"}]}]}},"_links":{"self":[{"href":"https:\/\/nautipescas.pt\/en\/wp-json\/wp\/v2\/product\/4228","targetHints":{"allow":["GET"]}}],"collection":[{"href":"https:\/\/nautipescas.pt\/en\/wp-json\/wp\/v2\/product"}],"about":[{"href":"https:\/\/nautipescas.pt\/en\/wp-json\/wp\/v2\/types\/product"}],"wp:featuredmedia":[{"embeddable":true,"href":"https:\/\/nautipescas.pt\/en\/wp-json\/wp\/v2\/media\/4229"}],"wp:attachment":[{"href":"https:\/\/nautipescas.pt\/en\/wp-json\/wp\/v2\/media?parent=4228"}],"wp:term":[{"taxonomy":"product_cat","embeddable":true,"href":"https:\/\/nautipescas.pt\/en\/wp-json\/wp\/v2\/product_cat?post=4228"},{"taxonomy":"product_tag","embeddable":true,"href":"https:\/\/nautipescas.pt\/en\/wp-json\/wp\/v2\/product_tag?post=4228"},{"taxonomy":"marcas","embeddable":true,"href":"https:\/\/nautipescas.pt\/en\/wp-json\/wp\/v2\/marcas?post=4228"}],"curies":[{"name":"wp","href":"https:\/\/api.w.org\/{rel}","templated":true}]}}