{"id":4332,"date":"2023-03-02T18:24:56","date_gmt":"2023-03-02T18:24:56","guid":{"rendered":"https:\/\/nautipescas.pt\/?post_type=product&#038;p=4332"},"modified":"2023-03-08T14:27:15","modified_gmt":"2023-03-08T14:27:15","slug":"bota-kali-ness-competicao","status":"publish","type":"product","link":"https:\/\/nautipescas.pt\/en\/produto\/bota-kali-ness-competicao\/","title":{"rendered":"BOTA KALI NESS COMPETI\u00c7\u00c3O"},"content":{"rendered":"<div class=\"col-xs-12 no-padding product-title\">DESCRI\u00c7\u00c3O<\/div>\n<div class=\"col-xs-12 no-padding product-description\">\n<p>Botas de neoprene desenvolvidas especialmente para pesca. Bota com sola de borracha grossa, biqueira e laterais com refor\u00e7o de borracha. Apetrechada com uma tira de neoprene em velcro para ajustar a bota a perna.<\/p>\n<p>Dispon\u00edvel em v\u00e1rios tamanhos.<\/p>\n<\/div>\n","protected":false},"excerpt":{"rendered":"<p>DESCRI\u00c7\u00c3O Botas de neoprene desenvolvidas especialmente para pesca. Bota com sola de borracha grossa, biqueira e laterais com refor\u00e7o de borracha. Apetrechada com uma tira de neoprene em velcro para ajustar a bota a perna. Dispon\u00edvel em v\u00e1rios tamanhos.<\/p>\n","protected":false},"featured_media":4333,"template":"","meta":{"inline_featured_image":false},"product_cat":[148,251],"product_tag":[],"marcas":[],"class_list":["post-4332","product","type-product","status-publish","has-post-thumbnail","hentry","product_cat-pesca","product_cat-roupas-sapatos-bones"],"acf":[],"yoast_head":"<!-- This site is optimized with the Yoast SEO plugin v19.2 - https:\/\/yoast.com\/wordpress\/plugins\/seo\/ -->\n<title>BOTA KALI NESS COMPETI\u00c7\u00c3O - Nautipescas<\/title>\n<meta name=\"robots\" content=\"index, follow, max-snippet:-1, max-image-preview:large, max-video-preview:-1\" \/>\n<link rel=\"canonical\" href=\"https:\/\/nautipescas.pt\/produto\/bota-kali-ness-competicao\/\" \/>\n<meta property=\"og:locale\" content=\"en_US\" \/>\n<meta property=\"og:type\" content=\"article\" \/>\n<meta property=\"og:title\" content=\"BOTA KALI NESS COMPETI\u00c7\u00c3O - Nautipescas\" \/>\n<meta property=\"og:description\" content=\"DESCRI\u00c7\u00c3O Botas de neoprene desenvolvidas especialmente para pesca. Bota com sola de borracha grossa, biqueira e laterais com refor\u00e7o de borracha. Apetrechada com uma tira de neoprene em velcro para ajustar a bota a perna. Dispon\u00edvel em v\u00e1rios tamanhos.\" \/>\n<meta property=\"og:url\" content=\"https:\/\/nautipescas.pt\/produto\/bota-kali-ness-competicao\/\" \/>\n<meta property=\"og:site_name\" content=\"Nautipescas\" \/>\n<meta property=\"article:modified_time\" content=\"2023-03-08T14:27:15+00:00\" \/>\n<meta property=\"og:image\" content=\"https:\/\/nautipescas.pt\/wp-content\/uploads\/2023\/03\/kali-kunnan-botas-competition.jpg\" \/>\n\t<meta property=\"og:image:width\" content=\"1100\" \/>\n\t<meta property=\"og:image:height\" content=\"1422\" \/>\n\t<meta property=\"og:image:type\" content=\"image\/jpeg\" \/>\n<meta name=\"author\" content=\"Paulo Chaves\" \/>\n<meta name=\"twitter:card\" content=\"summary_large_image\" \/>\n<script type=\"application\/ld+json\" class=\"yoast-schema-graph\">{\"@context\":\"https:\/\/schema.org\",\"@graph\":[{\"@type\":\"WebSite\",\"@id\":\"https:\/\/nautipescas.pt\/#website\",\"url\":\"https:\/\/nautipescas.pt\/\",\"name\":\"Nautipescas\",\"description\":\"\",\"potentialAction\":[{\"@type\":\"SearchAction\",\"target\":{\"@type\":\"EntryPoint\",\"urlTemplate\":\"https:\/\/nautipescas.pt\/?s={search_term_string}\"},\"query-input\":\"required name=search_term_string\"}],\"inLanguage\":\"en-US\"},{\"@type\":\"ImageObject\",\"inLanguage\":\"en-US\",\"@id\":\"https:\/\/nautipescas.pt\/produto\/bota-kali-ness-competicao\/#primaryimage\",\"url\":\"https:\/\/nautipescas.pt\/wp-content\/uploads\/2023\/03\/kali-kunnan-botas-competition.jpg\",\"contentUrl\":\"https:\/\/nautipescas.pt\/wp-content\/uploads\/2023\/03\/kali-kunnan-botas-competition.jpg\",\"width\":1100,\"height\":1422},{\"@type\":\"WebPage\",\"@id\":\"https:\/\/nautipescas.pt\/produto\/bota-kali-ness-competicao\/#webpage\",\"url\":\"https:\/\/nautipescas.pt\/produto\/bota-kali-ness-competicao\/\",\"name\":\"BOTA KALI NESS COMPETI\u00c7\u00c3O - Nautipescas\",\"isPartOf\":{\"@id\":\"https:\/\/nautipescas.pt\/#website\"},\"primaryImageOfPage\":{\"@id\":\"https:\/\/nautipescas.pt\/produto\/bota-kali-ness-competicao\/#primaryimage\"},\"datePublished\":\"2023-03-02T18:24:56+00:00\",\"dateModified\":\"2023-03-08T14:27:15+00:00\",\"breadcrumb\":{\"@id\":\"https:\/\/nautipescas.pt\/produto\/bota-kali-ness-competicao\/#breadcrumb\"},\"inLanguage\":\"en-US\",\"potentialAction\":[{\"@type\":\"ReadAction\",\"target\":[\"https:\/\/nautipescas.pt\/produto\/bota-kali-ness-competicao\/\"]}]},{\"@type\":\"BreadcrumbList\",\"@id\":\"https:\/\/nautipescas.pt\/produto\/bota-kali-ness-competicao\/#breadcrumb\",\"itemListElement\":[{\"@type\":\"ListItem\",\"position\":1,\"name\":\"In\u00edcio\",\"item\":\"https:\/\/nautipescas.pt\/en\/\"},{\"@type\":\"ListItem\",\"position\":2,\"name\":\"Shop\",\"item\":\"https:\/\/nautipescas.pt\/en\/shop-fishing-store-near-me\/\"},{\"@type\":\"ListItem\",\"position\":3,\"name\":\"BOTA KALI NESS COMPETI\u00c7\u00c3O\"}]}]}<\/script>\n<!-- \/ Yoast SEO plugin. -->","yoast_head_json":{"title":"BOTA KALI NESS COMPETI\u00c7\u00c3O - Nautipescas","robots":{"index":"index","follow":"follow","max-snippet":"max-snippet:-1","max-image-preview":"max-image-preview:large","max-video-preview":"max-video-preview:-1"},"canonical":"https:\/\/nautipescas.pt\/produto\/bota-kali-ness-competicao\/","og_locale":"en_US","og_type":"article","og_title":"BOTA KALI NESS COMPETI\u00c7\u00c3O - Nautipescas","og_description":"DESCRI\u00c7\u00c3O Botas de neoprene desenvolvidas especialmente para pesca. Bota com sola de borracha grossa, biqueira e laterais com refor\u00e7o de borracha. Apetrechada com uma tira de neoprene em velcro para ajustar a bota a perna. Dispon\u00edvel em v\u00e1rios tamanhos.","og_url":"https:\/\/nautipescas.pt\/produto\/bota-kali-ness-competicao\/","og_site_name":"Nautipescas","article_modified_time":"2023-03-08T14:27:15+00:00","og_image":[{"width":1100,"height":1422,"url":"https:\/\/nautipescas.pt\/wp-content\/uploads\/2023\/03\/kali-kunnan-botas-competition.jpg","type":"image\/jpeg"}],"author":"Paulo Chaves","twitter_card":"summary_large_image","schema":{"@context":"https:\/\/schema.org","@graph":[{"@type":"WebSite","@id":"https:\/\/nautipescas.pt\/#website","url":"https:\/\/nautipescas.pt\/","name":"Nautipescas","description":"","potentialAction":[{"@type":"SearchAction","target":{"@type":"EntryPoint","urlTemplate":"https:\/\/nautipescas.pt\/?s={search_term_string}"},"query-input":"required name=search_term_string"}],"inLanguage":"en-US"},{"@type":"ImageObject","inLanguage":"en-US","@id":"https:\/\/nautipescas.pt\/produto\/bota-kali-ness-competicao\/#primaryimage","url":"https:\/\/nautipescas.pt\/wp-content\/uploads\/2023\/03\/kali-kunnan-botas-competition.jpg","contentUrl":"https:\/\/nautipescas.pt\/wp-content\/uploads\/2023\/03\/kali-kunnan-botas-competition.jpg","width":1100,"height":1422},{"@type":"WebPage","@id":"https:\/\/nautipescas.pt\/produto\/bota-kali-ness-competicao\/#webpage","url":"https:\/\/nautipescas.pt\/produto\/bota-kali-ness-competicao\/","name":"BOTA KALI NESS COMPETI\u00c7\u00c3O - Nautipescas","isPartOf":{"@id":"https:\/\/nautipescas.pt\/#website"},"primaryImageOfPage":{"@id":"https:\/\/nautipescas.pt\/produto\/bota-kali-ness-competicao\/#primaryimage"},"datePublished":"2023-03-02T18:24:56+00:00","dateModified":"2023-03-08T14:27:15+00:00","breadcrumb":{"@id":"https:\/\/nautipescas.pt\/produto\/bota-kali-ness-competicao\/#breadcrumb"},"inLanguage":"en-US","potentialAction":[{"@type":"ReadAction","target":["https:\/\/nautipescas.pt\/produto\/bota-kali-ness-competicao\/"]}]},{"@type":"BreadcrumbList","@id":"https:\/\/nautipescas.pt\/produto\/bota-kali-ness-competicao\/#breadcrumb","itemListElement":[{"@type":"ListItem","position":1,"name":"In\u00edcio","item":"https:\/\/nautipescas.pt\/en\/"},{"@type":"ListItem","position":2,"name":"Shop","item":"https:\/\/nautipescas.pt\/en\/shop-fishing-store-near-me\/"},{"@type":"ListItem","position":3,"name":"BOTA KALI NESS COMPETI\u00c7\u00c3O"}]}]}},"_links":{"self":[{"href":"https:\/\/nautipescas.pt\/en\/wp-json\/wp\/v2\/product\/4332","targetHints":{"allow":["GET"]}}],"collection":[{"href":"https:\/\/nautipescas.pt\/en\/wp-json\/wp\/v2\/product"}],"about":[{"href":"https:\/\/nautipescas.pt\/en\/wp-json\/wp\/v2\/types\/product"}],"wp:featuredmedia":[{"embeddable":true,"href":"https:\/\/nautipescas.pt\/en\/wp-json\/wp\/v2\/media\/4333"}],"wp:attachment":[{"href":"https:\/\/nautipescas.pt\/en\/wp-json\/wp\/v2\/media?parent=4332"}],"wp:term":[{"taxonomy":"product_cat","embeddable":true,"href":"https:\/\/nautipescas.pt\/en\/wp-json\/wp\/v2\/product_cat?post=4332"},{"taxonomy":"product_tag","embeddable":true,"href":"https:\/\/nautipescas.pt\/en\/wp-json\/wp\/v2\/product_tag?post=4332"},{"taxonomy":"marcas","embeddable":true,"href":"https:\/\/nautipescas.pt\/en\/wp-json\/wp\/v2\/marcas?post=4332"}],"curies":[{"name":"wp","href":"https:\/\/api.w.org\/{rel}","templated":true}]}}