{"id":4418,"date":"2023-03-03T14:41:52","date_gmt":"2023-03-03T14:41:52","guid":{"rendered":"https:\/\/nautipescas.pt\/?post_type=product&#038;p=4418"},"modified":"2025-10-16T16:55:29","modified_gmt":"2025-10-16T16:55:29","slug":"carreto-daiwa-bg-rr-lt-6000-d-ark","status":"publish","type":"product","link":"https:\/\/nautipescas.pt\/en\/produto\/carreto-daiwa-bg-rr-lt-6000-d-ark\/","title":{"rendered":"CARRETO DAIWA BG RR LT 6000 D ARK"},"content":{"rendered":"<p>O BG LT RR ARK \u00e9 um carreto robusto dotado de um corpo em alum\u00ednio.<br \/>\nA sua enorme roda-de-coroa Tough Digigear e o seu Air Rotor em arco oferecem uma rota\u00e7\u00e3o fluida e precisa.<br \/>\nEst\u00e1 equipado com um drag de carbono ATD de \u00faltima gera\u00e7\u00e3o para dominar os combates na perfei\u00e7\u00e3o.<br \/>\nO tamanho 6000 \u00e9 ideal para pesca de b\u00f3ia pesca embarcada.<\/p>\n<p>Caracter\u00edsticas:<br \/>\nDrag com tecnologia ATD com discos carbono<br \/>\nRolamentos : 5 + 1<br \/>\nCorpo alum\u00ednio e Air Rotor em policarbonato DS4<br \/>\nBobina em alum\u00ednio forjado<br \/>\nEnrolamento por espiras cruzadas<br \/>\nManivela monobloco em alum\u00ednio roscada no corpo com pega de combate redonda em alum\u00ednio.<\/p>\n<p>Ficha T\u00e9cnica:<br \/>\nModelo: BG RR LT 6000D-H-ARK<br \/>\nTamanho: 6000<br \/>\nRatio: 5.7:1<br \/>\nCapacidade: nylon 0.43mm \u2013 150mt | braid 0.24mm \u2013 300mt<br \/>\nRecolha por volta: 101cm<br \/>\nDrag: 12kg<br \/>\nRolamentos: 5+1<br \/>\nPeso: 390g<\/p>\n","protected":false},"excerpt":{"rendered":"<p>O BG LT RR ARK \u00e9 um carreto robusto dotado de um corpo em alum\u00ednio. A sua enorme roda-de-coroa Tough Digigear e o seu Air Rotor em arco oferecem uma rota\u00e7\u00e3o fluida e precisa. Est\u00e1 equipado com um drag de carbono ATD de \u00faltima gera\u00e7\u00e3o para dominar os combates na perfei\u00e7\u00e3o. O tamanho 6000 \u00e9 &hellip; <\/p>\n<p class=\"more-link-wrap\"><a href=\"https:\/\/nautipescas.pt\/en\/produto\/carreto-daiwa-bg-rr-lt-6000-d-ark\/\" class=\"more-link\"><span>Read More<span class=\"screen-reader-text\"> &#8220;CARRETO DAIWA BG RR LT 6000 D ARK&#8221;<\/span><\/span><\/a><\/p>\n","protected":false},"featured_media":4419,"template":"","meta":{"inline_featured_image":false},"product_cat":[195,168,148],"product_tag":[],"marcas":[131],"class_list":["post-4418","product","type-product","status-publish","has-post-thumbnail","hentry","product_cat-carretos","product_cat-carretos-spinning","product_cat-pesca","marcas-daiwa"],"acf":[],"yoast_head":"<!-- This site is optimized with the Yoast SEO plugin v19.2 - https:\/\/yoast.com\/wordpress\/plugins\/seo\/ -->\n<title>CARRETO DAIWA BG RR LT 6000 D ARK - Nautipescas<\/title>\n<meta name=\"robots\" content=\"index, follow, max-snippet:-1, max-image-preview:large, max-video-preview:-1\" \/>\n<link rel=\"canonical\" href=\"https:\/\/nautipescas.pt\/produto\/carreto-daiwa-bg-rr-lt-6000-d-ark\/\" \/>\n<meta property=\"og:locale\" content=\"en_US\" \/>\n<meta property=\"og:type\" content=\"article\" \/>\n<meta property=\"og:title\" content=\"CARRETO DAIWA BG RR LT 6000 D ARK - Nautipescas\" \/>\n<meta property=\"og:description\" content=\"O BG LT RR ARK \u00e9 um carreto robusto dotado de um corpo em alum\u00ednio. A sua enorme roda-de-coroa Tough Digigear e o seu Air Rotor em arco oferecem uma rota\u00e7\u00e3o fluida e precisa. Est\u00e1 equipado com um drag de carbono ATD de \u00faltima gera\u00e7\u00e3o para dominar os combates na perfei\u00e7\u00e3o. O tamanho 6000 \u00e9 &hellip; Read More &quot;CARRETO DAIWA BG RR LT 6000 D ARK&quot;\" \/>\n<meta property=\"og:url\" content=\"https:\/\/nautipescas.pt\/produto\/carreto-daiwa-bg-rr-lt-6000-d-ark\/\" \/>\n<meta property=\"og:site_name\" content=\"Nautipescas\" \/>\n<meta property=\"article:modified_time\" content=\"2025-10-16T16:55:29+00:00\" \/>\n<meta property=\"og:image\" content=\"https:\/\/nautipescas.pt\/wp-content\/uploads\/2023\/03\/carreto-daiwa-BG-RR-LT-Pesca-Barrento.jpg\" \/>\n\t<meta property=\"og:image:width\" content=\"1000\" \/>\n\t<meta property=\"og:image:height\" content=\"1000\" \/>\n\t<meta property=\"og:image:type\" content=\"image\/jpeg\" \/>\n<meta name=\"author\" content=\"Paulo Chaves\" \/>\n<meta name=\"twitter:card\" content=\"summary_large_image\" \/>\n<meta name=\"twitter:label1\" content=\"Est. reading time\" \/>\n\t<meta name=\"twitter:data1\" content=\"1 minute\" \/>\n<script type=\"application\/ld+json\" class=\"yoast-schema-graph\">{\"@context\":\"https:\/\/schema.org\",\"@graph\":[{\"@type\":\"WebSite\",\"@id\":\"https:\/\/nautipescas.pt\/#website\",\"url\":\"https:\/\/nautipescas.pt\/\",\"name\":\"Nautipescas\",\"description\":\"\",\"potentialAction\":[{\"@type\":\"SearchAction\",\"target\":{\"@type\":\"EntryPoint\",\"urlTemplate\":\"https:\/\/nautipescas.pt\/?s={search_term_string}\"},\"query-input\":\"required name=search_term_string\"}],\"inLanguage\":\"en-US\"},{\"@type\":\"ImageObject\",\"inLanguage\":\"en-US\",\"@id\":\"https:\/\/nautipescas.pt\/produto\/carreto-daiwa-bg-rr-lt-6000-d-ark\/#primaryimage\",\"url\":\"https:\/\/nautipescas.pt\/wp-content\/uploads\/2023\/03\/carreto-daiwa-BG-RR-LT-Pesca-Barrento.jpg\",\"contentUrl\":\"https:\/\/nautipescas.pt\/wp-content\/uploads\/2023\/03\/carreto-daiwa-BG-RR-LT-Pesca-Barrento.jpg\",\"width\":1000,\"height\":1000},{\"@type\":\"WebPage\",\"@id\":\"https:\/\/nautipescas.pt\/produto\/carreto-daiwa-bg-rr-lt-6000-d-ark\/#webpage\",\"url\":\"https:\/\/nautipescas.pt\/produto\/carreto-daiwa-bg-rr-lt-6000-d-ark\/\",\"name\":\"CARRETO DAIWA BG RR LT 6000 D ARK - Nautipescas\",\"isPartOf\":{\"@id\":\"https:\/\/nautipescas.pt\/#website\"},\"primaryImageOfPage\":{\"@id\":\"https:\/\/nautipescas.pt\/produto\/carreto-daiwa-bg-rr-lt-6000-d-ark\/#primaryimage\"},\"datePublished\":\"2023-03-03T14:41:52+00:00\",\"dateModified\":\"2025-10-16T16:55:29+00:00\",\"breadcrumb\":{\"@id\":\"https:\/\/nautipescas.pt\/produto\/carreto-daiwa-bg-rr-lt-6000-d-ark\/#breadcrumb\"},\"inLanguage\":\"en-US\",\"potentialAction\":[{\"@type\":\"ReadAction\",\"target\":[\"https:\/\/nautipescas.pt\/produto\/carreto-daiwa-bg-rr-lt-6000-d-ark\/\"]}]},{\"@type\":\"BreadcrumbList\",\"@id\":\"https:\/\/nautipescas.pt\/produto\/carreto-daiwa-bg-rr-lt-6000-d-ark\/#breadcrumb\",\"itemListElement\":[{\"@type\":\"ListItem\",\"position\":1,\"name\":\"In\u00edcio\",\"item\":\"https:\/\/nautipescas.pt\/en\/\"},{\"@type\":\"ListItem\",\"position\":2,\"name\":\"Shop\",\"item\":\"https:\/\/nautipescas.pt\/en\/shop-fishing-store-near-me\/\"},{\"@type\":\"ListItem\",\"position\":3,\"name\":\"CARRETO DAIWA BG RR LT 6000 D ARK\"}]}]}<\/script>\n<!-- \/ Yoast SEO plugin. -->","yoast_head_json":{"title":"CARRETO DAIWA BG RR LT 6000 D ARK - Nautipescas","robots":{"index":"index","follow":"follow","max-snippet":"max-snippet:-1","max-image-preview":"max-image-preview:large","max-video-preview":"max-video-preview:-1"},"canonical":"https:\/\/nautipescas.pt\/produto\/carreto-daiwa-bg-rr-lt-6000-d-ark\/","og_locale":"en_US","og_type":"article","og_title":"CARRETO DAIWA BG RR LT 6000 D ARK - Nautipescas","og_description":"O BG LT RR ARK \u00e9 um carreto robusto dotado de um corpo em alum\u00ednio. A sua enorme roda-de-coroa Tough Digigear e o seu Air Rotor em arco oferecem uma rota\u00e7\u00e3o fluida e precisa. Est\u00e1 equipado com um drag de carbono ATD de \u00faltima gera\u00e7\u00e3o para dominar os combates na perfei\u00e7\u00e3o. O tamanho 6000 \u00e9 &hellip; Read More \"CARRETO DAIWA BG RR LT 6000 D ARK\"","og_url":"https:\/\/nautipescas.pt\/produto\/carreto-daiwa-bg-rr-lt-6000-d-ark\/","og_site_name":"Nautipescas","article_modified_time":"2025-10-16T16:55:29+00:00","og_image":[{"width":1000,"height":1000,"url":"https:\/\/nautipescas.pt\/wp-content\/uploads\/2023\/03\/carreto-daiwa-BG-RR-LT-Pesca-Barrento.jpg","type":"image\/jpeg"}],"author":"Paulo Chaves","twitter_card":"summary_large_image","twitter_misc":{"Est. reading time":"1 minute"},"schema":{"@context":"https:\/\/schema.org","@graph":[{"@type":"WebSite","@id":"https:\/\/nautipescas.pt\/#website","url":"https:\/\/nautipescas.pt\/","name":"Nautipescas","description":"","potentialAction":[{"@type":"SearchAction","target":{"@type":"EntryPoint","urlTemplate":"https:\/\/nautipescas.pt\/?s={search_term_string}"},"query-input":"required name=search_term_string"}],"inLanguage":"en-US"},{"@type":"ImageObject","inLanguage":"en-US","@id":"https:\/\/nautipescas.pt\/produto\/carreto-daiwa-bg-rr-lt-6000-d-ark\/#primaryimage","url":"https:\/\/nautipescas.pt\/wp-content\/uploads\/2023\/03\/carreto-daiwa-BG-RR-LT-Pesca-Barrento.jpg","contentUrl":"https:\/\/nautipescas.pt\/wp-content\/uploads\/2023\/03\/carreto-daiwa-BG-RR-LT-Pesca-Barrento.jpg","width":1000,"height":1000},{"@type":"WebPage","@id":"https:\/\/nautipescas.pt\/produto\/carreto-daiwa-bg-rr-lt-6000-d-ark\/#webpage","url":"https:\/\/nautipescas.pt\/produto\/carreto-daiwa-bg-rr-lt-6000-d-ark\/","name":"CARRETO DAIWA BG RR LT 6000 D ARK - Nautipescas","isPartOf":{"@id":"https:\/\/nautipescas.pt\/#website"},"primaryImageOfPage":{"@id":"https:\/\/nautipescas.pt\/produto\/carreto-daiwa-bg-rr-lt-6000-d-ark\/#primaryimage"},"datePublished":"2023-03-03T14:41:52+00:00","dateModified":"2025-10-16T16:55:29+00:00","breadcrumb":{"@id":"https:\/\/nautipescas.pt\/produto\/carreto-daiwa-bg-rr-lt-6000-d-ark\/#breadcrumb"},"inLanguage":"en-US","potentialAction":[{"@type":"ReadAction","target":["https:\/\/nautipescas.pt\/produto\/carreto-daiwa-bg-rr-lt-6000-d-ark\/"]}]},{"@type":"BreadcrumbList","@id":"https:\/\/nautipescas.pt\/produto\/carreto-daiwa-bg-rr-lt-6000-d-ark\/#breadcrumb","itemListElement":[{"@type":"ListItem","position":1,"name":"In\u00edcio","item":"https:\/\/nautipescas.pt\/en\/"},{"@type":"ListItem","position":2,"name":"Shop","item":"https:\/\/nautipescas.pt\/en\/shop-fishing-store-near-me\/"},{"@type":"ListItem","position":3,"name":"CARRETO DAIWA BG RR LT 6000 D ARK"}]}]}},"_links":{"self":[{"href":"https:\/\/nautipescas.pt\/en\/wp-json\/wp\/v2\/product\/4418","targetHints":{"allow":["GET"]}}],"collection":[{"href":"https:\/\/nautipescas.pt\/en\/wp-json\/wp\/v2\/product"}],"about":[{"href":"https:\/\/nautipescas.pt\/en\/wp-json\/wp\/v2\/types\/product"}],"wp:featuredmedia":[{"embeddable":true,"href":"https:\/\/nautipescas.pt\/en\/wp-json\/wp\/v2\/media\/4419"}],"wp:attachment":[{"href":"https:\/\/nautipescas.pt\/en\/wp-json\/wp\/v2\/media?parent=4418"}],"wp:term":[{"taxonomy":"product_cat","embeddable":true,"href":"https:\/\/nautipescas.pt\/en\/wp-json\/wp\/v2\/product_cat?post=4418"},{"taxonomy":"product_tag","embeddable":true,"href":"https:\/\/nautipescas.pt\/en\/wp-json\/wp\/v2\/product_tag?post=4418"},{"taxonomy":"marcas","embeddable":true,"href":"https:\/\/nautipescas.pt\/en\/wp-json\/wp\/v2\/marcas?post=4418"}],"curies":[{"name":"wp","href":"https:\/\/api.w.org\/{rel}","templated":true}]}}