{"id":4467,"date":"2023-03-03T15:27:09","date_gmt":"2023-03-03T15:27:09","guid":{"rendered":"https:\/\/nautipescas.pt\/?post_type=product&#038;p=4467"},"modified":"2023-03-03T15:27:09","modified_gmt":"2023-03-03T15:27:09","slug":"carreto-daiwa-bg-mq-14000-h-ark","status":"publish","type":"product","link":"https:\/\/nautipescas.pt\/en\/produto\/carreto-daiwa-bg-mq-14000-h-ark\/","title":{"rendered":"CARRETO DAIWA BG MQ 14000 H ARK"},"content":{"rendered":"<div class=\"product-desc\">\n<p>O incontorn\u00e1vel carreto BG n\u00e3o p\u00e1ra de evoluir! Depois de ser equipado com a tecnologia Monocoque Body, ganha pot\u00eancia para afrontar com mais autoridade os maiores peixes gra\u00e7as \u00e0 sua nova pega ARK (Aluminium Round Knob). Pega de combate redonda em alum\u00ednio, aproveita as vantagens do drag ATD de \u00faltima gera\u00e7\u00e3o com discos de carbono e conduzir os combates dominados na perfei\u00e7\u00e3o.<\/p>\n<p>Carreto igualmente dispon\u00edvel nos tamanhos 8000, 10000, 14000, 18000 e 20.000.<\/p>\n<\/div>\n<ul class=\"product-specifications\">\n<li>Drag com tecnologia ATD com discos de carbono<\/li>\n<li>Rolamentos : 6 + 1<\/li>\n<li>Corpo alum\u00ednio e Air Rotor em policarbonato DS5<\/li>\n<li>Bobina em alum\u00ednio<\/li>\n<li>Enrolamento por espiras cruzadas<\/li>\n<li>Manivela em alum\u00ednio monoblocoo roscada no corpo. Pega de combate redonda em alum\u00ednio<\/li>\n<\/ul>\n<div class=\"row\">\n<div class=\"col-1_1 lg-1_2 product-technologies\">\n<h4 class=\"title\">Tecnologias<\/h4>\n<div class=\"row xcondensed\">\n<div class=\"col-1_4 sm-1_5 md-1_4 lg-1_3 xl-1_4\"><a class=\"open-techno-modal\" title=\"ATD Drag\" href=\"https:\/\/www.daiwa.pt\/tecnologias\/carretos\/atd-drag?ajax=1\" data-slug=\"atd-drag\"> <img decoding=\"async\" src=\"https:\/\/www.daiwa.pt\/uploads\/2016\/10\/frein-atd_100x60.jpg\" alt=\"\" width=\"100\" height=\"60\" \/> <\/a><\/div>\n<div class=\"col-1_4 sm-1_5 md-1_4 lg-1_3 xl-1_4\"><a class=\"open-techno-modal\" title=\"Air Rotor\" href=\"https:\/\/www.daiwa.pt\/tecnologias\/carretos\/air-rotor-2?ajax=1\" data-slug=\"air-rotor-2\"> <img decoding=\"async\" src=\"https:\/\/www.daiwa.pt\/uploads\/2016\/10\/air-rotor-1_100x60.jpg\" alt=\"\" width=\"100\" height=\"60\" \/> <\/a><\/div>\n<div class=\"col-1_4 sm-1_5 md-1_4 lg-1_3 xl-1_4\"><a class=\"open-techno-modal\" title=\"HardBodyz\" href=\"https:\/\/www.daiwa.pt\/tecnologias\/carretos\/hardbodyz-2?ajax=1\" data-slug=\"hardbodyz-2\"> <img decoding=\"async\" src=\"https:\/\/www.daiwa.pt\/uploads\/2016\/10\/hardbodyz_100x60.jpg\" alt=\"\" width=\"100\" height=\"60\" \/> <\/a><\/div>\n<div class=\"col-1_4 sm-1_5 md-1_4 lg-1_3 xl-1_4\"><a class=\"open-techno-modal\" title=\"Digigear II\" href=\"https:\/\/www.daiwa.pt\/tecnologias\/carretos\/digigear-ii-2?ajax=1\" data-slug=\"digigear-ii-2\"> <img decoding=\"async\" src=\"https:\/\/www.daiwa.pt\/uploads\/2016\/10\/digigear-ii-1_100x60.jpg\" alt=\"\" width=\"100\" height=\"60\" \/> <\/a><\/div>\n<div class=\"col-1_4 sm-1_5 md-1_4 lg-1_3 xl-1_4\"><a class=\"open-techno-modal\" title=\"Monocoque Body\" href=\"https:\/\/www.daiwa.pt\/tecnologias\/carretos\/monocoque-body-2?ajax=1\" data-slug=\"monocoque-body-2\"> <img decoding=\"async\" src=\"https:\/\/www.daiwa.pt\/uploads\/2016\/10\/monocoque-body_100x60.jpg\" alt=\"\" width=\"100\" height=\"60\" \/> <\/a><\/div>\n<div class=\"col-1_4 sm-1_5 md-1_4 lg-1_3 xl-1_4\"><a class=\"open-techno-modal\" title=\"Cross Wrap\" href=\"https:\/\/www.daiwa.pt\/tecnologias\/carretos\/cross-wrap-2?ajax=1\" data-slug=\"cross-wrap-2\"> <img decoding=\"async\" src=\"https:\/\/www.daiwa.pt\/uploads\/2016\/10\/cross-wrap_100x60.jpg\" alt=\"\" width=\"100\" height=\"60\" \/> <\/a><\/div>\n<div class=\"col-1_4 sm-1_5 md-1_4 lg-1_3 xl-1_4\"><a class=\"open-techno-modal\" title=\"Infinite Anti Reverse\" href=\"https:\/\/www.daiwa.pt\/tecnologias\/carretos\/infinite-anti-reverse-2?ajax=1\" data-slug=\"infinite-anti-reverse-2\"> <img decoding=\"async\" src=\"https:\/\/www.daiwa.pt\/uploads\/2016\/10\/infinite-anti-reverse_100x60.jpg\" alt=\"\" width=\"100\" height=\"60\" \/> <\/a><\/div>\n<div class=\"col-1_4 sm-1_5 md-1_4 lg-1_3 xl-1_4\"><a class=\"open-techno-modal\" title=\"Silent Oscillation\" href=\"https:\/\/www.daiwa.pt\/tecnologias\/carretos\/silent-oscillation-2?ajax=1\" data-slug=\"silent-oscillation-2\"> <img decoding=\"async\" src=\"https:\/\/www.daiwa.pt\/uploads\/2016\/10\/silent-oscillation_100x60.jpg\" alt=\"\" width=\"100\" height=\"60\" \/> <\/a><\/div>\n<div class=\"col-1_4 sm-1_5 md-1_4 lg-1_3 xl-1_4\"><a class=\"open-techno-modal\" title=\"Twist Buster II\" href=\"https:\/\/www.daiwa.pt\/tecnologias\/carretos\/twist-buster-ii-2?ajax=1\" data-slug=\"twist-buster-ii-2\"> <img decoding=\"async\" src=\"https:\/\/www.daiwa.pt\/uploads\/2016\/10\/twist-buster-ii_100x60.jpg\" alt=\"\" width=\"100\" height=\"60\" \/> <\/a><\/div>\n<div class=\"col-1_4 sm-1_5 md-1_4 lg-1_3 xl-1_4\"><a class=\"open-techno-modal\" title=\"ABS II\" href=\"https:\/\/www.daiwa.pt\/tecnologias\/carretos\/abs-ii-2?ajax=1\" data-slug=\"abs-ii-2\"> <img decoding=\"async\" src=\"https:\/\/www.daiwa.pt\/uploads\/2016\/10\/abs-ii_100x60.jpg\" alt=\"\" width=\"100\" height=\"60\" \/> <\/a><\/div>\n<div class=\"col-1_4 sm-1_5 md-1_4 lg-1_3 xl-1_4\"><a class=\"open-techno-modal\" title=\"Double Infinite Anti-Reverse\" href=\"https:\/\/www.daiwa.pt\/tecnologias\/carretos\/double-infinite-anti-reverse-2?ajax=1\" data-slug=\"double-infinite-anti-reverse-2\"> <img decoding=\"async\" src=\"https:\/\/www.daiwa.pt\/uploads\/2016\/10\/double-infinite-anti-reverse_100x60.jpg\" alt=\"\" width=\"100\" height=\"60\" \/> <\/a><\/div>\n<\/div>\n<\/div>\n<div class=\"col-1_1 lg-1_2 product-strengths\">\n<h4 class=\"title\">Pontos fortes<\/h4>\n<ul>\n<li>Poderoso<\/li>\n<li>Robusto<\/li>\n<li>Pescas verticais<\/li>\n<li>Ratio 5.7<\/li>\n<li>Capacidade de linha 300mt\/0.40mm<\/li>\n<li>Peso 630gr<\/li>\n<\/ul>\n<\/div>\n<\/div>\n","protected":false},"excerpt":{"rendered":"<p>O incontorn\u00e1vel carreto BG n\u00e3o p\u00e1ra de evoluir! Depois de ser equipado com a tecnologia Monocoque Body, ganha pot\u00eancia para afrontar com mais autoridade os maiores peixes gra\u00e7as \u00e0 sua nova pega ARK (Aluminium Round Knob). Pega de combate redonda em alum\u00ednio, aproveita as vantagens do drag ATD de \u00faltima gera\u00e7\u00e3o com discos de carbono &hellip; <\/p>\n<p class=\"more-link-wrap\"><a href=\"https:\/\/nautipescas.pt\/en\/produto\/carreto-daiwa-bg-mq-14000-h-ark\/\" class=\"more-link\"><span>Read More<span class=\"screen-reader-text\"> &#8220;CARRETO DAIWA BG MQ 14000 H ARK&#8221;<\/span><\/span><\/a><\/p>\n","protected":false},"featured_media":4457,"template":"","meta":{"inline_featured_image":false},"product_cat":[195,168,148],"product_tag":[],"marcas":[131],"class_list":["post-4467","product","type-product","status-publish","has-post-thumbnail","hentry","product_cat-carretos","product_cat-carretos-spinning","product_cat-pesca","marcas-daiwa"],"acf":[],"yoast_head":"<!-- This site is optimized with the Yoast SEO plugin v19.2 - https:\/\/yoast.com\/wordpress\/plugins\/seo\/ -->\n<title>CARRETO DAIWA BG MQ 14000 H ARK - Nautipescas<\/title>\n<meta name=\"robots\" content=\"index, follow, max-snippet:-1, max-image-preview:large, max-video-preview:-1\" \/>\n<link rel=\"canonical\" href=\"https:\/\/nautipescas.pt\/produto\/carreto-daiwa-bg-mq-14000-h-ark\/\" \/>\n<meta property=\"og:locale\" content=\"en_US\" \/>\n<meta property=\"og:type\" content=\"article\" \/>\n<meta property=\"og:title\" content=\"CARRETO DAIWA BG MQ 14000 H ARK - Nautipescas\" \/>\n<meta property=\"og:description\" content=\"O incontorn\u00e1vel carreto BG n\u00e3o p\u00e1ra de evoluir! Depois de ser equipado com a tecnologia Monocoque Body, ganha pot\u00eancia para afrontar com mais autoridade os maiores peixes gra\u00e7as \u00e0 sua nova pega ARK (Aluminium Round Knob). Pega de combate redonda em alum\u00ednio, aproveita as vantagens do drag ATD de \u00faltima gera\u00e7\u00e3o com discos de carbono &hellip; Read More &quot;CARRETO DAIWA BG MQ 14000 H ARK&quot;\" \/>\n<meta property=\"og:url\" content=\"https:\/\/nautipescas.pt\/produto\/carreto-daiwa-bg-mq-14000-h-ark\/\" \/>\n<meta property=\"og:site_name\" content=\"Nautipescas\" \/>\n<meta property=\"og:image\" content=\"https:\/\/nautipescas.pt\/wp-content\/uploads\/2023\/03\/carreto-daiwa-bg-mq-6000-d-h-ark-1.jpg\" \/>\n\t<meta property=\"og:image:width\" content=\"1000\" \/>\n\t<meta property=\"og:image:height\" content=\"1000\" \/>\n\t<meta property=\"og:image:type\" content=\"image\/jpeg\" \/>\n<meta name=\"author\" content=\"Paulo Chaves\" \/>\n<meta name=\"twitter:card\" content=\"summary_large_image\" \/>\n<meta name=\"twitter:label1\" content=\"Est. reading time\" \/>\n\t<meta name=\"twitter:data1\" content=\"1 minute\" \/>\n<script type=\"application\/ld+json\" class=\"yoast-schema-graph\">{\"@context\":\"https:\/\/schema.org\",\"@graph\":[{\"@type\":\"WebSite\",\"@id\":\"https:\/\/nautipescas.pt\/#website\",\"url\":\"https:\/\/nautipescas.pt\/\",\"name\":\"Nautipescas\",\"description\":\"\",\"potentialAction\":[{\"@type\":\"SearchAction\",\"target\":{\"@type\":\"EntryPoint\",\"urlTemplate\":\"https:\/\/nautipescas.pt\/?s={search_term_string}\"},\"query-input\":\"required name=search_term_string\"}],\"inLanguage\":\"en-US\"},{\"@type\":\"ImageObject\",\"inLanguage\":\"en-US\",\"@id\":\"https:\/\/nautipescas.pt\/produto\/carreto-daiwa-bg-mq-14000-h-ark\/#primaryimage\",\"url\":\"https:\/\/nautipescas.pt\/wp-content\/uploads\/2023\/03\/carreto-daiwa-bg-mq-6000-d-h-ark-1.jpg\",\"contentUrl\":\"https:\/\/nautipescas.pt\/wp-content\/uploads\/2023\/03\/carreto-daiwa-bg-mq-6000-d-h-ark-1.jpg\",\"width\":1000,\"height\":1000},{\"@type\":\"WebPage\",\"@id\":\"https:\/\/nautipescas.pt\/produto\/carreto-daiwa-bg-mq-14000-h-ark\/#webpage\",\"url\":\"https:\/\/nautipescas.pt\/produto\/carreto-daiwa-bg-mq-14000-h-ark\/\",\"name\":\"CARRETO DAIWA BG MQ 14000 H ARK - Nautipescas\",\"isPartOf\":{\"@id\":\"https:\/\/nautipescas.pt\/#website\"},\"primaryImageOfPage\":{\"@id\":\"https:\/\/nautipescas.pt\/produto\/carreto-daiwa-bg-mq-14000-h-ark\/#primaryimage\"},\"datePublished\":\"2023-03-03T15:27:09+00:00\",\"dateModified\":\"2023-03-03T15:27:09+00:00\",\"breadcrumb\":{\"@id\":\"https:\/\/nautipescas.pt\/produto\/carreto-daiwa-bg-mq-14000-h-ark\/#breadcrumb\"},\"inLanguage\":\"en-US\",\"potentialAction\":[{\"@type\":\"ReadAction\",\"target\":[\"https:\/\/nautipescas.pt\/produto\/carreto-daiwa-bg-mq-14000-h-ark\/\"]}]},{\"@type\":\"BreadcrumbList\",\"@id\":\"https:\/\/nautipescas.pt\/produto\/carreto-daiwa-bg-mq-14000-h-ark\/#breadcrumb\",\"itemListElement\":[{\"@type\":\"ListItem\",\"position\":1,\"name\":\"In\u00edcio\",\"item\":\"https:\/\/nautipescas.pt\/en\/\"},{\"@type\":\"ListItem\",\"position\":2,\"name\":\"Shop\",\"item\":\"https:\/\/nautipescas.pt\/en\/shop-fishing-store-near-me\/\"},{\"@type\":\"ListItem\",\"position\":3,\"name\":\"CARRETO DAIWA BG MQ 14000 H ARK\"}]}]}<\/script>\n<!-- \/ Yoast SEO plugin. -->","yoast_head_json":{"title":"CARRETO DAIWA BG MQ 14000 H ARK - Nautipescas","robots":{"index":"index","follow":"follow","max-snippet":"max-snippet:-1","max-image-preview":"max-image-preview:large","max-video-preview":"max-video-preview:-1"},"canonical":"https:\/\/nautipescas.pt\/produto\/carreto-daiwa-bg-mq-14000-h-ark\/","og_locale":"en_US","og_type":"article","og_title":"CARRETO DAIWA BG MQ 14000 H ARK - Nautipescas","og_description":"O incontorn\u00e1vel carreto BG n\u00e3o p\u00e1ra de evoluir! Depois de ser equipado com a tecnologia Monocoque Body, ganha pot\u00eancia para afrontar com mais autoridade os maiores peixes gra\u00e7as \u00e0 sua nova pega ARK (Aluminium Round Knob). Pega de combate redonda em alum\u00ednio, aproveita as vantagens do drag ATD de \u00faltima gera\u00e7\u00e3o com discos de carbono &hellip; Read More \"CARRETO DAIWA BG MQ 14000 H ARK\"","og_url":"https:\/\/nautipescas.pt\/produto\/carreto-daiwa-bg-mq-14000-h-ark\/","og_site_name":"Nautipescas","og_image":[{"width":1000,"height":1000,"url":"https:\/\/nautipescas.pt\/wp-content\/uploads\/2023\/03\/carreto-daiwa-bg-mq-6000-d-h-ark-1.jpg","type":"image\/jpeg"}],"author":"Paulo Chaves","twitter_card":"summary_large_image","twitter_misc":{"Est. reading time":"1 minute"},"schema":{"@context":"https:\/\/schema.org","@graph":[{"@type":"WebSite","@id":"https:\/\/nautipescas.pt\/#website","url":"https:\/\/nautipescas.pt\/","name":"Nautipescas","description":"","potentialAction":[{"@type":"SearchAction","target":{"@type":"EntryPoint","urlTemplate":"https:\/\/nautipescas.pt\/?s={search_term_string}"},"query-input":"required name=search_term_string"}],"inLanguage":"en-US"},{"@type":"ImageObject","inLanguage":"en-US","@id":"https:\/\/nautipescas.pt\/produto\/carreto-daiwa-bg-mq-14000-h-ark\/#primaryimage","url":"https:\/\/nautipescas.pt\/wp-content\/uploads\/2023\/03\/carreto-daiwa-bg-mq-6000-d-h-ark-1.jpg","contentUrl":"https:\/\/nautipescas.pt\/wp-content\/uploads\/2023\/03\/carreto-daiwa-bg-mq-6000-d-h-ark-1.jpg","width":1000,"height":1000},{"@type":"WebPage","@id":"https:\/\/nautipescas.pt\/produto\/carreto-daiwa-bg-mq-14000-h-ark\/#webpage","url":"https:\/\/nautipescas.pt\/produto\/carreto-daiwa-bg-mq-14000-h-ark\/","name":"CARRETO DAIWA BG MQ 14000 H ARK - Nautipescas","isPartOf":{"@id":"https:\/\/nautipescas.pt\/#website"},"primaryImageOfPage":{"@id":"https:\/\/nautipescas.pt\/produto\/carreto-daiwa-bg-mq-14000-h-ark\/#primaryimage"},"datePublished":"2023-03-03T15:27:09+00:00","dateModified":"2023-03-03T15:27:09+00:00","breadcrumb":{"@id":"https:\/\/nautipescas.pt\/produto\/carreto-daiwa-bg-mq-14000-h-ark\/#breadcrumb"},"inLanguage":"en-US","potentialAction":[{"@type":"ReadAction","target":["https:\/\/nautipescas.pt\/produto\/carreto-daiwa-bg-mq-14000-h-ark\/"]}]},{"@type":"BreadcrumbList","@id":"https:\/\/nautipescas.pt\/produto\/carreto-daiwa-bg-mq-14000-h-ark\/#breadcrumb","itemListElement":[{"@type":"ListItem","position":1,"name":"In\u00edcio","item":"https:\/\/nautipescas.pt\/en\/"},{"@type":"ListItem","position":2,"name":"Shop","item":"https:\/\/nautipescas.pt\/en\/shop-fishing-store-near-me\/"},{"@type":"ListItem","position":3,"name":"CARRETO DAIWA BG MQ 14000 H ARK"}]}]}},"_links":{"self":[{"href":"https:\/\/nautipescas.pt\/en\/wp-json\/wp\/v2\/product\/4467","targetHints":{"allow":["GET"]}}],"collection":[{"href":"https:\/\/nautipescas.pt\/en\/wp-json\/wp\/v2\/product"}],"about":[{"href":"https:\/\/nautipescas.pt\/en\/wp-json\/wp\/v2\/types\/product"}],"wp:featuredmedia":[{"embeddable":true,"href":"https:\/\/nautipescas.pt\/en\/wp-json\/wp\/v2\/media\/4457"}],"wp:attachment":[{"href":"https:\/\/nautipescas.pt\/en\/wp-json\/wp\/v2\/media?parent=4467"}],"wp:term":[{"taxonomy":"product_cat","embeddable":true,"href":"https:\/\/nautipescas.pt\/en\/wp-json\/wp\/v2\/product_cat?post=4467"},{"taxonomy":"product_tag","embeddable":true,"href":"https:\/\/nautipescas.pt\/en\/wp-json\/wp\/v2\/product_tag?post=4467"},{"taxonomy":"marcas","embeddable":true,"href":"https:\/\/nautipescas.pt\/en\/wp-json\/wp\/v2\/marcas?post=4467"}],"curies":[{"name":"wp","href":"https:\/\/api.w.org\/{rel}","templated":true}]}}