{"id":4469,"date":"2023-03-03T15:52:14","date_gmt":"2023-03-03T15:52:14","guid":{"rendered":"https:\/\/nautipescas.pt\/?post_type=product&#038;p=4469"},"modified":"2023-03-03T15:52:14","modified_gmt":"2023-03-03T15:52:14","slug":"carreto-daiwa-bg-mq-6000-dh","status":"publish","type":"product","link":"https:\/\/nautipescas.pt\/en\/produto\/carreto-daiwa-bg-mq-6000-dh\/","title":{"rendered":"CARRETO DAIWA BG MQ 6000 DH"},"content":{"rendered":"<div class=\"sheet-header product-header\">\n<div class=\"sheet-header-inner\">\n<h1 class=\"sheet-header-title\">BG MQ 2020<\/h1>\n<\/div>\n<\/div>\n<div class=\"product-sidebar\">\n<div class=\"row condensed product-image\">\n<div class=\"col-1_1 xl-1_1\">\n<div class=\"product-slider js-pswp-gallery\"><a class=\"item js-pswp-item\" href=\"https:\/\/www.daiwa.pt\/uploads\/products\/reels\/2020\/10\/bgmq6000dh_1200x1200.jpg\" data-size=\"1200x1200\" data-med=\"\/uploads\/products\/reels\/2020\/10\/bgmq6000dh_800x800.jpg\" data-med-size=\"800x800\"> <span class=\"inner\"> <img decoding=\"async\" src=\"https:\/\/www.daiwa.pt\/uploads\/products\/reels\/2020\/10\/bgmq6000dh_420x420.jpg\" alt=\"\" width=\"420\" height=\"420\" \/> <\/span> <\/a><\/div>\n<\/div>\n<\/div>\n<div class=\"row condensed product-share\">\n<div class=\"col-1_1 xl-1_3\"><a class=\"btn share full picto-left facebook\" href=\"http:\/\/www.facebook.com\/share.php?u=https:\/\/www.daiwa.pt\/produtos\/carretos\/bg-mq-2020-7\" target=\"_blank\" rel=\"noopener\"> <i class=\"fa fa-facebook\"><\/i> <span class=\"text js-dotdotdot\"> Partilhar <\/span> <\/a><\/div>\n<div class=\"col-1_1 xl-1_3\"><a class=\"btn share full picto-left email\" href=\"mailto:?subject=BG%20MQ%202020%20by%20Daiwa&amp;body=https%3A%2F%2Fwww.daiwa.pt%2Fprodutos%2Fcarretos%2Fbg-mq-2020-7\"> <i class=\"fa fa-envelope\"><\/i> <span class=\"text js-dotdotdot\"> Email <\/span> <\/a><\/div>\n<\/div>\n<div class=\"row condensed product-download\">\n<div class=\"col-1_1\"><a class=\"btn full\" href=\"https:\/\/www.daiwa.pt\/download\/reels\/BGMQ6000DH\"> <i class=\"fa fa-image\"><\/i> <span class=\"text\"> Descarregar<br \/>\nla photo HD <\/span> <\/a><\/div>\n<\/div>\n<\/div>\n<div class=\"product-content\">\n<div class=\"product-content-inner\">\n<div class=\"product-desc\">\n<p>O BG MQ 2020 \u00e9 um carreto robusto dotado de um corpo em alum\u00ednio e um rotor em carbono DS5. A sua enorme roda-de-coroa Digigear II e o seu Air Rotor em arco oferecem uma rota\u00e7\u00e3o suave e precisa. O drag ATD de \u00faltima gera\u00e7\u00e3o com discos de carbono prometem combates perfeitamente controlados. A bobina \u00e9 suportada por um rolamento de esferas que favorece a rota\u00e7\u00e3o durante o combate.<\/p>\n<p>Carreto tamb\u00e9m dispon\u00edvel nos tamanhos 8000, 10000, 14000, 18000 e 20000.<\/p>\n<\/div>\n<ul class=\"product-specifications\">\n<li>Drag com tecnologia ATD com discos de carbono<\/li>\n<li>Rolamentos : 6 + 1<\/li>\n<li>Corpo aluminium e Air Rotor em policarbonato DS5<\/li>\n<li>Bobina em alum\u00ednio<\/li>\n<li>Enrolamento por espiras cruzadas<\/li>\n<li>Manivela monobloco alum\u00ednio roscada no corpo<\/li>\n<\/ul>\n<div class=\"row\">\n<div class=\"col-1_1 lg-1_2 product-technologies\">\n<h4 class=\"title\">Tecnologias<\/h4>\n<div class=\"row xcondensed\">\n<div class=\"col-1_4 sm-1_5 md-1_4 lg-1_3 xl-1_4\"><a class=\"open-techno-modal\" title=\"ATD Drag\" href=\"https:\/\/www.daiwa.pt\/tecnologias\/carretos\/atd-drag?ajax=1\" data-slug=\"atd-drag\"> <img decoding=\"async\" src=\"https:\/\/www.daiwa.pt\/uploads\/2016\/10\/frein-atd_100x60.jpg\" alt=\"\" width=\"100\" height=\"60\" \/> <\/a><\/div>\n<div class=\"col-1_4 sm-1_5 md-1_4 lg-1_3 xl-1_4\"><a class=\"open-techno-modal\" title=\"Air Rotor\" href=\"https:\/\/www.daiwa.pt\/tecnologias\/carretos\/air-rotor-2?ajax=1\" data-slug=\"air-rotor-2\"> <img decoding=\"async\" src=\"https:\/\/www.daiwa.pt\/uploads\/2016\/10\/air-rotor-1_100x60.jpg\" alt=\"\" width=\"100\" height=\"60\" \/> <\/a><\/div>\n<div class=\"col-1_4 sm-1_5 md-1_4 lg-1_3 xl-1_4\"><a class=\"open-techno-modal\" title=\"HardBodyz\" href=\"https:\/\/www.daiwa.pt\/tecnologias\/carretos\/hardbodyz-2?ajax=1\" data-slug=\"hardbodyz-2\"> <img decoding=\"async\" src=\"https:\/\/www.daiwa.pt\/uploads\/2016\/10\/hardbodyz_100x60.jpg\" alt=\"\" width=\"100\" height=\"60\" \/> <\/a><\/div>\n<div class=\"col-1_4 sm-1_5 md-1_4 lg-1_3 xl-1_4\"><a class=\"open-techno-modal\" title=\"Digigear II\" href=\"https:\/\/www.daiwa.pt\/tecnologias\/carretos\/digigear-ii-2?ajax=1\" data-slug=\"digigear-ii-2\"> <img decoding=\"async\" src=\"https:\/\/www.daiwa.pt\/uploads\/2016\/10\/digigear-ii-1_100x60.jpg\" alt=\"\" width=\"100\" height=\"60\" \/> <\/a><\/div>\n<div class=\"col-1_4 sm-1_5 md-1_4 lg-1_3 xl-1_4\"><a class=\"open-techno-modal\" title=\"Monocoque Body\" href=\"https:\/\/www.daiwa.pt\/tecnologias\/carretos\/monocoque-body-2?ajax=1\" data-slug=\"monocoque-body-2\"> <img decoding=\"async\" src=\"https:\/\/www.daiwa.pt\/uploads\/2016\/10\/monocoque-body_100x60.jpg\" alt=\"\" width=\"100\" height=\"60\" \/> <\/a><\/div>\n<div class=\"col-1_4 sm-1_5 md-1_4 lg-1_3 xl-1_4\"><a class=\"open-techno-modal\" title=\"Cross Wrap\" href=\"https:\/\/www.daiwa.pt\/tecnologias\/carretos\/cross-wrap-2?ajax=1\" data-slug=\"cross-wrap-2\"> <img decoding=\"async\" src=\"https:\/\/www.daiwa.pt\/uploads\/2016\/10\/cross-wrap_100x60.jpg\" alt=\"\" width=\"100\" height=\"60\" \/> <\/a><\/div>\n<div class=\"col-1_4 sm-1_5 md-1_4 lg-1_3 xl-1_4\"><a class=\"open-techno-modal\" title=\"Infinite Anti Reverse\" href=\"https:\/\/www.daiwa.pt\/tecnologias\/carretos\/infinite-anti-reverse-2?ajax=1\" data-slug=\"infinite-anti-reverse-2\"> <img decoding=\"async\" src=\"https:\/\/www.daiwa.pt\/uploads\/2016\/10\/infinite-anti-reverse_100x60.jpg\" alt=\"\" width=\"100\" height=\"60\" \/> <\/a><\/div>\n<div class=\"col-1_4 sm-1_5 md-1_4 lg-1_3 xl-1_4\"><a class=\"open-techno-modal\" title=\"Silent Oscillation\" href=\"https:\/\/www.daiwa.pt\/tecnologias\/carretos\/silent-oscillation-2?ajax=1\" data-slug=\"silent-oscillation-2\"> <img decoding=\"async\" src=\"https:\/\/www.daiwa.pt\/uploads\/2016\/10\/silent-oscillation_100x60.jpg\" alt=\"\" width=\"100\" height=\"60\" \/> <\/a><\/div>\n<div class=\"col-1_4 sm-1_5 md-1_4 lg-1_3 xl-1_4\"><a class=\"open-techno-modal\" title=\"Twist Buster II\" href=\"https:\/\/www.daiwa.pt\/tecnologias\/carretos\/twist-buster-ii-2?ajax=1\" data-slug=\"twist-buster-ii-2\"> <img decoding=\"async\" src=\"https:\/\/www.daiwa.pt\/uploads\/2016\/10\/twist-buster-ii_100x60.jpg\" alt=\"\" width=\"100\" height=\"60\" \/> <\/a><\/div>\n<div class=\"col-1_4 sm-1_5 md-1_4 lg-1_3 xl-1_4\"><a class=\"open-techno-modal\" title=\"ABS II\" href=\"https:\/\/www.daiwa.pt\/tecnologias\/carretos\/abs-ii-2?ajax=1\" data-slug=\"abs-ii-2\"> <img decoding=\"async\" src=\"https:\/\/www.daiwa.pt\/uploads\/2016\/10\/abs-ii_100x60.jpg\" alt=\"\" width=\"100\" height=\"60\" \/> <\/a><\/div>\n<div class=\"col-1_4 sm-1_5 md-1_4 lg-1_3 xl-1_4\"><a class=\"open-techno-modal\" title=\"Double Infinite Anti-Reverse\" href=\"https:\/\/www.daiwa.pt\/tecnologias\/carretos\/double-infinite-anti-reverse-2?ajax=1\" data-slug=\"double-infinite-anti-reverse-2\"> <img decoding=\"async\" src=\"https:\/\/www.daiwa.pt\/uploads\/2016\/10\/double-infinite-anti-reverse_100x60.jpg\" alt=\"\" width=\"100\" height=\"60\" \/> <\/a><\/div>\n<\/div>\n<\/div>\n<div class=\"col-1_1 lg-1_2 product-strengths\">\n<h4 class=\"title\">Pontos fortes<\/h4>\n<ul>\n<li>Drag carbono ATD<\/li>\n<li>Robusto<\/li>\n<li>Poderoso<\/li>\n<li>\n<table class=\"table bordered js-pswp-gallery\">\n<thead>\n<tr>\n<th>Refer\u00eancia<\/th>\n<th>Pega<\/th>\n<th>R\u00e1cio (\/1)<\/th>\n<th>VMV<\/th>\n<th>Peso<\/th>\n<th>Nylon<\/th>\n<th>Multifilamento<\/th>\n<th>Drag<\/th>\n<th><\/th>\n<th><\/th>\n<\/tr>\n<\/thead>\n<tbody>\n<tr>\n<td>BGMQ3000DXH<\/td>\n<td>T<\/td>\n<td>6,2<\/td>\n<td>93cm<\/td>\n<td>265g<\/td>\n<td>0.33mm-150m<\/td>\n<td>0.18mm-300m<\/td>\n<td>10kg<\/td>\n<td><\/td>\n<td><\/td>\n<\/tr>\n<tr>\n<td>\n<figure>BGMQ4000DXH<\/figure>\n<\/td>\n<td>T<\/td>\n<td>6,2<\/td>\n<td>99cm<\/td>\n<td>285g<\/td>\n<td>0.37mm-150m<\/td>\n<td>0.20mm-200m<\/td>\n<td>12kg<\/td>\n<td><\/td>\n<td><\/td>\n<\/tr>\n<tr>\n<td>\n<figure>BGMQ5000DH<\/figure>\n<\/td>\n<td>T+<\/td>\n<td>5,7<\/td>\n<td>96cm<\/td>\n<td>435g<\/td>\n<td>0.40mm-150m<\/td>\n<td>0.22mm-300m<\/td>\n<td>12kg<\/td>\n<td><\/td>\n<td><\/td>\n<\/tr>\n<tr>\n<td>\n<figure>BGMQ6000DH<\/figure>\n<\/td>\n<td>T+<\/td>\n<td>5,7<\/td>\n<td>101cm<\/td>\n<td>430g<\/td>\n<td>0.43mm-150m<\/td>\n<td>0.24mm-300m<\/td>\n<td>12kg<\/td>\n<\/tr>\n<\/tbody>\n<\/table>\n<\/li>\n<\/ul>\n<\/div>\n<\/div>\n<\/div>\n<\/div>\n","protected":false},"excerpt":{"rendered":"<p>BG MQ 2020 Partilhar Email Descarregar la photo HD O BG MQ 2020 \u00e9 um carreto robusto dotado de um corpo em alum\u00ednio e um rotor em carbono DS5. A sua enorme roda-de-coroa Digigear II e o seu Air Rotor em arco oferecem uma rota\u00e7\u00e3o suave e precisa. O drag ATD de \u00faltima gera\u00e7\u00e3o com &hellip; <\/p>\n<p class=\"more-link-wrap\"><a href=\"https:\/\/nautipescas.pt\/en\/produto\/carreto-daiwa-bg-mq-6000-dh\/\" class=\"more-link\"><span>Read More<span class=\"screen-reader-text\"> &#8220;CARRETO DAIWA BG MQ 6000 DH&#8221;<\/span><\/span><\/a><\/p>\n","protected":false},"featured_media":4470,"template":"","meta":{"inline_featured_image":false},"product_cat":[195,168,148],"product_tag":[],"marcas":[131],"class_list":["post-4469","product","type-product","status-publish","has-post-thumbnail","hentry","product_cat-carretos","product_cat-carretos-spinning","product_cat-pesca","marcas-daiwa"],"acf":[],"yoast_head":"<!-- This site is optimized with the Yoast SEO plugin v19.2 - https:\/\/yoast.com\/wordpress\/plugins\/seo\/ -->\n<title>CARRETO DAIWA BG MQ 6000 DH - Nautipescas<\/title>\n<meta name=\"robots\" content=\"index, follow, max-snippet:-1, max-image-preview:large, max-video-preview:-1\" \/>\n<link rel=\"canonical\" href=\"https:\/\/nautipescas.pt\/produto\/carreto-daiwa-bg-mq-6000-dh\/\" \/>\n<meta property=\"og:locale\" content=\"en_US\" \/>\n<meta property=\"og:type\" content=\"article\" \/>\n<meta property=\"og:title\" content=\"CARRETO DAIWA BG MQ 6000 DH - Nautipescas\" \/>\n<meta property=\"og:description\" content=\"BG MQ 2020 Partilhar Email Descarregar la photo HD O BG MQ 2020 \u00e9 um carreto robusto dotado de um corpo em alum\u00ednio e um rotor em carbono DS5. A sua enorme roda-de-coroa Digigear II e o seu Air Rotor em arco oferecem uma rota\u00e7\u00e3o suave e precisa. O drag ATD de \u00faltima gera\u00e7\u00e3o com &hellip; Read More &quot;CARRETO DAIWA BG MQ 6000 DH&quot;\" \/>\n<meta property=\"og:url\" content=\"https:\/\/nautipescas.pt\/produto\/carreto-daiwa-bg-mq-6000-dh\/\" \/>\n<meta property=\"og:site_name\" content=\"Nautipescas\" \/>\n<meta property=\"og:image\" content=\"https:\/\/nautipescas.pt\/wp-content\/uploads\/2023\/03\/carreto-daiwa-bg-mq.jpg\" \/>\n\t<meta property=\"og:image:width\" content=\"1000\" \/>\n\t<meta property=\"og:image:height\" content=\"1000\" \/>\n\t<meta property=\"og:image:type\" content=\"image\/jpeg\" \/>\n<meta name=\"author\" content=\"Paulo Chaves\" \/>\n<meta name=\"twitter:card\" content=\"summary_large_image\" \/>\n<meta name=\"twitter:label1\" content=\"Est. reading time\" \/>\n\t<meta name=\"twitter:data1\" content=\"4 minutes\" \/>\n<script type=\"application\/ld+json\" class=\"yoast-schema-graph\">{\"@context\":\"https:\/\/schema.org\",\"@graph\":[{\"@type\":\"WebSite\",\"@id\":\"https:\/\/nautipescas.pt\/#website\",\"url\":\"https:\/\/nautipescas.pt\/\",\"name\":\"Nautipescas\",\"description\":\"\",\"potentialAction\":[{\"@type\":\"SearchAction\",\"target\":{\"@type\":\"EntryPoint\",\"urlTemplate\":\"https:\/\/nautipescas.pt\/?s={search_term_string}\"},\"query-input\":\"required name=search_term_string\"}],\"inLanguage\":\"en-US\"},{\"@type\":\"ImageObject\",\"inLanguage\":\"en-US\",\"@id\":\"https:\/\/nautipescas.pt\/produto\/carreto-daiwa-bg-mq-6000-dh\/#primaryimage\",\"url\":\"https:\/\/nautipescas.pt\/wp-content\/uploads\/2023\/03\/carreto-daiwa-bg-mq.jpg\",\"contentUrl\":\"https:\/\/nautipescas.pt\/wp-content\/uploads\/2023\/03\/carreto-daiwa-bg-mq.jpg\",\"width\":1000,\"height\":1000},{\"@type\":\"WebPage\",\"@id\":\"https:\/\/nautipescas.pt\/produto\/carreto-daiwa-bg-mq-6000-dh\/#webpage\",\"url\":\"https:\/\/nautipescas.pt\/produto\/carreto-daiwa-bg-mq-6000-dh\/\",\"name\":\"CARRETO DAIWA BG MQ 6000 DH - Nautipescas\",\"isPartOf\":{\"@id\":\"https:\/\/nautipescas.pt\/#website\"},\"primaryImageOfPage\":{\"@id\":\"https:\/\/nautipescas.pt\/produto\/carreto-daiwa-bg-mq-6000-dh\/#primaryimage\"},\"datePublished\":\"2023-03-03T15:52:14+00:00\",\"dateModified\":\"2023-03-03T15:52:14+00:00\",\"breadcrumb\":{\"@id\":\"https:\/\/nautipescas.pt\/produto\/carreto-daiwa-bg-mq-6000-dh\/#breadcrumb\"},\"inLanguage\":\"en-US\",\"potentialAction\":[{\"@type\":\"ReadAction\",\"target\":[\"https:\/\/nautipescas.pt\/produto\/carreto-daiwa-bg-mq-6000-dh\/\"]}]},{\"@type\":\"BreadcrumbList\",\"@id\":\"https:\/\/nautipescas.pt\/produto\/carreto-daiwa-bg-mq-6000-dh\/#breadcrumb\",\"itemListElement\":[{\"@type\":\"ListItem\",\"position\":1,\"name\":\"In\u00edcio\",\"item\":\"https:\/\/nautipescas.pt\/en\/\"},{\"@type\":\"ListItem\",\"position\":2,\"name\":\"Shop\",\"item\":\"https:\/\/nautipescas.pt\/en\/shop-fishing-store-near-me\/\"},{\"@type\":\"ListItem\",\"position\":3,\"name\":\"CARRETO DAIWA BG MQ 6000 DH\"}]}]}<\/script>\n<!-- \/ Yoast SEO plugin. -->","yoast_head_json":{"title":"CARRETO DAIWA BG MQ 6000 DH - Nautipescas","robots":{"index":"index","follow":"follow","max-snippet":"max-snippet:-1","max-image-preview":"max-image-preview:large","max-video-preview":"max-video-preview:-1"},"canonical":"https:\/\/nautipescas.pt\/produto\/carreto-daiwa-bg-mq-6000-dh\/","og_locale":"en_US","og_type":"article","og_title":"CARRETO DAIWA BG MQ 6000 DH - Nautipescas","og_description":"BG MQ 2020 Partilhar Email Descarregar la photo HD O BG MQ 2020 \u00e9 um carreto robusto dotado de um corpo em alum\u00ednio e um rotor em carbono DS5. A sua enorme roda-de-coroa Digigear II e o seu Air Rotor em arco oferecem uma rota\u00e7\u00e3o suave e precisa. O drag ATD de \u00faltima gera\u00e7\u00e3o com &hellip; Read More \"CARRETO DAIWA BG MQ 6000 DH\"","og_url":"https:\/\/nautipescas.pt\/produto\/carreto-daiwa-bg-mq-6000-dh\/","og_site_name":"Nautipescas","og_image":[{"width":1000,"height":1000,"url":"https:\/\/nautipescas.pt\/wp-content\/uploads\/2023\/03\/carreto-daiwa-bg-mq.jpg","type":"image\/jpeg"}],"author":"Paulo Chaves","twitter_card":"summary_large_image","twitter_misc":{"Est. reading time":"4 minutes"},"schema":{"@context":"https:\/\/schema.org","@graph":[{"@type":"WebSite","@id":"https:\/\/nautipescas.pt\/#website","url":"https:\/\/nautipescas.pt\/","name":"Nautipescas","description":"","potentialAction":[{"@type":"SearchAction","target":{"@type":"EntryPoint","urlTemplate":"https:\/\/nautipescas.pt\/?s={search_term_string}"},"query-input":"required name=search_term_string"}],"inLanguage":"en-US"},{"@type":"ImageObject","inLanguage":"en-US","@id":"https:\/\/nautipescas.pt\/produto\/carreto-daiwa-bg-mq-6000-dh\/#primaryimage","url":"https:\/\/nautipescas.pt\/wp-content\/uploads\/2023\/03\/carreto-daiwa-bg-mq.jpg","contentUrl":"https:\/\/nautipescas.pt\/wp-content\/uploads\/2023\/03\/carreto-daiwa-bg-mq.jpg","width":1000,"height":1000},{"@type":"WebPage","@id":"https:\/\/nautipescas.pt\/produto\/carreto-daiwa-bg-mq-6000-dh\/#webpage","url":"https:\/\/nautipescas.pt\/produto\/carreto-daiwa-bg-mq-6000-dh\/","name":"CARRETO DAIWA BG MQ 6000 DH - Nautipescas","isPartOf":{"@id":"https:\/\/nautipescas.pt\/#website"},"primaryImageOfPage":{"@id":"https:\/\/nautipescas.pt\/produto\/carreto-daiwa-bg-mq-6000-dh\/#primaryimage"},"datePublished":"2023-03-03T15:52:14+00:00","dateModified":"2023-03-03T15:52:14+00:00","breadcrumb":{"@id":"https:\/\/nautipescas.pt\/produto\/carreto-daiwa-bg-mq-6000-dh\/#breadcrumb"},"inLanguage":"en-US","potentialAction":[{"@type":"ReadAction","target":["https:\/\/nautipescas.pt\/produto\/carreto-daiwa-bg-mq-6000-dh\/"]}]},{"@type":"BreadcrumbList","@id":"https:\/\/nautipescas.pt\/produto\/carreto-daiwa-bg-mq-6000-dh\/#breadcrumb","itemListElement":[{"@type":"ListItem","position":1,"name":"In\u00edcio","item":"https:\/\/nautipescas.pt\/en\/"},{"@type":"ListItem","position":2,"name":"Shop","item":"https:\/\/nautipescas.pt\/en\/shop-fishing-store-near-me\/"},{"@type":"ListItem","position":3,"name":"CARRETO DAIWA BG MQ 6000 DH"}]}]}},"_links":{"self":[{"href":"https:\/\/nautipescas.pt\/en\/wp-json\/wp\/v2\/product\/4469","targetHints":{"allow":["GET"]}}],"collection":[{"href":"https:\/\/nautipescas.pt\/en\/wp-json\/wp\/v2\/product"}],"about":[{"href":"https:\/\/nautipescas.pt\/en\/wp-json\/wp\/v2\/types\/product"}],"wp:featuredmedia":[{"embeddable":true,"href":"https:\/\/nautipescas.pt\/en\/wp-json\/wp\/v2\/media\/4470"}],"wp:attachment":[{"href":"https:\/\/nautipescas.pt\/en\/wp-json\/wp\/v2\/media?parent=4469"}],"wp:term":[{"taxonomy":"product_cat","embeddable":true,"href":"https:\/\/nautipescas.pt\/en\/wp-json\/wp\/v2\/product_cat?post=4469"},{"taxonomy":"product_tag","embeddable":true,"href":"https:\/\/nautipescas.pt\/en\/wp-json\/wp\/v2\/product_tag?post=4469"},{"taxonomy":"marcas","embeddable":true,"href":"https:\/\/nautipescas.pt\/en\/wp-json\/wp\/v2\/marcas?post=4469"}],"curies":[{"name":"wp","href":"https:\/\/api.w.org\/{rel}","templated":true}]}}