{"id":4593,"date":"2023-03-04T10:35:56","date_gmt":"2023-03-04T10:35:56","guid":{"rendered":"https:\/\/nautipescas.pt\/?post_type=product&#038;p=4593"},"modified":"2024-10-01T16:15:56","modified_gmt":"2024-10-01T16:15:56","slug":"carreto-vega-potenza-rivale-70","status":"publish","type":"product","link":"https:\/\/nautipescas.pt\/en\/produto\/carreto-vega-potenza-rivale-70\/","title":{"rendered":"CARRETO VEGA POTENZA RIVALE 70"},"content":{"rendered":"<p>Fruto da constante inova\u00e7\u00e3o, o carreto Vega Potenza Rivale 70 representa mais um passo no processo evolutivo da marca.<br \/>\nCom o corpo e o rotor inteiramente produzidos em carbono, conseguiu-se reduzir o seu peso e ao mesmo tempo aumentar a sua rigidez estrutural.<br \/>\nT\u00e9cnica e tecnologicamente este carreto foi dotado das \u00faltimas inova\u00e7\u00f5es dispon\u00edveis, proporcionando um funcionamento preciso e ultra suave e uma durabilidade bastante acima do convencionado.<br \/>\nIdealizado para pescas de barco fundeado, nomeadamente de chumbadinha a pargos e douradas, O Rivale 70 revela-se perfeito para t\u00e9cnicas de buldo, spinning pesado e pe\u00e3o ou ainda um fundo ligeiro.<\/p>\n<p>Ficha T\u00e9cnica:<br \/>\nModelo: Potenza Rivalve 70<br \/>\nTamanho:7000<br \/>\nRatio: 5,6,1<br \/>\nEnrolamento: 110cm<br \/>\nDrag: 15kg<br \/>\nRolamentos: 7<br \/>\nPeso: 450g<\/p>\n","protected":false},"excerpt":{"rendered":"<p>Fruto da constante inova\u00e7\u00e3o, o carreto Vega Potenza Rivale 70 representa mais um passo no processo evolutivo da marca. Com o corpo e o rotor inteiramente produzidos em carbono, conseguiu-se reduzir o seu peso e ao mesmo tempo aumentar a sua rigidez estrutural. T\u00e9cnica e tecnologicamente este carreto foi dotado das \u00faltimas inova\u00e7\u00f5es dispon\u00edveis, proporcionando &hellip; <\/p>\n<p class=\"more-link-wrap\"><a href=\"https:\/\/nautipescas.pt\/en\/produto\/carreto-vega-potenza-rivale-70\/\" class=\"more-link\"><span>Read More<span class=\"screen-reader-text\"> &#8220;CARRETO VEGA POTENZA RIVALE 70&#8221;<\/span><\/span><\/a><\/p>\n","protected":false},"featured_media":4594,"template":"","meta":{"inline_featured_image":false},"product_cat":[195,168,148],"product_tag":[],"marcas":[151],"class_list":["post-4593","product","type-product","status-publish","has-post-thumbnail","hentry","product_cat-carretos","product_cat-carretos-spinning","product_cat-pesca","marcas-vega"],"acf":[],"yoast_head":"<!-- This site is optimized with the Yoast SEO plugin v19.2 - https:\/\/yoast.com\/wordpress\/plugins\/seo\/ -->\n<title>CARRETO VEGA POTENZA RIVALE 70 - Nautipescas<\/title>\n<meta name=\"robots\" content=\"index, follow, max-snippet:-1, max-image-preview:large, max-video-preview:-1\" \/>\n<link rel=\"canonical\" href=\"https:\/\/nautipescas.pt\/produto\/carreto-vega-potenza-rivale-70\/\" \/>\n<meta property=\"og:locale\" content=\"en_US\" \/>\n<meta property=\"og:type\" content=\"article\" \/>\n<meta property=\"og:title\" content=\"CARRETO VEGA POTENZA RIVALE 70 - Nautipescas\" \/>\n<meta property=\"og:description\" content=\"Fruto da constante inova\u00e7\u00e3o, o carreto Vega Potenza Rivale 70 representa mais um passo no processo evolutivo da marca. Com o corpo e o rotor inteiramente produzidos em carbono, conseguiu-se reduzir o seu peso e ao mesmo tempo aumentar a sua rigidez estrutural. T\u00e9cnica e tecnologicamente este carreto foi dotado das \u00faltimas inova\u00e7\u00f5es dispon\u00edveis, proporcionando &hellip; Read More &quot;CARRETO VEGA POTENZA RIVALE 70&quot;\" \/>\n<meta property=\"og:url\" content=\"https:\/\/nautipescas.pt\/produto\/carreto-vega-potenza-rivale-70\/\" \/>\n<meta property=\"og:site_name\" content=\"Nautipescas\" \/>\n<meta property=\"article:modified_time\" content=\"2024-10-01T16:15:56+00:00\" \/>\n<meta property=\"og:image\" content=\"https:\/\/nautipescas.pt\/wp-content\/uploads\/2023\/03\/POTENZA-RIVALE-70.jpg\" \/>\n\t<meta property=\"og:image:width\" content=\"1356\" \/>\n\t<meta property=\"og:image:height\" content=\"1306\" \/>\n\t<meta property=\"og:image:type\" content=\"image\/jpeg\" \/>\n<meta name=\"author\" content=\"Paulo Chaves\" \/>\n<meta name=\"twitter:card\" content=\"summary_large_image\" \/>\n<meta name=\"twitter:label1\" content=\"Est. reading time\" \/>\n\t<meta name=\"twitter:data1\" content=\"1 minute\" \/>\n<script type=\"application\/ld+json\" class=\"yoast-schema-graph\">{\"@context\":\"https:\/\/schema.org\",\"@graph\":[{\"@type\":\"WebSite\",\"@id\":\"https:\/\/nautipescas.pt\/#website\",\"url\":\"https:\/\/nautipescas.pt\/\",\"name\":\"Nautipescas\",\"description\":\"\",\"potentialAction\":[{\"@type\":\"SearchAction\",\"target\":{\"@type\":\"EntryPoint\",\"urlTemplate\":\"https:\/\/nautipescas.pt\/?s={search_term_string}\"},\"query-input\":\"required name=search_term_string\"}],\"inLanguage\":\"en-US\"},{\"@type\":\"ImageObject\",\"inLanguage\":\"en-US\",\"@id\":\"https:\/\/nautipescas.pt\/produto\/carreto-vega-potenza-rivale-70\/#primaryimage\",\"url\":\"https:\/\/nautipescas.pt\/wp-content\/uploads\/2023\/03\/POTENZA-RIVALE-70.jpg\",\"contentUrl\":\"https:\/\/nautipescas.pt\/wp-content\/uploads\/2023\/03\/POTENZA-RIVALE-70.jpg\",\"width\":1356,\"height\":1306},{\"@type\":\"WebPage\",\"@id\":\"https:\/\/nautipescas.pt\/produto\/carreto-vega-potenza-rivale-70\/#webpage\",\"url\":\"https:\/\/nautipescas.pt\/produto\/carreto-vega-potenza-rivale-70\/\",\"name\":\"CARRETO VEGA POTENZA RIVALE 70 - Nautipescas\",\"isPartOf\":{\"@id\":\"https:\/\/nautipescas.pt\/#website\"},\"primaryImageOfPage\":{\"@id\":\"https:\/\/nautipescas.pt\/produto\/carreto-vega-potenza-rivale-70\/#primaryimage\"},\"datePublished\":\"2023-03-04T10:35:56+00:00\",\"dateModified\":\"2024-10-01T16:15:56+00:00\",\"breadcrumb\":{\"@id\":\"https:\/\/nautipescas.pt\/produto\/carreto-vega-potenza-rivale-70\/#breadcrumb\"},\"inLanguage\":\"en-US\",\"potentialAction\":[{\"@type\":\"ReadAction\",\"target\":[\"https:\/\/nautipescas.pt\/produto\/carreto-vega-potenza-rivale-70\/\"]}]},{\"@type\":\"BreadcrumbList\",\"@id\":\"https:\/\/nautipescas.pt\/produto\/carreto-vega-potenza-rivale-70\/#breadcrumb\",\"itemListElement\":[{\"@type\":\"ListItem\",\"position\":1,\"name\":\"In\u00edcio\",\"item\":\"https:\/\/nautipescas.pt\/en\/\"},{\"@type\":\"ListItem\",\"position\":2,\"name\":\"Shop\",\"item\":\"https:\/\/nautipescas.pt\/en\/shop-fishing-store-near-me\/\"},{\"@type\":\"ListItem\",\"position\":3,\"name\":\"CARRETO VEGA POTENZA RIVALE 70\"}]}]}<\/script>\n<!-- \/ Yoast SEO plugin. -->","yoast_head_json":{"title":"CARRETO VEGA POTENZA RIVALE 70 - Nautipescas","robots":{"index":"index","follow":"follow","max-snippet":"max-snippet:-1","max-image-preview":"max-image-preview:large","max-video-preview":"max-video-preview:-1"},"canonical":"https:\/\/nautipescas.pt\/produto\/carreto-vega-potenza-rivale-70\/","og_locale":"en_US","og_type":"article","og_title":"CARRETO VEGA POTENZA RIVALE 70 - Nautipescas","og_description":"Fruto da constante inova\u00e7\u00e3o, o carreto Vega Potenza Rivale 70 representa mais um passo no processo evolutivo da marca. Com o corpo e o rotor inteiramente produzidos em carbono, conseguiu-se reduzir o seu peso e ao mesmo tempo aumentar a sua rigidez estrutural. T\u00e9cnica e tecnologicamente este carreto foi dotado das \u00faltimas inova\u00e7\u00f5es dispon\u00edveis, proporcionando &hellip; Read More \"CARRETO VEGA POTENZA RIVALE 70\"","og_url":"https:\/\/nautipescas.pt\/produto\/carreto-vega-potenza-rivale-70\/","og_site_name":"Nautipescas","article_modified_time":"2024-10-01T16:15:56+00:00","og_image":[{"width":1356,"height":1306,"url":"https:\/\/nautipescas.pt\/wp-content\/uploads\/2023\/03\/POTENZA-RIVALE-70.jpg","type":"image\/jpeg"}],"author":"Paulo Chaves","twitter_card":"summary_large_image","twitter_misc":{"Est. reading time":"1 minute"},"schema":{"@context":"https:\/\/schema.org","@graph":[{"@type":"WebSite","@id":"https:\/\/nautipescas.pt\/#website","url":"https:\/\/nautipescas.pt\/","name":"Nautipescas","description":"","potentialAction":[{"@type":"SearchAction","target":{"@type":"EntryPoint","urlTemplate":"https:\/\/nautipescas.pt\/?s={search_term_string}"},"query-input":"required name=search_term_string"}],"inLanguage":"en-US"},{"@type":"ImageObject","inLanguage":"en-US","@id":"https:\/\/nautipescas.pt\/produto\/carreto-vega-potenza-rivale-70\/#primaryimage","url":"https:\/\/nautipescas.pt\/wp-content\/uploads\/2023\/03\/POTENZA-RIVALE-70.jpg","contentUrl":"https:\/\/nautipescas.pt\/wp-content\/uploads\/2023\/03\/POTENZA-RIVALE-70.jpg","width":1356,"height":1306},{"@type":"WebPage","@id":"https:\/\/nautipescas.pt\/produto\/carreto-vega-potenza-rivale-70\/#webpage","url":"https:\/\/nautipescas.pt\/produto\/carreto-vega-potenza-rivale-70\/","name":"CARRETO VEGA POTENZA RIVALE 70 - Nautipescas","isPartOf":{"@id":"https:\/\/nautipescas.pt\/#website"},"primaryImageOfPage":{"@id":"https:\/\/nautipescas.pt\/produto\/carreto-vega-potenza-rivale-70\/#primaryimage"},"datePublished":"2023-03-04T10:35:56+00:00","dateModified":"2024-10-01T16:15:56+00:00","breadcrumb":{"@id":"https:\/\/nautipescas.pt\/produto\/carreto-vega-potenza-rivale-70\/#breadcrumb"},"inLanguage":"en-US","potentialAction":[{"@type":"ReadAction","target":["https:\/\/nautipescas.pt\/produto\/carreto-vega-potenza-rivale-70\/"]}]},{"@type":"BreadcrumbList","@id":"https:\/\/nautipescas.pt\/produto\/carreto-vega-potenza-rivale-70\/#breadcrumb","itemListElement":[{"@type":"ListItem","position":1,"name":"In\u00edcio","item":"https:\/\/nautipescas.pt\/en\/"},{"@type":"ListItem","position":2,"name":"Shop","item":"https:\/\/nautipescas.pt\/en\/shop-fishing-store-near-me\/"},{"@type":"ListItem","position":3,"name":"CARRETO VEGA POTENZA RIVALE 70"}]}]}},"_links":{"self":[{"href":"https:\/\/nautipescas.pt\/en\/wp-json\/wp\/v2\/product\/4593","targetHints":{"allow":["GET"]}}],"collection":[{"href":"https:\/\/nautipescas.pt\/en\/wp-json\/wp\/v2\/product"}],"about":[{"href":"https:\/\/nautipescas.pt\/en\/wp-json\/wp\/v2\/types\/product"}],"wp:featuredmedia":[{"embeddable":true,"href":"https:\/\/nautipescas.pt\/en\/wp-json\/wp\/v2\/media\/4594"}],"wp:attachment":[{"href":"https:\/\/nautipescas.pt\/en\/wp-json\/wp\/v2\/media?parent=4593"}],"wp:term":[{"taxonomy":"product_cat","embeddable":true,"href":"https:\/\/nautipescas.pt\/en\/wp-json\/wp\/v2\/product_cat?post=4593"},{"taxonomy":"product_tag","embeddable":true,"href":"https:\/\/nautipescas.pt\/en\/wp-json\/wp\/v2\/product_tag?post=4593"},{"taxonomy":"marcas","embeddable":true,"href":"https:\/\/nautipescas.pt\/en\/wp-json\/wp\/v2\/marcas?post=4593"}],"curies":[{"name":"wp","href":"https:\/\/api.w.org\/{rel}","templated":true}]}}