{"id":5428,"date":"2023-03-08T14:56:41","date_gmt":"2023-03-08T14:56:41","guid":{"rendered":"https:\/\/nautipescas.pt\/?post_type=product&#038;p=5428"},"modified":"2023-12-11T09:48:14","modified_gmt":"2023-12-11T09:48:14","slug":"barbatana-beauchat-libecio-sport-bleu-blanc-43-44","status":"publish","type":"product","link":"https:\/\/nautipescas.pt\/en\/produto\/barbatana-beauchat-libecio-sport-bleu-blanc-43-44\/","title":{"rendered":"BARBATANA BEAUCHAT LIBECIO SPORT-BLEU BLANC 43\/44"},"content":{"rendered":"<p><span class=\"VIiyi\" lang=\"pt\"><span class=\"JLqJ4b ChMk0b\" data-language-for-alternatives=\"pt\" data-language-to-translate-into=\"auto\" data-phrase-index=\"0\">O \u00e2ngulo da pala foi acentuado para 22 \u00b0 para melhor conforto no toque de dedos; o tornozelo \u00e9 menos esticado e cansa-se menos rapidamente. O golpe de dedo \u00e9, portanto, mais confort\u00e1vel.<\/p>\n<p>A l\u00e2mina de tecnopol\u00edmero rende mais for\u00e7a de golpe de barbatanas regular em todas as profundidades.<\/p>\n<p>Guias de pala remov\u00edveis no sentido do comprimento para melhor controle da dire\u00e7\u00e3o das nadadeiras. Extens\u00e3o da pala sob o bolso do p\u00e9 para melhor transmiss\u00e3o de energia. Conforto do sapato Beuchat (aclamado em todo o mundo) com peito do p\u00e9 e calcanhar refor\u00e7ados.<\/span><\/span><\/p>\n","protected":false},"excerpt":{"rendered":"<p>O \u00e2ngulo da pala foi acentuado para 22 \u00b0 para melhor conforto no toque de dedos; o tornozelo \u00e9 menos esticado e cansa-se menos rapidamente. O golpe de dedo \u00e9, portanto, mais confort\u00e1vel. A l\u00e2mina de tecnopol\u00edmero rende mais for\u00e7a de golpe de barbatanas regular em todas as profundidades. Guias de pala remov\u00edveis no sentido &hellip; <\/p>\n<p class=\"more-link-wrap\"><a href=\"https:\/\/nautipescas.pt\/en\/produto\/barbatana-beauchat-libecio-sport-bleu-blanc-43-44\/\" class=\"more-link\"><span>Read More<span class=\"screen-reader-text\"> &#8220;BARBATANA BEAUCHAT LIBECIO SPORT-BLEU BLANC 43\/44&#8221;<\/span><\/span><\/a><\/p>\n","protected":false},"featured_media":5429,"template":"","meta":{"inline_featured_image":false},"product_cat":[410,149],"product_tag":[],"marcas":[],"class_list":["post-5428","product","type-product","status-publish","has-post-thumbnail","hentry","product_cat-barbatanas","product_cat-caca-submarina"],"acf":[],"yoast_head":"<!-- This site is optimized with the Yoast SEO plugin v19.2 - https:\/\/yoast.com\/wordpress\/plugins\/seo\/ -->\n<title>BARBATANA BEAUCHAT LIBECIO SPORT-BLEU BLANC 43\/44 - Nautipescas<\/title>\n<meta name=\"robots\" content=\"index, follow, max-snippet:-1, max-image-preview:large, max-video-preview:-1\" \/>\n<link rel=\"canonical\" href=\"https:\/\/nautipescas.pt\/produto\/barbatana-beauchat-libecio-sport-bleu-blanc-43-44\/\" \/>\n<meta property=\"og:locale\" content=\"en_US\" \/>\n<meta property=\"og:type\" content=\"article\" \/>\n<meta property=\"og:title\" content=\"BARBATANA BEAUCHAT LIBECIO SPORT-BLEU BLANC 43\/44 - Nautipescas\" \/>\n<meta property=\"og:description\" content=\"O \u00e2ngulo da pala foi acentuado para 22 \u00b0 para melhor conforto no toque de dedos; o tornozelo \u00e9 menos esticado e cansa-se menos rapidamente. O golpe de dedo \u00e9, portanto, mais confort\u00e1vel. A l\u00e2mina de tecnopol\u00edmero rende mais for\u00e7a de golpe de barbatanas regular em todas as profundidades. Guias de pala remov\u00edveis no sentido &hellip; Read More &quot;BARBATANA BEAUCHAT LIBECIO SPORT-BLEU BLANC 43\/44&quot;\" \/>\n<meta property=\"og:url\" content=\"https:\/\/nautipescas.pt\/produto\/barbatana-beauchat-libecio-sport-bleu-blanc-43-44\/\" \/>\n<meta property=\"og:site_name\" content=\"Nautipescas\" \/>\n<meta property=\"article:modified_time\" content=\"2023-12-11T09:48:14+00:00\" \/>\n<meta property=\"og:image\" content=\"https:\/\/nautipescas.pt\/wp-content\/uploads\/2023\/03\/DPGENERIC_1_325a5bd1-8a35-412d-a366-f0c2fbabb8c8_1200x1200.webp\" \/>\n\t<meta property=\"og:image:width\" content=\"1080\" \/>\n\t<meta property=\"og:image:height\" content=\"1080\" \/>\n\t<meta property=\"og:image:type\" content=\"image\/webp\" \/>\n<meta name=\"author\" content=\"Paulo Chaves\" \/>\n<meta name=\"twitter:card\" content=\"summary_large_image\" \/>\n<meta name=\"twitter:label1\" content=\"Est. reading time\" \/>\n\t<meta name=\"twitter:data1\" content=\"1 minute\" \/>\n<script type=\"application\/ld+json\" class=\"yoast-schema-graph\">{\"@context\":\"https:\/\/schema.org\",\"@graph\":[{\"@type\":\"WebSite\",\"@id\":\"https:\/\/nautipescas.pt\/#website\",\"url\":\"https:\/\/nautipescas.pt\/\",\"name\":\"Nautipescas\",\"description\":\"\",\"potentialAction\":[{\"@type\":\"SearchAction\",\"target\":{\"@type\":\"EntryPoint\",\"urlTemplate\":\"https:\/\/nautipescas.pt\/?s={search_term_string}\"},\"query-input\":\"required name=search_term_string\"}],\"inLanguage\":\"en-US\"},{\"@type\":\"ImageObject\",\"inLanguage\":\"en-US\",\"@id\":\"https:\/\/nautipescas.pt\/produto\/barbatana-beauchat-libecio-sport-bleu-blanc-43-44\/#primaryimage\",\"url\":\"https:\/\/nautipescas.pt\/wp-content\/uploads\/2023\/03\/DPGENERIC_1_325a5bd1-8a35-412d-a366-f0c2fbabb8c8_1200x1200.webp\",\"contentUrl\":\"https:\/\/nautipescas.pt\/wp-content\/uploads\/2023\/03\/DPGENERIC_1_325a5bd1-8a35-412d-a366-f0c2fbabb8c8_1200x1200.webp\",\"width\":1080,\"height\":1080},{\"@type\":\"WebPage\",\"@id\":\"https:\/\/nautipescas.pt\/produto\/barbatana-beauchat-libecio-sport-bleu-blanc-43-44\/#webpage\",\"url\":\"https:\/\/nautipescas.pt\/produto\/barbatana-beauchat-libecio-sport-bleu-blanc-43-44\/\",\"name\":\"BARBATANA BEAUCHAT LIBECIO SPORT-BLEU BLANC 43\/44 - Nautipescas\",\"isPartOf\":{\"@id\":\"https:\/\/nautipescas.pt\/#website\"},\"primaryImageOfPage\":{\"@id\":\"https:\/\/nautipescas.pt\/produto\/barbatana-beauchat-libecio-sport-bleu-blanc-43-44\/#primaryimage\"},\"datePublished\":\"2023-03-08T14:56:41+00:00\",\"dateModified\":\"2023-12-11T09:48:14+00:00\",\"breadcrumb\":{\"@id\":\"https:\/\/nautipescas.pt\/produto\/barbatana-beauchat-libecio-sport-bleu-blanc-43-44\/#breadcrumb\"},\"inLanguage\":\"en-US\",\"potentialAction\":[{\"@type\":\"ReadAction\",\"target\":[\"https:\/\/nautipescas.pt\/produto\/barbatana-beauchat-libecio-sport-bleu-blanc-43-44\/\"]}]},{\"@type\":\"BreadcrumbList\",\"@id\":\"https:\/\/nautipescas.pt\/produto\/barbatana-beauchat-libecio-sport-bleu-blanc-43-44\/#breadcrumb\",\"itemListElement\":[{\"@type\":\"ListItem\",\"position\":1,\"name\":\"In\u00edcio\",\"item\":\"https:\/\/nautipescas.pt\/en\/\"},{\"@type\":\"ListItem\",\"position\":2,\"name\":\"Shop\",\"item\":\"https:\/\/nautipescas.pt\/en\/shop-fishing-store-near-me\/\"},{\"@type\":\"ListItem\",\"position\":3,\"name\":\"BARBATANA BEAUCHAT LIBECIO SPORT-BLEU BLANC 43\/44\"}]}]}<\/script>\n<!-- \/ Yoast SEO plugin. -->","yoast_head_json":{"title":"BARBATANA BEAUCHAT LIBECIO SPORT-BLEU BLANC 43\/44 - Nautipescas","robots":{"index":"index","follow":"follow","max-snippet":"max-snippet:-1","max-image-preview":"max-image-preview:large","max-video-preview":"max-video-preview:-1"},"canonical":"https:\/\/nautipescas.pt\/produto\/barbatana-beauchat-libecio-sport-bleu-blanc-43-44\/","og_locale":"en_US","og_type":"article","og_title":"BARBATANA BEAUCHAT LIBECIO SPORT-BLEU BLANC 43\/44 - Nautipescas","og_description":"O \u00e2ngulo da pala foi acentuado para 22 \u00b0 para melhor conforto no toque de dedos; o tornozelo \u00e9 menos esticado e cansa-se menos rapidamente. O golpe de dedo \u00e9, portanto, mais confort\u00e1vel. A l\u00e2mina de tecnopol\u00edmero rende mais for\u00e7a de golpe de barbatanas regular em todas as profundidades. Guias de pala remov\u00edveis no sentido &hellip; Read More \"BARBATANA BEAUCHAT LIBECIO SPORT-BLEU BLANC 43\/44\"","og_url":"https:\/\/nautipescas.pt\/produto\/barbatana-beauchat-libecio-sport-bleu-blanc-43-44\/","og_site_name":"Nautipescas","article_modified_time":"2023-12-11T09:48:14+00:00","og_image":[{"width":1080,"height":1080,"url":"https:\/\/nautipescas.pt\/wp-content\/uploads\/2023\/03\/DPGENERIC_1_325a5bd1-8a35-412d-a366-f0c2fbabb8c8_1200x1200.webp","type":"image\/webp"}],"author":"Paulo Chaves","twitter_card":"summary_large_image","twitter_misc":{"Est. reading time":"1 minute"},"schema":{"@context":"https:\/\/schema.org","@graph":[{"@type":"WebSite","@id":"https:\/\/nautipescas.pt\/#website","url":"https:\/\/nautipescas.pt\/","name":"Nautipescas","description":"","potentialAction":[{"@type":"SearchAction","target":{"@type":"EntryPoint","urlTemplate":"https:\/\/nautipescas.pt\/?s={search_term_string}"},"query-input":"required name=search_term_string"}],"inLanguage":"en-US"},{"@type":"ImageObject","inLanguage":"en-US","@id":"https:\/\/nautipescas.pt\/produto\/barbatana-beauchat-libecio-sport-bleu-blanc-43-44\/#primaryimage","url":"https:\/\/nautipescas.pt\/wp-content\/uploads\/2023\/03\/DPGENERIC_1_325a5bd1-8a35-412d-a366-f0c2fbabb8c8_1200x1200.webp","contentUrl":"https:\/\/nautipescas.pt\/wp-content\/uploads\/2023\/03\/DPGENERIC_1_325a5bd1-8a35-412d-a366-f0c2fbabb8c8_1200x1200.webp","width":1080,"height":1080},{"@type":"WebPage","@id":"https:\/\/nautipescas.pt\/produto\/barbatana-beauchat-libecio-sport-bleu-blanc-43-44\/#webpage","url":"https:\/\/nautipescas.pt\/produto\/barbatana-beauchat-libecio-sport-bleu-blanc-43-44\/","name":"BARBATANA BEAUCHAT LIBECIO SPORT-BLEU BLANC 43\/44 - Nautipescas","isPartOf":{"@id":"https:\/\/nautipescas.pt\/#website"},"primaryImageOfPage":{"@id":"https:\/\/nautipescas.pt\/produto\/barbatana-beauchat-libecio-sport-bleu-blanc-43-44\/#primaryimage"},"datePublished":"2023-03-08T14:56:41+00:00","dateModified":"2023-12-11T09:48:14+00:00","breadcrumb":{"@id":"https:\/\/nautipescas.pt\/produto\/barbatana-beauchat-libecio-sport-bleu-blanc-43-44\/#breadcrumb"},"inLanguage":"en-US","potentialAction":[{"@type":"ReadAction","target":["https:\/\/nautipescas.pt\/produto\/barbatana-beauchat-libecio-sport-bleu-blanc-43-44\/"]}]},{"@type":"BreadcrumbList","@id":"https:\/\/nautipescas.pt\/produto\/barbatana-beauchat-libecio-sport-bleu-blanc-43-44\/#breadcrumb","itemListElement":[{"@type":"ListItem","position":1,"name":"In\u00edcio","item":"https:\/\/nautipescas.pt\/en\/"},{"@type":"ListItem","position":2,"name":"Shop","item":"https:\/\/nautipescas.pt\/en\/shop-fishing-store-near-me\/"},{"@type":"ListItem","position":3,"name":"BARBATANA BEAUCHAT LIBECIO SPORT-BLEU BLANC 43\/44"}]}]}},"_links":{"self":[{"href":"https:\/\/nautipescas.pt\/en\/wp-json\/wp\/v2\/product\/5428","targetHints":{"allow":["GET"]}}],"collection":[{"href":"https:\/\/nautipescas.pt\/en\/wp-json\/wp\/v2\/product"}],"about":[{"href":"https:\/\/nautipescas.pt\/en\/wp-json\/wp\/v2\/types\/product"}],"wp:featuredmedia":[{"embeddable":true,"href":"https:\/\/nautipescas.pt\/en\/wp-json\/wp\/v2\/media\/5429"}],"wp:attachment":[{"href":"https:\/\/nautipescas.pt\/en\/wp-json\/wp\/v2\/media?parent=5428"}],"wp:term":[{"taxonomy":"product_cat","embeddable":true,"href":"https:\/\/nautipescas.pt\/en\/wp-json\/wp\/v2\/product_cat?post=5428"},{"taxonomy":"product_tag","embeddable":true,"href":"https:\/\/nautipescas.pt\/en\/wp-json\/wp\/v2\/product_tag?post=5428"},{"taxonomy":"marcas","embeddable":true,"href":"https:\/\/nautipescas.pt\/en\/wp-json\/wp\/v2\/marcas?post=5428"}],"curies":[{"name":"wp","href":"https:\/\/api.w.org\/{rel}","templated":true}]}}