{"id":5545,"date":"2023-03-08T18:18:06","date_gmt":"2023-03-08T18:18:06","guid":{"rendered":"https:\/\/nautipescas.pt\/?post_type=product&#038;p=5545"},"modified":"2024-08-07T15:53:48","modified_gmt":"2024-08-07T15:53:48","slug":"barros-cana-barros-veja-iii-500","status":"publish","type":"product","link":"https:\/\/nautipescas.pt\/en\/produto\/barros-cana-barros-veja-iii-500\/","title":{"rendered":"BARROS CANA BARROS VEJA III 500"},"content":{"rendered":"<p>VEJA III<\/p>\n<ul>\n<li>Comprimento: 5.00m<\/li>\n<li>Comprimento fechada: 1.10m<\/li>\n<li>Sec\u00e7\u00f5es: 5<\/li>\n<li>Peso: 580g<\/li>\n<li>Teste de curva: 6kg<\/li>\n<li>Cana telesc\u00f3pica, em carbono de alta resist\u00eancia, refor\u00e7ado com X-Carbon Yarn. Esta cana sem passadores e sem porta carretos \u00e9 destinada \u00e0 pesca direta, de peixes que comem junto \u00e0s pedras. A ponteira tem um passador, para atar a linha diretamente na ponta. Cana dispon\u00edvel e. 5.00m.\u00a0.\n<p>&nbsp;<\/li>\n<\/ul>\n","protected":false},"excerpt":{"rendered":"<p>VEJA III Comprimento: 5.00m Comprimento fechada: 1.10m Sec\u00e7\u00f5es: 5 Peso: 580g Teste de curva: 6kg Cana telesc\u00f3pica, em carbono de alta resist\u00eancia, refor\u00e7ado com X-Carbon Yarn. Esta cana sem passadores e sem porta carretos \u00e9 destinada \u00e0 pesca direta, de peixes que comem junto \u00e0s pedras. A ponteira tem um passador, para atar a linha &hellip; <\/p>\n<p class=\"more-link-wrap\"><a href=\"https:\/\/nautipescas.pt\/en\/produto\/barros-cana-barros-veja-iii-500\/\" class=\"more-link\"><span>Read More<span class=\"screen-reader-text\"> &#8220;BARROS CANA BARROS VEJA III 500&#8221;<\/span><\/span><\/a><\/p>\n","protected":false},"featured_media":5546,"template":"","meta":{"inline_featured_image":false},"product_cat":[171,351,148],"product_tag":[],"marcas":[248],"class_list":["post-5545","product","type-product","status-publish","has-post-thumbnail","hentry","product_cat-canas","product_cat-canas-directas","product_cat-pesca","marcas-barros-canas-carretos-fios"],"acf":[],"yoast_head":"<!-- This site is optimized with the Yoast SEO plugin v19.2 - https:\/\/yoast.com\/wordpress\/plugins\/seo\/ -->\n<title>BARROS CANA BARROS VEJA III 500 - Nautipescas<\/title>\n<meta name=\"robots\" content=\"index, follow, max-snippet:-1, max-image-preview:large, max-video-preview:-1\" \/>\n<link rel=\"canonical\" href=\"https:\/\/nautipescas.pt\/produto\/barros-cana-barros-veja-iii-500\/\" \/>\n<meta property=\"og:locale\" content=\"en_US\" \/>\n<meta property=\"og:type\" content=\"article\" \/>\n<meta property=\"og:title\" content=\"BARROS CANA BARROS VEJA III 500 - Nautipescas\" \/>\n<meta property=\"og:description\" content=\"VEJA III Comprimento: 5.00m Comprimento fechada: 1.10m Sec\u00e7\u00f5es: 5 Peso: 580g Teste de curva: 6kg Cana telesc\u00f3pica, em carbono de alta resist\u00eancia, refor\u00e7ado com X-Carbon Yarn. Esta cana sem passadores e sem porta carretos \u00e9 destinada \u00e0 pesca direta, de peixes que comem junto \u00e0s pedras. A ponteira tem um passador, para atar a linha &hellip; Read More &quot;BARROS CANA BARROS VEJA III 500&quot;\" \/>\n<meta property=\"og:url\" content=\"https:\/\/nautipescas.pt\/produto\/barros-cana-barros-veja-iii-500\/\" \/>\n<meta property=\"og:site_name\" content=\"Nautipescas\" \/>\n<meta property=\"article:modified_time\" content=\"2024-08-07T15:53:48+00:00\" \/>\n<meta property=\"og:image\" content=\"https:\/\/nautipescas.pt\/wp-content\/uploads\/2023\/03\/ALISEO1-scaled.jpg\" \/>\n\t<meta property=\"og:image:width\" content=\"2560\" \/>\n\t<meta property=\"og:image:height\" content=\"87\" \/>\n\t<meta property=\"og:image:type\" content=\"image\/jpeg\" \/>\n<meta name=\"author\" content=\"Paulo Chaves\" \/>\n<meta name=\"twitter:card\" content=\"summary_large_image\" \/>\n<meta name=\"twitter:label1\" content=\"Est. reading time\" \/>\n\t<meta name=\"twitter:data1\" content=\"1 minute\" \/>\n<script type=\"application\/ld+json\" class=\"yoast-schema-graph\">{\"@context\":\"https:\/\/schema.org\",\"@graph\":[{\"@type\":\"WebSite\",\"@id\":\"https:\/\/nautipescas.pt\/#website\",\"url\":\"https:\/\/nautipescas.pt\/\",\"name\":\"Nautipescas\",\"description\":\"\",\"potentialAction\":[{\"@type\":\"SearchAction\",\"target\":{\"@type\":\"EntryPoint\",\"urlTemplate\":\"https:\/\/nautipescas.pt\/?s={search_term_string}\"},\"query-input\":\"required name=search_term_string\"}],\"inLanguage\":\"en-US\"},{\"@type\":\"ImageObject\",\"inLanguage\":\"en-US\",\"@id\":\"https:\/\/nautipescas.pt\/produto\/barros-cana-barros-veja-iii-500\/#primaryimage\",\"url\":\"https:\/\/nautipescas.pt\/wp-content\/uploads\/2023\/03\/ALISEO1-scaled.jpg\",\"contentUrl\":\"https:\/\/nautipescas.pt\/wp-content\/uploads\/2023\/03\/ALISEO1-scaled.jpg\",\"width\":2560,\"height\":87},{\"@type\":\"WebPage\",\"@id\":\"https:\/\/nautipescas.pt\/produto\/barros-cana-barros-veja-iii-500\/#webpage\",\"url\":\"https:\/\/nautipescas.pt\/produto\/barros-cana-barros-veja-iii-500\/\",\"name\":\"BARROS CANA BARROS VEJA III 500 - Nautipescas\",\"isPartOf\":{\"@id\":\"https:\/\/nautipescas.pt\/#website\"},\"primaryImageOfPage\":{\"@id\":\"https:\/\/nautipescas.pt\/produto\/barros-cana-barros-veja-iii-500\/#primaryimage\"},\"datePublished\":\"2023-03-08T18:18:06+00:00\",\"dateModified\":\"2024-08-07T15:53:48+00:00\",\"breadcrumb\":{\"@id\":\"https:\/\/nautipescas.pt\/produto\/barros-cana-barros-veja-iii-500\/#breadcrumb\"},\"inLanguage\":\"en-US\",\"potentialAction\":[{\"@type\":\"ReadAction\",\"target\":[\"https:\/\/nautipescas.pt\/produto\/barros-cana-barros-veja-iii-500\/\"]}]},{\"@type\":\"BreadcrumbList\",\"@id\":\"https:\/\/nautipescas.pt\/produto\/barros-cana-barros-veja-iii-500\/#breadcrumb\",\"itemListElement\":[{\"@type\":\"ListItem\",\"position\":1,\"name\":\"In\u00edcio\",\"item\":\"https:\/\/nautipescas.pt\/en\/\"},{\"@type\":\"ListItem\",\"position\":2,\"name\":\"Shop\",\"item\":\"https:\/\/nautipescas.pt\/en\/shop-fishing-store-near-me\/\"},{\"@type\":\"ListItem\",\"position\":3,\"name\":\"BARROS CANA BARROS VEJA III 500\"}]}]}<\/script>\n<!-- \/ Yoast SEO plugin. -->","yoast_head_json":{"title":"BARROS CANA BARROS VEJA III 500 - Nautipescas","robots":{"index":"index","follow":"follow","max-snippet":"max-snippet:-1","max-image-preview":"max-image-preview:large","max-video-preview":"max-video-preview:-1"},"canonical":"https:\/\/nautipescas.pt\/produto\/barros-cana-barros-veja-iii-500\/","og_locale":"en_US","og_type":"article","og_title":"BARROS CANA BARROS VEJA III 500 - Nautipescas","og_description":"VEJA III Comprimento: 5.00m Comprimento fechada: 1.10m Sec\u00e7\u00f5es: 5 Peso: 580g Teste de curva: 6kg Cana telesc\u00f3pica, em carbono de alta resist\u00eancia, refor\u00e7ado com X-Carbon Yarn. Esta cana sem passadores e sem porta carretos \u00e9 destinada \u00e0 pesca direta, de peixes que comem junto \u00e0s pedras. A ponteira tem um passador, para atar a linha &hellip; Read More \"BARROS CANA BARROS VEJA III 500\"","og_url":"https:\/\/nautipescas.pt\/produto\/barros-cana-barros-veja-iii-500\/","og_site_name":"Nautipescas","article_modified_time":"2024-08-07T15:53:48+00:00","og_image":[{"width":2560,"height":87,"url":"https:\/\/nautipescas.pt\/wp-content\/uploads\/2023\/03\/ALISEO1-scaled.jpg","type":"image\/jpeg"}],"author":"Paulo Chaves","twitter_card":"summary_large_image","twitter_misc":{"Est. reading time":"1 minute"},"schema":{"@context":"https:\/\/schema.org","@graph":[{"@type":"WebSite","@id":"https:\/\/nautipescas.pt\/#website","url":"https:\/\/nautipescas.pt\/","name":"Nautipescas","description":"","potentialAction":[{"@type":"SearchAction","target":{"@type":"EntryPoint","urlTemplate":"https:\/\/nautipescas.pt\/?s={search_term_string}"},"query-input":"required name=search_term_string"}],"inLanguage":"en-US"},{"@type":"ImageObject","inLanguage":"en-US","@id":"https:\/\/nautipescas.pt\/produto\/barros-cana-barros-veja-iii-500\/#primaryimage","url":"https:\/\/nautipescas.pt\/wp-content\/uploads\/2023\/03\/ALISEO1-scaled.jpg","contentUrl":"https:\/\/nautipescas.pt\/wp-content\/uploads\/2023\/03\/ALISEO1-scaled.jpg","width":2560,"height":87},{"@type":"WebPage","@id":"https:\/\/nautipescas.pt\/produto\/barros-cana-barros-veja-iii-500\/#webpage","url":"https:\/\/nautipescas.pt\/produto\/barros-cana-barros-veja-iii-500\/","name":"BARROS CANA BARROS VEJA III 500 - Nautipescas","isPartOf":{"@id":"https:\/\/nautipescas.pt\/#website"},"primaryImageOfPage":{"@id":"https:\/\/nautipescas.pt\/produto\/barros-cana-barros-veja-iii-500\/#primaryimage"},"datePublished":"2023-03-08T18:18:06+00:00","dateModified":"2024-08-07T15:53:48+00:00","breadcrumb":{"@id":"https:\/\/nautipescas.pt\/produto\/barros-cana-barros-veja-iii-500\/#breadcrumb"},"inLanguage":"en-US","potentialAction":[{"@type":"ReadAction","target":["https:\/\/nautipescas.pt\/produto\/barros-cana-barros-veja-iii-500\/"]}]},{"@type":"BreadcrumbList","@id":"https:\/\/nautipescas.pt\/produto\/barros-cana-barros-veja-iii-500\/#breadcrumb","itemListElement":[{"@type":"ListItem","position":1,"name":"In\u00edcio","item":"https:\/\/nautipescas.pt\/en\/"},{"@type":"ListItem","position":2,"name":"Shop","item":"https:\/\/nautipescas.pt\/en\/shop-fishing-store-near-me\/"},{"@type":"ListItem","position":3,"name":"BARROS CANA BARROS VEJA III 500"}]}]}},"_links":{"self":[{"href":"https:\/\/nautipescas.pt\/en\/wp-json\/wp\/v2\/product\/5545","targetHints":{"allow":["GET"]}}],"collection":[{"href":"https:\/\/nautipescas.pt\/en\/wp-json\/wp\/v2\/product"}],"about":[{"href":"https:\/\/nautipescas.pt\/en\/wp-json\/wp\/v2\/types\/product"}],"wp:featuredmedia":[{"embeddable":true,"href":"https:\/\/nautipescas.pt\/en\/wp-json\/wp\/v2\/media\/5546"}],"wp:attachment":[{"href":"https:\/\/nautipescas.pt\/en\/wp-json\/wp\/v2\/media?parent=5545"}],"wp:term":[{"taxonomy":"product_cat","embeddable":true,"href":"https:\/\/nautipescas.pt\/en\/wp-json\/wp\/v2\/product_cat?post=5545"},{"taxonomy":"product_tag","embeddable":true,"href":"https:\/\/nautipescas.pt\/en\/wp-json\/wp\/v2\/product_tag?post=5545"},{"taxonomy":"marcas","embeddable":true,"href":"https:\/\/nautipescas.pt\/en\/wp-json\/wp\/v2\/marcas?post=5545"}],"curies":[{"name":"wp","href":"https:\/\/api.w.org\/{rel}","templated":true}]}}