{"id":5555,"date":"2023-03-08T18:28:36","date_gmt":"2023-03-08T18:28:36","guid":{"rendered":"https:\/\/nautipescas.pt\/?post_type=product&#038;p=5555"},"modified":"2024-01-11T14:27:06","modified_gmt":"2024-01-11T14:27:06","slug":"barros-cana-zero-slow-jigger-200-fuji","status":"publish","type":"product","link":"https:\/\/nautipescas.pt\/en\/produto\/barros-cana-zero-slow-jigger-200-fuji\/","title":{"rendered":"BARROS CANA ZERO SLOW JIGGER 200 FUJI"},"content":{"rendered":"<p>Devido \u00e0 enorme solicita\u00e7\u00e3o por parte dos pescadores de Slow Jigging , que s\u00e3o cada vez mais , os engenheiros da BARROS desenvolveram esta cana perfeita para os apaixonados desta crescente modalidade. Mantendo todas as caracter\u00edsticas necess\u00e1rias a uma correta anima\u00e7\u00e3o dos Jigs, entenda-se uma cana com a\u00e7\u00e3o muito amortecedora , acrescent\u00e1mos uma pot\u00eancia incr\u00edvel , com um teste de curva de 13Kg. Compar\u00e1vel \u00e0s excelentes caracter\u00edsticas da gama ZERO e muito capaz no combate com peixes de tamanho consider\u00e1vel. O porta carretos tipo trigger\u00a0 foi corretamente posicionado para a pr\u00e1tica do Slow Jigging e \u00e9 da marca japonesa\u00a0 Fuji , ali\u00e1s como todos os demais componentes.<\/p>\n<table class=\"modelTableBox\">\n<tbody>\n<tr>\n<td>ZERO SLOW JIGGER<\/p>\n<ul>\n<li>Comprimento: 2.00m<\/li>\n<li>Comprimento fechada: 2.00m<\/li>\n<li>Sec\u00e7\u00f5es: 1<\/li>\n<li>Peso: 205g<\/li>\n<li>A\u00e7\u00e3o: 40-300g<\/li>\n<li>Teste de curva: 13kg<\/li>\n<\/ul>\n<\/td>\n<\/tr>\n<\/tbody>\n<\/table>\n","protected":false},"excerpt":{"rendered":"<p>Devido \u00e0 enorme solicita\u00e7\u00e3o por parte dos pescadores de Slow Jigging , que s\u00e3o cada vez mais , os engenheiros da BARROS desenvolveram esta cana perfeita para os apaixonados desta crescente modalidade. Mantendo todas as caracter\u00edsticas necess\u00e1rias a uma correta anima\u00e7\u00e3o dos Jigs, entenda-se uma cana com a\u00e7\u00e3o muito amortecedora , acrescent\u00e1mos uma pot\u00eancia incr\u00edvel &hellip; <\/p>\n<p class=\"more-link-wrap\"><a href=\"https:\/\/nautipescas.pt\/en\/produto\/barros-cana-zero-slow-jigger-200-fuji\/\" class=\"more-link\"><span>Read More<span class=\"screen-reader-text\"> &#8220;BARROS CANA ZERO SLOW JIGGER 200 FUJI&#8221;<\/span><\/span><\/a><\/p>\n","protected":false},"featured_media":5556,"template":"","meta":{"inline_featured_image":false},"product_cat":[171,232,148],"product_tag":[],"marcas":[248],"class_list":["post-5555","product","type-product","status-publish","has-post-thumbnail","hentry","product_cat-canas","product_cat-canas-zagaia","product_cat-pesca","marcas-barros-canas-carretos-fios"],"acf":[],"yoast_head":"<!-- This site is optimized with the Yoast SEO plugin v19.2 - https:\/\/yoast.com\/wordpress\/plugins\/seo\/ -->\n<title>BARROS CANA ZERO SLOW JIGGER 200 FUJI - Nautipescas<\/title>\n<meta name=\"robots\" content=\"index, follow, max-snippet:-1, max-image-preview:large, max-video-preview:-1\" \/>\n<link rel=\"canonical\" href=\"https:\/\/nautipescas.pt\/produto\/barros-cana-zero-slow-jigger-200-fuji\/\" \/>\n<meta property=\"og:locale\" content=\"en_US\" \/>\n<meta property=\"og:type\" content=\"article\" \/>\n<meta property=\"og:title\" content=\"BARROS CANA ZERO SLOW JIGGER 200 FUJI - Nautipescas\" \/>\n<meta property=\"og:description\" content=\"Devido \u00e0 enorme solicita\u00e7\u00e3o por parte dos pescadores de Slow Jigging , que s\u00e3o cada vez mais , os engenheiros da BARROS desenvolveram esta cana perfeita para os apaixonados desta crescente modalidade. Mantendo todas as caracter\u00edsticas necess\u00e1rias a uma correta anima\u00e7\u00e3o dos Jigs, entenda-se uma cana com a\u00e7\u00e3o muito amortecedora , acrescent\u00e1mos uma pot\u00eancia incr\u00edvel &hellip; Read More &quot;BARROS CANA ZERO SLOW JIGGER 200 FUJI&quot;\" \/>\n<meta property=\"og:url\" content=\"https:\/\/nautipescas.pt\/produto\/barros-cana-zero-slow-jigger-200-fuji\/\" \/>\n<meta property=\"og:site_name\" content=\"Nautipescas\" \/>\n<meta property=\"article:modified_time\" content=\"2024-01-11T14:27:06+00:00\" \/>\n<meta property=\"og:image\" content=\"https:\/\/nautipescas.pt\/wp-content\/uploads\/2023\/03\/laredo1.jpg\" \/>\n\t<meta property=\"og:image:width\" content=\"1000\" \/>\n\t<meta property=\"og:image:height\" content=\"417\" \/>\n\t<meta property=\"og:image:type\" content=\"image\/jpeg\" \/>\n<meta name=\"author\" content=\"Paulo Chaves\" \/>\n<meta name=\"twitter:card\" content=\"summary_large_image\" \/>\n<meta name=\"twitter:label1\" content=\"Est. reading time\" \/>\n\t<meta name=\"twitter:data1\" content=\"1 minute\" \/>\n<script type=\"application\/ld+json\" class=\"yoast-schema-graph\">{\"@context\":\"https:\/\/schema.org\",\"@graph\":[{\"@type\":\"WebSite\",\"@id\":\"https:\/\/nautipescas.pt\/#website\",\"url\":\"https:\/\/nautipescas.pt\/\",\"name\":\"Nautipescas\",\"description\":\"\",\"potentialAction\":[{\"@type\":\"SearchAction\",\"target\":{\"@type\":\"EntryPoint\",\"urlTemplate\":\"https:\/\/nautipescas.pt\/?s={search_term_string}\"},\"query-input\":\"required name=search_term_string\"}],\"inLanguage\":\"en-US\"},{\"@type\":\"ImageObject\",\"inLanguage\":\"en-US\",\"@id\":\"https:\/\/nautipescas.pt\/produto\/barros-cana-zero-slow-jigger-200-fuji\/#primaryimage\",\"url\":\"https:\/\/nautipescas.pt\/wp-content\/uploads\/2023\/03\/laredo1.jpg\",\"contentUrl\":\"https:\/\/nautipescas.pt\/wp-content\/uploads\/2023\/03\/laredo1.jpg\",\"width\":1000,\"height\":417},{\"@type\":\"WebPage\",\"@id\":\"https:\/\/nautipescas.pt\/produto\/barros-cana-zero-slow-jigger-200-fuji\/#webpage\",\"url\":\"https:\/\/nautipescas.pt\/produto\/barros-cana-zero-slow-jigger-200-fuji\/\",\"name\":\"BARROS CANA ZERO SLOW JIGGER 200 FUJI - Nautipescas\",\"isPartOf\":{\"@id\":\"https:\/\/nautipescas.pt\/#website\"},\"primaryImageOfPage\":{\"@id\":\"https:\/\/nautipescas.pt\/produto\/barros-cana-zero-slow-jigger-200-fuji\/#primaryimage\"},\"datePublished\":\"2023-03-08T18:28:36+00:00\",\"dateModified\":\"2024-01-11T14:27:06+00:00\",\"breadcrumb\":{\"@id\":\"https:\/\/nautipescas.pt\/produto\/barros-cana-zero-slow-jigger-200-fuji\/#breadcrumb\"},\"inLanguage\":\"en-US\",\"potentialAction\":[{\"@type\":\"ReadAction\",\"target\":[\"https:\/\/nautipescas.pt\/produto\/barros-cana-zero-slow-jigger-200-fuji\/\"]}]},{\"@type\":\"BreadcrumbList\",\"@id\":\"https:\/\/nautipescas.pt\/produto\/barros-cana-zero-slow-jigger-200-fuji\/#breadcrumb\",\"itemListElement\":[{\"@type\":\"ListItem\",\"position\":1,\"name\":\"In\u00edcio\",\"item\":\"https:\/\/nautipescas.pt\/en\/\"},{\"@type\":\"ListItem\",\"position\":2,\"name\":\"Shop\",\"item\":\"https:\/\/nautipescas.pt\/en\/shop-fishing-store-near-me\/\"},{\"@type\":\"ListItem\",\"position\":3,\"name\":\"BARROS CANA ZERO SLOW JIGGER 200 FUJI\"}]}]}<\/script>\n<!-- \/ Yoast SEO plugin. -->","yoast_head_json":{"title":"BARROS CANA ZERO SLOW JIGGER 200 FUJI - Nautipescas","robots":{"index":"index","follow":"follow","max-snippet":"max-snippet:-1","max-image-preview":"max-image-preview:large","max-video-preview":"max-video-preview:-1"},"canonical":"https:\/\/nautipescas.pt\/produto\/barros-cana-zero-slow-jigger-200-fuji\/","og_locale":"en_US","og_type":"article","og_title":"BARROS CANA ZERO SLOW JIGGER 200 FUJI - Nautipescas","og_description":"Devido \u00e0 enorme solicita\u00e7\u00e3o por parte dos pescadores de Slow Jigging , que s\u00e3o cada vez mais , os engenheiros da BARROS desenvolveram esta cana perfeita para os apaixonados desta crescente modalidade. Mantendo todas as caracter\u00edsticas necess\u00e1rias a uma correta anima\u00e7\u00e3o dos Jigs, entenda-se uma cana com a\u00e7\u00e3o muito amortecedora , acrescent\u00e1mos uma pot\u00eancia incr\u00edvel &hellip; Read More \"BARROS CANA ZERO SLOW JIGGER 200 FUJI\"","og_url":"https:\/\/nautipescas.pt\/produto\/barros-cana-zero-slow-jigger-200-fuji\/","og_site_name":"Nautipescas","article_modified_time":"2024-01-11T14:27:06+00:00","og_image":[{"width":1000,"height":417,"url":"https:\/\/nautipescas.pt\/wp-content\/uploads\/2023\/03\/laredo1.jpg","type":"image\/jpeg"}],"author":"Paulo Chaves","twitter_card":"summary_large_image","twitter_misc":{"Est. reading time":"1 minute"},"schema":{"@context":"https:\/\/schema.org","@graph":[{"@type":"WebSite","@id":"https:\/\/nautipescas.pt\/#website","url":"https:\/\/nautipescas.pt\/","name":"Nautipescas","description":"","potentialAction":[{"@type":"SearchAction","target":{"@type":"EntryPoint","urlTemplate":"https:\/\/nautipescas.pt\/?s={search_term_string}"},"query-input":"required name=search_term_string"}],"inLanguage":"en-US"},{"@type":"ImageObject","inLanguage":"en-US","@id":"https:\/\/nautipescas.pt\/produto\/barros-cana-zero-slow-jigger-200-fuji\/#primaryimage","url":"https:\/\/nautipescas.pt\/wp-content\/uploads\/2023\/03\/laredo1.jpg","contentUrl":"https:\/\/nautipescas.pt\/wp-content\/uploads\/2023\/03\/laredo1.jpg","width":1000,"height":417},{"@type":"WebPage","@id":"https:\/\/nautipescas.pt\/produto\/barros-cana-zero-slow-jigger-200-fuji\/#webpage","url":"https:\/\/nautipescas.pt\/produto\/barros-cana-zero-slow-jigger-200-fuji\/","name":"BARROS CANA ZERO SLOW JIGGER 200 FUJI - Nautipescas","isPartOf":{"@id":"https:\/\/nautipescas.pt\/#website"},"primaryImageOfPage":{"@id":"https:\/\/nautipescas.pt\/produto\/barros-cana-zero-slow-jigger-200-fuji\/#primaryimage"},"datePublished":"2023-03-08T18:28:36+00:00","dateModified":"2024-01-11T14:27:06+00:00","breadcrumb":{"@id":"https:\/\/nautipescas.pt\/produto\/barros-cana-zero-slow-jigger-200-fuji\/#breadcrumb"},"inLanguage":"en-US","potentialAction":[{"@type":"ReadAction","target":["https:\/\/nautipescas.pt\/produto\/barros-cana-zero-slow-jigger-200-fuji\/"]}]},{"@type":"BreadcrumbList","@id":"https:\/\/nautipescas.pt\/produto\/barros-cana-zero-slow-jigger-200-fuji\/#breadcrumb","itemListElement":[{"@type":"ListItem","position":1,"name":"In\u00edcio","item":"https:\/\/nautipescas.pt\/en\/"},{"@type":"ListItem","position":2,"name":"Shop","item":"https:\/\/nautipescas.pt\/en\/shop-fishing-store-near-me\/"},{"@type":"ListItem","position":3,"name":"BARROS CANA ZERO SLOW JIGGER 200 FUJI"}]}]}},"_links":{"self":[{"href":"https:\/\/nautipescas.pt\/en\/wp-json\/wp\/v2\/product\/5555","targetHints":{"allow":["GET"]}}],"collection":[{"href":"https:\/\/nautipescas.pt\/en\/wp-json\/wp\/v2\/product"}],"about":[{"href":"https:\/\/nautipescas.pt\/en\/wp-json\/wp\/v2\/types\/product"}],"wp:featuredmedia":[{"embeddable":true,"href":"https:\/\/nautipescas.pt\/en\/wp-json\/wp\/v2\/media\/5556"}],"wp:attachment":[{"href":"https:\/\/nautipescas.pt\/en\/wp-json\/wp\/v2\/media?parent=5555"}],"wp:term":[{"taxonomy":"product_cat","embeddable":true,"href":"https:\/\/nautipescas.pt\/en\/wp-json\/wp\/v2\/product_cat?post=5555"},{"taxonomy":"product_tag","embeddable":true,"href":"https:\/\/nautipescas.pt\/en\/wp-json\/wp\/v2\/product_tag?post=5555"},{"taxonomy":"marcas","embeddable":true,"href":"https:\/\/nautipescas.pt\/en\/wp-json\/wp\/v2\/marcas?post=5555"}],"curies":[{"name":"wp","href":"https:\/\/api.w.org\/{rel}","templated":true}]}}