{"id":6132,"date":"2023-03-11T11:42:17","date_gmt":"2023-03-11T11:42:17","guid":{"rendered":"https:\/\/nautipescas.pt\/?post_type=product&#038;p=6132"},"modified":"2023-03-11T11:47:54","modified_gmt":"2023-03-11T11:47:54","slug":"gpsmap-1022xsv","status":"publish","type":"product","link":"https:\/\/nautipescas.pt\/en\/produto\/gpsmap-1022xsv\/","title":{"rendered":"GPSMAP\u00ae 1022xsv"},"content":{"rendered":"<h2 class=\"app__overview__intro__title light center\" data-v-7cb7910e=\"\" data-test=\"gc__heading\">UM PLOTTER CARTOGR\u00c1FICO PREMIUM PARA O ESP\u00cdRITO AVENTUREIRO<\/h2>\n<div class=\"app__overview__intro__description gc__copy gc__copy--light gc__copy--center gc__copy--large\" data-v-5b586de4=\"\" data-test=\"gc__copy\">\n<p>Estes plotters cartogr\u00e1ficos incluem ecr\u00e3s grandes e brilhantes, bem como interfaces de teclado r\u00e1pidas e intuitivas, com bot\u00f5es program\u00e1veis pelo utilizador e bot\u00f5es de controlo multifun\u00e7\u00f5es para o ajudar a navegar com facilidade.<\/p>\n<div>\n<div>\n<h3>F\u00edsico e Desempenho<\/h3>\n<\/div>\n<table>\n<tbody>\n<tr>\n<td>Tamanho do ecr\u00e3, LxA<\/td>\n<td>22,4 x 12,5 cm; 10,1&#8243; (25,7 cm) diagonal<\/td>\n<\/tr>\n<tr>\n<td>Resolu\u00e7\u00e3o do ecr\u00e3, LxA<\/td>\n<td>1024 x 600 p\u00edxeis<\/td>\n<\/tr>\n<tr>\n<td>Dimens\u00f5es f\u00edsicas<\/td>\n<td>318 x 185 x 69 cm<\/td>\n<\/tr>\n<tr>\n<td>Receiver<\/td>\n<td>10 Hz alta-sensibilidade<\/td>\n<\/tr>\n<tr>\n<td><a href=\"https:\/\/www.garmin.com\/pt-PT\/legal\/waterrating\/\" target=\"_blank\" rel=\"noopener\">Classifica\u00e7\u00e3o na \u00e1gua<\/a><\/td>\n<td>IPX7<\/td>\n<\/tr>\n<tr>\n<td>Peso<\/td>\n<td>1,85 kg<\/td>\n<\/tr>\n<tr>\n<td>Op\u00e7\u00f5es de montagem<\/td>\n<td>Basculante ou embutido<\/td>\n<\/tr>\n<tr>\n<td>Tipo de ecr\u00e3<\/td>\n<td>Ecr\u00e3 WSVGA<\/td>\n<\/tr>\n<\/tbody>\n<\/table>\n<\/div>\n<div>\n<div>\n<h3>Mapas e Navega\u00e7\u00e3o<\/h3>\n<\/div>\n<table>\n<tbody>\n<tr>\n<td>Rotas<\/td>\n<td>100<\/td>\n<\/tr>\n<tr>\n<td>Aceita cart\u00f5es de dados<\/td>\n<td>2 cart\u00f5es SD\u2122<\/td>\n<\/tr>\n<\/tbody>\n<\/table>\n<\/div>\n<div>\n<div>\n<h3>Funcionalidades<\/h3>\n<\/div>\n<table>\n<tbody>\n<tr>\n<td>Waypoints<\/td>\n<td>5 000<\/td>\n<\/tr>\n<tr>\n<td>Compat\u00edvel com NMEA 0183<\/td>\n<td>Sim<\/td>\n<\/tr>\n<tr>\n<td>Apresenta\u00e7\u00e3o de sonda<\/td>\n<td>Sim<\/td>\n<\/tr>\n<tr>\n<td>Suporte para sonda de caixa negra GCV<sup>\u2122<\/sup><\/td>\n<td>Sim<\/td>\n<\/tr>\n<tr>\n<td>Portas de entrada para NMEA 0183<\/td>\n<td>1<\/td>\n<\/tr>\n<tr>\n<td>SideV\u00fc<\/td>\n<td>Sim, com CHIRP (incorporado)<\/td>\n<\/tr>\n<tr>\n<td>Suporta DSC (exibe os dados da posi\u00e7\u00e3o do r\u00e1dio VHF com DSC)<\/td>\n<td>Sim<\/td>\n<\/tr>\n<tr>\n<td>Compat\u00edvel com NMEA 2000<sup>\u00ae<\/sup><\/td>\n<td>Sim<\/td>\n<\/tr>\n<tr>\n<td>Compat\u00edvel com ActiveCaptain<\/td>\n<td>Sim<\/td>\n<\/tr>\n<tr>\n<td>Suporta AIS (localiza a posi\u00e7\u00e3o das embarca\u00e7\u00f5es-alvo)<\/td>\n<td>Sim<\/td>\n<\/tr>\n<tr>\n<td>Video output ports<\/td>\n<td>Nada<\/td>\n<\/tr>\n<tr>\n<td>Panoptix\u2122 sonar<\/td>\n<td>Sim<\/td>\n<\/tr>\n<tr>\n<td>Portas da Garmin Marine Network\u2122<\/td>\n<td>2<\/td>\n<\/tr>\n<tr>\n<td>Suporte para sonda de caixa negra GSD<sup>\u2122<\/sup><\/td>\n<td>Sim<\/td>\n<\/tr>\n<tr>\n<td>Compat\u00edvel com Garmin SmartMode (predefini\u00e7\u00f5es do monitor personaliz\u00e1veis)<\/td>\n<td>Sim<\/td>\n<\/tr>\n<tr>\n<td>ClearV\u00fc<\/td>\n<td>Sim, com CHIRP (incorporado)<\/td>\n<\/tr>\n<tr>\n<td><a href=\"https:\/\/buy.garmin.com\/pt-PT\/ES\/p\/8620\">Compat\u00edvel remoto sem fio<\/a><\/td>\n<td>Sim<\/td>\n<\/tr>\n<tr>\n<td>Suporta compatibilidade com r\u00e1dios mar\u00edtimos Fusion Lync<\/td>\n<td>Sim<\/td>\n<\/tr>\n<tr>\n<td>LiveScope<\/td>\n<td>Sim<\/td>\n<\/tr>\n<tr>\n<td>Pot\u00eancia<\/td>\n<td>1 kW<\/td>\n<\/tr>\n<tr>\n<td>Sonda tradicional (feixe\/frequ\u00eancia dupla)<\/td>\n<td>built-in (single channel CHIRP, 70\/83\/200 kHz, L, M, H CHIRP)<\/td>\n<\/tr>\n<tr>\n<td><a href=\"https:\/\/buy.garmin.com\/pt-PT\/ES\/p\/102804\">Compat\u00edvel GRID<sup>\u2122<\/sup>\u00a0(Garmin Remote Input Device)<\/a><\/td>\n<td>Sim<\/td>\n<\/tr>\n<tr>\n<td>Portas de entrada de v\u00eddeo<\/td>\n<td>1 BNC<\/td>\n<\/tr>\n<\/tbody>\n<\/table>\n<p>Na Caixa<\/p>\n<ul>\n<li>Plotter cartogr\u00e1fico GPSMAP 1022xsv<\/li>\n<li>Cabo de alimenta\u00e7\u00e3o\/dados<\/li>\n<li>Conetor em T NMEA 2000<\/li>\n<li>Cabo de extens\u00e3o NMEA 2000 (2\u00a0m)<\/li>\n<li>Cabo adaptador para ligar transdutor de 8 pinos a sonar de 12 pinos<\/li>\n<li>Kit de suporte basculante com man\u00edpulos<\/li>\n<li>Kit de montagem embutida com junta<\/li>\n<li>Capa protetora<\/li>\n<li>Tampas de encaixe no rebordo<\/li>\n<li>Documenta\u00e7\u00e3o<\/li>\n<\/ul>\n<\/div>\n<\/div>\n","protected":false},"excerpt":{"rendered":"<p>UM PLOTTER CARTOGR\u00c1FICO PREMIUM PARA O ESP\u00cdRITO AVENTUREIRO Estes plotters cartogr\u00e1ficos incluem ecr\u00e3s grandes e brilhantes, bem como interfaces de teclado r\u00e1pidas e intuitivas, com bot\u00f5es program\u00e1veis pelo utilizador e bot\u00f5es de controlo multifun\u00e7\u00f5es para o ajudar a navegar com facilidade. F\u00edsico e Desempenho Tamanho do ecr\u00e3, LxA 22,4 x 12,5 cm; 10,1&#8243; (25,7 cm) &hellip; <\/p>\n<p class=\"more-link-wrap\"><a href=\"https:\/\/nautipescas.pt\/en\/produto\/gpsmap-1022xsv\/\" class=\"more-link\"><span>Read More<span class=\"screen-reader-text\"> &#8220;GPSMAP\u00ae 1022xsv&#8221;<\/span><\/span><\/a><\/p>\n","protected":false},"featured_media":6133,"template":"","meta":{"inline_featured_image":false},"product_cat":[207,153,458],"product_tag":[],"marcas":[245],"class_list":["post-6132","product","type-product","status-publish","has-post-thumbnail","hentry","product_cat-combos-gps-sonda","product_cat-eletronica-maritima","product_cat-sondas-eletronica-maritima","marcas-garmin"],"acf":[],"yoast_head":"<!-- This site is optimized with the Yoast SEO plugin v19.2 - https:\/\/yoast.com\/wordpress\/plugins\/seo\/ -->\n<title>GPSMAP\u00ae 1022xsv - Nautipescas<\/title>\n<meta name=\"robots\" content=\"index, follow, max-snippet:-1, max-image-preview:large, max-video-preview:-1\" \/>\n<link rel=\"canonical\" href=\"https:\/\/nautipescas.pt\/produto\/gpsmap-1022xsv\/\" \/>\n<meta property=\"og:locale\" content=\"en_US\" \/>\n<meta property=\"og:type\" content=\"article\" \/>\n<meta property=\"og:title\" content=\"GPSMAP\u00ae 1022xsv - Nautipescas\" \/>\n<meta property=\"og:description\" content=\"UM PLOTTER CARTOGR\u00c1FICO PREMIUM PARA O ESP\u00cdRITO AVENTUREIRO Estes plotters cartogr\u00e1ficos incluem ecr\u00e3s grandes e brilhantes, bem como interfaces de teclado r\u00e1pidas e intuitivas, com bot\u00f5es program\u00e1veis pelo utilizador e bot\u00f5es de controlo multifun\u00e7\u00f5es para o ajudar a navegar com facilidade. F\u00edsico e Desempenho Tamanho do ecr\u00e3, LxA 22,4 x 12,5 cm; 10,1&#8243; (25,7 cm) &hellip; Read More &quot;GPSMAP\u00ae 1022xsv&quot;\" \/>\n<meta property=\"og:url\" content=\"https:\/\/nautipescas.pt\/produto\/gpsmap-1022xsv\/\" \/>\n<meta property=\"og:site_name\" content=\"Nautipescas\" \/>\n<meta property=\"article:modified_time\" content=\"2023-03-11T11:47:54+00:00\" \/>\n<meta property=\"og:image\" content=\"https:\/\/nautipescas.pt\/wp-content\/uploads\/2023\/03\/rf-xl.webp\" \/>\n\t<meta property=\"og:image:width\" content=\"800\" \/>\n\t<meta property=\"og:image:height\" content=\"800\" \/>\n\t<meta property=\"og:image:type\" content=\"image\/webp\" \/>\n<meta name=\"author\" content=\"Paulo Chaves\" \/>\n<meta name=\"twitter:card\" content=\"summary_large_image\" \/>\n<meta name=\"twitter:label1\" content=\"Est. reading time\" \/>\n\t<meta name=\"twitter:data1\" content=\"2 minutes\" \/>\n<script type=\"application\/ld+json\" class=\"yoast-schema-graph\">{\"@context\":\"https:\/\/schema.org\",\"@graph\":[{\"@type\":\"WebSite\",\"@id\":\"https:\/\/nautipescas.pt\/#website\",\"url\":\"https:\/\/nautipescas.pt\/\",\"name\":\"Nautipescas\",\"description\":\"\",\"potentialAction\":[{\"@type\":\"SearchAction\",\"target\":{\"@type\":\"EntryPoint\",\"urlTemplate\":\"https:\/\/nautipescas.pt\/?s={search_term_string}\"},\"query-input\":\"required name=search_term_string\"}],\"inLanguage\":\"en-US\"},{\"@type\":\"ImageObject\",\"inLanguage\":\"en-US\",\"@id\":\"https:\/\/nautipescas.pt\/produto\/gpsmap-1022xsv\/#primaryimage\",\"url\":\"https:\/\/nautipescas.pt\/wp-content\/uploads\/2023\/03\/rf-xl.webp\",\"contentUrl\":\"https:\/\/nautipescas.pt\/wp-content\/uploads\/2023\/03\/rf-xl.webp\",\"width\":800,\"height\":800},{\"@type\":\"WebPage\",\"@id\":\"https:\/\/nautipescas.pt\/produto\/gpsmap-1022xsv\/#webpage\",\"url\":\"https:\/\/nautipescas.pt\/produto\/gpsmap-1022xsv\/\",\"name\":\"GPSMAP\u00ae 1022xsv - Nautipescas\",\"isPartOf\":{\"@id\":\"https:\/\/nautipescas.pt\/#website\"},\"primaryImageOfPage\":{\"@id\":\"https:\/\/nautipescas.pt\/produto\/gpsmap-1022xsv\/#primaryimage\"},\"datePublished\":\"2023-03-11T11:42:17+00:00\",\"dateModified\":\"2023-03-11T11:47:54+00:00\",\"breadcrumb\":{\"@id\":\"https:\/\/nautipescas.pt\/produto\/gpsmap-1022xsv\/#breadcrumb\"},\"inLanguage\":\"en-US\",\"potentialAction\":[{\"@type\":\"ReadAction\",\"target\":[\"https:\/\/nautipescas.pt\/produto\/gpsmap-1022xsv\/\"]}]},{\"@type\":\"BreadcrumbList\",\"@id\":\"https:\/\/nautipescas.pt\/produto\/gpsmap-1022xsv\/#breadcrumb\",\"itemListElement\":[{\"@type\":\"ListItem\",\"position\":1,\"name\":\"In\u00edcio\",\"item\":\"https:\/\/nautipescas.pt\/en\/\"},{\"@type\":\"ListItem\",\"position\":2,\"name\":\"Shop\",\"item\":\"https:\/\/nautipescas.pt\/en\/shop-fishing-store-near-me\/\"},{\"@type\":\"ListItem\",\"position\":3,\"name\":\"GPSMAP\u00ae 1022xsv\"}]}]}<\/script>\n<!-- \/ Yoast SEO plugin. -->","yoast_head_json":{"title":"GPSMAP\u00ae 1022xsv - Nautipescas","robots":{"index":"index","follow":"follow","max-snippet":"max-snippet:-1","max-image-preview":"max-image-preview:large","max-video-preview":"max-video-preview:-1"},"canonical":"https:\/\/nautipescas.pt\/produto\/gpsmap-1022xsv\/","og_locale":"en_US","og_type":"article","og_title":"GPSMAP\u00ae 1022xsv - Nautipescas","og_description":"UM PLOTTER CARTOGR\u00c1FICO PREMIUM PARA O ESP\u00cdRITO AVENTUREIRO Estes plotters cartogr\u00e1ficos incluem ecr\u00e3s grandes e brilhantes, bem como interfaces de teclado r\u00e1pidas e intuitivas, com bot\u00f5es program\u00e1veis pelo utilizador e bot\u00f5es de controlo multifun\u00e7\u00f5es para o ajudar a navegar com facilidade. F\u00edsico e Desempenho Tamanho do ecr\u00e3, LxA 22,4 x 12,5 cm; 10,1&#8243; (25,7 cm) &hellip; Read More \"GPSMAP\u00ae 1022xsv\"","og_url":"https:\/\/nautipescas.pt\/produto\/gpsmap-1022xsv\/","og_site_name":"Nautipescas","article_modified_time":"2023-03-11T11:47:54+00:00","og_image":[{"width":800,"height":800,"url":"https:\/\/nautipescas.pt\/wp-content\/uploads\/2023\/03\/rf-xl.webp","type":"image\/webp"}],"author":"Paulo Chaves","twitter_card":"summary_large_image","twitter_misc":{"Est. reading time":"2 minutes"},"schema":{"@context":"https:\/\/schema.org","@graph":[{"@type":"WebSite","@id":"https:\/\/nautipescas.pt\/#website","url":"https:\/\/nautipescas.pt\/","name":"Nautipescas","description":"","potentialAction":[{"@type":"SearchAction","target":{"@type":"EntryPoint","urlTemplate":"https:\/\/nautipescas.pt\/?s={search_term_string}"},"query-input":"required name=search_term_string"}],"inLanguage":"en-US"},{"@type":"ImageObject","inLanguage":"en-US","@id":"https:\/\/nautipescas.pt\/produto\/gpsmap-1022xsv\/#primaryimage","url":"https:\/\/nautipescas.pt\/wp-content\/uploads\/2023\/03\/rf-xl.webp","contentUrl":"https:\/\/nautipescas.pt\/wp-content\/uploads\/2023\/03\/rf-xl.webp","width":800,"height":800},{"@type":"WebPage","@id":"https:\/\/nautipescas.pt\/produto\/gpsmap-1022xsv\/#webpage","url":"https:\/\/nautipescas.pt\/produto\/gpsmap-1022xsv\/","name":"GPSMAP\u00ae 1022xsv - Nautipescas","isPartOf":{"@id":"https:\/\/nautipescas.pt\/#website"},"primaryImageOfPage":{"@id":"https:\/\/nautipescas.pt\/produto\/gpsmap-1022xsv\/#primaryimage"},"datePublished":"2023-03-11T11:42:17+00:00","dateModified":"2023-03-11T11:47:54+00:00","breadcrumb":{"@id":"https:\/\/nautipescas.pt\/produto\/gpsmap-1022xsv\/#breadcrumb"},"inLanguage":"en-US","potentialAction":[{"@type":"ReadAction","target":["https:\/\/nautipescas.pt\/produto\/gpsmap-1022xsv\/"]}]},{"@type":"BreadcrumbList","@id":"https:\/\/nautipescas.pt\/produto\/gpsmap-1022xsv\/#breadcrumb","itemListElement":[{"@type":"ListItem","position":1,"name":"In\u00edcio","item":"https:\/\/nautipescas.pt\/en\/"},{"@type":"ListItem","position":2,"name":"Shop","item":"https:\/\/nautipescas.pt\/en\/shop-fishing-store-near-me\/"},{"@type":"ListItem","position":3,"name":"GPSMAP\u00ae 1022xsv"}]}]}},"_links":{"self":[{"href":"https:\/\/nautipescas.pt\/en\/wp-json\/wp\/v2\/product\/6132","targetHints":{"allow":["GET"]}}],"collection":[{"href":"https:\/\/nautipescas.pt\/en\/wp-json\/wp\/v2\/product"}],"about":[{"href":"https:\/\/nautipescas.pt\/en\/wp-json\/wp\/v2\/types\/product"}],"wp:featuredmedia":[{"embeddable":true,"href":"https:\/\/nautipescas.pt\/en\/wp-json\/wp\/v2\/media\/6133"}],"wp:attachment":[{"href":"https:\/\/nautipescas.pt\/en\/wp-json\/wp\/v2\/media?parent=6132"}],"wp:term":[{"taxonomy":"product_cat","embeddable":true,"href":"https:\/\/nautipescas.pt\/en\/wp-json\/wp\/v2\/product_cat?post=6132"},{"taxonomy":"product_tag","embeddable":true,"href":"https:\/\/nautipescas.pt\/en\/wp-json\/wp\/v2\/product_tag?post=6132"},{"taxonomy":"marcas","embeddable":true,"href":"https:\/\/nautipescas.pt\/en\/wp-json\/wp\/v2\/marcas?post=6132"}],"curies":[{"name":"wp","href":"https:\/\/api.w.org\/{rel}","templated":true}]}}