{"id":6319,"date":"2023-03-17T12:49:53","date_gmt":"2023-03-17T12:49:53","guid":{"rendered":"https:\/\/nautipescas.pt\/?post_type=product&#038;p=6319"},"modified":"2023-03-17T12:49:53","modified_gmt":"2023-03-17T12:49:53","slug":"fio-shimano-ocea-fluorcarbon-leader","status":"publish","type":"product","link":"https:\/\/nautipescas.pt\/en\/produto\/fio-shimano-ocea-fluorcarbon-leader\/","title":{"rendered":"FIO SHIMANO OCEA FLUORCARBON LEADER"},"content":{"rendered":"<div class=\"span9\">\n<div class=\"tabbable margin-top\">\n<div class=\"tab-content\">\n<div id=\"tab-description\" class=\"tab-pane active\">\n<p>A linha de fluorocarbono, como o novo EX Fluoro Ocea Leader da Shimano, oferece uma s\u00e9rie de vantagens para pescadores exigentes que lidam com peixes cautelosos em condi\u00e7\u00f5es de pesca dif\u00edceis.<\/p>\n<p>\u00c9 mais fino do que o nylon de ruptura equivalente, altamente resistente \u00e0 abras\u00e3o, n\u00e3o absorve \u00e1gua, ent\u00e3o afunda mais r\u00e1pido, tem uma cor clara e, com seu \u00edndice de refra\u00e7\u00e3o sendo muito pr\u00f3ximo ao da \u00e1gua, \u00e9, portanto, menos vis\u00edvel para os peixes.<\/p>\n<p>A estrutura do Ocea Leader tamb\u00e9m \u00e9 bastante diferente, pois tem um n\u00facleo de fl\u00faor macio para a for\u00e7a do n\u00f3, uma casca externa dura para resist\u00eancia \u00e0 abras\u00e3o e, em seguida, um revestimento de fl\u00faor sobre ele para fornecer um acabamento de superf\u00edcie liso.<\/p>\n<p>Ele vem em bobinas de dispensador de 50m com um retentor de linha<\/p>\n<p>&nbsp;<\/p>\n<p><strong>6 Lb &#8211; 0.204mm<\/strong><\/p>\n<p><strong>10 Lb &#8211; 0.265mm<\/strong><\/p>\n<p><strong>12 Lb &#8211; 0.336mm<\/strong><\/p>\n<p><strong>16 Lb &#8211; 0.336mm<\/strong><\/p>\n<p><strong>20 Lb &#8211; 0.378mm<\/strong><\/p>\n<p><strong>25 Lb &#8211; 0.406mm<\/strong><\/p>\n<p><strong>30 Lb &#8211; 0.476mm<\/strong><\/p>\n<p><strong>40Lb &#8211; 0.577mm<\/strong><\/p>\n<p><strong>50 Lb &#8211; 0.628mm<\/strong><\/p>\n<p><strong>60 Lb &#8211; 0.713mm<\/strong><\/p>\n<\/div>\n<div class=\"well well-small margin-top\">\n<div class=\"share \"><i class=\"fa fa-lg fa-facebook fa-fw\"><\/i> \u00a0 <i class=\"fa fa-lg fa-whatsapp fa-fw\"><\/i><\/div>\n<\/div>\n<\/div>\n<\/div>\n<\/div>\n","protected":false},"excerpt":{"rendered":"<p>A linha de fluorocarbono, como o novo EX Fluoro Ocea Leader da Shimano, oferece uma s\u00e9rie de vantagens para pescadores exigentes que lidam com peixes cautelosos em condi\u00e7\u00f5es de pesca dif\u00edceis. \u00c9 mais fino do que o nylon de ruptura equivalente, altamente resistente \u00e0 abras\u00e3o, n\u00e3o absorve \u00e1gua, ent\u00e3o afunda mais r\u00e1pido, tem uma cor &hellip; <\/p>\n<p class=\"more-link-wrap\"><a href=\"https:\/\/nautipescas.pt\/en\/produto\/fio-shimano-ocea-fluorcarbon-leader\/\" class=\"more-link\"><span>Read More<span class=\"screen-reader-text\"> &#8220;FIO SHIMANO OCEA FLUORCARBON LEADER&#8221;<\/span><\/span><\/a><\/p>\n","protected":false},"featured_media":6325,"template":"","meta":{"inline_featured_image":false},"product_cat":[228,148],"product_tag":[],"marcas":[132],"class_list":["post-6319","product","type-product","status-publish","has-post-thumbnail","hentry","product_cat-fios-de-fluorcarbon","product_cat-pesca","marcas-shimano"],"acf":[],"yoast_head":"<!-- This site is optimized with the Yoast SEO plugin v19.2 - https:\/\/yoast.com\/wordpress\/plugins\/seo\/ -->\n<title>FIO SHIMANO OCEA FLUORCARBON LEADER - Nautipescas<\/title>\n<meta name=\"robots\" content=\"index, follow, max-snippet:-1, max-image-preview:large, max-video-preview:-1\" \/>\n<link rel=\"canonical\" href=\"https:\/\/nautipescas.pt\/produto\/fio-shimano-ocea-fluorcarbon-leader\/\" \/>\n<meta property=\"og:locale\" content=\"en_US\" \/>\n<meta property=\"og:type\" content=\"article\" \/>\n<meta property=\"og:title\" content=\"FIO SHIMANO OCEA FLUORCARBON LEADER - Nautipescas\" \/>\n<meta property=\"og:description\" content=\"A linha de fluorocarbono, como o novo EX Fluoro Ocea Leader da Shimano, oferece uma s\u00e9rie de vantagens para pescadores exigentes que lidam com peixes cautelosos em condi\u00e7\u00f5es de pesca dif\u00edceis. \u00c9 mais fino do que o nylon de ruptura equivalente, altamente resistente \u00e0 abras\u00e3o, n\u00e3o absorve \u00e1gua, ent\u00e3o afunda mais r\u00e1pido, tem uma cor &hellip; Read More &quot;FIO SHIMANO OCEA FLUORCARBON LEADER&quot;\" \/>\n<meta property=\"og:url\" content=\"https:\/\/nautipescas.pt\/produto\/fio-shimano-ocea-fluorcarbon-leader\/\" \/>\n<meta property=\"og:site_name\" content=\"Nautipescas\" \/>\n<meta property=\"og:image\" content=\"https:\/\/nautipescas.pt\/wp-content\/uploads\/2023\/03\/wpx_89db7a7d18af067a476760b006f99e25.jpg\" \/>\n\t<meta property=\"og:image:width\" content=\"1200\" \/>\n\t<meta property=\"og:image:height\" content=\"1200\" \/>\n\t<meta property=\"og:image:type\" content=\"image\/jpeg\" \/>\n<meta name=\"author\" content=\"Paulo Chaves\" \/>\n<meta name=\"twitter:card\" content=\"summary_large_image\" \/>\n<meta name=\"twitter:label1\" content=\"Est. reading time\" \/>\n\t<meta name=\"twitter:data1\" content=\"1 minute\" \/>\n<script type=\"application\/ld+json\" class=\"yoast-schema-graph\">{\"@context\":\"https:\/\/schema.org\",\"@graph\":[{\"@type\":\"WebSite\",\"@id\":\"https:\/\/nautipescas.pt\/#website\",\"url\":\"https:\/\/nautipescas.pt\/\",\"name\":\"Nautipescas\",\"description\":\"\",\"potentialAction\":[{\"@type\":\"SearchAction\",\"target\":{\"@type\":\"EntryPoint\",\"urlTemplate\":\"https:\/\/nautipescas.pt\/?s={search_term_string}\"},\"query-input\":\"required name=search_term_string\"}],\"inLanguage\":\"en-US\"},{\"@type\":\"ImageObject\",\"inLanguage\":\"en-US\",\"@id\":\"https:\/\/nautipescas.pt\/produto\/fio-shimano-ocea-fluorcarbon-leader\/#primaryimage\",\"url\":\"https:\/\/nautipescas.pt\/wp-content\/uploads\/2023\/03\/wpx_89db7a7d18af067a476760b006f99e25.jpg\",\"contentUrl\":\"https:\/\/nautipescas.pt\/wp-content\/uploads\/2023\/03\/wpx_89db7a7d18af067a476760b006f99e25.jpg\",\"width\":1200,\"height\":1200},{\"@type\":\"WebPage\",\"@id\":\"https:\/\/nautipescas.pt\/produto\/fio-shimano-ocea-fluorcarbon-leader\/#webpage\",\"url\":\"https:\/\/nautipescas.pt\/produto\/fio-shimano-ocea-fluorcarbon-leader\/\",\"name\":\"FIO SHIMANO OCEA FLUORCARBON LEADER - Nautipescas\",\"isPartOf\":{\"@id\":\"https:\/\/nautipescas.pt\/#website\"},\"primaryImageOfPage\":{\"@id\":\"https:\/\/nautipescas.pt\/produto\/fio-shimano-ocea-fluorcarbon-leader\/#primaryimage\"},\"datePublished\":\"2023-03-17T12:49:53+00:00\",\"dateModified\":\"2023-03-17T12:49:53+00:00\",\"breadcrumb\":{\"@id\":\"https:\/\/nautipescas.pt\/produto\/fio-shimano-ocea-fluorcarbon-leader\/#breadcrumb\"},\"inLanguage\":\"en-US\",\"potentialAction\":[{\"@type\":\"ReadAction\",\"target\":[\"https:\/\/nautipescas.pt\/produto\/fio-shimano-ocea-fluorcarbon-leader\/\"]}]},{\"@type\":\"BreadcrumbList\",\"@id\":\"https:\/\/nautipescas.pt\/produto\/fio-shimano-ocea-fluorcarbon-leader\/#breadcrumb\",\"itemListElement\":[{\"@type\":\"ListItem\",\"position\":1,\"name\":\"In\u00edcio\",\"item\":\"https:\/\/nautipescas.pt\/en\/\"},{\"@type\":\"ListItem\",\"position\":2,\"name\":\"Shop\",\"item\":\"https:\/\/nautipescas.pt\/en\/shop-fishing-store-near-me\/\"},{\"@type\":\"ListItem\",\"position\":3,\"name\":\"FIO SHIMANO OCEA FLUORCARBON LEADER\"}]}]}<\/script>\n<!-- \/ Yoast SEO plugin. -->","yoast_head_json":{"title":"FIO SHIMANO OCEA FLUORCARBON LEADER - Nautipescas","robots":{"index":"index","follow":"follow","max-snippet":"max-snippet:-1","max-image-preview":"max-image-preview:large","max-video-preview":"max-video-preview:-1"},"canonical":"https:\/\/nautipescas.pt\/produto\/fio-shimano-ocea-fluorcarbon-leader\/","og_locale":"en_US","og_type":"article","og_title":"FIO SHIMANO OCEA FLUORCARBON LEADER - Nautipescas","og_description":"A linha de fluorocarbono, como o novo EX Fluoro Ocea Leader da Shimano, oferece uma s\u00e9rie de vantagens para pescadores exigentes que lidam com peixes cautelosos em condi\u00e7\u00f5es de pesca dif\u00edceis. \u00c9 mais fino do que o nylon de ruptura equivalente, altamente resistente \u00e0 abras\u00e3o, n\u00e3o absorve \u00e1gua, ent\u00e3o afunda mais r\u00e1pido, tem uma cor &hellip; Read More \"FIO SHIMANO OCEA FLUORCARBON LEADER\"","og_url":"https:\/\/nautipescas.pt\/produto\/fio-shimano-ocea-fluorcarbon-leader\/","og_site_name":"Nautipescas","og_image":[{"width":1200,"height":1200,"url":"https:\/\/nautipescas.pt\/wp-content\/uploads\/2023\/03\/wpx_89db7a7d18af067a476760b006f99e25.jpg","type":"image\/jpeg"}],"author":"Paulo Chaves","twitter_card":"summary_large_image","twitter_misc":{"Est. reading time":"1 minute"},"schema":{"@context":"https:\/\/schema.org","@graph":[{"@type":"WebSite","@id":"https:\/\/nautipescas.pt\/#website","url":"https:\/\/nautipescas.pt\/","name":"Nautipescas","description":"","potentialAction":[{"@type":"SearchAction","target":{"@type":"EntryPoint","urlTemplate":"https:\/\/nautipescas.pt\/?s={search_term_string}"},"query-input":"required name=search_term_string"}],"inLanguage":"en-US"},{"@type":"ImageObject","inLanguage":"en-US","@id":"https:\/\/nautipescas.pt\/produto\/fio-shimano-ocea-fluorcarbon-leader\/#primaryimage","url":"https:\/\/nautipescas.pt\/wp-content\/uploads\/2023\/03\/wpx_89db7a7d18af067a476760b006f99e25.jpg","contentUrl":"https:\/\/nautipescas.pt\/wp-content\/uploads\/2023\/03\/wpx_89db7a7d18af067a476760b006f99e25.jpg","width":1200,"height":1200},{"@type":"WebPage","@id":"https:\/\/nautipescas.pt\/produto\/fio-shimano-ocea-fluorcarbon-leader\/#webpage","url":"https:\/\/nautipescas.pt\/produto\/fio-shimano-ocea-fluorcarbon-leader\/","name":"FIO SHIMANO OCEA FLUORCARBON LEADER - Nautipescas","isPartOf":{"@id":"https:\/\/nautipescas.pt\/#website"},"primaryImageOfPage":{"@id":"https:\/\/nautipescas.pt\/produto\/fio-shimano-ocea-fluorcarbon-leader\/#primaryimage"},"datePublished":"2023-03-17T12:49:53+00:00","dateModified":"2023-03-17T12:49:53+00:00","breadcrumb":{"@id":"https:\/\/nautipescas.pt\/produto\/fio-shimano-ocea-fluorcarbon-leader\/#breadcrumb"},"inLanguage":"en-US","potentialAction":[{"@type":"ReadAction","target":["https:\/\/nautipescas.pt\/produto\/fio-shimano-ocea-fluorcarbon-leader\/"]}]},{"@type":"BreadcrumbList","@id":"https:\/\/nautipescas.pt\/produto\/fio-shimano-ocea-fluorcarbon-leader\/#breadcrumb","itemListElement":[{"@type":"ListItem","position":1,"name":"In\u00edcio","item":"https:\/\/nautipescas.pt\/en\/"},{"@type":"ListItem","position":2,"name":"Shop","item":"https:\/\/nautipescas.pt\/en\/shop-fishing-store-near-me\/"},{"@type":"ListItem","position":3,"name":"FIO SHIMANO OCEA FLUORCARBON LEADER"}]}]}},"_links":{"self":[{"href":"https:\/\/nautipescas.pt\/en\/wp-json\/wp\/v2\/product\/6319","targetHints":{"allow":["GET"]}}],"collection":[{"href":"https:\/\/nautipescas.pt\/en\/wp-json\/wp\/v2\/product"}],"about":[{"href":"https:\/\/nautipescas.pt\/en\/wp-json\/wp\/v2\/types\/product"}],"wp:featuredmedia":[{"embeddable":true,"href":"https:\/\/nautipescas.pt\/en\/wp-json\/wp\/v2\/media\/6325"}],"wp:attachment":[{"href":"https:\/\/nautipescas.pt\/en\/wp-json\/wp\/v2\/media?parent=6319"}],"wp:term":[{"taxonomy":"product_cat","embeddable":true,"href":"https:\/\/nautipescas.pt\/en\/wp-json\/wp\/v2\/product_cat?post=6319"},{"taxonomy":"product_tag","embeddable":true,"href":"https:\/\/nautipescas.pt\/en\/wp-json\/wp\/v2\/product_tag?post=6319"},{"taxonomy":"marcas","embeddable":true,"href":"https:\/\/nautipescas.pt\/en\/wp-json\/wp\/v2\/marcas?post=6319"}],"curies":[{"name":"wp","href":"https:\/\/api.w.org\/{rel}","templated":true}]}}