{"id":6418,"date":"2023-03-17T15:01:17","date_gmt":"2023-03-17T15:01:17","guid":{"rendered":"https:\/\/nautipescas.pt\/?post_type=product&#038;p=6418"},"modified":"2026-03-16T16:51:22","modified_gmt":"2026-03-16T16:51:22","slug":"luvas-mustad-half-finger-casting-glove","status":"publish","type":"product","link":"https:\/\/nautipescas.pt\/en\/produto\/luvas-mustad-half-finger-casting-glove\/","title":{"rendered":"LUVAS MUSTAD HALF FINGER CASTING GLOVE"},"content":{"rendered":"<p>A luva Mustad Half Finger Casting proporcionar\u00e1 liberdade para manusear seu equipamento, trocar uma amostra ou escolher uma nova isca da sua caixa de equipamento, sem tirar a luva. Esta luva para todas as esta\u00e7\u00f5es apresenta um ajuste leve e confort\u00e1vel, al\u00e7a de pulso de velcro ajust\u00e1vel e materiais dur\u00e1veis.<\/p>\n","protected":false},"excerpt":{"rendered":"<p>A luva Mustad Half Finger Casting proporcionar\u00e1 liberdade para manusear seu equipamento, trocar uma amostra ou escolher uma nova isca da sua caixa de equipamento, sem tirar a luva. Esta luva para todas as esta\u00e7\u00f5es apresenta um ajuste leve e confort\u00e1vel, al\u00e7a de pulso de velcro ajust\u00e1vel e materiais dur\u00e1veis.<\/p>\n","protected":false},"featured_media":6422,"template":"","meta":{"inline_featured_image":false},"product_cat":[148,251],"product_tag":[],"marcas":[],"class_list":["post-6418","product","type-product","status-publish","has-post-thumbnail","hentry","product_cat-pesca","product_cat-roupas-sapatos-bones"],"acf":[],"yoast_head":"<!-- This site is optimized with the Yoast SEO plugin v19.2 - https:\/\/yoast.com\/wordpress\/plugins\/seo\/ -->\n<title>LUVAS MUSTAD HALF FINGER CASTING GLOVE - Nautipescas<\/title>\n<meta name=\"robots\" content=\"index, follow, max-snippet:-1, max-image-preview:large, max-video-preview:-1\" \/>\n<link rel=\"canonical\" href=\"https:\/\/nautipescas.pt\/produto\/luvas-mustad-half-finger-casting-glove\/\" \/>\n<meta property=\"og:locale\" content=\"en_US\" \/>\n<meta property=\"og:type\" content=\"article\" \/>\n<meta property=\"og:title\" content=\"LUVAS MUSTAD HALF FINGER CASTING GLOVE - Nautipescas\" \/>\n<meta property=\"og:description\" content=\"A luva Mustad Half Finger Casting proporcionar\u00e1 liberdade para manusear seu equipamento, trocar uma amostra ou escolher uma nova isca da sua caixa de equipamento, sem tirar a luva. Esta luva para todas as esta\u00e7\u00f5es apresenta um ajuste leve e confort\u00e1vel, al\u00e7a de pulso de velcro ajust\u00e1vel e materiais dur\u00e1veis.\" \/>\n<meta property=\"og:url\" content=\"https:\/\/nautipescas.pt\/produto\/luvas-mustad-half-finger-casting-glove\/\" \/>\n<meta property=\"og:site_name\" content=\"Nautipescas\" \/>\n<meta property=\"article:modified_time\" content=\"2026-03-16T16:51:22+00:00\" \/>\n<meta property=\"og:image\" content=\"https:\/\/nautipescas.pt\/wp-content\/uploads\/2023\/03\/71k1Fw50e3L._AC_UF10001000_QL80_.jpg\" \/>\n\t<meta property=\"og:image:width\" content=\"1000\" \/>\n\t<meta property=\"og:image:height\" content=\"805\" \/>\n\t<meta property=\"og:image:type\" content=\"image\/jpeg\" \/>\n<meta name=\"author\" content=\"Paulo Chaves\" \/>\n<meta name=\"twitter:card\" content=\"summary_large_image\" \/>\n<meta name=\"twitter:label1\" content=\"Est. reading time\" \/>\n\t<meta name=\"twitter:data1\" content=\"1 minute\" \/>\n<script type=\"application\/ld+json\" class=\"yoast-schema-graph\">{\"@context\":\"https:\/\/schema.org\",\"@graph\":[{\"@type\":\"WebSite\",\"@id\":\"https:\/\/nautipescas.pt\/#website\",\"url\":\"https:\/\/nautipescas.pt\/\",\"name\":\"Nautipescas\",\"description\":\"\",\"potentialAction\":[{\"@type\":\"SearchAction\",\"target\":{\"@type\":\"EntryPoint\",\"urlTemplate\":\"https:\/\/nautipescas.pt\/?s={search_term_string}\"},\"query-input\":\"required name=search_term_string\"}],\"inLanguage\":\"en-US\"},{\"@type\":\"ImageObject\",\"inLanguage\":\"en-US\",\"@id\":\"https:\/\/nautipescas.pt\/produto\/luvas-mustad-half-finger-casting-glove\/#primaryimage\",\"url\":\"https:\/\/nautipescas.pt\/wp-content\/uploads\/2023\/03\/71k1Fw50e3L._AC_UF10001000_QL80_.jpg\",\"contentUrl\":\"https:\/\/nautipescas.pt\/wp-content\/uploads\/2023\/03\/71k1Fw50e3L._AC_UF10001000_QL80_.jpg\",\"width\":1000,\"height\":805},{\"@type\":\"WebPage\",\"@id\":\"https:\/\/nautipescas.pt\/produto\/luvas-mustad-half-finger-casting-glove\/#webpage\",\"url\":\"https:\/\/nautipescas.pt\/produto\/luvas-mustad-half-finger-casting-glove\/\",\"name\":\"LUVAS MUSTAD HALF FINGER CASTING GLOVE - Nautipescas\",\"isPartOf\":{\"@id\":\"https:\/\/nautipescas.pt\/#website\"},\"primaryImageOfPage\":{\"@id\":\"https:\/\/nautipescas.pt\/produto\/luvas-mustad-half-finger-casting-glove\/#primaryimage\"},\"datePublished\":\"2023-03-17T15:01:17+00:00\",\"dateModified\":\"2026-03-16T16:51:22+00:00\",\"breadcrumb\":{\"@id\":\"https:\/\/nautipescas.pt\/produto\/luvas-mustad-half-finger-casting-glove\/#breadcrumb\"},\"inLanguage\":\"en-US\",\"potentialAction\":[{\"@type\":\"ReadAction\",\"target\":[\"https:\/\/nautipescas.pt\/produto\/luvas-mustad-half-finger-casting-glove\/\"]}]},{\"@type\":\"BreadcrumbList\",\"@id\":\"https:\/\/nautipescas.pt\/produto\/luvas-mustad-half-finger-casting-glove\/#breadcrumb\",\"itemListElement\":[{\"@type\":\"ListItem\",\"position\":1,\"name\":\"In\u00edcio\",\"item\":\"https:\/\/nautipescas.pt\/en\/\"},{\"@type\":\"ListItem\",\"position\":2,\"name\":\"Shop\",\"item\":\"https:\/\/nautipescas.pt\/en\/shop-fishing-store-near-me\/\"},{\"@type\":\"ListItem\",\"position\":3,\"name\":\"LUVAS MUSTAD HALF FINGER CASTING GLOVE\"}]}]}<\/script>\n<!-- \/ Yoast SEO plugin. -->","yoast_head_json":{"title":"LUVAS MUSTAD HALF FINGER CASTING GLOVE - Nautipescas","robots":{"index":"index","follow":"follow","max-snippet":"max-snippet:-1","max-image-preview":"max-image-preview:large","max-video-preview":"max-video-preview:-1"},"canonical":"https:\/\/nautipescas.pt\/produto\/luvas-mustad-half-finger-casting-glove\/","og_locale":"en_US","og_type":"article","og_title":"LUVAS MUSTAD HALF FINGER CASTING GLOVE - Nautipescas","og_description":"A luva Mustad Half Finger Casting proporcionar\u00e1 liberdade para manusear seu equipamento, trocar uma amostra ou escolher uma nova isca da sua caixa de equipamento, sem tirar a luva. Esta luva para todas as esta\u00e7\u00f5es apresenta um ajuste leve e confort\u00e1vel, al\u00e7a de pulso de velcro ajust\u00e1vel e materiais dur\u00e1veis.","og_url":"https:\/\/nautipescas.pt\/produto\/luvas-mustad-half-finger-casting-glove\/","og_site_name":"Nautipescas","article_modified_time":"2026-03-16T16:51:22+00:00","og_image":[{"width":1000,"height":805,"url":"https:\/\/nautipescas.pt\/wp-content\/uploads\/2023\/03\/71k1Fw50e3L._AC_UF10001000_QL80_.jpg","type":"image\/jpeg"}],"author":"Paulo Chaves","twitter_card":"summary_large_image","twitter_misc":{"Est. reading time":"1 minute"},"schema":{"@context":"https:\/\/schema.org","@graph":[{"@type":"WebSite","@id":"https:\/\/nautipescas.pt\/#website","url":"https:\/\/nautipescas.pt\/","name":"Nautipescas","description":"","potentialAction":[{"@type":"SearchAction","target":{"@type":"EntryPoint","urlTemplate":"https:\/\/nautipescas.pt\/?s={search_term_string}"},"query-input":"required name=search_term_string"}],"inLanguage":"en-US"},{"@type":"ImageObject","inLanguage":"en-US","@id":"https:\/\/nautipescas.pt\/produto\/luvas-mustad-half-finger-casting-glove\/#primaryimage","url":"https:\/\/nautipescas.pt\/wp-content\/uploads\/2023\/03\/71k1Fw50e3L._AC_UF10001000_QL80_.jpg","contentUrl":"https:\/\/nautipescas.pt\/wp-content\/uploads\/2023\/03\/71k1Fw50e3L._AC_UF10001000_QL80_.jpg","width":1000,"height":805},{"@type":"WebPage","@id":"https:\/\/nautipescas.pt\/produto\/luvas-mustad-half-finger-casting-glove\/#webpage","url":"https:\/\/nautipescas.pt\/produto\/luvas-mustad-half-finger-casting-glove\/","name":"LUVAS MUSTAD HALF FINGER CASTING GLOVE - Nautipescas","isPartOf":{"@id":"https:\/\/nautipescas.pt\/#website"},"primaryImageOfPage":{"@id":"https:\/\/nautipescas.pt\/produto\/luvas-mustad-half-finger-casting-glove\/#primaryimage"},"datePublished":"2023-03-17T15:01:17+00:00","dateModified":"2026-03-16T16:51:22+00:00","breadcrumb":{"@id":"https:\/\/nautipescas.pt\/produto\/luvas-mustad-half-finger-casting-glove\/#breadcrumb"},"inLanguage":"en-US","potentialAction":[{"@type":"ReadAction","target":["https:\/\/nautipescas.pt\/produto\/luvas-mustad-half-finger-casting-glove\/"]}]},{"@type":"BreadcrumbList","@id":"https:\/\/nautipescas.pt\/produto\/luvas-mustad-half-finger-casting-glove\/#breadcrumb","itemListElement":[{"@type":"ListItem","position":1,"name":"In\u00edcio","item":"https:\/\/nautipescas.pt\/en\/"},{"@type":"ListItem","position":2,"name":"Shop","item":"https:\/\/nautipescas.pt\/en\/shop-fishing-store-near-me\/"},{"@type":"ListItem","position":3,"name":"LUVAS MUSTAD HALF FINGER CASTING GLOVE"}]}]}},"_links":{"self":[{"href":"https:\/\/nautipescas.pt\/en\/wp-json\/wp\/v2\/product\/6418","targetHints":{"allow":["GET"]}}],"collection":[{"href":"https:\/\/nautipescas.pt\/en\/wp-json\/wp\/v2\/product"}],"about":[{"href":"https:\/\/nautipescas.pt\/en\/wp-json\/wp\/v2\/types\/product"}],"wp:featuredmedia":[{"embeddable":true,"href":"https:\/\/nautipescas.pt\/en\/wp-json\/wp\/v2\/media\/6422"}],"wp:attachment":[{"href":"https:\/\/nautipescas.pt\/en\/wp-json\/wp\/v2\/media?parent=6418"}],"wp:term":[{"taxonomy":"product_cat","embeddable":true,"href":"https:\/\/nautipescas.pt\/en\/wp-json\/wp\/v2\/product_cat?post=6418"},{"taxonomy":"product_tag","embeddable":true,"href":"https:\/\/nautipescas.pt\/en\/wp-json\/wp\/v2\/product_tag?post=6418"},{"taxonomy":"marcas","embeddable":true,"href":"https:\/\/nautipescas.pt\/en\/wp-json\/wp\/v2\/marcas?post=6418"}],"curies":[{"name":"wp","href":"https:\/\/api.w.org\/{rel}","templated":true}]}}