{"id":6475,"date":"2023-03-17T16:41:44","date_gmt":"2023-03-17T16:41:44","guid":{"rendered":"https:\/\/nautipescas.pt\/?post_type=product&#038;p=6475"},"modified":"2023-10-07T10:14:04","modified_gmt":"2023-10-07T10:14:04","slug":"computador-mergulho-xp10-subgear","status":"publish","type":"product","link":"https:\/\/nautipescas.pt\/en\/produto\/computador-mergulho-xp10-subgear\/","title":{"rendered":"COMPUTADOR MERGULHO XP10 SUBGEAR"},"content":{"rendered":"<p><strong>Computador para Mergulho Subgear XP 10<\/strong><\/p>\n<p>&nbsp;<\/p>\n<p>Computadorpara mergulho\u00a0 projetado para mergulhadores que apreciam informa\u00e7\u00f5es detalhadas, mas de f\u00e1cil acesso.<\/p>\n<p>XP10 \u00e9 realmente um computador de mergulho completo para todos os n\u00edveis de aventura.<\/p>\n<p>Ele exibe dados de mergulho e descompress\u00e3o todos importantes al\u00e9m de mem\u00f3ria de dados de mergulho completo.<\/p>\n<p>Configura\u00e7\u00f5es Nitrox entre 21% e 50% em incrementos de 1%<\/p>\n<p>Fun\u00e7\u00f5es do rel\u00f3gio completa<\/p>\n<p>Escolha de ajustes b\u00e1sicos, sem a necessidade de um PC<\/p>\n<p>PpO2 ajust\u00e1vel entre 1,0 e 1.6bar<\/p>\n<p>Luz de fundo, alarmes visuais e sonoros<\/p>\n<p>Temporizador para Paragens de seguran\u00e7a<\/p>\n<p>Os dados podem ser transmitidos atrav\u00e9s da interface de infravermelhos (IrDA) com software Dive.Log para um PC com Windows\u00ae<\/p>\n<p>Dispon\u00edvel em pulso<\/p>\n","protected":false},"excerpt":{"rendered":"<p>Computador para Mergulho Subgear XP 10 &nbsp; Computadorpara mergulho\u00a0 projetado para mergulhadores que apreciam informa\u00e7\u00f5es detalhadas, mas de f\u00e1cil acesso. XP10 \u00e9 realmente um computador de mergulho completo para todos os n\u00edveis de aventura. Ele exibe dados de mergulho e descompress\u00e3o todos importantes al\u00e9m de mem\u00f3ria de dados de mergulho completo. Configura\u00e7\u00f5es Nitrox entre 21% &hellip; <\/p>\n<p class=\"more-link-wrap\"><a href=\"https:\/\/nautipescas.pt\/en\/produto\/computador-mergulho-xp10-subgear\/\" class=\"more-link\"><span>Read More<span class=\"screen-reader-text\"> &#8220;COMPUTADOR MERGULHO XP10 SUBGEAR&#8221;<\/span><\/span><\/a><\/p>\n","protected":false},"featured_media":6476,"template":"","meta":{"inline_featured_image":false},"product_cat":[488,155],"product_tag":[],"marcas":[],"class_list":["post-6475","product","type-product","status-publish","has-post-thumbnail","hentry","product_cat-computadores-de-mergulho-apenea","product_cat-mergulho"],"acf":[],"yoast_head":"<!-- This site is optimized with the Yoast SEO plugin v19.2 - https:\/\/yoast.com\/wordpress\/plugins\/seo\/ -->\n<title>COMPUTADOR MERGULHO XP10 SUBGEAR - Nautipescas<\/title>\n<meta name=\"robots\" content=\"index, follow, max-snippet:-1, max-image-preview:large, max-video-preview:-1\" \/>\n<link rel=\"canonical\" href=\"https:\/\/nautipescas.pt\/produto\/computador-mergulho-xp10-subgear\/\" \/>\n<meta property=\"og:locale\" content=\"en_US\" \/>\n<meta property=\"og:type\" content=\"article\" \/>\n<meta property=\"og:title\" content=\"COMPUTADOR MERGULHO XP10 SUBGEAR - Nautipescas\" \/>\n<meta property=\"og:description\" content=\"Computador para Mergulho Subgear XP 10 &nbsp; Computadorpara mergulho\u00a0 projetado para mergulhadores que apreciam informa\u00e7\u00f5es detalhadas, mas de f\u00e1cil acesso. XP10 \u00e9 realmente um computador de mergulho completo para todos os n\u00edveis de aventura. Ele exibe dados de mergulho e descompress\u00e3o todos importantes al\u00e9m de mem\u00f3ria de dados de mergulho completo. Configura\u00e7\u00f5es Nitrox entre 21% &hellip; Read More &quot;COMPUTADOR MERGULHO XP10 SUBGEAR&quot;\" \/>\n<meta property=\"og:url\" content=\"https:\/\/nautipescas.pt\/produto\/computador-mergulho-xp10-subgear\/\" \/>\n<meta property=\"og:site_name\" content=\"Nautipescas\" \/>\n<meta property=\"article:modified_time\" content=\"2023-10-07T10:14:04+00:00\" \/>\n<meta property=\"og:image\" content=\"https:\/\/nautipescas.pt\/wp-content\/uploads\/2023\/03\/XP-10-1-720x720-1.jpg\" \/>\n\t<meta property=\"og:image:width\" content=\"720\" \/>\n\t<meta property=\"og:image:height\" content=\"720\" \/>\n\t<meta property=\"og:image:type\" content=\"image\/jpeg\" \/>\n<meta name=\"author\" content=\"Paulo Chaves\" \/>\n<meta name=\"twitter:card\" content=\"summary_large_image\" \/>\n<meta name=\"twitter:label1\" content=\"Est. reading time\" \/>\n\t<meta name=\"twitter:data1\" content=\"1 minute\" \/>\n<script type=\"application\/ld+json\" class=\"yoast-schema-graph\">{\"@context\":\"https:\/\/schema.org\",\"@graph\":[{\"@type\":\"WebSite\",\"@id\":\"https:\/\/nautipescas.pt\/#website\",\"url\":\"https:\/\/nautipescas.pt\/\",\"name\":\"Nautipescas\",\"description\":\"\",\"potentialAction\":[{\"@type\":\"SearchAction\",\"target\":{\"@type\":\"EntryPoint\",\"urlTemplate\":\"https:\/\/nautipescas.pt\/?s={search_term_string}\"},\"query-input\":\"required name=search_term_string\"}],\"inLanguage\":\"en-US\"},{\"@type\":\"ImageObject\",\"inLanguage\":\"en-US\",\"@id\":\"https:\/\/nautipescas.pt\/produto\/computador-mergulho-xp10-subgear\/#primaryimage\",\"url\":\"https:\/\/nautipescas.pt\/wp-content\/uploads\/2023\/03\/XP-10-1-720x720-1.jpg\",\"contentUrl\":\"https:\/\/nautipescas.pt\/wp-content\/uploads\/2023\/03\/XP-10-1-720x720-1.jpg\",\"width\":720,\"height\":720},{\"@type\":\"WebPage\",\"@id\":\"https:\/\/nautipescas.pt\/produto\/computador-mergulho-xp10-subgear\/#webpage\",\"url\":\"https:\/\/nautipescas.pt\/produto\/computador-mergulho-xp10-subgear\/\",\"name\":\"COMPUTADOR MERGULHO XP10 SUBGEAR - Nautipescas\",\"isPartOf\":{\"@id\":\"https:\/\/nautipescas.pt\/#website\"},\"primaryImageOfPage\":{\"@id\":\"https:\/\/nautipescas.pt\/produto\/computador-mergulho-xp10-subgear\/#primaryimage\"},\"datePublished\":\"2023-03-17T16:41:44+00:00\",\"dateModified\":\"2023-10-07T10:14:04+00:00\",\"breadcrumb\":{\"@id\":\"https:\/\/nautipescas.pt\/produto\/computador-mergulho-xp10-subgear\/#breadcrumb\"},\"inLanguage\":\"en-US\",\"potentialAction\":[{\"@type\":\"ReadAction\",\"target\":[\"https:\/\/nautipescas.pt\/produto\/computador-mergulho-xp10-subgear\/\"]}]},{\"@type\":\"BreadcrumbList\",\"@id\":\"https:\/\/nautipescas.pt\/produto\/computador-mergulho-xp10-subgear\/#breadcrumb\",\"itemListElement\":[{\"@type\":\"ListItem\",\"position\":1,\"name\":\"In\u00edcio\",\"item\":\"https:\/\/nautipescas.pt\/en\/\"},{\"@type\":\"ListItem\",\"position\":2,\"name\":\"Shop\",\"item\":\"https:\/\/nautipescas.pt\/en\/shop-fishing-store-near-me\/\"},{\"@type\":\"ListItem\",\"position\":3,\"name\":\"COMPUTADOR MERGULHO XP10 SUBGEAR\"}]}]}<\/script>\n<!-- \/ Yoast SEO plugin. -->","yoast_head_json":{"title":"COMPUTADOR MERGULHO XP10 SUBGEAR - Nautipescas","robots":{"index":"index","follow":"follow","max-snippet":"max-snippet:-1","max-image-preview":"max-image-preview:large","max-video-preview":"max-video-preview:-1"},"canonical":"https:\/\/nautipescas.pt\/produto\/computador-mergulho-xp10-subgear\/","og_locale":"en_US","og_type":"article","og_title":"COMPUTADOR MERGULHO XP10 SUBGEAR - Nautipescas","og_description":"Computador para Mergulho Subgear XP 10 &nbsp; Computadorpara mergulho\u00a0 projetado para mergulhadores que apreciam informa\u00e7\u00f5es detalhadas, mas de f\u00e1cil acesso. XP10 \u00e9 realmente um computador de mergulho completo para todos os n\u00edveis de aventura. Ele exibe dados de mergulho e descompress\u00e3o todos importantes al\u00e9m de mem\u00f3ria de dados de mergulho completo. Configura\u00e7\u00f5es Nitrox entre 21% &hellip; Read More \"COMPUTADOR MERGULHO XP10 SUBGEAR\"","og_url":"https:\/\/nautipescas.pt\/produto\/computador-mergulho-xp10-subgear\/","og_site_name":"Nautipescas","article_modified_time":"2023-10-07T10:14:04+00:00","og_image":[{"width":720,"height":720,"url":"https:\/\/nautipescas.pt\/wp-content\/uploads\/2023\/03\/XP-10-1-720x720-1.jpg","type":"image\/jpeg"}],"author":"Paulo Chaves","twitter_card":"summary_large_image","twitter_misc":{"Est. reading time":"1 minute"},"schema":{"@context":"https:\/\/schema.org","@graph":[{"@type":"WebSite","@id":"https:\/\/nautipescas.pt\/#website","url":"https:\/\/nautipescas.pt\/","name":"Nautipescas","description":"","potentialAction":[{"@type":"SearchAction","target":{"@type":"EntryPoint","urlTemplate":"https:\/\/nautipescas.pt\/?s={search_term_string}"},"query-input":"required name=search_term_string"}],"inLanguage":"en-US"},{"@type":"ImageObject","inLanguage":"en-US","@id":"https:\/\/nautipescas.pt\/produto\/computador-mergulho-xp10-subgear\/#primaryimage","url":"https:\/\/nautipescas.pt\/wp-content\/uploads\/2023\/03\/XP-10-1-720x720-1.jpg","contentUrl":"https:\/\/nautipescas.pt\/wp-content\/uploads\/2023\/03\/XP-10-1-720x720-1.jpg","width":720,"height":720},{"@type":"WebPage","@id":"https:\/\/nautipescas.pt\/produto\/computador-mergulho-xp10-subgear\/#webpage","url":"https:\/\/nautipescas.pt\/produto\/computador-mergulho-xp10-subgear\/","name":"COMPUTADOR MERGULHO XP10 SUBGEAR - Nautipescas","isPartOf":{"@id":"https:\/\/nautipescas.pt\/#website"},"primaryImageOfPage":{"@id":"https:\/\/nautipescas.pt\/produto\/computador-mergulho-xp10-subgear\/#primaryimage"},"datePublished":"2023-03-17T16:41:44+00:00","dateModified":"2023-10-07T10:14:04+00:00","breadcrumb":{"@id":"https:\/\/nautipescas.pt\/produto\/computador-mergulho-xp10-subgear\/#breadcrumb"},"inLanguage":"en-US","potentialAction":[{"@type":"ReadAction","target":["https:\/\/nautipescas.pt\/produto\/computador-mergulho-xp10-subgear\/"]}]},{"@type":"BreadcrumbList","@id":"https:\/\/nautipescas.pt\/produto\/computador-mergulho-xp10-subgear\/#breadcrumb","itemListElement":[{"@type":"ListItem","position":1,"name":"In\u00edcio","item":"https:\/\/nautipescas.pt\/en\/"},{"@type":"ListItem","position":2,"name":"Shop","item":"https:\/\/nautipescas.pt\/en\/shop-fishing-store-near-me\/"},{"@type":"ListItem","position":3,"name":"COMPUTADOR MERGULHO XP10 SUBGEAR"}]}]}},"_links":{"self":[{"href":"https:\/\/nautipescas.pt\/en\/wp-json\/wp\/v2\/product\/6475","targetHints":{"allow":["GET"]}}],"collection":[{"href":"https:\/\/nautipescas.pt\/en\/wp-json\/wp\/v2\/product"}],"about":[{"href":"https:\/\/nautipescas.pt\/en\/wp-json\/wp\/v2\/types\/product"}],"wp:featuredmedia":[{"embeddable":true,"href":"https:\/\/nautipescas.pt\/en\/wp-json\/wp\/v2\/media\/6476"}],"wp:attachment":[{"href":"https:\/\/nautipescas.pt\/en\/wp-json\/wp\/v2\/media?parent=6475"}],"wp:term":[{"taxonomy":"product_cat","embeddable":true,"href":"https:\/\/nautipescas.pt\/en\/wp-json\/wp\/v2\/product_cat?post=6475"},{"taxonomy":"product_tag","embeddable":true,"href":"https:\/\/nautipescas.pt\/en\/wp-json\/wp\/v2\/product_tag?post=6475"},{"taxonomy":"marcas","embeddable":true,"href":"https:\/\/nautipescas.pt\/en\/wp-json\/wp\/v2\/marcas?post=6475"}],"curies":[{"name":"wp","href":"https:\/\/api.w.org\/{rel}","templated":true}]}}