{"id":6559,"date":"2023-03-28T16:31:47","date_gmt":"2023-03-28T16:31:47","guid":{"rendered":"https:\/\/nautipescas.pt\/?post_type=product&#038;p=6559"},"modified":"2024-11-20T16:49:13","modified_gmt":"2024-11-20T16:49:13","slug":"carreto-electrico-daiwa-tanacom-500","status":"publish","type":"product","link":"https:\/\/nautipescas.pt\/en\/produto\/carreto-electrico-daiwa-tanacom-500\/","title":{"rendered":"CARRETO ELECTRICO DAIWA TANACOM 500"},"content":{"rendered":"<div class=\"product-desc\">\n<p>Este carreto el\u00e9trico \u00e9 concebido para a pesca a grande profundidade ou para o palangre pesado. Disp\u00f5e da fun\u00e7\u00e3o program\u00e1vel &#8220;anima\u00e7\u00e3o&#8221; dita jigging.<\/p>\n<p>O manual de instru\u00e7\u00f5es pode ser descarregado a partir do seguinte link: www.daiwa.fr\/r68<\/p>\n<\/div>\n<ul class=\"product-specifications\">\n<li>Drag em estrela<\/li>\n<li>Rolamentos : 3<\/li>\n<li>Corpo aluminium e flanges polyamides<\/li>\n<li>Bobina alum\u00ednio<\/li>\n<li>Visor digital com indica\u00e7\u00e3o em metros<\/li>\n<li>Fornecido com um cabo de alimenta\u00e7\u00e3o (2,50 m) com pin\u00e7as<\/li>\n<li>Pot\u00eancia m\u00e1xima: 11A\/132W<\/li>\n<li>Tens\u00e3o: 12 a 16,8 V<\/li>\n<\/ul>\n","protected":false},"excerpt":{"rendered":"<p>Este carreto el\u00e9trico \u00e9 concebido para a pesca a grande profundidade ou para o palangre pesado. Disp\u00f5e da fun\u00e7\u00e3o program\u00e1vel &#8220;anima\u00e7\u00e3o&#8221; dita jigging. O manual de instru\u00e7\u00f5es pode ser descarregado a partir do seguinte link: www.daiwa.fr\/r68 Drag em estrela Rolamentos : 3 Corpo aluminium e flanges polyamides Bobina alum\u00ednio Visor digital com indica\u00e7\u00e3o em metros &hellip; <\/p>\n<p class=\"more-link-wrap\"><a href=\"https:\/\/nautipescas.pt\/en\/produto\/carreto-electrico-daiwa-tanacom-500\/\" class=\"more-link\"><span>Read More<span class=\"screen-reader-text\"> &#8220;CARRETO ELECTRICO DAIWA TANACOM 500&#8221;<\/span><\/span><\/a><\/p>\n","protected":false},"featured_media":6560,"template":"","meta":{"inline_featured_image":false},"product_cat":[169,148],"product_tag":[],"marcas":[131],"class_list":["post-6559","product","type-product","status-publish","has-post-thumbnail","hentry","product_cat-carretos-eletricos","product_cat-pesca","marcas-daiwa"],"acf":[],"yoast_head":"<!-- This site is optimized with the Yoast SEO plugin v19.2 - https:\/\/yoast.com\/wordpress\/plugins\/seo\/ -->\n<title>CARRETO ELECTRICO DAIWA TANACOM 500 - Nautipescas<\/title>\n<meta name=\"robots\" content=\"index, follow, max-snippet:-1, max-image-preview:large, max-video-preview:-1\" \/>\n<link rel=\"canonical\" href=\"https:\/\/nautipescas.pt\/produto\/carreto-electrico-daiwa-tanacom-500\/\" \/>\n<meta property=\"og:locale\" content=\"en_US\" \/>\n<meta property=\"og:type\" content=\"article\" \/>\n<meta property=\"og:title\" content=\"CARRETO ELECTRICO DAIWA TANACOM 500 - Nautipescas\" \/>\n<meta property=\"og:description\" content=\"Este carreto el\u00e9trico \u00e9 concebido para a pesca a grande profundidade ou para o palangre pesado. Disp\u00f5e da fun\u00e7\u00e3o program\u00e1vel &#8220;anima\u00e7\u00e3o&#8221; dita jigging. O manual de instru\u00e7\u00f5es pode ser descarregado a partir do seguinte link: www.daiwa.fr\/r68 Drag em estrela Rolamentos : 3 Corpo aluminium e flanges polyamides Bobina alum\u00ednio Visor digital com indica\u00e7\u00e3o em metros &hellip; Read More &quot;CARRETO ELECTRICO DAIWA TANACOM 500&quot;\" \/>\n<meta property=\"og:url\" content=\"https:\/\/nautipescas.pt\/produto\/carreto-electrico-daiwa-tanacom-500\/\" \/>\n<meta property=\"og:site_name\" content=\"Nautipescas\" \/>\n<meta property=\"article:modified_time\" content=\"2024-11-20T16:49:13+00:00\" \/>\n<meta property=\"og:image\" content=\"https:\/\/nautipescas.pt\/wp-content\/uploads\/2023\/03\/TN500U.jpg\" \/>\n\t<meta property=\"og:image:width\" content=\"1200\" \/>\n\t<meta property=\"og:image:height\" content=\"1200\" \/>\n\t<meta property=\"og:image:type\" content=\"image\/jpeg\" \/>\n<meta name=\"author\" content=\"Paulo Chaves\" \/>\n<meta name=\"twitter:card\" content=\"summary_large_image\" \/>\n<meta name=\"twitter:label1\" content=\"Est. reading time\" \/>\n\t<meta name=\"twitter:data1\" content=\"1 minute\" \/>\n<script type=\"application\/ld+json\" class=\"yoast-schema-graph\">{\"@context\":\"https:\/\/schema.org\",\"@graph\":[{\"@type\":\"WebSite\",\"@id\":\"https:\/\/nautipescas.pt\/#website\",\"url\":\"https:\/\/nautipescas.pt\/\",\"name\":\"Nautipescas\",\"description\":\"\",\"potentialAction\":[{\"@type\":\"SearchAction\",\"target\":{\"@type\":\"EntryPoint\",\"urlTemplate\":\"https:\/\/nautipescas.pt\/?s={search_term_string}\"},\"query-input\":\"required name=search_term_string\"}],\"inLanguage\":\"en-US\"},{\"@type\":\"ImageObject\",\"inLanguage\":\"en-US\",\"@id\":\"https:\/\/nautipescas.pt\/produto\/carreto-electrico-daiwa-tanacom-500\/#primaryimage\",\"url\":\"https:\/\/nautipescas.pt\/wp-content\/uploads\/2023\/03\/TN500U.jpg\",\"contentUrl\":\"https:\/\/nautipescas.pt\/wp-content\/uploads\/2023\/03\/TN500U.jpg\",\"width\":1200,\"height\":1200},{\"@type\":\"WebPage\",\"@id\":\"https:\/\/nautipescas.pt\/produto\/carreto-electrico-daiwa-tanacom-500\/#webpage\",\"url\":\"https:\/\/nautipescas.pt\/produto\/carreto-electrico-daiwa-tanacom-500\/\",\"name\":\"CARRETO ELECTRICO DAIWA TANACOM 500 - Nautipescas\",\"isPartOf\":{\"@id\":\"https:\/\/nautipescas.pt\/#website\"},\"primaryImageOfPage\":{\"@id\":\"https:\/\/nautipescas.pt\/produto\/carreto-electrico-daiwa-tanacom-500\/#primaryimage\"},\"datePublished\":\"2023-03-28T16:31:47+00:00\",\"dateModified\":\"2024-11-20T16:49:13+00:00\",\"breadcrumb\":{\"@id\":\"https:\/\/nautipescas.pt\/produto\/carreto-electrico-daiwa-tanacom-500\/#breadcrumb\"},\"inLanguage\":\"en-US\",\"potentialAction\":[{\"@type\":\"ReadAction\",\"target\":[\"https:\/\/nautipescas.pt\/produto\/carreto-electrico-daiwa-tanacom-500\/\"]}]},{\"@type\":\"BreadcrumbList\",\"@id\":\"https:\/\/nautipescas.pt\/produto\/carreto-electrico-daiwa-tanacom-500\/#breadcrumb\",\"itemListElement\":[{\"@type\":\"ListItem\",\"position\":1,\"name\":\"In\u00edcio\",\"item\":\"https:\/\/nautipescas.pt\/en\/\"},{\"@type\":\"ListItem\",\"position\":2,\"name\":\"Shop\",\"item\":\"https:\/\/nautipescas.pt\/en\/shop-fishing-store-near-me\/\"},{\"@type\":\"ListItem\",\"position\":3,\"name\":\"CARRETO ELECTRICO DAIWA TANACOM 500\"}]}]}<\/script>\n<!-- \/ Yoast SEO plugin. -->","yoast_head_json":{"title":"CARRETO ELECTRICO DAIWA TANACOM 500 - Nautipescas","robots":{"index":"index","follow":"follow","max-snippet":"max-snippet:-1","max-image-preview":"max-image-preview:large","max-video-preview":"max-video-preview:-1"},"canonical":"https:\/\/nautipescas.pt\/produto\/carreto-electrico-daiwa-tanacom-500\/","og_locale":"en_US","og_type":"article","og_title":"CARRETO ELECTRICO DAIWA TANACOM 500 - Nautipescas","og_description":"Este carreto el\u00e9trico \u00e9 concebido para a pesca a grande profundidade ou para o palangre pesado. Disp\u00f5e da fun\u00e7\u00e3o program\u00e1vel &#8220;anima\u00e7\u00e3o&#8221; dita jigging. O manual de instru\u00e7\u00f5es pode ser descarregado a partir do seguinte link: www.daiwa.fr\/r68 Drag em estrela Rolamentos : 3 Corpo aluminium e flanges polyamides Bobina alum\u00ednio Visor digital com indica\u00e7\u00e3o em metros &hellip; Read More \"CARRETO ELECTRICO DAIWA TANACOM 500\"","og_url":"https:\/\/nautipescas.pt\/produto\/carreto-electrico-daiwa-tanacom-500\/","og_site_name":"Nautipescas","article_modified_time":"2024-11-20T16:49:13+00:00","og_image":[{"width":1200,"height":1200,"url":"https:\/\/nautipescas.pt\/wp-content\/uploads\/2023\/03\/TN500U.jpg","type":"image\/jpeg"}],"author":"Paulo Chaves","twitter_card":"summary_large_image","twitter_misc":{"Est. reading time":"1 minute"},"schema":{"@context":"https:\/\/schema.org","@graph":[{"@type":"WebSite","@id":"https:\/\/nautipescas.pt\/#website","url":"https:\/\/nautipescas.pt\/","name":"Nautipescas","description":"","potentialAction":[{"@type":"SearchAction","target":{"@type":"EntryPoint","urlTemplate":"https:\/\/nautipescas.pt\/?s={search_term_string}"},"query-input":"required name=search_term_string"}],"inLanguage":"en-US"},{"@type":"ImageObject","inLanguage":"en-US","@id":"https:\/\/nautipescas.pt\/produto\/carreto-electrico-daiwa-tanacom-500\/#primaryimage","url":"https:\/\/nautipescas.pt\/wp-content\/uploads\/2023\/03\/TN500U.jpg","contentUrl":"https:\/\/nautipescas.pt\/wp-content\/uploads\/2023\/03\/TN500U.jpg","width":1200,"height":1200},{"@type":"WebPage","@id":"https:\/\/nautipescas.pt\/produto\/carreto-electrico-daiwa-tanacom-500\/#webpage","url":"https:\/\/nautipescas.pt\/produto\/carreto-electrico-daiwa-tanacom-500\/","name":"CARRETO ELECTRICO DAIWA TANACOM 500 - Nautipescas","isPartOf":{"@id":"https:\/\/nautipescas.pt\/#website"},"primaryImageOfPage":{"@id":"https:\/\/nautipescas.pt\/produto\/carreto-electrico-daiwa-tanacom-500\/#primaryimage"},"datePublished":"2023-03-28T16:31:47+00:00","dateModified":"2024-11-20T16:49:13+00:00","breadcrumb":{"@id":"https:\/\/nautipescas.pt\/produto\/carreto-electrico-daiwa-tanacom-500\/#breadcrumb"},"inLanguage":"en-US","potentialAction":[{"@type":"ReadAction","target":["https:\/\/nautipescas.pt\/produto\/carreto-electrico-daiwa-tanacom-500\/"]}]},{"@type":"BreadcrumbList","@id":"https:\/\/nautipescas.pt\/produto\/carreto-electrico-daiwa-tanacom-500\/#breadcrumb","itemListElement":[{"@type":"ListItem","position":1,"name":"In\u00edcio","item":"https:\/\/nautipescas.pt\/en\/"},{"@type":"ListItem","position":2,"name":"Shop","item":"https:\/\/nautipescas.pt\/en\/shop-fishing-store-near-me\/"},{"@type":"ListItem","position":3,"name":"CARRETO ELECTRICO DAIWA TANACOM 500"}]}]}},"_links":{"self":[{"href":"https:\/\/nautipescas.pt\/en\/wp-json\/wp\/v2\/product\/6559","targetHints":{"allow":["GET"]}}],"collection":[{"href":"https:\/\/nautipescas.pt\/en\/wp-json\/wp\/v2\/product"}],"about":[{"href":"https:\/\/nautipescas.pt\/en\/wp-json\/wp\/v2\/types\/product"}],"wp:featuredmedia":[{"embeddable":true,"href":"https:\/\/nautipescas.pt\/en\/wp-json\/wp\/v2\/media\/6560"}],"wp:attachment":[{"href":"https:\/\/nautipescas.pt\/en\/wp-json\/wp\/v2\/media?parent=6559"}],"wp:term":[{"taxonomy":"product_cat","embeddable":true,"href":"https:\/\/nautipescas.pt\/en\/wp-json\/wp\/v2\/product_cat?post=6559"},{"taxonomy":"product_tag","embeddable":true,"href":"https:\/\/nautipescas.pt\/en\/wp-json\/wp\/v2\/product_tag?post=6559"},{"taxonomy":"marcas","embeddable":true,"href":"https:\/\/nautipescas.pt\/en\/wp-json\/wp\/v2\/marcas?post=6559"}],"curies":[{"name":"wp","href":"https:\/\/api.w.org\/{rel}","templated":true}]}}