{"id":6937,"date":"2023-04-29T08:22:58","date_gmt":"2023-04-29T08:22:58","guid":{"rendered":"https:\/\/nautipescas.pt\/?post_type=product&#038;p=6937"},"modified":"2023-04-29T08:22:59","modified_gmt":"2023-04-29T08:22:59","slug":"garmin-gps-map-86s","status":"publish","type":"product","link":"https:\/\/nautipescas.pt\/en\/produto\/garmin-gps-map-86s\/","title":{"rendered":"GARMIN GPS MAP 86S"},"content":{"rendered":"<div>\n<div>\n<h3>F\u00edsico e Desempenho<\/h3>\n<\/div>\n<table>\n<tbody>\n<tr>\n<td>Tamanho do ecr\u00e3, LxA<\/td>\n<td>3,8 x 6,3\u00a0cm; 3&#8243; diagonal (7,6\u00a0cm)<\/td>\n<\/tr>\n<tr>\n<td>Bateria<\/td>\n<td>Bateria recarreg\u00e1vel de i\u00f5es de l\u00edtio interna<\/td>\n<\/tr>\n<tr>\n<td>Resolu\u00e7\u00e3o do ecr\u00e3, LxA<\/td>\n<td>240 x 400 p\u00edxeis<\/td>\n<\/tr>\n<tr>\n<td>GPS<\/td>\n<td>Sim<\/td>\n<\/tr>\n<tr>\n<td>Dimens\u00f5es f\u00edsicas<\/td>\n<td>L x A x P: 6,75 x 17,8 x 4,4\u00a0cm<\/td>\n<\/tr>\n<tr>\n<td>Interface<\/td>\n<td>high speed microUSB and NMEA 0183 compatible<\/td>\n<\/tr>\n<tr>\n<td><a href=\"https:\/\/www.garmin.com\/pt-PT\/legal\/waterrating\/\" target=\"_blank\" rel=\"noopener\">Classifica\u00e7\u00e3o na \u00e1gua<\/a><\/td>\n<td>IPX7<\/td>\n<\/tr>\n<tr>\n<td>Peso<\/td>\n<td>272\u00a0g<\/td>\n<\/tr>\n<tr>\n<td>Tipo de ecr\u00e3<\/td>\n<td>TFT transfletivo com 65 mil cores<\/td>\n<\/tr>\n<tr>\n<td>Vida \u00fatil da bateria<\/td>\n<td>At\u00e9 40 horas em modo de monitoriza\u00e7\u00e3o em intervalos de 10 minutos; at\u00e9 200 horas no modo de expedi\u00e7\u00e3o<\/td>\n<\/tr>\n<tr>\n<td>Receptor de alta sensibilidade<\/td>\n<td>Sim<\/td>\n<\/tr>\n<\/tbody>\n<\/table>\n<\/div>\n<div>\n<div>\n<h3>Mapas e Navega\u00e7\u00e3o<\/h3>\n<\/div>\n<table>\n<tbody>\n<tr>\n<td>Capacidade de energia e armazenamento<\/td>\n<td>Cart\u00e3o microSD<sup>\u2122<\/sup>\u00a0(n\u00e3o inclu\u00eddo)<\/td>\n<\/tr>\n<tr>\n<td>Pontos de passagem\/favoritos\/locais<\/td>\n<td>10\u00a0000<\/td>\n<\/tr>\n<tr>\n<td>Mapa de base<\/td>\n<td>Sim<\/td>\n<\/tr>\n<tr>\n<td>Rotas<\/td>\n<td>250<\/td>\n<\/tr>\n<tr>\n<td>Registo de trajetos<\/td>\n<td>20\u00a0000 pontos, 250 trajetos GPX guardados, 300 atividades FIT guardadas<\/td>\n<\/tr>\n<tr>\n<td>Mem\u00f3ria\/historial<\/td>\n<td>16 GB<\/td>\n<\/tr>\n<tr>\n<td>Capacidade de adicionar mapas<\/td>\n<td>Sim<\/td>\n<\/tr>\n<\/tbody>\n<\/table>\n<\/div>\n<div>\n<div>\n<h3>Funcionalidades<\/h3>\n<\/div>\n<table>\n<tbody>\n<tr>\n<td>Enviar sele\u00e7\u00e3o de rota para o MapShare durante viagem<\/td>\n<td>n\u00e3o<\/td>\n<\/tr>\n<tr>\n<td>QZSS<\/td>\n<td>n\u00e3o<\/td>\n<\/tr>\n<tr>\n<td>BirdsEye<\/td>\n<td>yes (direct to device)<\/td>\n<\/tr>\n<tr>\n<td>Enviar pontos de passagem para o MapShare durante viagem<\/td>\n<td>n\u00e3o<\/td>\n<\/tr>\n<tr>\n<td>Active Weather<\/td>\n<td>Sim<\/td>\n<\/tr>\n<tr>\n<td>Contactos<\/td>\n<td>n\u00e3o<\/td>\n<\/tr>\n<tr>\n<td>Registo Rinex<\/td>\n<td>Sim<\/td>\n<\/tr>\n<tr>\n<td>Widget do inReach Remote<\/td>\n<td>n\u00e3o<\/td>\n<\/tr>\n<tr>\n<td>Compat\u00edvel com o Garmin Connect\u2122 para dispositivos m\u00f3veis<\/td>\n<td>Sim<\/td>\n<\/tr>\n<tr>\n<td>Ecr\u00e3 t\u00e1ctil<\/td>\n<td>n\u00e3o<\/td>\n<\/tr>\n<tr>\n<td>Feixe LED<\/td>\n<td>Sim<\/td>\n<\/tr>\n<tr>\n<td>Compat\u00edvel com inReach\u00ae<\/td>\n<td>Sim<\/td>\n<\/tr>\n<tr>\n<td>Informa\u00e7\u00f5es de sol e lua<\/td>\n<td>Sim<\/td>\n<\/tr>\n<tr>\n<td>Teclado virtual para mensagens personalizadas<\/td>\n<td>n\u00e3o<\/td>\n<\/tr>\n<tr>\n<td>Com monitoriza\u00e7\u00e3o e compat\u00edvel com MapShare<\/td>\n<td>n\u00e3o<\/td>\n<\/tr>\n<tr>\n<td>IRNSS<\/td>\n<td>n\u00e3o<\/td>\n<\/tr>\n<tr>\n<td><a href=\"https:\/\/www.geocaching.com\/\" target=\"_blank\" rel=\"noopener\">Concebido para Geocaching<\/a><\/td>\n<td>Sim (Geocaching Live)<\/td>\n<\/tr>\n<tr>\n<td>Enviar e receber mensagens de texto para outro dispositivo inReach<\/td>\n<td>n\u00e3o<\/td>\n<\/tr>\n<tr>\n<td>Rotas autom\u00e1ticas (rotas com indica\u00e7\u00e3o de mudan\u00e7a de dire\u00e7\u00e3o em estrada) para ve\u00edculos motorizados<\/td>\n<td>n\u00e3o<\/td>\n<\/tr>\n<tr>\n<td>GLONASS<\/td>\n<td>Sim<\/td>\n<\/tr>\n<tr>\n<td>Enviar e receber mensagens de texto por SMS e e-mail<\/td>\n<td>n\u00e3o<\/td>\n<\/tr>\n<tr>\n<td>Banda de frequ\u00eancias<\/td>\n<td>n\u00e3o<\/td>\n<\/tr>\n<tr>\n<td>Apresenta parques nacionais, estatais e locais, florestas e zonas de reserva<\/td>\n<td>Sim (transfer\u00edvel a partir do Garmin Express\u2122)<\/td>\n<\/tr>\n<tr>\n<td>Notifica\u00e7\u00f5es inteligentes no dispositivo port\u00e1til<\/td>\n<td>Sim<\/td>\n<\/tr>\n<tr>\n<td>Connect IQ\u2122 (mostradores transfer\u00edveis, campos de dados, widgets e aplica\u00e7\u00f5es)<\/td>\n<td>Sim<\/td>\n<\/tr>\n<tr>\n<td><a href=\"http:\/\/www.garmin.com\/CustomMaps\" target=\"_blank\" rel=\"noopener\">Compat\u00edvel com personaliza\u00e7\u00e3o de mapas<\/a><\/td>\n<td>Sim (500 mosaicos de mapa personalizados)<\/td>\n<\/tr>\n<tr>\n<td>Compat\u00edvel com Earthmate<\/td>\n<td>n\u00e3o<\/td>\n<\/tr>\n<tr>\n<td>Monitoriza\u00e7\u00e3o de c\u00e3es<\/td>\n<td>n\u00e3o<\/td>\n<\/tr>\n<tr>\n<td>Conectividade sem fios<\/td>\n<td>yes (Wi-Fi\u00ae, BLUETOOTH\u00ae, ANT+\u00ae)<\/td>\n<\/tr>\n<tr>\n<td>LiveTrack<\/td>\n<td>Sim<\/td>\n<\/tr>\n<tr>\n<td>Partilhar localiza\u00e7\u00f5es com outro dispositivo inReach<\/td>\n<td>n\u00e3o<\/td>\n<\/tr>\n<tr>\n<td>Alerta de vibra\u00e7\u00e3o<\/td>\n<td>n\u00e3o<\/td>\n<\/tr>\n<tr>\n<td>Segmentos do mapa<\/td>\n<td>15000<\/td>\n<\/tr>\n<tr>\n<td>Navega\u00e7\u00e3o de rota ativa<\/td>\n<td>Sim<\/td>\n<\/tr>\n<tr>\n<td>Visualizador de imagens<\/td>\n<td>Sim<\/td>\n<\/tr>\n<tr>\n<td>Alt\u00edmetro barom\u00e9trico<\/td>\n<td>Sim<\/td>\n<\/tr>\n<tr>\n<td>SBAS<\/td>\n<td>n\u00e3o<\/td>\n<\/tr>\n<tr>\n<td>Meteorologia<\/td>\n<td>n\u00e3o<\/td>\n<\/tr>\n<tr>\n<td>Localiza\u00e7\u00f5es XERO\u2122<\/td>\n<td>Sim<\/td>\n<\/tr>\n<tr>\n<td>SOS interativo<\/td>\n<td>n\u00e3o<\/td>\n<\/tr>\n<tr>\n<td>VOX (activa\u00e7\u00e3o por voz)<\/td>\n<td>n\u00e3o<\/td>\n<\/tr>\n<tr>\n<td>Calculadora bal\u00edstica<\/td>\n<td>n\u00e3o<\/td>\n<\/tr>\n<tr>\n<td>B\u00fassola GPS (em movimento)<\/td>\n<td>Sim<\/td>\n<\/tr>\n<tr>\n<td>Frequ\u00eancia multibanda<\/td>\n<td>n\u00e3o<\/td>\n<\/tr>\n<tr>\n<td>Inclui pesquisas de pontos de interesse (parques, parques de campismo, parques de merendas e miradouros)<\/td>\n<td>Sim (transfer\u00edvel a partir do Garmin Express\u2122)<\/td>\n<\/tr>\n<tr>\n<td>Calend\u00e1rio de ca\u00e7a\/pesca<\/td>\n<td>Sim<\/td>\n<\/tr>\n<tr>\n<td>B\u00fassola<\/td>\n<td>Sim (compensa\u00e7\u00e3o de inclina\u00e7\u00e3o, 3 eixos)<\/td>\n<\/tr>\n<tr>\n<td>Compat\u00edvel com o aplicativo Garmin Explore \u2122<\/td>\n<td>Sim<\/td>\n<\/tr>\n<tr>\n<td>Trajetos<\/td>\n<td>250<\/td>\n<\/tr>\n<tr>\n<td>Galileo<\/td>\n<td>Sim<\/td>\n<\/tr>\n<tr>\n<td>Compat\u00edvel com a aplica\u00e7\u00e3o Garmin Pilot\u2122<\/td>\n<td>n\u00e3o<\/td>\n<\/tr>\n<tr>\n<td>Compat\u00edvel com website Garmin Explore<\/td>\n<td>Sim<\/td>\n<\/tr>\n<tr>\n<td>C\u00e1lculo de \u00e1reas<\/td>\n<td>Sim<\/td>\n<\/tr>\n<tr>\n<td>MIL-STD-810<\/td>\n<td>sim (t\u00e9rmica, impactos, \u00e1gua)<\/td>\n<\/tr>\n<tr>\n<td>Relat\u00f3rios de localiza\u00e7\u00e3o (enviam e recebem posi\u00e7\u00f5es GPS)<\/td>\n<td>n\u00e3o<\/td>\n<\/tr>\n<tr>\n<td>Controlo remoto VIRB\u00ae<\/td>\n<td>Sim<\/td>\n<\/tr>\n<\/tbody>\n<\/table>\n<\/div>\n","protected":false},"excerpt":{"rendered":"<p>F\u00edsico e Desempenho Tamanho do ecr\u00e3, LxA 3,8 x 6,3\u00a0cm; 3&#8243; diagonal (7,6\u00a0cm) Bateria Bateria recarreg\u00e1vel de i\u00f5es de l\u00edtio interna Resolu\u00e7\u00e3o do ecr\u00e3, LxA 240 x 400 p\u00edxeis GPS Sim Dimens\u00f5es f\u00edsicas L x A x P: 6,75 x 17,8 x 4,4\u00a0cm Interface high speed microUSB and NMEA 0183 compatible Classifica\u00e7\u00e3o na \u00e1gua IPX7 &hellip; <\/p>\n<p class=\"more-link-wrap\"><a href=\"https:\/\/nautipescas.pt\/en\/produto\/garmin-gps-map-86s\/\" class=\"more-link\"><span>Read More<span class=\"screen-reader-text\"> &#8220;GARMIN GPS MAP 86S&#8221;<\/span><\/span><\/a><\/p>\n","protected":false},"featured_media":6938,"template":"","meta":{"inline_featured_image":false},"product_cat":[153,226],"product_tag":[],"marcas":[245],"class_list":["post-6937","product","type-product","status-publish","has-post-thumbnail","hentry","product_cat-eletronica-maritima","product_cat-gps-plotter","marcas-garmin"],"acf":[],"yoast_head":"<!-- This site is optimized with the Yoast SEO plugin v19.2 - https:\/\/yoast.com\/wordpress\/plugins\/seo\/ -->\n<title>GARMIN GPS MAP 86S - Nautipescas<\/title>\n<meta name=\"robots\" content=\"index, follow, max-snippet:-1, max-image-preview:large, max-video-preview:-1\" \/>\n<link rel=\"canonical\" href=\"https:\/\/nautipescas.pt\/produto\/garmin-gps-map-86s\/\" \/>\n<meta property=\"og:locale\" content=\"en_US\" \/>\n<meta property=\"og:type\" content=\"article\" \/>\n<meta property=\"og:title\" content=\"GARMIN GPS MAP 86S - Nautipescas\" \/>\n<meta property=\"og:description\" content=\"F\u00edsico e Desempenho Tamanho do ecr\u00e3, LxA 3,8 x 6,3\u00a0cm; 3&#8243; diagonal (7,6\u00a0cm) Bateria Bateria recarreg\u00e1vel de i\u00f5es de l\u00edtio interna Resolu\u00e7\u00e3o do ecr\u00e3, LxA 240 x 400 p\u00edxeis GPS Sim Dimens\u00f5es f\u00edsicas L x A x P: 6,75 x 17,8 x 4,4\u00a0cm Interface high speed microUSB and NMEA 0183 compatible Classifica\u00e7\u00e3o na \u00e1gua IPX7 &hellip; Read More &quot;GARMIN GPS MAP 86S&quot;\" \/>\n<meta property=\"og:url\" content=\"https:\/\/nautipescas.pt\/produto\/garmin-gps-map-86s\/\" \/>\n<meta property=\"og:site_name\" content=\"Nautipescas\" \/>\n<meta property=\"article:modified_time\" content=\"2023-04-29T08:22:59+00:00\" \/>\n<meta property=\"og:image\" content=\"https:\/\/nautipescas.pt\/wp-content\/uploads\/2023\/04\/Untitled2.jpg\" \/>\n\t<meta property=\"og:image:width\" content=\"225\" \/>\n\t<meta property=\"og:image:height\" content=\"225\" \/>\n\t<meta property=\"og:image:type\" content=\"image\/jpeg\" \/>\n<meta name=\"author\" content=\"Paulo Chaves\" \/>\n<meta name=\"twitter:card\" content=\"summary_large_image\" \/>\n<meta name=\"twitter:label1\" content=\"Est. reading time\" \/>\n\t<meta name=\"twitter:data1\" content=\"3 minutes\" \/>\n<script type=\"application\/ld+json\" class=\"yoast-schema-graph\">{\"@context\":\"https:\/\/schema.org\",\"@graph\":[{\"@type\":\"WebSite\",\"@id\":\"https:\/\/nautipescas.pt\/#website\",\"url\":\"https:\/\/nautipescas.pt\/\",\"name\":\"Nautipescas\",\"description\":\"\",\"potentialAction\":[{\"@type\":\"SearchAction\",\"target\":{\"@type\":\"EntryPoint\",\"urlTemplate\":\"https:\/\/nautipescas.pt\/?s={search_term_string}\"},\"query-input\":\"required name=search_term_string\"}],\"inLanguage\":\"en-US\"},{\"@type\":\"ImageObject\",\"inLanguage\":\"en-US\",\"@id\":\"https:\/\/nautipescas.pt\/produto\/garmin-gps-map-86s\/#primaryimage\",\"url\":\"https:\/\/nautipescas.pt\/wp-content\/uploads\/2023\/04\/Untitled2.jpg\",\"contentUrl\":\"https:\/\/nautipescas.pt\/wp-content\/uploads\/2023\/04\/Untitled2.jpg\",\"width\":225,\"height\":225},{\"@type\":\"WebPage\",\"@id\":\"https:\/\/nautipescas.pt\/produto\/garmin-gps-map-86s\/#webpage\",\"url\":\"https:\/\/nautipescas.pt\/produto\/garmin-gps-map-86s\/\",\"name\":\"GARMIN GPS MAP 86S - Nautipescas\",\"isPartOf\":{\"@id\":\"https:\/\/nautipescas.pt\/#website\"},\"primaryImageOfPage\":{\"@id\":\"https:\/\/nautipescas.pt\/produto\/garmin-gps-map-86s\/#primaryimage\"},\"datePublished\":\"2023-04-29T08:22:58+00:00\",\"dateModified\":\"2023-04-29T08:22:59+00:00\",\"breadcrumb\":{\"@id\":\"https:\/\/nautipescas.pt\/produto\/garmin-gps-map-86s\/#breadcrumb\"},\"inLanguage\":\"en-US\",\"potentialAction\":[{\"@type\":\"ReadAction\",\"target\":[\"https:\/\/nautipescas.pt\/produto\/garmin-gps-map-86s\/\"]}]},{\"@type\":\"BreadcrumbList\",\"@id\":\"https:\/\/nautipescas.pt\/produto\/garmin-gps-map-86s\/#breadcrumb\",\"itemListElement\":[{\"@type\":\"ListItem\",\"position\":1,\"name\":\"In\u00edcio\",\"item\":\"https:\/\/nautipescas.pt\/en\/\"},{\"@type\":\"ListItem\",\"position\":2,\"name\":\"Shop\",\"item\":\"https:\/\/nautipescas.pt\/en\/shop-fishing-store-near-me\/\"},{\"@type\":\"ListItem\",\"position\":3,\"name\":\"GARMIN GPS MAP 86S\"}]}]}<\/script>\n<!-- \/ Yoast SEO plugin. -->","yoast_head_json":{"title":"GARMIN GPS MAP 86S - Nautipescas","robots":{"index":"index","follow":"follow","max-snippet":"max-snippet:-1","max-image-preview":"max-image-preview:large","max-video-preview":"max-video-preview:-1"},"canonical":"https:\/\/nautipescas.pt\/produto\/garmin-gps-map-86s\/","og_locale":"en_US","og_type":"article","og_title":"GARMIN GPS MAP 86S - Nautipescas","og_description":"F\u00edsico e Desempenho Tamanho do ecr\u00e3, LxA 3,8 x 6,3\u00a0cm; 3&#8243; diagonal (7,6\u00a0cm) Bateria Bateria recarreg\u00e1vel de i\u00f5es de l\u00edtio interna Resolu\u00e7\u00e3o do ecr\u00e3, LxA 240 x 400 p\u00edxeis GPS Sim Dimens\u00f5es f\u00edsicas L x A x P: 6,75 x 17,8 x 4,4\u00a0cm Interface high speed microUSB and NMEA 0183 compatible Classifica\u00e7\u00e3o na \u00e1gua IPX7 &hellip; Read More \"GARMIN GPS MAP 86S\"","og_url":"https:\/\/nautipescas.pt\/produto\/garmin-gps-map-86s\/","og_site_name":"Nautipescas","article_modified_time":"2023-04-29T08:22:59+00:00","og_image":[{"width":225,"height":225,"url":"https:\/\/nautipescas.pt\/wp-content\/uploads\/2023\/04\/Untitled2.jpg","type":"image\/jpeg"}],"author":"Paulo Chaves","twitter_card":"summary_large_image","twitter_misc":{"Est. reading time":"3 minutes"},"schema":{"@context":"https:\/\/schema.org","@graph":[{"@type":"WebSite","@id":"https:\/\/nautipescas.pt\/#website","url":"https:\/\/nautipescas.pt\/","name":"Nautipescas","description":"","potentialAction":[{"@type":"SearchAction","target":{"@type":"EntryPoint","urlTemplate":"https:\/\/nautipescas.pt\/?s={search_term_string}"},"query-input":"required name=search_term_string"}],"inLanguage":"en-US"},{"@type":"ImageObject","inLanguage":"en-US","@id":"https:\/\/nautipescas.pt\/produto\/garmin-gps-map-86s\/#primaryimage","url":"https:\/\/nautipescas.pt\/wp-content\/uploads\/2023\/04\/Untitled2.jpg","contentUrl":"https:\/\/nautipescas.pt\/wp-content\/uploads\/2023\/04\/Untitled2.jpg","width":225,"height":225},{"@type":"WebPage","@id":"https:\/\/nautipescas.pt\/produto\/garmin-gps-map-86s\/#webpage","url":"https:\/\/nautipescas.pt\/produto\/garmin-gps-map-86s\/","name":"GARMIN GPS MAP 86S - Nautipescas","isPartOf":{"@id":"https:\/\/nautipescas.pt\/#website"},"primaryImageOfPage":{"@id":"https:\/\/nautipescas.pt\/produto\/garmin-gps-map-86s\/#primaryimage"},"datePublished":"2023-04-29T08:22:58+00:00","dateModified":"2023-04-29T08:22:59+00:00","breadcrumb":{"@id":"https:\/\/nautipescas.pt\/produto\/garmin-gps-map-86s\/#breadcrumb"},"inLanguage":"en-US","potentialAction":[{"@type":"ReadAction","target":["https:\/\/nautipescas.pt\/produto\/garmin-gps-map-86s\/"]}]},{"@type":"BreadcrumbList","@id":"https:\/\/nautipescas.pt\/produto\/garmin-gps-map-86s\/#breadcrumb","itemListElement":[{"@type":"ListItem","position":1,"name":"In\u00edcio","item":"https:\/\/nautipescas.pt\/en\/"},{"@type":"ListItem","position":2,"name":"Shop","item":"https:\/\/nautipescas.pt\/en\/shop-fishing-store-near-me\/"},{"@type":"ListItem","position":3,"name":"GARMIN GPS MAP 86S"}]}]}},"_links":{"self":[{"href":"https:\/\/nautipescas.pt\/en\/wp-json\/wp\/v2\/product\/6937","targetHints":{"allow":["GET"]}}],"collection":[{"href":"https:\/\/nautipescas.pt\/en\/wp-json\/wp\/v2\/product"}],"about":[{"href":"https:\/\/nautipescas.pt\/en\/wp-json\/wp\/v2\/types\/product"}],"wp:featuredmedia":[{"embeddable":true,"href":"https:\/\/nautipescas.pt\/en\/wp-json\/wp\/v2\/media\/6938"}],"wp:attachment":[{"href":"https:\/\/nautipescas.pt\/en\/wp-json\/wp\/v2\/media?parent=6937"}],"wp:term":[{"taxonomy":"product_cat","embeddable":true,"href":"https:\/\/nautipescas.pt\/en\/wp-json\/wp\/v2\/product_cat?post=6937"},{"taxonomy":"product_tag","embeddable":true,"href":"https:\/\/nautipescas.pt\/en\/wp-json\/wp\/v2\/product_tag?post=6937"},{"taxonomy":"marcas","embeddable":true,"href":"https:\/\/nautipescas.pt\/en\/wp-json\/wp\/v2\/marcas?post=6937"}],"curies":[{"name":"wp","href":"https:\/\/api.w.org\/{rel}","templated":true}]}}