{"id":7073,"date":"2023-06-29T13:38:37","date_gmt":"2023-06-29T13:38:37","guid":{"rendered":"https:\/\/nautipescas.pt\/?post_type=product&#038;p=7073"},"modified":"2024-03-15T09:28:13","modified_gmt":"2024-03-15T09:28:13","slug":"amostra-yozuri-bonita-s-210-cor-cob-210-mm-310-gr","status":"publish","type":"product","link":"https:\/\/nautipescas.pt\/en\/produto\/amostra-yozuri-bonita-s-210-cor-cob-210-mm-310-gr\/","title":{"rendered":"AMOSTRA YOZURI BONITA S 210 COR COB 210 mm \/ 310 gr"},"content":{"rendered":"<p>Yo-Zuri tem o orgulho de anunciar o lan\u00e7amento da nova e melhorada Bonita. A isca dura original para pesca em alta velocidade foi redesenhada com recursos atualizados e um pre\u00e7o mais baixo. O novo Bonita de Yo-Zuri coloca nossa tecnologia patenteada de mudan\u00e7a de cor no topo da isca e um padr\u00e3o de escala suave nas laterais. Apresentando o corpo de for\u00e7a patenteado, ganchos planos de a\u00e7o inoxid\u00e1vel forjados e articula\u00e7\u00f5es de rolamento de esferas de a\u00e7o inoxid\u00e1vel; esta \u00e9 a isca de pesca \u00e0 linha mais dur\u00e1vel do mercado. Projetado para ser pescado atr\u00e1s de uma guia de corrico ou direto da ponta da vara, o Bonita \u00e9 particularmente mortal em Wahoo e Tuna. Esta isca de pesca vers\u00e1til pode ser puxada de 6 a 15 n\u00f3s e apresenta uma a\u00e7\u00e3o de nata\u00e7\u00e3o apertada. O Yo-Zuri Bonita vem em dois tamanhos e sete padr\u00f5es de cores para cobrir as mais variadas condi\u00e7\u00f5es de pesca.<br \/>\n170 mm \/ 180 gr<br \/>\n210 mm \/ 310 gr<\/p>\n","protected":false},"excerpt":{"rendered":"<p>Yo-Zuri tem o orgulho de anunciar o lan\u00e7amento da nova e melhorada Bonita. A isca dura original para pesca em alta velocidade foi redesenhada com recursos atualizados e um pre\u00e7o mais baixo. O novo Bonita de Yo-Zuri coloca nossa tecnologia patenteada de mudan\u00e7a de cor no topo da isca e um padr\u00e3o de escala suave &hellip; <\/p>\n<p class=\"more-link-wrap\"><a href=\"https:\/\/nautipescas.pt\/en\/produto\/amostra-yozuri-bonita-s-210-cor-cob-210-mm-310-gr\/\" class=\"more-link\"><span>Read More<span class=\"screen-reader-text\"> &#8220;AMOSTRA YOZURI BONITA S 210 COR COB 210 mm \/ 310 gr&#8221;<\/span><\/span><\/a><\/p>\n","protected":false},"featured_media":7074,"template":"","meta":{"inline_featured_image":false},"product_cat":[352,229,148],"product_tag":[],"marcas":[152],"class_list":["post-7073","product","type-product","status-publish","has-post-thumbnail","hentry","product_cat-amostra-big-game","product_cat-amostras-rigidas","product_cat-pesca","marcas-yozuri"],"acf":[],"yoast_head":"<!-- This site is optimized with the Yoast SEO plugin v19.2 - https:\/\/yoast.com\/wordpress\/plugins\/seo\/ -->\n<title>AMOSTRA YOZURI BONITA S 210 COR COB 210 mm \/ 310 gr - Nautipescas<\/title>\n<meta name=\"robots\" content=\"index, follow, max-snippet:-1, max-image-preview:large, max-video-preview:-1\" \/>\n<link rel=\"canonical\" href=\"https:\/\/nautipescas.pt\/produto\/amostra-yozuri-bonita-s-210-cor-cob-210-mm-310-gr\/\" \/>\n<meta property=\"og:locale\" content=\"en_US\" \/>\n<meta property=\"og:type\" content=\"article\" \/>\n<meta property=\"og:title\" content=\"AMOSTRA YOZURI BONITA S 210 COR COB 210 mm \/ 310 gr - Nautipescas\" \/>\n<meta property=\"og:description\" content=\"Yo-Zuri tem o orgulho de anunciar o lan\u00e7amento da nova e melhorada Bonita. A isca dura original para pesca em alta velocidade foi redesenhada com recursos atualizados e um pre\u00e7o mais baixo. O novo Bonita de Yo-Zuri coloca nossa tecnologia patenteada de mudan\u00e7a de cor no topo da isca e um padr\u00e3o de escala suave &hellip; Read More &quot;AMOSTRA YOZURI BONITA S 210 COR COB 210 mm \/ 310 gr&quot;\" \/>\n<meta property=\"og:url\" content=\"https:\/\/nautipescas.pt\/produto\/amostra-yozuri-bonita-s-210-cor-cob-210-mm-310-gr\/\" \/>\n<meta property=\"og:site_name\" content=\"Nautipescas\" \/>\n<meta property=\"article:modified_time\" content=\"2024-03-15T09:28:13+00:00\" \/>\n<meta property=\"og:image\" content=\"https:\/\/nautipescas.pt\/wp-content\/uploads\/2023\/06\/amostra-yo-zuri-bonita-r1158-210-cob.jpg\" \/>\n\t<meta property=\"og:image:width\" content=\"1000\" \/>\n\t<meta property=\"og:image:height\" content=\"1000\" \/>\n\t<meta property=\"og:image:type\" content=\"image\/jpeg\" \/>\n<meta name=\"author\" content=\"Paulo Chaves\" \/>\n<meta name=\"twitter:card\" content=\"summary_large_image\" \/>\n<meta name=\"twitter:label1\" content=\"Est. reading time\" \/>\n\t<meta name=\"twitter:data1\" content=\"1 minute\" \/>\n<script type=\"application\/ld+json\" class=\"yoast-schema-graph\">{\"@context\":\"https:\/\/schema.org\",\"@graph\":[{\"@type\":\"WebSite\",\"@id\":\"https:\/\/nautipescas.pt\/#website\",\"url\":\"https:\/\/nautipescas.pt\/\",\"name\":\"Nautipescas\",\"description\":\"\",\"potentialAction\":[{\"@type\":\"SearchAction\",\"target\":{\"@type\":\"EntryPoint\",\"urlTemplate\":\"https:\/\/nautipescas.pt\/?s={search_term_string}\"},\"query-input\":\"required name=search_term_string\"}],\"inLanguage\":\"en-US\"},{\"@type\":\"ImageObject\",\"inLanguage\":\"en-US\",\"@id\":\"https:\/\/nautipescas.pt\/produto\/amostra-yozuri-bonita-s-210-cor-cob-210-mm-310-gr\/#primaryimage\",\"url\":\"https:\/\/nautipescas.pt\/wp-content\/uploads\/2023\/06\/amostra-yo-zuri-bonita-r1158-210-cob.jpg\",\"contentUrl\":\"https:\/\/nautipescas.pt\/wp-content\/uploads\/2023\/06\/amostra-yo-zuri-bonita-r1158-210-cob.jpg\",\"width\":1000,\"height\":1000},{\"@type\":\"WebPage\",\"@id\":\"https:\/\/nautipescas.pt\/produto\/amostra-yozuri-bonita-s-210-cor-cob-210-mm-310-gr\/#webpage\",\"url\":\"https:\/\/nautipescas.pt\/produto\/amostra-yozuri-bonita-s-210-cor-cob-210-mm-310-gr\/\",\"name\":\"AMOSTRA YOZURI BONITA S 210 COR COB 210 mm \/ 310 gr - Nautipescas\",\"isPartOf\":{\"@id\":\"https:\/\/nautipescas.pt\/#website\"},\"primaryImageOfPage\":{\"@id\":\"https:\/\/nautipescas.pt\/produto\/amostra-yozuri-bonita-s-210-cor-cob-210-mm-310-gr\/#primaryimage\"},\"datePublished\":\"2023-06-29T13:38:37+00:00\",\"dateModified\":\"2024-03-15T09:28:13+00:00\",\"breadcrumb\":{\"@id\":\"https:\/\/nautipescas.pt\/produto\/amostra-yozuri-bonita-s-210-cor-cob-210-mm-310-gr\/#breadcrumb\"},\"inLanguage\":\"en-US\",\"potentialAction\":[{\"@type\":\"ReadAction\",\"target\":[\"https:\/\/nautipescas.pt\/produto\/amostra-yozuri-bonita-s-210-cor-cob-210-mm-310-gr\/\"]}]},{\"@type\":\"BreadcrumbList\",\"@id\":\"https:\/\/nautipescas.pt\/produto\/amostra-yozuri-bonita-s-210-cor-cob-210-mm-310-gr\/#breadcrumb\",\"itemListElement\":[{\"@type\":\"ListItem\",\"position\":1,\"name\":\"In\u00edcio\",\"item\":\"https:\/\/nautipescas.pt\/en\/\"},{\"@type\":\"ListItem\",\"position\":2,\"name\":\"Shop\",\"item\":\"https:\/\/nautipescas.pt\/en\/shop-fishing-store-near-me\/\"},{\"@type\":\"ListItem\",\"position\":3,\"name\":\"AMOSTRA YOZURI BONITA S 210 COR COB 210 mm \/ 310 gr\"}]}]}<\/script>\n<!-- \/ Yoast SEO plugin. -->","yoast_head_json":{"title":"AMOSTRA YOZURI BONITA S 210 COR COB 210 mm \/ 310 gr - Nautipescas","robots":{"index":"index","follow":"follow","max-snippet":"max-snippet:-1","max-image-preview":"max-image-preview:large","max-video-preview":"max-video-preview:-1"},"canonical":"https:\/\/nautipescas.pt\/produto\/amostra-yozuri-bonita-s-210-cor-cob-210-mm-310-gr\/","og_locale":"en_US","og_type":"article","og_title":"AMOSTRA YOZURI BONITA S 210 COR COB 210 mm \/ 310 gr - Nautipescas","og_description":"Yo-Zuri tem o orgulho de anunciar o lan\u00e7amento da nova e melhorada Bonita. A isca dura original para pesca em alta velocidade foi redesenhada com recursos atualizados e um pre\u00e7o mais baixo. O novo Bonita de Yo-Zuri coloca nossa tecnologia patenteada de mudan\u00e7a de cor no topo da isca e um padr\u00e3o de escala suave &hellip; Read More \"AMOSTRA YOZURI BONITA S 210 COR COB 210 mm \/ 310 gr\"","og_url":"https:\/\/nautipescas.pt\/produto\/amostra-yozuri-bonita-s-210-cor-cob-210-mm-310-gr\/","og_site_name":"Nautipescas","article_modified_time":"2024-03-15T09:28:13+00:00","og_image":[{"width":1000,"height":1000,"url":"https:\/\/nautipescas.pt\/wp-content\/uploads\/2023\/06\/amostra-yo-zuri-bonita-r1158-210-cob.jpg","type":"image\/jpeg"}],"author":"Paulo Chaves","twitter_card":"summary_large_image","twitter_misc":{"Est. reading time":"1 minute"},"schema":{"@context":"https:\/\/schema.org","@graph":[{"@type":"WebSite","@id":"https:\/\/nautipescas.pt\/#website","url":"https:\/\/nautipescas.pt\/","name":"Nautipescas","description":"","potentialAction":[{"@type":"SearchAction","target":{"@type":"EntryPoint","urlTemplate":"https:\/\/nautipescas.pt\/?s={search_term_string}"},"query-input":"required name=search_term_string"}],"inLanguage":"en-US"},{"@type":"ImageObject","inLanguage":"en-US","@id":"https:\/\/nautipescas.pt\/produto\/amostra-yozuri-bonita-s-210-cor-cob-210-mm-310-gr\/#primaryimage","url":"https:\/\/nautipescas.pt\/wp-content\/uploads\/2023\/06\/amostra-yo-zuri-bonita-r1158-210-cob.jpg","contentUrl":"https:\/\/nautipescas.pt\/wp-content\/uploads\/2023\/06\/amostra-yo-zuri-bonita-r1158-210-cob.jpg","width":1000,"height":1000},{"@type":"WebPage","@id":"https:\/\/nautipescas.pt\/produto\/amostra-yozuri-bonita-s-210-cor-cob-210-mm-310-gr\/#webpage","url":"https:\/\/nautipescas.pt\/produto\/amostra-yozuri-bonita-s-210-cor-cob-210-mm-310-gr\/","name":"AMOSTRA YOZURI BONITA S 210 COR COB 210 mm \/ 310 gr - Nautipescas","isPartOf":{"@id":"https:\/\/nautipescas.pt\/#website"},"primaryImageOfPage":{"@id":"https:\/\/nautipescas.pt\/produto\/amostra-yozuri-bonita-s-210-cor-cob-210-mm-310-gr\/#primaryimage"},"datePublished":"2023-06-29T13:38:37+00:00","dateModified":"2024-03-15T09:28:13+00:00","breadcrumb":{"@id":"https:\/\/nautipescas.pt\/produto\/amostra-yozuri-bonita-s-210-cor-cob-210-mm-310-gr\/#breadcrumb"},"inLanguage":"en-US","potentialAction":[{"@type":"ReadAction","target":["https:\/\/nautipescas.pt\/produto\/amostra-yozuri-bonita-s-210-cor-cob-210-mm-310-gr\/"]}]},{"@type":"BreadcrumbList","@id":"https:\/\/nautipescas.pt\/produto\/amostra-yozuri-bonita-s-210-cor-cob-210-mm-310-gr\/#breadcrumb","itemListElement":[{"@type":"ListItem","position":1,"name":"In\u00edcio","item":"https:\/\/nautipescas.pt\/en\/"},{"@type":"ListItem","position":2,"name":"Shop","item":"https:\/\/nautipescas.pt\/en\/shop-fishing-store-near-me\/"},{"@type":"ListItem","position":3,"name":"AMOSTRA YOZURI BONITA S 210 COR COB 210 mm \/ 310 gr"}]}]}},"_links":{"self":[{"href":"https:\/\/nautipescas.pt\/en\/wp-json\/wp\/v2\/product\/7073","targetHints":{"allow":["GET"]}}],"collection":[{"href":"https:\/\/nautipescas.pt\/en\/wp-json\/wp\/v2\/product"}],"about":[{"href":"https:\/\/nautipescas.pt\/en\/wp-json\/wp\/v2\/types\/product"}],"wp:featuredmedia":[{"embeddable":true,"href":"https:\/\/nautipescas.pt\/en\/wp-json\/wp\/v2\/media\/7074"}],"wp:attachment":[{"href":"https:\/\/nautipescas.pt\/en\/wp-json\/wp\/v2\/media?parent=7073"}],"wp:term":[{"taxonomy":"product_cat","embeddable":true,"href":"https:\/\/nautipescas.pt\/en\/wp-json\/wp\/v2\/product_cat?post=7073"},{"taxonomy":"product_tag","embeddable":true,"href":"https:\/\/nautipescas.pt\/en\/wp-json\/wp\/v2\/product_tag?post=7073"},{"taxonomy":"marcas","embeddable":true,"href":"https:\/\/nautipescas.pt\/en\/wp-json\/wp\/v2\/marcas?post=7073"}],"curies":[{"name":"wp","href":"https:\/\/api.w.org\/{rel}","templated":true}]}}