{"id":7251,"date":"2023-09-21T15:15:53","date_gmt":"2023-09-21T15:15:53","guid":{"rendered":"https:\/\/nautipescas.pt\/?post_type=product&#038;p=7251"},"modified":"2024-04-10T14:57:54","modified_gmt":"2024-04-10T14:57:54","slug":"lowrance-hds-live-12-com-transdutor-3-em-1","status":"publish","type":"product","link":"https:\/\/nautipescas.pt\/en\/produto\/lowrance-hds-live-12-com-transdutor-3-em-1\/","title":{"rendered":"LOWRANCE HDS PRO 12&#8243; COM TRANSDUTOR 3 EM 1"},"content":{"rendered":"<h3>Caracter\u00edsticas principais<\/h3>\n<ul>\n<li>Veja mais e apanhe mais com o novo HDS PRO, que lhe oferece as vistas mais n\u00edtidas e detalhadas.<br \/>\nO Active Imaging HD proporciona vistas de alta defini\u00e7\u00e3o da sonda Lowrance CHIRP, SideScan e DownScan Imaging\u2122.<\/p>\n<p><strong>A m\u00e1xima nitidez<\/strong><br \/>\nO ecr\u00e3 t\u00e1til SolarMAX\u2122 HD proporciona imagens deslumbrantes de peixes, estruturas e detalhes de cartas que s\u00e3o f\u00e1ceis de ver a partir de qualquer \u00e2ngulo, sob luz solar direta e atrav\u00e9s de lentes polarizadas \u2013 um verdadeiro fator de diferen\u00e7a na \u00e1gua.<br \/>\nVeja uma nitidez incompar\u00e1vel no ecr\u00e3 com a sonda Active Imaging\u2122 HD de alta resolu\u00e7\u00e3o.<\/p>\n<p><strong>Todos os pormenores da carta<br \/>\n<\/strong>As cartas potentes e intuitivas s\u00e3o fundamentais para qualquer sistema de pesca, ajudando os pescadores a encontrar os melhores locais de pesca e a navegar at\u00e9 l\u00e1 em seguran\u00e7a.<br \/>\nO HDS Pro vem pr\u00e9-carregado com cartas C-MAP\u00ae e com a op\u00e7\u00e3o de atualizar para as cartas C-MAP\u00ae DISCOVER\u2122 ou REVEAL\u2122, para que possa passar mais tempo a pescar e menos tempo a encontr\u00e1-las.<br \/>\nAs cartas C-MAP oferecem excelentes rotas, camadas sociais e at\u00e9 mapeamento em tempo real com o poderoso Genesis\u00ae Live.<br \/>\nO HDS PRO tamb\u00e9m \u00e9 compat\u00edvel com a Navionics e outros fornecedores de cartas.<\/p>\n<p><strong>Mais op\u00e7\u00f5es<\/strong><br \/>\nAs op\u00e7\u00f5es e capacidades alargadas do HDS PRO oferecem-lhe mais formas de personalizar o seu barco para melhor se adaptar \u00e0s suas necessidades de pesca.<br \/>\nPara al\u00e9m dos tamanhos de ecr\u00e3 de 9, 10, 12 e 16 polegadas, o HDS PRO tamb\u00e9m pode ser expandido para proporcionar vistas e funcionalidades adicionais.<br \/>\nBasta adicionar um m\u00f3dulo de sonda S3100 e um transdutor de imagem ativa para ativar a nova vista FishReveal\u2122 SideScan, facilitando a identifica\u00e7\u00e3o de peixes nas laterais do barco.<br \/>\nOs pescadores podem tamb\u00e9m adicionar um segundo transdutor ActiveTarget\u00ae para melhor identificar os peixes, visualizando v\u00e1rios ecr\u00e3s de sonda em direto ActiveTarget 2 ao mesmo tempo.<br \/>\nCom a instala\u00e7\u00e3o plug-and-play, expandir a sua pesca nunca foi t\u00e3o f\u00e1cil.<\/p>\n<p>&nbsp;<\/li>\n<li><\/li>\n<\/ul>\n","protected":false},"excerpt":{"rendered":"<p>Caracter\u00edsticas principais Veja mais e apanhe mais com o novo HDS PRO, que lhe oferece as vistas mais n\u00edtidas e detalhadas. O Active Imaging HD proporciona vistas de alta defini\u00e7\u00e3o da sonda Lowrance CHIRP, SideScan e DownScan Imaging\u2122. A m\u00e1xima nitidez O ecr\u00e3 t\u00e1til SolarMAX\u2122 HD proporciona imagens deslumbrantes de peixes, estruturas e detalhes de &hellip; <\/p>\n<p class=\"more-link-wrap\"><a href=\"https:\/\/nautipescas.pt\/en\/produto\/lowrance-hds-live-12-com-transdutor-3-em-1\/\" class=\"more-link\"><span>Read More<span class=\"screen-reader-text\"> &#8220;LOWRANCE HDS PRO 12&#8243; COM TRANSDUTOR 3 EM 1&#8221;<\/span><\/span><\/a><\/p>\n","protected":false},"featured_media":7252,"template":"","meta":{"inline_featured_image":false},"product_cat":[153,226,458],"product_tag":[],"marcas":[242],"class_list":["post-7251","product","type-product","status-publish","has-post-thumbnail","hentry","product_cat-eletronica-maritima","product_cat-gps-plotter","product_cat-sondas-eletronica-maritima","marcas-lowrance"],"acf":[],"yoast_head":"<!-- This site is optimized with the Yoast SEO plugin v19.2 - https:\/\/yoast.com\/wordpress\/plugins\/seo\/ -->\n<title>LOWRANCE HDS PRO 12&quot; COM TRANSDUTOR 3 EM 1 - Nautipescas<\/title>\n<meta name=\"robots\" content=\"index, follow, max-snippet:-1, max-image-preview:large, max-video-preview:-1\" \/>\n<link rel=\"canonical\" href=\"https:\/\/nautipescas.pt\/produto\/lowrance-hds-live-12-com-transdutor-3-em-1\/\" \/>\n<meta property=\"og:locale\" content=\"en_US\" \/>\n<meta property=\"og:type\" content=\"article\" \/>\n<meta property=\"og:title\" content=\"LOWRANCE HDS PRO 12&quot; COM TRANSDUTOR 3 EM 1 - Nautipescas\" \/>\n<meta property=\"og:description\" content=\"Caracter\u00edsticas principais Veja mais e apanhe mais com o novo HDS PRO, que lhe oferece as vistas mais n\u00edtidas e detalhadas. O Active Imaging HD proporciona vistas de alta defini\u00e7\u00e3o da sonda Lowrance CHIRP, SideScan e DownScan Imaging\u2122. A m\u00e1xima nitidez O ecr\u00e3 t\u00e1til SolarMAX\u2122 HD proporciona imagens deslumbrantes de peixes, estruturas e detalhes de &hellip; Read More &quot;LOWRANCE HDS PRO 12&#8243; COM TRANSDUTOR 3 EM 1&quot;\" \/>\n<meta property=\"og:url\" content=\"https:\/\/nautipescas.pt\/produto\/lowrance-hds-live-12-com-transdutor-3-em-1\/\" \/>\n<meta property=\"og:site_name\" content=\"Nautipescas\" \/>\n<meta property=\"article:modified_time\" content=\"2024-04-10T14:57:54+00:00\" \/>\n<meta property=\"og:image\" content=\"https:\/\/nautipescas.pt\/wp-content\/uploads\/2023\/09\/transferir.jpg\" \/>\n\t<meta property=\"og:image:width\" content=\"225\" \/>\n\t<meta property=\"og:image:height\" content=\"225\" \/>\n\t<meta property=\"og:image:type\" content=\"image\/jpeg\" \/>\n<meta name=\"author\" content=\"Paulo Chaves\" \/>\n<meta name=\"twitter:card\" content=\"summary_large_image\" \/>\n<meta name=\"twitter:label1\" content=\"Est. reading time\" \/>\n\t<meta name=\"twitter:data1\" content=\"2 minutes\" \/>\n<script type=\"application\/ld+json\" class=\"yoast-schema-graph\">{\"@context\":\"https:\/\/schema.org\",\"@graph\":[{\"@type\":\"WebSite\",\"@id\":\"https:\/\/nautipescas.pt\/#website\",\"url\":\"https:\/\/nautipescas.pt\/\",\"name\":\"Nautipescas\",\"description\":\"\",\"potentialAction\":[{\"@type\":\"SearchAction\",\"target\":{\"@type\":\"EntryPoint\",\"urlTemplate\":\"https:\/\/nautipescas.pt\/?s={search_term_string}\"},\"query-input\":\"required name=search_term_string\"}],\"inLanguage\":\"en-US\"},{\"@type\":\"ImageObject\",\"inLanguage\":\"en-US\",\"@id\":\"https:\/\/nautipescas.pt\/produto\/lowrance-hds-live-12-com-transdutor-3-em-1\/#primaryimage\",\"url\":\"https:\/\/nautipescas.pt\/wp-content\/uploads\/2023\/09\/transferir.jpg\",\"contentUrl\":\"https:\/\/nautipescas.pt\/wp-content\/uploads\/2023\/09\/transferir.jpg\",\"width\":225,\"height\":225},{\"@type\":\"WebPage\",\"@id\":\"https:\/\/nautipescas.pt\/produto\/lowrance-hds-live-12-com-transdutor-3-em-1\/#webpage\",\"url\":\"https:\/\/nautipescas.pt\/produto\/lowrance-hds-live-12-com-transdutor-3-em-1\/\",\"name\":\"LOWRANCE HDS PRO 12\\\" COM TRANSDUTOR 3 EM 1 - Nautipescas\",\"isPartOf\":{\"@id\":\"https:\/\/nautipescas.pt\/#website\"},\"primaryImageOfPage\":{\"@id\":\"https:\/\/nautipescas.pt\/produto\/lowrance-hds-live-12-com-transdutor-3-em-1\/#primaryimage\"},\"datePublished\":\"2023-09-21T15:15:53+00:00\",\"dateModified\":\"2024-04-10T14:57:54+00:00\",\"breadcrumb\":{\"@id\":\"https:\/\/nautipescas.pt\/produto\/lowrance-hds-live-12-com-transdutor-3-em-1\/#breadcrumb\"},\"inLanguage\":\"en-US\",\"potentialAction\":[{\"@type\":\"ReadAction\",\"target\":[\"https:\/\/nautipescas.pt\/produto\/lowrance-hds-live-12-com-transdutor-3-em-1\/\"]}]},{\"@type\":\"BreadcrumbList\",\"@id\":\"https:\/\/nautipescas.pt\/produto\/lowrance-hds-live-12-com-transdutor-3-em-1\/#breadcrumb\",\"itemListElement\":[{\"@type\":\"ListItem\",\"position\":1,\"name\":\"In\u00edcio\",\"item\":\"https:\/\/nautipescas.pt\/en\/\"},{\"@type\":\"ListItem\",\"position\":2,\"name\":\"Shop\",\"item\":\"https:\/\/nautipescas.pt\/en\/shop-fishing-store-near-me\/\"},{\"@type\":\"ListItem\",\"position\":3,\"name\":\"LOWRANCE HDS PRO 12&#8243; COM TRANSDUTOR 3 EM 1\"}]}]}<\/script>\n<!-- \/ Yoast SEO plugin. -->","yoast_head_json":{"title":"LOWRANCE HDS PRO 12\" COM TRANSDUTOR 3 EM 1 - Nautipescas","robots":{"index":"index","follow":"follow","max-snippet":"max-snippet:-1","max-image-preview":"max-image-preview:large","max-video-preview":"max-video-preview:-1"},"canonical":"https:\/\/nautipescas.pt\/produto\/lowrance-hds-live-12-com-transdutor-3-em-1\/","og_locale":"en_US","og_type":"article","og_title":"LOWRANCE HDS PRO 12\" COM TRANSDUTOR 3 EM 1 - Nautipescas","og_description":"Caracter\u00edsticas principais Veja mais e apanhe mais com o novo HDS PRO, que lhe oferece as vistas mais n\u00edtidas e detalhadas. O Active Imaging HD proporciona vistas de alta defini\u00e7\u00e3o da sonda Lowrance CHIRP, SideScan e DownScan Imaging\u2122. A m\u00e1xima nitidez O ecr\u00e3 t\u00e1til SolarMAX\u2122 HD proporciona imagens deslumbrantes de peixes, estruturas e detalhes de &hellip; Read More \"LOWRANCE HDS PRO 12&#8243; COM TRANSDUTOR 3 EM 1\"","og_url":"https:\/\/nautipescas.pt\/produto\/lowrance-hds-live-12-com-transdutor-3-em-1\/","og_site_name":"Nautipescas","article_modified_time":"2024-04-10T14:57:54+00:00","og_image":[{"width":225,"height":225,"url":"https:\/\/nautipescas.pt\/wp-content\/uploads\/2023\/09\/transferir.jpg","type":"image\/jpeg"}],"author":"Paulo Chaves","twitter_card":"summary_large_image","twitter_misc":{"Est. reading time":"2 minutes"},"schema":{"@context":"https:\/\/schema.org","@graph":[{"@type":"WebSite","@id":"https:\/\/nautipescas.pt\/#website","url":"https:\/\/nautipescas.pt\/","name":"Nautipescas","description":"","potentialAction":[{"@type":"SearchAction","target":{"@type":"EntryPoint","urlTemplate":"https:\/\/nautipescas.pt\/?s={search_term_string}"},"query-input":"required name=search_term_string"}],"inLanguage":"en-US"},{"@type":"ImageObject","inLanguage":"en-US","@id":"https:\/\/nautipescas.pt\/produto\/lowrance-hds-live-12-com-transdutor-3-em-1\/#primaryimage","url":"https:\/\/nautipescas.pt\/wp-content\/uploads\/2023\/09\/transferir.jpg","contentUrl":"https:\/\/nautipescas.pt\/wp-content\/uploads\/2023\/09\/transferir.jpg","width":225,"height":225},{"@type":"WebPage","@id":"https:\/\/nautipescas.pt\/produto\/lowrance-hds-live-12-com-transdutor-3-em-1\/#webpage","url":"https:\/\/nautipescas.pt\/produto\/lowrance-hds-live-12-com-transdutor-3-em-1\/","name":"LOWRANCE HDS PRO 12\" COM TRANSDUTOR 3 EM 1 - Nautipescas","isPartOf":{"@id":"https:\/\/nautipescas.pt\/#website"},"primaryImageOfPage":{"@id":"https:\/\/nautipescas.pt\/produto\/lowrance-hds-live-12-com-transdutor-3-em-1\/#primaryimage"},"datePublished":"2023-09-21T15:15:53+00:00","dateModified":"2024-04-10T14:57:54+00:00","breadcrumb":{"@id":"https:\/\/nautipescas.pt\/produto\/lowrance-hds-live-12-com-transdutor-3-em-1\/#breadcrumb"},"inLanguage":"en-US","potentialAction":[{"@type":"ReadAction","target":["https:\/\/nautipescas.pt\/produto\/lowrance-hds-live-12-com-transdutor-3-em-1\/"]}]},{"@type":"BreadcrumbList","@id":"https:\/\/nautipescas.pt\/produto\/lowrance-hds-live-12-com-transdutor-3-em-1\/#breadcrumb","itemListElement":[{"@type":"ListItem","position":1,"name":"In\u00edcio","item":"https:\/\/nautipescas.pt\/en\/"},{"@type":"ListItem","position":2,"name":"Shop","item":"https:\/\/nautipescas.pt\/en\/shop-fishing-store-near-me\/"},{"@type":"ListItem","position":3,"name":"LOWRANCE HDS PRO 12&#8243; COM TRANSDUTOR 3 EM 1"}]}]}},"_links":{"self":[{"href":"https:\/\/nautipescas.pt\/en\/wp-json\/wp\/v2\/product\/7251","targetHints":{"allow":["GET"]}}],"collection":[{"href":"https:\/\/nautipescas.pt\/en\/wp-json\/wp\/v2\/product"}],"about":[{"href":"https:\/\/nautipescas.pt\/en\/wp-json\/wp\/v2\/types\/product"}],"wp:featuredmedia":[{"embeddable":true,"href":"https:\/\/nautipescas.pt\/en\/wp-json\/wp\/v2\/media\/7252"}],"wp:attachment":[{"href":"https:\/\/nautipescas.pt\/en\/wp-json\/wp\/v2\/media?parent=7251"}],"wp:term":[{"taxonomy":"product_cat","embeddable":true,"href":"https:\/\/nautipescas.pt\/en\/wp-json\/wp\/v2\/product_cat?post=7251"},{"taxonomy":"product_tag","embeddable":true,"href":"https:\/\/nautipescas.pt\/en\/wp-json\/wp\/v2\/product_tag?post=7251"},{"taxonomy":"marcas","embeddable":true,"href":"https:\/\/nautipescas.pt\/en\/wp-json\/wp\/v2\/marcas?post=7251"}],"curies":[{"name":"wp","href":"https:\/\/api.w.org\/{rel}","templated":true}]}}