{"id":7688,"date":"2024-04-12T13:50:16","date_gmt":"2024-04-12T13:50:16","guid":{"rendered":"https:\/\/nautipescas.pt\/?post_type=product&#038;p=7688"},"modified":"2024-04-12T13:50:17","modified_gmt":"2024-04-12T13:50:17","slug":"fio-daiwa-saltiga-8b-300mt","status":"publish","type":"product","link":"https:\/\/nautipescas.pt\/en\/produto\/fio-daiwa-saltiga-8b-300mt\/","title":{"rendered":"FIO DAIWA SALTIGA 8B 300MT"},"content":{"rendered":"<div class=\"product_header_container clearfix\">\n<h1 class=\"h1 page-title\">Daiwa Saltiga 8 Braid Dura Multicolor 300m<\/h1>\n<div class=\"product-manufacturer mb-3\"><\/div>\n<p><label class=\"label\">Marca:<\/label> <a href=\"https:\/\/zimbromotor.pt\/brand\/90-daiwa\">Daiwa<\/a><\/div>\n<div class=\"product-information\">\n<div id=\"product-description-short-3384\" class=\"rte-content product-description\">\n<p>O novo multifilamento Saltiga de 8 fios tem uma variedade de di\u00e2metros que cobrem todas as utiliza\u00e7\u00f5es mais comuns no mar: slow jig, amostra flex\u00edvel, jig e popping extremo. O entran\u00e7ado denso e o tratamento externo favorecem o deslizamento, s\u00e3o as duas principais vantagens deste produto.<\/p>\n<h3>Especialmente desenhada para a pesca mar\u00edtima,<\/h3>\n<p>MEDIDAS EXTRA<\/p>\n<p>0.33MM\/24KG\/53LBS\/300MT MC<\/p>\n<p>0.37MM\/30KG\/66LBS\/300MT MC<\/p>\n<p>&nbsp;<\/p>\n<p>&nbsp;<\/p>\n<table>\n<tbody>\n<tr>\n<td><img decoding=\"async\" src=\"https:\/\/balanzol.com\/img\/cms\/A_ETIQUETAS%20PARA%20CANAS%20E%20CARRETOS\/LINHAS\/2021-09-20_12-53-09.jpg\" alt=\"\" width=\"60\" height=\"35\" \/><\/td>\n<td><img decoding=\"async\" src=\"https:\/\/balanzol.com\/img\/cms\/A_ETIQUETAS%20PARA%20CANAS%20E%20CARRETOS\/LINHAS\/PEIXE-KG.jpg\" alt=\"\" width=\"60\" height=\"35\" \/><\/td>\n<td><img decoding=\"async\" src=\"https:\/\/balanzol.com\/img\/cms\/A_ETIQUETAS%20PARA%20CANAS%20E%20CARRETOS\/LINHAS\/2021-09-20_12-54-27.jpg\" alt=\"\" width=\"60\" height=\"35\" \/><\/td>\n<td><img decoding=\"async\" src=\"https:\/\/balanzol.com\/img\/cms\/A_ETIQUETAS%20PARA%20CANAS%20E%20CARRETOS\/LINHAS\/METROS.jpg\" alt=\"\" width=\"55\" height=\"35\" \/><\/td>\n<td><img decoding=\"async\" src=\"https:\/\/balanzol.com\/img\/cms\/A_ETIQUETAS%20PARA%20CANAS%20E%20CARRETOS\/LINHAS\/MULTICOLOR_1.jpg\" alt=\"\" width=\"60\" height=\"35\" \/><\/td>\n<\/tr>\n<tr>\n<td>12<\/td>\n<td>4.9<\/td>\n<td>11<\/td>\n<td>300<\/td>\n<td>MC<\/td>\n<\/tr>\n<tr>\n<td>14<\/td>\n<td>6.8<\/td>\n<td>15<\/td>\n<td>300<\/td>\n<td>MC<\/td>\n<\/tr>\n<tr>\n<td>16<\/td>\n<td>8.0<\/td>\n<td>18<\/td>\n<td>300<\/td>\n<td>MC<\/td>\n<\/tr>\n<tr>\n<td>18<\/td>\n<td>9.6<\/td>\n<td>21<\/td>\n<td>300<\/td>\n<td>MC<\/td>\n<\/tr>\n<tr>\n<td>20<\/td>\n<td>12<\/td>\n<td>26<\/td>\n<td>300<\/td>\n<td>MC<\/td>\n<\/tr>\n<tr>\n<td>23<\/td>\n<td>16<\/td>\n<td>35<\/td>\n<td>300<\/td>\n<td>MC<\/td>\n<\/tr>\n<tr>\n<td>26<\/td>\n<td>19<\/td>\n<td>42<\/td>\n<td>300<\/td>\n<td>MC<\/td>\n<\/tr>\n<tr>\n<td>28<\/td>\n<td>22<\/td>\n<td>49<\/td>\n<td>300<\/td>\n<td>MC<\/td>\n<\/tr>\n<\/tbody>\n<\/table>\n<\/div>\n<\/div>\n","protected":false},"excerpt":{"rendered":"<p>Daiwa Saltiga 8 Braid Dura Multicolor 300m Marca: Daiwa O novo multifilamento Saltiga de 8 fios tem uma variedade de di\u00e2metros que cobrem todas as utiliza\u00e7\u00f5es mais comuns no mar: slow jig, amostra flex\u00edvel, jig e popping extremo. O entran\u00e7ado denso e o tratamento externo favorecem o deslizamento, s\u00e3o as duas principais vantagens deste produto. &hellip; <\/p>\n<p class=\"more-link-wrap\"><a href=\"https:\/\/nautipescas.pt\/en\/produto\/fio-daiwa-saltiga-8b-300mt\/\" class=\"more-link\"><span>Read More<span class=\"screen-reader-text\"> &#8220;FIO DAIWA SALTIGA 8B 300MT&#8221;<\/span><\/span><\/a><\/p>\n","protected":false},"featured_media":7689,"template":"","meta":{"inline_featured_image":false},"product_cat":[354,148],"product_tag":[],"marcas":[131],"class_list":["post-7688","product","type-product","status-publish","has-post-thumbnail","hentry","product_cat-fio-multifilamento-hueco","product_cat-pesca","marcas-daiwa"],"acf":[],"yoast_head":"<!-- This site is optimized with the Yoast SEO plugin v19.2 - https:\/\/yoast.com\/wordpress\/plugins\/seo\/ -->\n<title>FIO DAIWA SALTIGA 8B 300MT - Nautipescas<\/title>\n<meta name=\"robots\" content=\"index, follow, max-snippet:-1, max-image-preview:large, max-video-preview:-1\" \/>\n<link rel=\"canonical\" href=\"https:\/\/nautipescas.pt\/produto\/fio-daiwa-saltiga-8b-300mt\/\" \/>\n<meta property=\"og:locale\" content=\"en_US\" \/>\n<meta property=\"og:type\" content=\"article\" \/>\n<meta property=\"og:title\" content=\"FIO DAIWA SALTIGA 8B 300MT - Nautipescas\" \/>\n<meta property=\"og:description\" content=\"Daiwa Saltiga 8 Braid Dura Multicolor 300m Marca: Daiwa O novo multifilamento Saltiga de 8 fios tem uma variedade de di\u00e2metros que cobrem todas as utiliza\u00e7\u00f5es mais comuns no mar: slow jig, amostra flex\u00edvel, jig e popping extremo. O entran\u00e7ado denso e o tratamento externo favorecem o deslizamento, s\u00e3o as duas principais vantagens deste produto. &hellip; Read More &quot;FIO DAIWA SALTIGA 8B 300MT&quot;\" \/>\n<meta property=\"og:url\" content=\"https:\/\/nautipescas.pt\/produto\/fio-daiwa-saltiga-8b-300mt\/\" \/>\n<meta property=\"og:site_name\" content=\"Nautipescas\" \/>\n<meta property=\"article:modified_time\" content=\"2024-04-12T13:50:17+00:00\" \/>\n<meta property=\"og:image\" content=\"https:\/\/nautipescas.pt\/wp-content\/uploads\/2024\/04\/daiwa-saltiga-durasensor-8-braid-si-300m-pe10-123lb-56kg.jpg\" \/>\n\t<meta property=\"og:image:width\" content=\"800\" \/>\n\t<meta property=\"og:image:height\" content=\"800\" \/>\n\t<meta property=\"og:image:type\" content=\"image\/jpeg\" \/>\n<meta name=\"author\" content=\"Paulo Chaves\" \/>\n<meta name=\"twitter:card\" content=\"summary_large_image\" \/>\n<script type=\"application\/ld+json\" class=\"yoast-schema-graph\">{\"@context\":\"https:\/\/schema.org\",\"@graph\":[{\"@type\":\"WebSite\",\"@id\":\"https:\/\/nautipescas.pt\/#website\",\"url\":\"https:\/\/nautipescas.pt\/\",\"name\":\"Nautipescas\",\"description\":\"\",\"potentialAction\":[{\"@type\":\"SearchAction\",\"target\":{\"@type\":\"EntryPoint\",\"urlTemplate\":\"https:\/\/nautipescas.pt\/?s={search_term_string}\"},\"query-input\":\"required name=search_term_string\"}],\"inLanguage\":\"en-US\"},{\"@type\":\"ImageObject\",\"inLanguage\":\"en-US\",\"@id\":\"https:\/\/nautipescas.pt\/produto\/fio-daiwa-saltiga-8b-300mt\/#primaryimage\",\"url\":\"https:\/\/nautipescas.pt\/wp-content\/uploads\/2024\/04\/daiwa-saltiga-durasensor-8-braid-si-300m-pe10-123lb-56kg.jpg\",\"contentUrl\":\"https:\/\/nautipescas.pt\/wp-content\/uploads\/2024\/04\/daiwa-saltiga-durasensor-8-braid-si-300m-pe10-123lb-56kg.jpg\",\"width\":800,\"height\":800},{\"@type\":\"WebPage\",\"@id\":\"https:\/\/nautipescas.pt\/produto\/fio-daiwa-saltiga-8b-300mt\/#webpage\",\"url\":\"https:\/\/nautipescas.pt\/produto\/fio-daiwa-saltiga-8b-300mt\/\",\"name\":\"FIO DAIWA SALTIGA 8B 300MT - Nautipescas\",\"isPartOf\":{\"@id\":\"https:\/\/nautipescas.pt\/#website\"},\"primaryImageOfPage\":{\"@id\":\"https:\/\/nautipescas.pt\/produto\/fio-daiwa-saltiga-8b-300mt\/#primaryimage\"},\"datePublished\":\"2024-04-12T13:50:16+00:00\",\"dateModified\":\"2024-04-12T13:50:17+00:00\",\"breadcrumb\":{\"@id\":\"https:\/\/nautipescas.pt\/produto\/fio-daiwa-saltiga-8b-300mt\/#breadcrumb\"},\"inLanguage\":\"en-US\",\"potentialAction\":[{\"@type\":\"ReadAction\",\"target\":[\"https:\/\/nautipescas.pt\/produto\/fio-daiwa-saltiga-8b-300mt\/\"]}]},{\"@type\":\"BreadcrumbList\",\"@id\":\"https:\/\/nautipescas.pt\/produto\/fio-daiwa-saltiga-8b-300mt\/#breadcrumb\",\"itemListElement\":[{\"@type\":\"ListItem\",\"position\":1,\"name\":\"In\u00edcio\",\"item\":\"https:\/\/nautipescas.pt\/en\/\"},{\"@type\":\"ListItem\",\"position\":2,\"name\":\"Shop\",\"item\":\"https:\/\/nautipescas.pt\/en\/shop-fishing-store-near-me\/\"},{\"@type\":\"ListItem\",\"position\":3,\"name\":\"FIO DAIWA SALTIGA 8B 300MT\"}]}]}<\/script>\n<!-- \/ Yoast SEO plugin. -->","yoast_head_json":{"title":"FIO DAIWA SALTIGA 8B 300MT - Nautipescas","robots":{"index":"index","follow":"follow","max-snippet":"max-snippet:-1","max-image-preview":"max-image-preview:large","max-video-preview":"max-video-preview:-1"},"canonical":"https:\/\/nautipescas.pt\/produto\/fio-daiwa-saltiga-8b-300mt\/","og_locale":"en_US","og_type":"article","og_title":"FIO DAIWA SALTIGA 8B 300MT - Nautipescas","og_description":"Daiwa Saltiga 8 Braid Dura Multicolor 300m Marca: Daiwa O novo multifilamento Saltiga de 8 fios tem uma variedade de di\u00e2metros que cobrem todas as utiliza\u00e7\u00f5es mais comuns no mar: slow jig, amostra flex\u00edvel, jig e popping extremo. O entran\u00e7ado denso e o tratamento externo favorecem o deslizamento, s\u00e3o as duas principais vantagens deste produto. &hellip; Read More \"FIO DAIWA SALTIGA 8B 300MT\"","og_url":"https:\/\/nautipescas.pt\/produto\/fio-daiwa-saltiga-8b-300mt\/","og_site_name":"Nautipescas","article_modified_time":"2024-04-12T13:50:17+00:00","og_image":[{"width":800,"height":800,"url":"https:\/\/nautipescas.pt\/wp-content\/uploads\/2024\/04\/daiwa-saltiga-durasensor-8-braid-si-300m-pe10-123lb-56kg.jpg","type":"image\/jpeg"}],"author":"Paulo Chaves","twitter_card":"summary_large_image","schema":{"@context":"https:\/\/schema.org","@graph":[{"@type":"WebSite","@id":"https:\/\/nautipescas.pt\/#website","url":"https:\/\/nautipescas.pt\/","name":"Nautipescas","description":"","potentialAction":[{"@type":"SearchAction","target":{"@type":"EntryPoint","urlTemplate":"https:\/\/nautipescas.pt\/?s={search_term_string}"},"query-input":"required name=search_term_string"}],"inLanguage":"en-US"},{"@type":"ImageObject","inLanguage":"en-US","@id":"https:\/\/nautipescas.pt\/produto\/fio-daiwa-saltiga-8b-300mt\/#primaryimage","url":"https:\/\/nautipescas.pt\/wp-content\/uploads\/2024\/04\/daiwa-saltiga-durasensor-8-braid-si-300m-pe10-123lb-56kg.jpg","contentUrl":"https:\/\/nautipescas.pt\/wp-content\/uploads\/2024\/04\/daiwa-saltiga-durasensor-8-braid-si-300m-pe10-123lb-56kg.jpg","width":800,"height":800},{"@type":"WebPage","@id":"https:\/\/nautipescas.pt\/produto\/fio-daiwa-saltiga-8b-300mt\/#webpage","url":"https:\/\/nautipescas.pt\/produto\/fio-daiwa-saltiga-8b-300mt\/","name":"FIO DAIWA SALTIGA 8B 300MT - Nautipescas","isPartOf":{"@id":"https:\/\/nautipescas.pt\/#website"},"primaryImageOfPage":{"@id":"https:\/\/nautipescas.pt\/produto\/fio-daiwa-saltiga-8b-300mt\/#primaryimage"},"datePublished":"2024-04-12T13:50:16+00:00","dateModified":"2024-04-12T13:50:17+00:00","breadcrumb":{"@id":"https:\/\/nautipescas.pt\/produto\/fio-daiwa-saltiga-8b-300mt\/#breadcrumb"},"inLanguage":"en-US","potentialAction":[{"@type":"ReadAction","target":["https:\/\/nautipescas.pt\/produto\/fio-daiwa-saltiga-8b-300mt\/"]}]},{"@type":"BreadcrumbList","@id":"https:\/\/nautipescas.pt\/produto\/fio-daiwa-saltiga-8b-300mt\/#breadcrumb","itemListElement":[{"@type":"ListItem","position":1,"name":"In\u00edcio","item":"https:\/\/nautipescas.pt\/en\/"},{"@type":"ListItem","position":2,"name":"Shop","item":"https:\/\/nautipescas.pt\/en\/shop-fishing-store-near-me\/"},{"@type":"ListItem","position":3,"name":"FIO DAIWA SALTIGA 8B 300MT"}]}]}},"_links":{"self":[{"href":"https:\/\/nautipescas.pt\/en\/wp-json\/wp\/v2\/product\/7688","targetHints":{"allow":["GET"]}}],"collection":[{"href":"https:\/\/nautipescas.pt\/en\/wp-json\/wp\/v2\/product"}],"about":[{"href":"https:\/\/nautipescas.pt\/en\/wp-json\/wp\/v2\/types\/product"}],"wp:featuredmedia":[{"embeddable":true,"href":"https:\/\/nautipescas.pt\/en\/wp-json\/wp\/v2\/media\/7689"}],"wp:attachment":[{"href":"https:\/\/nautipescas.pt\/en\/wp-json\/wp\/v2\/media?parent=7688"}],"wp:term":[{"taxonomy":"product_cat","embeddable":true,"href":"https:\/\/nautipescas.pt\/en\/wp-json\/wp\/v2\/product_cat?post=7688"},{"taxonomy":"product_tag","embeddable":true,"href":"https:\/\/nautipescas.pt\/en\/wp-json\/wp\/v2\/product_tag?post=7688"},{"taxonomy":"marcas","embeddable":true,"href":"https:\/\/nautipescas.pt\/en\/wp-json\/wp\/v2\/marcas?post=7688"}],"curies":[{"name":"wp","href":"https:\/\/api.w.org\/{rel}","templated":true}]}}