{"id":7843,"date":"2024-12-20T12:12:26","date_gmt":"2024-12-20T12:12:26","guid":{"rendered":"https:\/\/nautipescas.pt\/?post_type=product&#038;p=7843"},"modified":"2025-02-18T14:32:47","modified_gmt":"2025-02-18T14:32:47","slug":"carreto-electrico-daiwa-tanacom-2022-800","status":"publish","type":"product","link":"https:\/\/nautipescas.pt\/en\/produto\/carreto-electrico-daiwa-tanacom-2022-800\/","title":{"rendered":"CARRETO ELECTRICO DAIWA TANACOM 2022 800"},"content":{"rendered":"<p>Carreto el\u00e9trico adequado \u00e0s pescas profundas, cuja utiliza\u00e7\u00e3o e\u00b4 facilitada pela instala\u00e7\u00e3o neste novo modelo de um ecr\u00e3 retro iluminado cujo menu de utiliza\u00e7\u00e3o esta\u00b4 dispon\u00edvel em diferentes idiomas (Ingl\u00eas, Franc\u00eas, Espanhol).<br \/>\nOutra particularidade importante deste modelo \u00e9 o motor e as engrenagens est\u00e3o dentro da bobina a fim de aumentar a pot\u00eancia e a resist\u00eancia do carreto.<br \/>\nA sua capacidade e\u00b4 superior que a` do seu ilustre antecessor Tanacom e a velocidade de rota\u00e7\u00e3o de seu motor e\u00b4 30% mais elevada.<\/p>\n<p>Drag em estrela<br \/>\nRolamentos : 11<br \/>\nCorpo alum\u00ednio<br \/>\nBobina alum\u00ednio<br \/>\nVisor digital com indica\u00e7\u00e3o em metros<br \/>\nFornecido com um cabo de alimenta\u00e7\u00e3o (2,50 m) com pin\u00e7as<br \/>\nManivela em alum\u00ednio<br \/>\nPega de combate redonda alum\u00ednio<\/p>\n<p>Especifica\u00e7\u00f5es T\u00e9cnicas:<\/p>\n<p>Peso: 1910g<br \/>\nRatio: 2.1:1<br \/>\nRolamentos: 11<br \/>\nDrag M\u00e1ximo: 25kg<br \/>\nCapacidade de linha: 0.41mm\/800m<\/p>\n","protected":false},"excerpt":{"rendered":"<p>Carreto el\u00e9trico adequado \u00e0s pescas profundas, cuja utiliza\u00e7\u00e3o e\u00b4 facilitada pela instala\u00e7\u00e3o neste novo modelo de um ecr\u00e3 retro iluminado cujo menu de utiliza\u00e7\u00e3o esta\u00b4 dispon\u00edvel em diferentes idiomas (Ingl\u00eas, Franc\u00eas, Espanhol). Outra particularidade importante deste modelo \u00e9 o motor e as engrenagens est\u00e3o dentro da bobina a fim de aumentar a pot\u00eancia e a &hellip; <\/p>\n<p class=\"more-link-wrap\"><a href=\"https:\/\/nautipescas.pt\/en\/produto\/carreto-electrico-daiwa-tanacom-2022-800\/\" class=\"more-link\"><span>Read More<span class=\"screen-reader-text\"> &#8220;CARRETO ELECTRICO DAIWA TANACOM 2022 800&#8221;<\/span><\/span><\/a><\/p>\n","protected":false},"featured_media":7848,"template":"","meta":{"inline_featured_image":false},"product_cat":[195,169,148],"product_tag":[],"marcas":[131],"class_list":["post-7843","product","type-product","status-publish","has-post-thumbnail","hentry","product_cat-carretos","product_cat-carretos-eletricos","product_cat-pesca","marcas-daiwa"],"acf":[],"yoast_head":"<!-- This site is optimized with the Yoast SEO plugin v19.2 - https:\/\/yoast.com\/wordpress\/plugins\/seo\/ -->\n<title>CARRETO ELECTRICO DAIWA TANACOM 2022 800 - Nautipescas<\/title>\n<meta name=\"description\" content=\"Drag em estrelaRolamentos : 11Corpo alum\u00ednioBobina alum\u00ednioVisor digital com indica\u00e7\u00e3o em metrosFornecido com um cabo de alimenta\u00e7\u00e3o (2,50 m) com pin\u00e7asManivela em alum\u00ednioPega de combate redonda alum\u00ednioEspecifica\u00e7\u00f5es T\u00e9cnicas:Peso: 1910gRatio: 2.1:1Rolamentos: 11Drag M\u00e1ximo: 25kgCapacidade de linha: 0.41mm\/800m\" \/>\n<meta name=\"robots\" content=\"index, follow, max-snippet:-1, max-image-preview:large, max-video-preview:-1\" \/>\n<link rel=\"canonical\" href=\"https:\/\/nautipescas.pt\/produto\/carreto-electrico-daiwa-tanacom-2022-800\/\" \/>\n<meta property=\"og:locale\" content=\"en_US\" \/>\n<meta property=\"og:type\" content=\"article\" \/>\n<meta property=\"og:title\" content=\"CARRETO ELECTRICO DAIWA TANACOM 2022 800 - Nautipescas\" \/>\n<meta property=\"og:description\" content=\"Drag em estrelaRolamentos : 11Corpo alum\u00ednioBobina alum\u00ednioVisor digital com indica\u00e7\u00e3o em metrosFornecido com um cabo de alimenta\u00e7\u00e3o (2,50 m) com pin\u00e7asManivela em alum\u00ednioPega de combate redonda alum\u00ednioEspecifica\u00e7\u00f5es T\u00e9cnicas:Peso: 1910gRatio: 2.1:1Rolamentos: 11Drag M\u00e1ximo: 25kgCapacidade de linha: 0.41mm\/800m\" \/>\n<meta property=\"og:url\" content=\"https:\/\/nautipescas.pt\/produto\/carreto-electrico-daiwa-tanacom-2022-800\/\" \/>\n<meta property=\"og:site_name\" content=\"Nautipescas\" \/>\n<meta property=\"article:modified_time\" content=\"2025-02-18T14:32:47+00:00\" \/>\n<meta property=\"og:image\" content=\"https:\/\/nautipescas.pt\/wp-content\/uploads\/2024\/12\/8001.jpg\" \/>\n\t<meta property=\"og:image:width\" content=\"225\" \/>\n\t<meta property=\"og:image:height\" content=\"225\" \/>\n\t<meta property=\"og:image:type\" content=\"image\/jpeg\" \/>\n<meta name=\"author\" content=\"Paulo Chaves\" \/>\n<meta name=\"twitter:card\" content=\"summary_large_image\" \/>\n<meta name=\"twitter:label1\" content=\"Est. reading time\" \/>\n\t<meta name=\"twitter:data1\" content=\"1 minute\" \/>\n<script type=\"application\/ld+json\" class=\"yoast-schema-graph\">{\"@context\":\"https:\/\/schema.org\",\"@graph\":[{\"@type\":\"WebSite\",\"@id\":\"https:\/\/nautipescas.pt\/#website\",\"url\":\"https:\/\/nautipescas.pt\/\",\"name\":\"Nautipescas\",\"description\":\"\",\"potentialAction\":[{\"@type\":\"SearchAction\",\"target\":{\"@type\":\"EntryPoint\",\"urlTemplate\":\"https:\/\/nautipescas.pt\/?s={search_term_string}\"},\"query-input\":\"required name=search_term_string\"}],\"inLanguage\":\"en-US\"},{\"@type\":\"ImageObject\",\"inLanguage\":\"en-US\",\"@id\":\"https:\/\/nautipescas.pt\/produto\/carreto-electrico-daiwa-tanacom-2022-800\/#primaryimage\",\"url\":\"https:\/\/nautipescas.pt\/wp-content\/uploads\/2024\/12\/8001.jpg\",\"contentUrl\":\"https:\/\/nautipescas.pt\/wp-content\/uploads\/2024\/12\/8001.jpg\",\"width\":225,\"height\":225},{\"@type\":\"WebPage\",\"@id\":\"https:\/\/nautipescas.pt\/produto\/carreto-electrico-daiwa-tanacom-2022-800\/#webpage\",\"url\":\"https:\/\/nautipescas.pt\/produto\/carreto-electrico-daiwa-tanacom-2022-800\/\",\"name\":\"CARRETO ELECTRICO DAIWA TANACOM 2022 800 - Nautipescas\",\"isPartOf\":{\"@id\":\"https:\/\/nautipescas.pt\/#website\"},\"primaryImageOfPage\":{\"@id\":\"https:\/\/nautipescas.pt\/produto\/carreto-electrico-daiwa-tanacom-2022-800\/#primaryimage\"},\"datePublished\":\"2024-12-20T12:12:26+00:00\",\"dateModified\":\"2025-02-18T14:32:47+00:00\",\"description\":\"Drag em estrelaRolamentos : 11Corpo alum\u00ednioBobina alum\u00ednioVisor digital com indica\u00e7\u00e3o em metrosFornecido com um cabo de alimenta\u00e7\u00e3o (2,50 m) com pin\u00e7asManivela em alum\u00ednioPega de combate redonda alum\u00ednioEspecifica\u00e7\u00f5es T\u00e9cnicas:Peso: 1910gRatio: 2.1:1Rolamentos: 11Drag M\u00e1ximo: 25kgCapacidade de linha: 0.41mm\/800m\",\"breadcrumb\":{\"@id\":\"https:\/\/nautipescas.pt\/produto\/carreto-electrico-daiwa-tanacom-2022-800\/#breadcrumb\"},\"inLanguage\":\"en-US\",\"potentialAction\":[{\"@type\":\"ReadAction\",\"target\":[\"https:\/\/nautipescas.pt\/produto\/carreto-electrico-daiwa-tanacom-2022-800\/\"]}]},{\"@type\":\"BreadcrumbList\",\"@id\":\"https:\/\/nautipescas.pt\/produto\/carreto-electrico-daiwa-tanacom-2022-800\/#breadcrumb\",\"itemListElement\":[{\"@type\":\"ListItem\",\"position\":1,\"name\":\"In\u00edcio\",\"item\":\"https:\/\/nautipescas.pt\/en\/\"},{\"@type\":\"ListItem\",\"position\":2,\"name\":\"Shop\",\"item\":\"https:\/\/nautipescas.pt\/en\/shop-fishing-store-near-me\/\"},{\"@type\":\"ListItem\",\"position\":3,\"name\":\"CARRETO ELECTRICO DAIWA TANACOM 2022 800\"}]}]}<\/script>\n<!-- \/ Yoast SEO plugin. -->","yoast_head_json":{"title":"CARRETO ELECTRICO DAIWA TANACOM 2022 800 - Nautipescas","description":"Drag em estrelaRolamentos : 11Corpo alum\u00ednioBobina alum\u00ednioVisor digital com indica\u00e7\u00e3o em metrosFornecido com um cabo de alimenta\u00e7\u00e3o (2,50 m) com pin\u00e7asManivela em alum\u00ednioPega de combate redonda alum\u00ednioEspecifica\u00e7\u00f5es T\u00e9cnicas:Peso: 1910gRatio: 2.1:1Rolamentos: 11Drag M\u00e1ximo: 25kgCapacidade de linha: 0.41mm\/800m","robots":{"index":"index","follow":"follow","max-snippet":"max-snippet:-1","max-image-preview":"max-image-preview:large","max-video-preview":"max-video-preview:-1"},"canonical":"https:\/\/nautipescas.pt\/produto\/carreto-electrico-daiwa-tanacom-2022-800\/","og_locale":"en_US","og_type":"article","og_title":"CARRETO ELECTRICO DAIWA TANACOM 2022 800 - Nautipescas","og_description":"Drag em estrelaRolamentos : 11Corpo alum\u00ednioBobina alum\u00ednioVisor digital com indica\u00e7\u00e3o em metrosFornecido com um cabo de alimenta\u00e7\u00e3o (2,50 m) com pin\u00e7asManivela em alum\u00ednioPega de combate redonda alum\u00ednioEspecifica\u00e7\u00f5es T\u00e9cnicas:Peso: 1910gRatio: 2.1:1Rolamentos: 11Drag M\u00e1ximo: 25kgCapacidade de linha: 0.41mm\/800m","og_url":"https:\/\/nautipescas.pt\/produto\/carreto-electrico-daiwa-tanacom-2022-800\/","og_site_name":"Nautipescas","article_modified_time":"2025-02-18T14:32:47+00:00","og_image":[{"width":225,"height":225,"url":"https:\/\/nautipescas.pt\/wp-content\/uploads\/2024\/12\/8001.jpg","type":"image\/jpeg"}],"author":"Paulo Chaves","twitter_card":"summary_large_image","twitter_misc":{"Est. reading time":"1 minute"},"schema":{"@context":"https:\/\/schema.org","@graph":[{"@type":"WebSite","@id":"https:\/\/nautipescas.pt\/#website","url":"https:\/\/nautipescas.pt\/","name":"Nautipescas","description":"","potentialAction":[{"@type":"SearchAction","target":{"@type":"EntryPoint","urlTemplate":"https:\/\/nautipescas.pt\/?s={search_term_string}"},"query-input":"required name=search_term_string"}],"inLanguage":"en-US"},{"@type":"ImageObject","inLanguage":"en-US","@id":"https:\/\/nautipescas.pt\/produto\/carreto-electrico-daiwa-tanacom-2022-800\/#primaryimage","url":"https:\/\/nautipescas.pt\/wp-content\/uploads\/2024\/12\/8001.jpg","contentUrl":"https:\/\/nautipescas.pt\/wp-content\/uploads\/2024\/12\/8001.jpg","width":225,"height":225},{"@type":"WebPage","@id":"https:\/\/nautipescas.pt\/produto\/carreto-electrico-daiwa-tanacom-2022-800\/#webpage","url":"https:\/\/nautipescas.pt\/produto\/carreto-electrico-daiwa-tanacom-2022-800\/","name":"CARRETO ELECTRICO DAIWA TANACOM 2022 800 - Nautipescas","isPartOf":{"@id":"https:\/\/nautipescas.pt\/#website"},"primaryImageOfPage":{"@id":"https:\/\/nautipescas.pt\/produto\/carreto-electrico-daiwa-tanacom-2022-800\/#primaryimage"},"datePublished":"2024-12-20T12:12:26+00:00","dateModified":"2025-02-18T14:32:47+00:00","description":"Drag em estrelaRolamentos : 11Corpo alum\u00ednioBobina alum\u00ednioVisor digital com indica\u00e7\u00e3o em metrosFornecido com um cabo de alimenta\u00e7\u00e3o (2,50 m) com pin\u00e7asManivela em alum\u00ednioPega de combate redonda alum\u00ednioEspecifica\u00e7\u00f5es T\u00e9cnicas:Peso: 1910gRatio: 2.1:1Rolamentos: 11Drag M\u00e1ximo: 25kgCapacidade de linha: 0.41mm\/800m","breadcrumb":{"@id":"https:\/\/nautipescas.pt\/produto\/carreto-electrico-daiwa-tanacom-2022-800\/#breadcrumb"},"inLanguage":"en-US","potentialAction":[{"@type":"ReadAction","target":["https:\/\/nautipescas.pt\/produto\/carreto-electrico-daiwa-tanacom-2022-800\/"]}]},{"@type":"BreadcrumbList","@id":"https:\/\/nautipescas.pt\/produto\/carreto-electrico-daiwa-tanacom-2022-800\/#breadcrumb","itemListElement":[{"@type":"ListItem","position":1,"name":"In\u00edcio","item":"https:\/\/nautipescas.pt\/en\/"},{"@type":"ListItem","position":2,"name":"Shop","item":"https:\/\/nautipescas.pt\/en\/shop-fishing-store-near-me\/"},{"@type":"ListItem","position":3,"name":"CARRETO ELECTRICO DAIWA TANACOM 2022 800"}]}]}},"_links":{"self":[{"href":"https:\/\/nautipescas.pt\/en\/wp-json\/wp\/v2\/product\/7843","targetHints":{"allow":["GET"]}}],"collection":[{"href":"https:\/\/nautipescas.pt\/en\/wp-json\/wp\/v2\/product"}],"about":[{"href":"https:\/\/nautipescas.pt\/en\/wp-json\/wp\/v2\/types\/product"}],"wp:featuredmedia":[{"embeddable":true,"href":"https:\/\/nautipescas.pt\/en\/wp-json\/wp\/v2\/media\/7848"}],"wp:attachment":[{"href":"https:\/\/nautipescas.pt\/en\/wp-json\/wp\/v2\/media?parent=7843"}],"wp:term":[{"taxonomy":"product_cat","embeddable":true,"href":"https:\/\/nautipescas.pt\/en\/wp-json\/wp\/v2\/product_cat?post=7843"},{"taxonomy":"product_tag","embeddable":true,"href":"https:\/\/nautipescas.pt\/en\/wp-json\/wp\/v2\/product_tag?post=7843"},{"taxonomy":"marcas","embeddable":true,"href":"https:\/\/nautipescas.pt\/en\/wp-json\/wp\/v2\/marcas?post=7843"}],"curies":[{"name":"wp","href":"https:\/\/api.w.org\/{rel}","templated":true}]}}