{"id":8418,"date":"2026-04-25T11:11:27","date_gmt":"2026-04-25T11:11:27","guid":{"rendered":"https:\/\/nautipescas.pt\/?post_type=product&#038;p=8418"},"modified":"2026-04-25T11:11:28","modified_gmt":"2026-04-25T11:11:28","slug":"carreto-okuma-cavalla-cav-5niilx-lh-mb","status":"publish","type":"product","link":"https:\/\/nautipescas.pt\/en\/produto\/carreto-okuma-cavalla-cav-5niilx-lh-mb\/","title":{"rendered":"CARRETO OKUMA CAVALLA CAV-5NIILX LH MB"},"content":{"rendered":"<p>Carreto Okuma Cavalla Narrow 5N-II LX LH MB para canhotos, de dupla velocidade (bobine estreita). Edi\u00e7\u00e3o limitada em &#8220;Azul Meia-Noite&#8221; com um novo bot\u00e3o redondo maior para uma ader\u00eancia firme e potente. Compacto e incrivelmente potente, o Okuma Cavalla 5N-II LX \u00e9 um carreto compacto com uma pot\u00eancia sem precedentes. Concebido para novas t\u00e9cnicas de pesca vertical que exigem a utiliza\u00e7\u00e3o de um carreto com a manivela \u00e0 esquerda e para a pesca de corrico com isco vivo para pescadores canhotos.<\/p>\n<p>CAV-5NIILXSE-MB \/ 9 rolamentos \/ Rela\u00e7\u00e3o de recolha 6.4:1 \u2013 3.8:1 \/ Capacidade do carreto 0.32-385 mm\/m \/ Arrasto m\u00e1ximo 11kg \/ Peso 460g<\/p>\n","protected":false},"excerpt":{"rendered":"<p>Carreto Okuma Cavalla Narrow 5N-II LX LH MB para canhotos, de dupla velocidade (bobine estreita). Edi\u00e7\u00e3o limitada em &#8220;Azul Meia-Noite&#8221; com um novo bot\u00e3o redondo maior para uma ader\u00eancia firme e potente. Compacto e incrivelmente potente, o Okuma Cavalla 5N-II LX \u00e9 um carreto compacto com uma pot\u00eancia sem precedentes. Concebido para novas t\u00e9cnicas de &hellip; <\/p>\n<p class=\"more-link-wrap\"><a href=\"https:\/\/nautipescas.pt\/en\/produto\/carreto-okuma-cavalla-cav-5niilx-lh-mb\/\" class=\"more-link\"><span>Read More<span class=\"screen-reader-text\"> &#8220;CARRETO OKUMA CAVALLA CAV-5NIILX LH MB&#8221;<\/span><\/span><\/a><\/p>\n","protected":false},"featured_media":8419,"template":"","meta":{"inline_featured_image":false},"product_cat":[195,199,148],"product_tag":[],"marcas":[249],"class_list":["post-8418","product","type-product","status-publish","has-post-thumbnail","hentry","product_cat-carretos","product_cat-carretos-casting","product_cat-pesca","marcas-okuma-canas-carretos"],"acf":[],"yoast_head":"<!-- This site is optimized with the Yoast SEO plugin v19.2 - https:\/\/yoast.com\/wordpress\/plugins\/seo\/ -->\n<title>CARRETO OKUMA CAVALLA CAV-5NIILX LH MB - Nautipescas<\/title>\n<meta name=\"description\" content=\"CAV-5NIILXSE-MB \/ 9 rolamentos \/ Rela\u00e7\u00e3o de recolha 6.4:1 \u2013 3.8:1 \/ Capacidade do carreto 0.32-385 mm\/m \/ Arrasto m\u00e1ximo 11kg \/ Peso 460g\" \/>\n<meta name=\"robots\" content=\"index, follow, max-snippet:-1, max-image-preview:large, max-video-preview:-1\" \/>\n<link rel=\"canonical\" href=\"https:\/\/nautipescas.pt\/produto\/carreto-okuma-cavalla-cav-5niilx-lh-mb\/\" \/>\n<meta property=\"og:locale\" content=\"en_US\" \/>\n<meta property=\"og:type\" content=\"article\" \/>\n<meta property=\"og:title\" content=\"CARRETO OKUMA CAVALLA CAV-5NIILX LH MB - Nautipescas\" \/>\n<meta property=\"og:description\" content=\"CAV-5NIILXSE-MB \/ 9 rolamentos \/ Rela\u00e7\u00e3o de recolha 6.4:1 \u2013 3.8:1 \/ Capacidade do carreto 0.32-385 mm\/m \/ Arrasto m\u00e1ximo 11kg \/ Peso 460g\" \/>\n<meta property=\"og:url\" content=\"https:\/\/nautipescas.pt\/produto\/carreto-okuma-cavalla-cav-5niilx-lh-mb\/\" \/>\n<meta property=\"og:site_name\" content=\"Nautipescas\" \/>\n<meta property=\"article:modified_time\" content=\"2026-04-25T11:11:28+00:00\" \/>\n<meta property=\"og:image\" content=\"https:\/\/nautipescas.pt\/wp-content\/uploads\/2026\/04\/mulinello-cavalla-5niilx-lh-mb-okuma.gif\" \/>\n\t<meta property=\"og:image:width\" content=\"1000\" \/>\n\t<meta property=\"og:image:height\" content=\"1000\" \/>\n\t<meta property=\"og:image:type\" content=\"image\/gif\" \/>\n<meta name=\"author\" content=\"Paulo\" \/>\n<meta name=\"twitter:card\" content=\"summary_large_image\" \/>\n<meta name=\"twitter:label1\" content=\"Est. reading time\" \/>\n\t<meta name=\"twitter:data1\" content=\"1 minute\" \/>\n<script type=\"application\/ld+json\" class=\"yoast-schema-graph\">{\"@context\":\"https:\/\/schema.org\",\"@graph\":[{\"@type\":\"WebSite\",\"@id\":\"https:\/\/nautipescas.pt\/#website\",\"url\":\"https:\/\/nautipescas.pt\/\",\"name\":\"Nautipescas\",\"description\":\"\",\"potentialAction\":[{\"@type\":\"SearchAction\",\"target\":{\"@type\":\"EntryPoint\",\"urlTemplate\":\"https:\/\/nautipescas.pt\/?s={search_term_string}\"},\"query-input\":\"required name=search_term_string\"}],\"inLanguage\":\"en-US\"},{\"@type\":\"ImageObject\",\"inLanguage\":\"en-US\",\"@id\":\"https:\/\/nautipescas.pt\/produto\/carreto-okuma-cavalla-cav-5niilx-lh-mb\/#primaryimage\",\"url\":\"https:\/\/nautipescas.pt\/wp-content\/uploads\/2026\/04\/mulinello-cavalla-5niilx-lh-mb-okuma.gif\",\"contentUrl\":\"https:\/\/nautipescas.pt\/wp-content\/uploads\/2026\/04\/mulinello-cavalla-5niilx-lh-mb-okuma.gif\",\"width\":1000,\"height\":1000},{\"@type\":\"WebPage\",\"@id\":\"https:\/\/nautipescas.pt\/produto\/carreto-okuma-cavalla-cav-5niilx-lh-mb\/#webpage\",\"url\":\"https:\/\/nautipescas.pt\/produto\/carreto-okuma-cavalla-cav-5niilx-lh-mb\/\",\"name\":\"CARRETO OKUMA CAVALLA CAV-5NIILX LH MB - Nautipescas\",\"isPartOf\":{\"@id\":\"https:\/\/nautipescas.pt\/#website\"},\"primaryImageOfPage\":{\"@id\":\"https:\/\/nautipescas.pt\/produto\/carreto-okuma-cavalla-cav-5niilx-lh-mb\/#primaryimage\"},\"datePublished\":\"2026-04-25T11:11:27+00:00\",\"dateModified\":\"2026-04-25T11:11:28+00:00\",\"description\":\"CAV-5NIILXSE-MB \/ 9 rolamentos \/ Rela\u00e7\u00e3o de recolha 6.4:1 \u2013 3.8:1 \/ Capacidade do carreto 0.32-385 mm\/m \/ Arrasto m\u00e1ximo 11kg \/ Peso 460g\",\"breadcrumb\":{\"@id\":\"https:\/\/nautipescas.pt\/produto\/carreto-okuma-cavalla-cav-5niilx-lh-mb\/#breadcrumb\"},\"inLanguage\":\"en-US\",\"potentialAction\":[{\"@type\":\"ReadAction\",\"target\":[\"https:\/\/nautipescas.pt\/produto\/carreto-okuma-cavalla-cav-5niilx-lh-mb\/\"]}]},{\"@type\":\"BreadcrumbList\",\"@id\":\"https:\/\/nautipescas.pt\/produto\/carreto-okuma-cavalla-cav-5niilx-lh-mb\/#breadcrumb\",\"itemListElement\":[{\"@type\":\"ListItem\",\"position\":1,\"name\":\"In\u00edcio\",\"item\":\"https:\/\/nautipescas.pt\/en\/\"},{\"@type\":\"ListItem\",\"position\":2,\"name\":\"Shop\",\"item\":\"https:\/\/nautipescas.pt\/en\/shop-fishing-store-near-me\/\"},{\"@type\":\"ListItem\",\"position\":3,\"name\":\"CARRETO OKUMA CAVALLA CAV-5NIILX LH MB\"}]}]}<\/script>\n<!-- \/ Yoast SEO plugin. -->","yoast_head_json":{"title":"CARRETO OKUMA CAVALLA CAV-5NIILX LH MB - Nautipescas","description":"CAV-5NIILXSE-MB \/ 9 rolamentos \/ Rela\u00e7\u00e3o de recolha 6.4:1 \u2013 3.8:1 \/ Capacidade do carreto 0.32-385 mm\/m \/ Arrasto m\u00e1ximo 11kg \/ Peso 460g","robots":{"index":"index","follow":"follow","max-snippet":"max-snippet:-1","max-image-preview":"max-image-preview:large","max-video-preview":"max-video-preview:-1"},"canonical":"https:\/\/nautipescas.pt\/produto\/carreto-okuma-cavalla-cav-5niilx-lh-mb\/","og_locale":"en_US","og_type":"article","og_title":"CARRETO OKUMA CAVALLA CAV-5NIILX LH MB - Nautipescas","og_description":"CAV-5NIILXSE-MB \/ 9 rolamentos \/ Rela\u00e7\u00e3o de recolha 6.4:1 \u2013 3.8:1 \/ Capacidade do carreto 0.32-385 mm\/m \/ Arrasto m\u00e1ximo 11kg \/ Peso 460g","og_url":"https:\/\/nautipescas.pt\/produto\/carreto-okuma-cavalla-cav-5niilx-lh-mb\/","og_site_name":"Nautipescas","article_modified_time":"2026-04-25T11:11:28+00:00","og_image":[{"width":1000,"height":1000,"url":"https:\/\/nautipescas.pt\/wp-content\/uploads\/2026\/04\/mulinello-cavalla-5niilx-lh-mb-okuma.gif","type":"image\/gif"}],"author":"Paulo","twitter_card":"summary_large_image","twitter_misc":{"Est. reading time":"1 minute"},"schema":{"@context":"https:\/\/schema.org","@graph":[{"@type":"WebSite","@id":"https:\/\/nautipescas.pt\/#website","url":"https:\/\/nautipescas.pt\/","name":"Nautipescas","description":"","potentialAction":[{"@type":"SearchAction","target":{"@type":"EntryPoint","urlTemplate":"https:\/\/nautipescas.pt\/?s={search_term_string}"},"query-input":"required name=search_term_string"}],"inLanguage":"en-US"},{"@type":"ImageObject","inLanguage":"en-US","@id":"https:\/\/nautipescas.pt\/produto\/carreto-okuma-cavalla-cav-5niilx-lh-mb\/#primaryimage","url":"https:\/\/nautipescas.pt\/wp-content\/uploads\/2026\/04\/mulinello-cavalla-5niilx-lh-mb-okuma.gif","contentUrl":"https:\/\/nautipescas.pt\/wp-content\/uploads\/2026\/04\/mulinello-cavalla-5niilx-lh-mb-okuma.gif","width":1000,"height":1000},{"@type":"WebPage","@id":"https:\/\/nautipescas.pt\/produto\/carreto-okuma-cavalla-cav-5niilx-lh-mb\/#webpage","url":"https:\/\/nautipescas.pt\/produto\/carreto-okuma-cavalla-cav-5niilx-lh-mb\/","name":"CARRETO OKUMA CAVALLA CAV-5NIILX LH MB - Nautipescas","isPartOf":{"@id":"https:\/\/nautipescas.pt\/#website"},"primaryImageOfPage":{"@id":"https:\/\/nautipescas.pt\/produto\/carreto-okuma-cavalla-cav-5niilx-lh-mb\/#primaryimage"},"datePublished":"2026-04-25T11:11:27+00:00","dateModified":"2026-04-25T11:11:28+00:00","description":"CAV-5NIILXSE-MB \/ 9 rolamentos \/ Rela\u00e7\u00e3o de recolha 6.4:1 \u2013 3.8:1 \/ Capacidade do carreto 0.32-385 mm\/m \/ Arrasto m\u00e1ximo 11kg \/ Peso 460g","breadcrumb":{"@id":"https:\/\/nautipescas.pt\/produto\/carreto-okuma-cavalla-cav-5niilx-lh-mb\/#breadcrumb"},"inLanguage":"en-US","potentialAction":[{"@type":"ReadAction","target":["https:\/\/nautipescas.pt\/produto\/carreto-okuma-cavalla-cav-5niilx-lh-mb\/"]}]},{"@type":"BreadcrumbList","@id":"https:\/\/nautipescas.pt\/produto\/carreto-okuma-cavalla-cav-5niilx-lh-mb\/#breadcrumb","itemListElement":[{"@type":"ListItem","position":1,"name":"In\u00edcio","item":"https:\/\/nautipescas.pt\/en\/"},{"@type":"ListItem","position":2,"name":"Shop","item":"https:\/\/nautipescas.pt\/en\/shop-fishing-store-near-me\/"},{"@type":"ListItem","position":3,"name":"CARRETO OKUMA CAVALLA CAV-5NIILX LH MB"}]}]}},"_links":{"self":[{"href":"https:\/\/nautipescas.pt\/en\/wp-json\/wp\/v2\/product\/8418","targetHints":{"allow":["GET"]}}],"collection":[{"href":"https:\/\/nautipescas.pt\/en\/wp-json\/wp\/v2\/product"}],"about":[{"href":"https:\/\/nautipescas.pt\/en\/wp-json\/wp\/v2\/types\/product"}],"wp:featuredmedia":[{"embeddable":true,"href":"https:\/\/nautipescas.pt\/en\/wp-json\/wp\/v2\/media\/8419"}],"wp:attachment":[{"href":"https:\/\/nautipescas.pt\/en\/wp-json\/wp\/v2\/media?parent=8418"}],"wp:term":[{"taxonomy":"product_cat","embeddable":true,"href":"https:\/\/nautipescas.pt\/en\/wp-json\/wp\/v2\/product_cat?post=8418"},{"taxonomy":"product_tag","embeddable":true,"href":"https:\/\/nautipescas.pt\/en\/wp-json\/wp\/v2\/product_tag?post=8418"},{"taxonomy":"marcas","embeddable":true,"href":"https:\/\/nautipescas.pt\/en\/wp-json\/wp\/v2\/marcas?post=8418"}],"curies":[{"name":"wp","href":"https:\/\/api.w.org\/{rel}","templated":true}]}}