{"id":3655,"date":"2023-01-17T18:43:07","date_gmt":"2023-01-17T18:43:07","guid":{"rendered":"http:\/\/nautipescas.pt\/produto\/saltist-2021-mq-10000h\/"},"modified":"2023-01-17T18:48:42","modified_gmt":"2023-01-17T18:48:42","slug":"saltist-2021-mq-10000h","status":"publish","type":"product","link":"https:\/\/nautipescas.pt\/es\/produto\/saltist-2021-mq-10000h\/","title":{"rendered":"Carrete Saltist 2021 MQ 10000H"},"content":{"rendered":"<p>\u00a1Esta es sin duda la mejor combinaci\u00f3n de tecnolog\u00edas Daiwa para combatir la erosi\u00f3n en el medio marino! El nuevo carrete Saltist MQ presenta un cuerpo monocasco Moncoque (MQ) de aluminio completamente nuevo y rodamientos MagSealed. El cuerpo unibody alberga un engranaje Tough Digigear de mayor di\u00e1metro, transfiriendo toda la potencia proporcionada por la manivela a su l\u00ednea. El brazo de recogida tubular hueco Air Bail mejora el bobinado cuando se enrolla el hilo en la bobina para un rendimiento inigualable incluso con los multifilamentos m\u00e1s ligeros en condiciones de viento. Si est\u00e1 buscando un nuevo carrete potente y resistente para la pesca en alta mar, no busque m\u00e1s all\u00e1 del nuevo Saltist MQ.<\/p>\n<ul>\n<li>Arrastre con tecnolog\u00eda ATD con discos de carbono<\/li>\n<li>Rodamientos: 6+1<\/li>\n<li>Carrocer\u00eda monocasco en aluminio y \u00abAir Rotor\u00bb en ZAION<\/li>\n<li>Bobina LC-ABS (fundici\u00f3n larga)<\/li>\n<li>Vueltas cruzadas sinuoso<\/li>\n<li>Mango monobloc de aluminio roscado en el cuerpo<\/li>\n<\/ul>\n","protected":false},"excerpt":{"rendered":"<p>\u00a1Esta es sin duda la mejor combinaci\u00f3n de tecnolog\u00edas Daiwa para combatir la erosi\u00f3n en el medio marino! El nuevo carrete Saltist MQ presenta un cuerpo monocasco Moncoque (MQ) de aluminio completamente nuevo y rodamientos MagSealed. El cuerpo unibody alberga un engranaje Tough Digigear de mayor di\u00e1metro, transfiriendo toda la potencia proporcionada por la manivela &hellip; <\/p>\n<p class=\"more-link-wrap\"><a href=\"https:\/\/nautipescas.pt\/es\/produto\/saltist-2021-mq-10000h\/\" class=\"more-link\"><span>Read More<span class=\"screen-reader-text\"> \u00abCarrete Saltist 2021 MQ 10000H\u00bb<\/span><\/span><\/a><\/p>\n","protected":false},"featured_media":3652,"template":"","meta":{"inline_featured_image":false},"product_cat":[198,170,186],"product_tag":[],"marcas":[161],"class_list":["post-3655","product","type-product","status-publish","has-post-thumbnail","hentry","product_cat-bobinas","product_cat-carretos-spinning-es","product_cat-pesca-es","marcas-daiwa-es"],"acf":[],"yoast_head":"<!-- This site is optimized with the Yoast SEO plugin v19.2 - https:\/\/yoast.com\/wordpress\/plugins\/seo\/ -->\n<title>Carrete Saltist 2021 MQ 10000H - Nautipescas<\/title>\n<meta name=\"robots\" content=\"index, follow, max-snippet:-1, max-image-preview:large, max-video-preview:-1\" \/>\n<link rel=\"canonical\" href=\"https:\/\/nautipescas.pt\/produto\/saltist-2021-mq-10000h\/\" \/>\n<meta property=\"og:locale\" content=\"es_ES\" \/>\n<meta property=\"og:type\" content=\"article\" \/>\n<meta property=\"og:title\" content=\"Carrete Saltist 2021 MQ 10000H - Nautipescas\" \/>\n<meta property=\"og:description\" content=\"\u00a1Esta es sin duda la mejor combinaci\u00f3n de tecnolog\u00edas Daiwa para combatir la erosi\u00f3n en el medio marino! El nuevo carrete Saltist MQ presenta un cuerpo monocasco Moncoque (MQ) de aluminio completamente nuevo y rodamientos MagSealed. El cuerpo unibody alberga un engranaje Tough Digigear de mayor di\u00e1metro, transfiriendo toda la potencia proporcionada por la manivela &hellip; Read More &quot;Carrete Saltist 2021 MQ 10000H&quot;\" \/>\n<meta property=\"og:url\" content=\"https:\/\/nautipescas.pt\/produto\/saltist-2021-mq-10000h\/\" \/>\n<meta property=\"og:site_name\" content=\"Nautipescas\" \/>\n<meta property=\"article:modified_time\" content=\"2023-01-17T18:48:42+00:00\" \/>\n<meta property=\"og:image\" content=\"https:\/\/nautipescas.pt\/wp-content\/uploads\/2023\/01\/saltist.jpg\" \/>\n\t<meta property=\"og:image:width\" content=\"420\" \/>\n\t<meta property=\"og:image:height\" content=\"420\" \/>\n\t<meta property=\"og:image:type\" content=\"image\/jpeg\" \/>\n<meta name=\"author\" content=\"Paulo Chaves\" \/>\n<meta name=\"twitter:card\" content=\"summary_large_image\" \/>\n<meta name=\"twitter:label1\" content=\"Tiempo de lectura\" \/>\n\t<meta name=\"twitter:data1\" content=\"1 minuto\" \/>\n<script type=\"application\/ld+json\" class=\"yoast-schema-graph\">{\"@context\":\"https:\/\/schema.org\",\"@graph\":[{\"@type\":\"WebSite\",\"@id\":\"https:\/\/nautipescas.pt\/#website\",\"url\":\"https:\/\/nautipescas.pt\/\",\"name\":\"Nautipescas\",\"description\":\"\",\"potentialAction\":[{\"@type\":\"SearchAction\",\"target\":{\"@type\":\"EntryPoint\",\"urlTemplate\":\"https:\/\/nautipescas.pt\/?s={search_term_string}\"},\"query-input\":\"required name=search_term_string\"}],\"inLanguage\":\"es\"},{\"@type\":\"ImageObject\",\"inLanguage\":\"es\",\"@id\":\"https:\/\/nautipescas.pt\/produto\/saltist-2021-mq-10000h\/#primaryimage\",\"url\":\"https:\/\/nautipescas.pt\/wp-content\/uploads\/2023\/01\/saltist.jpg\",\"contentUrl\":\"https:\/\/nautipescas.pt\/wp-content\/uploads\/2023\/01\/saltist.jpg\",\"width\":420,\"height\":420,\"caption\":\"saltist\"},{\"@type\":\"WebPage\",\"@id\":\"https:\/\/nautipescas.pt\/produto\/saltist-2021-mq-10000h\/#webpage\",\"url\":\"https:\/\/nautipescas.pt\/produto\/saltist-2021-mq-10000h\/\",\"name\":\"Carrete Saltist 2021 MQ 10000H - Nautipescas\",\"isPartOf\":{\"@id\":\"https:\/\/nautipescas.pt\/#website\"},\"primaryImageOfPage\":{\"@id\":\"https:\/\/nautipescas.pt\/produto\/saltist-2021-mq-10000h\/#primaryimage\"},\"datePublished\":\"2023-01-17T18:43:07+00:00\",\"dateModified\":\"2023-01-17T18:48:42+00:00\",\"breadcrumb\":{\"@id\":\"https:\/\/nautipescas.pt\/produto\/saltist-2021-mq-10000h\/#breadcrumb\"},\"inLanguage\":\"es\",\"potentialAction\":[{\"@type\":\"ReadAction\",\"target\":[\"https:\/\/nautipescas.pt\/produto\/saltist-2021-mq-10000h\/\"]}]},{\"@type\":\"BreadcrumbList\",\"@id\":\"https:\/\/nautipescas.pt\/produto\/saltist-2021-mq-10000h\/#breadcrumb\",\"itemListElement\":[{\"@type\":\"ListItem\",\"position\":1,\"name\":\"In\u00edcio\",\"item\":\"https:\/\/nautipescas.pt\/es\/\"},{\"@type\":\"ListItem\",\"position\":2,\"name\":\"Tienda\",\"item\":\"https:\/\/nautipescas.pt\/es\/tienda-de-pesca-online\/\"},{\"@type\":\"ListItem\",\"position\":3,\"name\":\"Carrete Saltist 2021 MQ 10000H\"}]}]}<\/script>\n<!-- \/ Yoast SEO plugin. -->","yoast_head_json":{"title":"Carrete Saltist 2021 MQ 10000H - Nautipescas","robots":{"index":"index","follow":"follow","max-snippet":"max-snippet:-1","max-image-preview":"max-image-preview:large","max-video-preview":"max-video-preview:-1"},"canonical":"https:\/\/nautipescas.pt\/produto\/saltist-2021-mq-10000h\/","og_locale":"es_ES","og_type":"article","og_title":"Carrete Saltist 2021 MQ 10000H - Nautipescas","og_description":"\u00a1Esta es sin duda la mejor combinaci\u00f3n de tecnolog\u00edas Daiwa para combatir la erosi\u00f3n en el medio marino! El nuevo carrete Saltist MQ presenta un cuerpo monocasco Moncoque (MQ) de aluminio completamente nuevo y rodamientos MagSealed. El cuerpo unibody alberga un engranaje Tough Digigear de mayor di\u00e1metro, transfiriendo toda la potencia proporcionada por la manivela &hellip; Read More \"Carrete Saltist 2021 MQ 10000H\"","og_url":"https:\/\/nautipescas.pt\/produto\/saltist-2021-mq-10000h\/","og_site_name":"Nautipescas","article_modified_time":"2023-01-17T18:48:42+00:00","og_image":[{"width":420,"height":420,"url":"https:\/\/nautipescas.pt\/wp-content\/uploads\/2023\/01\/saltist.jpg","type":"image\/jpeg"}],"author":"Paulo Chaves","twitter_card":"summary_large_image","twitter_misc":{"Tiempo de lectura":"1 minuto"},"schema":{"@context":"https:\/\/schema.org","@graph":[{"@type":"WebSite","@id":"https:\/\/nautipescas.pt\/#website","url":"https:\/\/nautipescas.pt\/","name":"Nautipescas","description":"","potentialAction":[{"@type":"SearchAction","target":{"@type":"EntryPoint","urlTemplate":"https:\/\/nautipescas.pt\/?s={search_term_string}"},"query-input":"required name=search_term_string"}],"inLanguage":"es"},{"@type":"ImageObject","inLanguage":"es","@id":"https:\/\/nautipescas.pt\/produto\/saltist-2021-mq-10000h\/#primaryimage","url":"https:\/\/nautipescas.pt\/wp-content\/uploads\/2023\/01\/saltist.jpg","contentUrl":"https:\/\/nautipescas.pt\/wp-content\/uploads\/2023\/01\/saltist.jpg","width":420,"height":420,"caption":"saltist"},{"@type":"WebPage","@id":"https:\/\/nautipescas.pt\/produto\/saltist-2021-mq-10000h\/#webpage","url":"https:\/\/nautipescas.pt\/produto\/saltist-2021-mq-10000h\/","name":"Carrete Saltist 2021 MQ 10000H - Nautipescas","isPartOf":{"@id":"https:\/\/nautipescas.pt\/#website"},"primaryImageOfPage":{"@id":"https:\/\/nautipescas.pt\/produto\/saltist-2021-mq-10000h\/#primaryimage"},"datePublished":"2023-01-17T18:43:07+00:00","dateModified":"2023-01-17T18:48:42+00:00","breadcrumb":{"@id":"https:\/\/nautipescas.pt\/produto\/saltist-2021-mq-10000h\/#breadcrumb"},"inLanguage":"es","potentialAction":[{"@type":"ReadAction","target":["https:\/\/nautipescas.pt\/produto\/saltist-2021-mq-10000h\/"]}]},{"@type":"BreadcrumbList","@id":"https:\/\/nautipescas.pt\/produto\/saltist-2021-mq-10000h\/#breadcrumb","itemListElement":[{"@type":"ListItem","position":1,"name":"In\u00edcio","item":"https:\/\/nautipescas.pt\/es\/"},{"@type":"ListItem","position":2,"name":"Tienda","item":"https:\/\/nautipescas.pt\/es\/tienda-de-pesca-online\/"},{"@type":"ListItem","position":3,"name":"Carrete Saltist 2021 MQ 10000H"}]}]}},"_links":{"self":[{"href":"https:\/\/nautipescas.pt\/es\/wp-json\/wp\/v2\/product\/3655","targetHints":{"allow":["GET"]}}],"collection":[{"href":"https:\/\/nautipescas.pt\/es\/wp-json\/wp\/v2\/product"}],"about":[{"href":"https:\/\/nautipescas.pt\/es\/wp-json\/wp\/v2\/types\/product"}],"wp:featuredmedia":[{"embeddable":true,"href":"https:\/\/nautipescas.pt\/es\/wp-json\/wp\/v2\/media\/3652"}],"wp:attachment":[{"href":"https:\/\/nautipescas.pt\/es\/wp-json\/wp\/v2\/media?parent=3655"}],"wp:term":[{"taxonomy":"product_cat","embeddable":true,"href":"https:\/\/nautipescas.pt\/es\/wp-json\/wp\/v2\/product_cat?post=3655"},{"taxonomy":"product_tag","embeddable":true,"href":"https:\/\/nautipescas.pt\/es\/wp-json\/wp\/v2\/product_tag?post=3655"},{"taxonomy":"marcas","embeddable":true,"href":"https:\/\/nautipescas.pt\/es\/wp-json\/wp\/v2\/marcas?post=3655"}],"curies":[{"name":"wp","href":"https:\/\/api.w.org\/{rel}","templated":true}]}}