{"id":3821,"date":"2023-02-20T18:09:01","date_gmt":"2023-02-20T18:09:01","guid":{"rendered":"http:\/\/nautipescas.pt\/produto\/carreto-shimano-tiagra-80w\/"},"modified":"2023-02-20T18:11:16","modified_gmt":"2023-02-20T18:11:16","slug":"carreto-shimano-tiagra-80w","status":"publish","type":"product","link":"https:\/\/nautipescas.pt\/es\/produto\/carreto-shimano-tiagra-80w\/","title":{"rendered":"CARRETE SHIMANO TIAGRA 80W"},"content":{"rendered":"<p>Su popularidad entre los expertos lo ha convertido en l\u00edder del mercado. Este \u00e9xito est\u00e1 ligado en gran medida a su construcci\u00f3n robusta y s\u00f3lida, as\u00ed como a la forma f\u00e1cil y fiable de utilizarlo. El cuerpo es de aluminio, procedente de monobloque mecanizado, bobina de aluminio forjado en fr\u00edo, rodamientos A-RB, 2 velocidades de recuperaci\u00f3n, arrastre \u201cTwin Disk\u201d (en tama\u00f1os 16 y 130), maneta Septon, entre otros atributos. Es un carrete preparado para el combate con el pez m\u00e1s grande del planeta. Los carretes Tiagra A sin duda te dar\u00e1n buenos recuerdos.<\/p>\n<p>TIAGRA 80W:<br \/>\nRelaci\u00f3n= 2.5:1 \/ 1.3:1<br \/>\nPeso= 3266g<br \/>\nCapacidad = 80 LB &#8211; 950 m<\/p>\n<p class=\"Standard\">\n","protected":false},"excerpt":{"rendered":"<p>Su popularidad entre los expertos lo ha convertido en l\u00edder del mercado. Este \u00e9xito est\u00e1 ligado en gran medida a su construcci\u00f3n robusta y s\u00f3lida, as\u00ed como a la forma f\u00e1cil y fiable de utilizarlo. El cuerpo es de aluminio, procedente de monobloque mecanizado, bobina de aluminio forjado en fr\u00edo, rodamientos A-RB, 2 velocidades de &hellip; <\/p>\n<p class=\"more-link-wrap\"><a href=\"https:\/\/nautipescas.pt\/es\/produto\/carreto-shimano-tiagra-80w\/\" class=\"more-link\"><span>Read More<span class=\"screen-reader-text\"> \u00abCARRETE SHIMANO TIAGRA 80W\u00bb<\/span><\/span><\/a><\/p>\n","protected":false},"featured_media":3818,"template":"","meta":{"inline_featured_image":false},"product_cat":[198,205,186],"product_tag":[],"marcas":[213],"class_list":["post-3821","product","type-product","status-publish","has-post-thumbnail","hentry","product_cat-bobinas","product_cat-carretes-de-brumeo","product_cat-pesca-es","marcas-shimano-es"],"acf":[],"yoast_head":"<!-- This site is optimized with the Yoast SEO plugin v19.2 - https:\/\/yoast.com\/wordpress\/plugins\/seo\/ -->\n<title>CARRETE SHIMANO TIAGRA 80W - Nautipescas<\/title>\n<meta name=\"robots\" content=\"index, follow, max-snippet:-1, max-image-preview:large, max-video-preview:-1\" \/>\n<link rel=\"canonical\" href=\"https:\/\/nautipescas.pt\/es\/produto\/carreto-shimano-tiagra-80w\/\" \/>\n<meta property=\"og:locale\" content=\"es_ES\" \/>\n<meta property=\"og:type\" content=\"article\" \/>\n<meta property=\"og:title\" content=\"CARRETE SHIMANO TIAGRA 80W - Nautipescas\" \/>\n<meta property=\"og:description\" content=\"Su popularidad entre los expertos lo ha convertido en l\u00edder del mercado. Este \u00e9xito est\u00e1 ligado en gran medida a su construcci\u00f3n robusta y s\u00f3lida, as\u00ed como a la forma f\u00e1cil y fiable de utilizarlo. El cuerpo es de aluminio, procedente de monobloque mecanizado, bobina de aluminio forjado en fr\u00edo, rodamientos A-RB, 2 velocidades de &hellip; Read More &quot;CARRETE SHIMANO TIAGRA 80W&quot;\" \/>\n<meta property=\"og:url\" content=\"https:\/\/nautipescas.pt\/es\/produto\/carreto-shimano-tiagra-80w\/\" \/>\n<meta property=\"og:site_name\" content=\"Nautipescas\" \/>\n<meta property=\"article:modified_time\" content=\"2023-02-20T18:11:16+00:00\" \/>\n<meta property=\"og:image\" content=\"https:\/\/nautipescas.pt\/wp-content\/uploads\/2023\/02\/carreto-shimano-tiagra-80-wa-wide.jpg\" \/>\n\t<meta property=\"og:image:width\" content=\"1000\" \/>\n\t<meta property=\"og:image:height\" content=\"1000\" \/>\n\t<meta property=\"og:image:type\" content=\"image\/jpeg\" \/>\n<meta name=\"author\" content=\"Paulo Chaves\" \/>\n<meta name=\"twitter:card\" content=\"summary_large_image\" \/>\n<meta name=\"twitter:label1\" content=\"Tiempo de lectura\" \/>\n\t<meta name=\"twitter:data1\" content=\"1 minuto\" \/>\n<script type=\"application\/ld+json\" class=\"yoast-schema-graph\">{\"@context\":\"https:\/\/schema.org\",\"@graph\":[{\"@type\":\"WebSite\",\"@id\":\"https:\/\/nautipescas.pt\/#website\",\"url\":\"https:\/\/nautipescas.pt\/\",\"name\":\"Nautipescas\",\"description\":\"\",\"potentialAction\":[{\"@type\":\"SearchAction\",\"target\":{\"@type\":\"EntryPoint\",\"urlTemplate\":\"https:\/\/nautipescas.pt\/?s={search_term_string}\"},\"query-input\":\"required name=search_term_string\"}],\"inLanguage\":\"es\"},{\"@type\":\"ImageObject\",\"inLanguage\":\"es\",\"@id\":\"https:\/\/nautipescas.pt\/es\/produto\/carreto-shimano-tiagra-80w\/#primaryimage\",\"url\":\"https:\/\/nautipescas.pt\/wp-content\/uploads\/2023\/02\/carreto-shimano-tiagra-80-wa-wide.jpg\",\"contentUrl\":\"https:\/\/nautipescas.pt\/wp-content\/uploads\/2023\/02\/carreto-shimano-tiagra-80-wa-wide.jpg\",\"width\":1000,\"height\":1000,\"caption\":\"carreto shimano\"},{\"@type\":\"WebPage\",\"@id\":\"https:\/\/nautipescas.pt\/es\/produto\/carreto-shimano-tiagra-80w\/#webpage\",\"url\":\"https:\/\/nautipescas.pt\/es\/produto\/carreto-shimano-tiagra-80w\/\",\"name\":\"CARRETE SHIMANO TIAGRA 80W - Nautipescas\",\"isPartOf\":{\"@id\":\"https:\/\/nautipescas.pt\/#website\"},\"primaryImageOfPage\":{\"@id\":\"https:\/\/nautipescas.pt\/es\/produto\/carreto-shimano-tiagra-80w\/#primaryimage\"},\"datePublished\":\"2023-02-20T18:09:01+00:00\",\"dateModified\":\"2023-02-20T18:11:16+00:00\",\"breadcrumb\":{\"@id\":\"https:\/\/nautipescas.pt\/es\/produto\/carreto-shimano-tiagra-80w\/#breadcrumb\"},\"inLanguage\":\"es\",\"potentialAction\":[{\"@type\":\"ReadAction\",\"target\":[\"https:\/\/nautipescas.pt\/es\/produto\/carreto-shimano-tiagra-80w\/\"]}]},{\"@type\":\"BreadcrumbList\",\"@id\":\"https:\/\/nautipescas.pt\/es\/produto\/carreto-shimano-tiagra-80w\/#breadcrumb\",\"itemListElement\":[{\"@type\":\"ListItem\",\"position\":1,\"name\":\"In\u00edcio\",\"item\":\"https:\/\/nautipescas.pt\/es\/\"},{\"@type\":\"ListItem\",\"position\":2,\"name\":\"Tienda\",\"item\":\"https:\/\/nautipescas.pt\/es\/tienda-de-pesca-online\/\"},{\"@type\":\"ListItem\",\"position\":3,\"name\":\"CARRETE SHIMANO TIAGRA 80W\"}]}]}<\/script>\n<!-- \/ Yoast SEO plugin. -->","yoast_head_json":{"title":"CARRETE SHIMANO TIAGRA 80W - Nautipescas","robots":{"index":"index","follow":"follow","max-snippet":"max-snippet:-1","max-image-preview":"max-image-preview:large","max-video-preview":"max-video-preview:-1"},"canonical":"https:\/\/nautipescas.pt\/es\/produto\/carreto-shimano-tiagra-80w\/","og_locale":"es_ES","og_type":"article","og_title":"CARRETE SHIMANO TIAGRA 80W - Nautipescas","og_description":"Su popularidad entre los expertos lo ha convertido en l\u00edder del mercado. Este \u00e9xito est\u00e1 ligado en gran medida a su construcci\u00f3n robusta y s\u00f3lida, as\u00ed como a la forma f\u00e1cil y fiable de utilizarlo. El cuerpo es de aluminio, procedente de monobloque mecanizado, bobina de aluminio forjado en fr\u00edo, rodamientos A-RB, 2 velocidades de &hellip; Read More \"CARRETE SHIMANO TIAGRA 80W\"","og_url":"https:\/\/nautipescas.pt\/es\/produto\/carreto-shimano-tiagra-80w\/","og_site_name":"Nautipescas","article_modified_time":"2023-02-20T18:11:16+00:00","og_image":[{"width":1000,"height":1000,"url":"https:\/\/nautipescas.pt\/wp-content\/uploads\/2023\/02\/carreto-shimano-tiagra-80-wa-wide.jpg","type":"image\/jpeg"}],"author":"Paulo Chaves","twitter_card":"summary_large_image","twitter_misc":{"Tiempo de lectura":"1 minuto"},"schema":{"@context":"https:\/\/schema.org","@graph":[{"@type":"WebSite","@id":"https:\/\/nautipescas.pt\/#website","url":"https:\/\/nautipescas.pt\/","name":"Nautipescas","description":"","potentialAction":[{"@type":"SearchAction","target":{"@type":"EntryPoint","urlTemplate":"https:\/\/nautipescas.pt\/?s={search_term_string}"},"query-input":"required name=search_term_string"}],"inLanguage":"es"},{"@type":"ImageObject","inLanguage":"es","@id":"https:\/\/nautipescas.pt\/es\/produto\/carreto-shimano-tiagra-80w\/#primaryimage","url":"https:\/\/nautipescas.pt\/wp-content\/uploads\/2023\/02\/carreto-shimano-tiagra-80-wa-wide.jpg","contentUrl":"https:\/\/nautipescas.pt\/wp-content\/uploads\/2023\/02\/carreto-shimano-tiagra-80-wa-wide.jpg","width":1000,"height":1000,"caption":"carreto shimano"},{"@type":"WebPage","@id":"https:\/\/nautipescas.pt\/es\/produto\/carreto-shimano-tiagra-80w\/#webpage","url":"https:\/\/nautipescas.pt\/es\/produto\/carreto-shimano-tiagra-80w\/","name":"CARRETE SHIMANO TIAGRA 80W - Nautipescas","isPartOf":{"@id":"https:\/\/nautipescas.pt\/#website"},"primaryImageOfPage":{"@id":"https:\/\/nautipescas.pt\/es\/produto\/carreto-shimano-tiagra-80w\/#primaryimage"},"datePublished":"2023-02-20T18:09:01+00:00","dateModified":"2023-02-20T18:11:16+00:00","breadcrumb":{"@id":"https:\/\/nautipescas.pt\/es\/produto\/carreto-shimano-tiagra-80w\/#breadcrumb"},"inLanguage":"es","potentialAction":[{"@type":"ReadAction","target":["https:\/\/nautipescas.pt\/es\/produto\/carreto-shimano-tiagra-80w\/"]}]},{"@type":"BreadcrumbList","@id":"https:\/\/nautipescas.pt\/es\/produto\/carreto-shimano-tiagra-80w\/#breadcrumb","itemListElement":[{"@type":"ListItem","position":1,"name":"In\u00edcio","item":"https:\/\/nautipescas.pt\/es\/"},{"@type":"ListItem","position":2,"name":"Tienda","item":"https:\/\/nautipescas.pt\/es\/tienda-de-pesca-online\/"},{"@type":"ListItem","position":3,"name":"CARRETE SHIMANO TIAGRA 80W"}]}]}},"_links":{"self":[{"href":"https:\/\/nautipescas.pt\/es\/wp-json\/wp\/v2\/product\/3821","targetHints":{"allow":["GET"]}}],"collection":[{"href":"https:\/\/nautipescas.pt\/es\/wp-json\/wp\/v2\/product"}],"about":[{"href":"https:\/\/nautipescas.pt\/es\/wp-json\/wp\/v2\/types\/product"}],"wp:featuredmedia":[{"embeddable":true,"href":"https:\/\/nautipescas.pt\/es\/wp-json\/wp\/v2\/media\/3818"}],"wp:attachment":[{"href":"https:\/\/nautipescas.pt\/es\/wp-json\/wp\/v2\/media?parent=3821"}],"wp:term":[{"taxonomy":"product_cat","embeddable":true,"href":"https:\/\/nautipescas.pt\/es\/wp-json\/wp\/v2\/product_cat?post=3821"},{"taxonomy":"product_tag","embeddable":true,"href":"https:\/\/nautipescas.pt\/es\/wp-json\/wp\/v2\/product_tag?post=3821"},{"taxonomy":"marcas","embeddable":true,"href":"https:\/\/nautipescas.pt\/es\/wp-json\/wp\/v2\/marcas?post=3821"}],"curies":[{"name":"wp","href":"https:\/\/api.w.org\/{rel}","templated":true}]}}