{"id":3830,"date":"2023-02-20T18:16:12","date_gmt":"2023-02-20T18:16:12","guid":{"rendered":"http:\/\/nautipescas.pt\/produto\/sonda-lowrance-hook-reevel-7\/"},"modified":"2023-02-20T18:22:07","modified_gmt":"2023-02-20T18:22:07","slug":"sonda-lowrance-hook-reevel-7","status":"publish","type":"product","link":"https:\/\/nautipescas.pt\/es\/produto\/sonda-lowrance-hook-reevel-7\/","title":{"rendered":"SONDA LOWRANCE HOOK REEVEL 7"},"content":{"rendered":"<p>Sonda GPS Plotter Lowrance HOOK Reveal 7 HDI 50\/200<\/p>\n<p>El nuevo HOOK Reveal facilita la pesca y ofrece un rendimiento potente con herramientas de b\u00fasqueda de peces comprobadas, que incluyen Autotuning Sonar, DownScan Imaging\u2122, rendimiento mejorado en aguas profundas y ahora FishReveal\u2122 para una visualizaci\u00f3n m\u00e1s f\u00e1cil al combinar los beneficios de Lowrance CHIRP sonar y DownScan Imaging\u2122 en una pantalla Ya sea que est\u00e9 pescando localmente o en aguas desconocidas, encuentre los mejores lugares de pesca con cartas C-Map detalladas o mapee aguas desconocidas, en tiempo real, con Genesis Live.<\/p>\n<ul>\n<li>FishReveal\u2122<\/li>\n<li>Mapeo en tiempo real de G\u00e9nesis<\/li>\n<li>Sonda con sintonizaci\u00f3n autom\u00e1tica<\/li>\n<li>Transductor HDI 50\/200 con CHIRP bajo\/alto y DownScan Imaging\u2122<\/li>\n<li>Mapa base mundial precargado<\/li>\n<li>Monitor SolarMAX\u2122<\/li>\n<li>Nuevas paletas de colores para encontrar peces.<\/li>\n<li>Teclado optimizado con acceso de un solo toque a funciones clave<\/li>\n<li>Las opciones de mapeo incluyen C-MAP, C-MAP Genesis, Navionics\u00ae y m\u00e1s ranura para tarjeta microSD<\/li>\n<li>F\u00e1cil montaje en panel frontal o soporte de card\u00e1n<\/li>\n<li>Rendimiento de sonda mejorado en aguas profundas<\/li>\n<\/ul>\n","protected":false},"excerpt":{"rendered":"<p>Sonda GPS Plotter Lowrance HOOK Reveal 7 HDI 50\/200 El nuevo HOOK Reveal facilita la pesca y ofrece un rendimiento potente con herramientas de b\u00fasqueda de peces comprobadas, que incluyen Autotuning Sonar, DownScan Imaging\u2122, rendimiento mejorado en aguas profundas y ahora FishReveal\u2122 para una visualizaci\u00f3n m\u00e1s f\u00e1cil al combinar los beneficios de Lowrance CHIRP sonar &hellip; <\/p>\n<p class=\"more-link-wrap\"><a href=\"https:\/\/nautipescas.pt\/es\/produto\/sonda-lowrance-hook-reevel-7\/\" class=\"more-link\"><span>Read More<span class=\"screen-reader-text\"> \u00abSONDA LOWRANCE HOOK REEVEL 7\u00bb<\/span><\/span><\/a><\/p>\n","protected":false},"featured_media":3827,"template":"","meta":{"inline_featured_image":false},"product_cat":[210,177],"product_tag":[],"marcas":[],"class_list":["post-3830","product","type-product","status-publish","has-post-thumbnail","hentry","product_cat-combinaciones-gps-sonda","product_cat-electronica-marina"],"acf":[],"yoast_head":"<!-- This site is optimized with the Yoast SEO plugin v19.2 - https:\/\/yoast.com\/wordpress\/plugins\/seo\/ -->\n<title>SONDA LOWRANCE HOOK REEVEL 7 - Nautipescas<\/title>\n<meta name=\"robots\" content=\"index, follow, max-snippet:-1, max-image-preview:large, max-video-preview:-1\" \/>\n<link rel=\"canonical\" href=\"https:\/\/nautipescas.pt\/es\/produto\/sonda-lowrance-hook-reevel-7\/\" \/>\n<meta property=\"og:locale\" content=\"es_ES\" \/>\n<meta property=\"og:type\" content=\"article\" \/>\n<meta property=\"og:title\" content=\"SONDA LOWRANCE HOOK REEVEL 7 - Nautipescas\" \/>\n<meta property=\"og:description\" content=\"Sonda GPS Plotter Lowrance HOOK Reveal 7 HDI 50\/200 El nuevo HOOK Reveal facilita la pesca y ofrece un rendimiento potente con herramientas de b\u00fasqueda de peces comprobadas, que incluyen Autotuning Sonar, DownScan Imaging\u2122, rendimiento mejorado en aguas profundas y ahora FishReveal\u2122 para una visualizaci\u00f3n m\u00e1s f\u00e1cil al combinar los beneficios de Lowrance CHIRP sonar &hellip; Read More &quot;SONDA LOWRANCE HOOK REEVEL 7&quot;\" \/>\n<meta property=\"og:url\" content=\"https:\/\/nautipescas.pt\/es\/produto\/sonda-lowrance-hook-reevel-7\/\" \/>\n<meta property=\"og:site_name\" content=\"Nautipescas\" \/>\n<meta property=\"article:modified_time\" content=\"2023-02-20T18:22:07+00:00\" \/>\n<meta property=\"og:image\" content=\"https:\/\/nautipescas.pt\/wp-content\/uploads\/2023\/02\/SONDA-LOWRANCE-HOOK-REEVEL-7.jpg\" \/>\n\t<meta property=\"og:image:width\" content=\"1283\" \/>\n\t<meta property=\"og:image:height\" content=\"1283\" \/>\n\t<meta property=\"og:image:type\" content=\"image\/jpeg\" \/>\n<meta name=\"author\" content=\"Paulo Chaves\" \/>\n<meta name=\"twitter:card\" content=\"summary_large_image\" \/>\n<meta name=\"twitter:label1\" content=\"Tiempo de lectura\" \/>\n\t<meta name=\"twitter:data1\" content=\"1 minuto\" \/>\n<script type=\"application\/ld+json\" class=\"yoast-schema-graph\">{\"@context\":\"https:\/\/schema.org\",\"@graph\":[{\"@type\":\"WebSite\",\"@id\":\"https:\/\/nautipescas.pt\/#website\",\"url\":\"https:\/\/nautipescas.pt\/\",\"name\":\"Nautipescas\",\"description\":\"\",\"potentialAction\":[{\"@type\":\"SearchAction\",\"target\":{\"@type\":\"EntryPoint\",\"urlTemplate\":\"https:\/\/nautipescas.pt\/?s={search_term_string}\"},\"query-input\":\"required name=search_term_string\"}],\"inLanguage\":\"es\"},{\"@type\":\"ImageObject\",\"inLanguage\":\"es\",\"@id\":\"https:\/\/nautipescas.pt\/es\/produto\/sonda-lowrance-hook-reevel-7\/#primaryimage\",\"url\":\"https:\/\/nautipescas.pt\/wp-content\/uploads\/2023\/02\/SONDA-LOWRANCE-HOOK-REEVEL-7.jpg\",\"contentUrl\":\"https:\/\/nautipescas.pt\/wp-content\/uploads\/2023\/02\/SONDA-LOWRANCE-HOOK-REEVEL-7.jpg\",\"width\":1283,\"height\":1283,\"caption\":\"sonda lawrence\"},{\"@type\":\"WebPage\",\"@id\":\"https:\/\/nautipescas.pt\/es\/produto\/sonda-lowrance-hook-reevel-7\/#webpage\",\"url\":\"https:\/\/nautipescas.pt\/es\/produto\/sonda-lowrance-hook-reevel-7\/\",\"name\":\"SONDA LOWRANCE HOOK REEVEL 7 - Nautipescas\",\"isPartOf\":{\"@id\":\"https:\/\/nautipescas.pt\/#website\"},\"primaryImageOfPage\":{\"@id\":\"https:\/\/nautipescas.pt\/es\/produto\/sonda-lowrance-hook-reevel-7\/#primaryimage\"},\"datePublished\":\"2023-02-20T18:16:12+00:00\",\"dateModified\":\"2023-02-20T18:22:07+00:00\",\"breadcrumb\":{\"@id\":\"https:\/\/nautipescas.pt\/es\/produto\/sonda-lowrance-hook-reevel-7\/#breadcrumb\"},\"inLanguage\":\"es\",\"potentialAction\":[{\"@type\":\"ReadAction\",\"target\":[\"https:\/\/nautipescas.pt\/es\/produto\/sonda-lowrance-hook-reevel-7\/\"]}]},{\"@type\":\"BreadcrumbList\",\"@id\":\"https:\/\/nautipescas.pt\/es\/produto\/sonda-lowrance-hook-reevel-7\/#breadcrumb\",\"itemListElement\":[{\"@type\":\"ListItem\",\"position\":1,\"name\":\"In\u00edcio\",\"item\":\"https:\/\/nautipescas.pt\/es\/\"},{\"@type\":\"ListItem\",\"position\":2,\"name\":\"Tienda\",\"item\":\"https:\/\/nautipescas.pt\/es\/tienda-de-pesca-online\/\"},{\"@type\":\"ListItem\",\"position\":3,\"name\":\"SONDA LOWRANCE HOOK REEVEL 7\"}]}]}<\/script>\n<!-- \/ Yoast SEO plugin. -->","yoast_head_json":{"title":"SONDA LOWRANCE HOOK REEVEL 7 - Nautipescas","robots":{"index":"index","follow":"follow","max-snippet":"max-snippet:-1","max-image-preview":"max-image-preview:large","max-video-preview":"max-video-preview:-1"},"canonical":"https:\/\/nautipescas.pt\/es\/produto\/sonda-lowrance-hook-reevel-7\/","og_locale":"es_ES","og_type":"article","og_title":"SONDA LOWRANCE HOOK REEVEL 7 - Nautipescas","og_description":"Sonda GPS Plotter Lowrance HOOK Reveal 7 HDI 50\/200 El nuevo HOOK Reveal facilita la pesca y ofrece un rendimiento potente con herramientas de b\u00fasqueda de peces comprobadas, que incluyen Autotuning Sonar, DownScan Imaging\u2122, rendimiento mejorado en aguas profundas y ahora FishReveal\u2122 para una visualizaci\u00f3n m\u00e1s f\u00e1cil al combinar los beneficios de Lowrance CHIRP sonar &hellip; Read More \"SONDA LOWRANCE HOOK REEVEL 7\"","og_url":"https:\/\/nautipescas.pt\/es\/produto\/sonda-lowrance-hook-reevel-7\/","og_site_name":"Nautipescas","article_modified_time":"2023-02-20T18:22:07+00:00","og_image":[{"width":1283,"height":1283,"url":"https:\/\/nautipescas.pt\/wp-content\/uploads\/2023\/02\/SONDA-LOWRANCE-HOOK-REEVEL-7.jpg","type":"image\/jpeg"}],"author":"Paulo Chaves","twitter_card":"summary_large_image","twitter_misc":{"Tiempo de lectura":"1 minuto"},"schema":{"@context":"https:\/\/schema.org","@graph":[{"@type":"WebSite","@id":"https:\/\/nautipescas.pt\/#website","url":"https:\/\/nautipescas.pt\/","name":"Nautipescas","description":"","potentialAction":[{"@type":"SearchAction","target":{"@type":"EntryPoint","urlTemplate":"https:\/\/nautipescas.pt\/?s={search_term_string}"},"query-input":"required name=search_term_string"}],"inLanguage":"es"},{"@type":"ImageObject","inLanguage":"es","@id":"https:\/\/nautipescas.pt\/es\/produto\/sonda-lowrance-hook-reevel-7\/#primaryimage","url":"https:\/\/nautipescas.pt\/wp-content\/uploads\/2023\/02\/SONDA-LOWRANCE-HOOK-REEVEL-7.jpg","contentUrl":"https:\/\/nautipescas.pt\/wp-content\/uploads\/2023\/02\/SONDA-LOWRANCE-HOOK-REEVEL-7.jpg","width":1283,"height":1283,"caption":"sonda lawrence"},{"@type":"WebPage","@id":"https:\/\/nautipescas.pt\/es\/produto\/sonda-lowrance-hook-reevel-7\/#webpage","url":"https:\/\/nautipescas.pt\/es\/produto\/sonda-lowrance-hook-reevel-7\/","name":"SONDA LOWRANCE HOOK REEVEL 7 - Nautipescas","isPartOf":{"@id":"https:\/\/nautipescas.pt\/#website"},"primaryImageOfPage":{"@id":"https:\/\/nautipescas.pt\/es\/produto\/sonda-lowrance-hook-reevel-7\/#primaryimage"},"datePublished":"2023-02-20T18:16:12+00:00","dateModified":"2023-02-20T18:22:07+00:00","breadcrumb":{"@id":"https:\/\/nautipescas.pt\/es\/produto\/sonda-lowrance-hook-reevel-7\/#breadcrumb"},"inLanguage":"es","potentialAction":[{"@type":"ReadAction","target":["https:\/\/nautipescas.pt\/es\/produto\/sonda-lowrance-hook-reevel-7\/"]}]},{"@type":"BreadcrumbList","@id":"https:\/\/nautipescas.pt\/es\/produto\/sonda-lowrance-hook-reevel-7\/#breadcrumb","itemListElement":[{"@type":"ListItem","position":1,"name":"In\u00edcio","item":"https:\/\/nautipescas.pt\/es\/"},{"@type":"ListItem","position":2,"name":"Tienda","item":"https:\/\/nautipescas.pt\/es\/tienda-de-pesca-online\/"},{"@type":"ListItem","position":3,"name":"SONDA LOWRANCE HOOK REEVEL 7"}]}]}},"_links":{"self":[{"href":"https:\/\/nautipescas.pt\/es\/wp-json\/wp\/v2\/product\/3830","targetHints":{"allow":["GET"]}}],"collection":[{"href":"https:\/\/nautipescas.pt\/es\/wp-json\/wp\/v2\/product"}],"about":[{"href":"https:\/\/nautipescas.pt\/es\/wp-json\/wp\/v2\/types\/product"}],"wp:featuredmedia":[{"embeddable":true,"href":"https:\/\/nautipescas.pt\/es\/wp-json\/wp\/v2\/media\/3827"}],"wp:attachment":[{"href":"https:\/\/nautipescas.pt\/es\/wp-json\/wp\/v2\/media?parent=3830"}],"wp:term":[{"taxonomy":"product_cat","embeddable":true,"href":"https:\/\/nautipescas.pt\/es\/wp-json\/wp\/v2\/product_cat?post=3830"},{"taxonomy":"product_tag","embeddable":true,"href":"https:\/\/nautipescas.pt\/es\/wp-json\/wp\/v2\/product_tag?post=3830"},{"taxonomy":"marcas","embeddable":true,"href":"https:\/\/nautipescas.pt\/es\/wp-json\/wp\/v2\/marcas?post=3830"}],"curies":[{"name":"wp","href":"https:\/\/api.w.org\/{rel}","templated":true}]}}