{"id":4030,"date":"2023-03-01T18:03:45","date_gmt":"2023-03-01T18:03:45","guid":{"rendered":"https:\/\/nautipescas.pt\/?post_type=product&#038;p=4030"},"modified":"2023-11-07T18:41:11","modified_gmt":"2023-11-07T18:41:11","slug":"humminbird-helix-5-chirp-gps-g3-com-xnt-9-db-74t-painel-de-popa","status":"publish","type":"product","link":"https:\/\/nautipescas.pt\/es\/produto\/humminbird-helix-5-chirp-gps-g3-com-xnt-9-db-74t-painel-de-popa\/","title":{"rendered":"HUMMINBIRD HELIX 5 CHIRP GPS G3 COM XNT 9 DB-74T PAINEL DE POPA"},"content":{"rendered":"<p><span dir=\"ltr\" role=\"presentation\">Para<\/span> <span dir=\"ltr\" role=\"presentation\">aplica\u00e7\u00f5es<\/span> <span dir=\"ltr\" role=\"presentation\">mais<\/span> <span dir=\"ltr\" role=\"presentation\">exigentes,<\/span> <span dir=\"ltr\" role=\"presentation\">o<\/span> <span dir=\"ltr\" role=\"presentation\">utilizador<\/span> <span dir=\"ltr\" role=\"presentation\">pode<\/span> <span dir=\"ltr\" role=\"presentation\">sempre<\/span> <span dir=\"ltr\" role=\"presentation\">adquirir<\/span> <span dir=\"ltr\" role=\"presentation\">as<\/span> <span dir=\"ltr\" role=\"presentation\">vers\u00f5es<\/span><br role=\"presentation\" \/><span dir=\"ltr\" role=\"presentation\">AUTOCHART e AUTOCHART PRO, para PC. Estes, v\u00eam com um cart\u00e3o \u201cZeroLine\u201d. Usado para carregar os dados<\/span><br role=\"presentation\" \/><span dir=\"ltr\" role=\"presentation\">do AutochartLive, permite visualizar no PC e analisar com as diversas ferramentas do programa, salvar, etc.<\/span><br role=\"presentation\" \/><span dir=\"ltr\" role=\"presentation\">Eis um exemplo de trabalho feito numa albufeira :<\/span><br role=\"presentation\" \/><span dir=\"ltr\" role=\"presentation\">Breve descri\u00e7\u00e3o da s\u00e9rie, como um todo&#8230;<\/span><br role=\"presentation\" \/><span dir=\"ltr\" role=\"presentation\">A fam\u00edlia HELIX 5<\/span> <span dir=\"ltr\" role=\"presentation\">compreende cinco modelos para atender \u00e0s necessidades individuais dos pescadores e<\/span><br role=\"presentation\" \/><span dir=\"ltr\" role=\"presentation\">navegantes. Todas as unidades apresentam agora controle do Menu, pelo sistema Reflex<\/span> <span dir=\"ltr\" role=\"presentation\">da HUMMINBIRD, via<\/span><br role=\"presentation\" \/><span dir=\"ltr\" role=\"presentation\">teclado. O ecr\u00e3 \u00e9 TFT de 256 cores de 5 polegadas, 800 H x 480V. Permitem a inclina\u00e7\u00e3o no suporte, ou embutir<\/span><br role=\"presentation\" \/><span dir=\"ltr\" role=\"presentation\">com kit opcional.<\/span> <span dir=\"ltr\" role=\"presentation\">O transdutor standard \u00e9 de painel de popa .<\/span> <span dir=\"ltr\" role=\"presentation\">Os de 50\/200KHz para maior desempenho em<\/span><br role=\"presentation\" \/><span dir=\"ltr\" role=\"presentation\">profundidade,<\/span> <span dir=\"ltr\" role=\"presentation\">est\u00e3o dispon\u00edveis, em op\u00e7\u00e3o.<\/span> <span dir=\"ltr\" role=\"presentation\">Existem tamb\u00e9m outros<\/span> <span dir=\"ltr\" role=\"presentation\">transdutores<\/span> <span dir=\"ltr\" role=\"presentation\">para casco em<\/span> <span dir=\"ltr\" role=\"presentation\">pl\u00e1stico<\/span><br role=\"presentation\" \/><span dir=\"ltr\" role=\"presentation\">refor\u00e7ado internamente a a\u00e7o.<\/span> <span dir=\"ltr\" role=\"presentation\">Dimens\u00f5es fora do suporte : 19,43&#215;10,87&#215;2,87 cm. Alimenta\u00e7\u00e3o : 12VDC.<\/span><br role=\"presentation\" \/><span dir=\"ltr\" role=\"presentation\">Os modelos COMBO, na sonda t\u00eam 500W de pot\u00eancia e v\u00eam por defeito configurados para DualSpectrumCHIRP.<\/span><br role=\"presentation\" \/><span dir=\"ltr\" role=\"presentation\">Fun\u00e7\u00f5es GPS : 2500 waypoints, 50 rotas, 50 rastos com 20.000 pontos cada . GPS diferencial por sat\u00e9lite EGNOS\/WAAS.<\/span><br role=\"presentation\" \/><span dir=\"ltr\" role=\"presentation\">Usam cartografia Navionics GOLD ou Platinum +.<\/span><\/p>\n","protected":false},"excerpt":{"rendered":"<p>Para aplica\u00e7\u00f5es mais exigentes, o utilizador pode sempre adquirir as vers\u00f5esAUTOCHART e AUTOCHART PRO, para PC. Estes, v\u00eam com um cart\u00e3o \u201cZeroLine\u201d. Usado para carregar os dadosdo AutochartLive, permite visualizar no PC e analisar com as diversas ferramentas do programa, salvar, etc.Eis um exemplo de trabalho feito numa albufeira :Breve descri\u00e7\u00e3o da s\u00e9rie, como um &hellip; <\/p>\n<p class=\"more-link-wrap\"><a href=\"https:\/\/nautipescas.pt\/es\/produto\/humminbird-helix-5-chirp-gps-g3-com-xnt-9-db-74t-painel-de-popa\/\" class=\"more-link\"><span>Read More<span class=\"screen-reader-text\"> \u00abHUMMINBIRD HELIX 5 CHIRP GPS G3 COM XNT 9 DB-74T PAINEL DE POPA\u00bb<\/span><\/span><\/a><\/p>\n","protected":false},"featured_media":4031,"template":"","meta":{"inline_featured_image":false},"product_cat":[207,153,226],"product_tag":[],"marcas":[243],"class_list":["post-4030","product","type-product","status-publish","has-post-thumbnail","hentry","product_cat-combos-gps-sonda","product_cat-eletronica-maritima","product_cat-gps-plotter","marcas-humminbird"],"acf":[],"yoast_head":"<!-- This site is optimized with the Yoast SEO plugin v19.2 - https:\/\/yoast.com\/wordpress\/plugins\/seo\/ -->\n<title>HUMMINBIRD HELIX 5 CHIRP GPS G3 COM XNT 9 DB-74T PAINEL DE POPA - Nautipescas<\/title>\n<meta name=\"description\" content=\"Para aplica\u00e7\u00f5es mais exigentes, o utilizador pode sempre adquirir as vers\u00f5esAUTOCHART e AUTOCHART PRO, para PC. Estes, v\u00eam com um cart\u00e3o \u201cZeroLine\u201d. Usado para carregar os dadosdo AutochartLive, permite visualizar no PC e analisar com as diversas ferramentas do programa, salvar, etc.Eis um exemplo de trabalho feito numa albufeira :Breve descri\u00e7\u00e3o da s\u00e9rie, como um todo...A fam\u00edlia HELIX 5 compreende cinco modelos para atender \u00e0s necessidades individuais dos pescadores enavegantes. Todas as unidades apresentam agora controle do Menu, pelo sistema Reflex da HUMMINBIRD, viateclado. O ecr\u00e3 \u00e9 TFT de 256 cores de 5 polegadas, 800 H x 480V. Permitem a inclina\u00e7\u00e3o no suporte, ou embutircom kit opcional. O transdutor standard \u00e9 de painel de popa . Os de 50\/200KHz para maior desempenho emprofundidade, est\u00e3o dispon\u00edveis, em op\u00e7\u00e3o. Existem tamb\u00e9m outros transdutores para casco em pl\u00e1sticorefor\u00e7ado internamente a a\u00e7o. Dimens\u00f5es fora do suporte : 19,43x10,87x2,87 cm. Alimenta\u00e7\u00e3o : 12VDC.Os modelos COMBO, na sonda t\u00eam 500W de pot\u00eancia e v\u00eam por defeito configurados para DualSpectrumCHIRP.Fun\u00e7\u00f5es GPS : 2500 waypoints, 50 rotas, 50 rastos com 20.000 pontos cada . GPS diferencial por sat\u00e9lite EGNOS\/WAAS.Usam cartografia Navionics GOLD ou Platinum +.\" \/>\n<meta name=\"robots\" content=\"index, follow, max-snippet:-1, max-image-preview:large, max-video-preview:-1\" \/>\n<link rel=\"canonical\" href=\"https:\/\/nautipescas.pt\/produto\/humminbird-helix-5-chirp-gps-g3-com-xnt-9-db-74t-painel-de-popa\/\" \/>\n<meta property=\"og:locale\" content=\"es_ES\" \/>\n<meta property=\"og:type\" content=\"article\" \/>\n<meta property=\"og:title\" content=\"HUMMINBIRD HELIX 5 CHIRP GPS G3 COM XNT 9 DB-74T PAINEL DE POPA - Nautipescas\" \/>\n<meta property=\"og:description\" content=\"Para aplica\u00e7\u00f5es mais exigentes, o utilizador pode sempre adquirir as vers\u00f5esAUTOCHART e AUTOCHART PRO, para PC. Estes, v\u00eam com um cart\u00e3o \u201cZeroLine\u201d. Usado para carregar os dadosdo AutochartLive, permite visualizar no PC e analisar com as diversas ferramentas do programa, salvar, etc.Eis um exemplo de trabalho feito numa albufeira :Breve descri\u00e7\u00e3o da s\u00e9rie, como um todo...A fam\u00edlia HELIX 5 compreende cinco modelos para atender \u00e0s necessidades individuais dos pescadores enavegantes. Todas as unidades apresentam agora controle do Menu, pelo sistema Reflex da HUMMINBIRD, viateclado. O ecr\u00e3 \u00e9 TFT de 256 cores de 5 polegadas, 800 H x 480V. Permitem a inclina\u00e7\u00e3o no suporte, ou embutircom kit opcional. O transdutor standard \u00e9 de painel de popa . Os de 50\/200KHz para maior desempenho emprofundidade, est\u00e3o dispon\u00edveis, em op\u00e7\u00e3o. Existem tamb\u00e9m outros transdutores para casco em pl\u00e1sticorefor\u00e7ado internamente a a\u00e7o. Dimens\u00f5es fora do suporte : 19,43x10,87x2,87 cm. Alimenta\u00e7\u00e3o : 12VDC.Os modelos COMBO, na sonda t\u00eam 500W de pot\u00eancia e v\u00eam por defeito configurados para DualSpectrumCHIRP.Fun\u00e7\u00f5es GPS : 2500 waypoints, 50 rotas, 50 rastos com 20.000 pontos cada . GPS diferencial por sat\u00e9lite EGNOS\/WAAS.Usam cartografia Navionics GOLD ou Platinum +.\" \/>\n<meta property=\"og:url\" content=\"https:\/\/nautipescas.pt\/produto\/humminbird-helix-5-chirp-gps-g3-com-xnt-9-db-74t-painel-de-popa\/\" \/>\n<meta property=\"og:site_name\" content=\"Nautipescas\" \/>\n<meta property=\"article:modified_time\" content=\"2023-11-07T18:41:11+00:00\" \/>\n<meta property=\"og:image\" content=\"https:\/\/nautipescas.pt\/wp-content\/uploads\/2023\/03\/5.jpg\" \/>\n\t<meta property=\"og:image:width\" content=\"245\" \/>\n\t<meta property=\"og:image:height\" content=\"206\" \/>\n\t<meta property=\"og:image:type\" content=\"image\/jpeg\" \/>\n<meta name=\"author\" content=\"Paulo Chaves\" \/>\n<meta name=\"twitter:card\" content=\"summary_large_image\" \/>\n<meta name=\"twitter:label1\" content=\"Tiempo de lectura\" \/>\n\t<meta name=\"twitter:data1\" content=\"1 minuto\" \/>\n<script type=\"application\/ld+json\" class=\"yoast-schema-graph\">{\"@context\":\"https:\/\/schema.org\",\"@graph\":[{\"@type\":\"WebSite\",\"@id\":\"https:\/\/nautipescas.pt\/#website\",\"url\":\"https:\/\/nautipescas.pt\/\",\"name\":\"Nautipescas\",\"description\":\"\",\"potentialAction\":[{\"@type\":\"SearchAction\",\"target\":{\"@type\":\"EntryPoint\",\"urlTemplate\":\"https:\/\/nautipescas.pt\/?s={search_term_string}\"},\"query-input\":\"required name=search_term_string\"}],\"inLanguage\":\"es\"},{\"@type\":\"ImageObject\",\"inLanguage\":\"es\",\"@id\":\"https:\/\/nautipescas.pt\/produto\/humminbird-helix-5-chirp-gps-g3-com-xnt-9-db-74t-painel-de-popa\/#primaryimage\",\"url\":\"https:\/\/nautipescas.pt\/wp-content\/uploads\/2023\/03\/5.jpg\",\"contentUrl\":\"https:\/\/nautipescas.pt\/wp-content\/uploads\/2023\/03\/5.jpg\",\"width\":245,\"height\":206},{\"@type\":\"WebPage\",\"@id\":\"https:\/\/nautipescas.pt\/produto\/humminbird-helix-5-chirp-gps-g3-com-xnt-9-db-74t-painel-de-popa\/#webpage\",\"url\":\"https:\/\/nautipescas.pt\/produto\/humminbird-helix-5-chirp-gps-g3-com-xnt-9-db-74t-painel-de-popa\/\",\"name\":\"HUMMINBIRD HELIX 5 CHIRP GPS G3 COM XNT 9 DB-74T PAINEL DE POPA - Nautipescas\",\"isPartOf\":{\"@id\":\"https:\/\/nautipescas.pt\/#website\"},\"primaryImageOfPage\":{\"@id\":\"https:\/\/nautipescas.pt\/produto\/humminbird-helix-5-chirp-gps-g3-com-xnt-9-db-74t-painel-de-popa\/#primaryimage\"},\"datePublished\":\"2023-03-01T18:03:45+00:00\",\"dateModified\":\"2023-11-07T18:41:11+00:00\",\"description\":\"Para aplica\u00e7\u00f5es mais exigentes, o utilizador pode sempre adquirir as vers\u00f5esAUTOCHART e AUTOCHART PRO, para PC. Estes, v\u00eam com um cart\u00e3o \u201cZeroLine\u201d. Usado para carregar os dadosdo AutochartLive, permite visualizar no PC e analisar com as diversas ferramentas do programa, salvar, etc.Eis um exemplo de trabalho feito numa albufeira :Breve descri\u00e7\u00e3o da s\u00e9rie, como um todo...A fam\u00edlia HELIX 5 compreende cinco modelos para atender \u00e0s necessidades individuais dos pescadores enavegantes. Todas as unidades apresentam agora controle do Menu, pelo sistema Reflex da HUMMINBIRD, viateclado. O ecr\u00e3 \u00e9 TFT de 256 cores de 5 polegadas, 800 H x 480V. Permitem a inclina\u00e7\u00e3o no suporte, ou embutircom kit opcional. O transdutor standard \u00e9 de painel de popa . Os de 50\/200KHz para maior desempenho emprofundidade, est\u00e3o dispon\u00edveis, em op\u00e7\u00e3o. Existem tamb\u00e9m outros transdutores para casco em pl\u00e1sticorefor\u00e7ado internamente a a\u00e7o. Dimens\u00f5es fora do suporte : 19,43x10,87x2,87 cm. Alimenta\u00e7\u00e3o : 12VDC.Os modelos COMBO, na sonda t\u00eam 500W de pot\u00eancia e v\u00eam por defeito configurados para DualSpectrumCHIRP.Fun\u00e7\u00f5es GPS : 2500 waypoints, 50 rotas, 50 rastos com 20.000 pontos cada . GPS diferencial por sat\u00e9lite EGNOS\/WAAS.Usam cartografia Navionics GOLD ou Platinum +.\",\"breadcrumb\":{\"@id\":\"https:\/\/nautipescas.pt\/produto\/humminbird-helix-5-chirp-gps-g3-com-xnt-9-db-74t-painel-de-popa\/#breadcrumb\"},\"inLanguage\":\"es\",\"potentialAction\":[{\"@type\":\"ReadAction\",\"target\":[\"https:\/\/nautipescas.pt\/produto\/humminbird-helix-5-chirp-gps-g3-com-xnt-9-db-74t-painel-de-popa\/\"]}]},{\"@type\":\"BreadcrumbList\",\"@id\":\"https:\/\/nautipescas.pt\/produto\/humminbird-helix-5-chirp-gps-g3-com-xnt-9-db-74t-painel-de-popa\/#breadcrumb\",\"itemListElement\":[{\"@type\":\"ListItem\",\"position\":1,\"name\":\"In\u00edcio\",\"item\":\"https:\/\/nautipescas.pt\/es\/\"},{\"@type\":\"ListItem\",\"position\":2,\"name\":\"Tienda\",\"item\":\"https:\/\/nautipescas.pt\/es\/tienda-de-pesca-online\/\"},{\"@type\":\"ListItem\",\"position\":3,\"name\":\"HUMMINBIRD HELIX 5 CHIRP GPS G3 COM XNT 9 DB-74T PAINEL DE POPA\"}]}]}<\/script>\n<!-- \/ Yoast SEO plugin. -->","yoast_head_json":{"title":"HUMMINBIRD HELIX 5 CHIRP GPS G3 COM XNT 9 DB-74T PAINEL DE POPA - Nautipescas","description":"Para aplica\u00e7\u00f5es mais exigentes, o utilizador pode sempre adquirir as vers\u00f5esAUTOCHART e AUTOCHART PRO, para PC. Estes, v\u00eam com um cart\u00e3o \u201cZeroLine\u201d. Usado para carregar os dadosdo AutochartLive, permite visualizar no PC e analisar com as diversas ferramentas do programa, salvar, etc.Eis um exemplo de trabalho feito numa albufeira :Breve descri\u00e7\u00e3o da s\u00e9rie, como um todo...A fam\u00edlia HELIX 5 compreende cinco modelos para atender \u00e0s necessidades individuais dos pescadores enavegantes. Todas as unidades apresentam agora controle do Menu, pelo sistema Reflex da HUMMINBIRD, viateclado. O ecr\u00e3 \u00e9 TFT de 256 cores de 5 polegadas, 800 H x 480V. Permitem a inclina\u00e7\u00e3o no suporte, ou embutircom kit opcional. O transdutor standard \u00e9 de painel de popa . Os de 50\/200KHz para maior desempenho emprofundidade, est\u00e3o dispon\u00edveis, em op\u00e7\u00e3o. Existem tamb\u00e9m outros transdutores para casco em pl\u00e1sticorefor\u00e7ado internamente a a\u00e7o. Dimens\u00f5es fora do suporte : 19,43x10,87x2,87 cm. Alimenta\u00e7\u00e3o : 12VDC.Os modelos COMBO, na sonda t\u00eam 500W de pot\u00eancia e v\u00eam por defeito configurados para DualSpectrumCHIRP.Fun\u00e7\u00f5es GPS : 2500 waypoints, 50 rotas, 50 rastos com 20.000 pontos cada . GPS diferencial por sat\u00e9lite EGNOS\/WAAS.Usam cartografia Navionics GOLD ou Platinum +.","robots":{"index":"index","follow":"follow","max-snippet":"max-snippet:-1","max-image-preview":"max-image-preview:large","max-video-preview":"max-video-preview:-1"},"canonical":"https:\/\/nautipescas.pt\/produto\/humminbird-helix-5-chirp-gps-g3-com-xnt-9-db-74t-painel-de-popa\/","og_locale":"es_ES","og_type":"article","og_title":"HUMMINBIRD HELIX 5 CHIRP GPS G3 COM XNT 9 DB-74T PAINEL DE POPA - Nautipescas","og_description":"Para aplica\u00e7\u00f5es mais exigentes, o utilizador pode sempre adquirir as vers\u00f5esAUTOCHART e AUTOCHART PRO, para PC. Estes, v\u00eam com um cart\u00e3o \u201cZeroLine\u201d. Usado para carregar os dadosdo AutochartLive, permite visualizar no PC e analisar com as diversas ferramentas do programa, salvar, etc.Eis um exemplo de trabalho feito numa albufeira :Breve descri\u00e7\u00e3o da s\u00e9rie, como um todo...A fam\u00edlia HELIX 5 compreende cinco modelos para atender \u00e0s necessidades individuais dos pescadores enavegantes. Todas as unidades apresentam agora controle do Menu, pelo sistema Reflex da HUMMINBIRD, viateclado. O ecr\u00e3 \u00e9 TFT de 256 cores de 5 polegadas, 800 H x 480V. Permitem a inclina\u00e7\u00e3o no suporte, ou embutircom kit opcional. O transdutor standard \u00e9 de painel de popa . Os de 50\/200KHz para maior desempenho emprofundidade, est\u00e3o dispon\u00edveis, em op\u00e7\u00e3o. Existem tamb\u00e9m outros transdutores para casco em pl\u00e1sticorefor\u00e7ado internamente a a\u00e7o. Dimens\u00f5es fora do suporte : 19,43x10,87x2,87 cm. Alimenta\u00e7\u00e3o : 12VDC.Os modelos COMBO, na sonda t\u00eam 500W de pot\u00eancia e v\u00eam por defeito configurados para DualSpectrumCHIRP.Fun\u00e7\u00f5es GPS : 2500 waypoints, 50 rotas, 50 rastos com 20.000 pontos cada . GPS diferencial por sat\u00e9lite EGNOS\/WAAS.Usam cartografia Navionics GOLD ou Platinum +.","og_url":"https:\/\/nautipescas.pt\/produto\/humminbird-helix-5-chirp-gps-g3-com-xnt-9-db-74t-painel-de-popa\/","og_site_name":"Nautipescas","article_modified_time":"2023-11-07T18:41:11+00:00","og_image":[{"width":245,"height":206,"url":"https:\/\/nautipescas.pt\/wp-content\/uploads\/2023\/03\/5.jpg","type":"image\/jpeg"}],"author":"Paulo Chaves","twitter_card":"summary_large_image","twitter_misc":{"Tiempo de lectura":"1 minuto"},"schema":{"@context":"https:\/\/schema.org","@graph":[{"@type":"WebSite","@id":"https:\/\/nautipescas.pt\/#website","url":"https:\/\/nautipescas.pt\/","name":"Nautipescas","description":"","potentialAction":[{"@type":"SearchAction","target":{"@type":"EntryPoint","urlTemplate":"https:\/\/nautipescas.pt\/?s={search_term_string}"},"query-input":"required name=search_term_string"}],"inLanguage":"es"},{"@type":"ImageObject","inLanguage":"es","@id":"https:\/\/nautipescas.pt\/produto\/humminbird-helix-5-chirp-gps-g3-com-xnt-9-db-74t-painel-de-popa\/#primaryimage","url":"https:\/\/nautipescas.pt\/wp-content\/uploads\/2023\/03\/5.jpg","contentUrl":"https:\/\/nautipescas.pt\/wp-content\/uploads\/2023\/03\/5.jpg","width":245,"height":206},{"@type":"WebPage","@id":"https:\/\/nautipescas.pt\/produto\/humminbird-helix-5-chirp-gps-g3-com-xnt-9-db-74t-painel-de-popa\/#webpage","url":"https:\/\/nautipescas.pt\/produto\/humminbird-helix-5-chirp-gps-g3-com-xnt-9-db-74t-painel-de-popa\/","name":"HUMMINBIRD HELIX 5 CHIRP GPS G3 COM XNT 9 DB-74T PAINEL DE POPA - Nautipescas","isPartOf":{"@id":"https:\/\/nautipescas.pt\/#website"},"primaryImageOfPage":{"@id":"https:\/\/nautipescas.pt\/produto\/humminbird-helix-5-chirp-gps-g3-com-xnt-9-db-74t-painel-de-popa\/#primaryimage"},"datePublished":"2023-03-01T18:03:45+00:00","dateModified":"2023-11-07T18:41:11+00:00","description":"Para aplica\u00e7\u00f5es mais exigentes, o utilizador pode sempre adquirir as vers\u00f5esAUTOCHART e AUTOCHART PRO, para PC. Estes, v\u00eam com um cart\u00e3o \u201cZeroLine\u201d. Usado para carregar os dadosdo AutochartLive, permite visualizar no PC e analisar com as diversas ferramentas do programa, salvar, etc.Eis um exemplo de trabalho feito numa albufeira :Breve descri\u00e7\u00e3o da s\u00e9rie, como um todo...A fam\u00edlia HELIX 5 compreende cinco modelos para atender \u00e0s necessidades individuais dos pescadores enavegantes. Todas as unidades apresentam agora controle do Menu, pelo sistema Reflex da HUMMINBIRD, viateclado. O ecr\u00e3 \u00e9 TFT de 256 cores de 5 polegadas, 800 H x 480V. Permitem a inclina\u00e7\u00e3o no suporte, ou embutircom kit opcional. O transdutor standard \u00e9 de painel de popa . Os de 50\/200KHz para maior desempenho emprofundidade, est\u00e3o dispon\u00edveis, em op\u00e7\u00e3o. Existem tamb\u00e9m outros transdutores para casco em pl\u00e1sticorefor\u00e7ado internamente a a\u00e7o. Dimens\u00f5es fora do suporte : 19,43x10,87x2,87 cm. Alimenta\u00e7\u00e3o : 12VDC.Os modelos COMBO, na sonda t\u00eam 500W de pot\u00eancia e v\u00eam por defeito configurados para DualSpectrumCHIRP.Fun\u00e7\u00f5es GPS : 2500 waypoints, 50 rotas, 50 rastos com 20.000 pontos cada . GPS diferencial por sat\u00e9lite EGNOS\/WAAS.Usam cartografia Navionics GOLD ou Platinum +.","breadcrumb":{"@id":"https:\/\/nautipescas.pt\/produto\/humminbird-helix-5-chirp-gps-g3-com-xnt-9-db-74t-painel-de-popa\/#breadcrumb"},"inLanguage":"es","potentialAction":[{"@type":"ReadAction","target":["https:\/\/nautipescas.pt\/produto\/humminbird-helix-5-chirp-gps-g3-com-xnt-9-db-74t-painel-de-popa\/"]}]},{"@type":"BreadcrumbList","@id":"https:\/\/nautipescas.pt\/produto\/humminbird-helix-5-chirp-gps-g3-com-xnt-9-db-74t-painel-de-popa\/#breadcrumb","itemListElement":[{"@type":"ListItem","position":1,"name":"In\u00edcio","item":"https:\/\/nautipescas.pt\/es\/"},{"@type":"ListItem","position":2,"name":"Tienda","item":"https:\/\/nautipescas.pt\/es\/tienda-de-pesca-online\/"},{"@type":"ListItem","position":3,"name":"HUMMINBIRD HELIX 5 CHIRP GPS G3 COM XNT 9 DB-74T PAINEL DE POPA"}]}]}},"_links":{"self":[{"href":"https:\/\/nautipescas.pt\/es\/wp-json\/wp\/v2\/product\/4030","targetHints":{"allow":["GET"]}}],"collection":[{"href":"https:\/\/nautipescas.pt\/es\/wp-json\/wp\/v2\/product"}],"about":[{"href":"https:\/\/nautipescas.pt\/es\/wp-json\/wp\/v2\/types\/product"}],"wp:featuredmedia":[{"embeddable":true,"href":"https:\/\/nautipescas.pt\/es\/wp-json\/wp\/v2\/media\/4031"}],"wp:attachment":[{"href":"https:\/\/nautipescas.pt\/es\/wp-json\/wp\/v2\/media?parent=4030"}],"wp:term":[{"taxonomy":"product_cat","embeddable":true,"href":"https:\/\/nautipescas.pt\/es\/wp-json\/wp\/v2\/product_cat?post=4030"},{"taxonomy":"product_tag","embeddable":true,"href":"https:\/\/nautipescas.pt\/es\/wp-json\/wp\/v2\/product_tag?post=4030"},{"taxonomy":"marcas","embeddable":true,"href":"https:\/\/nautipescas.pt\/es\/wp-json\/wp\/v2\/marcas?post=4030"}],"curies":[{"name":"wp","href":"https:\/\/api.w.org\/{rel}","templated":true}]}}