{"id":4246,"date":"2023-03-02T14:39:37","date_gmt":"2023-03-02T14:39:37","guid":{"rendered":"https:\/\/nautipescas.pt\/?post_type=product&#038;p=4246"},"modified":"2026-03-23T17:07:46","modified_gmt":"2026-03-23T17:07:46","slug":"sonda-hondex-he-775-di-transdutor-td-67-t-1-8kw-50-200khz","status":"publish","type":"product","link":"https:\/\/nautipescas.pt\/es\/produto\/sonda-hondex-he-775-di-transdutor-td-67-t-1-8kw-50-200khz\/","title":{"rendered":"SONDA HONDEX HE 775 DI TRANSDUTOR TD 67 T 1.8KW\/50\/200KHZ"},"content":{"rendered":"<p><span id=\"page1124R_mcid97\" class=\"markedContent\"><span dir=\"ltr\" role=\"presentation\">HE-775Di<\/span> <span dir=\"ltr\" role=\"presentation\">Pot\u00eancia de 1800W<\/span> <span dir=\"ltr\" role=\"presentation\">, dupla frequ\u00eancia fixa 50\/200KHz com transdutor TD67T bronze<\/span><\/span><span id=\"page1124R_mcid98\" class=\"markedContent\"><\/span><span id=\"page1124R_mcid99\" class=\"markedContent\"> <\/span><\/p>\n<p><span id=\"page1124R_mcid101\" class=\"markedContent\"><span dir=\"ltr\" role=\"presentation\">nclui Transdutor Ref\u00aa<\/span> <span dir=\"ltr\" role=\"presentation\">TD67T<\/span> <span dir=\"ltr\" role=\"presentation\">em bronze para 1,8Kw.<\/span><\/span><span id=\"page1124R_mcid102\" class=\"markedContent\"><br role=\"presentation\" \/><span dir=\"ltr\" role=\"presentation\">Ecr\u00e3 de 10,4&#8243; tipo LCD a cores, 640&#215;480 pixels .Escalas de 0 a 1.000 metros\/bra\u00e7as<\/span><\/span><span id=\"page1124R_mcid103\" class=\"markedContent\"><br role=\"presentation\" \/><span dir=\"ltr\" role=\"presentation\">Escalas em metros, bra\u00e7as e p\u00e9s. Pode tamb\u00e9m ter 3KwAlimenta\u00e7\u00e3o de 11 a 35VDC. Manual P<\/span><\/span><span id=\"page1124R_mcid104\" class=\"markedContent\"><br role=\"presentation\" \/><span dir=\"ltr\" role=\"presentation\">Op\u00e7\u00e3o de orienta\u00e7\u00e3o do ecr\u00e3 em posi\u00e7\u00e3o vertical ou horizontal e imagem revers\u00edvel para vis\u00e3o nocturna<\/span><\/span><span id=\"page1124R_mcid105\" class=\"markedContent\"><br role=\"presentation\" \/><span dir=\"ltr\" role=\"presentation\">Possibilidade de selec\u00e7\u00e3o da cor de fundo (preto, cinza, azul e branco).<\/span><\/span><span id=\"page1124R_mcid106\" class=\"markedContent\"><br role=\"presentation\" \/><span dir=\"ltr\" role=\"presentation\">Expans\u00e3o do fundo. Off\/Auto\/Manual\/Expans\u00e3o de fundo. Sa\u00edda NMEA0183 (DBT e MTW)<\/span><\/span><span id=\"page1124R_mcid107\" class=\"markedContent\"><br role=\"presentation\" \/><span dir=\"ltr\" role=\"presentation\">Alarme de peixe, profundidade e temperatura da \u00e1gua (temperatura via sensor opcio<\/span><\/span><\/p>\n","protected":false},"excerpt":{"rendered":"<p>HE-775Di Pot\u00eancia de 1800W , dupla frequ\u00eancia fixa 50\/200KHz com transdutor TD67T bronze nclui Transdutor Ref\u00aa TD67T em bronze para 1,8Kw.Ecr\u00e3 de 10,4&#8243; tipo LCD a cores, 640&#215;480 pixels .Escalas de 0 a 1.000 metros\/bra\u00e7asEscalas em metros, bra\u00e7as e p\u00e9s. Pode tamb\u00e9m ter 3KwAlimenta\u00e7\u00e3o de 11 a 35VDC. Manual POp\u00e7\u00e3o de orienta\u00e7\u00e3o do ecr\u00e3 em &hellip; <\/p>\n<p class=\"more-link-wrap\"><a href=\"https:\/\/nautipescas.pt\/es\/produto\/sonda-hondex-he-775-di-transdutor-td-67-t-1-8kw-50-200khz\/\" class=\"more-link\"><span>Read More<span class=\"screen-reader-text\"> \u00abSONDA HONDEX HE 775 DI TRANSDUTOR TD 67 T 1.8KW\/50\/200KHZ\u00bb<\/span><\/span><\/a><\/p>\n","protected":false},"featured_media":4247,"template":"","meta":{"inline_featured_image":false},"product_cat":[153,458],"product_tag":[],"marcas":[],"class_list":["post-4246","product","type-product","status-publish","has-post-thumbnail","hentry","product_cat-eletronica-maritima","product_cat-sondas-eletronica-maritima"],"acf":[],"yoast_head":"<!-- This site is optimized with the Yoast SEO plugin v19.2 - https:\/\/yoast.com\/wordpress\/plugins\/seo\/ -->\n<title>SONDA HONDEX HE 775 DI TRANSDUTOR TD 67 T 1.8KW\/50\/200KHZ - Nautipescas<\/title>\n<meta name=\"robots\" content=\"index, follow, max-snippet:-1, max-image-preview:large, max-video-preview:-1\" \/>\n<link rel=\"canonical\" href=\"https:\/\/nautipescas.pt\/produto\/sonda-hondex-he-775-di-transdutor-td-67-t-1-8kw-50-200khz\/\" \/>\n<meta property=\"og:locale\" content=\"es_ES\" \/>\n<meta property=\"og:type\" content=\"article\" \/>\n<meta property=\"og:title\" content=\"SONDA HONDEX HE 775 DI TRANSDUTOR TD 67 T 1.8KW\/50\/200KHZ - Nautipescas\" \/>\n<meta property=\"og:description\" content=\"HE-775Di Pot\u00eancia de 1800W , dupla frequ\u00eancia fixa 50\/200KHz com transdutor TD67T bronze nclui Transdutor Ref\u00aa TD67T em bronze para 1,8Kw.Ecr\u00e3 de 10,4&#8243; tipo LCD a cores, 640&#215;480 pixels .Escalas de 0 a 1.000 metros\/bra\u00e7asEscalas em metros, bra\u00e7as e p\u00e9s. Pode tamb\u00e9m ter 3KwAlimenta\u00e7\u00e3o de 11 a 35VDC. Manual POp\u00e7\u00e3o de orienta\u00e7\u00e3o do ecr\u00e3 em &hellip; Read More &quot;SONDA HONDEX HE 775 DI TRANSDUTOR TD 67 T 1.8KW\/50\/200KHZ&quot;\" \/>\n<meta property=\"og:url\" content=\"https:\/\/nautipescas.pt\/produto\/sonda-hondex-he-775-di-transdutor-td-67-t-1-8kw-50-200khz\/\" \/>\n<meta property=\"og:site_name\" content=\"Nautipescas\" \/>\n<meta property=\"article:modified_time\" content=\"2026-03-23T17:07:46+00:00\" \/>\n<meta property=\"og:image\" content=\"https:\/\/nautipescas.pt\/wp-content\/uploads\/2023\/03\/961-hondex_1529593645.jpeg\" \/>\n\t<meta property=\"og:image:width\" content=\"640\" \/>\n\t<meta property=\"og:image:height\" content=\"640\" \/>\n\t<meta property=\"og:image:type\" content=\"image\/jpeg\" \/>\n<meta name=\"author\" content=\"Paulo Chaves\" \/>\n<meta name=\"twitter:card\" content=\"summary_large_image\" \/>\n<meta name=\"twitter:label1\" content=\"Tiempo de lectura\" \/>\n\t<meta name=\"twitter:data1\" content=\"1 minuto\" \/>\n<script type=\"application\/ld+json\" class=\"yoast-schema-graph\">{\"@context\":\"https:\/\/schema.org\",\"@graph\":[{\"@type\":\"WebSite\",\"@id\":\"https:\/\/nautipescas.pt\/#website\",\"url\":\"https:\/\/nautipescas.pt\/\",\"name\":\"Nautipescas\",\"description\":\"\",\"potentialAction\":[{\"@type\":\"SearchAction\",\"target\":{\"@type\":\"EntryPoint\",\"urlTemplate\":\"https:\/\/nautipescas.pt\/?s={search_term_string}\"},\"query-input\":\"required name=search_term_string\"}],\"inLanguage\":\"es\"},{\"@type\":\"ImageObject\",\"inLanguage\":\"es\",\"@id\":\"https:\/\/nautipescas.pt\/produto\/sonda-hondex-he-775-di-transdutor-td-67-t-1-8kw-50-200khz\/#primaryimage\",\"url\":\"https:\/\/nautipescas.pt\/wp-content\/uploads\/2023\/03\/961-hondex_1529593645.jpeg\",\"contentUrl\":\"https:\/\/nautipescas.pt\/wp-content\/uploads\/2023\/03\/961-hondex_1529593645.jpeg\",\"width\":640,\"height\":640},{\"@type\":\"WebPage\",\"@id\":\"https:\/\/nautipescas.pt\/produto\/sonda-hondex-he-775-di-transdutor-td-67-t-1-8kw-50-200khz\/#webpage\",\"url\":\"https:\/\/nautipescas.pt\/produto\/sonda-hondex-he-775-di-transdutor-td-67-t-1-8kw-50-200khz\/\",\"name\":\"SONDA HONDEX HE 775 DI TRANSDUTOR TD 67 T 1.8KW\/50\/200KHZ - Nautipescas\",\"isPartOf\":{\"@id\":\"https:\/\/nautipescas.pt\/#website\"},\"primaryImageOfPage\":{\"@id\":\"https:\/\/nautipescas.pt\/produto\/sonda-hondex-he-775-di-transdutor-td-67-t-1-8kw-50-200khz\/#primaryimage\"},\"datePublished\":\"2023-03-02T14:39:37+00:00\",\"dateModified\":\"2026-03-23T17:07:46+00:00\",\"breadcrumb\":{\"@id\":\"https:\/\/nautipescas.pt\/produto\/sonda-hondex-he-775-di-transdutor-td-67-t-1-8kw-50-200khz\/#breadcrumb\"},\"inLanguage\":\"es\",\"potentialAction\":[{\"@type\":\"ReadAction\",\"target\":[\"https:\/\/nautipescas.pt\/produto\/sonda-hondex-he-775-di-transdutor-td-67-t-1-8kw-50-200khz\/\"]}]},{\"@type\":\"BreadcrumbList\",\"@id\":\"https:\/\/nautipescas.pt\/produto\/sonda-hondex-he-775-di-transdutor-td-67-t-1-8kw-50-200khz\/#breadcrumb\",\"itemListElement\":[{\"@type\":\"ListItem\",\"position\":1,\"name\":\"In\u00edcio\",\"item\":\"https:\/\/nautipescas.pt\/es\/\"},{\"@type\":\"ListItem\",\"position\":2,\"name\":\"Tienda\",\"item\":\"https:\/\/nautipescas.pt\/es\/tienda-de-pesca-online\/\"},{\"@type\":\"ListItem\",\"position\":3,\"name\":\"SONDA HONDEX HE 775 DI TRANSDUTOR TD 67 T 1.8KW\/50\/200KHZ\"}]}]}<\/script>\n<!-- \/ Yoast SEO plugin. -->","yoast_head_json":{"title":"SONDA HONDEX HE 775 DI TRANSDUTOR TD 67 T 1.8KW\/50\/200KHZ - Nautipescas","robots":{"index":"index","follow":"follow","max-snippet":"max-snippet:-1","max-image-preview":"max-image-preview:large","max-video-preview":"max-video-preview:-1"},"canonical":"https:\/\/nautipescas.pt\/produto\/sonda-hondex-he-775-di-transdutor-td-67-t-1-8kw-50-200khz\/","og_locale":"es_ES","og_type":"article","og_title":"SONDA HONDEX HE 775 DI TRANSDUTOR TD 67 T 1.8KW\/50\/200KHZ - Nautipescas","og_description":"HE-775Di Pot\u00eancia de 1800W , dupla frequ\u00eancia fixa 50\/200KHz com transdutor TD67T bronze nclui Transdutor Ref\u00aa TD67T em bronze para 1,8Kw.Ecr\u00e3 de 10,4&#8243; tipo LCD a cores, 640&#215;480 pixels .Escalas de 0 a 1.000 metros\/bra\u00e7asEscalas em metros, bra\u00e7as e p\u00e9s. Pode tamb\u00e9m ter 3KwAlimenta\u00e7\u00e3o de 11 a 35VDC. Manual POp\u00e7\u00e3o de orienta\u00e7\u00e3o do ecr\u00e3 em &hellip; Read More \"SONDA HONDEX HE 775 DI TRANSDUTOR TD 67 T 1.8KW\/50\/200KHZ\"","og_url":"https:\/\/nautipescas.pt\/produto\/sonda-hondex-he-775-di-transdutor-td-67-t-1-8kw-50-200khz\/","og_site_name":"Nautipescas","article_modified_time":"2026-03-23T17:07:46+00:00","og_image":[{"width":640,"height":640,"url":"https:\/\/nautipescas.pt\/wp-content\/uploads\/2023\/03\/961-hondex_1529593645.jpeg","type":"image\/jpeg"}],"author":"Paulo Chaves","twitter_card":"summary_large_image","twitter_misc":{"Tiempo de lectura":"1 minuto"},"schema":{"@context":"https:\/\/schema.org","@graph":[{"@type":"WebSite","@id":"https:\/\/nautipescas.pt\/#website","url":"https:\/\/nautipescas.pt\/","name":"Nautipescas","description":"","potentialAction":[{"@type":"SearchAction","target":{"@type":"EntryPoint","urlTemplate":"https:\/\/nautipescas.pt\/?s={search_term_string}"},"query-input":"required name=search_term_string"}],"inLanguage":"es"},{"@type":"ImageObject","inLanguage":"es","@id":"https:\/\/nautipescas.pt\/produto\/sonda-hondex-he-775-di-transdutor-td-67-t-1-8kw-50-200khz\/#primaryimage","url":"https:\/\/nautipescas.pt\/wp-content\/uploads\/2023\/03\/961-hondex_1529593645.jpeg","contentUrl":"https:\/\/nautipescas.pt\/wp-content\/uploads\/2023\/03\/961-hondex_1529593645.jpeg","width":640,"height":640},{"@type":"WebPage","@id":"https:\/\/nautipescas.pt\/produto\/sonda-hondex-he-775-di-transdutor-td-67-t-1-8kw-50-200khz\/#webpage","url":"https:\/\/nautipescas.pt\/produto\/sonda-hondex-he-775-di-transdutor-td-67-t-1-8kw-50-200khz\/","name":"SONDA HONDEX HE 775 DI TRANSDUTOR TD 67 T 1.8KW\/50\/200KHZ - Nautipescas","isPartOf":{"@id":"https:\/\/nautipescas.pt\/#website"},"primaryImageOfPage":{"@id":"https:\/\/nautipescas.pt\/produto\/sonda-hondex-he-775-di-transdutor-td-67-t-1-8kw-50-200khz\/#primaryimage"},"datePublished":"2023-03-02T14:39:37+00:00","dateModified":"2026-03-23T17:07:46+00:00","breadcrumb":{"@id":"https:\/\/nautipescas.pt\/produto\/sonda-hondex-he-775-di-transdutor-td-67-t-1-8kw-50-200khz\/#breadcrumb"},"inLanguage":"es","potentialAction":[{"@type":"ReadAction","target":["https:\/\/nautipescas.pt\/produto\/sonda-hondex-he-775-di-transdutor-td-67-t-1-8kw-50-200khz\/"]}]},{"@type":"BreadcrumbList","@id":"https:\/\/nautipescas.pt\/produto\/sonda-hondex-he-775-di-transdutor-td-67-t-1-8kw-50-200khz\/#breadcrumb","itemListElement":[{"@type":"ListItem","position":1,"name":"In\u00edcio","item":"https:\/\/nautipescas.pt\/es\/"},{"@type":"ListItem","position":2,"name":"Tienda","item":"https:\/\/nautipescas.pt\/es\/tienda-de-pesca-online\/"},{"@type":"ListItem","position":3,"name":"SONDA HONDEX HE 775 DI TRANSDUTOR TD 67 T 1.8KW\/50\/200KHZ"}]}]}},"_links":{"self":[{"href":"https:\/\/nautipescas.pt\/es\/wp-json\/wp\/v2\/product\/4246","targetHints":{"allow":["GET"]}}],"collection":[{"href":"https:\/\/nautipescas.pt\/es\/wp-json\/wp\/v2\/product"}],"about":[{"href":"https:\/\/nautipescas.pt\/es\/wp-json\/wp\/v2\/types\/product"}],"wp:featuredmedia":[{"embeddable":true,"href":"https:\/\/nautipescas.pt\/es\/wp-json\/wp\/v2\/media\/4247"}],"wp:attachment":[{"href":"https:\/\/nautipescas.pt\/es\/wp-json\/wp\/v2\/media?parent=4246"}],"wp:term":[{"taxonomy":"product_cat","embeddable":true,"href":"https:\/\/nautipescas.pt\/es\/wp-json\/wp\/v2\/product_cat?post=4246"},{"taxonomy":"product_tag","embeddable":true,"href":"https:\/\/nautipescas.pt\/es\/wp-json\/wp\/v2\/product_tag?post=4246"},{"taxonomy":"marcas","embeddable":true,"href":"https:\/\/nautipescas.pt\/es\/wp-json\/wp\/v2\/marcas?post=4246"}],"curies":[{"name":"wp","href":"https:\/\/api.w.org\/{rel}","templated":true}]}}