{"id":4391,"date":"2023-03-03T12:40:44","date_gmt":"2023-03-03T12:40:44","guid":{"rendered":"https:\/\/nautipescas.pt\/?post_type=product&#038;p=4391"},"modified":"2024-06-14T13:57:37","modified_gmt":"2024-06-14T13:57:37","slug":"carreto-daiwa-black-gold-4000","status":"publish","type":"product","link":"https:\/\/nautipescas.pt\/es\/produto\/carreto-daiwa-black-gold-4000\/","title":{"rendered":"CARRETO DAIWA BLACK GOLD 4000"},"content":{"rendered":"<p>&nbsp;<\/p>\n<div class=\"product-desc\">\n<p>Equipado com uma enorme roda de coroa Digigear e de um corpo em alum\u00ednio, o BG (BLACK GOLD) \u00e9 um carreto robusto talhado para o combate. \u00c9 dotado de um drag ATD de \u00faltima gera\u00e7\u00e3o com anilhas de carbono para dominar os combates com serenidade. O seu rotor em forma de arco (tecnologia Air Rotor) \u00e9 mais aerodin\u00e2mico para uma fluidez de rota\u00e7\u00e3o acrescida. A bobina \u00e9 suportada por um rolamento de esferas favorecendo o controlo da rota\u00e7\u00e3o durante o combate.<\/p>\n<p>Carretos igualmente dispon\u00edveis nos tamanhos 4500, 5000, 6500 e 8000.<\/p>\n<\/div>\n<ul class=\"product-specifications\">\n<li>Drag com tecnologia ATD com discos de carbono<\/li>\n<li>Rolamentos : 6 + 1<\/li>\n<li>Corpo aluminium e Air Rotor em policarbonato<\/li>\n<li>Bobina em alum\u00ednio<\/li>\n<li>Enrolamento por espiras cruzadas<\/li>\n<li>Manivela monobloco alum\u00ednio roscada no corpo<\/li>\n<li>Pick-up de desarme manual<\/li>\n<\/ul>\n<div class=\"embed-video product-video\"><\/div>\n<div class=\"row\">\n<div class=\"col-1_1 lg-1_2 product-technologies\">\n<h4 class=\"title\">Tecnologias<\/h4>\n<div class=\"row xcondensed\">\n<div class=\"col-1_4 sm-1_5 md-1_4 lg-1_3 xl-1_4\"><a class=\"open-techno-modal\" title=\"ATD Drag\" href=\"https:\/\/www.daiwa.pt\/tecnologias\/carretos\/atd-drag?ajax=1\" data-slug=\"atd-drag\"> <img decoding=\"async\" src=\"https:\/\/www.daiwa.pt\/uploads\/2016\/10\/frein-atd_100x60.jpg\" alt=\"\" width=\"100\" height=\"60\" \/> <\/a><\/div>\n<div class=\"col-1_4 sm-1_5 md-1_4 lg-1_3 xl-1_4\"><a class=\"open-techno-modal\" title=\"Air Rotor\" href=\"https:\/\/www.daiwa.pt\/tecnologias\/carretos\/air-rotor-2?ajax=1\" data-slug=\"air-rotor-2\"> <img decoding=\"async\" src=\"https:\/\/www.daiwa.pt\/uploads\/2016\/10\/air-rotor-1_100x60.jpg\" alt=\"\" width=\"100\" height=\"60\" \/> <\/a><\/div>\n<div class=\"col-1_4 sm-1_5 md-1_4 lg-1_3 xl-1_4\"><a class=\"open-techno-modal\" title=\"HardBodyz\" href=\"https:\/\/www.daiwa.pt\/tecnologias\/carretos\/hardbodyz-2?ajax=1\" data-slug=\"hardbodyz-2\"> <img decoding=\"async\" src=\"https:\/\/www.daiwa.pt\/uploads\/2016\/10\/hardbodyz_100x60.jpg\" alt=\"\" width=\"100\" height=\"60\" \/> <\/a><\/div>\n<div class=\"col-1_4 sm-1_5 md-1_4 lg-1_3 xl-1_4\"><a class=\"open-techno-modal\" title=\"Digigear II\" href=\"https:\/\/www.daiwa.pt\/tecnologias\/carretos\/digigear-ii-2?ajax=1\" data-slug=\"digigear-ii-2\"> <img decoding=\"async\" src=\"https:\/\/www.daiwa.pt\/uploads\/2016\/10\/digigear-ii-1_100x60.jpg\" alt=\"\" width=\"100\" height=\"60\" \/> <\/a><\/div>\n<div class=\"col-1_4 sm-1_5 md-1_4 lg-1_3 xl-1_4\"><a class=\"open-techno-modal\" title=\"Cross Wrap\" href=\"https:\/\/www.daiwa.pt\/tecnologias\/carretos\/cross-wrap-2?ajax=1\" data-slug=\"cross-wrap-2\"> <img decoding=\"async\" src=\"https:\/\/www.daiwa.pt\/uploads\/2016\/10\/cross-wrap_100x60.jpg\" alt=\"\" width=\"100\" height=\"60\" \/> <\/a><\/div>\n<div class=\"col-1_4 sm-1_5 md-1_4 lg-1_3 xl-1_4\"><a class=\"open-techno-modal\" title=\"Infinite Anti Reverse\" href=\"https:\/\/www.daiwa.pt\/tecnologias\/carretos\/infinite-anti-reverse-2?ajax=1\" data-slug=\"infinite-anti-reverse-2\"> <img decoding=\"async\" src=\"https:\/\/www.daiwa.pt\/uploads\/2016\/10\/infinite-anti-reverse_100x60.jpg\" alt=\"\" width=\"100\" height=\"60\" \/> <\/a><\/div>\n<div class=\"col-1_4 sm-1_5 md-1_4 lg-1_3 xl-1_4\"><a class=\"open-techno-modal\" title=\"Silent Oscillation\" href=\"https:\/\/www.daiwa.pt\/tecnologias\/carretos\/silent-oscillation-2?ajax=1\" data-slug=\"silent-oscillation-2\"> <img decoding=\"async\" src=\"https:\/\/www.daiwa.pt\/uploads\/2016\/10\/silent-oscillation_100x60.jpg\" alt=\"\" width=\"100\" height=\"60\" \/> <\/a><\/div>\n<div class=\"col-1_4 sm-1_5 md-1_4 lg-1_3 xl-1_4\"><a class=\"open-techno-modal\" title=\"Twist Buster II\" href=\"https:\/\/www.daiwa.pt\/tecnologias\/carretos\/twist-buster-ii-2?ajax=1\" data-slug=\"twist-buster-ii-2\"> <img decoding=\"async\" src=\"https:\/\/www.daiwa.pt\/uploads\/2016\/10\/twist-buster-ii_100x60.jpg\" alt=\"\" width=\"100\" height=\"60\" \/> <\/a><\/div>\n<div class=\"col-1_4 sm-1_5 md-1_4 lg-1_3 xl-1_4\"><a class=\"open-techno-modal\" title=\"ABS II\" href=\"https:\/\/www.daiwa.pt\/tecnologias\/carretos\/abs-ii-2?ajax=1\" data-slug=\"abs-ii-2\"> <img decoding=\"async\" src=\"https:\/\/www.daiwa.pt\/uploads\/2016\/10\/abs-ii_100x60.jpg\" alt=\"\" width=\"100\" height=\"60\" \/> <\/a><\/div>\n<div class=\"col-1_4 sm-1_5 md-1_4 lg-1_3 xl-1_4\"><a class=\"open-techno-modal\" title=\"Double Infinite Anti-Reverse\" href=\"https:\/\/www.daiwa.pt\/tecnologias\/carretos\/double-infinite-anti-reverse-2?ajax=1\" data-slug=\"double-infinite-anti-reverse-2\"> <img decoding=\"async\" src=\"https:\/\/www.daiwa.pt\/uploads\/2016\/10\/double-infinite-anti-reverse_100x60.jpg\" alt=\"\" width=\"100\" height=\"60\" \/> <\/a><\/div>\n<\/div>\n<\/div>\n<div class=\"col-1_1 lg-1_2 product-strengths\">\n<h4 class=\"title\">Pontos fortes<\/h4>\n<ul>\n<li>Drag carbono ATD<\/li>\n<li>Robusto<\/li>\n<li>Roda-de-coroa enorme<\/li>\n<\/ul>\n<\/div>\n<\/div>\n<p>&nbsp;<\/p>\n<p>Drag com tecnologia ATD com discos de carbono<\/p>\n<ul>\n<li>Rolamentos : 6 + 1<\/li>\n<li>Corpo aluminium e Air Rotor em policarbonato<\/li>\n<li>Bobina em alum\u00ednio<\/li>\n<li>Enrolamento por espiras cruzadas<\/li>\n<li>Manivela monobloco alum\u00ednio roscada no corpo<\/li>\n<li>Pick-up de desarme manual<\/li>\n<li>\n<table width=\"399\">\n<tbody>\n<tr>\n<td><strong>BG4000<\/strong><\/td>\n<td>5.7:1<\/td>\n<td>405<\/td>\n<td>6+1<\/td>\n<td>240\/0.32<\/td>\n<td>101<\/td>\n<\/tr>\n<\/tbody>\n<\/table>\n<\/li>\n<\/ul>\n","protected":false},"excerpt":{"rendered":"<p>&nbsp; Equipado com uma enorme roda de coroa Digigear e de um corpo em alum\u00ednio, o BG (BLACK GOLD) \u00e9 um carreto robusto talhado para o combate. \u00c9 dotado de um drag ATD de \u00faltima gera\u00e7\u00e3o com anilhas de carbono para dominar os combates com serenidade. O seu rotor em forma de arco (tecnologia Air &hellip; <\/p>\n<p class=\"more-link-wrap\"><a href=\"https:\/\/nautipescas.pt\/es\/produto\/carreto-daiwa-black-gold-4000\/\" class=\"more-link\"><span>Read More<span class=\"screen-reader-text\"> \u00abCARRETO DAIWA BLACK GOLD 4000\u00bb<\/span><\/span><\/a><\/p>\n","protected":false},"featured_media":4392,"template":"","meta":{"inline_featured_image":false},"product_cat":[195,168,148],"product_tag":[],"marcas":[131],"class_list":["post-4391","product","type-product","status-publish","has-post-thumbnail","hentry","product_cat-carretos","product_cat-carretos-spinning","product_cat-pesca","marcas-daiwa"],"acf":[],"yoast_head":"<!-- This site is optimized with the Yoast SEO plugin v19.2 - https:\/\/yoast.com\/wordpress\/plugins\/seo\/ -->\n<title>CARRETO DAIWA BLACK GOLD 4000 - Nautipescas<\/title>\n<meta name=\"robots\" content=\"index, follow, max-snippet:-1, max-image-preview:large, max-video-preview:-1\" \/>\n<link rel=\"canonical\" href=\"https:\/\/nautipescas.pt\/produto\/carreto-daiwa-black-gold-4000\/\" \/>\n<meta property=\"og:locale\" content=\"es_ES\" \/>\n<meta property=\"og:type\" content=\"article\" \/>\n<meta property=\"og:title\" content=\"CARRETO DAIWA BLACK GOLD 4000 - Nautipescas\" \/>\n<meta property=\"og:description\" content=\"&nbsp; Equipado com uma enorme roda de coroa Digigear e de um corpo em alum\u00ednio, o BG (BLACK GOLD) \u00e9 um carreto robusto talhado para o combate. \u00c9 dotado de um drag ATD de \u00faltima gera\u00e7\u00e3o com anilhas de carbono para dominar os combates com serenidade. O seu rotor em forma de arco (tecnologia Air &hellip; Read More &quot;CARRETO DAIWA BLACK GOLD 4000&quot;\" \/>\n<meta property=\"og:url\" content=\"https:\/\/nautipescas.pt\/produto\/carreto-daiwa-black-gold-4000\/\" \/>\n<meta property=\"og:site_name\" content=\"Nautipescas\" \/>\n<meta property=\"article:modified_time\" content=\"2024-06-14T13:57:37+00:00\" \/>\n<meta property=\"og:image\" content=\"https:\/\/nautipescas.pt\/wp-content\/uploads\/2023\/03\/carrete-daiwa-black-gold-4000.jpg\" \/>\n\t<meta property=\"og:image:width\" content=\"1000\" \/>\n\t<meta property=\"og:image:height\" content=\"1000\" \/>\n\t<meta property=\"og:image:type\" content=\"image\/jpeg\" \/>\n<meta name=\"author\" content=\"Paulo Chaves\" \/>\n<meta name=\"twitter:card\" content=\"summary_large_image\" \/>\n<meta name=\"twitter:label1\" content=\"Tiempo de lectura\" \/>\n\t<meta name=\"twitter:data1\" content=\"3 minutos\" \/>\n<script type=\"application\/ld+json\" class=\"yoast-schema-graph\">{\"@context\":\"https:\/\/schema.org\",\"@graph\":[{\"@type\":\"WebSite\",\"@id\":\"https:\/\/nautipescas.pt\/#website\",\"url\":\"https:\/\/nautipescas.pt\/\",\"name\":\"Nautipescas\",\"description\":\"\",\"potentialAction\":[{\"@type\":\"SearchAction\",\"target\":{\"@type\":\"EntryPoint\",\"urlTemplate\":\"https:\/\/nautipescas.pt\/?s={search_term_string}\"},\"query-input\":\"required name=search_term_string\"}],\"inLanguage\":\"es\"},{\"@type\":\"ImageObject\",\"inLanguage\":\"es\",\"@id\":\"https:\/\/nautipescas.pt\/produto\/carreto-daiwa-black-gold-4000\/#primaryimage\",\"url\":\"https:\/\/nautipescas.pt\/wp-content\/uploads\/2023\/03\/carrete-daiwa-black-gold-4000.jpg\",\"contentUrl\":\"https:\/\/nautipescas.pt\/wp-content\/uploads\/2023\/03\/carrete-daiwa-black-gold-4000.jpg\",\"width\":1000,\"height\":1000},{\"@type\":\"WebPage\",\"@id\":\"https:\/\/nautipescas.pt\/produto\/carreto-daiwa-black-gold-4000\/#webpage\",\"url\":\"https:\/\/nautipescas.pt\/produto\/carreto-daiwa-black-gold-4000\/\",\"name\":\"CARRETO DAIWA BLACK GOLD 4000 - Nautipescas\",\"isPartOf\":{\"@id\":\"https:\/\/nautipescas.pt\/#website\"},\"primaryImageOfPage\":{\"@id\":\"https:\/\/nautipescas.pt\/produto\/carreto-daiwa-black-gold-4000\/#primaryimage\"},\"datePublished\":\"2023-03-03T12:40:44+00:00\",\"dateModified\":\"2024-06-14T13:57:37+00:00\",\"breadcrumb\":{\"@id\":\"https:\/\/nautipescas.pt\/produto\/carreto-daiwa-black-gold-4000\/#breadcrumb\"},\"inLanguage\":\"es\",\"potentialAction\":[{\"@type\":\"ReadAction\",\"target\":[\"https:\/\/nautipescas.pt\/produto\/carreto-daiwa-black-gold-4000\/\"]}]},{\"@type\":\"BreadcrumbList\",\"@id\":\"https:\/\/nautipescas.pt\/produto\/carreto-daiwa-black-gold-4000\/#breadcrumb\",\"itemListElement\":[{\"@type\":\"ListItem\",\"position\":1,\"name\":\"In\u00edcio\",\"item\":\"https:\/\/nautipescas.pt\/es\/\"},{\"@type\":\"ListItem\",\"position\":2,\"name\":\"Tienda\",\"item\":\"https:\/\/nautipescas.pt\/es\/tienda-de-pesca-online\/\"},{\"@type\":\"ListItem\",\"position\":3,\"name\":\"CARRETO DAIWA BLACK GOLD 4000\"}]}]}<\/script>\n<!-- \/ Yoast SEO plugin. -->","yoast_head_json":{"title":"CARRETO DAIWA BLACK GOLD 4000 - Nautipescas","robots":{"index":"index","follow":"follow","max-snippet":"max-snippet:-1","max-image-preview":"max-image-preview:large","max-video-preview":"max-video-preview:-1"},"canonical":"https:\/\/nautipescas.pt\/produto\/carreto-daiwa-black-gold-4000\/","og_locale":"es_ES","og_type":"article","og_title":"CARRETO DAIWA BLACK GOLD 4000 - Nautipescas","og_description":"&nbsp; Equipado com uma enorme roda de coroa Digigear e de um corpo em alum\u00ednio, o BG (BLACK GOLD) \u00e9 um carreto robusto talhado para o combate. \u00c9 dotado de um drag ATD de \u00faltima gera\u00e7\u00e3o com anilhas de carbono para dominar os combates com serenidade. O seu rotor em forma de arco (tecnologia Air &hellip; Read More \"CARRETO DAIWA BLACK GOLD 4000\"","og_url":"https:\/\/nautipescas.pt\/produto\/carreto-daiwa-black-gold-4000\/","og_site_name":"Nautipescas","article_modified_time":"2024-06-14T13:57:37+00:00","og_image":[{"width":1000,"height":1000,"url":"https:\/\/nautipescas.pt\/wp-content\/uploads\/2023\/03\/carrete-daiwa-black-gold-4000.jpg","type":"image\/jpeg"}],"author":"Paulo Chaves","twitter_card":"summary_large_image","twitter_misc":{"Tiempo de lectura":"3 minutos"},"schema":{"@context":"https:\/\/schema.org","@graph":[{"@type":"WebSite","@id":"https:\/\/nautipescas.pt\/#website","url":"https:\/\/nautipescas.pt\/","name":"Nautipescas","description":"","potentialAction":[{"@type":"SearchAction","target":{"@type":"EntryPoint","urlTemplate":"https:\/\/nautipescas.pt\/?s={search_term_string}"},"query-input":"required name=search_term_string"}],"inLanguage":"es"},{"@type":"ImageObject","inLanguage":"es","@id":"https:\/\/nautipescas.pt\/produto\/carreto-daiwa-black-gold-4000\/#primaryimage","url":"https:\/\/nautipescas.pt\/wp-content\/uploads\/2023\/03\/carrete-daiwa-black-gold-4000.jpg","contentUrl":"https:\/\/nautipescas.pt\/wp-content\/uploads\/2023\/03\/carrete-daiwa-black-gold-4000.jpg","width":1000,"height":1000},{"@type":"WebPage","@id":"https:\/\/nautipescas.pt\/produto\/carreto-daiwa-black-gold-4000\/#webpage","url":"https:\/\/nautipescas.pt\/produto\/carreto-daiwa-black-gold-4000\/","name":"CARRETO DAIWA BLACK GOLD 4000 - Nautipescas","isPartOf":{"@id":"https:\/\/nautipescas.pt\/#website"},"primaryImageOfPage":{"@id":"https:\/\/nautipescas.pt\/produto\/carreto-daiwa-black-gold-4000\/#primaryimage"},"datePublished":"2023-03-03T12:40:44+00:00","dateModified":"2024-06-14T13:57:37+00:00","breadcrumb":{"@id":"https:\/\/nautipescas.pt\/produto\/carreto-daiwa-black-gold-4000\/#breadcrumb"},"inLanguage":"es","potentialAction":[{"@type":"ReadAction","target":["https:\/\/nautipescas.pt\/produto\/carreto-daiwa-black-gold-4000\/"]}]},{"@type":"BreadcrumbList","@id":"https:\/\/nautipescas.pt\/produto\/carreto-daiwa-black-gold-4000\/#breadcrumb","itemListElement":[{"@type":"ListItem","position":1,"name":"In\u00edcio","item":"https:\/\/nautipescas.pt\/es\/"},{"@type":"ListItem","position":2,"name":"Tienda","item":"https:\/\/nautipescas.pt\/es\/tienda-de-pesca-online\/"},{"@type":"ListItem","position":3,"name":"CARRETO DAIWA BLACK GOLD 4000"}]}]}},"_links":{"self":[{"href":"https:\/\/nautipescas.pt\/es\/wp-json\/wp\/v2\/product\/4391","targetHints":{"allow":["GET"]}}],"collection":[{"href":"https:\/\/nautipescas.pt\/es\/wp-json\/wp\/v2\/product"}],"about":[{"href":"https:\/\/nautipescas.pt\/es\/wp-json\/wp\/v2\/types\/product"}],"wp:featuredmedia":[{"embeddable":true,"href":"https:\/\/nautipescas.pt\/es\/wp-json\/wp\/v2\/media\/4392"}],"wp:attachment":[{"href":"https:\/\/nautipescas.pt\/es\/wp-json\/wp\/v2\/media?parent=4391"}],"wp:term":[{"taxonomy":"product_cat","embeddable":true,"href":"https:\/\/nautipescas.pt\/es\/wp-json\/wp\/v2\/product_cat?post=4391"},{"taxonomy":"product_tag","embeddable":true,"href":"https:\/\/nautipescas.pt\/es\/wp-json\/wp\/v2\/product_tag?post=4391"},{"taxonomy":"marcas","embeddable":true,"href":"https:\/\/nautipescas.pt\/es\/wp-json\/wp\/v2\/marcas?post=4391"}],"curies":[{"name":"wp","href":"https:\/\/api.w.org\/{rel}","templated":true}]}}