{"id":4491,"date":"2023-03-03T16:27:06","date_gmt":"2023-03-03T16:27:06","guid":{"rendered":"https:\/\/nautipescas.pt\/?post_type=product&#038;p=4491"},"modified":"2023-03-03T16:27:08","modified_gmt":"2023-03-03T16:27:08","slug":"carreto-daiwa-saltist-mq-18000","status":"publish","type":"product","link":"https:\/\/nautipescas.pt\/es\/produto\/carreto-daiwa-saltist-mq-18000\/","title":{"rendered":"CARRETO DAIWA SALTIST MQ 18000"},"content":{"rendered":"<h1>SALTIST MQ 2021<\/h1>\n<h2>Preparado para as pescas ex\u00f3ticas<\/h2>\n<p>New<\/p>\n<p><a href=\"http:\/\/www.facebook.com\/share.php?u=https:\/\/www.daiwa.pt\/produtos\/carretos\/saltist-mq-2021-4\"> Partilhar <\/a><\/p>\n<p><a href=\"mailto:?subject=SALTIST%20MQ%202021%20by%20Daiwa&amp;body=https%3A%2F%2Fwww.daiwa.pt%2Fprodutos%2Fcarretos%2Fsaltist-mq-2021-4\"> Email <\/a><\/p>\n<p><a href=\"https:\/\/www.daiwa.pt\/download\/reels\/SLTMQ8000H\"> Descarregar<br \/>\nla photo HD <\/a><\/p>\n<p>\u00c9 sem d\u00favida a melhor associa\u00e7\u00e3o de tecnologias Daiwa para combater a eros\u00e3o no ambiente marinho! O novo carreto Saltist MQ apresenta um inteiramente novo corpo monobloco em alum\u00ednio Moncoque (MQ) e rolamentos MagSealed. O corpo monobloco (MQ) de uma pe\u00e7a aloja uma Tough Digigear de maior di\u00e2metro, transferindo toda a pot\u00eancia fornecida pela manivela para sua linha. O bra\u00e7o do pick-up Air Bail tubular oco melhora a bobinagem da linha na bobina para um desempenho incompar\u00e1vel, mesmo com os multifilamentos mais leves em condi\u00e7\u00f5es ventosas. Se procura um novo carreto poderoso e resistente para a pesca no mara, n\u00e3o procure mais, o novo Saltist MQ .<\/p>\n<p><a href=\"https:\/\/www.daiwa.pt\/produtos\/carretos\/saltist-mq-2021-3\">Carreto igualmente dispon\u00edvel nos tamanhos 3000, 4000, 5000 e 6000.<\/a><\/p>\n<p>&nbsp;<\/p>\n<ul>\n<li>Drag com tecnologia ATD com discos de carbono<\/li>\n<li>Rolamentos : 6 + 1<\/li>\n<li>Corpo Monocoque em alum\u00ednio e \u00abAir Rotor\u00bb em ZAION<\/li>\n<li>Bobina LC-ABS (Long Cast)<\/li>\n<li>Enrolamento por espiras cruzadas<\/li>\n<li>Manivela em alum\u00ednio monoblocoo roscada no corpo<\/li>\n<li>\n<table class=\"table bordered js-pswp-gallery\">\n<thead>\n<tr>\n<th>Refer\u00eancia<\/th>\n<th>Pega<\/th>\n<th>R\u00e1cio (\/1)<\/th>\n<th>VMV<\/th>\n<th>Peso<\/th>\n<th>Capacidade<\/th>\n<th>Multifilamento<\/th>\n<th>Drag<\/th>\n<th>Pre\u00e7o p\u00fablico recomendado<\/th>\n<th><\/th>\n<\/tr>\n<\/thead>\n<tbody>\n<tr>\n<td><span class=\"new\">N<\/span><\/td>\n<td>\n<figure>SLTMQ8000H<\/figure>\n<\/td>\n<td>Redonda<\/td>\n<td>5,7<\/td>\n<td>110cm<\/td>\n<td>620g<\/td>\n<td>300m\/0,33mm<\/td>\n<td>300m\/0,28mm<\/td>\n<td>15kg<\/td>\n<td><\/td>\n<td><\/td>\n<\/tr>\n<tr>\n<td><span class=\"new\">N<\/span><\/td>\n<td>SLTMQ10000H<\/td>\n<td>Redonda<\/td>\n<td>5,7<\/td>\n<td>121cm<\/td>\n<td>635g<\/td>\n<td>300m\/0,37mm<\/td>\n<td>300m\/0,33mm<\/td>\n<td>15kg<\/td>\n<td><\/td>\n<td><\/td>\n<\/tr>\n<tr>\n<td><span class=\"new\">N<\/span><\/td>\n<td>SLTMQ14000H<\/td>\n<td>Redonda<\/td>\n<td>5,7<\/td>\n<td>122cm<\/td>\n<td>630g<\/td>\n<td>300m\/0,40mm<\/td>\n<td>300m\/0,35mm<\/td>\n<td>15kg<\/td>\n<td><\/td>\n<td><\/td>\n<\/tr>\n<tr>\n<td><span class=\"new\">N<\/span><\/td>\n<td>SLTMQ18000<\/td>\n<td>Redonda<\/td>\n<td>5,3<\/td>\n<td>125cm<\/td>\n<td>835g<\/td>\n<td>300m\/0,47mm<\/td>\n<td>300m\/0,42mm<\/td>\n<td>20kg<\/td>\n<td><\/td>\n<td><\/td>\n<\/tr>\n<tr>\n<td><span class=\"new\">N<\/span><\/td>\n<td>SLTMQ20000<\/td>\n<td>Redonda<\/td>\n<td>5,3<\/td>\n<td>134cm<\/td>\n<td>840g<\/td>\n<td>300m\/0,52mm<\/td>\n<td>300m\/0,51mm<\/td>\n<td>20kg<\/td>\n<td><\/td>\n<td><\/td>\n<\/tr>\n<\/tbody>\n<\/table>\n<\/li>\n<\/ul>\n","protected":false},"excerpt":{"rendered":"<p>SALTIST MQ 2021 Preparado para as pescas ex\u00f3ticas New Partilhar Email Descarregar la photo HD \u00c9 sem d\u00favida a melhor associa\u00e7\u00e3o de tecnologias Daiwa para combater a eros\u00e3o no ambiente marinho! O novo carreto Saltist MQ apresenta um inteiramente novo corpo monobloco em alum\u00ednio Moncoque (MQ) e rolamentos MagSealed. O corpo monobloco (MQ) de uma &hellip; <\/p>\n<p class=\"more-link-wrap\"><a href=\"https:\/\/nautipescas.pt\/es\/produto\/carreto-daiwa-saltist-mq-18000\/\" class=\"more-link\"><span>Read More<span class=\"screen-reader-text\"> \u00abCARRETO DAIWA SALTIST MQ 18000\u00bb<\/span><\/span><\/a><\/p>\n","protected":false},"featured_media":4492,"template":"","meta":{"inline_featured_image":false},"product_cat":[195,168,148],"product_tag":[],"marcas":[131],"class_list":["post-4491","product","type-product","status-publish","has-post-thumbnail","hentry","product_cat-carretos","product_cat-carretos-spinning","product_cat-pesca","marcas-daiwa"],"acf":[],"yoast_head":"<!-- This site is optimized with the Yoast SEO plugin v19.2 - https:\/\/yoast.com\/wordpress\/plugins\/seo\/ -->\n<title>CARRETO DAIWA SALTIST MQ 18000 - Nautipescas<\/title>\n<meta name=\"robots\" content=\"index, follow, max-snippet:-1, max-image-preview:large, max-video-preview:-1\" \/>\n<link rel=\"canonical\" href=\"https:\/\/nautipescas.pt\/produto\/carreto-daiwa-saltist-mq-18000\/\" \/>\n<meta property=\"og:locale\" content=\"es_ES\" \/>\n<meta property=\"og:type\" content=\"article\" \/>\n<meta property=\"og:title\" content=\"CARRETO DAIWA SALTIST MQ 18000 - Nautipescas\" \/>\n<meta property=\"og:description\" content=\"SALTIST MQ 2021 Preparado para as pescas ex\u00f3ticas New Partilhar Email Descarregar la photo HD \u00c9 sem d\u00favida a melhor associa\u00e7\u00e3o de tecnologias Daiwa para combater a eros\u00e3o no ambiente marinho! O novo carreto Saltist MQ apresenta um inteiramente novo corpo monobloco em alum\u00ednio Moncoque (MQ) e rolamentos MagSealed. O corpo monobloco (MQ) de uma &hellip; Read More &quot;CARRETO DAIWA SALTIST MQ 18000&quot;\" \/>\n<meta property=\"og:url\" content=\"https:\/\/nautipescas.pt\/produto\/carreto-daiwa-saltist-mq-18000\/\" \/>\n<meta property=\"og:site_name\" content=\"Nautipescas\" \/>\n<meta property=\"article:modified_time\" content=\"2023-03-03T16:27:08+00:00\" \/>\n<meta property=\"og:image\" content=\"https:\/\/nautipescas.pt\/wp-content\/uploads\/2023\/03\/carreto-daiwa-saltist-mq-18000.jpg\" \/>\n\t<meta property=\"og:image:width\" content=\"1000\" \/>\n\t<meta property=\"og:image:height\" content=\"1000\" \/>\n\t<meta property=\"og:image:type\" content=\"image\/jpeg\" \/>\n<meta name=\"author\" content=\"Paulo Chaves\" \/>\n<meta name=\"twitter:card\" content=\"summary_large_image\" \/>\n<meta name=\"twitter:label1\" content=\"Tiempo de lectura\" \/>\n\t<meta name=\"twitter:data1\" content=\"2 minutos\" \/>\n<script type=\"application\/ld+json\" class=\"yoast-schema-graph\">{\"@context\":\"https:\/\/schema.org\",\"@graph\":[{\"@type\":\"WebSite\",\"@id\":\"https:\/\/nautipescas.pt\/#website\",\"url\":\"https:\/\/nautipescas.pt\/\",\"name\":\"Nautipescas\",\"description\":\"\",\"potentialAction\":[{\"@type\":\"SearchAction\",\"target\":{\"@type\":\"EntryPoint\",\"urlTemplate\":\"https:\/\/nautipescas.pt\/?s={search_term_string}\"},\"query-input\":\"required name=search_term_string\"}],\"inLanguage\":\"es\"},{\"@type\":\"ImageObject\",\"inLanguage\":\"es\",\"@id\":\"https:\/\/nautipescas.pt\/produto\/carreto-daiwa-saltist-mq-18000\/#primaryimage\",\"url\":\"https:\/\/nautipescas.pt\/wp-content\/uploads\/2023\/03\/carreto-daiwa-saltist-mq-18000.jpg\",\"contentUrl\":\"https:\/\/nautipescas.pt\/wp-content\/uploads\/2023\/03\/carreto-daiwa-saltist-mq-18000.jpg\",\"width\":1000,\"height\":1000},{\"@type\":\"WebPage\",\"@id\":\"https:\/\/nautipescas.pt\/produto\/carreto-daiwa-saltist-mq-18000\/#webpage\",\"url\":\"https:\/\/nautipescas.pt\/produto\/carreto-daiwa-saltist-mq-18000\/\",\"name\":\"CARRETO DAIWA SALTIST MQ 18000 - Nautipescas\",\"isPartOf\":{\"@id\":\"https:\/\/nautipescas.pt\/#website\"},\"primaryImageOfPage\":{\"@id\":\"https:\/\/nautipescas.pt\/produto\/carreto-daiwa-saltist-mq-18000\/#primaryimage\"},\"datePublished\":\"2023-03-03T16:27:06+00:00\",\"dateModified\":\"2023-03-03T16:27:08+00:00\",\"breadcrumb\":{\"@id\":\"https:\/\/nautipescas.pt\/produto\/carreto-daiwa-saltist-mq-18000\/#breadcrumb\"},\"inLanguage\":\"es\",\"potentialAction\":[{\"@type\":\"ReadAction\",\"target\":[\"https:\/\/nautipescas.pt\/produto\/carreto-daiwa-saltist-mq-18000\/\"]}]},{\"@type\":\"BreadcrumbList\",\"@id\":\"https:\/\/nautipescas.pt\/produto\/carreto-daiwa-saltist-mq-18000\/#breadcrumb\",\"itemListElement\":[{\"@type\":\"ListItem\",\"position\":1,\"name\":\"In\u00edcio\",\"item\":\"https:\/\/nautipescas.pt\/es\/\"},{\"@type\":\"ListItem\",\"position\":2,\"name\":\"Tienda\",\"item\":\"https:\/\/nautipescas.pt\/es\/tienda-de-pesca-online\/\"},{\"@type\":\"ListItem\",\"position\":3,\"name\":\"CARRETO DAIWA SALTIST MQ 18000\"}]}]}<\/script>\n<!-- \/ Yoast SEO plugin. -->","yoast_head_json":{"title":"CARRETO DAIWA SALTIST MQ 18000 - Nautipescas","robots":{"index":"index","follow":"follow","max-snippet":"max-snippet:-1","max-image-preview":"max-image-preview:large","max-video-preview":"max-video-preview:-1"},"canonical":"https:\/\/nautipescas.pt\/produto\/carreto-daiwa-saltist-mq-18000\/","og_locale":"es_ES","og_type":"article","og_title":"CARRETO DAIWA SALTIST MQ 18000 - Nautipescas","og_description":"SALTIST MQ 2021 Preparado para as pescas ex\u00f3ticas New Partilhar Email Descarregar la photo HD \u00c9 sem d\u00favida a melhor associa\u00e7\u00e3o de tecnologias Daiwa para combater a eros\u00e3o no ambiente marinho! O novo carreto Saltist MQ apresenta um inteiramente novo corpo monobloco em alum\u00ednio Moncoque (MQ) e rolamentos MagSealed. O corpo monobloco (MQ) de uma &hellip; Read More \"CARRETO DAIWA SALTIST MQ 18000\"","og_url":"https:\/\/nautipescas.pt\/produto\/carreto-daiwa-saltist-mq-18000\/","og_site_name":"Nautipescas","article_modified_time":"2023-03-03T16:27:08+00:00","og_image":[{"width":1000,"height":1000,"url":"https:\/\/nautipescas.pt\/wp-content\/uploads\/2023\/03\/carreto-daiwa-saltist-mq-18000.jpg","type":"image\/jpeg"}],"author":"Paulo Chaves","twitter_card":"summary_large_image","twitter_misc":{"Tiempo de lectura":"2 minutos"},"schema":{"@context":"https:\/\/schema.org","@graph":[{"@type":"WebSite","@id":"https:\/\/nautipescas.pt\/#website","url":"https:\/\/nautipescas.pt\/","name":"Nautipescas","description":"","potentialAction":[{"@type":"SearchAction","target":{"@type":"EntryPoint","urlTemplate":"https:\/\/nautipescas.pt\/?s={search_term_string}"},"query-input":"required name=search_term_string"}],"inLanguage":"es"},{"@type":"ImageObject","inLanguage":"es","@id":"https:\/\/nautipescas.pt\/produto\/carreto-daiwa-saltist-mq-18000\/#primaryimage","url":"https:\/\/nautipescas.pt\/wp-content\/uploads\/2023\/03\/carreto-daiwa-saltist-mq-18000.jpg","contentUrl":"https:\/\/nautipescas.pt\/wp-content\/uploads\/2023\/03\/carreto-daiwa-saltist-mq-18000.jpg","width":1000,"height":1000},{"@type":"WebPage","@id":"https:\/\/nautipescas.pt\/produto\/carreto-daiwa-saltist-mq-18000\/#webpage","url":"https:\/\/nautipescas.pt\/produto\/carreto-daiwa-saltist-mq-18000\/","name":"CARRETO DAIWA SALTIST MQ 18000 - Nautipescas","isPartOf":{"@id":"https:\/\/nautipescas.pt\/#website"},"primaryImageOfPage":{"@id":"https:\/\/nautipescas.pt\/produto\/carreto-daiwa-saltist-mq-18000\/#primaryimage"},"datePublished":"2023-03-03T16:27:06+00:00","dateModified":"2023-03-03T16:27:08+00:00","breadcrumb":{"@id":"https:\/\/nautipescas.pt\/produto\/carreto-daiwa-saltist-mq-18000\/#breadcrumb"},"inLanguage":"es","potentialAction":[{"@type":"ReadAction","target":["https:\/\/nautipescas.pt\/produto\/carreto-daiwa-saltist-mq-18000\/"]}]},{"@type":"BreadcrumbList","@id":"https:\/\/nautipescas.pt\/produto\/carreto-daiwa-saltist-mq-18000\/#breadcrumb","itemListElement":[{"@type":"ListItem","position":1,"name":"In\u00edcio","item":"https:\/\/nautipescas.pt\/es\/"},{"@type":"ListItem","position":2,"name":"Tienda","item":"https:\/\/nautipescas.pt\/es\/tienda-de-pesca-online\/"},{"@type":"ListItem","position":3,"name":"CARRETO DAIWA SALTIST MQ 18000"}]}]}},"_links":{"self":[{"href":"https:\/\/nautipescas.pt\/es\/wp-json\/wp\/v2\/product\/4491","targetHints":{"allow":["GET"]}}],"collection":[{"href":"https:\/\/nautipescas.pt\/es\/wp-json\/wp\/v2\/product"}],"about":[{"href":"https:\/\/nautipescas.pt\/es\/wp-json\/wp\/v2\/types\/product"}],"wp:featuredmedia":[{"embeddable":true,"href":"https:\/\/nautipescas.pt\/es\/wp-json\/wp\/v2\/media\/4492"}],"wp:attachment":[{"href":"https:\/\/nautipescas.pt\/es\/wp-json\/wp\/v2\/media?parent=4491"}],"wp:term":[{"taxonomy":"product_cat","embeddable":true,"href":"https:\/\/nautipescas.pt\/es\/wp-json\/wp\/v2\/product_cat?post=4491"},{"taxonomy":"product_tag","embeddable":true,"href":"https:\/\/nautipescas.pt\/es\/wp-json\/wp\/v2\/product_tag?post=4491"},{"taxonomy":"marcas","embeddable":true,"href":"https:\/\/nautipescas.pt\/es\/wp-json\/wp\/v2\/marcas?post=4491"}],"curies":[{"name":"wp","href":"https:\/\/api.w.org\/{rel}","templated":true}]}}