{"id":4576,"date":"2023-03-04T10:25:54","date_gmt":"2023-03-04T10:25:54","guid":{"rendered":"https:\/\/nautipescas.pt\/?post_type=product&#038;p=4576"},"modified":"2025-10-16T16:56:57","modified_gmt":"2025-10-16T16:56:57","slug":"carreto-vega-power-force-s60","status":"publish","type":"product","link":"https:\/\/nautipescas.pt\/es\/produto\/carreto-vega-power-force-s60\/","title":{"rendered":"CARRETO VEGA POWER FORCE S60"},"content":{"rendered":"<div class=\"product_header_container clearfix\">\n<h1 class=\"h1 page-title\">Carreto Vega Power Force S60<\/h1>\n<div class=\"product-manufacturer mb-3\"><\/div>\n<p><label class=\"label\">Marca:<\/label> <a href=\"https:\/\/zimbromotor.pt\/brand\/79-vega\">Vega<\/a><\/div>\n<div class=\"product-information\">\n<div id=\"product-description-short-904\" class=\"rte-content product-description\">\n<p>Com uma est\u00e9tica cuidada e muito apelativa os POWER FORCE S40 e S60 s\u00e3o carretos de entrada de gama m\u00e9dia, oferecendo presta\u00e7\u00f5es e caracter\u00edsticas de gama superior. A fluidez e precis\u00e3o da mec\u00e2nica apoiada em 7 rolamentos de esferas e pormenores como a pega da manivela sobredimensionada ou os \u201cside plates\u201d em alum\u00ednio destacam-nos da concorr\u00eancia na sua gama de pre\u00e7os.<\/p>\n<h4 class=\"section-title\">Detalhes do produto<\/h4>\n<div class=\"section-content\">\n<div id=\"product-details\" class=\"clearfix\" data-product=\"{&quot;id_shop_default&quot;:&quot;1&quot;,&quot;id_manufacturer&quot;:&quot;79&quot;,&quot;id_supplier&quot;:&quot;0&quot;,&quot;reference&quot;:&quot;&quot;,&quot;is_virtual&quot;:&quot;0&quot;,&quot;delivery_in_stock&quot;:&quot;&quot;,&quot;delivery_out_stock&quot;:&quot;&quot;,&quot;id_category_default&quot;:&quot;10&quot;,&quot;on_sale&quot;:&quot;0&quot;,&quot;online_only&quot;:&quot;0&quot;,&quot;ecotax&quot;:0,&quot;minimal_quantity&quot;:&quot;1&quot;,&quot;low_stock_threshold&quot;:null,&quot;low_stock_alert&quot;:&quot;0&quot;,&quot;price&quot;:&quot;38,90\\u00a0\\u20ac&quot;,&quot;unity&quot;:&quot;&quot;,&quot;unit_price_ratio&quot;:&quot;0.000000&quot;,&quot;additional_shipping_cost&quot;:&quot;0.000000&quot;,&quot;customizable&quot;:&quot;0&quot;,&quot;text_fields&quot;:&quot;0&quot;,&quot;uploadable_files&quot;:&quot;0&quot;,&quot;redirect_type&quot;:&quot;301-category&quot;,&quot;id_type_redirected&quot;:&quot;0&quot;,&quot;available_for_order&quot;:&quot;1&quot;,&quot;available_date&quot;:&quot;0000-00-00&quot;,&quot;show_condition&quot;:&quot;0&quot;,&quot;condition&quot;:&quot;new&quot;,&quot;show_price&quot;:&quot;1&quot;,&quot;indexed&quot;:&quot;1&quot;,&quot;visibility&quot;:&quot;both&quot;,&quot;cache_default_attribute&quot;:&quot;0&quot;,&quot;advanced_stock_management&quot;:&quot;0&quot;,&quot;date_add&quot;:&quot;2021-10-01 16:08:58&quot;,&quot;date_upd&quot;:&quot;2022-03-19 16:06:28&quot;,&quot;pack_stock_type&quot;:&quot;3&quot;,&quot;meta_description&quot;:&quot;Com uma est\\u00e9tica cuidada e muito apelativa os POWER FORCE S40 e S60 s\\u00e3o carretos de entrada de gama m\\u00e9dia, oferecendo presta\\u00e7\\u00f5es e caracter\\u00edsticas de gama su...&quot;,&quot;meta_keywords&quot;:&quot;Carretos Vega Carreto Vega Power Force S60&quot;,&quot;meta_title&quot;:&quot;Carreto Vega Power Force S60&quot;,&quot;link_rewrite&quot;:&quot;carretos-vega-carreto-vega-power-force-s60&quot;,&quot;name&quot;:&quot;Carreto Vega Power Force S60&quot;,&quot;description&quot;:&quot;&quot;,&quot;description_short&quot;:&quot;&lt;p&gt;Com uma est\\u00e9tica cuidada e muito apelativa os POWER FORCE S40 e S60 s\\u00e3o carretos de entrada de gama m\\u00e9dia, oferecendo presta\\u00e7\\u00f5es e caracter\\u00edsticas de gama superior. A fluidez e precis\\u00e3o da mec\\u00e2nica apoiada em 7 rolamentos de esferas e pormenores como a pega da manivela sobredimensionada ou os \\u201cside plates\\u201d em alum\\u00ednio destacam-nos da concorr\\u00eancia na sua gama de pre\\u00e7os.&lt;\\\/p&gt;&quot;,&quot;available_now&quot;:&quot;&quot;,&quot;available_later&quot;:&quot;&quot;,&quot;id&quot;:904,&quot;id_product&quot;:904,&quot;out_of_stock&quot;:2,&quot;new&quot;:0,&quot;id_product_attribute&quot;:&quot;0&quot;,&quot;quantity_wanted&quot;:1,&quot;extraContent&quot;:[],&quot;allow_oosp&quot;:true,&quot;category&quot;:&quot;carretos-pesca&quot;,&quot;category_name&quot;:&quot;Carretos&quot;,&quot;link&quot;:&quot;https:\\\/\\\/zimbromotor.pt\\\/carretos-pesca\\\/904-carretos-vega-carreto-vega-power-force-s60.html&quot;,&quot;attribute_price&quot;:0,&quot;price_tax_exc&quot;:31.626016,&quot;price_without_reduction&quot;:38.9,&quot;reduction&quot;:0,&quot;specific_prices&quot;:[],&quot;quantity&quot;:4,&quot;quantity_all_versions&quot;:4,&quot;id_image&quot;:&quot;pt-default&quot;,&quot;features&quot;:[{&quot;name&quot;:&quot;Ratio&quot;,&quot;value&quot;:&quot;4.7:1&quot;,&quot;id_feature&quot;:&quot;3&quot;,&quot;position&quot;:&quot;0&quot;},{&quot;name&quot;:&quot;Peso&quot;,&quot;value&quot;:&quot;400g&quot;,&quot;id_feature&quot;:&quot;4&quot;,&quot;position&quot;:&quot;1&quot;},{&quot;name&quot;:&quot;Capacidade&quot;,&quot;value&quot;:&quot;0.35mm\\\/270m&quot;,&quot;id_feature&quot;:&quot;5&quot;,&quot;position&quot;:&quot;2&quot;},{&quot;name&quot;:&quot;Drag&quot;,&quot;value&quot;:&quot;9kg&quot;,&quot;id_feature&quot;:&quot;6&quot;,&quot;position&quot;:&quot;3&quot;},{&quot;name&quot;:&quot;Rolamentos&quot;,&quot;value&quot;:&quot;7&quot;,&quot;id_feature&quot;:&quot;7&quot;,&quot;position&quot;:&quot;4&quot;},{&quot;name&quot;:&quot;Material&quot;,&quot;value&quot;:&quot;Alum\\u00ednio&quot;,&quot;id_feature&quot;:&quot;8&quot;,&quot;position&quot;:&quot;5&quot;},{&quot;name&quot;:&quot;Bobine&quot;,&quot;value&quot;:&quot;2&quot;,&quot;id_feature&quot;:&quot;9&quot;,&quot;position&quot;:&quot;6&quot;},{&quot;name&quot;:&quot;Recupera\\u00e7\\u00e3o&quot;,&quot;value&quot;:&quot;84cm\\\/volta&quot;,&quot;id_feature&quot;:&quot;10&quot;,&quot;position&quot;:&quot;7&quot;}],&quot;attachments&quot;:[],&quot;virtual&quot;:0,&quot;pack&quot;:0,&quot;packItems&quot;:[],&quot;nopackprice&quot;:0,&quot;customization_required&quot;:false,&quot;rate&quot;:23,&quot;tax_name&quot;:&quot;IVA PT 23%&quot;,&quot;ecotax_rate&quot;:0,&quot;unit_price&quot;:&quot;&quot;,&quot;customizations&quot;:{&quot;fields&quot;:[]},&quot;id_customization&quot;:0,&quot;is_customizable&quot;:false,&quot;show_quantities&quot;:false,&quot;quantity_label&quot;:&quot;Produtos&quot;,&quot;quantity_discounts&quot;:[],&quot;customer_group_discount&quot;:0,&quot;images&quot;:[{&quot;bySize&quot;:{&quot;small_default&quot;:{&quot;url&quot;:&quot;https:\\\/\\\/zimbromotor.pt\\\/1307-small_default\\\/carretos-vega-carreto-vega-power-force-s60.jpg&quot;,&quot;width&quot;:98,&quot;height&quot;:127},&quot;cart_default&quot;:{&quot;url&quot;:&quot;https:\\\/\\\/zimbromotor.pt\\\/1307-cart_default\\\/carretos-vega-carreto-vega-power-force-s60.jpg&quot;,&quot;width&quot;:125,&quot;height&quot;:162},&quot;home_default&quot;:{&quot;url&quot;:&quot;https:\\\/\\\/zimbromotor.pt\\\/1307-home_default\\\/carretos-vega-carreto-vega-power-force-s60.jpg&quot;,&quot;width&quot;:236,&quot;height&quot;:305},&quot;large_default&quot;:{&quot;url&quot;:&quot;https:\\\/\\\/zimbromotor.pt\\\/1307-large_default\\\/carretos-vega-carreto-vega-power-force-s60.jpg&quot;,&quot;width&quot;:381,&quot;height&quot;:492},&quot;medium_default&quot;:{&quot;url&quot;:&quot;https:\\\/\\\/zimbromotor.pt\\\/1307-medium_default\\\/carretos-vega-carreto-vega-power-force-s60.jpg&quot;,&quot;width&quot;:452,&quot;height&quot;:584},&quot;thickbox_default&quot;:{&quot;url&quot;:&quot;https:\\\/\\\/zimbromotor.pt\\\/1307-thickbox_default\\\/carretos-vega-carreto-vega-power-force-s60.jpg&quot;,&quot;width&quot;:1100,&quot;height&quot;:1422}},&quot;small&quot;:{&quot;url&quot;:&quot;https:\\\/\\\/zimbromotor.pt\\\/1307-small_default\\\/carretos-vega-carreto-vega-power-force-s60.jpg&quot;,&quot;width&quot;:98,&quot;height&quot;:127},&quot;medium&quot;:{&quot;url&quot;:&quot;https:\\\/\\\/zimbromotor.pt\\\/1307-large_default\\\/carretos-vega-carreto-vega-power-force-s60.jpg&quot;,&quot;width&quot;:381,&quot;height&quot;:492},&quot;large&quot;:{&quot;url&quot;:&quot;https:\\\/\\\/zimbromotor.pt\\\/1307-thickbox_default\\\/carretos-vega-carreto-vega-power-force-s60.jpg&quot;,&quot;width&quot;:1100,&quot;height&quot;:1422},&quot;legend&quot;:&quot;&quot;,&quot;id_image&quot;:&quot;1307&quot;,&quot;cover&quot;:&quot;1&quot;,&quot;position&quot;:&quot;1&quot;,&quot;associatedVariants&quot;:[]},{&quot;bySize&quot;:{&quot;small_default&quot;:{&quot;url&quot;:&quot;https:\\\/\\\/zimbromotor.pt\\\/1308-small_default\\\/carretos-vega-carreto-vega-power-force-s60.jpg&quot;,&quot;width&quot;:98,&quot;height&quot;:127},&quot;cart_default&quot;:{&quot;url&quot;:&quot;https:\\\/\\\/zimbromotor.pt\\\/1308-cart_default\\\/carretos-vega-carreto-vega-power-force-s60.jpg&quot;,&quot;width&quot;:125,&quot;height&quot;:162},&quot;home_default&quot;:{&quot;url&quot;:&quot;https:\\\/\\\/zimbromotor.pt\\\/1308-home_default\\\/carretos-vega-carreto-vega-power-force-s60.jpg&quot;,&quot;width&quot;:236,&quot;height&quot;:305},&quot;large_default&quot;:{&quot;url&quot;:&quot;https:\\\/\\\/zimbromotor.pt\\\/1308-large_default\\\/carretos-vega-carreto-vega-power-force-s60.jpg&quot;,&quot;width&quot;:381,&quot;height&quot;:492},&quot;medium_default&quot;:{&quot;url&quot;:&quot;https:\\\/\\\/zimbromotor.pt\\\/1308-medium_default\\\/carretos-vega-carreto-vega-power-force-s60.jpg&quot;,&quot;width&quot;:452,&quot;height&quot;:584},&quot;thickbox_default&quot;:{&quot;url&quot;:&quot;https:\\\/\\\/zimbromotor.pt\\\/1308-thickbox_default\\\/carretos-vega-carreto-vega-power-force-s60.jpg&quot;,&quot;width&quot;:1100,&quot;height&quot;:1422}},&quot;small&quot;:{&quot;url&quot;:&quot;https:\\\/\\\/zimbromotor.pt\\\/1308-small_default\\\/carretos-vega-carreto-vega-power-force-s60.jpg&quot;,&quot;width&quot;:98,&quot;height&quot;:127},&quot;medium&quot;:{&quot;url&quot;:&quot;https:\\\/\\\/zimbromotor.pt\\\/1308-large_default\\\/carretos-vega-carreto-vega-power-force-s60.jpg&quot;,&quot;width&quot;:381,&quot;height&quot;:492},&quot;large&quot;:{&quot;url&quot;:&quot;https:\\\/\\\/zimbromotor.pt\\\/1308-thickbox_default\\\/carretos-vega-carreto-vega-power-force-s60.jpg&quot;,&quot;width&quot;:1100,&quot;height&quot;:1422},&quot;legend&quot;:&quot;&quot;,&quot;id_image&quot;:&quot;1308&quot;,&quot;cover&quot;:null,&quot;position&quot;:&quot;2&quot;,&quot;associatedVariants&quot;:[]}],&quot;cover&quot;:{&quot;bySize&quot;:{&quot;small_default&quot;:{&quot;url&quot;:&quot;https:\\\/\\\/zimbromotor.pt\\\/1307-small_default\\\/carretos-vega-carreto-vega-power-force-s60.jpg&quot;,&quot;width&quot;:98,&quot;height&quot;:127},&quot;cart_default&quot;:{&quot;url&quot;:&quot;https:\\\/\\\/zimbromotor.pt\\\/1307-cart_default\\\/carretos-vega-carreto-vega-power-force-s60.jpg&quot;,&quot;width&quot;:125,&quot;height&quot;:162},&quot;home_default&quot;:{&quot;url&quot;:&quot;https:\\\/\\\/zimbromotor.pt\\\/1307-home_default\\\/carretos-vega-carreto-vega-power-force-s60.jpg&quot;,&quot;width&quot;:236,&quot;height&quot;:305},&quot;large_default&quot;:{&quot;url&quot;:&quot;https:\\\/\\\/zimbromotor.pt\\\/1307-large_default\\\/carretos-vega-carreto-vega-power-force-s60.jpg&quot;,&quot;width&quot;:381,&quot;height&quot;:492},&quot;medium_default&quot;:{&quot;url&quot;:&quot;https:\\\/\\\/zimbromotor.pt\\\/1307-medium_default\\\/carretos-vega-carreto-vega-power-force-s60.jpg&quot;,&quot;width&quot;:452,&quot;height&quot;:584},&quot;thickbox_default&quot;:{&quot;url&quot;:&quot;https:\\\/\\\/zimbromotor.pt\\\/1307-thickbox_default\\\/carretos-vega-carreto-vega-power-force-s60.jpg&quot;,&quot;width&quot;:1100,&quot;height&quot;:1422}},&quot;small&quot;:{&quot;url&quot;:&quot;https:\\\/\\\/zimbromotor.pt\\\/1307-small_default\\\/carretos-vega-carreto-vega-power-force-s60.jpg&quot;,&quot;width&quot;:98,&quot;height&quot;:127},&quot;medium&quot;:{&quot;url&quot;:&quot;https:\\\/\\\/zimbromotor.pt\\\/1307-large_default\\\/carretos-vega-carreto-vega-power-force-s60.jpg&quot;,&quot;width&quot;:381,&quot;height&quot;:492},&quot;large&quot;:{&quot;url&quot;:&quot;https:\\\/\\\/zimbromotor.pt\\\/1307-thickbox_default\\\/carretos-vega-carreto-vega-power-force-s60.jpg&quot;,&quot;width&quot;:1100,&quot;height&quot;:1422},&quot;legend&quot;:&quot;&quot;,&quot;id_image&quot;:&quot;1307&quot;,&quot;cover&quot;:&quot;1&quot;,&quot;position&quot;:&quot;1&quot;,&quot;associatedVariants&quot;:[]},&quot;has_discount&quot;:false,&quot;discount_type&quot;:null,&quot;discount_percentage&quot;:null,&quot;discount_percentage_absolute&quot;:null,&quot;discount_amount&quot;:null,&quot;discount_amount_to_display&quot;:null,&quot;price_amount&quot;:38.9,&quot;unit_price_full&quot;:&quot;&quot;,&quot;show_availability&quot;:false,&quot;availability_message&quot;:null,&quot;availability_date&quot;:null,&quot;availability&quot;:null}\">\n<section class=\"product-features\">\n<dl class=\"data-sheet\">\n<dt class=\"name\">Ratio<\/dt>\n<dd class=\"value\">4.7:1<\/dd>\n<dt class=\"name\">Peso<\/dt>\n<dd class=\"value\">400g<\/dd>\n<dt class=\"name\">Capacidade<\/dt>\n<dd class=\"value\">0.35mm\/270m<\/dd>\n<dt class=\"name\">Drag<\/dt>\n<dd class=\"value\">9kg<\/dd>\n<dt class=\"name\">Rolamentos<\/dt>\n<dd class=\"value\">7<\/dd>\n<dt class=\"name\">Material<\/dt>\n<dd class=\"value\">Alum\u00ednio<\/dd>\n<dt class=\"name\">Bobine<\/dt>\n<dd class=\"value\">2<\/dd>\n<dt class=\"name\">Recupera\u00e7\u00e3o<\/dt>\n<dd class=\"value\">84cm\/volta<\/dd>\n<\/dl>\n<\/section>\n<\/div>\n<\/div>\n<\/div>\n<\/div>\n","protected":false},"excerpt":{"rendered":"<p>Carreto Vega Power Force S60 Marca: Vega Com uma est\u00e9tica cuidada e muito apelativa os POWER FORCE S40 e S60 s\u00e3o carretos de entrada de gama m\u00e9dia, oferecendo presta\u00e7\u00f5es e caracter\u00edsticas de gama superior. A fluidez e precis\u00e3o da mec\u00e2nica apoiada em 7 rolamentos de esferas e pormenores como a pega da manivela sobredimensionada ou &hellip; <\/p>\n<p class=\"more-link-wrap\"><a href=\"https:\/\/nautipescas.pt\/es\/produto\/carreto-vega-power-force-s60\/\" class=\"more-link\"><span>Read More<span class=\"screen-reader-text\"> \u00abCARRETO VEGA POWER FORCE S60\u00bb<\/span><\/span><\/a><\/p>\n","protected":false},"featured_media":4577,"template":"","meta":{"inline_featured_image":false},"product_cat":[195,168,148],"product_tag":[],"marcas":[151],"class_list":["post-4576","product","type-product","status-publish","has-post-thumbnail","hentry","product_cat-carretos","product_cat-carretos-spinning","product_cat-pesca","marcas-vega"],"acf":[],"yoast_head":"<!-- This site is optimized with the Yoast SEO plugin v19.2 - https:\/\/yoast.com\/wordpress\/plugins\/seo\/ -->\n<title>CARRETO VEGA POWER FORCE S60 - Nautipescas<\/title>\n<meta name=\"robots\" content=\"index, follow, max-snippet:-1, max-image-preview:large, max-video-preview:-1\" \/>\n<link rel=\"canonical\" href=\"https:\/\/nautipescas.pt\/produto\/carreto-vega-power-force-s60\/\" \/>\n<meta property=\"og:locale\" content=\"es_ES\" \/>\n<meta property=\"og:type\" content=\"article\" \/>\n<meta property=\"og:title\" content=\"CARRETO VEGA POWER FORCE S60 - Nautipescas\" \/>\n<meta property=\"og:description\" content=\"Carreto Vega Power Force S60 Marca: Vega Com uma est\u00e9tica cuidada e muito apelativa os POWER FORCE S40 e S60 s\u00e3o carretos de entrada de gama m\u00e9dia, oferecendo presta\u00e7\u00f5es e caracter\u00edsticas de gama superior. A fluidez e precis\u00e3o da mec\u00e2nica apoiada em 7 rolamentos de esferas e pormenores como a pega da manivela sobredimensionada ou &hellip; Read More &quot;CARRETO VEGA POWER FORCE S60&quot;\" \/>\n<meta property=\"og:url\" content=\"https:\/\/nautipescas.pt\/produto\/carreto-vega-power-force-s60\/\" \/>\n<meta property=\"og:site_name\" content=\"Nautipescas\" \/>\n<meta property=\"article:modified_time\" content=\"2025-10-16T16:56:57+00:00\" \/>\n<meta property=\"og:image\" content=\"https:\/\/nautipescas.pt\/wp-content\/uploads\/2023\/03\/POWER-FORCE-S60.jpg\" \/>\n\t<meta property=\"og:image:width\" content=\"1143\" \/>\n\t<meta property=\"og:image:height\" content=\"1260\" \/>\n\t<meta property=\"og:image:type\" content=\"image\/jpeg\" \/>\n<meta name=\"author\" content=\"Paulo Chaves\" \/>\n<meta name=\"twitter:card\" content=\"summary_large_image\" \/>\n<meta name=\"twitter:label1\" content=\"Tiempo de lectura\" \/>\n\t<meta name=\"twitter:data1\" content=\"1 minuto\" \/>\n<script type=\"application\/ld+json\" class=\"yoast-schema-graph\">{\"@context\":\"https:\/\/schema.org\",\"@graph\":[{\"@type\":\"WebSite\",\"@id\":\"https:\/\/nautipescas.pt\/#website\",\"url\":\"https:\/\/nautipescas.pt\/\",\"name\":\"Nautipescas\",\"description\":\"\",\"potentialAction\":[{\"@type\":\"SearchAction\",\"target\":{\"@type\":\"EntryPoint\",\"urlTemplate\":\"https:\/\/nautipescas.pt\/?s={search_term_string}\"},\"query-input\":\"required name=search_term_string\"}],\"inLanguage\":\"es\"},{\"@type\":\"ImageObject\",\"inLanguage\":\"es\",\"@id\":\"https:\/\/nautipescas.pt\/produto\/carreto-vega-power-force-s60\/#primaryimage\",\"url\":\"https:\/\/nautipescas.pt\/wp-content\/uploads\/2023\/03\/POWER-FORCE-S60.jpg\",\"contentUrl\":\"https:\/\/nautipescas.pt\/wp-content\/uploads\/2023\/03\/POWER-FORCE-S60.jpg\",\"width\":1143,\"height\":1260},{\"@type\":\"WebPage\",\"@id\":\"https:\/\/nautipescas.pt\/produto\/carreto-vega-power-force-s60\/#webpage\",\"url\":\"https:\/\/nautipescas.pt\/produto\/carreto-vega-power-force-s60\/\",\"name\":\"CARRETO VEGA POWER FORCE S60 - Nautipescas\",\"isPartOf\":{\"@id\":\"https:\/\/nautipescas.pt\/#website\"},\"primaryImageOfPage\":{\"@id\":\"https:\/\/nautipescas.pt\/produto\/carreto-vega-power-force-s60\/#primaryimage\"},\"datePublished\":\"2023-03-04T10:25:54+00:00\",\"dateModified\":\"2025-10-16T16:56:57+00:00\",\"breadcrumb\":{\"@id\":\"https:\/\/nautipescas.pt\/produto\/carreto-vega-power-force-s60\/#breadcrumb\"},\"inLanguage\":\"es\",\"potentialAction\":[{\"@type\":\"ReadAction\",\"target\":[\"https:\/\/nautipescas.pt\/produto\/carreto-vega-power-force-s60\/\"]}]},{\"@type\":\"BreadcrumbList\",\"@id\":\"https:\/\/nautipescas.pt\/produto\/carreto-vega-power-force-s60\/#breadcrumb\",\"itemListElement\":[{\"@type\":\"ListItem\",\"position\":1,\"name\":\"In\u00edcio\",\"item\":\"https:\/\/nautipescas.pt\/es\/\"},{\"@type\":\"ListItem\",\"position\":2,\"name\":\"Tienda\",\"item\":\"https:\/\/nautipescas.pt\/es\/tienda-de-pesca-online\/\"},{\"@type\":\"ListItem\",\"position\":3,\"name\":\"CARRETO VEGA POWER FORCE S60\"}]}]}<\/script>\n<!-- \/ Yoast SEO plugin. -->","yoast_head_json":{"title":"CARRETO VEGA POWER FORCE S60 - Nautipescas","robots":{"index":"index","follow":"follow","max-snippet":"max-snippet:-1","max-image-preview":"max-image-preview:large","max-video-preview":"max-video-preview:-1"},"canonical":"https:\/\/nautipescas.pt\/produto\/carreto-vega-power-force-s60\/","og_locale":"es_ES","og_type":"article","og_title":"CARRETO VEGA POWER FORCE S60 - Nautipescas","og_description":"Carreto Vega Power Force S60 Marca: Vega Com uma est\u00e9tica cuidada e muito apelativa os POWER FORCE S40 e S60 s\u00e3o carretos de entrada de gama m\u00e9dia, oferecendo presta\u00e7\u00f5es e caracter\u00edsticas de gama superior. A fluidez e precis\u00e3o da mec\u00e2nica apoiada em 7 rolamentos de esferas e pormenores como a pega da manivela sobredimensionada ou &hellip; Read More \"CARRETO VEGA POWER FORCE S60\"","og_url":"https:\/\/nautipescas.pt\/produto\/carreto-vega-power-force-s60\/","og_site_name":"Nautipescas","article_modified_time":"2025-10-16T16:56:57+00:00","og_image":[{"width":1143,"height":1260,"url":"https:\/\/nautipescas.pt\/wp-content\/uploads\/2023\/03\/POWER-FORCE-S60.jpg","type":"image\/jpeg"}],"author":"Paulo Chaves","twitter_card":"summary_large_image","twitter_misc":{"Tiempo de lectura":"1 minuto"},"schema":{"@context":"https:\/\/schema.org","@graph":[{"@type":"WebSite","@id":"https:\/\/nautipescas.pt\/#website","url":"https:\/\/nautipescas.pt\/","name":"Nautipescas","description":"","potentialAction":[{"@type":"SearchAction","target":{"@type":"EntryPoint","urlTemplate":"https:\/\/nautipescas.pt\/?s={search_term_string}"},"query-input":"required name=search_term_string"}],"inLanguage":"es"},{"@type":"ImageObject","inLanguage":"es","@id":"https:\/\/nautipescas.pt\/produto\/carreto-vega-power-force-s60\/#primaryimage","url":"https:\/\/nautipescas.pt\/wp-content\/uploads\/2023\/03\/POWER-FORCE-S60.jpg","contentUrl":"https:\/\/nautipescas.pt\/wp-content\/uploads\/2023\/03\/POWER-FORCE-S60.jpg","width":1143,"height":1260},{"@type":"WebPage","@id":"https:\/\/nautipescas.pt\/produto\/carreto-vega-power-force-s60\/#webpage","url":"https:\/\/nautipescas.pt\/produto\/carreto-vega-power-force-s60\/","name":"CARRETO VEGA POWER FORCE S60 - Nautipescas","isPartOf":{"@id":"https:\/\/nautipescas.pt\/#website"},"primaryImageOfPage":{"@id":"https:\/\/nautipescas.pt\/produto\/carreto-vega-power-force-s60\/#primaryimage"},"datePublished":"2023-03-04T10:25:54+00:00","dateModified":"2025-10-16T16:56:57+00:00","breadcrumb":{"@id":"https:\/\/nautipescas.pt\/produto\/carreto-vega-power-force-s60\/#breadcrumb"},"inLanguage":"es","potentialAction":[{"@type":"ReadAction","target":["https:\/\/nautipescas.pt\/produto\/carreto-vega-power-force-s60\/"]}]},{"@type":"BreadcrumbList","@id":"https:\/\/nautipescas.pt\/produto\/carreto-vega-power-force-s60\/#breadcrumb","itemListElement":[{"@type":"ListItem","position":1,"name":"In\u00edcio","item":"https:\/\/nautipescas.pt\/es\/"},{"@type":"ListItem","position":2,"name":"Tienda","item":"https:\/\/nautipescas.pt\/es\/tienda-de-pesca-online\/"},{"@type":"ListItem","position":3,"name":"CARRETO VEGA POWER FORCE S60"}]}]}},"_links":{"self":[{"href":"https:\/\/nautipescas.pt\/es\/wp-json\/wp\/v2\/product\/4576","targetHints":{"allow":["GET"]}}],"collection":[{"href":"https:\/\/nautipescas.pt\/es\/wp-json\/wp\/v2\/product"}],"about":[{"href":"https:\/\/nautipescas.pt\/es\/wp-json\/wp\/v2\/types\/product"}],"wp:featuredmedia":[{"embeddable":true,"href":"https:\/\/nautipescas.pt\/es\/wp-json\/wp\/v2\/media\/4577"}],"wp:attachment":[{"href":"https:\/\/nautipescas.pt\/es\/wp-json\/wp\/v2\/media?parent=4576"}],"wp:term":[{"taxonomy":"product_cat","embeddable":true,"href":"https:\/\/nautipescas.pt\/es\/wp-json\/wp\/v2\/product_cat?post=4576"},{"taxonomy":"product_tag","embeddable":true,"href":"https:\/\/nautipescas.pt\/es\/wp-json\/wp\/v2\/product_tag?post=4576"},{"taxonomy":"marcas","embeddable":true,"href":"https:\/\/nautipescas.pt\/es\/wp-json\/wp\/v2\/marcas?post=4576"}],"curies":[{"name":"wp","href":"https:\/\/api.w.org\/{rel}","templated":true}]}}