{"id":4632,"date":"2023-03-04T11:37:30","date_gmt":"2023-03-04T11:37:30","guid":{"rendered":"https:\/\/nautipescas.pt\/?post_type=product&#038;p=4632"},"modified":"2025-10-16T16:56:36","modified_gmt":"2025-10-16T16:56:36","slug":"cana-vega-bullfight-nitro-6mt","status":"publish","type":"product","link":"https:\/\/nautipescas.pt\/es\/produto\/cana-vega-bullfight-nitro-6mt\/","title":{"rendered":"CANA VEGA BULLFIGHT NITRO 6MT"},"content":{"rendered":"<p>A cana Vega Bullfight \u00e9 uma das melhores canas do mercado com rela\u00e7\u00e3o pre\u00e7o\/qualidade.<br \/>\nEsta cana est\u00e1 dispon\u00edvel em 4, 5 e 6 metros e \u00e9 fabricada com o High Modulus Carbon.<br \/>\nNa sua gama de pre\u00e7os \u00e9 a melhor escolha para o pescador de b\u00f3ia e chumbadinha.<\/p>\n<p>Ficha T\u00e9cnica:<br \/>\nTamanho: 6,00mt<br \/>\nAc\u00e7\u00e3o: 5-100gr<br \/>\nPower Lift: 4kg<br \/>\nPassadores: SIC<br \/>\nPeso: 540g<\/p>\n","protected":false},"excerpt":{"rendered":"<p>A cana Vega Bullfight \u00e9 uma das melhores canas do mercado com rela\u00e7\u00e3o pre\u00e7o\/qualidade. Esta cana est\u00e1 dispon\u00edvel em 4, 5 e 6 metros e \u00e9 fabricada com o High Modulus Carbon. Na sua gama de pre\u00e7os \u00e9 a melhor escolha para o pescador de b\u00f3ia e chumbadinha. Ficha T\u00e9cnica: Tamanho: 6,00mt Ac\u00e7\u00e3o: 5-100gr Power &hellip; <\/p>\n<p class=\"more-link-wrap\"><a href=\"https:\/\/nautipescas.pt\/es\/produto\/cana-vega-bullfight-nitro-6mt\/\" class=\"more-link\"><span>Read More<span class=\"screen-reader-text\"> \u00abCANA VEGA BULLFIGHT NITRO 6MT\u00bb<\/span><\/span><\/a><\/p>\n","protected":false},"featured_media":4633,"template":"","meta":{"inline_featured_image":false},"product_cat":[171,234,148],"product_tag":[],"marcas":[151],"class_list":["post-4632","product","type-product","status-publish","has-post-thumbnail","hentry","product_cat-canas","product_cat-canas-boia","product_cat-pesca","marcas-vega"],"acf":[],"yoast_head":"<!-- This site is optimized with the Yoast SEO plugin v19.2 - https:\/\/yoast.com\/wordpress\/plugins\/seo\/ -->\n<title>CANA VEGA BULLFIGHT NITRO 6MT - Nautipescas<\/title>\n<meta name=\"robots\" content=\"index, follow, max-snippet:-1, max-image-preview:large, max-video-preview:-1\" \/>\n<link rel=\"canonical\" href=\"https:\/\/nautipescas.pt\/produto\/cana-vega-bullfight-nitro-6mt\/\" \/>\n<meta property=\"og:locale\" content=\"es_ES\" \/>\n<meta property=\"og:type\" content=\"article\" \/>\n<meta property=\"og:title\" content=\"CANA VEGA BULLFIGHT NITRO 6MT - Nautipescas\" \/>\n<meta property=\"og:description\" content=\"A cana Vega Bullfight \u00e9 uma das melhores canas do mercado com rela\u00e7\u00e3o pre\u00e7o\/qualidade. Esta cana est\u00e1 dispon\u00edvel em 4, 5 e 6 metros e \u00e9 fabricada com o High Modulus Carbon. Na sua gama de pre\u00e7os \u00e9 a melhor escolha para o pescador de b\u00f3ia e chumbadinha. Ficha T\u00e9cnica: Tamanho: 6,00mt Ac\u00e7\u00e3o: 5-100gr Power &hellip; Read More &quot;CANA VEGA BULLFIGHT NITRO 6MT&quot;\" \/>\n<meta property=\"og:url\" content=\"https:\/\/nautipescas.pt\/produto\/cana-vega-bullfight-nitro-6mt\/\" \/>\n<meta property=\"og:site_name\" content=\"Nautipescas\" \/>\n<meta property=\"article:modified_time\" content=\"2025-10-16T16:56:36+00:00\" \/>\n<meta property=\"og:image\" content=\"https:\/\/nautipescas.pt\/wp-content\/uploads\/2023\/03\/7650-401_502-BULLFIGHT-NITRO.jpg\" \/>\n\t<meta property=\"og:image:width\" content=\"1860\" \/>\n\t<meta property=\"og:image:height\" content=\"94\" \/>\n\t<meta property=\"og:image:type\" content=\"image\/jpeg\" \/>\n<meta name=\"author\" content=\"Paulo Chaves\" \/>\n<meta name=\"twitter:card\" content=\"summary_large_image\" \/>\n<script type=\"application\/ld+json\" class=\"yoast-schema-graph\">{\"@context\":\"https:\/\/schema.org\",\"@graph\":[{\"@type\":\"WebSite\",\"@id\":\"https:\/\/nautipescas.pt\/#website\",\"url\":\"https:\/\/nautipescas.pt\/\",\"name\":\"Nautipescas\",\"description\":\"\",\"potentialAction\":[{\"@type\":\"SearchAction\",\"target\":{\"@type\":\"EntryPoint\",\"urlTemplate\":\"https:\/\/nautipescas.pt\/?s={search_term_string}\"},\"query-input\":\"required name=search_term_string\"}],\"inLanguage\":\"es\"},{\"@type\":\"ImageObject\",\"inLanguage\":\"es\",\"@id\":\"https:\/\/nautipescas.pt\/produto\/cana-vega-bullfight-nitro-6mt\/#primaryimage\",\"url\":\"https:\/\/nautipescas.pt\/wp-content\/uploads\/2023\/03\/7650-401_502-BULLFIGHT-NITRO.jpg\",\"contentUrl\":\"https:\/\/nautipescas.pt\/wp-content\/uploads\/2023\/03\/7650-401_502-BULLFIGHT-NITRO.jpg\",\"width\":1860,\"height\":94},{\"@type\":\"WebPage\",\"@id\":\"https:\/\/nautipescas.pt\/produto\/cana-vega-bullfight-nitro-6mt\/#webpage\",\"url\":\"https:\/\/nautipescas.pt\/produto\/cana-vega-bullfight-nitro-6mt\/\",\"name\":\"CANA VEGA BULLFIGHT NITRO 6MT - Nautipescas\",\"isPartOf\":{\"@id\":\"https:\/\/nautipescas.pt\/#website\"},\"primaryImageOfPage\":{\"@id\":\"https:\/\/nautipescas.pt\/produto\/cana-vega-bullfight-nitro-6mt\/#primaryimage\"},\"datePublished\":\"2023-03-04T11:37:30+00:00\",\"dateModified\":\"2025-10-16T16:56:36+00:00\",\"breadcrumb\":{\"@id\":\"https:\/\/nautipescas.pt\/produto\/cana-vega-bullfight-nitro-6mt\/#breadcrumb\"},\"inLanguage\":\"es\",\"potentialAction\":[{\"@type\":\"ReadAction\",\"target\":[\"https:\/\/nautipescas.pt\/produto\/cana-vega-bullfight-nitro-6mt\/\"]}]},{\"@type\":\"BreadcrumbList\",\"@id\":\"https:\/\/nautipescas.pt\/produto\/cana-vega-bullfight-nitro-6mt\/#breadcrumb\",\"itemListElement\":[{\"@type\":\"ListItem\",\"position\":1,\"name\":\"In\u00edcio\",\"item\":\"https:\/\/nautipescas.pt\/es\/\"},{\"@type\":\"ListItem\",\"position\":2,\"name\":\"Tienda\",\"item\":\"https:\/\/nautipescas.pt\/es\/tienda-de-pesca-online\/\"},{\"@type\":\"ListItem\",\"position\":3,\"name\":\"CANA VEGA BULLFIGHT NITRO 6MT\"}]}]}<\/script>\n<!-- \/ Yoast SEO plugin. -->","yoast_head_json":{"title":"CANA VEGA BULLFIGHT NITRO 6MT - Nautipescas","robots":{"index":"index","follow":"follow","max-snippet":"max-snippet:-1","max-image-preview":"max-image-preview:large","max-video-preview":"max-video-preview:-1"},"canonical":"https:\/\/nautipescas.pt\/produto\/cana-vega-bullfight-nitro-6mt\/","og_locale":"es_ES","og_type":"article","og_title":"CANA VEGA BULLFIGHT NITRO 6MT - Nautipescas","og_description":"A cana Vega Bullfight \u00e9 uma das melhores canas do mercado com rela\u00e7\u00e3o pre\u00e7o\/qualidade. Esta cana est\u00e1 dispon\u00edvel em 4, 5 e 6 metros e \u00e9 fabricada com o High Modulus Carbon. Na sua gama de pre\u00e7os \u00e9 a melhor escolha para o pescador de b\u00f3ia e chumbadinha. Ficha T\u00e9cnica: Tamanho: 6,00mt Ac\u00e7\u00e3o: 5-100gr Power &hellip; Read More \"CANA VEGA BULLFIGHT NITRO 6MT\"","og_url":"https:\/\/nautipescas.pt\/produto\/cana-vega-bullfight-nitro-6mt\/","og_site_name":"Nautipescas","article_modified_time":"2025-10-16T16:56:36+00:00","og_image":[{"width":1860,"height":94,"url":"https:\/\/nautipescas.pt\/wp-content\/uploads\/2023\/03\/7650-401_502-BULLFIGHT-NITRO.jpg","type":"image\/jpeg"}],"author":"Paulo Chaves","twitter_card":"summary_large_image","schema":{"@context":"https:\/\/schema.org","@graph":[{"@type":"WebSite","@id":"https:\/\/nautipescas.pt\/#website","url":"https:\/\/nautipescas.pt\/","name":"Nautipescas","description":"","potentialAction":[{"@type":"SearchAction","target":{"@type":"EntryPoint","urlTemplate":"https:\/\/nautipescas.pt\/?s={search_term_string}"},"query-input":"required name=search_term_string"}],"inLanguage":"es"},{"@type":"ImageObject","inLanguage":"es","@id":"https:\/\/nautipescas.pt\/produto\/cana-vega-bullfight-nitro-6mt\/#primaryimage","url":"https:\/\/nautipescas.pt\/wp-content\/uploads\/2023\/03\/7650-401_502-BULLFIGHT-NITRO.jpg","contentUrl":"https:\/\/nautipescas.pt\/wp-content\/uploads\/2023\/03\/7650-401_502-BULLFIGHT-NITRO.jpg","width":1860,"height":94},{"@type":"WebPage","@id":"https:\/\/nautipescas.pt\/produto\/cana-vega-bullfight-nitro-6mt\/#webpage","url":"https:\/\/nautipescas.pt\/produto\/cana-vega-bullfight-nitro-6mt\/","name":"CANA VEGA BULLFIGHT NITRO 6MT - Nautipescas","isPartOf":{"@id":"https:\/\/nautipescas.pt\/#website"},"primaryImageOfPage":{"@id":"https:\/\/nautipescas.pt\/produto\/cana-vega-bullfight-nitro-6mt\/#primaryimage"},"datePublished":"2023-03-04T11:37:30+00:00","dateModified":"2025-10-16T16:56:36+00:00","breadcrumb":{"@id":"https:\/\/nautipescas.pt\/produto\/cana-vega-bullfight-nitro-6mt\/#breadcrumb"},"inLanguage":"es","potentialAction":[{"@type":"ReadAction","target":["https:\/\/nautipescas.pt\/produto\/cana-vega-bullfight-nitro-6mt\/"]}]},{"@type":"BreadcrumbList","@id":"https:\/\/nautipescas.pt\/produto\/cana-vega-bullfight-nitro-6mt\/#breadcrumb","itemListElement":[{"@type":"ListItem","position":1,"name":"In\u00edcio","item":"https:\/\/nautipescas.pt\/es\/"},{"@type":"ListItem","position":2,"name":"Tienda","item":"https:\/\/nautipescas.pt\/es\/tienda-de-pesca-online\/"},{"@type":"ListItem","position":3,"name":"CANA VEGA BULLFIGHT NITRO 6MT"}]}]}},"_links":{"self":[{"href":"https:\/\/nautipescas.pt\/es\/wp-json\/wp\/v2\/product\/4632","targetHints":{"allow":["GET"]}}],"collection":[{"href":"https:\/\/nautipescas.pt\/es\/wp-json\/wp\/v2\/product"}],"about":[{"href":"https:\/\/nautipescas.pt\/es\/wp-json\/wp\/v2\/types\/product"}],"wp:featuredmedia":[{"embeddable":true,"href":"https:\/\/nautipescas.pt\/es\/wp-json\/wp\/v2\/media\/4633"}],"wp:attachment":[{"href":"https:\/\/nautipescas.pt\/es\/wp-json\/wp\/v2\/media?parent=4632"}],"wp:term":[{"taxonomy":"product_cat","embeddable":true,"href":"https:\/\/nautipescas.pt\/es\/wp-json\/wp\/v2\/product_cat?post=4632"},{"taxonomy":"product_tag","embeddable":true,"href":"https:\/\/nautipescas.pt\/es\/wp-json\/wp\/v2\/product_tag?post=4632"},{"taxonomy":"marcas","embeddable":true,"href":"https:\/\/nautipescas.pt\/es\/wp-json\/wp\/v2\/marcas?post=4632"}],"curies":[{"name":"wp","href":"https:\/\/api.w.org\/{rel}","templated":true}]}}