{"id":4794,"date":"2023-03-07T12:18:35","date_gmt":"2023-03-07T12:18:35","guid":{"rendered":"https:\/\/nautipescas.pt\/?post_type=product&#038;p=4794"},"modified":"2023-03-07T12:20:33","modified_gmt":"2023-03-07T12:20:33","slug":"fio-daiwa-j-fluoro-50mt","status":"publish","type":"product","link":"https:\/\/nautipescas.pt\/es\/produto\/fio-daiwa-j-fluoro-50mt\/","title":{"rendered":"FIO DAIWA J FLUORO 50MT"},"content":{"rendered":"<p>J-Fluorocarbon tem grande flexibilidade, bem como pouca mem\u00f3ria. Cada carretel vem com um el\u00e1stico com um orif\u00edcio que permite que a linha saia suavemente e fornece prote\u00e7\u00e3o UV e de impacto. Este fluorocarbono de fabrica\u00e7\u00e3o japonesa pode ser usado como l\u00edder ou linha principal para fundi\u00e7\u00e3o de manivela ou fia\u00e7\u00e3o para pesca sofisticada.<\/p>\n<table class=\"table bordered js-pswp-gallery\">\n<thead>\n<tr>\n<th><\/th>\n<th>Di\u00e2metro (mm)<\/th>\n<th>Resist\u00eancia<\/th>\n<th>Resist\u00eancia<\/th>\n<th>Comprimento<\/th>\n<th>Refer\u00eancia<\/th>\n<\/tr>\n<\/thead>\n<tbody>\n<tr>\n<td><span class=\"new\">N<\/span><\/td>\n<td>18\/100<\/td>\n<td>2,31 kg<\/td>\n<td>4 lb<\/td>\n<td>100 m<\/td>\n<td>12220018<\/td>\n<\/tr>\n<tr>\n<td><span class=\"new\">N<\/span><\/td>\n<td>20\/100<\/td>\n<td>2,86 kg<\/td>\n<td>5 lb<\/td>\n<td>100 m<\/td>\n<td>12220020<\/td>\n<\/tr>\n<tr>\n<td><span class=\"new\">N<\/span><\/td>\n<td>22\/100<\/td>\n<td>3,41 kg<\/td>\n<td>6 lb<\/td>\n<td>100 m<\/td>\n<td>12220022<\/td>\n<\/tr>\n<tr>\n<td><span class=\"new\">N<\/span><\/td>\n<td>26\/100<\/td>\n<td>4,48 kg<\/td>\n<td>8 lb<\/td>\n<td>100 m<\/td>\n<td>12220026<\/td>\n<\/tr>\n<tr>\n<td><span class=\"new\">N<\/span><\/td>\n<td>28\/100<\/td>\n<td>5,25 kg<\/td>\n<td>10 lb<\/td>\n<td>100 m<\/td>\n<td>12220028<\/td>\n<\/tr>\n<tr>\n<td><span class=\"new\">N<\/span><\/td>\n<td>30\/100<\/td>\n<td>5,83 kg<\/td>\n<td>12 lb<\/td>\n<td>100 m<\/td>\n<td>12220030<\/td>\n<\/tr>\n<tr>\n<td><span class=\"new\">N<\/span><\/td>\n<td>33\/100<\/td>\n<td>6,84 kg<\/td>\n<td>14 lb<\/td>\n<td>100 m<\/td>\n<td>12220033<\/td>\n<\/tr>\n<tr>\n<td><span class=\"new\">N<\/span><\/td>\n<td>36\/100<\/td>\n<td>7,74 kg<\/td>\n<td>16 lb<\/td>\n<td>100 m<\/td>\n<td>12220035<\/td>\n<\/tr>\n<tr>\n<td><span class=\"new\">N<\/span><\/td>\n<td>40\/100<\/td>\n<td>9,21 kg<\/td>\n<td>20 lb<\/td>\n<td>100 m<\/td>\n<td>12220040<\/td>\n<\/tr>\n<tr>\n<td><span class=\"new\">N<\/span><\/td>\n<td>45\/100<\/td>\n<td>11,78 kg<\/td>\n<td>25 lb<\/td>\n<td>50 m<\/td>\n<td>12220045<\/td>\n<\/tr>\n<tr>\n<td><span class=\"new\">N<\/span><\/td>\n<td>50\/100<\/td>\n<td>14,47 kg<\/td>\n<td>30 lb<\/td>\n<td>50 m<\/td>\n<td>12220050<\/td>\n<\/tr>\n<tr>\n<td><span class=\"new\">N<\/span><\/td>\n<td>65\/100<\/td>\n<td>22,43 kg<\/td>\n<td>40 lb<\/td>\n<td>50 m<\/td>\n<td>12220065<\/td>\n<\/tr>\n<tr>\n<td><span class=\"new\">N<\/span><\/td>\n<td>70\/100<\/td>\n<td>24,67 kg<\/td>\n<td>50 lb<\/td>\n<td>50 m<\/td>\n<td>12220070<\/td>\n<\/tr>\n<tr>\n<td><span class=\"new\">N<\/span><\/td>\n<td>80\/100<\/td>\n<td>30,56 kg<\/td>\n<td>60 lb<\/td>\n<td>50 m<\/td>\n<td>12220080<\/td>\n<\/tr>\n<tr>\n<td><span class=\"new\">N<\/span><\/td>\n<td>90\/100<\/td>\n<td>37,60 kg<\/td>\n<td>80 lb<\/td>\n<td>50 m<\/td>\n<td>12220090<\/td>\n<\/tr>\n<\/tbody>\n<\/table>\n","protected":false},"excerpt":{"rendered":"<p>J-Fluorocarbon tem grande flexibilidade, bem como pouca mem\u00f3ria. Cada carretel vem com um el\u00e1stico com um orif\u00edcio que permite que a linha saia suavemente e fornece prote\u00e7\u00e3o UV e de impacto. Este fluorocarbono de fabrica\u00e7\u00e3o japonesa pode ser usado como l\u00edder ou linha principal para fundi\u00e7\u00e3o de manivela ou fia\u00e7\u00e3o para pesca sofisticada. Di\u00e2metro (mm) &hellip; <\/p>\n<p class=\"more-link-wrap\"><a href=\"https:\/\/nautipescas.pt\/es\/produto\/fio-daiwa-j-fluoro-50mt\/\" class=\"more-link\"><span>Read More<span class=\"screen-reader-text\"> \u00abFIO DAIWA J FLUORO 50MT\u00bb<\/span><\/span><\/a><\/p>\n","protected":false},"featured_media":4779,"template":"","meta":{"inline_featured_image":false},"product_cat":[228,148],"product_tag":[],"marcas":[131],"class_list":["post-4794","product","type-product","status-publish","has-post-thumbnail","hentry","product_cat-fios-de-fluorcarbon","product_cat-pesca","marcas-daiwa"],"acf":[],"yoast_head":"<!-- This site is optimized with the Yoast SEO plugin v19.2 - https:\/\/yoast.com\/wordpress\/plugins\/seo\/ -->\n<title>FIO DAIWA J FLUORO 50MT - Nautipescas<\/title>\n<meta name=\"robots\" content=\"index, follow, max-snippet:-1, max-image-preview:large, max-video-preview:-1\" \/>\n<link rel=\"canonical\" href=\"https:\/\/nautipescas.pt\/produto\/fio-daiwa-j-fluoro-50mt\/\" \/>\n<meta property=\"og:locale\" content=\"es_ES\" \/>\n<meta property=\"og:type\" content=\"article\" \/>\n<meta property=\"og:title\" content=\"FIO DAIWA J FLUORO 50MT - Nautipescas\" \/>\n<meta property=\"og:description\" content=\"J-Fluorocarbon tem grande flexibilidade, bem como pouca mem\u00f3ria. Cada carretel vem com um el\u00e1stico com um orif\u00edcio que permite que a linha saia suavemente e fornece prote\u00e7\u00e3o UV e de impacto. Este fluorocarbono de fabrica\u00e7\u00e3o japonesa pode ser usado como l\u00edder ou linha principal para fundi\u00e7\u00e3o de manivela ou fia\u00e7\u00e3o para pesca sofisticada. Di\u00e2metro (mm) &hellip; Read More &quot;FIO DAIWA J FLUORO 50MT&quot;\" \/>\n<meta property=\"og:url\" content=\"https:\/\/nautipescas.pt\/produto\/fio-daiwa-j-fluoro-50mt\/\" \/>\n<meta property=\"og:site_name\" content=\"Nautipescas\" \/>\n<meta property=\"article:modified_time\" content=\"2023-03-07T12:20:33+00:00\" \/>\n<meta property=\"og:image\" content=\"https:\/\/nautipescas.pt\/wp-content\/uploads\/2023\/03\/daiwa-j-thread-fc-fluorocarbon-101530-1.jpg\" \/>\n\t<meta property=\"og:image:width\" content=\"1200\" \/>\n\t<meta property=\"og:image:height\" content=\"1200\" \/>\n\t<meta property=\"og:image:type\" content=\"image\/jpeg\" \/>\n<meta name=\"author\" content=\"Paulo Chaves\" \/>\n<meta name=\"twitter:card\" content=\"summary_large_image\" \/>\n<meta name=\"twitter:label1\" content=\"Tiempo de lectura\" \/>\n\t<meta name=\"twitter:data1\" content=\"2 minutos\" \/>\n<script type=\"application\/ld+json\" class=\"yoast-schema-graph\">{\"@context\":\"https:\/\/schema.org\",\"@graph\":[{\"@type\":\"WebSite\",\"@id\":\"https:\/\/nautipescas.pt\/#website\",\"url\":\"https:\/\/nautipescas.pt\/\",\"name\":\"Nautipescas\",\"description\":\"\",\"potentialAction\":[{\"@type\":\"SearchAction\",\"target\":{\"@type\":\"EntryPoint\",\"urlTemplate\":\"https:\/\/nautipescas.pt\/?s={search_term_string}\"},\"query-input\":\"required name=search_term_string\"}],\"inLanguage\":\"es\"},{\"@type\":\"ImageObject\",\"inLanguage\":\"es\",\"@id\":\"https:\/\/nautipescas.pt\/produto\/fio-daiwa-j-fluoro-50mt\/#primaryimage\",\"url\":\"https:\/\/nautipescas.pt\/wp-content\/uploads\/2023\/03\/daiwa-j-thread-fc-fluorocarbon-101530-1.jpg\",\"contentUrl\":\"https:\/\/nautipescas.pt\/wp-content\/uploads\/2023\/03\/daiwa-j-thread-fc-fluorocarbon-101530-1.jpg\",\"width\":1200,\"height\":1200},{\"@type\":\"WebPage\",\"@id\":\"https:\/\/nautipescas.pt\/produto\/fio-daiwa-j-fluoro-50mt\/#webpage\",\"url\":\"https:\/\/nautipescas.pt\/produto\/fio-daiwa-j-fluoro-50mt\/\",\"name\":\"FIO DAIWA J FLUORO 50MT - Nautipescas\",\"isPartOf\":{\"@id\":\"https:\/\/nautipescas.pt\/#website\"},\"primaryImageOfPage\":{\"@id\":\"https:\/\/nautipescas.pt\/produto\/fio-daiwa-j-fluoro-50mt\/#primaryimage\"},\"datePublished\":\"2023-03-07T12:18:35+00:00\",\"dateModified\":\"2023-03-07T12:20:33+00:00\",\"breadcrumb\":{\"@id\":\"https:\/\/nautipescas.pt\/produto\/fio-daiwa-j-fluoro-50mt\/#breadcrumb\"},\"inLanguage\":\"es\",\"potentialAction\":[{\"@type\":\"ReadAction\",\"target\":[\"https:\/\/nautipescas.pt\/produto\/fio-daiwa-j-fluoro-50mt\/\"]}]},{\"@type\":\"BreadcrumbList\",\"@id\":\"https:\/\/nautipescas.pt\/produto\/fio-daiwa-j-fluoro-50mt\/#breadcrumb\",\"itemListElement\":[{\"@type\":\"ListItem\",\"position\":1,\"name\":\"In\u00edcio\",\"item\":\"https:\/\/nautipescas.pt\/es\/\"},{\"@type\":\"ListItem\",\"position\":2,\"name\":\"Tienda\",\"item\":\"https:\/\/nautipescas.pt\/es\/tienda-de-pesca-online\/\"},{\"@type\":\"ListItem\",\"position\":3,\"name\":\"FIO DAIWA J FLUORO 50MT\"}]}]}<\/script>\n<!-- \/ Yoast SEO plugin. -->","yoast_head_json":{"title":"FIO DAIWA J FLUORO 50MT - Nautipescas","robots":{"index":"index","follow":"follow","max-snippet":"max-snippet:-1","max-image-preview":"max-image-preview:large","max-video-preview":"max-video-preview:-1"},"canonical":"https:\/\/nautipescas.pt\/produto\/fio-daiwa-j-fluoro-50mt\/","og_locale":"es_ES","og_type":"article","og_title":"FIO DAIWA J FLUORO 50MT - Nautipescas","og_description":"J-Fluorocarbon tem grande flexibilidade, bem como pouca mem\u00f3ria. Cada carretel vem com um el\u00e1stico com um orif\u00edcio que permite que a linha saia suavemente e fornece prote\u00e7\u00e3o UV e de impacto. Este fluorocarbono de fabrica\u00e7\u00e3o japonesa pode ser usado como l\u00edder ou linha principal para fundi\u00e7\u00e3o de manivela ou fia\u00e7\u00e3o para pesca sofisticada. Di\u00e2metro (mm) &hellip; Read More \"FIO DAIWA J FLUORO 50MT\"","og_url":"https:\/\/nautipescas.pt\/produto\/fio-daiwa-j-fluoro-50mt\/","og_site_name":"Nautipescas","article_modified_time":"2023-03-07T12:20:33+00:00","og_image":[{"width":1200,"height":1200,"url":"https:\/\/nautipescas.pt\/wp-content\/uploads\/2023\/03\/daiwa-j-thread-fc-fluorocarbon-101530-1.jpg","type":"image\/jpeg"}],"author":"Paulo Chaves","twitter_card":"summary_large_image","twitter_misc":{"Tiempo de lectura":"2 minutos"},"schema":{"@context":"https:\/\/schema.org","@graph":[{"@type":"WebSite","@id":"https:\/\/nautipescas.pt\/#website","url":"https:\/\/nautipescas.pt\/","name":"Nautipescas","description":"","potentialAction":[{"@type":"SearchAction","target":{"@type":"EntryPoint","urlTemplate":"https:\/\/nautipescas.pt\/?s={search_term_string}"},"query-input":"required name=search_term_string"}],"inLanguage":"es"},{"@type":"ImageObject","inLanguage":"es","@id":"https:\/\/nautipescas.pt\/produto\/fio-daiwa-j-fluoro-50mt\/#primaryimage","url":"https:\/\/nautipescas.pt\/wp-content\/uploads\/2023\/03\/daiwa-j-thread-fc-fluorocarbon-101530-1.jpg","contentUrl":"https:\/\/nautipescas.pt\/wp-content\/uploads\/2023\/03\/daiwa-j-thread-fc-fluorocarbon-101530-1.jpg","width":1200,"height":1200},{"@type":"WebPage","@id":"https:\/\/nautipescas.pt\/produto\/fio-daiwa-j-fluoro-50mt\/#webpage","url":"https:\/\/nautipescas.pt\/produto\/fio-daiwa-j-fluoro-50mt\/","name":"FIO DAIWA J FLUORO 50MT - Nautipescas","isPartOf":{"@id":"https:\/\/nautipescas.pt\/#website"},"primaryImageOfPage":{"@id":"https:\/\/nautipescas.pt\/produto\/fio-daiwa-j-fluoro-50mt\/#primaryimage"},"datePublished":"2023-03-07T12:18:35+00:00","dateModified":"2023-03-07T12:20:33+00:00","breadcrumb":{"@id":"https:\/\/nautipescas.pt\/produto\/fio-daiwa-j-fluoro-50mt\/#breadcrumb"},"inLanguage":"es","potentialAction":[{"@type":"ReadAction","target":["https:\/\/nautipescas.pt\/produto\/fio-daiwa-j-fluoro-50mt\/"]}]},{"@type":"BreadcrumbList","@id":"https:\/\/nautipescas.pt\/produto\/fio-daiwa-j-fluoro-50mt\/#breadcrumb","itemListElement":[{"@type":"ListItem","position":1,"name":"In\u00edcio","item":"https:\/\/nautipescas.pt\/es\/"},{"@type":"ListItem","position":2,"name":"Tienda","item":"https:\/\/nautipescas.pt\/es\/tienda-de-pesca-online\/"},{"@type":"ListItem","position":3,"name":"FIO DAIWA J FLUORO 50MT"}]}]}},"_links":{"self":[{"href":"https:\/\/nautipescas.pt\/es\/wp-json\/wp\/v2\/product\/4794","targetHints":{"allow":["GET"]}}],"collection":[{"href":"https:\/\/nautipescas.pt\/es\/wp-json\/wp\/v2\/product"}],"about":[{"href":"https:\/\/nautipescas.pt\/es\/wp-json\/wp\/v2\/types\/product"}],"wp:featuredmedia":[{"embeddable":true,"href":"https:\/\/nautipescas.pt\/es\/wp-json\/wp\/v2\/media\/4779"}],"wp:attachment":[{"href":"https:\/\/nautipescas.pt\/es\/wp-json\/wp\/v2\/media?parent=4794"}],"wp:term":[{"taxonomy":"product_cat","embeddable":true,"href":"https:\/\/nautipescas.pt\/es\/wp-json\/wp\/v2\/product_cat?post=4794"},{"taxonomy":"product_tag","embeddable":true,"href":"https:\/\/nautipescas.pt\/es\/wp-json\/wp\/v2\/product_tag?post=4794"},{"taxonomy":"marcas","embeddable":true,"href":"https:\/\/nautipescas.pt\/es\/wp-json\/wp\/v2\/marcas?post=4794"}],"curies":[{"name":"wp","href":"https:\/\/api.w.org\/{rel}","templated":true}]}}