{"id":5093,"date":"2023-03-07T17:30:29","date_gmt":"2023-03-07T17:30:29","guid":{"rendered":"https:\/\/nautipescas.pt\/?post_type=product&#038;p=5093"},"modified":"2025-10-16T16:57:40","modified_gmt":"2025-10-16T16:57:40","slug":"cana-barros-decada-kw-450","status":"publish","type":"product","link":"https:\/\/nautipescas.pt\/es\/produto\/cana-barros-decada-kw-450\/","title":{"rendered":"CANA BARROS D\u00c9CADA KW 450"},"content":{"rendered":"<p>Cana telesc\u00f3pica em carbono com refor\u00e7o entran\u00e7ado. Montada com os revolucion\u00e1rios passadores KW antichoque e com porta carretos ADJR. O porta carretos ADJR permite a fixa\u00e7\u00e3o do carreto em qualquer posi\u00e7\u00e3o do cabo, permitindo, por isso, pescar \u00e0 medida do gosto de cada pescador e de cada tipo de pesca.<\/p>\n<table class=\"modelTableBox\">\n<tbody>\n<tr>\n<td>\n<table class=\"modelTable modelTableT2\">\n<tbody>\n<tr>\n<td>D\u00c9CADA KW<\/p>\n<ul>\n<li>Comprimento: 4.50m<\/li>\n<li>Comprimento fechada: 1.25m<\/li>\n<li>Sec\u00e7\u00f5es: 4<\/li>\n<li>Peso: 510g<\/li>\n<li>A\u00e7\u00e3o: M\u00e1ximo 250g (melhor desempenho: 100-140g)<\/li>\n<li><\/li>\n<\/ul>\n<\/td>\n<td><\/td>\n<\/tr>\n<\/tbody>\n<\/table>\n<\/td>\n<\/tr>\n<\/tbody>\n<\/table>\n","protected":false},"excerpt":{"rendered":"<p>Cana telesc\u00f3pica em carbono com refor\u00e7o entran\u00e7ado. Montada com os revolucion\u00e1rios passadores KW antichoque e com porta carretos ADJR. O porta carretos ADJR permite a fixa\u00e7\u00e3o do carreto em qualquer posi\u00e7\u00e3o do cabo, permitindo, por isso, pescar \u00e0 medida do gosto de cada pescador e de cada tipo de pesca. D\u00c9CADA KW Comprimento: 4.50m Comprimento &hellip; <\/p>\n<p class=\"more-link-wrap\"><a href=\"https:\/\/nautipescas.pt\/es\/produto\/cana-barros-decada-kw-450\/\" class=\"more-link\"><span>Read More<span class=\"screen-reader-text\"> \u00abCANA BARROS D\u00c9CADA KW 450\u00bb<\/span><\/span><\/a><\/p>\n","protected":false},"featured_media":5102,"template":"","meta":{"inline_featured_image":false},"product_cat":[171,233,148],"product_tag":[],"marcas":[248],"class_list":["post-5093","product","type-product","status-publish","has-post-thumbnail","hentry","product_cat-canas","product_cat-canas-telesurf","product_cat-pesca","marcas-barros-canas-carretos-fios"],"acf":[],"yoast_head":"<!-- This site is optimized with the Yoast SEO plugin v19.2 - https:\/\/yoast.com\/wordpress\/plugins\/seo\/ -->\n<title>CANA BARROS D\u00c9CADA KW 450 - Nautipescas<\/title>\n<meta name=\"robots\" content=\"index, follow, max-snippet:-1, max-image-preview:large, max-video-preview:-1\" \/>\n<link rel=\"canonical\" href=\"https:\/\/nautipescas.pt\/produto\/cana-barros-decada-kw-450\/\" \/>\n<meta property=\"og:locale\" content=\"es_ES\" \/>\n<meta property=\"og:type\" content=\"article\" \/>\n<meta property=\"og:title\" content=\"CANA BARROS D\u00c9CADA KW 450 - Nautipescas\" \/>\n<meta property=\"og:description\" content=\"Cana telesc\u00f3pica em carbono com refor\u00e7o entran\u00e7ado. Montada com os revolucion\u00e1rios passadores KW antichoque e com porta carretos ADJR. O porta carretos ADJR permite a fixa\u00e7\u00e3o do carreto em qualquer posi\u00e7\u00e3o do cabo, permitindo, por isso, pescar \u00e0 medida do gosto de cada pescador e de cada tipo de pesca. D\u00c9CADA KW Comprimento: 4.50m Comprimento &hellip; Read More &quot;CANA BARROS D\u00c9CADA KW 450&quot;\" \/>\n<meta property=\"og:url\" content=\"https:\/\/nautipescas.pt\/produto\/cana-barros-decada-kw-450\/\" \/>\n<meta property=\"og:site_name\" content=\"Nautipescas\" \/>\n<meta property=\"article:modified_time\" content=\"2025-10-16T16:57:40+00:00\" \/>\n<meta property=\"og:image\" content=\"https:\/\/nautipescas.pt\/wp-content\/uploads\/2023\/03\/Sketch002123-scaled.jpg\" \/>\n\t<meta property=\"og:image:width\" content=\"2560\" \/>\n\t<meta property=\"og:image:height\" content=\"165\" \/>\n\t<meta property=\"og:image:type\" content=\"image\/jpeg\" \/>\n<meta name=\"author\" content=\"Paulo Chaves\" \/>\n<meta name=\"twitter:card\" content=\"summary_large_image\" \/>\n<meta name=\"twitter:label1\" content=\"Tiempo de lectura\" \/>\n\t<meta name=\"twitter:data1\" content=\"1 minuto\" \/>\n<script type=\"application\/ld+json\" class=\"yoast-schema-graph\">{\"@context\":\"https:\/\/schema.org\",\"@graph\":[{\"@type\":\"WebSite\",\"@id\":\"https:\/\/nautipescas.pt\/#website\",\"url\":\"https:\/\/nautipescas.pt\/\",\"name\":\"Nautipescas\",\"description\":\"\",\"potentialAction\":[{\"@type\":\"SearchAction\",\"target\":{\"@type\":\"EntryPoint\",\"urlTemplate\":\"https:\/\/nautipescas.pt\/?s={search_term_string}\"},\"query-input\":\"required name=search_term_string\"}],\"inLanguage\":\"es\"},{\"@type\":\"ImageObject\",\"inLanguage\":\"es\",\"@id\":\"https:\/\/nautipescas.pt\/produto\/cana-barros-decada-kw-450\/#primaryimage\",\"url\":\"https:\/\/nautipescas.pt\/wp-content\/uploads\/2023\/03\/Sketch002123-scaled.jpg\",\"contentUrl\":\"https:\/\/nautipescas.pt\/wp-content\/uploads\/2023\/03\/Sketch002123-scaled.jpg\",\"width\":2560,\"height\":165},{\"@type\":\"WebPage\",\"@id\":\"https:\/\/nautipescas.pt\/produto\/cana-barros-decada-kw-450\/#webpage\",\"url\":\"https:\/\/nautipescas.pt\/produto\/cana-barros-decada-kw-450\/\",\"name\":\"CANA BARROS D\u00c9CADA KW 450 - Nautipescas\",\"isPartOf\":{\"@id\":\"https:\/\/nautipescas.pt\/#website\"},\"primaryImageOfPage\":{\"@id\":\"https:\/\/nautipescas.pt\/produto\/cana-barros-decada-kw-450\/#primaryimage\"},\"datePublished\":\"2023-03-07T17:30:29+00:00\",\"dateModified\":\"2025-10-16T16:57:40+00:00\",\"breadcrumb\":{\"@id\":\"https:\/\/nautipescas.pt\/produto\/cana-barros-decada-kw-450\/#breadcrumb\"},\"inLanguage\":\"es\",\"potentialAction\":[{\"@type\":\"ReadAction\",\"target\":[\"https:\/\/nautipescas.pt\/produto\/cana-barros-decada-kw-450\/\"]}]},{\"@type\":\"BreadcrumbList\",\"@id\":\"https:\/\/nautipescas.pt\/produto\/cana-barros-decada-kw-450\/#breadcrumb\",\"itemListElement\":[{\"@type\":\"ListItem\",\"position\":1,\"name\":\"In\u00edcio\",\"item\":\"https:\/\/nautipescas.pt\/es\/\"},{\"@type\":\"ListItem\",\"position\":2,\"name\":\"Tienda\",\"item\":\"https:\/\/nautipescas.pt\/es\/tienda-de-pesca-online\/\"},{\"@type\":\"ListItem\",\"position\":3,\"name\":\"CANA BARROS D\u00c9CADA KW 450\"}]}]}<\/script>\n<!-- \/ Yoast SEO plugin. -->","yoast_head_json":{"title":"CANA BARROS D\u00c9CADA KW 450 - Nautipescas","robots":{"index":"index","follow":"follow","max-snippet":"max-snippet:-1","max-image-preview":"max-image-preview:large","max-video-preview":"max-video-preview:-1"},"canonical":"https:\/\/nautipescas.pt\/produto\/cana-barros-decada-kw-450\/","og_locale":"es_ES","og_type":"article","og_title":"CANA BARROS D\u00c9CADA KW 450 - Nautipescas","og_description":"Cana telesc\u00f3pica em carbono com refor\u00e7o entran\u00e7ado. Montada com os revolucion\u00e1rios passadores KW antichoque e com porta carretos ADJR. O porta carretos ADJR permite a fixa\u00e7\u00e3o do carreto em qualquer posi\u00e7\u00e3o do cabo, permitindo, por isso, pescar \u00e0 medida do gosto de cada pescador e de cada tipo de pesca. D\u00c9CADA KW Comprimento: 4.50m Comprimento &hellip; Read More \"CANA BARROS D\u00c9CADA KW 450\"","og_url":"https:\/\/nautipescas.pt\/produto\/cana-barros-decada-kw-450\/","og_site_name":"Nautipescas","article_modified_time":"2025-10-16T16:57:40+00:00","og_image":[{"width":2560,"height":165,"url":"https:\/\/nautipescas.pt\/wp-content\/uploads\/2023\/03\/Sketch002123-scaled.jpg","type":"image\/jpeg"}],"author":"Paulo Chaves","twitter_card":"summary_large_image","twitter_misc":{"Tiempo de lectura":"1 minuto"},"schema":{"@context":"https:\/\/schema.org","@graph":[{"@type":"WebSite","@id":"https:\/\/nautipescas.pt\/#website","url":"https:\/\/nautipescas.pt\/","name":"Nautipescas","description":"","potentialAction":[{"@type":"SearchAction","target":{"@type":"EntryPoint","urlTemplate":"https:\/\/nautipescas.pt\/?s={search_term_string}"},"query-input":"required name=search_term_string"}],"inLanguage":"es"},{"@type":"ImageObject","inLanguage":"es","@id":"https:\/\/nautipescas.pt\/produto\/cana-barros-decada-kw-450\/#primaryimage","url":"https:\/\/nautipescas.pt\/wp-content\/uploads\/2023\/03\/Sketch002123-scaled.jpg","contentUrl":"https:\/\/nautipescas.pt\/wp-content\/uploads\/2023\/03\/Sketch002123-scaled.jpg","width":2560,"height":165},{"@type":"WebPage","@id":"https:\/\/nautipescas.pt\/produto\/cana-barros-decada-kw-450\/#webpage","url":"https:\/\/nautipescas.pt\/produto\/cana-barros-decada-kw-450\/","name":"CANA BARROS D\u00c9CADA KW 450 - Nautipescas","isPartOf":{"@id":"https:\/\/nautipescas.pt\/#website"},"primaryImageOfPage":{"@id":"https:\/\/nautipescas.pt\/produto\/cana-barros-decada-kw-450\/#primaryimage"},"datePublished":"2023-03-07T17:30:29+00:00","dateModified":"2025-10-16T16:57:40+00:00","breadcrumb":{"@id":"https:\/\/nautipescas.pt\/produto\/cana-barros-decada-kw-450\/#breadcrumb"},"inLanguage":"es","potentialAction":[{"@type":"ReadAction","target":["https:\/\/nautipescas.pt\/produto\/cana-barros-decada-kw-450\/"]}]},{"@type":"BreadcrumbList","@id":"https:\/\/nautipescas.pt\/produto\/cana-barros-decada-kw-450\/#breadcrumb","itemListElement":[{"@type":"ListItem","position":1,"name":"In\u00edcio","item":"https:\/\/nautipescas.pt\/es\/"},{"@type":"ListItem","position":2,"name":"Tienda","item":"https:\/\/nautipescas.pt\/es\/tienda-de-pesca-online\/"},{"@type":"ListItem","position":3,"name":"CANA BARROS D\u00c9CADA KW 450"}]}]}},"_links":{"self":[{"href":"https:\/\/nautipescas.pt\/es\/wp-json\/wp\/v2\/product\/5093","targetHints":{"allow":["GET"]}}],"collection":[{"href":"https:\/\/nautipescas.pt\/es\/wp-json\/wp\/v2\/product"}],"about":[{"href":"https:\/\/nautipescas.pt\/es\/wp-json\/wp\/v2\/types\/product"}],"wp:featuredmedia":[{"embeddable":true,"href":"https:\/\/nautipescas.pt\/es\/wp-json\/wp\/v2\/media\/5102"}],"wp:attachment":[{"href":"https:\/\/nautipescas.pt\/es\/wp-json\/wp\/v2\/media?parent=5093"}],"wp:term":[{"taxonomy":"product_cat","embeddable":true,"href":"https:\/\/nautipescas.pt\/es\/wp-json\/wp\/v2\/product_cat?post=5093"},{"taxonomy":"product_tag","embeddable":true,"href":"https:\/\/nautipescas.pt\/es\/wp-json\/wp\/v2\/product_tag?post=5093"},{"taxonomy":"marcas","embeddable":true,"href":"https:\/\/nautipescas.pt\/es\/wp-json\/wp\/v2\/marcas?post=5093"}],"curies":[{"name":"wp","href":"https:\/\/api.w.org\/{rel}","templated":true}]}}