{"id":5141,"date":"2023-03-07T18:08:35","date_gmt":"2023-03-07T18:08:35","guid":{"rendered":"https:\/\/nautipescas.pt\/?post_type=product&#038;p=5141"},"modified":"2025-10-16T16:57:23","modified_gmt":"2025-10-16T16:57:23","slug":"cana-barros-stout-flame-300","status":"publish","type":"product","link":"https:\/\/nautipescas.pt\/es\/produto\/cana-barros-stout-flame-300\/","title":{"rendered":"CANA BARROS STOUT FLAME 300"},"content":{"rendered":"<div class=\"estrutura_left\">\n<div id=\"submenu\">\n<div class=\"leftmenu\">\n<div class=\"TituloMenu\"><\/div>\n<\/div>\n<\/div>\n<\/div>\n<div class=\"estrutura_center\">\n<h1>STOUT FLAME<\/h1>\n<h3><\/h3>\n<p>&nbsp;<\/p>\n<p><strong><img decoding=\"async\" class=\"no-zoom\" src=\"https:\/\/www.barrosfishing.com\/source\/produtos\/canas\/stout-flame.jpg\" width=\"1000\" height=\"78\" \/><\/strong><\/p>\n<p>&nbsp;<\/p>\n<p>J\u00e1 l\u00e1 vai o tempo em que uma cana para spinning costeiro, com capacidade para i\u00e7ar peixes grandes, n\u00e3o passava de um sonho. As canas STOUT sempre se posicionaram na vanguarda da tecnologia virada para a robustez, mas esta STOUT FLAME\u00a0 ultrapassa todas as expectativas. Dispon\u00edvel em 2.40m, 2.70m e 3.00m, esta cana para pesca com jerkbaits, vinis, e casting jigs, \u00e9 dotada de uns impressionantes 10Kg de teste de curva. Seguindo a linha das demais canas da gama STOUT, estas canas t\u00eam um pre\u00e7o muito atrativo. Estamos assim, perante uma cana ideal para pescar em dias de mar agitado, pesqueiros altos, e zonas com dif\u00edcil acesso \u00e0 \u00e1gua, onde a captura de um grande robalo, ou uma anchova, depende claramente da pot\u00eancia da cana. A STOUT FLAME vem montada com um porta carretos STP, posicionado \u00e0 dist\u00e2ncia ideal para o trabalho de jerking. Os passadores montados na vara, s\u00e3o passadores KL e KT, adequados para a pesca com linhas entran\u00e7adas.<\/p>\n<ul>\n<li>Comprimento: 3.00m<\/li>\n<li>Comprimento fechada: 1.55m<\/li>\n<li>Sec\u00e7\u00f5es: 2<\/li>\n<li>Peso: 265g<\/li>\n<li>A\u00e7\u00e3o: 20-65g<\/li>\n<li>Teste de curva: 10kg<\/li>\n<\/ul>\n<\/div>\n","protected":false},"excerpt":{"rendered":"<p>STOUT FLAME &nbsp; &nbsp; J\u00e1 l\u00e1 vai o tempo em que uma cana para spinning costeiro, com capacidade para i\u00e7ar peixes grandes, n\u00e3o passava de um sonho. As canas STOUT sempre se posicionaram na vanguarda da tecnologia virada para a robustez, mas esta STOUT FLAME\u00a0 ultrapassa todas as expectativas. Dispon\u00edvel em 2.40m, 2.70m e 3.00m, &hellip; <\/p>\n<p class=\"more-link-wrap\"><a href=\"https:\/\/nautipescas.pt\/es\/produto\/cana-barros-stout-flame-300\/\" class=\"more-link\"><span>Read More<span class=\"screen-reader-text\"> \u00abCANA BARROS STOUT FLAME 300\u00bb<\/span><\/span><\/a><\/p>\n","protected":false},"featured_media":5142,"template":"","meta":{"inline_featured_image":false},"product_cat":[171,384,148],"product_tag":[],"marcas":[248],"class_list":["post-5141","product","type-product","status-publish","has-post-thumbnail","hentry","product_cat-canas","product_cat-canas-spinning","product_cat-pesca","marcas-barros-canas-carretos-fios"],"acf":[],"yoast_head":"<!-- This site is optimized with the Yoast SEO plugin v19.2 - https:\/\/yoast.com\/wordpress\/plugins\/seo\/ -->\n<title>CANA BARROS STOUT FLAME 300 - Nautipescas<\/title>\n<meta name=\"robots\" content=\"index, follow, max-snippet:-1, max-image-preview:large, max-video-preview:-1\" \/>\n<link rel=\"canonical\" href=\"https:\/\/nautipescas.pt\/produto\/cana-barros-stout-flame-300\/\" \/>\n<meta property=\"og:locale\" content=\"es_ES\" \/>\n<meta property=\"og:type\" content=\"article\" \/>\n<meta property=\"og:title\" content=\"CANA BARROS STOUT FLAME 300 - Nautipescas\" \/>\n<meta property=\"og:description\" content=\"STOUT FLAME &nbsp; &nbsp; J\u00e1 l\u00e1 vai o tempo em que uma cana para spinning costeiro, com capacidade para i\u00e7ar peixes grandes, n\u00e3o passava de um sonho. As canas STOUT sempre se posicionaram na vanguarda da tecnologia virada para a robustez, mas esta STOUT FLAME\u00a0 ultrapassa todas as expectativas. Dispon\u00edvel em 2.40m, 2.70m e 3.00m, &hellip; Read More &quot;CANA BARROS STOUT FLAME 300&quot;\" \/>\n<meta property=\"og:url\" content=\"https:\/\/nautipescas.pt\/produto\/cana-barros-stout-flame-300\/\" \/>\n<meta property=\"og:site_name\" content=\"Nautipescas\" \/>\n<meta property=\"article:modified_time\" content=\"2025-10-16T16:57:23+00:00\" \/>\n<meta property=\"og:image\" content=\"https:\/\/nautipescas.pt\/wp-content\/uploads\/2023\/03\/stout-flame.jpg\" \/>\n\t<meta property=\"og:image:width\" content=\"1000\" \/>\n\t<meta property=\"og:image:height\" content=\"78\" \/>\n\t<meta property=\"og:image:type\" content=\"image\/jpeg\" \/>\n<meta name=\"author\" content=\"Paulo Chaves\" \/>\n<meta name=\"twitter:card\" content=\"summary_large_image\" \/>\n<meta name=\"twitter:label1\" content=\"Tiempo de lectura\" \/>\n\t<meta name=\"twitter:data1\" content=\"2 minutos\" \/>\n<script type=\"application\/ld+json\" class=\"yoast-schema-graph\">{\"@context\":\"https:\/\/schema.org\",\"@graph\":[{\"@type\":\"WebSite\",\"@id\":\"https:\/\/nautipescas.pt\/#website\",\"url\":\"https:\/\/nautipescas.pt\/\",\"name\":\"Nautipescas\",\"description\":\"\",\"potentialAction\":[{\"@type\":\"SearchAction\",\"target\":{\"@type\":\"EntryPoint\",\"urlTemplate\":\"https:\/\/nautipescas.pt\/?s={search_term_string}\"},\"query-input\":\"required name=search_term_string\"}],\"inLanguage\":\"es\"},{\"@type\":\"ImageObject\",\"inLanguage\":\"es\",\"@id\":\"https:\/\/nautipescas.pt\/produto\/cana-barros-stout-flame-300\/#primaryimage\",\"url\":\"https:\/\/nautipescas.pt\/wp-content\/uploads\/2023\/03\/stout-flame.jpg\",\"contentUrl\":\"https:\/\/nautipescas.pt\/wp-content\/uploads\/2023\/03\/stout-flame.jpg\",\"width\":1000,\"height\":78},{\"@type\":\"WebPage\",\"@id\":\"https:\/\/nautipescas.pt\/produto\/cana-barros-stout-flame-300\/#webpage\",\"url\":\"https:\/\/nautipescas.pt\/produto\/cana-barros-stout-flame-300\/\",\"name\":\"CANA BARROS STOUT FLAME 300 - Nautipescas\",\"isPartOf\":{\"@id\":\"https:\/\/nautipescas.pt\/#website\"},\"primaryImageOfPage\":{\"@id\":\"https:\/\/nautipescas.pt\/produto\/cana-barros-stout-flame-300\/#primaryimage\"},\"datePublished\":\"2023-03-07T18:08:35+00:00\",\"dateModified\":\"2025-10-16T16:57:23+00:00\",\"breadcrumb\":{\"@id\":\"https:\/\/nautipescas.pt\/produto\/cana-barros-stout-flame-300\/#breadcrumb\"},\"inLanguage\":\"es\",\"potentialAction\":[{\"@type\":\"ReadAction\",\"target\":[\"https:\/\/nautipescas.pt\/produto\/cana-barros-stout-flame-300\/\"]}]},{\"@type\":\"BreadcrumbList\",\"@id\":\"https:\/\/nautipescas.pt\/produto\/cana-barros-stout-flame-300\/#breadcrumb\",\"itemListElement\":[{\"@type\":\"ListItem\",\"position\":1,\"name\":\"In\u00edcio\",\"item\":\"https:\/\/nautipescas.pt\/es\/\"},{\"@type\":\"ListItem\",\"position\":2,\"name\":\"Tienda\",\"item\":\"https:\/\/nautipescas.pt\/es\/tienda-de-pesca-online\/\"},{\"@type\":\"ListItem\",\"position\":3,\"name\":\"CANA BARROS STOUT FLAME 300\"}]}]}<\/script>\n<!-- \/ Yoast SEO plugin. -->","yoast_head_json":{"title":"CANA BARROS STOUT FLAME 300 - Nautipescas","robots":{"index":"index","follow":"follow","max-snippet":"max-snippet:-1","max-image-preview":"max-image-preview:large","max-video-preview":"max-video-preview:-1"},"canonical":"https:\/\/nautipescas.pt\/produto\/cana-barros-stout-flame-300\/","og_locale":"es_ES","og_type":"article","og_title":"CANA BARROS STOUT FLAME 300 - Nautipescas","og_description":"STOUT FLAME &nbsp; &nbsp; J\u00e1 l\u00e1 vai o tempo em que uma cana para spinning costeiro, com capacidade para i\u00e7ar peixes grandes, n\u00e3o passava de um sonho. As canas STOUT sempre se posicionaram na vanguarda da tecnologia virada para a robustez, mas esta STOUT FLAME\u00a0 ultrapassa todas as expectativas. Dispon\u00edvel em 2.40m, 2.70m e 3.00m, &hellip; Read More \"CANA BARROS STOUT FLAME 300\"","og_url":"https:\/\/nautipescas.pt\/produto\/cana-barros-stout-flame-300\/","og_site_name":"Nautipescas","article_modified_time":"2025-10-16T16:57:23+00:00","og_image":[{"width":1000,"height":78,"url":"https:\/\/nautipescas.pt\/wp-content\/uploads\/2023\/03\/stout-flame.jpg","type":"image\/jpeg"}],"author":"Paulo Chaves","twitter_card":"summary_large_image","twitter_misc":{"Tiempo de lectura":"2 minutos"},"schema":{"@context":"https:\/\/schema.org","@graph":[{"@type":"WebSite","@id":"https:\/\/nautipescas.pt\/#website","url":"https:\/\/nautipescas.pt\/","name":"Nautipescas","description":"","potentialAction":[{"@type":"SearchAction","target":{"@type":"EntryPoint","urlTemplate":"https:\/\/nautipescas.pt\/?s={search_term_string}"},"query-input":"required name=search_term_string"}],"inLanguage":"es"},{"@type":"ImageObject","inLanguage":"es","@id":"https:\/\/nautipescas.pt\/produto\/cana-barros-stout-flame-300\/#primaryimage","url":"https:\/\/nautipescas.pt\/wp-content\/uploads\/2023\/03\/stout-flame.jpg","contentUrl":"https:\/\/nautipescas.pt\/wp-content\/uploads\/2023\/03\/stout-flame.jpg","width":1000,"height":78},{"@type":"WebPage","@id":"https:\/\/nautipescas.pt\/produto\/cana-barros-stout-flame-300\/#webpage","url":"https:\/\/nautipescas.pt\/produto\/cana-barros-stout-flame-300\/","name":"CANA BARROS STOUT FLAME 300 - Nautipescas","isPartOf":{"@id":"https:\/\/nautipescas.pt\/#website"},"primaryImageOfPage":{"@id":"https:\/\/nautipescas.pt\/produto\/cana-barros-stout-flame-300\/#primaryimage"},"datePublished":"2023-03-07T18:08:35+00:00","dateModified":"2025-10-16T16:57:23+00:00","breadcrumb":{"@id":"https:\/\/nautipescas.pt\/produto\/cana-barros-stout-flame-300\/#breadcrumb"},"inLanguage":"es","potentialAction":[{"@type":"ReadAction","target":["https:\/\/nautipescas.pt\/produto\/cana-barros-stout-flame-300\/"]}]},{"@type":"BreadcrumbList","@id":"https:\/\/nautipescas.pt\/produto\/cana-barros-stout-flame-300\/#breadcrumb","itemListElement":[{"@type":"ListItem","position":1,"name":"In\u00edcio","item":"https:\/\/nautipescas.pt\/es\/"},{"@type":"ListItem","position":2,"name":"Tienda","item":"https:\/\/nautipescas.pt\/es\/tienda-de-pesca-online\/"},{"@type":"ListItem","position":3,"name":"CANA BARROS STOUT FLAME 300"}]}]}},"_links":{"self":[{"href":"https:\/\/nautipescas.pt\/es\/wp-json\/wp\/v2\/product\/5141","targetHints":{"allow":["GET"]}}],"collection":[{"href":"https:\/\/nautipescas.pt\/es\/wp-json\/wp\/v2\/product"}],"about":[{"href":"https:\/\/nautipescas.pt\/es\/wp-json\/wp\/v2\/types\/product"}],"wp:featuredmedia":[{"embeddable":true,"href":"https:\/\/nautipescas.pt\/es\/wp-json\/wp\/v2\/media\/5142"}],"wp:attachment":[{"href":"https:\/\/nautipescas.pt\/es\/wp-json\/wp\/v2\/media?parent=5141"}],"wp:term":[{"taxonomy":"product_cat","embeddable":true,"href":"https:\/\/nautipescas.pt\/es\/wp-json\/wp\/v2\/product_cat?post=5141"},{"taxonomy":"product_tag","embeddable":true,"href":"https:\/\/nautipescas.pt\/es\/wp-json\/wp\/v2\/product_tag?post=5141"},{"taxonomy":"marcas","embeddable":true,"href":"https:\/\/nautipescas.pt\/es\/wp-json\/wp\/v2\/marcas?post=5141"}],"curies":[{"name":"wp","href":"https:\/\/api.w.org\/{rel}","templated":true}]}}