{"id":5498,"date":"2023-03-08T17:00:04","date_gmt":"2023-03-08T17:00:04","guid":{"rendered":"https:\/\/nautipescas.pt\/?post_type=product&#038;p=5498"},"modified":"2025-02-13T15:45:52","modified_gmt":"2025-02-13T15:45:52","slug":"cana-daiwa-saltist-vj-61-xhs-os","status":"publish","type":"product","link":"https:\/\/nautipescas.pt\/es\/produto\/cana-daiwa-saltist-vj-61-xhs-os\/","title":{"rendered":"CANA DAIWA SALTIST VJ 61 XHS OS"},"content":{"rendered":"<div class=\"product-content\">\n<div class=\"product-content-inner\">\n<div class=\"product-desc\">\n<p>As novas Saltist apresentam em 2022 a mesma cosm\u00e9tica da s\u00e9rie jigging e, de passagem, ver\u00e1 os seus blanks modificados a fim de lhes dar um nervo suplementar \u00fatil para lan\u00e7amentos de longa dist\u00e2ncia e controlo acrescido em combate. O modelo 802H em 40\/50lbs ser\u00e1 perfeito para a pesca de pequenos tun\u00eddeos e peixes de m\u00e9dio porte em ex\u00f3tica em destinos como a Costa Rica, a Guin\u00e9-Bissau, mas tamb\u00e9m pescar nas nossas costa. O modelo 762XH \u00e9 mais musculado e permite pescar o atum ao lan\u00e7ado ou abordar facilmente todas as pescas de 50\/60 lbs. O modelo 862XH \u00e9 mais longo para facilitar os lan\u00e7amentos longos e mais seco na a\u00e7\u00e3o, \u00e9 adequado para a pesca com popper \u00e0 superf\u00edcie at\u00e9 60 lbs.<\/p>\n<\/div>\n<ul class=\"product-specifications\">\n<li>Blank carbono HVF (High Volume Fiber) montado com a tecnologia x45 refor\u00e7ado de carbono Braiding-X no elememto base<\/li>\n<li>Encaixe \u00abOff Set\u00bb (a ponteira encaixa no elemento base)<\/li>\n<li>Passadores Fuji-K anti enleios, tripata Alconite sob-catrafilados, o primeiro \u00e9 um Fuji MN invertido<\/li>\n<li>Porta-carreto Fuji DPS 22 com um anel adicional de bloqueio Fuji BACKSTOP<\/li>\n<li>Pega mousse EVA alta densidade<\/li>\n<li>A\u00e7\u00e3o progressiva, blank reativo ao lan\u00e7ar, reserva de pot\u00eancia no elemento base<\/li>\n<li>Batente cardan Fuji GRC<\/li>\n<li>Tamanho ideal do carreto : 4500 ou 5000 (fora gamas LT)<\/li>\n<\/ul>\n<div class=\"row\">\n<div class=\"col-1_1  product-technologies\">\n<h4 class=\"title\">Tecnologias<\/h4>\n<div class=\"row xcondensed\">\n<div class=\"col-1_4 sm-1_5 md-1_4 lg-1_6 xl-1_8\"><a class=\"open-techno-modal\" title=\"X45\" href=\"https:\/\/www.daiwa.pt\/tecnologias\/canas\/x45-2?ajax=1\" data-slug=\"x45-2\"> <img decoding=\"async\" src=\"https:\/\/www.daiwa.pt\/uploads\/2016\/10\/x45_100x60.jpg\" alt=\"\" width=\"100\" height=\"60\" \/> <\/a><\/div>\n<div class=\"col-1_4 sm-1_5 md-1_4 lg-1_6 xl-1_8\"><a class=\"open-techno-modal\" title=\"HVF\" href=\"https:\/\/www.daiwa.pt\/tecnologias\/canas\/hvf-2?ajax=1\" data-slug=\"hvf-2\"> <img decoding=\"async\" src=\"https:\/\/www.daiwa.pt\/uploads\/2016\/10\/hvf_100x60.jpg\" alt=\"\" width=\"100\" height=\"60\" \/> <\/a><\/div>\n<div class=\"col-1_4 sm-1_5 md-1_4 lg-1_6 xl-1_8\"><a class=\"open-techno-modal\" title=\"V-JOINT\" href=\"https:\/\/www.daiwa.pt\/tecnologias\/canas\/v-joint-2?ajax=1\" data-slug=\"v-joint-2\"> <img decoding=\"async\" src=\"https:\/\/www.daiwa.pt\/uploads\/2016\/10\/v-joint_100x60.jpg\" alt=\"\" width=\"100\" height=\"60\" \/> <\/a><\/div>\n<div class=\"col-1_4 sm-1_5 md-1_4 lg-1_6 xl-1_8\"><a class=\"open-techno-modal\" title=\"MICRO PITCH\" href=\"https:\/\/www.daiwa.pt\/tecnologias\/canas\/micro-pitch-2?ajax=1\" data-slug=\"micro-pitch-2\"> <img decoding=\"async\" src=\"https:\/\/www.daiwa.pt\/uploads\/2016\/10\/micro-pitch_100x60.jpg\" alt=\"\" width=\"100\" height=\"60\" \/> <\/a><\/div>\n<div class=\"col-1_4 sm-1_5 md-1_4 lg-1_6 xl-1_8\"><a class=\"open-techno-modal\" title=\"Passadores FUJI K\" href=\"https:\/\/www.daiwa.pt\/tecnologias\/canas\/passadores-fuji-k-2?ajax=1\" data-slug=\"passadores-fuji-k-2\"> <img decoding=\"async\" src=\"https:\/\/www.daiwa.pt\/uploads\/2016\/10\/anneaux-fuji-k_100x60.jpg\" alt=\"\" width=\"100\" height=\"60\" \/> <\/a><\/div>\n<div class=\"col-1_4 sm-1_5 md-1_4 lg-1_6 xl-1_8\"><a class=\"open-techno-modal\" title=\"FUJI\" href=\"https:\/\/www.daiwa.pt\/tecnologias\/canas\/fuji-2?ajax=1\" data-slug=\"fuji-2\"> <img decoding=\"async\" src=\"https:\/\/www.daiwa.pt\/uploads\/2016\/10\/composants-fuji_100x60.jpg\" alt=\"\" width=\"100\" height=\"60\" \/> <\/a><\/div>\n<\/div>\n<\/div>\n<\/div>\n<\/div>\n<\/div>\n<div class=\"product-content-next\">\n<div class=\"product-content-next-inner\">\n<div class=\"polymorphic-table product-table\">\n<div class=\"polymorphic-table-inner\">\n<p>Tamanho:<strong>1.85m<\/strong><\/p>\n<p>Ac\u00e7\u00e3o:<strong>100-300g<\/strong><\/p>\n<p>Elementos:<strong>1+1<\/strong><\/p>\n<p>Comprimento Fechada:<strong>1.30m<\/strong><\/p>\n<p>Tipo de material:<strong>Carbono HVF refor\u00e7ado Braiding-X + x45<\/strong><\/p>\n<p>Passadores:<strong>Fuji K Alconite<\/strong><\/p>\n<p>Porta-carretos:<strong>Fuji <\/strong><\/p>\n<p>Peso:<strong>329g<\/strong><\/p>\n<\/div>\n<\/div>\n<\/div>\n<\/div>\n","protected":false},"excerpt":{"rendered":"<p>As novas Saltist apresentam em 2022 a mesma cosm\u00e9tica da s\u00e9rie jigging e, de passagem, ver\u00e1 os seus blanks modificados a fim de lhes dar um nervo suplementar \u00fatil para lan\u00e7amentos de longa dist\u00e2ncia e controlo acrescido em combate. O modelo 802H em 40\/50lbs ser\u00e1 perfeito para a pesca de pequenos tun\u00eddeos e peixes de &hellip; <\/p>\n<p class=\"more-link-wrap\"><a href=\"https:\/\/nautipescas.pt\/es\/produto\/cana-daiwa-saltist-vj-61-xhs-os\/\" class=\"more-link\"><span>Read More<span class=\"screen-reader-text\"> \u00abCANA DAIWA SALTIST VJ 61 XHS OS\u00bb<\/span><\/span><\/a><\/p>\n","protected":false},"featured_media":5499,"template":"","meta":{"inline_featured_image":false},"product_cat":[171,232,148],"product_tag":[],"marcas":[131],"class_list":["post-5498","product","type-product","status-publish","has-post-thumbnail","hentry","product_cat-canas","product_cat-canas-zagaia","product_cat-pesca","marcas-daiwa"],"acf":[],"yoast_head":"<!-- This site is optimized with the Yoast SEO plugin v19.2 - https:\/\/yoast.com\/wordpress\/plugins\/seo\/ -->\n<title>CANA DAIWA SALTIST VJ 61 XHS OS - Nautipescas<\/title>\n<meta name=\"robots\" content=\"index, follow, max-snippet:-1, max-image-preview:large, max-video-preview:-1\" \/>\n<link rel=\"canonical\" href=\"https:\/\/nautipescas.pt\/produto\/cana-daiwa-saltist-vj-61-xhs-os\/\" \/>\n<meta property=\"og:locale\" content=\"es_ES\" \/>\n<meta property=\"og:type\" content=\"article\" \/>\n<meta property=\"og:title\" content=\"CANA DAIWA SALTIST VJ 61 XHS OS - Nautipescas\" \/>\n<meta property=\"og:description\" content=\"As novas Saltist apresentam em 2022 a mesma cosm\u00e9tica da s\u00e9rie jigging e, de passagem, ver\u00e1 os seus blanks modificados a fim de lhes dar um nervo suplementar \u00fatil para lan\u00e7amentos de longa dist\u00e2ncia e controlo acrescido em combate. O modelo 802H em 40\/50lbs ser\u00e1 perfeito para a pesca de pequenos tun\u00eddeos e peixes de &hellip; Read More &quot;CANA DAIWA SALTIST VJ 61 XHS OS&quot;\" \/>\n<meta property=\"og:url\" content=\"https:\/\/nautipescas.pt\/produto\/cana-daiwa-saltist-vj-61-xhs-os\/\" \/>\n<meta property=\"og:site_name\" content=\"Nautipescas\" \/>\n<meta property=\"article:modified_time\" content=\"2025-02-13T15:45:52+00:00\" \/>\n<meta property=\"og:image\" content=\"https:\/\/nautipescas.pt\/wp-content\/uploads\/2023\/03\/SLT762XHCF-scaled.jpg\" \/>\n\t<meta property=\"og:image:width\" content=\"1280\" \/>\n\t<meta property=\"og:image:height\" content=\"2560\" \/>\n\t<meta property=\"og:image:type\" content=\"image\/jpeg\" \/>\n<meta name=\"author\" content=\"Paulo Chaves\" \/>\n<meta name=\"twitter:card\" content=\"summary_large_image\" \/>\n<meta name=\"twitter:label1\" content=\"Tiempo de lectura\" \/>\n\t<meta name=\"twitter:data1\" content=\"3 minutos\" \/>\n<script type=\"application\/ld+json\" class=\"yoast-schema-graph\">{\"@context\":\"https:\/\/schema.org\",\"@graph\":[{\"@type\":\"WebSite\",\"@id\":\"https:\/\/nautipescas.pt\/#website\",\"url\":\"https:\/\/nautipescas.pt\/\",\"name\":\"Nautipescas\",\"description\":\"\",\"potentialAction\":[{\"@type\":\"SearchAction\",\"target\":{\"@type\":\"EntryPoint\",\"urlTemplate\":\"https:\/\/nautipescas.pt\/?s={search_term_string}\"},\"query-input\":\"required name=search_term_string\"}],\"inLanguage\":\"es\"},{\"@type\":\"ImageObject\",\"inLanguage\":\"es\",\"@id\":\"https:\/\/nautipescas.pt\/produto\/cana-daiwa-saltist-vj-61-xhs-os\/#primaryimage\",\"url\":\"https:\/\/nautipescas.pt\/wp-content\/uploads\/2023\/03\/SLT762XHCF-scaled.jpg\",\"contentUrl\":\"https:\/\/nautipescas.pt\/wp-content\/uploads\/2023\/03\/SLT762XHCF-scaled.jpg\",\"width\":1280,\"height\":2560},{\"@type\":\"WebPage\",\"@id\":\"https:\/\/nautipescas.pt\/produto\/cana-daiwa-saltist-vj-61-xhs-os\/#webpage\",\"url\":\"https:\/\/nautipescas.pt\/produto\/cana-daiwa-saltist-vj-61-xhs-os\/\",\"name\":\"CANA DAIWA SALTIST VJ 61 XHS OS - Nautipescas\",\"isPartOf\":{\"@id\":\"https:\/\/nautipescas.pt\/#website\"},\"primaryImageOfPage\":{\"@id\":\"https:\/\/nautipescas.pt\/produto\/cana-daiwa-saltist-vj-61-xhs-os\/#primaryimage\"},\"datePublished\":\"2023-03-08T17:00:04+00:00\",\"dateModified\":\"2025-02-13T15:45:52+00:00\",\"breadcrumb\":{\"@id\":\"https:\/\/nautipescas.pt\/produto\/cana-daiwa-saltist-vj-61-xhs-os\/#breadcrumb\"},\"inLanguage\":\"es\",\"potentialAction\":[{\"@type\":\"ReadAction\",\"target\":[\"https:\/\/nautipescas.pt\/produto\/cana-daiwa-saltist-vj-61-xhs-os\/\"]}]},{\"@type\":\"BreadcrumbList\",\"@id\":\"https:\/\/nautipescas.pt\/produto\/cana-daiwa-saltist-vj-61-xhs-os\/#breadcrumb\",\"itemListElement\":[{\"@type\":\"ListItem\",\"position\":1,\"name\":\"In\u00edcio\",\"item\":\"https:\/\/nautipescas.pt\/es\/\"},{\"@type\":\"ListItem\",\"position\":2,\"name\":\"Tienda\",\"item\":\"https:\/\/nautipescas.pt\/es\/tienda-de-pesca-online\/\"},{\"@type\":\"ListItem\",\"position\":3,\"name\":\"CANA DAIWA SALTIST VJ 61 XHS OS\"}]}]}<\/script>\n<!-- \/ Yoast SEO plugin. -->","yoast_head_json":{"title":"CANA DAIWA SALTIST VJ 61 XHS OS - Nautipescas","robots":{"index":"index","follow":"follow","max-snippet":"max-snippet:-1","max-image-preview":"max-image-preview:large","max-video-preview":"max-video-preview:-1"},"canonical":"https:\/\/nautipescas.pt\/produto\/cana-daiwa-saltist-vj-61-xhs-os\/","og_locale":"es_ES","og_type":"article","og_title":"CANA DAIWA SALTIST VJ 61 XHS OS - Nautipescas","og_description":"As novas Saltist apresentam em 2022 a mesma cosm\u00e9tica da s\u00e9rie jigging e, de passagem, ver\u00e1 os seus blanks modificados a fim de lhes dar um nervo suplementar \u00fatil para lan\u00e7amentos de longa dist\u00e2ncia e controlo acrescido em combate. O modelo 802H em 40\/50lbs ser\u00e1 perfeito para a pesca de pequenos tun\u00eddeos e peixes de &hellip; Read More \"CANA DAIWA SALTIST VJ 61 XHS OS\"","og_url":"https:\/\/nautipescas.pt\/produto\/cana-daiwa-saltist-vj-61-xhs-os\/","og_site_name":"Nautipescas","article_modified_time":"2025-02-13T15:45:52+00:00","og_image":[{"width":1280,"height":2560,"url":"https:\/\/nautipescas.pt\/wp-content\/uploads\/2023\/03\/SLT762XHCF-scaled.jpg","type":"image\/jpeg"}],"author":"Paulo Chaves","twitter_card":"summary_large_image","twitter_misc":{"Tiempo de lectura":"3 minutos"},"schema":{"@context":"https:\/\/schema.org","@graph":[{"@type":"WebSite","@id":"https:\/\/nautipescas.pt\/#website","url":"https:\/\/nautipescas.pt\/","name":"Nautipescas","description":"","potentialAction":[{"@type":"SearchAction","target":{"@type":"EntryPoint","urlTemplate":"https:\/\/nautipescas.pt\/?s={search_term_string}"},"query-input":"required name=search_term_string"}],"inLanguage":"es"},{"@type":"ImageObject","inLanguage":"es","@id":"https:\/\/nautipescas.pt\/produto\/cana-daiwa-saltist-vj-61-xhs-os\/#primaryimage","url":"https:\/\/nautipescas.pt\/wp-content\/uploads\/2023\/03\/SLT762XHCF-scaled.jpg","contentUrl":"https:\/\/nautipescas.pt\/wp-content\/uploads\/2023\/03\/SLT762XHCF-scaled.jpg","width":1280,"height":2560},{"@type":"WebPage","@id":"https:\/\/nautipescas.pt\/produto\/cana-daiwa-saltist-vj-61-xhs-os\/#webpage","url":"https:\/\/nautipescas.pt\/produto\/cana-daiwa-saltist-vj-61-xhs-os\/","name":"CANA DAIWA SALTIST VJ 61 XHS OS - Nautipescas","isPartOf":{"@id":"https:\/\/nautipescas.pt\/#website"},"primaryImageOfPage":{"@id":"https:\/\/nautipescas.pt\/produto\/cana-daiwa-saltist-vj-61-xhs-os\/#primaryimage"},"datePublished":"2023-03-08T17:00:04+00:00","dateModified":"2025-02-13T15:45:52+00:00","breadcrumb":{"@id":"https:\/\/nautipescas.pt\/produto\/cana-daiwa-saltist-vj-61-xhs-os\/#breadcrumb"},"inLanguage":"es","potentialAction":[{"@type":"ReadAction","target":["https:\/\/nautipescas.pt\/produto\/cana-daiwa-saltist-vj-61-xhs-os\/"]}]},{"@type":"BreadcrumbList","@id":"https:\/\/nautipescas.pt\/produto\/cana-daiwa-saltist-vj-61-xhs-os\/#breadcrumb","itemListElement":[{"@type":"ListItem","position":1,"name":"In\u00edcio","item":"https:\/\/nautipescas.pt\/es\/"},{"@type":"ListItem","position":2,"name":"Tienda","item":"https:\/\/nautipescas.pt\/es\/tienda-de-pesca-online\/"},{"@type":"ListItem","position":3,"name":"CANA DAIWA SALTIST VJ 61 XHS OS"}]}]}},"_links":{"self":[{"href":"https:\/\/nautipescas.pt\/es\/wp-json\/wp\/v2\/product\/5498","targetHints":{"allow":["GET"]}}],"collection":[{"href":"https:\/\/nautipescas.pt\/es\/wp-json\/wp\/v2\/product"}],"about":[{"href":"https:\/\/nautipescas.pt\/es\/wp-json\/wp\/v2\/types\/product"}],"wp:featuredmedia":[{"embeddable":true,"href":"https:\/\/nautipescas.pt\/es\/wp-json\/wp\/v2\/media\/5499"}],"wp:attachment":[{"href":"https:\/\/nautipescas.pt\/es\/wp-json\/wp\/v2\/media?parent=5498"}],"wp:term":[{"taxonomy":"product_cat","embeddable":true,"href":"https:\/\/nautipescas.pt\/es\/wp-json\/wp\/v2\/product_cat?post=5498"},{"taxonomy":"product_tag","embeddable":true,"href":"https:\/\/nautipescas.pt\/es\/wp-json\/wp\/v2\/product_tag?post=5498"},{"taxonomy":"marcas","embeddable":true,"href":"https:\/\/nautipescas.pt\/es\/wp-json\/wp\/v2\/marcas?post=5498"}],"curies":[{"name":"wp","href":"https:\/\/api.w.org\/{rel}","templated":true}]}}