{"id":5508,"date":"2023-03-08T17:21:17","date_gmt":"2023-03-08T17:21:17","guid":{"rendered":"https:\/\/nautipescas.pt\/?post_type=product&#038;p=5508"},"modified":"2024-08-07T15:53:59","modified_gmt":"2024-08-07T15:53:59","slug":"cana-vega-imperial-spin-3-0mt","status":"publish","type":"product","link":"https:\/\/nautipescas.pt\/es\/produto\/cana-vega-imperial-spin-3-0mt\/","title":{"rendered":"CANA VEGA IMPERIAL SPIN 3.0MT"},"content":{"rendered":"<p>CANA VEGA IMPERIAL SPIN 3.0MT<\/p>\n<p>Cana Imperial Spin indicada para o spinning em tr\u00eas sec\u00e7\u00f5es, com uma a\u00e7\u00e3o de ponta e capacidade para lan\u00e7ar at\u00e9 90gr.<br \/>\nA utiliza\u00e7\u00e3o de nano materiais e o refor\u00e7o em Woven Carbon na zona do cabo permite-lhe i\u00e7ar at\u00e9 8 kg, enquanto o revestimento do blank em Nanocoate lhe elevam a resposta din\u00e2mica a esfor\u00e7os.<br \/>\nAs tr\u00eas sec\u00e7\u00f5es permitem uma arruma\u00e7\u00e3o num espa\u00e7o reduzido sem prejudicar as suas capacidades e presta\u00e7\u00f5es.<br \/>\nVem equipada com passadores SIC e porta carretos tubular.<\/p>\n<p>&nbsp;<\/p>\n","protected":false},"excerpt":{"rendered":"<p>CANA VEGA IMPERIAL SPIN 3.0MT Cana Imperial Spin indicada para o spinning em tr\u00eas sec\u00e7\u00f5es, com uma a\u00e7\u00e3o de ponta e capacidade para lan\u00e7ar at\u00e9 90gr. A utiliza\u00e7\u00e3o de nano materiais e o refor\u00e7o em Woven Carbon na zona do cabo permite-lhe i\u00e7ar at\u00e9 8 kg, enquanto o revestimento do blank em Nanocoate lhe elevam &hellip; <\/p>\n<p class=\"more-link-wrap\"><a href=\"https:\/\/nautipescas.pt\/es\/produto\/cana-vega-imperial-spin-3-0mt\/\" class=\"more-link\"><span>Read More<span class=\"screen-reader-text\"> \u00abCANA VEGA IMPERIAL SPIN 3.0MT\u00bb<\/span><\/span><\/a><\/p>\n","protected":false},"featured_media":5509,"template":"","meta":{"inline_featured_image":false},"product_cat":[171,384,148],"product_tag":[],"marcas":[151],"class_list":["post-5508","product","type-product","status-publish","has-post-thumbnail","hentry","product_cat-canas","product_cat-canas-spinning","product_cat-pesca","marcas-vega"],"acf":[],"yoast_head":"<!-- This site is optimized with the Yoast SEO plugin v19.2 - https:\/\/yoast.com\/wordpress\/plugins\/seo\/ -->\n<title>CANA VEGA IMPERIAL SPIN 3.0MT - Nautipescas<\/title>\n<meta name=\"robots\" content=\"index, follow, max-snippet:-1, max-image-preview:large, max-video-preview:-1\" \/>\n<link rel=\"canonical\" href=\"https:\/\/nautipescas.pt\/produto\/cana-vega-imperial-spin-3-0mt\/\" \/>\n<meta property=\"og:locale\" content=\"es_ES\" \/>\n<meta property=\"og:type\" content=\"article\" \/>\n<meta property=\"og:title\" content=\"CANA VEGA IMPERIAL SPIN 3.0MT - Nautipescas\" \/>\n<meta property=\"og:description\" content=\"CANA VEGA IMPERIAL SPIN 3.0MT Cana Imperial Spin indicada para o spinning em tr\u00eas sec\u00e7\u00f5es, com uma a\u00e7\u00e3o de ponta e capacidade para lan\u00e7ar at\u00e9 90gr. A utiliza\u00e7\u00e3o de nano materiais e o refor\u00e7o em Woven Carbon na zona do cabo permite-lhe i\u00e7ar at\u00e9 8 kg, enquanto o revestimento do blank em Nanocoate lhe elevam &hellip; Read More &quot;CANA VEGA IMPERIAL SPIN 3.0MT&quot;\" \/>\n<meta property=\"og:url\" content=\"https:\/\/nautipescas.pt\/produto\/cana-vega-imperial-spin-3-0mt\/\" \/>\n<meta property=\"og:site_name\" content=\"Nautipescas\" \/>\n<meta property=\"article:modified_time\" content=\"2024-08-07T15:53:59+00:00\" \/>\n<meta property=\"og:image\" content=\"https:\/\/nautipescas.pt\/wp-content\/uploads\/2023\/03\/9310-IMPERIAL-SPIN-PRO-scaled.jpg\" \/>\n\t<meta property=\"og:image:width\" content=\"2560\" \/>\n\t<meta property=\"og:image:height\" content=\"470\" \/>\n\t<meta property=\"og:image:type\" content=\"image\/jpeg\" \/>\n<meta name=\"author\" content=\"Paulo Chaves\" \/>\n<meta name=\"twitter:card\" content=\"summary_large_image\" \/>\n<meta name=\"twitter:label1\" content=\"Tiempo de lectura\" \/>\n\t<meta name=\"twitter:data1\" content=\"1 minuto\" \/>\n<script type=\"application\/ld+json\" class=\"yoast-schema-graph\">{\"@context\":\"https:\/\/schema.org\",\"@graph\":[{\"@type\":\"WebSite\",\"@id\":\"https:\/\/nautipescas.pt\/#website\",\"url\":\"https:\/\/nautipescas.pt\/\",\"name\":\"Nautipescas\",\"description\":\"\",\"potentialAction\":[{\"@type\":\"SearchAction\",\"target\":{\"@type\":\"EntryPoint\",\"urlTemplate\":\"https:\/\/nautipescas.pt\/?s={search_term_string}\"},\"query-input\":\"required name=search_term_string\"}],\"inLanguage\":\"es\"},{\"@type\":\"ImageObject\",\"inLanguage\":\"es\",\"@id\":\"https:\/\/nautipescas.pt\/produto\/cana-vega-imperial-spin-3-0mt\/#primaryimage\",\"url\":\"https:\/\/nautipescas.pt\/wp-content\/uploads\/2023\/03\/9310-IMPERIAL-SPIN-PRO-scaled.jpg\",\"contentUrl\":\"https:\/\/nautipescas.pt\/wp-content\/uploads\/2023\/03\/9310-IMPERIAL-SPIN-PRO-scaled.jpg\",\"width\":2560,\"height\":470},{\"@type\":\"WebPage\",\"@id\":\"https:\/\/nautipescas.pt\/produto\/cana-vega-imperial-spin-3-0mt\/#webpage\",\"url\":\"https:\/\/nautipescas.pt\/produto\/cana-vega-imperial-spin-3-0mt\/\",\"name\":\"CANA VEGA IMPERIAL SPIN 3.0MT - Nautipescas\",\"isPartOf\":{\"@id\":\"https:\/\/nautipescas.pt\/#website\"},\"primaryImageOfPage\":{\"@id\":\"https:\/\/nautipescas.pt\/produto\/cana-vega-imperial-spin-3-0mt\/#primaryimage\"},\"datePublished\":\"2023-03-08T17:21:17+00:00\",\"dateModified\":\"2024-08-07T15:53:59+00:00\",\"breadcrumb\":{\"@id\":\"https:\/\/nautipescas.pt\/produto\/cana-vega-imperial-spin-3-0mt\/#breadcrumb\"},\"inLanguage\":\"es\",\"potentialAction\":[{\"@type\":\"ReadAction\",\"target\":[\"https:\/\/nautipescas.pt\/produto\/cana-vega-imperial-spin-3-0mt\/\"]}]},{\"@type\":\"BreadcrumbList\",\"@id\":\"https:\/\/nautipescas.pt\/produto\/cana-vega-imperial-spin-3-0mt\/#breadcrumb\",\"itemListElement\":[{\"@type\":\"ListItem\",\"position\":1,\"name\":\"In\u00edcio\",\"item\":\"https:\/\/nautipescas.pt\/es\/\"},{\"@type\":\"ListItem\",\"position\":2,\"name\":\"Tienda\",\"item\":\"https:\/\/nautipescas.pt\/es\/tienda-de-pesca-online\/\"},{\"@type\":\"ListItem\",\"position\":3,\"name\":\"CANA VEGA IMPERIAL SPIN 3.0MT\"}]}]}<\/script>\n<!-- \/ Yoast SEO plugin. -->","yoast_head_json":{"title":"CANA VEGA IMPERIAL SPIN 3.0MT - Nautipescas","robots":{"index":"index","follow":"follow","max-snippet":"max-snippet:-1","max-image-preview":"max-image-preview:large","max-video-preview":"max-video-preview:-1"},"canonical":"https:\/\/nautipescas.pt\/produto\/cana-vega-imperial-spin-3-0mt\/","og_locale":"es_ES","og_type":"article","og_title":"CANA VEGA IMPERIAL SPIN 3.0MT - Nautipescas","og_description":"CANA VEGA IMPERIAL SPIN 3.0MT Cana Imperial Spin indicada para o spinning em tr\u00eas sec\u00e7\u00f5es, com uma a\u00e7\u00e3o de ponta e capacidade para lan\u00e7ar at\u00e9 90gr. A utiliza\u00e7\u00e3o de nano materiais e o refor\u00e7o em Woven Carbon na zona do cabo permite-lhe i\u00e7ar at\u00e9 8 kg, enquanto o revestimento do blank em Nanocoate lhe elevam &hellip; Read More \"CANA VEGA IMPERIAL SPIN 3.0MT\"","og_url":"https:\/\/nautipescas.pt\/produto\/cana-vega-imperial-spin-3-0mt\/","og_site_name":"Nautipescas","article_modified_time":"2024-08-07T15:53:59+00:00","og_image":[{"width":2560,"height":470,"url":"https:\/\/nautipescas.pt\/wp-content\/uploads\/2023\/03\/9310-IMPERIAL-SPIN-PRO-scaled.jpg","type":"image\/jpeg"}],"author":"Paulo Chaves","twitter_card":"summary_large_image","twitter_misc":{"Tiempo de lectura":"1 minuto"},"schema":{"@context":"https:\/\/schema.org","@graph":[{"@type":"WebSite","@id":"https:\/\/nautipescas.pt\/#website","url":"https:\/\/nautipescas.pt\/","name":"Nautipescas","description":"","potentialAction":[{"@type":"SearchAction","target":{"@type":"EntryPoint","urlTemplate":"https:\/\/nautipescas.pt\/?s={search_term_string}"},"query-input":"required name=search_term_string"}],"inLanguage":"es"},{"@type":"ImageObject","inLanguage":"es","@id":"https:\/\/nautipescas.pt\/produto\/cana-vega-imperial-spin-3-0mt\/#primaryimage","url":"https:\/\/nautipescas.pt\/wp-content\/uploads\/2023\/03\/9310-IMPERIAL-SPIN-PRO-scaled.jpg","contentUrl":"https:\/\/nautipescas.pt\/wp-content\/uploads\/2023\/03\/9310-IMPERIAL-SPIN-PRO-scaled.jpg","width":2560,"height":470},{"@type":"WebPage","@id":"https:\/\/nautipescas.pt\/produto\/cana-vega-imperial-spin-3-0mt\/#webpage","url":"https:\/\/nautipescas.pt\/produto\/cana-vega-imperial-spin-3-0mt\/","name":"CANA VEGA IMPERIAL SPIN 3.0MT - Nautipescas","isPartOf":{"@id":"https:\/\/nautipescas.pt\/#website"},"primaryImageOfPage":{"@id":"https:\/\/nautipescas.pt\/produto\/cana-vega-imperial-spin-3-0mt\/#primaryimage"},"datePublished":"2023-03-08T17:21:17+00:00","dateModified":"2024-08-07T15:53:59+00:00","breadcrumb":{"@id":"https:\/\/nautipescas.pt\/produto\/cana-vega-imperial-spin-3-0mt\/#breadcrumb"},"inLanguage":"es","potentialAction":[{"@type":"ReadAction","target":["https:\/\/nautipescas.pt\/produto\/cana-vega-imperial-spin-3-0mt\/"]}]},{"@type":"BreadcrumbList","@id":"https:\/\/nautipescas.pt\/produto\/cana-vega-imperial-spin-3-0mt\/#breadcrumb","itemListElement":[{"@type":"ListItem","position":1,"name":"In\u00edcio","item":"https:\/\/nautipescas.pt\/es\/"},{"@type":"ListItem","position":2,"name":"Tienda","item":"https:\/\/nautipescas.pt\/es\/tienda-de-pesca-online\/"},{"@type":"ListItem","position":3,"name":"CANA VEGA IMPERIAL SPIN 3.0MT"}]}]}},"_links":{"self":[{"href":"https:\/\/nautipescas.pt\/es\/wp-json\/wp\/v2\/product\/5508","targetHints":{"allow":["GET"]}}],"collection":[{"href":"https:\/\/nautipescas.pt\/es\/wp-json\/wp\/v2\/product"}],"about":[{"href":"https:\/\/nautipescas.pt\/es\/wp-json\/wp\/v2\/types\/product"}],"wp:featuredmedia":[{"embeddable":true,"href":"https:\/\/nautipescas.pt\/es\/wp-json\/wp\/v2\/media\/5509"}],"wp:attachment":[{"href":"https:\/\/nautipescas.pt\/es\/wp-json\/wp\/v2\/media?parent=5508"}],"wp:term":[{"taxonomy":"product_cat","embeddable":true,"href":"https:\/\/nautipescas.pt\/es\/wp-json\/wp\/v2\/product_cat?post=5508"},{"taxonomy":"product_tag","embeddable":true,"href":"https:\/\/nautipescas.pt\/es\/wp-json\/wp\/v2\/product_tag?post=5508"},{"taxonomy":"marcas","embeddable":true,"href":"https:\/\/nautipescas.pt\/es\/wp-json\/wp\/v2\/marcas?post=5508"}],"curies":[{"name":"wp","href":"https:\/\/api.w.org\/{rel}","templated":true}]}}