{"id":5565,"date":"2023-03-08T18:40:32","date_gmt":"2023-03-08T18:40:32","guid":{"rendered":"https:\/\/nautipescas.pt\/?post_type=product&#038;p=5565"},"modified":"2024-01-11T14:27:26","modified_gmt":"2024-01-11T14:27:26","slug":"barros-cana-invicta-svs-300-sg","status":"publish","type":"product","link":"https:\/\/nautipescas.pt\/es\/produto\/barros-cana-invicta-svs-300-sg\/","title":{"rendered":"BARROS CANA INVICTA SVS 300 SG"},"content":{"rendered":"<p>A INVICTA SVS \u00e9 uma cana em carbono de alta resist\u00eancia, com a\u00e7\u00e3o de ponta, e porta carretos IP-NL, para melhor conforto na anima\u00e7\u00e3o das amostras. Esta cana cuja a\u00e7\u00e3o permite lan\u00e7ar amostras at\u00e9 60g, \u00e9 muito vers\u00e1til e, \u00e9 adequada para robalos, bailas e anchovas, podendo ser usada para pesca com jerkbaits, vinis e at\u00e9 casting jigs. A BARROS n\u00e3o deixou de pensar na est\u00e9tica e fez a montagem com aplica\u00e7\u00f5es em hooven carbon, no punho e no porta carretos. A grande novidade numa cana deste patamar de pre\u00e7o, \u00e9 a montagem de passadores Sea Guide em a\u00e7o inox 316.<\/p>\n<ul>\n<li>Comprimento: 3.00m<\/li>\n<li>Comprimento fechada: 1.55m<\/li>\n<li>Sec\u00e7\u00f5es: 2<\/li>\n<li>Peso: 240g<\/li>\n<li>A\u00e7\u00e3o: 25-60g<\/li>\n<li>Teste de curva: 4kg<\/li>\n<\/ul>\n","protected":false},"excerpt":{"rendered":"<p>A INVICTA SVS \u00e9 uma cana em carbono de alta resist\u00eancia, com a\u00e7\u00e3o de ponta, e porta carretos IP-NL, para melhor conforto na anima\u00e7\u00e3o das amostras. Esta cana cuja a\u00e7\u00e3o permite lan\u00e7ar amostras at\u00e9 60g, \u00e9 muito vers\u00e1til e, \u00e9 adequada para robalos, bailas e anchovas, podendo ser usada para pesca com jerkbaits, vinis e &hellip; <\/p>\n<p class=\"more-link-wrap\"><a href=\"https:\/\/nautipescas.pt\/es\/produto\/barros-cana-invicta-svs-300-sg\/\" class=\"more-link\"><span>Read More<span class=\"screen-reader-text\"> \u00abBARROS CANA INVICTA SVS 300 SG\u00bb<\/span><\/span><\/a><\/p>\n","protected":false},"featured_media":5566,"template":"","meta":{"inline_featured_image":false},"product_cat":[171,384,148],"product_tag":[],"marcas":[248],"class_list":["post-5565","product","type-product","status-publish","has-post-thumbnail","hentry","product_cat-canas","product_cat-canas-spinning","product_cat-pesca","marcas-barros-canas-carretos-fios"],"acf":[],"yoast_head":"<!-- This site is optimized with the Yoast SEO plugin v19.2 - https:\/\/yoast.com\/wordpress\/plugins\/seo\/ -->\n<title>BARROS CANA INVICTA SVS 300 SG - Nautipescas<\/title>\n<meta name=\"robots\" content=\"index, follow, max-snippet:-1, max-image-preview:large, max-video-preview:-1\" \/>\n<link rel=\"canonical\" href=\"https:\/\/nautipescas.pt\/produto\/barros-cana-invicta-svs-300-sg\/\" \/>\n<meta property=\"og:locale\" content=\"es_ES\" \/>\n<meta property=\"og:type\" content=\"article\" \/>\n<meta property=\"og:title\" content=\"BARROS CANA INVICTA SVS 300 SG - Nautipescas\" \/>\n<meta property=\"og:description\" content=\"A INVICTA SVS \u00e9 uma cana em carbono de alta resist\u00eancia, com a\u00e7\u00e3o de ponta, e porta carretos IP-NL, para melhor conforto na anima\u00e7\u00e3o das amostras. Esta cana cuja a\u00e7\u00e3o permite lan\u00e7ar amostras at\u00e9 60g, \u00e9 muito vers\u00e1til e, \u00e9 adequada para robalos, bailas e anchovas, podendo ser usada para pesca com jerkbaits, vinis e &hellip; Read More &quot;BARROS CANA INVICTA SVS 300 SG&quot;\" \/>\n<meta property=\"og:url\" content=\"https:\/\/nautipescas.pt\/produto\/barros-cana-invicta-svs-300-sg\/\" \/>\n<meta property=\"og:site_name\" content=\"Nautipescas\" \/>\n<meta property=\"article:modified_time\" content=\"2024-01-11T14:27:26+00:00\" \/>\n<meta property=\"og:image\" content=\"https:\/\/nautipescas.pt\/wp-content\/uploads\/2023\/03\/vertika1-scaled.jpg\" \/>\n\t<meta property=\"og:image:width\" content=\"2560\" \/>\n\t<meta property=\"og:image:height\" content=\"186\" \/>\n\t<meta property=\"og:image:type\" content=\"image\/jpeg\" \/>\n<meta name=\"author\" content=\"Paulo Chaves\" \/>\n<meta name=\"twitter:card\" content=\"summary_large_image\" \/>\n<meta name=\"twitter:label1\" content=\"Tiempo de lectura\" \/>\n\t<meta name=\"twitter:data1\" content=\"1 minuto\" \/>\n<script type=\"application\/ld+json\" class=\"yoast-schema-graph\">{\"@context\":\"https:\/\/schema.org\",\"@graph\":[{\"@type\":\"WebSite\",\"@id\":\"https:\/\/nautipescas.pt\/#website\",\"url\":\"https:\/\/nautipescas.pt\/\",\"name\":\"Nautipescas\",\"description\":\"\",\"potentialAction\":[{\"@type\":\"SearchAction\",\"target\":{\"@type\":\"EntryPoint\",\"urlTemplate\":\"https:\/\/nautipescas.pt\/?s={search_term_string}\"},\"query-input\":\"required name=search_term_string\"}],\"inLanguage\":\"es\"},{\"@type\":\"ImageObject\",\"inLanguage\":\"es\",\"@id\":\"https:\/\/nautipescas.pt\/produto\/barros-cana-invicta-svs-300-sg\/#primaryimage\",\"url\":\"https:\/\/nautipescas.pt\/wp-content\/uploads\/2023\/03\/vertika1-scaled.jpg\",\"contentUrl\":\"https:\/\/nautipescas.pt\/wp-content\/uploads\/2023\/03\/vertika1-scaled.jpg\",\"width\":2560,\"height\":186},{\"@type\":\"WebPage\",\"@id\":\"https:\/\/nautipescas.pt\/produto\/barros-cana-invicta-svs-300-sg\/#webpage\",\"url\":\"https:\/\/nautipescas.pt\/produto\/barros-cana-invicta-svs-300-sg\/\",\"name\":\"BARROS CANA INVICTA SVS 300 SG - Nautipescas\",\"isPartOf\":{\"@id\":\"https:\/\/nautipescas.pt\/#website\"},\"primaryImageOfPage\":{\"@id\":\"https:\/\/nautipescas.pt\/produto\/barros-cana-invicta-svs-300-sg\/#primaryimage\"},\"datePublished\":\"2023-03-08T18:40:32+00:00\",\"dateModified\":\"2024-01-11T14:27:26+00:00\",\"breadcrumb\":{\"@id\":\"https:\/\/nautipescas.pt\/produto\/barros-cana-invicta-svs-300-sg\/#breadcrumb\"},\"inLanguage\":\"es\",\"potentialAction\":[{\"@type\":\"ReadAction\",\"target\":[\"https:\/\/nautipescas.pt\/produto\/barros-cana-invicta-svs-300-sg\/\"]}]},{\"@type\":\"BreadcrumbList\",\"@id\":\"https:\/\/nautipescas.pt\/produto\/barros-cana-invicta-svs-300-sg\/#breadcrumb\",\"itemListElement\":[{\"@type\":\"ListItem\",\"position\":1,\"name\":\"In\u00edcio\",\"item\":\"https:\/\/nautipescas.pt\/es\/\"},{\"@type\":\"ListItem\",\"position\":2,\"name\":\"Tienda\",\"item\":\"https:\/\/nautipescas.pt\/es\/tienda-de-pesca-online\/\"},{\"@type\":\"ListItem\",\"position\":3,\"name\":\"BARROS CANA INVICTA SVS 300 SG\"}]}]}<\/script>\n<!-- \/ Yoast SEO plugin. -->","yoast_head_json":{"title":"BARROS CANA INVICTA SVS 300 SG - Nautipescas","robots":{"index":"index","follow":"follow","max-snippet":"max-snippet:-1","max-image-preview":"max-image-preview:large","max-video-preview":"max-video-preview:-1"},"canonical":"https:\/\/nautipescas.pt\/produto\/barros-cana-invicta-svs-300-sg\/","og_locale":"es_ES","og_type":"article","og_title":"BARROS CANA INVICTA SVS 300 SG - Nautipescas","og_description":"A INVICTA SVS \u00e9 uma cana em carbono de alta resist\u00eancia, com a\u00e7\u00e3o de ponta, e porta carretos IP-NL, para melhor conforto na anima\u00e7\u00e3o das amostras. Esta cana cuja a\u00e7\u00e3o permite lan\u00e7ar amostras at\u00e9 60g, \u00e9 muito vers\u00e1til e, \u00e9 adequada para robalos, bailas e anchovas, podendo ser usada para pesca com jerkbaits, vinis e &hellip; Read More \"BARROS CANA INVICTA SVS 300 SG\"","og_url":"https:\/\/nautipescas.pt\/produto\/barros-cana-invicta-svs-300-sg\/","og_site_name":"Nautipescas","article_modified_time":"2024-01-11T14:27:26+00:00","og_image":[{"width":2560,"height":186,"url":"https:\/\/nautipescas.pt\/wp-content\/uploads\/2023\/03\/vertika1-scaled.jpg","type":"image\/jpeg"}],"author":"Paulo Chaves","twitter_card":"summary_large_image","twitter_misc":{"Tiempo de lectura":"1 minuto"},"schema":{"@context":"https:\/\/schema.org","@graph":[{"@type":"WebSite","@id":"https:\/\/nautipescas.pt\/#website","url":"https:\/\/nautipescas.pt\/","name":"Nautipescas","description":"","potentialAction":[{"@type":"SearchAction","target":{"@type":"EntryPoint","urlTemplate":"https:\/\/nautipescas.pt\/?s={search_term_string}"},"query-input":"required name=search_term_string"}],"inLanguage":"es"},{"@type":"ImageObject","inLanguage":"es","@id":"https:\/\/nautipescas.pt\/produto\/barros-cana-invicta-svs-300-sg\/#primaryimage","url":"https:\/\/nautipescas.pt\/wp-content\/uploads\/2023\/03\/vertika1-scaled.jpg","contentUrl":"https:\/\/nautipescas.pt\/wp-content\/uploads\/2023\/03\/vertika1-scaled.jpg","width":2560,"height":186},{"@type":"WebPage","@id":"https:\/\/nautipescas.pt\/produto\/barros-cana-invicta-svs-300-sg\/#webpage","url":"https:\/\/nautipescas.pt\/produto\/barros-cana-invicta-svs-300-sg\/","name":"BARROS CANA INVICTA SVS 300 SG - Nautipescas","isPartOf":{"@id":"https:\/\/nautipescas.pt\/#website"},"primaryImageOfPage":{"@id":"https:\/\/nautipescas.pt\/produto\/barros-cana-invicta-svs-300-sg\/#primaryimage"},"datePublished":"2023-03-08T18:40:32+00:00","dateModified":"2024-01-11T14:27:26+00:00","breadcrumb":{"@id":"https:\/\/nautipescas.pt\/produto\/barros-cana-invicta-svs-300-sg\/#breadcrumb"},"inLanguage":"es","potentialAction":[{"@type":"ReadAction","target":["https:\/\/nautipescas.pt\/produto\/barros-cana-invicta-svs-300-sg\/"]}]},{"@type":"BreadcrumbList","@id":"https:\/\/nautipescas.pt\/produto\/barros-cana-invicta-svs-300-sg\/#breadcrumb","itemListElement":[{"@type":"ListItem","position":1,"name":"In\u00edcio","item":"https:\/\/nautipescas.pt\/es\/"},{"@type":"ListItem","position":2,"name":"Tienda","item":"https:\/\/nautipescas.pt\/es\/tienda-de-pesca-online\/"},{"@type":"ListItem","position":3,"name":"BARROS CANA INVICTA SVS 300 SG"}]}]}},"_links":{"self":[{"href":"https:\/\/nautipescas.pt\/es\/wp-json\/wp\/v2\/product\/5565","targetHints":{"allow":["GET"]}}],"collection":[{"href":"https:\/\/nautipescas.pt\/es\/wp-json\/wp\/v2\/product"}],"about":[{"href":"https:\/\/nautipescas.pt\/es\/wp-json\/wp\/v2\/types\/product"}],"wp:featuredmedia":[{"embeddable":true,"href":"https:\/\/nautipescas.pt\/es\/wp-json\/wp\/v2\/media\/5566"}],"wp:attachment":[{"href":"https:\/\/nautipescas.pt\/es\/wp-json\/wp\/v2\/media?parent=5565"}],"wp:term":[{"taxonomy":"product_cat","embeddable":true,"href":"https:\/\/nautipescas.pt\/es\/wp-json\/wp\/v2\/product_cat?post=5565"},{"taxonomy":"product_tag","embeddable":true,"href":"https:\/\/nautipescas.pt\/es\/wp-json\/wp\/v2\/product_tag?post=5565"},{"taxonomy":"marcas","embeddable":true,"href":"https:\/\/nautipescas.pt\/es\/wp-json\/wp\/v2\/marcas?post=5565"}],"curies":[{"name":"wp","href":"https:\/\/api.w.org\/{rel}","templated":true}]}}