{"id":6227,"date":"2023-03-13T14:27:11","date_gmt":"2023-03-13T14:27:11","guid":{"rendered":"https:\/\/nautipescas.pt\/?post_type=product&#038;p=6227"},"modified":"2023-03-13T14:27:12","modified_gmt":"2023-03-13T14:27:12","slug":"epirb-smartfind-e8-manual-radiobaliza-epirb-manual","status":"publish","type":"product","link":"https:\/\/nautipescas.pt\/es\/produto\/epirb-smartfind-e8-manual-radiobaliza-epirb-manual\/","title":{"rendered":"EPIRB-SmartFind E8 Manual \u2013 Radiobaliza EPIRB Manual"},"content":{"rendered":"<p>As EPIRB\u2019s da gama SmartFind da McMurdo incluem inova\u00e7\u00e3o enquanto padr\u00e3o, com uma base robusta, bateria de servi\u00e7o simples e normas de funcionamento em conformidade com o novo mandato de emerg\u00eancia \u201cm\u00e3os livres\u201d dos Estados Unidos. A prote\u00e7\u00e3o de ativa\u00e7\u00e3o falsa adicional, m\u00faltiplos autotestes e verifica\u00e7\u00f5es profissionais de seguran\u00e7a oferecem tamb\u00e9m uma confian\u00e7a total ao utilizador.<\/p>\n<p><strong>ESPECIFICA\u00c7\u00d5ES<\/strong><\/p>\n<p><strong>Transmissor 406 MHz:<\/strong><\/p>\n<ul>\n<li>Frequ\u00eancia: 406.040 MHz + 1 kHz<\/li>\n<li>Pot\u00eancia de sa\u00edda: 5W nominal<\/li>\n<li>Modula\u00e7\u00e3o: Phase (16KOG1D)<\/li>\n<\/ul>\n<p><strong>Transmissor 121.5 MHz:<\/strong><\/p>\n<ul>\n<li>Frequ\u00eancia: 121.5 MHz + 3.5 kHz<\/li>\n<li>Pot\u00eancia de Sa\u00edda: 100W nominal<\/li>\n<li>Modula\u00e7\u00e3o: Tom de Varrimento AM (3K2OA3X)<\/li>\n<\/ul>\n<p><strong>Luz strobe:<\/strong><\/p>\n<ul>\n<li>Tipo: 3 LED\u2019s de elevada intensidade<\/li>\n<li>Output Luz: O.2 cd m\u00ednimo<\/li>\n<li>Flash Intermitente: 23 flashes por minuto<\/li>\n<\/ul>\n<p><strong>Bateria:<\/strong><\/p>\n<ul>\n<li>Tipo: Dissulfeto de ferro l\u00edtio<\/li>\n<li>Vida Operacional: 48 horas m\u00ednimo<\/li>\n<li>Vida \u00fatil: 10 anos, t\u00edpico, em servi\u00e7o<\/li>\n<\/ul>\n<p><strong>Ambiental:<\/strong><\/p>\n<ul>\n<li>Temperatura de Funcionamento: -20<sup>o<\/sup>\u00a0C a +55<sup>o<\/sup>\u00a0C<\/li>\n<li>Temperatura de Armazenamento: -30<sup>o<\/sup>\u00a0C a 70<sup>o<\/sup>\u00a0C<\/li>\n<li>Profundidade Autom\u00e1tica de Liberta\u00e7\u00e3o: 4m m\u00e1ximo<\/li>\n<\/ul>\n<p><strong>F\u00edsicas:<\/strong><\/p>\n<ul>\n<li>Peso: 710g<\/li>\n<li>Dimens\u00f5es: 423 x 104 x 103 mm<\/li>\n<li>Comprimento da Antena: 206 mm<\/li>\n<\/ul>\n<p><strong>Normas:<\/strong><\/p>\n<ul>\n<li>COSPAS-SARSAT: C\/S T.001 | C\/S T.007<\/li>\n<li>Europe: MED (Wheelmark)<\/li>\n<li>USA: USCG &amp; FCC; FCC ID; TBA; 4 7 CFR Parts 80, 2<\/li>\n<li>Normas Internacionais: IEC 61097-2; IEC 60945; IEC 61108-1 (GNSS Variant); RTCM 11000.4; Industry Canada RSS-287; AS\/NZS 4280.1; IMO MSC\/Circ. 862<\/li>\n<li>Regulamentos IMO: A.662 (16); A.694 (17); A.810 (19); A.814 (19)<\/li>\n<\/ul>\n","protected":false},"excerpt":{"rendered":"<p>As EPIRB\u2019s da gama SmartFind da McMurdo incluem inova\u00e7\u00e3o enquanto padr\u00e3o, com uma base robusta, bateria de servi\u00e7o simples e normas de funcionamento em conformidade com o novo mandato de emerg\u00eancia \u201cm\u00e3os livres\u201d dos Estados Unidos. A prote\u00e7\u00e3o de ativa\u00e7\u00e3o falsa adicional, m\u00faltiplos autotestes e verifica\u00e7\u00f5es profissionais de seguran\u00e7a oferecem tamb\u00e9m uma confian\u00e7a total ao &hellip; <\/p>\n<p class=\"more-link-wrap\"><a href=\"https:\/\/nautipescas.pt\/es\/produto\/epirb-smartfind-e8-manual-radiobaliza-epirb-manual\/\" class=\"more-link\"><span>Read More<span class=\"screen-reader-text\"> \u00abEPIRB-SmartFind E8 Manual \u2013 Radiobaliza EPIRB Manual\u00bb<\/span><\/span><\/a><\/p>\n","protected":false},"featured_media":6228,"template":"","meta":{"inline_featured_image":false},"product_cat":[153,463],"product_tag":[],"marcas":[],"class_list":["post-6227","product","type-product","status-publish","has-post-thumbnail","hentry","product_cat-eletronica-maritima","product_cat-epirbe"],"acf":[],"yoast_head":"<!-- This site is optimized with the Yoast SEO plugin v19.2 - https:\/\/yoast.com\/wordpress\/plugins\/seo\/ -->\n<title>EPIRB-SmartFind E8 Manual \u2013 Radiobaliza EPIRB Manual - Nautipescas<\/title>\n<meta name=\"robots\" content=\"index, follow, max-snippet:-1, max-image-preview:large, max-video-preview:-1\" \/>\n<link rel=\"canonical\" href=\"https:\/\/nautipescas.pt\/produto\/epirb-smartfind-e8-manual-radiobaliza-epirb-manual\/\" \/>\n<meta property=\"og:locale\" content=\"es_ES\" \/>\n<meta property=\"og:type\" content=\"article\" \/>\n<meta property=\"og:title\" content=\"EPIRB-SmartFind E8 Manual \u2013 Radiobaliza EPIRB Manual - Nautipescas\" \/>\n<meta property=\"og:description\" content=\"As EPIRB\u2019s da gama SmartFind da McMurdo incluem inova\u00e7\u00e3o enquanto padr\u00e3o, com uma base robusta, bateria de servi\u00e7o simples e normas de funcionamento em conformidade com o novo mandato de emerg\u00eancia \u201cm\u00e3os livres\u201d dos Estados Unidos. A prote\u00e7\u00e3o de ativa\u00e7\u00e3o falsa adicional, m\u00faltiplos autotestes e verifica\u00e7\u00f5es profissionais de seguran\u00e7a oferecem tamb\u00e9m uma confian\u00e7a total ao &hellip; Read More &quot;EPIRB-SmartFind E8 Manual \u2013 Radiobaliza EPIRB Manual&quot;\" \/>\n<meta property=\"og:url\" content=\"https:\/\/nautipescas.pt\/produto\/epirb-smartfind-e8-manual-radiobaliza-epirb-manual\/\" \/>\n<meta property=\"og:site_name\" content=\"Nautipescas\" \/>\n<meta property=\"article:modified_time\" content=\"2023-03-13T14:27:12+00:00\" \/>\n<meta property=\"og:image\" content=\"https:\/\/nautipescas.pt\/wp-content\/uploads\/2023\/03\/smartfind_e8_1.jpg\" \/>\n\t<meta property=\"og:image:width\" content=\"800\" \/>\n\t<meta property=\"og:image:height\" content=\"600\" \/>\n\t<meta property=\"og:image:type\" content=\"image\/jpeg\" \/>\n<meta name=\"author\" content=\"Paulo Chaves\" \/>\n<meta name=\"twitter:card\" content=\"summary_large_image\" \/>\n<meta name=\"twitter:label1\" content=\"Tiempo de lectura\" \/>\n\t<meta name=\"twitter:data1\" content=\"2 minutos\" \/>\n<script type=\"application\/ld+json\" class=\"yoast-schema-graph\">{\"@context\":\"https:\/\/schema.org\",\"@graph\":[{\"@type\":\"WebSite\",\"@id\":\"https:\/\/nautipescas.pt\/#website\",\"url\":\"https:\/\/nautipescas.pt\/\",\"name\":\"Nautipescas\",\"description\":\"\",\"potentialAction\":[{\"@type\":\"SearchAction\",\"target\":{\"@type\":\"EntryPoint\",\"urlTemplate\":\"https:\/\/nautipescas.pt\/?s={search_term_string}\"},\"query-input\":\"required name=search_term_string\"}],\"inLanguage\":\"es\"},{\"@type\":\"ImageObject\",\"inLanguage\":\"es\",\"@id\":\"https:\/\/nautipescas.pt\/produto\/epirb-smartfind-e8-manual-radiobaliza-epirb-manual\/#primaryimage\",\"url\":\"https:\/\/nautipescas.pt\/wp-content\/uploads\/2023\/03\/smartfind_e8_1.jpg\",\"contentUrl\":\"https:\/\/nautipescas.pt\/wp-content\/uploads\/2023\/03\/smartfind_e8_1.jpg\",\"width\":800,\"height\":600},{\"@type\":\"WebPage\",\"@id\":\"https:\/\/nautipescas.pt\/produto\/epirb-smartfind-e8-manual-radiobaliza-epirb-manual\/#webpage\",\"url\":\"https:\/\/nautipescas.pt\/produto\/epirb-smartfind-e8-manual-radiobaliza-epirb-manual\/\",\"name\":\"EPIRB-SmartFind E8 Manual \u2013 Radiobaliza EPIRB Manual - Nautipescas\",\"isPartOf\":{\"@id\":\"https:\/\/nautipescas.pt\/#website\"},\"primaryImageOfPage\":{\"@id\":\"https:\/\/nautipescas.pt\/produto\/epirb-smartfind-e8-manual-radiobaliza-epirb-manual\/#primaryimage\"},\"datePublished\":\"2023-03-13T14:27:11+00:00\",\"dateModified\":\"2023-03-13T14:27:12+00:00\",\"breadcrumb\":{\"@id\":\"https:\/\/nautipescas.pt\/produto\/epirb-smartfind-e8-manual-radiobaliza-epirb-manual\/#breadcrumb\"},\"inLanguage\":\"es\",\"potentialAction\":[{\"@type\":\"ReadAction\",\"target\":[\"https:\/\/nautipescas.pt\/produto\/epirb-smartfind-e8-manual-radiobaliza-epirb-manual\/\"]}]},{\"@type\":\"BreadcrumbList\",\"@id\":\"https:\/\/nautipescas.pt\/produto\/epirb-smartfind-e8-manual-radiobaliza-epirb-manual\/#breadcrumb\",\"itemListElement\":[{\"@type\":\"ListItem\",\"position\":1,\"name\":\"In\u00edcio\",\"item\":\"https:\/\/nautipescas.pt\/es\/\"},{\"@type\":\"ListItem\",\"position\":2,\"name\":\"Tienda\",\"item\":\"https:\/\/nautipescas.pt\/es\/tienda-de-pesca-online\/\"},{\"@type\":\"ListItem\",\"position\":3,\"name\":\"EPIRB-SmartFind E8 Manual \u2013 Radiobaliza EPIRB Manual\"}]}]}<\/script>\n<!-- \/ Yoast SEO plugin. -->","yoast_head_json":{"title":"EPIRB-SmartFind E8 Manual \u2013 Radiobaliza EPIRB Manual - Nautipescas","robots":{"index":"index","follow":"follow","max-snippet":"max-snippet:-1","max-image-preview":"max-image-preview:large","max-video-preview":"max-video-preview:-1"},"canonical":"https:\/\/nautipescas.pt\/produto\/epirb-smartfind-e8-manual-radiobaliza-epirb-manual\/","og_locale":"es_ES","og_type":"article","og_title":"EPIRB-SmartFind E8 Manual \u2013 Radiobaliza EPIRB Manual - Nautipescas","og_description":"As EPIRB\u2019s da gama SmartFind da McMurdo incluem inova\u00e7\u00e3o enquanto padr\u00e3o, com uma base robusta, bateria de servi\u00e7o simples e normas de funcionamento em conformidade com o novo mandato de emerg\u00eancia \u201cm\u00e3os livres\u201d dos Estados Unidos. A prote\u00e7\u00e3o de ativa\u00e7\u00e3o falsa adicional, m\u00faltiplos autotestes e verifica\u00e7\u00f5es profissionais de seguran\u00e7a oferecem tamb\u00e9m uma confian\u00e7a total ao &hellip; Read More \"EPIRB-SmartFind E8 Manual \u2013 Radiobaliza EPIRB Manual\"","og_url":"https:\/\/nautipescas.pt\/produto\/epirb-smartfind-e8-manual-radiobaliza-epirb-manual\/","og_site_name":"Nautipescas","article_modified_time":"2023-03-13T14:27:12+00:00","og_image":[{"width":800,"height":600,"url":"https:\/\/nautipescas.pt\/wp-content\/uploads\/2023\/03\/smartfind_e8_1.jpg","type":"image\/jpeg"}],"author":"Paulo Chaves","twitter_card":"summary_large_image","twitter_misc":{"Tiempo de lectura":"2 minutos"},"schema":{"@context":"https:\/\/schema.org","@graph":[{"@type":"WebSite","@id":"https:\/\/nautipescas.pt\/#website","url":"https:\/\/nautipescas.pt\/","name":"Nautipescas","description":"","potentialAction":[{"@type":"SearchAction","target":{"@type":"EntryPoint","urlTemplate":"https:\/\/nautipescas.pt\/?s={search_term_string}"},"query-input":"required name=search_term_string"}],"inLanguage":"es"},{"@type":"ImageObject","inLanguage":"es","@id":"https:\/\/nautipescas.pt\/produto\/epirb-smartfind-e8-manual-radiobaliza-epirb-manual\/#primaryimage","url":"https:\/\/nautipescas.pt\/wp-content\/uploads\/2023\/03\/smartfind_e8_1.jpg","contentUrl":"https:\/\/nautipescas.pt\/wp-content\/uploads\/2023\/03\/smartfind_e8_1.jpg","width":800,"height":600},{"@type":"WebPage","@id":"https:\/\/nautipescas.pt\/produto\/epirb-smartfind-e8-manual-radiobaliza-epirb-manual\/#webpage","url":"https:\/\/nautipescas.pt\/produto\/epirb-smartfind-e8-manual-radiobaliza-epirb-manual\/","name":"EPIRB-SmartFind E8 Manual \u2013 Radiobaliza EPIRB Manual - Nautipescas","isPartOf":{"@id":"https:\/\/nautipescas.pt\/#website"},"primaryImageOfPage":{"@id":"https:\/\/nautipescas.pt\/produto\/epirb-smartfind-e8-manual-radiobaliza-epirb-manual\/#primaryimage"},"datePublished":"2023-03-13T14:27:11+00:00","dateModified":"2023-03-13T14:27:12+00:00","breadcrumb":{"@id":"https:\/\/nautipescas.pt\/produto\/epirb-smartfind-e8-manual-radiobaliza-epirb-manual\/#breadcrumb"},"inLanguage":"es","potentialAction":[{"@type":"ReadAction","target":["https:\/\/nautipescas.pt\/produto\/epirb-smartfind-e8-manual-radiobaliza-epirb-manual\/"]}]},{"@type":"BreadcrumbList","@id":"https:\/\/nautipescas.pt\/produto\/epirb-smartfind-e8-manual-radiobaliza-epirb-manual\/#breadcrumb","itemListElement":[{"@type":"ListItem","position":1,"name":"In\u00edcio","item":"https:\/\/nautipescas.pt\/es\/"},{"@type":"ListItem","position":2,"name":"Tienda","item":"https:\/\/nautipescas.pt\/es\/tienda-de-pesca-online\/"},{"@type":"ListItem","position":3,"name":"EPIRB-SmartFind E8 Manual \u2013 Radiobaliza EPIRB Manual"}]}]}},"_links":{"self":[{"href":"https:\/\/nautipescas.pt\/es\/wp-json\/wp\/v2\/product\/6227","targetHints":{"allow":["GET"]}}],"collection":[{"href":"https:\/\/nautipescas.pt\/es\/wp-json\/wp\/v2\/product"}],"about":[{"href":"https:\/\/nautipescas.pt\/es\/wp-json\/wp\/v2\/types\/product"}],"wp:featuredmedia":[{"embeddable":true,"href":"https:\/\/nautipescas.pt\/es\/wp-json\/wp\/v2\/media\/6228"}],"wp:attachment":[{"href":"https:\/\/nautipescas.pt\/es\/wp-json\/wp\/v2\/media?parent=6227"}],"wp:term":[{"taxonomy":"product_cat","embeddable":true,"href":"https:\/\/nautipescas.pt\/es\/wp-json\/wp\/v2\/product_cat?post=6227"},{"taxonomy":"product_tag","embeddable":true,"href":"https:\/\/nautipescas.pt\/es\/wp-json\/wp\/v2\/product_tag?post=6227"},{"taxonomy":"marcas","embeddable":true,"href":"https:\/\/nautipescas.pt\/es\/wp-json\/wp\/v2\/marcas?post=6227"}],"curies":[{"name":"wp","href":"https:\/\/api.w.org\/{rel}","templated":true}]}}