{"id":6236,"date":"2023-03-13T14:31:51","date_gmt":"2023-03-13T14:31:51","guid":{"rendered":"https:\/\/nautipescas.pt\/?post_type=product&#038;p=6236"},"modified":"2023-03-13T14:31:51","modified_gmt":"2023-03-13T14:31:51","slug":"pack-piloto-automatico-hidraulico-ev-100-com-unidade-p70rs-acu-100-e-bomba-hidraulica-reversivel-de-0-5l","status":"publish","type":"product","link":"https:\/\/nautipescas.pt\/es\/produto\/pack-piloto-automatico-hidraulico-ev-100-com-unidade-p70rs-acu-100-e-bomba-hidraulica-reversivel-de-0-5l\/","title":{"rendered":"Pack Piloto Autom\u00e1tico Hidr\u00e1ulico EV-100 com unidade p70Rs, ACU-100 e bomba hidr\u00e1ulica revers\u00edvel de 0.5l"},"content":{"rendered":"<p>O piloto autom\u00e1tico hidr\u00e1ulico Evolution EV-100 destina-se a embarca\u00e7\u00f5es com dire\u00e7\u00e3o hidr\u00e1ulica com cilindro inferior a 110cc. Este piloto \u00e9 extremamente compacto e pr\u00e1tico.<\/p>\n<p><strong>p70Rs &#8211; Principais caracter\u00edsticas:<\/strong><\/p>\n<p>\u2022 Tens\u00e3o nominal: 12v DC<br \/>\n\u2022 Gama de tens\u00e3o: 9 a 16v DC<br \/>\n\u2022 Tamanho da tela: 3.5 \u00bb<br \/>\n\u2022 Ecr\u00e3: Ecr\u00e3 vis\u00edvel com luz solar direta<br \/>\n\u2022 Resolu\u00e7\u00e3o: 320 x 240 QVGA<br \/>\n\u2022 Cores: cor de 16 bits (64K cores)<br \/>\n\u2022 Paletas de cores: quatro paletes de cores &#8211; dois dias, inverso e vermelho \/ preto<br \/>\n\u2022 Brilho do LCD: 1200 NIT<br \/>\n\u2022 Consumo de energia: 1,6 Watts<br \/>\n\u2022 Conex\u00f5es: SeaTalk &amp; SeaTalkng compat\u00edvel com as redes marinhas NMEA2000<br \/>\n\u2022 Temperatura de funcionamento: -25\u00baC a 55\u00baC (-13\u00baF a 131\u00baF)<br \/>\n\u2022 Temperatura de armazenamento: -30\u00baC a 70\u00baC (-22\u00baF a 158\u00baF)<br \/>\n\u2022 Umidade relativa: 93% m\u00e1x.<br \/>\n\u2022 Impermeabiliza\u00e7\u00e3o: IPX6<br \/>\n\u2022 Conformidade: Europa 2004\/108 \/ CE | Austr\u00e1lia e Nova Zel\u00e2ndia N\u00edvel de conformidade C-Tick 2<\/p>\n<p>O sensor de rumo Evolution EV-1 Core foi concebido para sistemas de piloto autom\u00e1tico mec\u00e2nico ou hidr\u00e1ulico. Simplifica a instala\u00e7\u00e3o do piloto e n\u00e3o necessita de ser calibrado. Vem integrado com uma b\u00fassola eletr\u00f3nica de 9 eixos e um processador de rumo. Este sensor conta com prote\u00e7\u00e3o IPX6-IPX7 para uma instala\u00e7\u00e3o abaixo do conv\u00e9s.<\/p>\n<p><strong>EV-1 Core &#8211; Principais caracter\u00edsticas:<\/strong><\/p>\n<p>\u2022 N\u00e3o necessita de ser calibrado<br \/>\n\u2022 B\u00fassola eletr\u00f3nica de 9 eixos integrada<br \/>\n\u2022 Conectividade SeaTalkng<br \/>\n\u2022 Facilitam poupan\u00e7a de tempo e combust\u00edvel<br \/>\n\u2022 Compensa\u00e7\u00e3o de campos magn\u00e9ticos de bordo ou polares<br \/>\n\u2022 Estanquicidade IPX6 e IPX7<\/p>\n<p>A ACU-100 da Raymarine \u00e9 uma unidade atuadora de piloto, para unidades hidr\u00e1ulicas revers\u00edveis tipo 0.5, roda de leme e cana. Apresenta uma alimenta\u00e7\u00e3o nominal de 12V e conta com um sensor de refer\u00eancia de leme. O painel de liga\u00e7\u00e3o disp\u00f5e de uma estanquicidade IPX2 e a eletr\u00f3nica IPX6.<\/p>\n<p><strong>ACU-100 &#8211; Principais caracter\u00edsticas:<\/strong><\/p>\n<p>\u2022 Fonte de alimenta\u00e7\u00e3o: 12V<br \/>\n\u2022 Tens\u00e3o de funcionamento: 10.8 V a 15.6 V<br \/>\n\u2022 Sa\u00edda de Drive: 7A<br \/>\n\u2022 Liga\u00e7\u00f5es: Sensor de leme, pot\u00eancia, drive de motor<br \/>\n\u2022 Consumo (alimenta\u00e7\u00e3o direta): 300mA<br \/>\n\u2022 Liga\u00e7\u00e3o de Dados SeaTalkng<br \/>\n\u2022 Estanquicidade: IPX2 (painel de liga\u00e7\u00e3o) e IPX6 (eletr\u00f3nica)<br \/>\n\u2022 Peso: 0.6kg<br \/>\n\u2022 Norma de Conformidade: Europa: 2004\/108\/EC | Austr\u00e1lia e Nova Zel\u00e2ndia: C-Tick, Compliance n\u00edvel 2<\/p>\n<p><strong>Bomba Hidr\u00e1ulica de 0.5l \u2013 Principais Caracter\u00edsticas:<\/strong><\/p>\n<p>\u2022 Capacidade da bomba: 50-110 cc<br \/>\n\u2022 Pico de Fluxo: 650 cc por minuto<br \/>\n\u2022 Press\u00e3o m\u00e1xima: 50 bar (750 psi)<br \/>\n\u2022 Tipo: 0.5 litros<br \/>\n\u2022 Voltagem: 12 V<\/p>\n","protected":false},"excerpt":{"rendered":"<p>O piloto autom\u00e1tico hidr\u00e1ulico Evolution EV-100 destina-se a embarca\u00e7\u00f5es com dire\u00e7\u00e3o hidr\u00e1ulica com cilindro inferior a 110cc. Este piloto \u00e9 extremamente compacto e pr\u00e1tico. p70Rs &#8211; Principais caracter\u00edsticas: \u2022 Tens\u00e3o nominal: 12v DC \u2022 Gama de tens\u00e3o: 9 a 16v DC \u2022 Tamanho da tela: 3.5 \u00bb \u2022 Ecr\u00e3: Ecr\u00e3 vis\u00edvel com luz solar direta &hellip; <\/p>\n<p class=\"more-link-wrap\"><a href=\"https:\/\/nautipescas.pt\/es\/produto\/pack-piloto-automatico-hidraulico-ev-100-com-unidade-p70rs-acu-100-e-bomba-hidraulica-reversivel-de-0-5l\/\" class=\"more-link\"><span>Read More<span class=\"screen-reader-text\"> \u00abPack Piloto Autom\u00e1tico Hidr\u00e1ulico EV-100 com unidade p70Rs, ACU-100 e bomba hidr\u00e1ulica revers\u00edvel de 0.5l\u00bb<\/span><\/span><\/a><\/p>\n","protected":false},"featured_media":6237,"template":"","meta":{"inline_featured_image":false},"product_cat":[153,464],"product_tag":[],"marcas":[],"class_list":["post-6236","product","type-product","status-publish","has-post-thumbnail","hentry","product_cat-eletronica-maritima","product_cat-pilotos-automaticos"],"acf":[],"yoast_head":"<!-- This site is optimized with the Yoast SEO plugin v19.2 - https:\/\/yoast.com\/wordpress\/plugins\/seo\/ -->\n<title>Pack Piloto Autom\u00e1tico Hidr\u00e1ulico EV-100 com unidade p70Rs, ACU-100 e bomba hidr\u00e1ulica revers\u00edvel de 0.5l - Nautipescas<\/title>\n<meta name=\"robots\" content=\"index, follow, max-snippet:-1, max-image-preview:large, max-video-preview:-1\" \/>\n<link rel=\"canonical\" href=\"https:\/\/nautipescas.pt\/produto\/pack-piloto-automatico-hidraulico-ev-100-com-unidade-p70rs-acu-100-e-bomba-hidraulica-reversivel-de-0-5l\/\" \/>\n<meta property=\"og:locale\" content=\"es_ES\" \/>\n<meta property=\"og:type\" content=\"article\" \/>\n<meta property=\"og:title\" content=\"Pack Piloto Autom\u00e1tico Hidr\u00e1ulico EV-100 com unidade p70Rs, ACU-100 e bomba hidr\u00e1ulica revers\u00edvel de 0.5l - Nautipescas\" \/>\n<meta property=\"og:description\" content=\"O piloto autom\u00e1tico hidr\u00e1ulico Evolution EV-100 destina-se a embarca\u00e7\u00f5es com dire\u00e7\u00e3o hidr\u00e1ulica com cilindro inferior a 110cc. Este piloto \u00e9 extremamente compacto e pr\u00e1tico. p70Rs &#8211; Principais caracter\u00edsticas: \u2022 Tens\u00e3o nominal: 12v DC \u2022 Gama de tens\u00e3o: 9 a 16v DC \u2022 Tamanho da tela: 3.5 \u00bb \u2022 Ecr\u00e3: Ecr\u00e3 vis\u00edvel com luz solar direta &hellip; Read More &quot;Pack Piloto Autom\u00e1tico Hidr\u00e1ulico EV-100 com unidade p70Rs, ACU-100 e bomba hidr\u00e1ulica revers\u00edvel de 0.5l&quot;\" \/>\n<meta property=\"og:url\" content=\"https:\/\/nautipescas.pt\/produto\/pack-piloto-automatico-hidraulico-ev-100-com-unidade-p70rs-acu-100-e-bomba-hidraulica-reversivel-de-0-5l\/\" \/>\n<meta property=\"og:site_name\" content=\"Nautipescas\" \/>\n<meta property=\"og:image\" content=\"https:\/\/nautipescas.pt\/wp-content\/uploads\/2023\/03\/t70154_evolution_hydraulic_pilot_1.jpg\" \/>\n\t<meta property=\"og:image:width\" content=\"800\" \/>\n\t<meta property=\"og:image:height\" content=\"600\" \/>\n\t<meta property=\"og:image:type\" content=\"image\/jpeg\" \/>\n<meta name=\"author\" content=\"Paulo Chaves\" \/>\n<meta name=\"twitter:card\" content=\"summary_large_image\" \/>\n<meta name=\"twitter:label1\" content=\"Tiempo de lectura\" \/>\n\t<meta name=\"twitter:data1\" content=\"2 minutos\" \/>\n<script type=\"application\/ld+json\" class=\"yoast-schema-graph\">{\"@context\":\"https:\/\/schema.org\",\"@graph\":[{\"@type\":\"WebSite\",\"@id\":\"https:\/\/nautipescas.pt\/#website\",\"url\":\"https:\/\/nautipescas.pt\/\",\"name\":\"Nautipescas\",\"description\":\"\",\"potentialAction\":[{\"@type\":\"SearchAction\",\"target\":{\"@type\":\"EntryPoint\",\"urlTemplate\":\"https:\/\/nautipescas.pt\/?s={search_term_string}\"},\"query-input\":\"required name=search_term_string\"}],\"inLanguage\":\"es\"},{\"@type\":\"ImageObject\",\"inLanguage\":\"es\",\"@id\":\"https:\/\/nautipescas.pt\/produto\/pack-piloto-automatico-hidraulico-ev-100-com-unidade-p70rs-acu-100-e-bomba-hidraulica-reversivel-de-0-5l\/#primaryimage\",\"url\":\"https:\/\/nautipescas.pt\/wp-content\/uploads\/2023\/03\/t70154_evolution_hydraulic_pilot_1.jpg\",\"contentUrl\":\"https:\/\/nautipescas.pt\/wp-content\/uploads\/2023\/03\/t70154_evolution_hydraulic_pilot_1.jpg\",\"width\":800,\"height\":600},{\"@type\":\"WebPage\",\"@id\":\"https:\/\/nautipescas.pt\/produto\/pack-piloto-automatico-hidraulico-ev-100-com-unidade-p70rs-acu-100-e-bomba-hidraulica-reversivel-de-0-5l\/#webpage\",\"url\":\"https:\/\/nautipescas.pt\/produto\/pack-piloto-automatico-hidraulico-ev-100-com-unidade-p70rs-acu-100-e-bomba-hidraulica-reversivel-de-0-5l\/\",\"name\":\"Pack Piloto Autom\u00e1tico Hidr\u00e1ulico EV-100 com unidade p70Rs, ACU-100 e bomba hidr\u00e1ulica revers\u00edvel de 0.5l - Nautipescas\",\"isPartOf\":{\"@id\":\"https:\/\/nautipescas.pt\/#website\"},\"primaryImageOfPage\":{\"@id\":\"https:\/\/nautipescas.pt\/produto\/pack-piloto-automatico-hidraulico-ev-100-com-unidade-p70rs-acu-100-e-bomba-hidraulica-reversivel-de-0-5l\/#primaryimage\"},\"datePublished\":\"2023-03-13T14:31:51+00:00\",\"dateModified\":\"2023-03-13T14:31:51+00:00\",\"breadcrumb\":{\"@id\":\"https:\/\/nautipescas.pt\/produto\/pack-piloto-automatico-hidraulico-ev-100-com-unidade-p70rs-acu-100-e-bomba-hidraulica-reversivel-de-0-5l\/#breadcrumb\"},\"inLanguage\":\"es\",\"potentialAction\":[{\"@type\":\"ReadAction\",\"target\":[\"https:\/\/nautipescas.pt\/produto\/pack-piloto-automatico-hidraulico-ev-100-com-unidade-p70rs-acu-100-e-bomba-hidraulica-reversivel-de-0-5l\/\"]}]},{\"@type\":\"BreadcrumbList\",\"@id\":\"https:\/\/nautipescas.pt\/produto\/pack-piloto-automatico-hidraulico-ev-100-com-unidade-p70rs-acu-100-e-bomba-hidraulica-reversivel-de-0-5l\/#breadcrumb\",\"itemListElement\":[{\"@type\":\"ListItem\",\"position\":1,\"name\":\"In\u00edcio\",\"item\":\"https:\/\/nautipescas.pt\/es\/\"},{\"@type\":\"ListItem\",\"position\":2,\"name\":\"Tienda\",\"item\":\"https:\/\/nautipescas.pt\/es\/tienda-de-pesca-online\/\"},{\"@type\":\"ListItem\",\"position\":3,\"name\":\"Pack Piloto Autom\u00e1tico Hidr\u00e1ulico EV-100 com unidade p70Rs, ACU-100 e bomba hidr\u00e1ulica revers\u00edvel de 0.5l\"}]}]}<\/script>\n<!-- \/ Yoast SEO plugin. -->","yoast_head_json":{"title":"Pack Piloto Autom\u00e1tico Hidr\u00e1ulico EV-100 com unidade p70Rs, ACU-100 e bomba hidr\u00e1ulica revers\u00edvel de 0.5l - Nautipescas","robots":{"index":"index","follow":"follow","max-snippet":"max-snippet:-1","max-image-preview":"max-image-preview:large","max-video-preview":"max-video-preview:-1"},"canonical":"https:\/\/nautipescas.pt\/produto\/pack-piloto-automatico-hidraulico-ev-100-com-unidade-p70rs-acu-100-e-bomba-hidraulica-reversivel-de-0-5l\/","og_locale":"es_ES","og_type":"article","og_title":"Pack Piloto Autom\u00e1tico Hidr\u00e1ulico EV-100 com unidade p70Rs, ACU-100 e bomba hidr\u00e1ulica revers\u00edvel de 0.5l - Nautipescas","og_description":"O piloto autom\u00e1tico hidr\u00e1ulico Evolution EV-100 destina-se a embarca\u00e7\u00f5es com dire\u00e7\u00e3o hidr\u00e1ulica com cilindro inferior a 110cc. Este piloto \u00e9 extremamente compacto e pr\u00e1tico. p70Rs &#8211; Principais caracter\u00edsticas: \u2022 Tens\u00e3o nominal: 12v DC \u2022 Gama de tens\u00e3o: 9 a 16v DC \u2022 Tamanho da tela: 3.5 \u00bb \u2022 Ecr\u00e3: Ecr\u00e3 vis\u00edvel com luz solar direta &hellip; Read More \"Pack Piloto Autom\u00e1tico Hidr\u00e1ulico EV-100 com unidade p70Rs, ACU-100 e bomba hidr\u00e1ulica revers\u00edvel de 0.5l\"","og_url":"https:\/\/nautipescas.pt\/produto\/pack-piloto-automatico-hidraulico-ev-100-com-unidade-p70rs-acu-100-e-bomba-hidraulica-reversivel-de-0-5l\/","og_site_name":"Nautipescas","og_image":[{"width":800,"height":600,"url":"https:\/\/nautipescas.pt\/wp-content\/uploads\/2023\/03\/t70154_evolution_hydraulic_pilot_1.jpg","type":"image\/jpeg"}],"author":"Paulo Chaves","twitter_card":"summary_large_image","twitter_misc":{"Tiempo de lectura":"2 minutos"},"schema":{"@context":"https:\/\/schema.org","@graph":[{"@type":"WebSite","@id":"https:\/\/nautipescas.pt\/#website","url":"https:\/\/nautipescas.pt\/","name":"Nautipescas","description":"","potentialAction":[{"@type":"SearchAction","target":{"@type":"EntryPoint","urlTemplate":"https:\/\/nautipescas.pt\/?s={search_term_string}"},"query-input":"required name=search_term_string"}],"inLanguage":"es"},{"@type":"ImageObject","inLanguage":"es","@id":"https:\/\/nautipescas.pt\/produto\/pack-piloto-automatico-hidraulico-ev-100-com-unidade-p70rs-acu-100-e-bomba-hidraulica-reversivel-de-0-5l\/#primaryimage","url":"https:\/\/nautipescas.pt\/wp-content\/uploads\/2023\/03\/t70154_evolution_hydraulic_pilot_1.jpg","contentUrl":"https:\/\/nautipescas.pt\/wp-content\/uploads\/2023\/03\/t70154_evolution_hydraulic_pilot_1.jpg","width":800,"height":600},{"@type":"WebPage","@id":"https:\/\/nautipescas.pt\/produto\/pack-piloto-automatico-hidraulico-ev-100-com-unidade-p70rs-acu-100-e-bomba-hidraulica-reversivel-de-0-5l\/#webpage","url":"https:\/\/nautipescas.pt\/produto\/pack-piloto-automatico-hidraulico-ev-100-com-unidade-p70rs-acu-100-e-bomba-hidraulica-reversivel-de-0-5l\/","name":"Pack Piloto Autom\u00e1tico Hidr\u00e1ulico EV-100 com unidade p70Rs, ACU-100 e bomba hidr\u00e1ulica revers\u00edvel de 0.5l - Nautipescas","isPartOf":{"@id":"https:\/\/nautipescas.pt\/#website"},"primaryImageOfPage":{"@id":"https:\/\/nautipescas.pt\/produto\/pack-piloto-automatico-hidraulico-ev-100-com-unidade-p70rs-acu-100-e-bomba-hidraulica-reversivel-de-0-5l\/#primaryimage"},"datePublished":"2023-03-13T14:31:51+00:00","dateModified":"2023-03-13T14:31:51+00:00","breadcrumb":{"@id":"https:\/\/nautipescas.pt\/produto\/pack-piloto-automatico-hidraulico-ev-100-com-unidade-p70rs-acu-100-e-bomba-hidraulica-reversivel-de-0-5l\/#breadcrumb"},"inLanguage":"es","potentialAction":[{"@type":"ReadAction","target":["https:\/\/nautipescas.pt\/produto\/pack-piloto-automatico-hidraulico-ev-100-com-unidade-p70rs-acu-100-e-bomba-hidraulica-reversivel-de-0-5l\/"]}]},{"@type":"BreadcrumbList","@id":"https:\/\/nautipescas.pt\/produto\/pack-piloto-automatico-hidraulico-ev-100-com-unidade-p70rs-acu-100-e-bomba-hidraulica-reversivel-de-0-5l\/#breadcrumb","itemListElement":[{"@type":"ListItem","position":1,"name":"In\u00edcio","item":"https:\/\/nautipescas.pt\/es\/"},{"@type":"ListItem","position":2,"name":"Tienda","item":"https:\/\/nautipescas.pt\/es\/tienda-de-pesca-online\/"},{"@type":"ListItem","position":3,"name":"Pack Piloto Autom\u00e1tico Hidr\u00e1ulico EV-100 com unidade p70Rs, ACU-100 e bomba hidr\u00e1ulica revers\u00edvel de 0.5l"}]}]}},"_links":{"self":[{"href":"https:\/\/nautipescas.pt\/es\/wp-json\/wp\/v2\/product\/6236","targetHints":{"allow":["GET"]}}],"collection":[{"href":"https:\/\/nautipescas.pt\/es\/wp-json\/wp\/v2\/product"}],"about":[{"href":"https:\/\/nautipescas.pt\/es\/wp-json\/wp\/v2\/types\/product"}],"wp:featuredmedia":[{"embeddable":true,"href":"https:\/\/nautipescas.pt\/es\/wp-json\/wp\/v2\/media\/6237"}],"wp:attachment":[{"href":"https:\/\/nautipescas.pt\/es\/wp-json\/wp\/v2\/media?parent=6236"}],"wp:term":[{"taxonomy":"product_cat","embeddable":true,"href":"https:\/\/nautipescas.pt\/es\/wp-json\/wp\/v2\/product_cat?post=6236"},{"taxonomy":"product_tag","embeddable":true,"href":"https:\/\/nautipescas.pt\/es\/wp-json\/wp\/v2\/product_tag?post=6236"},{"taxonomy":"marcas","embeddable":true,"href":"https:\/\/nautipescas.pt\/es\/wp-json\/wp\/v2\/marcas?post=6236"}],"curies":[{"name":"wp","href":"https:\/\/api.w.org\/{rel}","templated":true}]}}