{"id":6558,"date":"2023-03-27T16:55:18","date_gmt":"2023-03-27T16:55:18","guid":{"rendered":"https:\/\/nautipescas.pt\/?post_type=product&#038;p=6558"},"modified":"2025-07-31T09:50:03","modified_gmt":"2025-07-31T09:50:03","slug":"zagaia-daiwa-jig-mr-slow-220g-red-gold","status":"publish","type":"product","link":"https:\/\/nautipescas.pt\/es\/produto\/zagaia-daiwa-jig-mr-slow-220g-red-gold\/","title":{"rendered":"ZAGAIA DAIWA JIG MR SLOW 220G RED GOLD"},"content":{"rendered":"<p>Aqui est\u00e1 um jig para a pesca em slow jigging pronto a pescar.<\/p>\n<p>Compacto e denso, ele permite descer muito rapidamente na coluna de \u00e1gua a fim de permanecer sempre na vertical do barco. Equipado com anz\u00f3is SaqSas muito agu\u00e7ados e de um multifilamento rigidificado por um fluorocarbono interno, os dois assits hook que equipam esta amostra limitando a desferragem quando dos ataques furtivos.<\/p>\n","protected":false},"excerpt":{"rendered":"<p>Aqui est\u00e1 um jig para a pesca em slow jigging pronto a pescar. Compacto e denso, ele permite descer muito rapidamente na coluna de \u00e1gua a fim de permanecer sempre na vertical do barco. Equipado com anz\u00f3is SaqSas muito agu\u00e7ados e de um multifilamento rigidificado por um fluorocarbono interno, os dois assits hook que equipam &hellip; <\/p>\n<p class=\"more-link-wrap\"><a href=\"https:\/\/nautipescas.pt\/es\/produto\/zagaia-daiwa-jig-mr-slow-220g-red-gold\/\" class=\"more-link\"><span>Read More<span class=\"screen-reader-text\"> \u00abZAGAIA DAIWA JIG MR SLOW 220G RED GOLD\u00bb<\/span><\/span><\/a><\/p>\n","protected":false},"featured_media":6549,"template":"","meta":{"inline_featured_image":false},"product_cat":[148,246],"product_tag":[],"marcas":[131],"class_list":["post-6558","product","type-product","status-publish","has-post-thumbnail","hentry","product_cat-pesca","product_cat-zagaias","marcas-daiwa"],"acf":[],"yoast_head":"<!-- This site is optimized with the Yoast SEO plugin v19.2 - https:\/\/yoast.com\/wordpress\/plugins\/seo\/ -->\n<title>ZAGAIA DAIWA JIG MR SLOW 220G RED GOLD - Nautipescas<\/title>\n<meta name=\"robots\" content=\"index, follow, max-snippet:-1, max-image-preview:large, max-video-preview:-1\" \/>\n<link rel=\"canonical\" href=\"https:\/\/nautipescas.pt\/produto\/zagaia-daiwa-jig-mr-slow-220g-red-gold\/\" \/>\n<meta property=\"og:locale\" content=\"es_ES\" \/>\n<meta property=\"og:type\" content=\"article\" \/>\n<meta property=\"og:title\" content=\"ZAGAIA DAIWA JIG MR SLOW 220G RED GOLD - Nautipescas\" \/>\n<meta property=\"og:description\" content=\"Aqui est\u00e1 um jig para a pesca em slow jigging pronto a pescar. Compacto e denso, ele permite descer muito rapidamente na coluna de \u00e1gua a fim de permanecer sempre na vertical do barco. Equipado com anz\u00f3is SaqSas muito agu\u00e7ados e de um multifilamento rigidificado por um fluorocarbono interno, os dois assits hook que equipam &hellip; Read More &quot;ZAGAIA DAIWA JIG MR SLOW 220G RED GOLD&quot;\" \/>\n<meta property=\"og:url\" content=\"https:\/\/nautipescas.pt\/produto\/zagaia-daiwa-jig-mr-slow-220g-red-gold\/\" \/>\n<meta property=\"og:site_name\" content=\"Nautipescas\" \/>\n<meta property=\"article:modified_time\" content=\"2025-07-31T09:50:03+00:00\" \/>\n<meta property=\"og:image\" content=\"https:\/\/nautipescas.pt\/wp-content\/uploads\/2023\/03\/Mr-Slow-MRS180G14-red-gold_1080x.webp\" \/>\n\t<meta property=\"og:image:width\" content=\"930\" \/>\n\t<meta property=\"og:image:height\" content=\"376\" \/>\n\t<meta property=\"og:image:type\" content=\"image\/webp\" \/>\n<meta name=\"author\" content=\"Paulo Chaves\" \/>\n<meta name=\"twitter:card\" content=\"summary_large_image\" \/>\n<meta name=\"twitter:label1\" content=\"Tiempo de lectura\" \/>\n\t<meta name=\"twitter:data1\" content=\"1 minuto\" \/>\n<script type=\"application\/ld+json\" class=\"yoast-schema-graph\">{\"@context\":\"https:\/\/schema.org\",\"@graph\":[{\"@type\":\"WebSite\",\"@id\":\"https:\/\/nautipescas.pt\/#website\",\"url\":\"https:\/\/nautipescas.pt\/\",\"name\":\"Nautipescas\",\"description\":\"\",\"potentialAction\":[{\"@type\":\"SearchAction\",\"target\":{\"@type\":\"EntryPoint\",\"urlTemplate\":\"https:\/\/nautipescas.pt\/?s={search_term_string}\"},\"query-input\":\"required name=search_term_string\"}],\"inLanguage\":\"es\"},{\"@type\":\"ImageObject\",\"inLanguage\":\"es\",\"@id\":\"https:\/\/nautipescas.pt\/produto\/zagaia-daiwa-jig-mr-slow-220g-red-gold\/#primaryimage\",\"url\":\"https:\/\/nautipescas.pt\/wp-content\/uploads\/2023\/03\/Mr-Slow-MRS180G14-red-gold_1080x.webp\",\"contentUrl\":\"https:\/\/nautipescas.pt\/wp-content\/uploads\/2023\/03\/Mr-Slow-MRS180G14-red-gold_1080x.webp\",\"width\":930,\"height\":376},{\"@type\":\"WebPage\",\"@id\":\"https:\/\/nautipescas.pt\/produto\/zagaia-daiwa-jig-mr-slow-220g-red-gold\/#webpage\",\"url\":\"https:\/\/nautipescas.pt\/produto\/zagaia-daiwa-jig-mr-slow-220g-red-gold\/\",\"name\":\"ZAGAIA DAIWA JIG MR SLOW 220G RED GOLD - Nautipescas\",\"isPartOf\":{\"@id\":\"https:\/\/nautipescas.pt\/#website\"},\"primaryImageOfPage\":{\"@id\":\"https:\/\/nautipescas.pt\/produto\/zagaia-daiwa-jig-mr-slow-220g-red-gold\/#primaryimage\"},\"datePublished\":\"2023-03-27T16:55:18+00:00\",\"dateModified\":\"2025-07-31T09:50:03+00:00\",\"breadcrumb\":{\"@id\":\"https:\/\/nautipescas.pt\/produto\/zagaia-daiwa-jig-mr-slow-220g-red-gold\/#breadcrumb\"},\"inLanguage\":\"es\",\"potentialAction\":[{\"@type\":\"ReadAction\",\"target\":[\"https:\/\/nautipescas.pt\/produto\/zagaia-daiwa-jig-mr-slow-220g-red-gold\/\"]}]},{\"@type\":\"BreadcrumbList\",\"@id\":\"https:\/\/nautipescas.pt\/produto\/zagaia-daiwa-jig-mr-slow-220g-red-gold\/#breadcrumb\",\"itemListElement\":[{\"@type\":\"ListItem\",\"position\":1,\"name\":\"In\u00edcio\",\"item\":\"https:\/\/nautipescas.pt\/es\/\"},{\"@type\":\"ListItem\",\"position\":2,\"name\":\"Tienda\",\"item\":\"https:\/\/nautipescas.pt\/es\/tienda-de-pesca-online\/\"},{\"@type\":\"ListItem\",\"position\":3,\"name\":\"ZAGAIA DAIWA JIG MR SLOW 220G RED GOLD\"}]}]}<\/script>\n<!-- \/ Yoast SEO plugin. -->","yoast_head_json":{"title":"ZAGAIA DAIWA JIG MR SLOW 220G RED GOLD - Nautipescas","robots":{"index":"index","follow":"follow","max-snippet":"max-snippet:-1","max-image-preview":"max-image-preview:large","max-video-preview":"max-video-preview:-1"},"canonical":"https:\/\/nautipescas.pt\/produto\/zagaia-daiwa-jig-mr-slow-220g-red-gold\/","og_locale":"es_ES","og_type":"article","og_title":"ZAGAIA DAIWA JIG MR SLOW 220G RED GOLD - Nautipescas","og_description":"Aqui est\u00e1 um jig para a pesca em slow jigging pronto a pescar. Compacto e denso, ele permite descer muito rapidamente na coluna de \u00e1gua a fim de permanecer sempre na vertical do barco. Equipado com anz\u00f3is SaqSas muito agu\u00e7ados e de um multifilamento rigidificado por um fluorocarbono interno, os dois assits hook que equipam &hellip; Read More \"ZAGAIA DAIWA JIG MR SLOW 220G RED GOLD\"","og_url":"https:\/\/nautipescas.pt\/produto\/zagaia-daiwa-jig-mr-slow-220g-red-gold\/","og_site_name":"Nautipescas","article_modified_time":"2025-07-31T09:50:03+00:00","og_image":[{"width":930,"height":376,"url":"https:\/\/nautipescas.pt\/wp-content\/uploads\/2023\/03\/Mr-Slow-MRS180G14-red-gold_1080x.webp","type":"image\/webp"}],"author":"Paulo Chaves","twitter_card":"summary_large_image","twitter_misc":{"Tiempo de lectura":"1 minuto"},"schema":{"@context":"https:\/\/schema.org","@graph":[{"@type":"WebSite","@id":"https:\/\/nautipescas.pt\/#website","url":"https:\/\/nautipescas.pt\/","name":"Nautipescas","description":"","potentialAction":[{"@type":"SearchAction","target":{"@type":"EntryPoint","urlTemplate":"https:\/\/nautipescas.pt\/?s={search_term_string}"},"query-input":"required name=search_term_string"}],"inLanguage":"es"},{"@type":"ImageObject","inLanguage":"es","@id":"https:\/\/nautipescas.pt\/produto\/zagaia-daiwa-jig-mr-slow-220g-red-gold\/#primaryimage","url":"https:\/\/nautipescas.pt\/wp-content\/uploads\/2023\/03\/Mr-Slow-MRS180G14-red-gold_1080x.webp","contentUrl":"https:\/\/nautipescas.pt\/wp-content\/uploads\/2023\/03\/Mr-Slow-MRS180G14-red-gold_1080x.webp","width":930,"height":376},{"@type":"WebPage","@id":"https:\/\/nautipescas.pt\/produto\/zagaia-daiwa-jig-mr-slow-220g-red-gold\/#webpage","url":"https:\/\/nautipescas.pt\/produto\/zagaia-daiwa-jig-mr-slow-220g-red-gold\/","name":"ZAGAIA DAIWA JIG MR SLOW 220G RED GOLD - Nautipescas","isPartOf":{"@id":"https:\/\/nautipescas.pt\/#website"},"primaryImageOfPage":{"@id":"https:\/\/nautipescas.pt\/produto\/zagaia-daiwa-jig-mr-slow-220g-red-gold\/#primaryimage"},"datePublished":"2023-03-27T16:55:18+00:00","dateModified":"2025-07-31T09:50:03+00:00","breadcrumb":{"@id":"https:\/\/nautipescas.pt\/produto\/zagaia-daiwa-jig-mr-slow-220g-red-gold\/#breadcrumb"},"inLanguage":"es","potentialAction":[{"@type":"ReadAction","target":["https:\/\/nautipescas.pt\/produto\/zagaia-daiwa-jig-mr-slow-220g-red-gold\/"]}]},{"@type":"BreadcrumbList","@id":"https:\/\/nautipescas.pt\/produto\/zagaia-daiwa-jig-mr-slow-220g-red-gold\/#breadcrumb","itemListElement":[{"@type":"ListItem","position":1,"name":"In\u00edcio","item":"https:\/\/nautipescas.pt\/es\/"},{"@type":"ListItem","position":2,"name":"Tienda","item":"https:\/\/nautipescas.pt\/es\/tienda-de-pesca-online\/"},{"@type":"ListItem","position":3,"name":"ZAGAIA DAIWA JIG MR SLOW 220G RED GOLD"}]}]}},"_links":{"self":[{"href":"https:\/\/nautipescas.pt\/es\/wp-json\/wp\/v2\/product\/6558","targetHints":{"allow":["GET"]}}],"collection":[{"href":"https:\/\/nautipescas.pt\/es\/wp-json\/wp\/v2\/product"}],"about":[{"href":"https:\/\/nautipescas.pt\/es\/wp-json\/wp\/v2\/types\/product"}],"wp:featuredmedia":[{"embeddable":true,"href":"https:\/\/nautipescas.pt\/es\/wp-json\/wp\/v2\/media\/6549"}],"wp:attachment":[{"href":"https:\/\/nautipescas.pt\/es\/wp-json\/wp\/v2\/media?parent=6558"}],"wp:term":[{"taxonomy":"product_cat","embeddable":true,"href":"https:\/\/nautipescas.pt\/es\/wp-json\/wp\/v2\/product_cat?post=6558"},{"taxonomy":"product_tag","embeddable":true,"href":"https:\/\/nautipescas.pt\/es\/wp-json\/wp\/v2\/product_tag?post=6558"},{"taxonomy":"marcas","embeddable":true,"href":"https:\/\/nautipescas.pt\/es\/wp-json\/wp\/v2\/marcas?post=6558"}],"curies":[{"name":"wp","href":"https:\/\/api.w.org\/{rel}","templated":true}]}}