{"id":6571,"date":"2023-03-31T17:39:51","date_gmt":"2023-03-31T17:39:51","guid":{"rendered":"https:\/\/nautipescas.pt\/?post_type=product&#038;p=6571"},"modified":"2025-10-16T16:47:36","modified_gmt":"2025-10-16T16:47:36","slug":"carreto-sugoi-ventuari-6500","status":"publish","type":"product","link":"https:\/\/nautipescas.pt\/es\/produto\/carreto-sugoi-ventuari-6500\/","title":{"rendered":"CARRETO SUGOI VENTUARI 6500"},"content":{"rendered":"<div class=\"product_header_container clearfix\">\n<h1 class=\"h1 page-title\">Carreto Sugoi Ventuari 650<\/h1>\n<div class=\"product-manufacturer mb-3\"><\/div>\n<p><label class=\"label\">Marca:<\/label> <a href=\"https:\/\/zimbromotor.pt\/brand\/135-sugoi\">Sugoi<\/a><\/div>\n<div class=\"product-information\">\n<div id=\"product-description-short-906\" class=\"rte-content product-description\">\n<p>O VENTUARI 650 \u00e9 o carreto indicado para pesca de pesca ao fundo, pesca \u00e0 chumbadinha, pesca embarcada e light jigging. Corpo contru\u00eddo\u00a0em grafite de alto m\u00f3dulo, manivela de for\u00e7a met\u00e1lica e pega ergon\u00f3mica em EVA.<\/p>\n<h4 class=\"section-title\">Detalhes do produto<\/h4>\n<div class=\"section-content\">\n<div id=\"product-details\" class=\"clearfix\" data-product=\"{&quot;id_shop_default&quot;:&quot;1&quot;,&quot;id_manufacturer&quot;:&quot;135&quot;,&quot;id_supplier&quot;:&quot;0&quot;,&quot;reference&quot;:&quot;&quot;,&quot;is_virtual&quot;:&quot;0&quot;,&quot;delivery_in_stock&quot;:&quot;&quot;,&quot;delivery_out_stock&quot;:&quot;&quot;,&quot;id_category_default&quot;:&quot;10&quot;,&quot;on_sale&quot;:&quot;0&quot;,&quot;online_only&quot;:&quot;0&quot;,&quot;ecotax&quot;:0,&quot;minimal_quantity&quot;:&quot;1&quot;,&quot;low_stock_threshold&quot;:null,&quot;low_stock_alert&quot;:&quot;0&quot;,&quot;price&quot;:&quot;65,00\\u00a0\\u20ac&quot;,&quot;unity&quot;:&quot;&quot;,&quot;unit_price_ratio&quot;:&quot;0.000000&quot;,&quot;additional_shipping_cost&quot;:&quot;0.000000&quot;,&quot;customizable&quot;:&quot;0&quot;,&quot;text_fields&quot;:&quot;0&quot;,&quot;uploadable_files&quot;:&quot;0&quot;,&quot;redirect_type&quot;:&quot;301-category&quot;,&quot;id_type_redirected&quot;:&quot;0&quot;,&quot;available_for_order&quot;:&quot;1&quot;,&quot;available_date&quot;:&quot;0000-00-00&quot;,&quot;show_condition&quot;:&quot;0&quot;,&quot;condition&quot;:&quot;new&quot;,&quot;show_price&quot;:&quot;1&quot;,&quot;indexed&quot;:&quot;1&quot;,&quot;visibility&quot;:&quot;both&quot;,&quot;cache_default_attribute&quot;:&quot;0&quot;,&quot;advanced_stock_management&quot;:&quot;0&quot;,&quot;date_add&quot;:&quot;2021-10-01 16:23:33&quot;,&quot;date_upd&quot;:&quot;2022-03-19 16:06:28&quot;,&quot;pack_stock_type&quot;:&quot;3&quot;,&quot;meta_description&quot;:&quot;O VENTUARI 650 \\u00e9 o carreto indicado para pesca de pesca ao fundo, pesca \\u00e0 chumbadinha, pesca embarcada e light jigging. Corpo contru\\u00eddo\\u00a0em grafite de alto m\\u00f3...&quot;,&quot;meta_keywords&quot;:&quot;Carretos Sugoi Carreto Sugoi Ventuari 650&quot;,&quot;meta_title&quot;:&quot;Carreto Sugoi Ventuari 650&quot;,&quot;link_rewrite&quot;:&quot;carretos-sugoi-carreto-sugoi-ventuari-650&quot;,&quot;name&quot;:&quot;Carreto Sugoi Ventuari 650&quot;,&quot;description&quot;:&quot;&quot;,&quot;description_short&quot;:&quot;&lt;p&gt;O VENTUARI 650 \\u00e9 o carreto indicado para pesca de pesca ao fundo, pesca \\u00e0 chumbadinha, pesca embarcada e light jigging. Corpo contru\\u00eddo\\u00a0em grafite de alto m\\u00f3dulo, manivela de for\\u00e7a met\\u00e1lica e pega ergon\\u00f3mica em EVA.&lt;\\\/p&gt;&quot;,&quot;available_now&quot;:&quot;&quot;,&quot;available_later&quot;:&quot;&quot;,&quot;id&quot;:906,&quot;id_product&quot;:906,&quot;out_of_stock&quot;:2,&quot;new&quot;:0,&quot;id_product_attribute&quot;:&quot;0&quot;,&quot;quantity_wanted&quot;:1,&quot;extraContent&quot;:[],&quot;allow_oosp&quot;:true,&quot;category&quot;:&quot;carretos-pesca&quot;,&quot;category_name&quot;:&quot;Carretos&quot;,&quot;link&quot;:&quot;https:\\\/\\\/zimbromotor.pt\\\/carretos-pesca\\\/906-carretos-sugoi-carreto-sugoi-ventuari-650.html&quot;,&quot;attribute_price&quot;:0,&quot;price_tax_exc&quot;:52.845528,&quot;price_without_reduction&quot;:64.999999,&quot;reduction&quot;:0,&quot;specific_prices&quot;:[],&quot;quantity&quot;:5,&quot;quantity_all_versions&quot;:5,&quot;id_image&quot;:&quot;pt-default&quot;,&quot;features&quot;:[{&quot;name&quot;:&quot;Ratio&quot;,&quot;value&quot;:&quot;4.5:1&quot;,&quot;id_feature&quot;:&quot;3&quot;,&quot;position&quot;:&quot;0&quot;},{&quot;name&quot;:&quot;Peso&quot;,&quot;value&quot;:&quot;445g&quot;,&quot;id_feature&quot;:&quot;4&quot;,&quot;position&quot;:&quot;1&quot;},{&quot;name&quot;:&quot;Capacidade&quot;,&quot;value&quot;:&quot;0.30mm\\\/350m&quot;,&quot;id_feature&quot;:&quot;5&quot;,&quot;position&quot;:&quot;2&quot;},{&quot;name&quot;:&quot;Drag&quot;,&quot;value&quot;:&quot;12kg&quot;,&quot;id_feature&quot;:&quot;6&quot;,&quot;position&quot;:&quot;3&quot;},{&quot;name&quot;:&quot;Rolamentos&quot;,&quot;value&quot;:&quot;9&quot;,&quot;id_feature&quot;:&quot;7&quot;,&quot;position&quot;:&quot;4&quot;},{&quot;name&quot;:&quot;Material&quot;,&quot;value&quot;:&quot;Grafite&quot;,&quot;id_feature&quot;:&quot;8&quot;,&quot;position&quot;:&quot;5&quot;},{&quot;name&quot;:&quot;Bobine&quot;,&quot;value&quot;:&quot;2&quot;,&quot;id_feature&quot;:&quot;9&quot;,&quot;position&quot;:&quot;6&quot;}],&quot;attachments&quot;:[],&quot;virtual&quot;:0,&quot;pack&quot;:0,&quot;packItems&quot;:[],&quot;nopackprice&quot;:0,&quot;customization_required&quot;:false,&quot;rate&quot;:23,&quot;tax_name&quot;:&quot;IVA PT 23%&quot;,&quot;ecotax_rate&quot;:0,&quot;unit_price&quot;:&quot;&quot;,&quot;customizations&quot;:{&quot;fields&quot;:[]},&quot;id_customization&quot;:0,&quot;is_customizable&quot;:false,&quot;show_quantities&quot;:false,&quot;quantity_label&quot;:&quot;Produtos&quot;,&quot;quantity_discounts&quot;:[],&quot;customer_group_discount&quot;:0,&quot;images&quot;:[{&quot;bySize&quot;:{&quot;small_default&quot;:{&quot;url&quot;:&quot;https:\\\/\\\/zimbromotor.pt\\\/1309-small_default\\\/carretos-sugoi-carreto-sugoi-ventuari-650.jpg&quot;,&quot;width&quot;:98,&quot;height&quot;:127},&quot;cart_default&quot;:{&quot;url&quot;:&quot;https:\\\/\\\/zimbromotor.pt\\\/1309-cart_default\\\/carretos-sugoi-carreto-sugoi-ventuari-650.jpg&quot;,&quot;width&quot;:125,&quot;height&quot;:162},&quot;home_default&quot;:{&quot;url&quot;:&quot;https:\\\/\\\/zimbromotor.pt\\\/1309-home_default\\\/carretos-sugoi-carreto-sugoi-ventuari-650.jpg&quot;,&quot;width&quot;:236,&quot;height&quot;:305},&quot;large_default&quot;:{&quot;url&quot;:&quot;https:\\\/\\\/zimbromotor.pt\\\/1309-large_default\\\/carretos-sugoi-carreto-sugoi-ventuari-650.jpg&quot;,&quot;width&quot;:381,&quot;height&quot;:492},&quot;medium_default&quot;:{&quot;url&quot;:&quot;https:\\\/\\\/zimbromotor.pt\\\/1309-medium_default\\\/carretos-sugoi-carreto-sugoi-ventuari-650.jpg&quot;,&quot;width&quot;:452,&quot;height&quot;:584},&quot;thickbox_default&quot;:{&quot;url&quot;:&quot;https:\\\/\\\/zimbromotor.pt\\\/1309-thickbox_default\\\/carretos-sugoi-carreto-sugoi-ventuari-650.jpg&quot;,&quot;width&quot;:1100,&quot;height&quot;:1422}},&quot;small&quot;:{&quot;url&quot;:&quot;https:\\\/\\\/zimbromotor.pt\\\/1309-small_default\\\/carretos-sugoi-carreto-sugoi-ventuari-650.jpg&quot;,&quot;width&quot;:98,&quot;height&quot;:127},&quot;medium&quot;:{&quot;url&quot;:&quot;https:\\\/\\\/zimbromotor.pt\\\/1309-large_default\\\/carretos-sugoi-carreto-sugoi-ventuari-650.jpg&quot;,&quot;width&quot;:381,&quot;height&quot;:492},&quot;large&quot;:{&quot;url&quot;:&quot;https:\\\/\\\/zimbromotor.pt\\\/1309-thickbox_default\\\/carretos-sugoi-carreto-sugoi-ventuari-650.jpg&quot;,&quot;width&quot;:1100,&quot;height&quot;:1422},&quot;legend&quot;:&quot;&quot;,&quot;id_image&quot;:&quot;1309&quot;,&quot;cover&quot;:&quot;1&quot;,&quot;position&quot;:&quot;1&quot;,&quot;associatedVariants&quot;:[]},{&quot;bySize&quot;:{&quot;small_default&quot;:{&quot;url&quot;:&quot;https:\\\/\\\/zimbromotor.pt\\\/1310-small_default\\\/carretos-sugoi-carreto-sugoi-ventuari-650.jpg&quot;,&quot;width&quot;:98,&quot;height&quot;:127},&quot;cart_default&quot;:{&quot;url&quot;:&quot;https:\\\/\\\/zimbromotor.pt\\\/1310-cart_default\\\/carretos-sugoi-carreto-sugoi-ventuari-650.jpg&quot;,&quot;width&quot;:125,&quot;height&quot;:162},&quot;home_default&quot;:{&quot;url&quot;:&quot;https:\\\/\\\/zimbromotor.pt\\\/1310-home_default\\\/carretos-sugoi-carreto-sugoi-ventuari-650.jpg&quot;,&quot;width&quot;:236,&quot;height&quot;:305},&quot;large_default&quot;:{&quot;url&quot;:&quot;https:\\\/\\\/zimbromotor.pt\\\/1310-large_default\\\/carretos-sugoi-carreto-sugoi-ventuari-650.jpg&quot;,&quot;width&quot;:381,&quot;height&quot;:492},&quot;medium_default&quot;:{&quot;url&quot;:&quot;https:\\\/\\\/zimbromotor.pt\\\/1310-medium_default\\\/carretos-sugoi-carreto-sugoi-ventuari-650.jpg&quot;,&quot;width&quot;:452,&quot;height&quot;:584},&quot;thickbox_default&quot;:{&quot;url&quot;:&quot;https:\\\/\\\/zimbromotor.pt\\\/1310-thickbox_default\\\/carretos-sugoi-carreto-sugoi-ventuari-650.jpg&quot;,&quot;width&quot;:1100,&quot;height&quot;:1422}},&quot;small&quot;:{&quot;url&quot;:&quot;https:\\\/\\\/zimbromotor.pt\\\/1310-small_default\\\/carretos-sugoi-carreto-sugoi-ventuari-650.jpg&quot;,&quot;width&quot;:98,&quot;height&quot;:127},&quot;medium&quot;:{&quot;url&quot;:&quot;https:\\\/\\\/zimbromotor.pt\\\/1310-large_default\\\/carretos-sugoi-carreto-sugoi-ventuari-650.jpg&quot;,&quot;width&quot;:381,&quot;height&quot;:492},&quot;large&quot;:{&quot;url&quot;:&quot;https:\\\/\\\/zimbromotor.pt\\\/1310-thickbox_default\\\/carretos-sugoi-carreto-sugoi-ventuari-650.jpg&quot;,&quot;width&quot;:1100,&quot;height&quot;:1422},&quot;legend&quot;:&quot;&quot;,&quot;id_image&quot;:&quot;1310&quot;,&quot;cover&quot;:null,&quot;position&quot;:&quot;2&quot;,&quot;associatedVariants&quot;:[]}],&quot;cover&quot;:{&quot;bySize&quot;:{&quot;small_default&quot;:{&quot;url&quot;:&quot;https:\\\/\\\/zimbromotor.pt\\\/1309-small_default\\\/carretos-sugoi-carreto-sugoi-ventuari-650.jpg&quot;,&quot;width&quot;:98,&quot;height&quot;:127},&quot;cart_default&quot;:{&quot;url&quot;:&quot;https:\\\/\\\/zimbromotor.pt\\\/1309-cart_default\\\/carretos-sugoi-carreto-sugoi-ventuari-650.jpg&quot;,&quot;width&quot;:125,&quot;height&quot;:162},&quot;home_default&quot;:{&quot;url&quot;:&quot;https:\\\/\\\/zimbromotor.pt\\\/1309-home_default\\\/carretos-sugoi-carreto-sugoi-ventuari-650.jpg&quot;,&quot;width&quot;:236,&quot;height&quot;:305},&quot;large_default&quot;:{&quot;url&quot;:&quot;https:\\\/\\\/zimbromotor.pt\\\/1309-large_default\\\/carretos-sugoi-carreto-sugoi-ventuari-650.jpg&quot;,&quot;width&quot;:381,&quot;height&quot;:492},&quot;medium_default&quot;:{&quot;url&quot;:&quot;https:\\\/\\\/zimbromotor.pt\\\/1309-medium_default\\\/carretos-sugoi-carreto-sugoi-ventuari-650.jpg&quot;,&quot;width&quot;:452,&quot;height&quot;:584},&quot;thickbox_default&quot;:{&quot;url&quot;:&quot;https:\\\/\\\/zimbromotor.pt\\\/1309-thickbox_default\\\/carretos-sugoi-carreto-sugoi-ventuari-650.jpg&quot;,&quot;width&quot;:1100,&quot;height&quot;:1422}},&quot;small&quot;:{&quot;url&quot;:&quot;https:\\\/\\\/zimbromotor.pt\\\/1309-small_default\\\/carretos-sugoi-carreto-sugoi-ventuari-650.jpg&quot;,&quot;width&quot;:98,&quot;height&quot;:127},&quot;medium&quot;:{&quot;url&quot;:&quot;https:\\\/\\\/zimbromotor.pt\\\/1309-large_default\\\/carretos-sugoi-carreto-sugoi-ventuari-650.jpg&quot;,&quot;width&quot;:381,&quot;height&quot;:492},&quot;large&quot;:{&quot;url&quot;:&quot;https:\\\/\\\/zimbromotor.pt\\\/1309-thickbox_default\\\/carretos-sugoi-carreto-sugoi-ventuari-650.jpg&quot;,&quot;width&quot;:1100,&quot;height&quot;:1422},&quot;legend&quot;:&quot;&quot;,&quot;id_image&quot;:&quot;1309&quot;,&quot;cover&quot;:&quot;1&quot;,&quot;position&quot;:&quot;1&quot;,&quot;associatedVariants&quot;:[]},&quot;has_discount&quot;:false,&quot;discount_type&quot;:null,&quot;discount_percentage&quot;:null,&quot;discount_percentage_absolute&quot;:null,&quot;discount_amount&quot;:null,&quot;discount_amount_to_display&quot;:null,&quot;price_amount&quot;:65,&quot;unit_price_full&quot;:&quot;&quot;,&quot;show_availability&quot;:false,&quot;availability_message&quot;:null,&quot;availability_date&quot;:null,&quot;availability&quot;:null}\">\n<section class=\"product-features\">\n<dl class=\"data-sheet\">\n<dt class=\"name\">Ratio<\/dt>\n<dd class=\"value\">4.5:1<\/dd>\n<dt class=\"name\">Peso<\/dt>\n<dd class=\"value\">445g<\/dd>\n<dt class=\"name\">Capacidade<\/dt>\n<dd class=\"value\">0.30mm\/350m<\/dd>\n<dt class=\"name\">Drag<\/dt>\n<dd class=\"value\">12kg<\/dd>\n<dt class=\"name\">Rolamentos<\/dt>\n<dd class=\"value\">9<\/dd>\n<dt class=\"name\">Material<\/dt>\n<dd class=\"value\">Grafite<\/dd>\n<dt class=\"name\">Bobine<\/dt>\n<dd class=\"value\">2<\/dd>\n<\/dl>\n<\/section>\n<\/div>\n<\/div>\n<\/div>\n<\/div>\n","protected":false},"excerpt":{"rendered":"<p>Carreto Sugoi Ventuari 650 Marca: Sugoi O VENTUARI 650 \u00e9 o carreto indicado para pesca de pesca ao fundo, pesca \u00e0 chumbadinha, pesca embarcada e light jigging. Corpo contru\u00eddo\u00a0em grafite de alto m\u00f3dulo, manivela de for\u00e7a met\u00e1lica e pega ergon\u00f3mica em EVA. Detalhes do produto Ratio 4.5:1 Peso 445g Capacidade 0.30mm\/350m Drag 12kg Rolamentos 9 &hellip; <\/p>\n<p class=\"more-link-wrap\"><a href=\"https:\/\/nautipescas.pt\/es\/produto\/carreto-sugoi-ventuari-6500\/\" class=\"more-link\"><span>Read More<span class=\"screen-reader-text\"> \u00abCARRETO SUGOI VENTUARI 6500\u00bb<\/span><\/span><\/a><\/p>\n","protected":false},"featured_media":6572,"template":"","meta":{"inline_featured_image":false},"product_cat":[168,148],"product_tag":[],"marcas":[],"class_list":["post-6571","product","type-product","status-publish","has-post-thumbnail","hentry","product_cat-carretos-spinning","product_cat-pesca"],"acf":[],"yoast_head":"<!-- This site is optimized with the Yoast SEO plugin v19.2 - https:\/\/yoast.com\/wordpress\/plugins\/seo\/ -->\n<title>CARRETO SUGOI VENTUARI 6500 - Nautipescas<\/title>\n<meta name=\"robots\" content=\"index, follow, max-snippet:-1, max-image-preview:large, max-video-preview:-1\" \/>\n<link rel=\"canonical\" href=\"https:\/\/nautipescas.pt\/produto\/carreto-sugoi-ventuari-6500\/\" \/>\n<meta property=\"og:locale\" content=\"es_ES\" \/>\n<meta property=\"og:type\" content=\"article\" \/>\n<meta property=\"og:title\" content=\"CARRETO SUGOI VENTUARI 6500 - Nautipescas\" \/>\n<meta property=\"og:description\" content=\"Carreto Sugoi Ventuari 650 Marca: Sugoi O VENTUARI 650 \u00e9 o carreto indicado para pesca de pesca ao fundo, pesca \u00e0 chumbadinha, pesca embarcada e light jigging. Corpo contru\u00eddo\u00a0em grafite de alto m\u00f3dulo, manivela de for\u00e7a met\u00e1lica e pega ergon\u00f3mica em EVA. Detalhes do produto Ratio 4.5:1 Peso 445g Capacidade 0.30mm\/350m Drag 12kg Rolamentos 9 &hellip; Read More &quot;CARRETO SUGOI VENTUARI 6500&quot;\" \/>\n<meta property=\"og:url\" content=\"https:\/\/nautipescas.pt\/produto\/carreto-sugoi-ventuari-6500\/\" \/>\n<meta property=\"og:site_name\" content=\"Nautipescas\" \/>\n<meta property=\"article:modified_time\" content=\"2025-10-16T16:47:36+00:00\" \/>\n<meta property=\"og:image\" content=\"https:\/\/nautipescas.pt\/wp-content\/uploads\/2023\/03\/carretos-sugoi-carreto-sugoi-ventuari-650.jpg\" \/>\n\t<meta property=\"og:image:width\" content=\"452\" \/>\n\t<meta property=\"og:image:height\" content=\"584\" \/>\n\t<meta property=\"og:image:type\" content=\"image\/jpeg\" \/>\n<meta name=\"author\" content=\"Paulo Chaves\" \/>\n<meta name=\"twitter:card\" content=\"summary_large_image\" \/>\n<meta name=\"twitter:label1\" content=\"Tiempo de lectura\" \/>\n\t<meta name=\"twitter:data1\" content=\"1 minuto\" \/>\n<script type=\"application\/ld+json\" class=\"yoast-schema-graph\">{\"@context\":\"https:\/\/schema.org\",\"@graph\":[{\"@type\":\"WebSite\",\"@id\":\"https:\/\/nautipescas.pt\/#website\",\"url\":\"https:\/\/nautipescas.pt\/\",\"name\":\"Nautipescas\",\"description\":\"\",\"potentialAction\":[{\"@type\":\"SearchAction\",\"target\":{\"@type\":\"EntryPoint\",\"urlTemplate\":\"https:\/\/nautipescas.pt\/?s={search_term_string}\"},\"query-input\":\"required name=search_term_string\"}],\"inLanguage\":\"es\"},{\"@type\":\"ImageObject\",\"inLanguage\":\"es\",\"@id\":\"https:\/\/nautipescas.pt\/produto\/carreto-sugoi-ventuari-6500\/#primaryimage\",\"url\":\"https:\/\/nautipescas.pt\/wp-content\/uploads\/2023\/03\/carretos-sugoi-carreto-sugoi-ventuari-650.jpg\",\"contentUrl\":\"https:\/\/nautipescas.pt\/wp-content\/uploads\/2023\/03\/carretos-sugoi-carreto-sugoi-ventuari-650.jpg\",\"width\":452,\"height\":584},{\"@type\":\"WebPage\",\"@id\":\"https:\/\/nautipescas.pt\/produto\/carreto-sugoi-ventuari-6500\/#webpage\",\"url\":\"https:\/\/nautipescas.pt\/produto\/carreto-sugoi-ventuari-6500\/\",\"name\":\"CARRETO SUGOI VENTUARI 6500 - Nautipescas\",\"isPartOf\":{\"@id\":\"https:\/\/nautipescas.pt\/#website\"},\"primaryImageOfPage\":{\"@id\":\"https:\/\/nautipescas.pt\/produto\/carreto-sugoi-ventuari-6500\/#primaryimage\"},\"datePublished\":\"2023-03-31T17:39:51+00:00\",\"dateModified\":\"2025-10-16T16:47:36+00:00\",\"breadcrumb\":{\"@id\":\"https:\/\/nautipescas.pt\/produto\/carreto-sugoi-ventuari-6500\/#breadcrumb\"},\"inLanguage\":\"es\",\"potentialAction\":[{\"@type\":\"ReadAction\",\"target\":[\"https:\/\/nautipescas.pt\/produto\/carreto-sugoi-ventuari-6500\/\"]}]},{\"@type\":\"BreadcrumbList\",\"@id\":\"https:\/\/nautipescas.pt\/produto\/carreto-sugoi-ventuari-6500\/#breadcrumb\",\"itemListElement\":[{\"@type\":\"ListItem\",\"position\":1,\"name\":\"In\u00edcio\",\"item\":\"https:\/\/nautipescas.pt\/es\/\"},{\"@type\":\"ListItem\",\"position\":2,\"name\":\"Tienda\",\"item\":\"https:\/\/nautipescas.pt\/es\/tienda-de-pesca-online\/\"},{\"@type\":\"ListItem\",\"position\":3,\"name\":\"CARRETO SUGOI VENTUARI 6500\"}]}]}<\/script>\n<!-- \/ Yoast SEO plugin. -->","yoast_head_json":{"title":"CARRETO SUGOI VENTUARI 6500 - Nautipescas","robots":{"index":"index","follow":"follow","max-snippet":"max-snippet:-1","max-image-preview":"max-image-preview:large","max-video-preview":"max-video-preview:-1"},"canonical":"https:\/\/nautipescas.pt\/produto\/carreto-sugoi-ventuari-6500\/","og_locale":"es_ES","og_type":"article","og_title":"CARRETO SUGOI VENTUARI 6500 - Nautipescas","og_description":"Carreto Sugoi Ventuari 650 Marca: Sugoi O VENTUARI 650 \u00e9 o carreto indicado para pesca de pesca ao fundo, pesca \u00e0 chumbadinha, pesca embarcada e light jigging. Corpo contru\u00eddo\u00a0em grafite de alto m\u00f3dulo, manivela de for\u00e7a met\u00e1lica e pega ergon\u00f3mica em EVA. Detalhes do produto Ratio 4.5:1 Peso 445g Capacidade 0.30mm\/350m Drag 12kg Rolamentos 9 &hellip; Read More \"CARRETO SUGOI VENTUARI 6500\"","og_url":"https:\/\/nautipescas.pt\/produto\/carreto-sugoi-ventuari-6500\/","og_site_name":"Nautipescas","article_modified_time":"2025-10-16T16:47:36+00:00","og_image":[{"width":452,"height":584,"url":"https:\/\/nautipescas.pt\/wp-content\/uploads\/2023\/03\/carretos-sugoi-carreto-sugoi-ventuari-650.jpg","type":"image\/jpeg"}],"author":"Paulo Chaves","twitter_card":"summary_large_image","twitter_misc":{"Tiempo de lectura":"1 minuto"},"schema":{"@context":"https:\/\/schema.org","@graph":[{"@type":"WebSite","@id":"https:\/\/nautipescas.pt\/#website","url":"https:\/\/nautipescas.pt\/","name":"Nautipescas","description":"","potentialAction":[{"@type":"SearchAction","target":{"@type":"EntryPoint","urlTemplate":"https:\/\/nautipescas.pt\/?s={search_term_string}"},"query-input":"required name=search_term_string"}],"inLanguage":"es"},{"@type":"ImageObject","inLanguage":"es","@id":"https:\/\/nautipescas.pt\/produto\/carreto-sugoi-ventuari-6500\/#primaryimage","url":"https:\/\/nautipescas.pt\/wp-content\/uploads\/2023\/03\/carretos-sugoi-carreto-sugoi-ventuari-650.jpg","contentUrl":"https:\/\/nautipescas.pt\/wp-content\/uploads\/2023\/03\/carretos-sugoi-carreto-sugoi-ventuari-650.jpg","width":452,"height":584},{"@type":"WebPage","@id":"https:\/\/nautipescas.pt\/produto\/carreto-sugoi-ventuari-6500\/#webpage","url":"https:\/\/nautipescas.pt\/produto\/carreto-sugoi-ventuari-6500\/","name":"CARRETO SUGOI VENTUARI 6500 - Nautipescas","isPartOf":{"@id":"https:\/\/nautipescas.pt\/#website"},"primaryImageOfPage":{"@id":"https:\/\/nautipescas.pt\/produto\/carreto-sugoi-ventuari-6500\/#primaryimage"},"datePublished":"2023-03-31T17:39:51+00:00","dateModified":"2025-10-16T16:47:36+00:00","breadcrumb":{"@id":"https:\/\/nautipescas.pt\/produto\/carreto-sugoi-ventuari-6500\/#breadcrumb"},"inLanguage":"es","potentialAction":[{"@type":"ReadAction","target":["https:\/\/nautipescas.pt\/produto\/carreto-sugoi-ventuari-6500\/"]}]},{"@type":"BreadcrumbList","@id":"https:\/\/nautipescas.pt\/produto\/carreto-sugoi-ventuari-6500\/#breadcrumb","itemListElement":[{"@type":"ListItem","position":1,"name":"In\u00edcio","item":"https:\/\/nautipescas.pt\/es\/"},{"@type":"ListItem","position":2,"name":"Tienda","item":"https:\/\/nautipescas.pt\/es\/tienda-de-pesca-online\/"},{"@type":"ListItem","position":3,"name":"CARRETO SUGOI VENTUARI 6500"}]}]}},"_links":{"self":[{"href":"https:\/\/nautipescas.pt\/es\/wp-json\/wp\/v2\/product\/6571","targetHints":{"allow":["GET"]}}],"collection":[{"href":"https:\/\/nautipescas.pt\/es\/wp-json\/wp\/v2\/product"}],"about":[{"href":"https:\/\/nautipescas.pt\/es\/wp-json\/wp\/v2\/types\/product"}],"wp:featuredmedia":[{"embeddable":true,"href":"https:\/\/nautipescas.pt\/es\/wp-json\/wp\/v2\/media\/6572"}],"wp:attachment":[{"href":"https:\/\/nautipescas.pt\/es\/wp-json\/wp\/v2\/media?parent=6571"}],"wp:term":[{"taxonomy":"product_cat","embeddable":true,"href":"https:\/\/nautipescas.pt\/es\/wp-json\/wp\/v2\/product_cat?post=6571"},{"taxonomy":"product_tag","embeddable":true,"href":"https:\/\/nautipescas.pt\/es\/wp-json\/wp\/v2\/product_tag?post=6571"},{"taxonomy":"marcas","embeddable":true,"href":"https:\/\/nautipescas.pt\/es\/wp-json\/wp\/v2\/marcas?post=6571"}],"curies":[{"name":"wp","href":"https:\/\/api.w.org\/{rel}","templated":true}]}}