{"id":6683,"date":"2023-04-05T17:04:46","date_gmt":"2023-04-05T17:04:46","guid":{"rendered":"https:\/\/nautipescas.pt\/?post_type=product&#038;p=6683"},"modified":"2024-06-14T13:52:31","modified_gmt":"2024-06-14T13:52:31","slug":"radio-marine-media-center-sportnav-h825","status":"publish","type":"product","link":"https:\/\/nautipescas.pt\/es\/produto\/radio-marine-media-center-sportnav-h825\/","title":{"rendered":"RADIO MARINE MEDIA CENTER SPORTNAV H825"},"content":{"rendered":"<h3>Media Center Sportnav Music \u2013 SPOH825<\/h3>\n<h4><strong>Sistema de \u00e1udio compacto, elegante e totalmente \u00e0 prova d\u2019\u00e1gua.<\/strong><\/h4>\n<p>CARACTER\u00cdSTICAS:<\/p>\n<address>\u2013 \u00c0 Prova de \u00c1gua IP6<br \/>\n\u2013 R\u00e1dio FM<\/address>\n<address>\u2013 Bluetooth\u00a0<\/address>\n<address>\u2013 USB<\/address>\n<address>\u2013 Entrada AUX<\/address>\n<address>\u2013 Sa\u00edda RCA\u00a0<\/address>\n<address>\u2013 Pot\u00eancia 4 X 50 W\u00a0<\/address>\n<address>\u00a0<\/address>\n<address>Recetor est\u00e9reo waterlight constru\u00eddo para o exterior<\/address>\n<address>\u00a0<\/address>\n<h4>Caracter\u00edsticas T\u00e9cnicas:<\/h4>\n<ul>\n<li><strong>Alimenta\u00e7\u00e3o:<\/strong> 11-13,6 V<\/li>\n<li><strong>\u00d8 Exterior:<\/strong> 113 mm<\/li>\n<li><strong>\u00d8 Orif\u00edcio de Montagem:<\/strong> 89,5 mm<\/li>\n<li><strong>Profundidade de montagem: <\/strong>72mm<\/li>\n<\/ul>\n","protected":false},"excerpt":{"rendered":"<p>Media Center Sportnav Music \u2013 SPOH825 Sistema de \u00e1udio compacto, elegante e totalmente \u00e0 prova d\u2019\u00e1gua. CARACTER\u00cdSTICAS: \u2013 \u00c0 Prova de \u00c1gua IP6 \u2013 R\u00e1dio FM \u2013 Bluetooth\u00a0 \u2013 USB \u2013 Entrada AUX \u2013 Sa\u00edda RCA\u00a0 \u2013 Pot\u00eancia 4 X 50 W\u00a0 \u00a0 Recetor est\u00e9reo waterlight constru\u00eddo para o exterior \u00a0 Caracter\u00edsticas T\u00e9cnicas: Alimenta\u00e7\u00e3o: 11-13,6 &hellip; <\/p>\n<p class=\"more-link-wrap\"><a href=\"https:\/\/nautipescas.pt\/es\/produto\/radio-marine-media-center-sportnav-h825\/\" class=\"more-link\"><span>Read More<span class=\"screen-reader-text\"> \u00abRADIO MARINE MEDIA CENTER SPORTNAV H825\u00bb<\/span><\/span><\/a><\/p>\n","protected":false},"featured_media":6688,"template":"","meta":{"inline_featured_image":false},"product_cat":[518],"product_tag":[],"marcas":[],"class_list":["post-6683","product","type-product","status-publish","has-post-thumbnail","hentry","product_cat-sistemas-de-som"],"acf":[],"yoast_head":"<!-- This site is optimized with the Yoast SEO plugin v19.2 - https:\/\/yoast.com\/wordpress\/plugins\/seo\/ -->\n<title>RADIO MARINE MEDIA CENTER SPORTNAV H825 - Nautipescas<\/title>\n<meta name=\"robots\" content=\"index, follow, max-snippet:-1, max-image-preview:large, max-video-preview:-1\" \/>\n<link rel=\"canonical\" href=\"https:\/\/nautipescas.pt\/produto\/radio-marine-media-center-sportnav-h825\/\" \/>\n<meta property=\"og:locale\" content=\"es_ES\" \/>\n<meta property=\"og:type\" content=\"article\" \/>\n<meta property=\"og:title\" content=\"RADIO MARINE MEDIA CENTER SPORTNAV H825 - Nautipescas\" \/>\n<meta property=\"og:description\" content=\"Media Center Sportnav Music \u2013 SPOH825 Sistema de \u00e1udio compacto, elegante e totalmente \u00e0 prova d\u2019\u00e1gua. CARACTER\u00cdSTICAS: \u2013 \u00c0 Prova de \u00c1gua IP6 \u2013 R\u00e1dio FM \u2013 Bluetooth\u00a0 \u2013 USB \u2013 Entrada AUX \u2013 Sa\u00edda RCA\u00a0 \u2013 Pot\u00eancia 4 X 50 W\u00a0 \u00a0 Recetor est\u00e9reo waterlight constru\u00eddo para o exterior \u00a0 Caracter\u00edsticas T\u00e9cnicas: Alimenta\u00e7\u00e3o: 11-13,6 &hellip; Read More &quot;RADIO MARINE MEDIA CENTER SPORTNAV H825&quot;\" \/>\n<meta property=\"og:url\" content=\"https:\/\/nautipescas.pt\/produto\/radio-marine-media-center-sportnav-h825\/\" \/>\n<meta property=\"og:site_name\" content=\"Nautipescas\" \/>\n<meta property=\"article:modified_time\" content=\"2024-06-14T13:52:31+00:00\" \/>\n<meta property=\"og:image\" content=\"https:\/\/nautipescas.pt\/wp-content\/uploads\/2023\/04\/ASPORH825.jpg\" \/>\n\t<meta property=\"og:image:width\" content=\"996\" \/>\n\t<meta property=\"og:image:height\" content=\"425\" \/>\n\t<meta property=\"og:image:type\" content=\"image\/jpeg\" \/>\n<meta name=\"author\" content=\"Paulo Chaves\" \/>\n<meta name=\"twitter:card\" content=\"summary_large_image\" \/>\n<meta name=\"twitter:label1\" content=\"Tiempo de lectura\" \/>\n\t<meta name=\"twitter:data1\" content=\"1 minuto\" \/>\n<script type=\"application\/ld+json\" class=\"yoast-schema-graph\">{\"@context\":\"https:\/\/schema.org\",\"@graph\":[{\"@type\":\"WebSite\",\"@id\":\"https:\/\/nautipescas.pt\/#website\",\"url\":\"https:\/\/nautipescas.pt\/\",\"name\":\"Nautipescas\",\"description\":\"\",\"potentialAction\":[{\"@type\":\"SearchAction\",\"target\":{\"@type\":\"EntryPoint\",\"urlTemplate\":\"https:\/\/nautipescas.pt\/?s={search_term_string}\"},\"query-input\":\"required name=search_term_string\"}],\"inLanguage\":\"es\"},{\"@type\":\"ImageObject\",\"inLanguage\":\"es\",\"@id\":\"https:\/\/nautipescas.pt\/produto\/radio-marine-media-center-sportnav-h825\/#primaryimage\",\"url\":\"https:\/\/nautipescas.pt\/wp-content\/uploads\/2023\/04\/ASPORH825.jpg\",\"contentUrl\":\"https:\/\/nautipescas.pt\/wp-content\/uploads\/2023\/04\/ASPORH825.jpg\",\"width\":996,\"height\":425},{\"@type\":\"WebPage\",\"@id\":\"https:\/\/nautipescas.pt\/produto\/radio-marine-media-center-sportnav-h825\/#webpage\",\"url\":\"https:\/\/nautipescas.pt\/produto\/radio-marine-media-center-sportnav-h825\/\",\"name\":\"RADIO MARINE MEDIA CENTER SPORTNAV H825 - Nautipescas\",\"isPartOf\":{\"@id\":\"https:\/\/nautipescas.pt\/#website\"},\"primaryImageOfPage\":{\"@id\":\"https:\/\/nautipescas.pt\/produto\/radio-marine-media-center-sportnav-h825\/#primaryimage\"},\"datePublished\":\"2023-04-05T17:04:46+00:00\",\"dateModified\":\"2024-06-14T13:52:31+00:00\",\"breadcrumb\":{\"@id\":\"https:\/\/nautipescas.pt\/produto\/radio-marine-media-center-sportnav-h825\/#breadcrumb\"},\"inLanguage\":\"es\",\"potentialAction\":[{\"@type\":\"ReadAction\",\"target\":[\"https:\/\/nautipescas.pt\/produto\/radio-marine-media-center-sportnav-h825\/\"]}]},{\"@type\":\"BreadcrumbList\",\"@id\":\"https:\/\/nautipescas.pt\/produto\/radio-marine-media-center-sportnav-h825\/#breadcrumb\",\"itemListElement\":[{\"@type\":\"ListItem\",\"position\":1,\"name\":\"In\u00edcio\",\"item\":\"https:\/\/nautipescas.pt\/es\/\"},{\"@type\":\"ListItem\",\"position\":2,\"name\":\"Tienda\",\"item\":\"https:\/\/nautipescas.pt\/es\/tienda-de-pesca-online\/\"},{\"@type\":\"ListItem\",\"position\":3,\"name\":\"RADIO MARINE MEDIA CENTER SPORTNAV H825\"}]}]}<\/script>\n<!-- \/ Yoast SEO plugin. -->","yoast_head_json":{"title":"RADIO MARINE MEDIA CENTER SPORTNAV H825 - Nautipescas","robots":{"index":"index","follow":"follow","max-snippet":"max-snippet:-1","max-image-preview":"max-image-preview:large","max-video-preview":"max-video-preview:-1"},"canonical":"https:\/\/nautipescas.pt\/produto\/radio-marine-media-center-sportnav-h825\/","og_locale":"es_ES","og_type":"article","og_title":"RADIO MARINE MEDIA CENTER SPORTNAV H825 - Nautipescas","og_description":"Media Center Sportnav Music \u2013 SPOH825 Sistema de \u00e1udio compacto, elegante e totalmente \u00e0 prova d\u2019\u00e1gua. CARACTER\u00cdSTICAS: \u2013 \u00c0 Prova de \u00c1gua IP6 \u2013 R\u00e1dio FM \u2013 Bluetooth\u00a0 \u2013 USB \u2013 Entrada AUX \u2013 Sa\u00edda RCA\u00a0 \u2013 Pot\u00eancia 4 X 50 W\u00a0 \u00a0 Recetor est\u00e9reo waterlight constru\u00eddo para o exterior \u00a0 Caracter\u00edsticas T\u00e9cnicas: Alimenta\u00e7\u00e3o: 11-13,6 &hellip; Read More \"RADIO MARINE MEDIA CENTER SPORTNAV H825\"","og_url":"https:\/\/nautipescas.pt\/produto\/radio-marine-media-center-sportnav-h825\/","og_site_name":"Nautipescas","article_modified_time":"2024-06-14T13:52:31+00:00","og_image":[{"width":996,"height":425,"url":"https:\/\/nautipescas.pt\/wp-content\/uploads\/2023\/04\/ASPORH825.jpg","type":"image\/jpeg"}],"author":"Paulo Chaves","twitter_card":"summary_large_image","twitter_misc":{"Tiempo de lectura":"1 minuto"},"schema":{"@context":"https:\/\/schema.org","@graph":[{"@type":"WebSite","@id":"https:\/\/nautipescas.pt\/#website","url":"https:\/\/nautipescas.pt\/","name":"Nautipescas","description":"","potentialAction":[{"@type":"SearchAction","target":{"@type":"EntryPoint","urlTemplate":"https:\/\/nautipescas.pt\/?s={search_term_string}"},"query-input":"required name=search_term_string"}],"inLanguage":"es"},{"@type":"ImageObject","inLanguage":"es","@id":"https:\/\/nautipescas.pt\/produto\/radio-marine-media-center-sportnav-h825\/#primaryimage","url":"https:\/\/nautipescas.pt\/wp-content\/uploads\/2023\/04\/ASPORH825.jpg","contentUrl":"https:\/\/nautipescas.pt\/wp-content\/uploads\/2023\/04\/ASPORH825.jpg","width":996,"height":425},{"@type":"WebPage","@id":"https:\/\/nautipescas.pt\/produto\/radio-marine-media-center-sportnav-h825\/#webpage","url":"https:\/\/nautipescas.pt\/produto\/radio-marine-media-center-sportnav-h825\/","name":"RADIO MARINE MEDIA CENTER SPORTNAV H825 - Nautipescas","isPartOf":{"@id":"https:\/\/nautipescas.pt\/#website"},"primaryImageOfPage":{"@id":"https:\/\/nautipescas.pt\/produto\/radio-marine-media-center-sportnav-h825\/#primaryimage"},"datePublished":"2023-04-05T17:04:46+00:00","dateModified":"2024-06-14T13:52:31+00:00","breadcrumb":{"@id":"https:\/\/nautipescas.pt\/produto\/radio-marine-media-center-sportnav-h825\/#breadcrumb"},"inLanguage":"es","potentialAction":[{"@type":"ReadAction","target":["https:\/\/nautipescas.pt\/produto\/radio-marine-media-center-sportnav-h825\/"]}]},{"@type":"BreadcrumbList","@id":"https:\/\/nautipescas.pt\/produto\/radio-marine-media-center-sportnav-h825\/#breadcrumb","itemListElement":[{"@type":"ListItem","position":1,"name":"In\u00edcio","item":"https:\/\/nautipescas.pt\/es\/"},{"@type":"ListItem","position":2,"name":"Tienda","item":"https:\/\/nautipescas.pt\/es\/tienda-de-pesca-online\/"},{"@type":"ListItem","position":3,"name":"RADIO MARINE MEDIA CENTER SPORTNAV H825"}]}]}},"_links":{"self":[{"href":"https:\/\/nautipescas.pt\/es\/wp-json\/wp\/v2\/product\/6683","targetHints":{"allow":["GET"]}}],"collection":[{"href":"https:\/\/nautipescas.pt\/es\/wp-json\/wp\/v2\/product"}],"about":[{"href":"https:\/\/nautipescas.pt\/es\/wp-json\/wp\/v2\/types\/product"}],"wp:featuredmedia":[{"embeddable":true,"href":"https:\/\/nautipescas.pt\/es\/wp-json\/wp\/v2\/media\/6688"}],"wp:attachment":[{"href":"https:\/\/nautipescas.pt\/es\/wp-json\/wp\/v2\/media?parent=6683"}],"wp:term":[{"taxonomy":"product_cat","embeddable":true,"href":"https:\/\/nautipescas.pt\/es\/wp-json\/wp\/v2\/product_cat?post=6683"},{"taxonomy":"product_tag","embeddable":true,"href":"https:\/\/nautipescas.pt\/es\/wp-json\/wp\/v2\/product_tag?post=6683"},{"taxonomy":"marcas","embeddable":true,"href":"https:\/\/nautipescas.pt\/es\/wp-json\/wp\/v2\/marcas?post=6683"}],"curies":[{"name":"wp","href":"https:\/\/api.w.org\/{rel}","templated":true}]}}