{"id":6696,"date":"2023-04-05T17:12:57","date_gmt":"2023-04-05T17:12:57","guid":{"rendered":"https:\/\/nautipescas.pt\/?post_type=product&#038;p=6696"},"modified":"2024-07-06T09:29:56","modified_gmt":"2024-07-06T09:29:56","slug":"colunas-sportnav-6-5-120w-branco-pack-2","status":"publish","type":"product","link":"https:\/\/nautipescas.pt\/es\/produto\/colunas-sportnav-6-5-120w-branco-pack-2\/","title":{"rendered":"COLUNAS SPORTNAV 6.5&#8243; 120W BRANCO PACK 2"},"content":{"rendered":"<p>Altifalantes mar\u00edtimos, \u00e0 prova de \u00e1gua IPX65, para trabalhar em condi\u00e7\u00f5es ambientais adversas.<br \/>\n6,5&#8243; 2 vias, proporcionam uma excelente qualidade de som mesmo com ru\u00eddos ambientais (como os gerados pela navega\u00e7\u00e3o da embarca\u00e7\u00e3o, motores, etc.)<br \/>\nGrade de prote\u00e7\u00e3o que combina o design cl\u00e1ssico com um centro desportivo, fornecendo uma imagem \u00fanica depois de instalada.<br \/>\nPot\u00eancia m\u00e1xima 120W rms<br \/>\nCor branca.<br \/>\nPack de 2 unidades<\/p>\n","protected":false},"excerpt":{"rendered":"<p>Altifalantes mar\u00edtimos, \u00e0 prova de \u00e1gua IPX65, para trabalhar em condi\u00e7\u00f5es ambientais adversas. 6,5&#8243; 2 vias, proporcionam uma excelente qualidade de som mesmo com ru\u00eddos ambientais (como os gerados pela navega\u00e7\u00e3o da embarca\u00e7\u00e3o, motores, etc.) Grade de prote\u00e7\u00e3o que combina o design cl\u00e1ssico com um centro desportivo, fornecendo uma imagem \u00fanica depois de instalada. Pot\u00eancia &hellip; <\/p>\n<p class=\"more-link-wrap\"><a href=\"https:\/\/nautipescas.pt\/es\/produto\/colunas-sportnav-6-5-120w-branco-pack-2\/\" class=\"more-link\"><span>Read More<span class=\"screen-reader-text\"> \u00abCOLUNAS SPORTNAV 6.5&#8243; 120W BRANCO PACK 2\u00bb<\/span><\/span><\/a><\/p>\n","protected":false},"featured_media":6697,"template":"","meta":{"inline_featured_image":false},"product_cat":[518],"product_tag":[],"marcas":[],"class_list":["post-6696","product","type-product","status-publish","has-post-thumbnail","hentry","product_cat-sistemas-de-som"],"acf":[],"yoast_head":"<!-- This site is optimized with the Yoast SEO plugin v19.2 - https:\/\/yoast.com\/wordpress\/plugins\/seo\/ -->\n<title>COLUNAS SPORTNAV 6.5&quot; 120W BRANCO PACK 2 - Nautipescas<\/title>\n<meta name=\"robots\" content=\"index, follow, max-snippet:-1, max-image-preview:large, max-video-preview:-1\" \/>\n<link rel=\"canonical\" href=\"https:\/\/nautipescas.pt\/produto\/colunas-sportnav-6-5-120w-branco-pack-2\/\" \/>\n<meta property=\"og:locale\" content=\"es_ES\" \/>\n<meta property=\"og:type\" content=\"article\" \/>\n<meta property=\"og:title\" content=\"COLUNAS SPORTNAV 6.5&quot; 120W BRANCO PACK 2 - Nautipescas\" \/>\n<meta property=\"og:description\" content=\"Altifalantes mar\u00edtimos, \u00e0 prova de \u00e1gua IPX65, para trabalhar em condi\u00e7\u00f5es ambientais adversas. 6,5&#8243; 2 vias, proporcionam uma excelente qualidade de som mesmo com ru\u00eddos ambientais (como os gerados pela navega\u00e7\u00e3o da embarca\u00e7\u00e3o, motores, etc.) Grade de prote\u00e7\u00e3o que combina o design cl\u00e1ssico com um centro desportivo, fornecendo uma imagem \u00fanica depois de instalada. Pot\u00eancia &hellip; Read More &quot;COLUNAS SPORTNAV 6.5&#8243; 120W BRANCO PACK 2&quot;\" \/>\n<meta property=\"og:url\" content=\"https:\/\/nautipescas.pt\/produto\/colunas-sportnav-6-5-120w-branco-pack-2\/\" \/>\n<meta property=\"og:site_name\" content=\"Nautipescas\" \/>\n<meta property=\"article:modified_time\" content=\"2024-07-06T09:29:56+00:00\" \/>\n<meta property=\"og:image\" content=\"https:\/\/nautipescas.pt\/wp-content\/uploads\/2023\/04\/sportnav4.jpg\" \/>\n\t<meta property=\"og:image:width\" content=\"726\" \/>\n\t<meta property=\"og:image:height\" content=\"711\" \/>\n\t<meta property=\"og:image:type\" content=\"image\/jpeg\" \/>\n<meta name=\"author\" content=\"Paulo Chaves\" \/>\n<meta name=\"twitter:card\" content=\"summary_large_image\" \/>\n<script type=\"application\/ld+json\" class=\"yoast-schema-graph\">{\"@context\":\"https:\/\/schema.org\",\"@graph\":[{\"@type\":\"WebSite\",\"@id\":\"https:\/\/nautipescas.pt\/#website\",\"url\":\"https:\/\/nautipescas.pt\/\",\"name\":\"Nautipescas\",\"description\":\"\",\"potentialAction\":[{\"@type\":\"SearchAction\",\"target\":{\"@type\":\"EntryPoint\",\"urlTemplate\":\"https:\/\/nautipescas.pt\/?s={search_term_string}\"},\"query-input\":\"required name=search_term_string\"}],\"inLanguage\":\"es\"},{\"@type\":\"ImageObject\",\"inLanguage\":\"es\",\"@id\":\"https:\/\/nautipescas.pt\/produto\/colunas-sportnav-6-5-120w-branco-pack-2\/#primaryimage\",\"url\":\"https:\/\/nautipescas.pt\/wp-content\/uploads\/2023\/04\/sportnav4.jpg\",\"contentUrl\":\"https:\/\/nautipescas.pt\/wp-content\/uploads\/2023\/04\/sportnav4.jpg\",\"width\":726,\"height\":711},{\"@type\":\"WebPage\",\"@id\":\"https:\/\/nautipescas.pt\/produto\/colunas-sportnav-6-5-120w-branco-pack-2\/#webpage\",\"url\":\"https:\/\/nautipescas.pt\/produto\/colunas-sportnav-6-5-120w-branco-pack-2\/\",\"name\":\"COLUNAS SPORTNAV 6.5\\\" 120W BRANCO PACK 2 - Nautipescas\",\"isPartOf\":{\"@id\":\"https:\/\/nautipescas.pt\/#website\"},\"primaryImageOfPage\":{\"@id\":\"https:\/\/nautipescas.pt\/produto\/colunas-sportnav-6-5-120w-branco-pack-2\/#primaryimage\"},\"datePublished\":\"2023-04-05T17:12:57+00:00\",\"dateModified\":\"2024-07-06T09:29:56+00:00\",\"breadcrumb\":{\"@id\":\"https:\/\/nautipescas.pt\/produto\/colunas-sportnav-6-5-120w-branco-pack-2\/#breadcrumb\"},\"inLanguage\":\"es\",\"potentialAction\":[{\"@type\":\"ReadAction\",\"target\":[\"https:\/\/nautipescas.pt\/produto\/colunas-sportnav-6-5-120w-branco-pack-2\/\"]}]},{\"@type\":\"BreadcrumbList\",\"@id\":\"https:\/\/nautipescas.pt\/produto\/colunas-sportnav-6-5-120w-branco-pack-2\/#breadcrumb\",\"itemListElement\":[{\"@type\":\"ListItem\",\"position\":1,\"name\":\"In\u00edcio\",\"item\":\"https:\/\/nautipescas.pt\/es\/\"},{\"@type\":\"ListItem\",\"position\":2,\"name\":\"Tienda\",\"item\":\"https:\/\/nautipescas.pt\/es\/tienda-de-pesca-online\/\"},{\"@type\":\"ListItem\",\"position\":3,\"name\":\"COLUNAS SPORTNAV 6.5&#8243; 120W BRANCO PACK 2\"}]}]}<\/script>\n<!-- \/ Yoast SEO plugin. -->","yoast_head_json":{"title":"COLUNAS SPORTNAV 6.5\" 120W BRANCO PACK 2 - Nautipescas","robots":{"index":"index","follow":"follow","max-snippet":"max-snippet:-1","max-image-preview":"max-image-preview:large","max-video-preview":"max-video-preview:-1"},"canonical":"https:\/\/nautipescas.pt\/produto\/colunas-sportnav-6-5-120w-branco-pack-2\/","og_locale":"es_ES","og_type":"article","og_title":"COLUNAS SPORTNAV 6.5\" 120W BRANCO PACK 2 - Nautipescas","og_description":"Altifalantes mar\u00edtimos, \u00e0 prova de \u00e1gua IPX65, para trabalhar em condi\u00e7\u00f5es ambientais adversas. 6,5&#8243; 2 vias, proporcionam uma excelente qualidade de som mesmo com ru\u00eddos ambientais (como os gerados pela navega\u00e7\u00e3o da embarca\u00e7\u00e3o, motores, etc.) Grade de prote\u00e7\u00e3o que combina o design cl\u00e1ssico com um centro desportivo, fornecendo uma imagem \u00fanica depois de instalada. Pot\u00eancia &hellip; Read More \"COLUNAS SPORTNAV 6.5&#8243; 120W BRANCO PACK 2\"","og_url":"https:\/\/nautipescas.pt\/produto\/colunas-sportnav-6-5-120w-branco-pack-2\/","og_site_name":"Nautipescas","article_modified_time":"2024-07-06T09:29:56+00:00","og_image":[{"width":726,"height":711,"url":"https:\/\/nautipescas.pt\/wp-content\/uploads\/2023\/04\/sportnav4.jpg","type":"image\/jpeg"}],"author":"Paulo Chaves","twitter_card":"summary_large_image","schema":{"@context":"https:\/\/schema.org","@graph":[{"@type":"WebSite","@id":"https:\/\/nautipescas.pt\/#website","url":"https:\/\/nautipescas.pt\/","name":"Nautipescas","description":"","potentialAction":[{"@type":"SearchAction","target":{"@type":"EntryPoint","urlTemplate":"https:\/\/nautipescas.pt\/?s={search_term_string}"},"query-input":"required name=search_term_string"}],"inLanguage":"es"},{"@type":"ImageObject","inLanguage":"es","@id":"https:\/\/nautipescas.pt\/produto\/colunas-sportnav-6-5-120w-branco-pack-2\/#primaryimage","url":"https:\/\/nautipescas.pt\/wp-content\/uploads\/2023\/04\/sportnav4.jpg","contentUrl":"https:\/\/nautipescas.pt\/wp-content\/uploads\/2023\/04\/sportnav4.jpg","width":726,"height":711},{"@type":"WebPage","@id":"https:\/\/nautipescas.pt\/produto\/colunas-sportnav-6-5-120w-branco-pack-2\/#webpage","url":"https:\/\/nautipescas.pt\/produto\/colunas-sportnav-6-5-120w-branco-pack-2\/","name":"COLUNAS SPORTNAV 6.5\" 120W BRANCO PACK 2 - Nautipescas","isPartOf":{"@id":"https:\/\/nautipescas.pt\/#website"},"primaryImageOfPage":{"@id":"https:\/\/nautipescas.pt\/produto\/colunas-sportnav-6-5-120w-branco-pack-2\/#primaryimage"},"datePublished":"2023-04-05T17:12:57+00:00","dateModified":"2024-07-06T09:29:56+00:00","breadcrumb":{"@id":"https:\/\/nautipescas.pt\/produto\/colunas-sportnav-6-5-120w-branco-pack-2\/#breadcrumb"},"inLanguage":"es","potentialAction":[{"@type":"ReadAction","target":["https:\/\/nautipescas.pt\/produto\/colunas-sportnav-6-5-120w-branco-pack-2\/"]}]},{"@type":"BreadcrumbList","@id":"https:\/\/nautipescas.pt\/produto\/colunas-sportnav-6-5-120w-branco-pack-2\/#breadcrumb","itemListElement":[{"@type":"ListItem","position":1,"name":"In\u00edcio","item":"https:\/\/nautipescas.pt\/es\/"},{"@type":"ListItem","position":2,"name":"Tienda","item":"https:\/\/nautipescas.pt\/es\/tienda-de-pesca-online\/"},{"@type":"ListItem","position":3,"name":"COLUNAS SPORTNAV 6.5&#8243; 120W BRANCO PACK 2"}]}]}},"_links":{"self":[{"href":"https:\/\/nautipescas.pt\/es\/wp-json\/wp\/v2\/product\/6696","targetHints":{"allow":["GET"]}}],"collection":[{"href":"https:\/\/nautipescas.pt\/es\/wp-json\/wp\/v2\/product"}],"about":[{"href":"https:\/\/nautipescas.pt\/es\/wp-json\/wp\/v2\/types\/product"}],"wp:featuredmedia":[{"embeddable":true,"href":"https:\/\/nautipescas.pt\/es\/wp-json\/wp\/v2\/media\/6697"}],"wp:attachment":[{"href":"https:\/\/nautipescas.pt\/es\/wp-json\/wp\/v2\/media?parent=6696"}],"wp:term":[{"taxonomy":"product_cat","embeddable":true,"href":"https:\/\/nautipescas.pt\/es\/wp-json\/wp\/v2\/product_cat?post=6696"},{"taxonomy":"product_tag","embeddable":true,"href":"https:\/\/nautipescas.pt\/es\/wp-json\/wp\/v2\/product_tag?post=6696"},{"taxonomy":"marcas","embeddable":true,"href":"https:\/\/nautipescas.pt\/es\/wp-json\/wp\/v2\/marcas?post=6696"}],"curies":[{"name":"wp","href":"https:\/\/api.w.org\/{rel}","templated":true}]}}