{"id":6701,"date":"2023-04-05T17:21:09","date_gmt":"2023-04-05T17:21:09","guid":{"rendered":"https:\/\/nautipescas.pt\/?post_type=product&#038;p=6701"},"modified":"2026-03-16T16:49:07","modified_gmt":"2026-03-16T16:49:07","slug":"caixa-direccao-uflex-mod-t85","status":"publish","type":"product","link":"https:\/\/nautipescas.pt\/es\/produto\/caixa-direccao-uflex-mod-t85\/","title":{"rendered":"CAIXA DIREC\u00c7\u00c3O UFLEX MOD T85"},"content":{"rendered":"<p>Para popa, interior e motores SX-r\u00edgido de at\u00e9 9\/10 metros e velocidade m\u00e1xima de 50 MPH, ciclo de dire\u00e7\u00e3o 3, curva de raio m\u00ednimo de 200 mm, curso 228 mm.<\/p>\n","protected":false},"excerpt":{"rendered":"<p>Para popa, interior e motores SX-r\u00edgido de at\u00e9 9\/10 metros e velocidade m\u00e1xima de 50 MPH, ciclo de dire\u00e7\u00e3o 3, curva de raio m\u00ednimo de 200 mm, curso 228 mm.<\/p>\n","protected":false},"featured_media":6702,"template":"","meta":{"inline_featured_image":false},"product_cat":[154],"product_tag":[],"marcas":[],"class_list":["post-6701","product","type-product","status-publish","has-post-thumbnail","hentry","product_cat-nautica"],"acf":[],"yoast_head":"<!-- This site is optimized with the Yoast SEO plugin v19.2 - https:\/\/yoast.com\/wordpress\/plugins\/seo\/ -->\n<title>CAIXA DIREC\u00c7\u00c3O UFLEX MOD T85 - Nautipescas<\/title>\n<meta name=\"robots\" content=\"index, follow, max-snippet:-1, max-image-preview:large, max-video-preview:-1\" \/>\n<link rel=\"canonical\" href=\"https:\/\/nautipescas.pt\/produto\/caixa-direccao-uflex-mod-t85\/\" \/>\n<meta property=\"og:locale\" content=\"es_ES\" \/>\n<meta property=\"og:type\" content=\"article\" \/>\n<meta property=\"og:title\" content=\"CAIXA DIREC\u00c7\u00c3O UFLEX MOD T85 - Nautipescas\" \/>\n<meta property=\"og:description\" content=\"Para popa, interior e motores SX-r\u00edgido de at\u00e9 9\/10 metros e velocidade m\u00e1xima de 50 MPH, ciclo de dire\u00e7\u00e3o 3, curva de raio m\u00ednimo de 200 mm, curso 228 mm.\" \/>\n<meta property=\"og:url\" content=\"https:\/\/nautipescas.pt\/produto\/caixa-direccao-uflex-mod-t85\/\" \/>\n<meta property=\"og:site_name\" content=\"Nautipescas\" \/>\n<meta property=\"article:modified_time\" content=\"2026-03-16T16:49:07+00:00\" \/>\n<meta property=\"og:image\" content=\"https:\/\/nautipescas.pt\/wp-content\/uploads\/2023\/04\/transferir-1.jpg\" \/>\n\t<meta property=\"og:image:width\" content=\"251\" \/>\n\t<meta property=\"og:image:height\" content=\"201\" \/>\n\t<meta property=\"og:image:type\" content=\"image\/jpeg\" \/>\n<meta name=\"author\" content=\"Paulo Chaves\" \/>\n<meta name=\"twitter:card\" content=\"summary_large_image\" \/>\n<meta name=\"twitter:label1\" content=\"Tiempo de lectura\" \/>\n\t<meta name=\"twitter:data1\" content=\"1 minuto\" \/>\n<script type=\"application\/ld+json\" class=\"yoast-schema-graph\">{\"@context\":\"https:\/\/schema.org\",\"@graph\":[{\"@type\":\"WebSite\",\"@id\":\"https:\/\/nautipescas.pt\/#website\",\"url\":\"https:\/\/nautipescas.pt\/\",\"name\":\"Nautipescas\",\"description\":\"\",\"potentialAction\":[{\"@type\":\"SearchAction\",\"target\":{\"@type\":\"EntryPoint\",\"urlTemplate\":\"https:\/\/nautipescas.pt\/?s={search_term_string}\"},\"query-input\":\"required name=search_term_string\"}],\"inLanguage\":\"es\"},{\"@type\":\"ImageObject\",\"inLanguage\":\"es\",\"@id\":\"https:\/\/nautipescas.pt\/produto\/caixa-direccao-uflex-mod-t85\/#primaryimage\",\"url\":\"https:\/\/nautipescas.pt\/wp-content\/uploads\/2023\/04\/transferir-1.jpg\",\"contentUrl\":\"https:\/\/nautipescas.pt\/wp-content\/uploads\/2023\/04\/transferir-1.jpg\",\"width\":251,\"height\":201},{\"@type\":\"WebPage\",\"@id\":\"https:\/\/nautipescas.pt\/produto\/caixa-direccao-uflex-mod-t85\/#webpage\",\"url\":\"https:\/\/nautipescas.pt\/produto\/caixa-direccao-uflex-mod-t85\/\",\"name\":\"CAIXA DIREC\u00c7\u00c3O UFLEX MOD T85 - Nautipescas\",\"isPartOf\":{\"@id\":\"https:\/\/nautipescas.pt\/#website\"},\"primaryImageOfPage\":{\"@id\":\"https:\/\/nautipescas.pt\/produto\/caixa-direccao-uflex-mod-t85\/#primaryimage\"},\"datePublished\":\"2023-04-05T17:21:09+00:00\",\"dateModified\":\"2026-03-16T16:49:07+00:00\",\"breadcrumb\":{\"@id\":\"https:\/\/nautipescas.pt\/produto\/caixa-direccao-uflex-mod-t85\/#breadcrumb\"},\"inLanguage\":\"es\",\"potentialAction\":[{\"@type\":\"ReadAction\",\"target\":[\"https:\/\/nautipescas.pt\/produto\/caixa-direccao-uflex-mod-t85\/\"]}]},{\"@type\":\"BreadcrumbList\",\"@id\":\"https:\/\/nautipescas.pt\/produto\/caixa-direccao-uflex-mod-t85\/#breadcrumb\",\"itemListElement\":[{\"@type\":\"ListItem\",\"position\":1,\"name\":\"In\u00edcio\",\"item\":\"https:\/\/nautipescas.pt\/es\/\"},{\"@type\":\"ListItem\",\"position\":2,\"name\":\"Tienda\",\"item\":\"https:\/\/nautipescas.pt\/es\/tienda-de-pesca-online\/\"},{\"@type\":\"ListItem\",\"position\":3,\"name\":\"CAIXA DIREC\u00c7\u00c3O UFLEX MOD T85\"}]}]}<\/script>\n<!-- \/ Yoast SEO plugin. -->","yoast_head_json":{"title":"CAIXA DIREC\u00c7\u00c3O UFLEX MOD T85 - Nautipescas","robots":{"index":"index","follow":"follow","max-snippet":"max-snippet:-1","max-image-preview":"max-image-preview:large","max-video-preview":"max-video-preview:-1"},"canonical":"https:\/\/nautipescas.pt\/produto\/caixa-direccao-uflex-mod-t85\/","og_locale":"es_ES","og_type":"article","og_title":"CAIXA DIREC\u00c7\u00c3O UFLEX MOD T85 - Nautipescas","og_description":"Para popa, interior e motores SX-r\u00edgido de at\u00e9 9\/10 metros e velocidade m\u00e1xima de 50 MPH, ciclo de dire\u00e7\u00e3o 3, curva de raio m\u00ednimo de 200 mm, curso 228 mm.","og_url":"https:\/\/nautipescas.pt\/produto\/caixa-direccao-uflex-mod-t85\/","og_site_name":"Nautipescas","article_modified_time":"2026-03-16T16:49:07+00:00","og_image":[{"width":251,"height":201,"url":"https:\/\/nautipescas.pt\/wp-content\/uploads\/2023\/04\/transferir-1.jpg","type":"image\/jpeg"}],"author":"Paulo Chaves","twitter_card":"summary_large_image","twitter_misc":{"Tiempo de lectura":"1 minuto"},"schema":{"@context":"https:\/\/schema.org","@graph":[{"@type":"WebSite","@id":"https:\/\/nautipescas.pt\/#website","url":"https:\/\/nautipescas.pt\/","name":"Nautipescas","description":"","potentialAction":[{"@type":"SearchAction","target":{"@type":"EntryPoint","urlTemplate":"https:\/\/nautipescas.pt\/?s={search_term_string}"},"query-input":"required name=search_term_string"}],"inLanguage":"es"},{"@type":"ImageObject","inLanguage":"es","@id":"https:\/\/nautipescas.pt\/produto\/caixa-direccao-uflex-mod-t85\/#primaryimage","url":"https:\/\/nautipescas.pt\/wp-content\/uploads\/2023\/04\/transferir-1.jpg","contentUrl":"https:\/\/nautipescas.pt\/wp-content\/uploads\/2023\/04\/transferir-1.jpg","width":251,"height":201},{"@type":"WebPage","@id":"https:\/\/nautipescas.pt\/produto\/caixa-direccao-uflex-mod-t85\/#webpage","url":"https:\/\/nautipescas.pt\/produto\/caixa-direccao-uflex-mod-t85\/","name":"CAIXA DIREC\u00c7\u00c3O UFLEX MOD T85 - Nautipescas","isPartOf":{"@id":"https:\/\/nautipescas.pt\/#website"},"primaryImageOfPage":{"@id":"https:\/\/nautipescas.pt\/produto\/caixa-direccao-uflex-mod-t85\/#primaryimage"},"datePublished":"2023-04-05T17:21:09+00:00","dateModified":"2026-03-16T16:49:07+00:00","breadcrumb":{"@id":"https:\/\/nautipescas.pt\/produto\/caixa-direccao-uflex-mod-t85\/#breadcrumb"},"inLanguage":"es","potentialAction":[{"@type":"ReadAction","target":["https:\/\/nautipescas.pt\/produto\/caixa-direccao-uflex-mod-t85\/"]}]},{"@type":"BreadcrumbList","@id":"https:\/\/nautipescas.pt\/produto\/caixa-direccao-uflex-mod-t85\/#breadcrumb","itemListElement":[{"@type":"ListItem","position":1,"name":"In\u00edcio","item":"https:\/\/nautipescas.pt\/es\/"},{"@type":"ListItem","position":2,"name":"Tienda","item":"https:\/\/nautipescas.pt\/es\/tienda-de-pesca-online\/"},{"@type":"ListItem","position":3,"name":"CAIXA DIREC\u00c7\u00c3O UFLEX MOD T85"}]}]}},"_links":{"self":[{"href":"https:\/\/nautipescas.pt\/es\/wp-json\/wp\/v2\/product\/6701","targetHints":{"allow":["GET"]}}],"collection":[{"href":"https:\/\/nautipescas.pt\/es\/wp-json\/wp\/v2\/product"}],"about":[{"href":"https:\/\/nautipescas.pt\/es\/wp-json\/wp\/v2\/types\/product"}],"wp:featuredmedia":[{"embeddable":true,"href":"https:\/\/nautipescas.pt\/es\/wp-json\/wp\/v2\/media\/6702"}],"wp:attachment":[{"href":"https:\/\/nautipescas.pt\/es\/wp-json\/wp\/v2\/media?parent=6701"}],"wp:term":[{"taxonomy":"product_cat","embeddable":true,"href":"https:\/\/nautipescas.pt\/es\/wp-json\/wp\/v2\/product_cat?post=6701"},{"taxonomy":"product_tag","embeddable":true,"href":"https:\/\/nautipescas.pt\/es\/wp-json\/wp\/v2\/product_tag?post=6701"},{"taxonomy":"marcas","embeddable":true,"href":"https:\/\/nautipescas.pt\/es\/wp-json\/wp\/v2\/marcas?post=6701"}],"curies":[{"name":"wp","href":"https:\/\/api.w.org\/{rel}","templated":true}]}}