{"id":6991,"date":"2023-06-28T16:19:36","date_gmt":"2023-06-28T16:19:36","guid":{"rendered":"https:\/\/nautipescas.pt\/?post_type=product&#038;p=6991"},"modified":"2023-06-28T16:38:33","modified_gmt":"2023-06-28T16:38:33","slug":"garmin-sonda-striker-vivid-4cv-c-gps","status":"publish","type":"product","link":"https:\/\/nautipescas.pt\/es\/produto\/garmin-sonda-striker-vivid-4cv-c-gps\/","title":{"rendered":"GARMIN SONDA STRIKER VIVID 4CV C\/GPS"},"content":{"rendered":"<p data-gp-tth-0=\"68de27bb44da162032807b6429bba859\">Veja peixes e estruturas em detalhes coloridos com o localizador de cardumes STRIKER\u2122 Vivid 4cv. Este dispositivo de 4\u201d f\u00e1cil de usar agora apresenta paletas de cores de alto contraste para facilitar a visualiza\u00e7\u00e3o do que est\u00e1 abaixo da superf\u00edcie. Ele inclui um transdutor GT20 para o melhor sonar tradicional Garmin CHIRP da categoria e o sonar de varredura CHIRP ClearV\u00fc. O GPS de alta sensibilidade permite marcar pontos quentes, planejar rotas e visualizar a velocidade do seu barco. Crie e salve mapas com contornos de 1&#8242; com o software Quickdraw Contours integrado. O STRIKER Vivid 4cv inclui montagem inclinada\/girat\u00f3ria, al\u00e9m de hardware e cabo de montagem de motor de pesca e popa.<\/p>\n<p><strong data-gp-tth-0=\"9b73723f6b90d39f68702f8d1a324ce5\">Caracter\u00edsticas:<\/strong><\/p>\n<ul>\n<li data-gp-tth-0=\"a650f0c5047010715c8df6cd75e03f28\">Fishfinder colorido de 4 polegadas f\u00e1cil de usar com novas paletas de cores de sonar de varredura v\u00edvida para distinguir facilmente peixes e estruturas; suporte basculante inclin\u00e1vel\/girat\u00f3rio inclu\u00eddo<\/li>\n<li data-gp-tth-0=\"b0a7aad1dfcb922bf178a78e5c7beefb\">Inclui um transdutor GT20 para sonar tradicional Garmin CHIRP integrado e sonar de varredura CHIRP ClearV\u00fc<\/li>\n<li data-gp-tth-0=\"0d1428f9ddd4a6589bd49c90735efa5b\">GPS de alta sensibilidade para marcar pontos de refer\u00eancia, criar rotas e visualizar a velocidade do seu barco<\/li>\n<li data-gp-tth-0=\"ff039d748790bc1e087b64121b8ed4e1\">Inclui mapeamento Quickdraw Contours integrado<\/li>\n<\/ul>\n<p><strong class=\"\">GT20-TM<\/strong><\/p>\n<p data-gp-tth-9=\"432166e3c1fb97842b66123aa381d55e\" data-gp-tth-6=\"c914d1cfe946e53483068a8d0d51ad33\" data-gp-tth-3=\"80130f49a924112d9a31f50a5337f6f6\" data-gp-tth-0=\"459e243fb0e5fbe299a75e46298baef2\">Transom Mount DownV\u00fc 500 W (CHIRP 455\/800 kHz) Tradicional 500 W (77\/200 kHz) Transdutor com temperatura &#8211; 4 pinos<\/p>\n<p>Obtenha imagens de sonar ultran\u00edtidas de objetos, estruturas e peixes que passam por baixo do seu barco com este transdutor de 4 pinos tudo-em-um.<\/p>\n<p>Este cabo transdutor de 20&#8242; com sensor de temperatura de resposta r\u00e1pida integrado tem uma pot\u00eancia nominal de 500 W; uma profundidade de 1.900 p\u00e9s (tradicional) e 750 p\u00e9s (DownV\u00fc); frequ\u00eancia operacional de 77\/200 kHz (tradicional) e 455 kHz (DownV\u00fc); e um \u00e2ngulo de popa de 0 a 70.<\/p>\n","protected":false},"excerpt":{"rendered":"<p>Veja peixes e estruturas em detalhes coloridos com o localizador de cardumes STRIKER\u2122 Vivid 4cv. Este dispositivo de 4\u201d f\u00e1cil de usar agora apresenta paletas de cores de alto contraste para facilitar a visualiza\u00e7\u00e3o do que est\u00e1 abaixo da superf\u00edcie. Ele inclui um transdutor GT20 para o melhor sonar tradicional Garmin CHIRP da categoria e &hellip; <\/p>\n<p class=\"more-link-wrap\"><a href=\"https:\/\/nautipescas.pt\/es\/produto\/garmin-sonda-striker-vivid-4cv-c-gps\/\" class=\"more-link\"><span>Read More<span class=\"screen-reader-text\"> \u00abGARMIN SONDA STRIKER VIVID 4CV C\/GPS\u00bb<\/span><\/span><\/a><\/p>\n","protected":false},"featured_media":6992,"template":"","meta":{"inline_featured_image":false},"product_cat":[207,153,226,458],"product_tag":[],"marcas":[245],"class_list":["post-6991","product","type-product","status-publish","has-post-thumbnail","hentry","product_cat-combos-gps-sonda","product_cat-eletronica-maritima","product_cat-gps-plotter","product_cat-sondas-eletronica-maritima","marcas-garmin"],"acf":[],"yoast_head":"<!-- This site is optimized with the Yoast SEO plugin v19.2 - https:\/\/yoast.com\/wordpress\/plugins\/seo\/ -->\n<title>GARMIN SONDA STRIKER VIVID 4CV C\/GPS - Nautipescas<\/title>\n<meta name=\"robots\" content=\"index, follow, max-snippet:-1, max-image-preview:large, max-video-preview:-1\" \/>\n<link rel=\"canonical\" href=\"https:\/\/nautipescas.pt\/produto\/garmin-sonda-striker-vivid-4cv-c-gps\/\" \/>\n<meta property=\"og:locale\" content=\"es_ES\" \/>\n<meta property=\"og:type\" content=\"article\" \/>\n<meta property=\"og:title\" content=\"GARMIN SONDA STRIKER VIVID 4CV C\/GPS - Nautipescas\" \/>\n<meta property=\"og:description\" content=\"Veja peixes e estruturas em detalhes coloridos com o localizador de cardumes STRIKER\u2122 Vivid 4cv. Este dispositivo de 4\u201d f\u00e1cil de usar agora apresenta paletas de cores de alto contraste para facilitar a visualiza\u00e7\u00e3o do que est\u00e1 abaixo da superf\u00edcie. Ele inclui um transdutor GT20 para o melhor sonar tradicional Garmin CHIRP da categoria e &hellip; Read More &quot;GARMIN SONDA STRIKER VIVID 4CV C\/GPS&quot;\" \/>\n<meta property=\"og:url\" content=\"https:\/\/nautipescas.pt\/produto\/garmin-sonda-striker-vivid-4cv-c-gps\/\" \/>\n<meta property=\"og:site_name\" content=\"Nautipescas\" \/>\n<meta property=\"article:modified_time\" content=\"2023-06-28T16:38:33+00:00\" \/>\n<meta property=\"og:image\" content=\"https:\/\/nautipescas.pt\/wp-content\/uploads\/2023\/06\/CW86530__03470.jpg\" \/>\n\t<meta property=\"og:image:width\" content=\"1280\" \/>\n\t<meta property=\"og:image:height\" content=\"1280\" \/>\n\t<meta property=\"og:image:type\" content=\"image\/jpeg\" \/>\n<meta name=\"author\" content=\"Paulo Chaves\" \/>\n<meta name=\"twitter:card\" content=\"summary_large_image\" \/>\n<meta name=\"twitter:label1\" content=\"Tiempo de lectura\" \/>\n\t<meta name=\"twitter:data1\" content=\"2 minutos\" \/>\n<script type=\"application\/ld+json\" class=\"yoast-schema-graph\">{\"@context\":\"https:\/\/schema.org\",\"@graph\":[{\"@type\":\"WebSite\",\"@id\":\"https:\/\/nautipescas.pt\/#website\",\"url\":\"https:\/\/nautipescas.pt\/\",\"name\":\"Nautipescas\",\"description\":\"\",\"potentialAction\":[{\"@type\":\"SearchAction\",\"target\":{\"@type\":\"EntryPoint\",\"urlTemplate\":\"https:\/\/nautipescas.pt\/?s={search_term_string}\"},\"query-input\":\"required name=search_term_string\"}],\"inLanguage\":\"es\"},{\"@type\":\"ImageObject\",\"inLanguage\":\"es\",\"@id\":\"https:\/\/nautipescas.pt\/produto\/garmin-sonda-striker-vivid-4cv-c-gps\/#primaryimage\",\"url\":\"https:\/\/nautipescas.pt\/wp-content\/uploads\/2023\/06\/CW86530__03470.jpg\",\"contentUrl\":\"https:\/\/nautipescas.pt\/wp-content\/uploads\/2023\/06\/CW86530__03470.jpg\",\"width\":1280,\"height\":1280},{\"@type\":\"WebPage\",\"@id\":\"https:\/\/nautipescas.pt\/produto\/garmin-sonda-striker-vivid-4cv-c-gps\/#webpage\",\"url\":\"https:\/\/nautipescas.pt\/produto\/garmin-sonda-striker-vivid-4cv-c-gps\/\",\"name\":\"GARMIN SONDA STRIKER VIVID 4CV C\/GPS - Nautipescas\",\"isPartOf\":{\"@id\":\"https:\/\/nautipescas.pt\/#website\"},\"primaryImageOfPage\":{\"@id\":\"https:\/\/nautipescas.pt\/produto\/garmin-sonda-striker-vivid-4cv-c-gps\/#primaryimage\"},\"datePublished\":\"2023-06-28T16:19:36+00:00\",\"dateModified\":\"2023-06-28T16:38:33+00:00\",\"breadcrumb\":{\"@id\":\"https:\/\/nautipescas.pt\/produto\/garmin-sonda-striker-vivid-4cv-c-gps\/#breadcrumb\"},\"inLanguage\":\"es\",\"potentialAction\":[{\"@type\":\"ReadAction\",\"target\":[\"https:\/\/nautipescas.pt\/produto\/garmin-sonda-striker-vivid-4cv-c-gps\/\"]}]},{\"@type\":\"BreadcrumbList\",\"@id\":\"https:\/\/nautipescas.pt\/produto\/garmin-sonda-striker-vivid-4cv-c-gps\/#breadcrumb\",\"itemListElement\":[{\"@type\":\"ListItem\",\"position\":1,\"name\":\"In\u00edcio\",\"item\":\"https:\/\/nautipescas.pt\/es\/\"},{\"@type\":\"ListItem\",\"position\":2,\"name\":\"Tienda\",\"item\":\"https:\/\/nautipescas.pt\/es\/tienda-de-pesca-online\/\"},{\"@type\":\"ListItem\",\"position\":3,\"name\":\"GARMIN SONDA STRIKER VIVID 4CV C\/GPS\"}]}]}<\/script>\n<!-- \/ Yoast SEO plugin. -->","yoast_head_json":{"title":"GARMIN SONDA STRIKER VIVID 4CV C\/GPS - Nautipescas","robots":{"index":"index","follow":"follow","max-snippet":"max-snippet:-1","max-image-preview":"max-image-preview:large","max-video-preview":"max-video-preview:-1"},"canonical":"https:\/\/nautipescas.pt\/produto\/garmin-sonda-striker-vivid-4cv-c-gps\/","og_locale":"es_ES","og_type":"article","og_title":"GARMIN SONDA STRIKER VIVID 4CV C\/GPS - Nautipescas","og_description":"Veja peixes e estruturas em detalhes coloridos com o localizador de cardumes STRIKER\u2122 Vivid 4cv. Este dispositivo de 4\u201d f\u00e1cil de usar agora apresenta paletas de cores de alto contraste para facilitar a visualiza\u00e7\u00e3o do que est\u00e1 abaixo da superf\u00edcie. Ele inclui um transdutor GT20 para o melhor sonar tradicional Garmin CHIRP da categoria e &hellip; Read More \"GARMIN SONDA STRIKER VIVID 4CV C\/GPS\"","og_url":"https:\/\/nautipescas.pt\/produto\/garmin-sonda-striker-vivid-4cv-c-gps\/","og_site_name":"Nautipescas","article_modified_time":"2023-06-28T16:38:33+00:00","og_image":[{"width":1280,"height":1280,"url":"https:\/\/nautipescas.pt\/wp-content\/uploads\/2023\/06\/CW86530__03470.jpg","type":"image\/jpeg"}],"author":"Paulo Chaves","twitter_card":"summary_large_image","twitter_misc":{"Tiempo de lectura":"2 minutos"},"schema":{"@context":"https:\/\/schema.org","@graph":[{"@type":"WebSite","@id":"https:\/\/nautipescas.pt\/#website","url":"https:\/\/nautipescas.pt\/","name":"Nautipescas","description":"","potentialAction":[{"@type":"SearchAction","target":{"@type":"EntryPoint","urlTemplate":"https:\/\/nautipescas.pt\/?s={search_term_string}"},"query-input":"required name=search_term_string"}],"inLanguage":"es"},{"@type":"ImageObject","inLanguage":"es","@id":"https:\/\/nautipescas.pt\/produto\/garmin-sonda-striker-vivid-4cv-c-gps\/#primaryimage","url":"https:\/\/nautipescas.pt\/wp-content\/uploads\/2023\/06\/CW86530__03470.jpg","contentUrl":"https:\/\/nautipescas.pt\/wp-content\/uploads\/2023\/06\/CW86530__03470.jpg","width":1280,"height":1280},{"@type":"WebPage","@id":"https:\/\/nautipescas.pt\/produto\/garmin-sonda-striker-vivid-4cv-c-gps\/#webpage","url":"https:\/\/nautipescas.pt\/produto\/garmin-sonda-striker-vivid-4cv-c-gps\/","name":"GARMIN SONDA STRIKER VIVID 4CV C\/GPS - Nautipescas","isPartOf":{"@id":"https:\/\/nautipescas.pt\/#website"},"primaryImageOfPage":{"@id":"https:\/\/nautipescas.pt\/produto\/garmin-sonda-striker-vivid-4cv-c-gps\/#primaryimage"},"datePublished":"2023-06-28T16:19:36+00:00","dateModified":"2023-06-28T16:38:33+00:00","breadcrumb":{"@id":"https:\/\/nautipescas.pt\/produto\/garmin-sonda-striker-vivid-4cv-c-gps\/#breadcrumb"},"inLanguage":"es","potentialAction":[{"@type":"ReadAction","target":["https:\/\/nautipescas.pt\/produto\/garmin-sonda-striker-vivid-4cv-c-gps\/"]}]},{"@type":"BreadcrumbList","@id":"https:\/\/nautipescas.pt\/produto\/garmin-sonda-striker-vivid-4cv-c-gps\/#breadcrumb","itemListElement":[{"@type":"ListItem","position":1,"name":"In\u00edcio","item":"https:\/\/nautipescas.pt\/es\/"},{"@type":"ListItem","position":2,"name":"Tienda","item":"https:\/\/nautipescas.pt\/es\/tienda-de-pesca-online\/"},{"@type":"ListItem","position":3,"name":"GARMIN SONDA STRIKER VIVID 4CV C\/GPS"}]}]}},"_links":{"self":[{"href":"https:\/\/nautipescas.pt\/es\/wp-json\/wp\/v2\/product\/6991","targetHints":{"allow":["GET"]}}],"collection":[{"href":"https:\/\/nautipescas.pt\/es\/wp-json\/wp\/v2\/product"}],"about":[{"href":"https:\/\/nautipescas.pt\/es\/wp-json\/wp\/v2\/types\/product"}],"wp:featuredmedia":[{"embeddable":true,"href":"https:\/\/nautipescas.pt\/es\/wp-json\/wp\/v2\/media\/6992"}],"wp:attachment":[{"href":"https:\/\/nautipescas.pt\/es\/wp-json\/wp\/v2\/media?parent=6991"}],"wp:term":[{"taxonomy":"product_cat","embeddable":true,"href":"https:\/\/nautipescas.pt\/es\/wp-json\/wp\/v2\/product_cat?post=6991"},{"taxonomy":"product_tag","embeddable":true,"href":"https:\/\/nautipescas.pt\/es\/wp-json\/wp\/v2\/product_tag?post=6991"},{"taxonomy":"marcas","embeddable":true,"href":"https:\/\/nautipescas.pt\/es\/wp-json\/wp\/v2\/marcas?post=6991"}],"curies":[{"name":"wp","href":"https:\/\/api.w.org\/{rel}","templated":true}]}}