{"id":7270,"date":"2023-09-21T16:04:40","date_gmt":"2023-09-21T16:04:40","guid":{"rendered":"https:\/\/nautipescas.pt\/?post_type=product&#038;p=7270"},"modified":"2023-09-21T16:28:38","modified_gmt":"2023-09-21T16:28:38","slug":"fio-asari-fcx-fluorcarbon-b-30mt","status":"publish","type":"product","link":"https:\/\/nautipescas.pt\/es\/produto\/fio-asari-fcx-fluorcarbon-b-30mt\/","title":{"rendered":"FIO ASARI FCX FLUORCARBON B\/30MT"},"content":{"rendered":"<h2>Descri\u00e7\u00e3o<\/h2>\n<section class=\"main-content-wrapper\">\n<div class=\"container\">\n<div class=\"center col-xs-12 col-md-12\">\n<div class=\"main-content-md-6 col-xs-12 col-sm-12 col-md-6 col-lg-6 p-l-0 p-sm-r-0 p-xs-r-0\">\n<div id=\"div-widget-7980883a-94e3-4c9b-b30b-3e96fe2b3cda\" class=\"Shop ShowProduct product-desc p-l-0 p-sm-x-0 p-xs-x-0 Shop col-xs-12 col-sm-12 col-md-12 col-lg-12 \" data-portal=\"ALL\" data-country=\"ALL\" data-language=\"ALL\" data-device=\"ALL\">\n<div class=\"col-xs-12 no-padding product-description\">Linha 100% Fluorcarbono com um equil\u00edbrio perfeito entre invisibilidade e ductilidade.<br \/>\nEsta caracter\u00edstica permite que seja poss\u00edvel realizar e apertar os n\u00f3s de forma simples e eficaz, dando seguran\u00e7a aos pontos mais delicados das montagens.Dispon\u00edvel em bobines de 30m e 50m.<\/div>\n<\/div>\n<\/div>\n<\/div>\n<\/div>\n<\/section>\n","protected":false},"excerpt":{"rendered":"<p>Descri\u00e7\u00e3o Linha 100% Fluorcarbono com um equil\u00edbrio perfeito entre invisibilidade e ductilidade. Esta caracter\u00edstica permite que seja poss\u00edvel realizar e apertar os n\u00f3s de forma simples e eficaz, dando seguran\u00e7a aos pontos mais delicados das montagens.Dispon\u00edvel em bobines de 30m e 50m.<\/p>\n","protected":false},"featured_media":7271,"template":"","meta":{"inline_featured_image":false},"product_cat":[228,148],"product_tag":[],"marcas":[349],"class_list":["post-7270","product","type-product","status-publish","has-post-thumbnail","hentry","product_cat-fios-de-fluorcarbon","product_cat-pesca","marcas-asari"],"acf":[],"yoast_head":"<!-- This site is optimized with the Yoast SEO plugin v19.2 - https:\/\/yoast.com\/wordpress\/plugins\/seo\/ -->\n<title>FIO ASARI FCX FLUORCARBON B\/30MT - Nautipescas<\/title>\n<meta name=\"robots\" content=\"index, follow, max-snippet:-1, max-image-preview:large, max-video-preview:-1\" \/>\n<link rel=\"canonical\" href=\"https:\/\/nautipescas.pt\/produto\/fio-asari-fcx-fluorcarbon-b-30mt\/\" \/>\n<meta property=\"og:locale\" content=\"es_ES\" \/>\n<meta property=\"og:type\" content=\"article\" \/>\n<meta property=\"og:title\" content=\"FIO ASARI FCX FLUORCARBON B\/30MT - Nautipescas\" \/>\n<meta property=\"og:description\" content=\"Descri\u00e7\u00e3o Linha 100% Fluorcarbono com um equil\u00edbrio perfeito entre invisibilidade e ductilidade. Esta caracter\u00edstica permite que seja poss\u00edvel realizar e apertar os n\u00f3s de forma simples e eficaz, dando seguran\u00e7a aos pontos mais delicados das montagens.Dispon\u00edvel em bobines de 30m e 50m.\" \/>\n<meta property=\"og:url\" content=\"https:\/\/nautipescas.pt\/produto\/fio-asari-fcx-fluorcarbon-b-30mt\/\" \/>\n<meta property=\"og:site_name\" content=\"Nautipescas\" \/>\n<meta property=\"article:modified_time\" content=\"2023-09-21T16:28:38+00:00\" \/>\n<meta property=\"og:image\" content=\"https:\/\/nautipescas.pt\/wp-content\/uploads\/2023\/09\/asari-fcx-50mts.webp\" \/>\n\t<meta property=\"og:image:width\" content=\"940\" \/>\n\t<meta property=\"og:image:height\" content=\"788\" \/>\n\t<meta property=\"og:image:type\" content=\"image\/webp\" \/>\n<meta name=\"author\" content=\"Paulo Chaves\" \/>\n<meta name=\"twitter:card\" content=\"summary_large_image\" \/>\n<meta name=\"twitter:label1\" content=\"Tiempo de lectura\" \/>\n\t<meta name=\"twitter:data1\" content=\"1 minuto\" \/>\n<script type=\"application\/ld+json\" class=\"yoast-schema-graph\">{\"@context\":\"https:\/\/schema.org\",\"@graph\":[{\"@type\":\"WebSite\",\"@id\":\"https:\/\/nautipescas.pt\/#website\",\"url\":\"https:\/\/nautipescas.pt\/\",\"name\":\"Nautipescas\",\"description\":\"\",\"potentialAction\":[{\"@type\":\"SearchAction\",\"target\":{\"@type\":\"EntryPoint\",\"urlTemplate\":\"https:\/\/nautipescas.pt\/?s={search_term_string}\"},\"query-input\":\"required name=search_term_string\"}],\"inLanguage\":\"es\"},{\"@type\":\"ImageObject\",\"inLanguage\":\"es\",\"@id\":\"https:\/\/nautipescas.pt\/produto\/fio-asari-fcx-fluorcarbon-b-30mt\/#primaryimage\",\"url\":\"https:\/\/nautipescas.pt\/wp-content\/uploads\/2023\/09\/asari-fcx-50mts.webp\",\"contentUrl\":\"https:\/\/nautipescas.pt\/wp-content\/uploads\/2023\/09\/asari-fcx-50mts.webp\",\"width\":940,\"height\":788},{\"@type\":\"WebPage\",\"@id\":\"https:\/\/nautipescas.pt\/produto\/fio-asari-fcx-fluorcarbon-b-30mt\/#webpage\",\"url\":\"https:\/\/nautipescas.pt\/produto\/fio-asari-fcx-fluorcarbon-b-30mt\/\",\"name\":\"FIO ASARI FCX FLUORCARBON B\/30MT - Nautipescas\",\"isPartOf\":{\"@id\":\"https:\/\/nautipescas.pt\/#website\"},\"primaryImageOfPage\":{\"@id\":\"https:\/\/nautipescas.pt\/produto\/fio-asari-fcx-fluorcarbon-b-30mt\/#primaryimage\"},\"datePublished\":\"2023-09-21T16:04:40+00:00\",\"dateModified\":\"2023-09-21T16:28:38+00:00\",\"breadcrumb\":{\"@id\":\"https:\/\/nautipescas.pt\/produto\/fio-asari-fcx-fluorcarbon-b-30mt\/#breadcrumb\"},\"inLanguage\":\"es\",\"potentialAction\":[{\"@type\":\"ReadAction\",\"target\":[\"https:\/\/nautipescas.pt\/produto\/fio-asari-fcx-fluorcarbon-b-30mt\/\"]}]},{\"@type\":\"BreadcrumbList\",\"@id\":\"https:\/\/nautipescas.pt\/produto\/fio-asari-fcx-fluorcarbon-b-30mt\/#breadcrumb\",\"itemListElement\":[{\"@type\":\"ListItem\",\"position\":1,\"name\":\"In\u00edcio\",\"item\":\"https:\/\/nautipescas.pt\/es\/\"},{\"@type\":\"ListItem\",\"position\":2,\"name\":\"Tienda\",\"item\":\"https:\/\/nautipescas.pt\/es\/tienda-de-pesca-online\/\"},{\"@type\":\"ListItem\",\"position\":3,\"name\":\"FIO ASARI FCX FLUORCARBON B\/30MT\"}]}]}<\/script>\n<!-- \/ Yoast SEO plugin. -->","yoast_head_json":{"title":"FIO ASARI FCX FLUORCARBON B\/30MT - Nautipescas","robots":{"index":"index","follow":"follow","max-snippet":"max-snippet:-1","max-image-preview":"max-image-preview:large","max-video-preview":"max-video-preview:-1"},"canonical":"https:\/\/nautipescas.pt\/produto\/fio-asari-fcx-fluorcarbon-b-30mt\/","og_locale":"es_ES","og_type":"article","og_title":"FIO ASARI FCX FLUORCARBON B\/30MT - Nautipescas","og_description":"Descri\u00e7\u00e3o Linha 100% Fluorcarbono com um equil\u00edbrio perfeito entre invisibilidade e ductilidade. Esta caracter\u00edstica permite que seja poss\u00edvel realizar e apertar os n\u00f3s de forma simples e eficaz, dando seguran\u00e7a aos pontos mais delicados das montagens.Dispon\u00edvel em bobines de 30m e 50m.","og_url":"https:\/\/nautipescas.pt\/produto\/fio-asari-fcx-fluorcarbon-b-30mt\/","og_site_name":"Nautipescas","article_modified_time":"2023-09-21T16:28:38+00:00","og_image":[{"width":940,"height":788,"url":"https:\/\/nautipescas.pt\/wp-content\/uploads\/2023\/09\/asari-fcx-50mts.webp","type":"image\/webp"}],"author":"Paulo Chaves","twitter_card":"summary_large_image","twitter_misc":{"Tiempo de lectura":"1 minuto"},"schema":{"@context":"https:\/\/schema.org","@graph":[{"@type":"WebSite","@id":"https:\/\/nautipescas.pt\/#website","url":"https:\/\/nautipescas.pt\/","name":"Nautipescas","description":"","potentialAction":[{"@type":"SearchAction","target":{"@type":"EntryPoint","urlTemplate":"https:\/\/nautipescas.pt\/?s={search_term_string}"},"query-input":"required name=search_term_string"}],"inLanguage":"es"},{"@type":"ImageObject","inLanguage":"es","@id":"https:\/\/nautipescas.pt\/produto\/fio-asari-fcx-fluorcarbon-b-30mt\/#primaryimage","url":"https:\/\/nautipescas.pt\/wp-content\/uploads\/2023\/09\/asari-fcx-50mts.webp","contentUrl":"https:\/\/nautipescas.pt\/wp-content\/uploads\/2023\/09\/asari-fcx-50mts.webp","width":940,"height":788},{"@type":"WebPage","@id":"https:\/\/nautipescas.pt\/produto\/fio-asari-fcx-fluorcarbon-b-30mt\/#webpage","url":"https:\/\/nautipescas.pt\/produto\/fio-asari-fcx-fluorcarbon-b-30mt\/","name":"FIO ASARI FCX FLUORCARBON B\/30MT - Nautipescas","isPartOf":{"@id":"https:\/\/nautipescas.pt\/#website"},"primaryImageOfPage":{"@id":"https:\/\/nautipescas.pt\/produto\/fio-asari-fcx-fluorcarbon-b-30mt\/#primaryimage"},"datePublished":"2023-09-21T16:04:40+00:00","dateModified":"2023-09-21T16:28:38+00:00","breadcrumb":{"@id":"https:\/\/nautipescas.pt\/produto\/fio-asari-fcx-fluorcarbon-b-30mt\/#breadcrumb"},"inLanguage":"es","potentialAction":[{"@type":"ReadAction","target":["https:\/\/nautipescas.pt\/produto\/fio-asari-fcx-fluorcarbon-b-30mt\/"]}]},{"@type":"BreadcrumbList","@id":"https:\/\/nautipescas.pt\/produto\/fio-asari-fcx-fluorcarbon-b-30mt\/#breadcrumb","itemListElement":[{"@type":"ListItem","position":1,"name":"In\u00edcio","item":"https:\/\/nautipescas.pt\/es\/"},{"@type":"ListItem","position":2,"name":"Tienda","item":"https:\/\/nautipescas.pt\/es\/tienda-de-pesca-online\/"},{"@type":"ListItem","position":3,"name":"FIO ASARI FCX FLUORCARBON B\/30MT"}]}]}},"_links":{"self":[{"href":"https:\/\/nautipescas.pt\/es\/wp-json\/wp\/v2\/product\/7270","targetHints":{"allow":["GET"]}}],"collection":[{"href":"https:\/\/nautipescas.pt\/es\/wp-json\/wp\/v2\/product"}],"about":[{"href":"https:\/\/nautipescas.pt\/es\/wp-json\/wp\/v2\/types\/product"}],"wp:featuredmedia":[{"embeddable":true,"href":"https:\/\/nautipescas.pt\/es\/wp-json\/wp\/v2\/media\/7271"}],"wp:attachment":[{"href":"https:\/\/nautipescas.pt\/es\/wp-json\/wp\/v2\/media?parent=7270"}],"wp:term":[{"taxonomy":"product_cat","embeddable":true,"href":"https:\/\/nautipescas.pt\/es\/wp-json\/wp\/v2\/product_cat?post=7270"},{"taxonomy":"product_tag","embeddable":true,"href":"https:\/\/nautipescas.pt\/es\/wp-json\/wp\/v2\/product_tag?post=7270"},{"taxonomy":"marcas","embeddable":true,"href":"https:\/\/nautipescas.pt\/es\/wp-json\/wp\/v2\/marcas?post=7270"}],"curies":[{"name":"wp","href":"https:\/\/api.w.org\/{rel}","templated":true}]}}