{"id":7834,"date":"2024-12-20T12:08:19","date_gmt":"2024-12-20T12:08:19","guid":{"rendered":"https:\/\/nautipescas.pt\/?post_type=product&#038;p=7834"},"modified":"2026-03-27T11:10:26","modified_gmt":"2026-03-27T11:10:26","slug":"carreto-electrico-daiwa-tanacom-2024-s-500-ju","status":"publish","type":"product","link":"https:\/\/nautipescas.pt\/es\/produto\/carreto-electrico-daiwa-tanacom-2024-s-500-ju\/","title":{"rendered":"CARRETO ELECTRICO DAIWA TANACOM 2024 S 500 JU"},"content":{"rendered":"<div id=\"panel-0\" role=\"tabpanel\" aria-labelledby=\"tab-0\">\n<div class=\"rte product-description\">Esta nova vers\u00e3o da Tanacom \u00e9 proposta com as mais recentes evolu\u00e7\u00f5es em mat\u00e9ria de carretos el\u00e9tricos Daiwa.<br \/>\nEste corpo em tamanho 500 possui o \u00ab\u00bbJog Lever\u00bb\u00bb que permite utilizar apenas uma m\u00e3o para desencadear a recupera\u00e7\u00e3o.<br \/>\nO novo ecr\u00e3 de cristais l\u00edquidos permite que os dados sejam lidos mesmo sob forte luminosidade.<br \/>\nA recupera\u00e7\u00e3o \u00e9 de aproximadamente 135 m por minuto.Drag em estrela<br \/>\nRolamentos : 8 (sendo 1 CRBB) + 1<br \/>\nCorpo alum\u00ednio<br \/>\nBobina alum\u00ednio<br \/>\nFornecido com um cabo de alimenta\u00e7\u00e3o (2,50 m) com pin\u00e7as<br \/>\nManivela em alum\u00ednio<\/p>\n<p>Especifica\u00e7\u00f5es T\u00e9cnicas:<\/p>\n<p>Peso: 800g<br \/>\nRatio: 3.5:1<br \/>\nRolamentos: 11<br \/>\nDrag M\u00e1ximo: 16kg<br \/>\nCapacidade de linha: 0.28mm\/500m<\/p>\n<\/div>\n<\/div>\n","protected":false},"excerpt":{"rendered":"<p>Esta nova vers\u00e3o da Tanacom \u00e9 proposta com as mais recentes evolu\u00e7\u00f5es em mat\u00e9ria de carretos el\u00e9tricos Daiwa. Este corpo em tamanho 500 possui o \u00ab\u00bbJog Lever\u00bb\u00bb que permite utilizar apenas uma m\u00e3o para desencadear a recupera\u00e7\u00e3o. O novo ecr\u00e3 de cristais l\u00edquidos permite que os dados sejam lidos mesmo sob forte luminosidade. A recupera\u00e7\u00e3o &hellip; <\/p>\n<p class=\"more-link-wrap\"><a href=\"https:\/\/nautipescas.pt\/es\/produto\/carreto-electrico-daiwa-tanacom-2024-s-500-ju\/\" class=\"more-link\"><span>Read More<span class=\"screen-reader-text\"> \u00abCARRETO ELECTRICO DAIWA TANACOM 2024 S 500 JU\u00bb<\/span><\/span><\/a><\/p>\n","protected":false},"featured_media":7835,"template":"","meta":{"inline_featured_image":false},"product_cat":[195,169,148],"product_tag":[],"marcas":[131],"class_list":["post-7834","product","type-product","status-publish","has-post-thumbnail","hentry","product_cat-carretos","product_cat-carretos-eletricos","product_cat-pesca","marcas-daiwa"],"acf":[],"yoast_head":"<!-- This site is optimized with the Yoast SEO plugin v19.2 - https:\/\/yoast.com\/wordpress\/plugins\/seo\/ -->\n<title>CARRETO ELECTRICO DAIWA TANACOM 2024 S 500 JU - Nautipescas<\/title>\n<meta name=\"robots\" content=\"index, follow, max-snippet:-1, max-image-preview:large, max-video-preview:-1\" \/>\n<link rel=\"canonical\" href=\"https:\/\/nautipescas.pt\/produto\/carreto-electrico-daiwa-tanacom-2024-s-500-ju\/\" \/>\n<meta property=\"og:locale\" content=\"es_ES\" \/>\n<meta property=\"og:type\" content=\"article\" \/>\n<meta property=\"og:title\" content=\"CARRETO ELECTRICO DAIWA TANACOM 2024 S 500 JU - Nautipescas\" \/>\n<meta property=\"og:description\" content=\"Esta nova vers\u00e3o da Tanacom \u00e9 proposta com as mais recentes evolu\u00e7\u00f5es em mat\u00e9ria de carretos el\u00e9tricos Daiwa. Este corpo em tamanho 500 possui o \u00ab\u00bbJog Lever\u00bb\u00bb que permite utilizar apenas uma m\u00e3o para desencadear a recupera\u00e7\u00e3o. O novo ecr\u00e3 de cristais l\u00edquidos permite que os dados sejam lidos mesmo sob forte luminosidade. A recupera\u00e7\u00e3o &hellip; Read More &quot;CARRETO ELECTRICO DAIWA TANACOM 2024 S 500 JU&quot;\" \/>\n<meta property=\"og:url\" content=\"https:\/\/nautipescas.pt\/produto\/carreto-electrico-daiwa-tanacom-2024-s-500-ju\/\" \/>\n<meta property=\"og:site_name\" content=\"Nautipescas\" \/>\n<meta property=\"article:modified_time\" content=\"2026-03-27T11:10:26+00:00\" \/>\n<meta property=\"og:image\" content=\"https:\/\/nautipescas.pt\/wp-content\/uploads\/2024\/12\/TC500.jpg\" \/>\n\t<meta property=\"og:image:width\" content=\"225\" \/>\n\t<meta property=\"og:image:height\" content=\"225\" \/>\n\t<meta property=\"og:image:type\" content=\"image\/jpeg\" \/>\n<meta name=\"author\" content=\"Paulo Chaves\" \/>\n<meta name=\"twitter:card\" content=\"summary_large_image\" \/>\n<meta name=\"twitter:label1\" content=\"Tiempo de lectura\" \/>\n\t<meta name=\"twitter:data1\" content=\"1 minuto\" \/>\n<script type=\"application\/ld+json\" class=\"yoast-schema-graph\">{\"@context\":\"https:\/\/schema.org\",\"@graph\":[{\"@type\":\"WebSite\",\"@id\":\"https:\/\/nautipescas.pt\/#website\",\"url\":\"https:\/\/nautipescas.pt\/\",\"name\":\"Nautipescas\",\"description\":\"\",\"potentialAction\":[{\"@type\":\"SearchAction\",\"target\":{\"@type\":\"EntryPoint\",\"urlTemplate\":\"https:\/\/nautipescas.pt\/?s={search_term_string}\"},\"query-input\":\"required name=search_term_string\"}],\"inLanguage\":\"es\"},{\"@type\":\"ImageObject\",\"inLanguage\":\"es\",\"@id\":\"https:\/\/nautipescas.pt\/produto\/carreto-electrico-daiwa-tanacom-2024-s-500-ju\/#primaryimage\",\"url\":\"https:\/\/nautipescas.pt\/wp-content\/uploads\/2024\/12\/TC500.jpg\",\"contentUrl\":\"https:\/\/nautipescas.pt\/wp-content\/uploads\/2024\/12\/TC500.jpg\",\"width\":225,\"height\":225},{\"@type\":\"WebPage\",\"@id\":\"https:\/\/nautipescas.pt\/produto\/carreto-electrico-daiwa-tanacom-2024-s-500-ju\/#webpage\",\"url\":\"https:\/\/nautipescas.pt\/produto\/carreto-electrico-daiwa-tanacom-2024-s-500-ju\/\",\"name\":\"CARRETO ELECTRICO DAIWA TANACOM 2024 S 500 JU - Nautipescas\",\"isPartOf\":{\"@id\":\"https:\/\/nautipescas.pt\/#website\"},\"primaryImageOfPage\":{\"@id\":\"https:\/\/nautipescas.pt\/produto\/carreto-electrico-daiwa-tanacom-2024-s-500-ju\/#primaryimage\"},\"datePublished\":\"2024-12-20T12:08:19+00:00\",\"dateModified\":\"2026-03-27T11:10:26+00:00\",\"breadcrumb\":{\"@id\":\"https:\/\/nautipescas.pt\/produto\/carreto-electrico-daiwa-tanacom-2024-s-500-ju\/#breadcrumb\"},\"inLanguage\":\"es\",\"potentialAction\":[{\"@type\":\"ReadAction\",\"target\":[\"https:\/\/nautipescas.pt\/produto\/carreto-electrico-daiwa-tanacom-2024-s-500-ju\/\"]}]},{\"@type\":\"BreadcrumbList\",\"@id\":\"https:\/\/nautipescas.pt\/produto\/carreto-electrico-daiwa-tanacom-2024-s-500-ju\/#breadcrumb\",\"itemListElement\":[{\"@type\":\"ListItem\",\"position\":1,\"name\":\"In\u00edcio\",\"item\":\"https:\/\/nautipescas.pt\/es\/\"},{\"@type\":\"ListItem\",\"position\":2,\"name\":\"Tienda\",\"item\":\"https:\/\/nautipescas.pt\/es\/tienda-de-pesca-online\/\"},{\"@type\":\"ListItem\",\"position\":3,\"name\":\"CARRETO ELECTRICO DAIWA TANACOM 2024 S 500 JU\"}]}]}<\/script>\n<!-- \/ Yoast SEO plugin. -->","yoast_head_json":{"title":"CARRETO ELECTRICO DAIWA TANACOM 2024 S 500 JU - Nautipescas","robots":{"index":"index","follow":"follow","max-snippet":"max-snippet:-1","max-image-preview":"max-image-preview:large","max-video-preview":"max-video-preview:-1"},"canonical":"https:\/\/nautipescas.pt\/produto\/carreto-electrico-daiwa-tanacom-2024-s-500-ju\/","og_locale":"es_ES","og_type":"article","og_title":"CARRETO ELECTRICO DAIWA TANACOM 2024 S 500 JU - Nautipescas","og_description":"Esta nova vers\u00e3o da Tanacom \u00e9 proposta com as mais recentes evolu\u00e7\u00f5es em mat\u00e9ria de carretos el\u00e9tricos Daiwa. Este corpo em tamanho 500 possui o \u00ab\u00bbJog Lever\u00bb\u00bb que permite utilizar apenas uma m\u00e3o para desencadear a recupera\u00e7\u00e3o. O novo ecr\u00e3 de cristais l\u00edquidos permite que os dados sejam lidos mesmo sob forte luminosidade. A recupera\u00e7\u00e3o &hellip; Read More \"CARRETO ELECTRICO DAIWA TANACOM 2024 S 500 JU\"","og_url":"https:\/\/nautipescas.pt\/produto\/carreto-electrico-daiwa-tanacom-2024-s-500-ju\/","og_site_name":"Nautipescas","article_modified_time":"2026-03-27T11:10:26+00:00","og_image":[{"width":225,"height":225,"url":"https:\/\/nautipescas.pt\/wp-content\/uploads\/2024\/12\/TC500.jpg","type":"image\/jpeg"}],"author":"Paulo Chaves","twitter_card":"summary_large_image","twitter_misc":{"Tiempo de lectura":"1 minuto"},"schema":{"@context":"https:\/\/schema.org","@graph":[{"@type":"WebSite","@id":"https:\/\/nautipescas.pt\/#website","url":"https:\/\/nautipescas.pt\/","name":"Nautipescas","description":"","potentialAction":[{"@type":"SearchAction","target":{"@type":"EntryPoint","urlTemplate":"https:\/\/nautipescas.pt\/?s={search_term_string}"},"query-input":"required name=search_term_string"}],"inLanguage":"es"},{"@type":"ImageObject","inLanguage":"es","@id":"https:\/\/nautipescas.pt\/produto\/carreto-electrico-daiwa-tanacom-2024-s-500-ju\/#primaryimage","url":"https:\/\/nautipescas.pt\/wp-content\/uploads\/2024\/12\/TC500.jpg","contentUrl":"https:\/\/nautipescas.pt\/wp-content\/uploads\/2024\/12\/TC500.jpg","width":225,"height":225},{"@type":"WebPage","@id":"https:\/\/nautipescas.pt\/produto\/carreto-electrico-daiwa-tanacom-2024-s-500-ju\/#webpage","url":"https:\/\/nautipescas.pt\/produto\/carreto-electrico-daiwa-tanacom-2024-s-500-ju\/","name":"CARRETO ELECTRICO DAIWA TANACOM 2024 S 500 JU - Nautipescas","isPartOf":{"@id":"https:\/\/nautipescas.pt\/#website"},"primaryImageOfPage":{"@id":"https:\/\/nautipescas.pt\/produto\/carreto-electrico-daiwa-tanacom-2024-s-500-ju\/#primaryimage"},"datePublished":"2024-12-20T12:08:19+00:00","dateModified":"2026-03-27T11:10:26+00:00","breadcrumb":{"@id":"https:\/\/nautipescas.pt\/produto\/carreto-electrico-daiwa-tanacom-2024-s-500-ju\/#breadcrumb"},"inLanguage":"es","potentialAction":[{"@type":"ReadAction","target":["https:\/\/nautipescas.pt\/produto\/carreto-electrico-daiwa-tanacom-2024-s-500-ju\/"]}]},{"@type":"BreadcrumbList","@id":"https:\/\/nautipescas.pt\/produto\/carreto-electrico-daiwa-tanacom-2024-s-500-ju\/#breadcrumb","itemListElement":[{"@type":"ListItem","position":1,"name":"In\u00edcio","item":"https:\/\/nautipescas.pt\/es\/"},{"@type":"ListItem","position":2,"name":"Tienda","item":"https:\/\/nautipescas.pt\/es\/tienda-de-pesca-online\/"},{"@type":"ListItem","position":3,"name":"CARRETO ELECTRICO DAIWA TANACOM 2024 S 500 JU"}]}]}},"_links":{"self":[{"href":"https:\/\/nautipescas.pt\/es\/wp-json\/wp\/v2\/product\/7834","targetHints":{"allow":["GET"]}}],"collection":[{"href":"https:\/\/nautipescas.pt\/es\/wp-json\/wp\/v2\/product"}],"about":[{"href":"https:\/\/nautipescas.pt\/es\/wp-json\/wp\/v2\/types\/product"}],"wp:featuredmedia":[{"embeddable":true,"href":"https:\/\/nautipescas.pt\/es\/wp-json\/wp\/v2\/media\/7835"}],"wp:attachment":[{"href":"https:\/\/nautipescas.pt\/es\/wp-json\/wp\/v2\/media?parent=7834"}],"wp:term":[{"taxonomy":"product_cat","embeddable":true,"href":"https:\/\/nautipescas.pt\/es\/wp-json\/wp\/v2\/product_cat?post=7834"},{"taxonomy":"product_tag","embeddable":true,"href":"https:\/\/nautipescas.pt\/es\/wp-json\/wp\/v2\/product_tag?post=7834"},{"taxonomy":"marcas","embeddable":true,"href":"https:\/\/nautipescas.pt\/es\/wp-json\/wp\/v2\/marcas?post=7834"}],"curies":[{"name":"wp","href":"https:\/\/api.w.org\/{rel}","templated":true}]}}