{"id":8060,"date":"2025-02-14T15:04:54","date_gmt":"2025-02-14T15:04:54","guid":{"rendered":"https:\/\/nautipescas.pt\/?post_type=product&#038;p=8060"},"modified":"2025-10-16T16:42:51","modified_gmt":"2025-10-16T16:42:51","slug":"neovolt-runner-dispositivo-de-mobilidade-electrica-pessoal-250w","status":"publish","type":"product","link":"https:\/\/nautipescas.pt\/es\/produto\/neovolt-runner-dispositivo-de-mobilidade-electrica-pessoal-250w\/","title":{"rendered":"NEOVOLT RUNNER DISPOSITIVO DE MOBILIDADE ELECTRICA PESSOAL 250W"},"content":{"rendered":"<p>Neovolt runner<\/p>\n<p><b>Motor<\/b>: 250W<br \/>\n<b>Bateria:<\/b> 60V 20Ah \u2013 Chumbo<br \/>\n<b>Display<\/b>: Display LCD a cores<br \/>\n<b>Autonomia<\/b>: At\u00e9 50 km (<a href=\"https:\/\/voltstore.pt\/autonomia-das-motas-eletricas\/\">Fatores condicionantes)<\/a><br \/>\n<b>Velocidade M\u00e1xima:<\/b>\u00a025 km\/h (limitado por lei)<br \/>\n<b>Tempo de Carga<\/b>: 5 horas<\/p>\n<p><b>Suspens\u00e3o:<\/b>\u00a0Sim<br \/>\n<b>Rodas<\/b>: 10 Polegadas\u2019<br \/>\n<b>Trav\u00f5es:<\/b> Disco \/ Disco<\/p>\n<p><b>Guarda-lamas:<\/b>\u00a0Sim<br \/>\n<b>Descanso<\/b>: Sim<br \/>\n<b>Luzes<\/b>: LED<br \/>\n<b>Suporte de Bagagens:<\/b>\u00a0Sim<br \/>\n<b>Top-Case<\/b>: Sim<br \/>\n<b>Peso (Kg)<\/b>: 55 Kg<br \/>\n<strong>Tipo:<\/strong> DEMOP<\/p>\n<p><strong>Observa\u00e7\u00f5es:<\/strong> Este Ve\u00edculo El\u00e9trico, por se enquadrar no esp\u00edrito do Art\u00ba 112\u00ba. do C\u00f3digo da Estrada, \u00e9 considerado veloc\u00edpede, pelo que est\u00e1 o condutor dispensado da habilita\u00e7\u00e3o de licen\u00e7a de condu\u00e7\u00e3o. O seguro de responsabilidade civil, n\u00e3o sendo obrigat\u00f3rio \u00e9 no entanto aconselh\u00e1vel. O uso de capacete de prote\u00e7\u00e3o afivelado e ajustado \u00e9 obrigat\u00f3rio para circular com o ve\u00edculo.<\/p>\n","protected":false},"excerpt":{"rendered":"<p>Neovolt runner Motor: 250W Bateria: 60V 20Ah \u2013 Chumbo Display: Display LCD a cores Autonomia: At\u00e9 50 km (Fatores condicionantes) Velocidade M\u00e1xima:\u00a025 km\/h (limitado por lei) Tempo de Carga: 5 horas Suspens\u00e3o:\u00a0Sim Rodas: 10 Polegadas\u2019 Trav\u00f5es: Disco \/ Disco Guarda-lamas:\u00a0Sim Descanso: Sim Luzes: LED Suporte de Bagagens:\u00a0Sim Top-Case: Sim Peso (Kg): 55 Kg Tipo: DEMOP &hellip; <\/p>\n<p class=\"more-link-wrap\"><a href=\"https:\/\/nautipescas.pt\/es\/produto\/neovolt-runner-dispositivo-de-mobilidade-electrica-pessoal-250w\/\" class=\"more-link\"><span>Read More<span class=\"screen-reader-text\"> \u00abNEOVOLT RUNNER DISPOSITIVO DE MOBILIDADE ELECTRICA PESSOAL 250W\u00bb<\/span><\/span><\/a><\/p>\n","protected":false},"featured_media":8061,"template":"","meta":{"inline_featured_image":false},"product_cat":[545],"product_tag":[],"marcas":[],"class_list":["post-8060","product","type-product","status-publish","has-post-thumbnail","hentry","product_cat-motos-electricas"],"acf":[],"yoast_head":"<!-- This site is optimized with the Yoast SEO plugin v19.2 - https:\/\/yoast.com\/wordpress\/plugins\/seo\/ -->\n<title>NEOVOLT RUNNER DISPOSITIVO DE MOBILIDADE ELECTRICA PESSOAL 250W - Nautipescas<\/title>\n<meta name=\"robots\" content=\"index, follow, max-snippet:-1, max-image-preview:large, max-video-preview:-1\" \/>\n<link rel=\"canonical\" href=\"https:\/\/nautipescas.pt\/produto\/neovolt-runner-dispositivo-de-mobilidade-electrica-pessoal-250w\/\" \/>\n<meta property=\"og:locale\" content=\"es_ES\" \/>\n<meta property=\"og:type\" content=\"article\" \/>\n<meta property=\"og:title\" content=\"NEOVOLT RUNNER DISPOSITIVO DE MOBILIDADE ELECTRICA PESSOAL 250W - Nautipescas\" \/>\n<meta property=\"og:description\" content=\"Neovolt runner Motor: 250W Bateria: 60V 20Ah \u2013 Chumbo Display: Display LCD a cores Autonomia: At\u00e9 50 km (Fatores condicionantes) Velocidade M\u00e1xima:\u00a025 km\/h (limitado por lei) Tempo de Carga: 5 horas Suspens\u00e3o:\u00a0Sim Rodas: 10 Polegadas\u2019 Trav\u00f5es: Disco \/ Disco Guarda-lamas:\u00a0Sim Descanso: Sim Luzes: LED Suporte de Bagagens:\u00a0Sim Top-Case: Sim Peso (Kg): 55 Kg Tipo: DEMOP &hellip; Read More &quot;NEOVOLT RUNNER DISPOSITIVO DE MOBILIDADE ELECTRICA PESSOAL 250W&quot;\" \/>\n<meta property=\"og:url\" content=\"https:\/\/nautipescas.pt\/produto\/neovolt-runner-dispositivo-de-mobilidade-electrica-pessoal-250w\/\" \/>\n<meta property=\"og:site_name\" content=\"Nautipescas\" \/>\n<meta property=\"article:modified_time\" content=\"2025-10-16T16:42:51+00:00\" \/>\n<meta property=\"og:image\" content=\"https:\/\/nautipescas.pt\/wp-content\/uploads\/2025\/02\/mota-eletrica-neovolt-runner-ebike-vermelha-2.jpg\" \/>\n\t<meta property=\"og:image:width\" content=\"1500\" \/>\n\t<meta property=\"og:image:height\" content=\"1142\" \/>\n\t<meta property=\"og:image:type\" content=\"image\/jpeg\" \/>\n<meta name=\"author\" content=\"Paulo Chaves\" \/>\n<meta name=\"twitter:card\" content=\"summary_large_image\" \/>\n<meta name=\"twitter:label1\" content=\"Tiempo de lectura\" \/>\n\t<meta name=\"twitter:data1\" content=\"1 minuto\" \/>\n<script type=\"application\/ld+json\" class=\"yoast-schema-graph\">{\"@context\":\"https:\/\/schema.org\",\"@graph\":[{\"@type\":\"WebSite\",\"@id\":\"https:\/\/nautipescas.pt\/#website\",\"url\":\"https:\/\/nautipescas.pt\/\",\"name\":\"Nautipescas\",\"description\":\"\",\"potentialAction\":[{\"@type\":\"SearchAction\",\"target\":{\"@type\":\"EntryPoint\",\"urlTemplate\":\"https:\/\/nautipescas.pt\/?s={search_term_string}\"},\"query-input\":\"required name=search_term_string\"}],\"inLanguage\":\"es\"},{\"@type\":\"ImageObject\",\"inLanguage\":\"es\",\"@id\":\"https:\/\/nautipescas.pt\/produto\/neovolt-runner-dispositivo-de-mobilidade-electrica-pessoal-250w\/#primaryimage\",\"url\":\"https:\/\/nautipescas.pt\/wp-content\/uploads\/2025\/02\/mota-eletrica-neovolt-runner-ebike-vermelha-2.jpg\",\"contentUrl\":\"https:\/\/nautipescas.pt\/wp-content\/uploads\/2025\/02\/mota-eletrica-neovolt-runner-ebike-vermelha-2.jpg\",\"width\":1500,\"height\":1142},{\"@type\":\"WebPage\",\"@id\":\"https:\/\/nautipescas.pt\/produto\/neovolt-runner-dispositivo-de-mobilidade-electrica-pessoal-250w\/#webpage\",\"url\":\"https:\/\/nautipescas.pt\/produto\/neovolt-runner-dispositivo-de-mobilidade-electrica-pessoal-250w\/\",\"name\":\"NEOVOLT RUNNER DISPOSITIVO DE MOBILIDADE ELECTRICA PESSOAL 250W - Nautipescas\",\"isPartOf\":{\"@id\":\"https:\/\/nautipescas.pt\/#website\"},\"primaryImageOfPage\":{\"@id\":\"https:\/\/nautipescas.pt\/produto\/neovolt-runner-dispositivo-de-mobilidade-electrica-pessoal-250w\/#primaryimage\"},\"datePublished\":\"2025-02-14T15:04:54+00:00\",\"dateModified\":\"2025-10-16T16:42:51+00:00\",\"breadcrumb\":{\"@id\":\"https:\/\/nautipescas.pt\/produto\/neovolt-runner-dispositivo-de-mobilidade-electrica-pessoal-250w\/#breadcrumb\"},\"inLanguage\":\"es\",\"potentialAction\":[{\"@type\":\"ReadAction\",\"target\":[\"https:\/\/nautipescas.pt\/produto\/neovolt-runner-dispositivo-de-mobilidade-electrica-pessoal-250w\/\"]}]},{\"@type\":\"BreadcrumbList\",\"@id\":\"https:\/\/nautipescas.pt\/produto\/neovolt-runner-dispositivo-de-mobilidade-electrica-pessoal-250w\/#breadcrumb\",\"itemListElement\":[{\"@type\":\"ListItem\",\"position\":1,\"name\":\"In\u00edcio\",\"item\":\"https:\/\/nautipescas.pt\/es\/\"},{\"@type\":\"ListItem\",\"position\":2,\"name\":\"Tienda\",\"item\":\"https:\/\/nautipescas.pt\/es\/tienda-de-pesca-online\/\"},{\"@type\":\"ListItem\",\"position\":3,\"name\":\"NEOVOLT RUNNER DISPOSITIVO DE MOBILIDADE ELECTRICA PESSOAL 250W\"}]}]}<\/script>\n<!-- \/ Yoast SEO plugin. -->","yoast_head_json":{"title":"NEOVOLT RUNNER DISPOSITIVO DE MOBILIDADE ELECTRICA PESSOAL 250W - Nautipescas","robots":{"index":"index","follow":"follow","max-snippet":"max-snippet:-1","max-image-preview":"max-image-preview:large","max-video-preview":"max-video-preview:-1"},"canonical":"https:\/\/nautipescas.pt\/produto\/neovolt-runner-dispositivo-de-mobilidade-electrica-pessoal-250w\/","og_locale":"es_ES","og_type":"article","og_title":"NEOVOLT RUNNER DISPOSITIVO DE MOBILIDADE ELECTRICA PESSOAL 250W - Nautipescas","og_description":"Neovolt runner Motor: 250W Bateria: 60V 20Ah \u2013 Chumbo Display: Display LCD a cores Autonomia: At\u00e9 50 km (Fatores condicionantes) Velocidade M\u00e1xima:\u00a025 km\/h (limitado por lei) Tempo de Carga: 5 horas Suspens\u00e3o:\u00a0Sim Rodas: 10 Polegadas\u2019 Trav\u00f5es: Disco \/ Disco Guarda-lamas:\u00a0Sim Descanso: Sim Luzes: LED Suporte de Bagagens:\u00a0Sim Top-Case: Sim Peso (Kg): 55 Kg Tipo: DEMOP &hellip; Read More \"NEOVOLT RUNNER DISPOSITIVO DE MOBILIDADE ELECTRICA PESSOAL 250W\"","og_url":"https:\/\/nautipescas.pt\/produto\/neovolt-runner-dispositivo-de-mobilidade-electrica-pessoal-250w\/","og_site_name":"Nautipescas","article_modified_time":"2025-10-16T16:42:51+00:00","og_image":[{"width":1500,"height":1142,"url":"https:\/\/nautipescas.pt\/wp-content\/uploads\/2025\/02\/mota-eletrica-neovolt-runner-ebike-vermelha-2.jpg","type":"image\/jpeg"}],"author":"Paulo Chaves","twitter_card":"summary_large_image","twitter_misc":{"Tiempo de lectura":"1 minuto"},"schema":{"@context":"https:\/\/schema.org","@graph":[{"@type":"WebSite","@id":"https:\/\/nautipescas.pt\/#website","url":"https:\/\/nautipescas.pt\/","name":"Nautipescas","description":"","potentialAction":[{"@type":"SearchAction","target":{"@type":"EntryPoint","urlTemplate":"https:\/\/nautipescas.pt\/?s={search_term_string}"},"query-input":"required name=search_term_string"}],"inLanguage":"es"},{"@type":"ImageObject","inLanguage":"es","@id":"https:\/\/nautipescas.pt\/produto\/neovolt-runner-dispositivo-de-mobilidade-electrica-pessoal-250w\/#primaryimage","url":"https:\/\/nautipescas.pt\/wp-content\/uploads\/2025\/02\/mota-eletrica-neovolt-runner-ebike-vermelha-2.jpg","contentUrl":"https:\/\/nautipescas.pt\/wp-content\/uploads\/2025\/02\/mota-eletrica-neovolt-runner-ebike-vermelha-2.jpg","width":1500,"height":1142},{"@type":"WebPage","@id":"https:\/\/nautipescas.pt\/produto\/neovolt-runner-dispositivo-de-mobilidade-electrica-pessoal-250w\/#webpage","url":"https:\/\/nautipescas.pt\/produto\/neovolt-runner-dispositivo-de-mobilidade-electrica-pessoal-250w\/","name":"NEOVOLT RUNNER DISPOSITIVO DE MOBILIDADE ELECTRICA PESSOAL 250W - Nautipescas","isPartOf":{"@id":"https:\/\/nautipescas.pt\/#website"},"primaryImageOfPage":{"@id":"https:\/\/nautipescas.pt\/produto\/neovolt-runner-dispositivo-de-mobilidade-electrica-pessoal-250w\/#primaryimage"},"datePublished":"2025-02-14T15:04:54+00:00","dateModified":"2025-10-16T16:42:51+00:00","breadcrumb":{"@id":"https:\/\/nautipescas.pt\/produto\/neovolt-runner-dispositivo-de-mobilidade-electrica-pessoal-250w\/#breadcrumb"},"inLanguage":"es","potentialAction":[{"@type":"ReadAction","target":["https:\/\/nautipescas.pt\/produto\/neovolt-runner-dispositivo-de-mobilidade-electrica-pessoal-250w\/"]}]},{"@type":"BreadcrumbList","@id":"https:\/\/nautipescas.pt\/produto\/neovolt-runner-dispositivo-de-mobilidade-electrica-pessoal-250w\/#breadcrumb","itemListElement":[{"@type":"ListItem","position":1,"name":"In\u00edcio","item":"https:\/\/nautipescas.pt\/es\/"},{"@type":"ListItem","position":2,"name":"Tienda","item":"https:\/\/nautipescas.pt\/es\/tienda-de-pesca-online\/"},{"@type":"ListItem","position":3,"name":"NEOVOLT RUNNER DISPOSITIVO DE MOBILIDADE ELECTRICA PESSOAL 250W"}]}]}},"_links":{"self":[{"href":"https:\/\/nautipescas.pt\/es\/wp-json\/wp\/v2\/product\/8060","targetHints":{"allow":["GET"]}}],"collection":[{"href":"https:\/\/nautipescas.pt\/es\/wp-json\/wp\/v2\/product"}],"about":[{"href":"https:\/\/nautipescas.pt\/es\/wp-json\/wp\/v2\/types\/product"}],"wp:featuredmedia":[{"embeddable":true,"href":"https:\/\/nautipescas.pt\/es\/wp-json\/wp\/v2\/media\/8061"}],"wp:attachment":[{"href":"https:\/\/nautipescas.pt\/es\/wp-json\/wp\/v2\/media?parent=8060"}],"wp:term":[{"taxonomy":"product_cat","embeddable":true,"href":"https:\/\/nautipescas.pt\/es\/wp-json\/wp\/v2\/product_cat?post=8060"},{"taxonomy":"product_tag","embeddable":true,"href":"https:\/\/nautipescas.pt\/es\/wp-json\/wp\/v2\/product_tag?post=8060"},{"taxonomy":"marcas","embeddable":true,"href":"https:\/\/nautipescas.pt\/es\/wp-json\/wp\/v2\/marcas?post=8060"}],"curies":[{"name":"wp","href":"https:\/\/api.w.org\/{rel}","templated":true}]}}