{"id":3906,"date":"2023-02-24T18:58:51","date_gmt":"2023-02-24T18:58:51","guid":{"rendered":"http:\/\/nautipescas.pt\/produto\/carreto-daiwa-saltiga-2022-15hl\/"},"modified":"2023-02-24T19:03:00","modified_gmt":"2023-02-24T19:03:00","slug":"carreto-daiwa-saltiga-2022-15hl","status":"publish","type":"product","link":"https:\/\/nautipescas.pt\/fr\/produto\/carreto-daiwa-saltiga-2022-15hl\/","title":{"rendered":"Moulinet Daiwa Saltiga 2022 15HL"},"content":{"rendered":"<p>ROULEMENTS : 8+1<br \/>\nR\u00c9CUP\u00c9RATION\/RATIO\u00a0: 7,1:1<br \/>\nBOBINE : 1<br \/>\nCAPACIT\u00c9 DE LIGNE\u00a0: 300\u00a0m de 0,28\u00a0mm<br \/>\nEMBRAYAGE\/TRA\u00ceNEMENT : 13Kg<br \/>\nMAT\u00c9RIEL-Aluminium<br \/>\nPOIDS-480g<\/p>\n<p>Fabriqu\u00e9 au Japon, ce moulinet est adapt\u00e9 aux p\u00eaches verticales (jigging, slow jigging&#8230;) Comme c&rsquo;est souvent le cas \u00e0 la sortie d&rsquo;un nouveau mod\u00e8le phare, il b\u00e9n\u00e9ficie de nouvelles technologies visant \u00e0 am\u00e9liorer les performances de p\u00eache de ce produit d&rsquo;exception. Le concept cl\u00e9 r\u00e9side dans la conception dite \u00ab Hyperdrive \u00bb, qui regroupe quatre points de renfort cl\u00e9s sur le moulinet.<br \/>\nHyperdrive Digigear, une nouvelle couronne dent\u00e9e visant \u00e0 am\u00e9liorer la r\u00e9sistance sans changer la fluidit\u00e9.<br \/>\nHyper Armed Housing, un travail sur la rigidit\u00e9 du corps monocoque en aluminium et sa pr\u00e9cision de r\u00e9glage.<br \/>\nL&rsquo;hyper double support donne au pignon et \u00e0 la couronne un support in\u00e9gal\u00e9 pour plus de solidit\u00e9 et de pr\u00e9cision.<br \/>\nL&#8217;embrayage Hyper Tough a pour objectif de renforcer le levier d&rsquo;engagement et d&rsquo;assurer une grande robustesse.<\/p>\n<p>\u2022 Faites glisser avec la technologie ATD (Automatic Tournament Drag)<br \/>\n\u2022 Roulements\u00a0: 8, 7\u00a0CRBB et 1\u00a0mag scell\u00e9<br \/>\n\u2022 Corps en aluminium \u00ab\u00a0Bo\u00eetier hyper arm\u00e9\u00a0\u00bb<br \/>\n\u2022 Pignon Hyper Drive Gear<br \/>\n\u2022 Guide-fil oscillant<br \/>\n\u2022 Blocage de bobine<br \/>\n\u2022 Manivelle en carbone<\/p>\n","protected":false},"excerpt":{"rendered":"<p>ROULEMENTS : 8+1 R\u00c9CUP\u00c9RATION\/RATIO\u00a0: 7,1:1 BOBINE : 1 CAPACIT\u00c9 DE LIGNE\u00a0: 300\u00a0m de 0,28\u00a0mm EMBRAYAGE\/TRA\u00ceNEMENT : 13Kg MAT\u00c9RIEL-Aluminium POIDS-480g Fabriqu\u00e9 au Japon, ce moulinet est adapt\u00e9 aux p\u00eaches verticales (jigging, slow jigging&#8230;) Comme c&rsquo;est souvent le cas \u00e0 la sortie d&rsquo;un nouveau mod\u00e8le phare, il b\u00e9n\u00e9ficie de nouvelles technologies visant \u00e0 am\u00e9liorer les performances de &hellip; <\/p>\n<p class=\"more-link-wrap\"><a href=\"https:\/\/nautipescas.pt\/fr\/produto\/carreto-daiwa-saltiga-2022-15hl\/\" class=\"more-link\"><span>Read More<span class=\"screen-reader-text\"> \u00ab\u00a0Moulinet Daiwa Saltiga 2022 15HL\u00a0\u00bb<\/span><\/span><\/a><\/p>\n","protected":false},"featured_media":3902,"template":"","meta":{"inline_featured_image":false},"product_cat":[197,201,185],"product_tag":[],"marcas":[159],"class_list":["post-3906","product","type-product","status-publish","has-post-thumbnail","hentry","product_cat-bobines","product_cat-moulinets-de-coulee","product_cat-peche","marcas-daiwa-fr"],"acf":[],"yoast_head":"<!-- This site is optimized with the Yoast SEO plugin v19.2 - https:\/\/yoast.com\/wordpress\/plugins\/seo\/ -->\n<title>Moulinet Daiwa Saltiga 2022 15HL - Nautipescas<\/title>\n<meta name=\"robots\" content=\"index, follow, max-snippet:-1, max-image-preview:large, max-video-preview:-1\" \/>\n<link rel=\"canonical\" href=\"https:\/\/nautipescas.pt\/fr\/produto\/carreto-daiwa-saltiga-2022-15hl\/\" \/>\n<meta property=\"og:locale\" content=\"fr_FR\" \/>\n<meta property=\"og:type\" content=\"article\" \/>\n<meta property=\"og:title\" content=\"Moulinet Daiwa Saltiga 2022 15HL - Nautipescas\" \/>\n<meta property=\"og:description\" content=\"ROULEMENTS : 8+1 R\u00c9CUP\u00c9RATION\/RATIO\u00a0: 7,1:1 BOBINE : 1 CAPACIT\u00c9 DE LIGNE\u00a0: 300\u00a0m de 0,28\u00a0mm EMBRAYAGE\/TRA\u00ceNEMENT : 13Kg MAT\u00c9RIEL-Aluminium POIDS-480g Fabriqu\u00e9 au Japon, ce moulinet est adapt\u00e9 aux p\u00eaches verticales (jigging, slow jigging&#8230;) Comme c&rsquo;est souvent le cas \u00e0 la sortie d&rsquo;un nouveau mod\u00e8le phare, il b\u00e9n\u00e9ficie de nouvelles technologies visant \u00e0 am\u00e9liorer les performances de &hellip; Read More &quot;Moulinet Daiwa Saltiga 2022 15HL&quot;\" \/>\n<meta property=\"og:url\" content=\"https:\/\/nautipescas.pt\/fr\/produto\/carreto-daiwa-saltiga-2022-15hl\/\" \/>\n<meta property=\"og:site_name\" content=\"Nautipescas\" \/>\n<meta property=\"article:modified_time\" content=\"2023-02-24T19:03:00+00:00\" \/>\n<meta property=\"og:image\" content=\"https:\/\/nautipescas.pt\/wp-content\/uploads\/2023\/02\/saltiga2215hl_420x420.jpg\" \/>\n\t<meta property=\"og:image:width\" content=\"420\" \/>\n\t<meta property=\"og:image:height\" content=\"420\" \/>\n\t<meta property=\"og:image:type\" content=\"image\/jpeg\" \/>\n<meta name=\"author\" content=\"Paulo Chaves\" \/>\n<meta name=\"twitter:card\" content=\"summary_large_image\" \/>\n<meta name=\"twitter:label1\" content=\"Dur\u00e9e de lecture estim\u00e9e\" \/>\n\t<meta name=\"twitter:data1\" content=\"2 minutes\" \/>\n<script type=\"application\/ld+json\" class=\"yoast-schema-graph\">{\"@context\":\"https:\/\/schema.org\",\"@graph\":[{\"@type\":\"WebSite\",\"@id\":\"https:\/\/nautipescas.pt\/#website\",\"url\":\"https:\/\/nautipescas.pt\/\",\"name\":\"Nautipescas\",\"description\":\"\",\"potentialAction\":[{\"@type\":\"SearchAction\",\"target\":{\"@type\":\"EntryPoint\",\"urlTemplate\":\"https:\/\/nautipescas.pt\/?s={search_term_string}\"},\"query-input\":\"required name=search_term_string\"}],\"inLanguage\":\"fr-FR\"},{\"@type\":\"ImageObject\",\"inLanguage\":\"fr-FR\",\"@id\":\"https:\/\/nautipescas.pt\/fr\/produto\/carreto-daiwa-saltiga-2022-15hl\/#primaryimage\",\"url\":\"https:\/\/nautipescas.pt\/wp-content\/uploads\/2023\/02\/saltiga2215hl_420x420.jpg\",\"contentUrl\":\"https:\/\/nautipescas.pt\/wp-content\/uploads\/2023\/02\/saltiga2215hl_420x420.jpg\",\"width\":420,\"height\":420},{\"@type\":\"WebPage\",\"@id\":\"https:\/\/nautipescas.pt\/fr\/produto\/carreto-daiwa-saltiga-2022-15hl\/#webpage\",\"url\":\"https:\/\/nautipescas.pt\/fr\/produto\/carreto-daiwa-saltiga-2022-15hl\/\",\"name\":\"Moulinet Daiwa Saltiga 2022 15HL - Nautipescas\",\"isPartOf\":{\"@id\":\"https:\/\/nautipescas.pt\/#website\"},\"primaryImageOfPage\":{\"@id\":\"https:\/\/nautipescas.pt\/fr\/produto\/carreto-daiwa-saltiga-2022-15hl\/#primaryimage\"},\"datePublished\":\"2023-02-24T18:58:51+00:00\",\"dateModified\":\"2023-02-24T19:03:00+00:00\",\"breadcrumb\":{\"@id\":\"https:\/\/nautipescas.pt\/fr\/produto\/carreto-daiwa-saltiga-2022-15hl\/#breadcrumb\"},\"inLanguage\":\"fr-FR\",\"potentialAction\":[{\"@type\":\"ReadAction\",\"target\":[\"https:\/\/nautipescas.pt\/fr\/produto\/carreto-daiwa-saltiga-2022-15hl\/\"]}]},{\"@type\":\"BreadcrumbList\",\"@id\":\"https:\/\/nautipescas.pt\/fr\/produto\/carreto-daiwa-saltiga-2022-15hl\/#breadcrumb\",\"itemListElement\":[{\"@type\":\"ListItem\",\"position\":1,\"name\":\"In\u00edcio\",\"item\":\"https:\/\/nautipescas.pt\/fr\/\"},{\"@type\":\"ListItem\",\"position\":2,\"name\":\"Boutique\",\"item\":\"https:\/\/nautipescas.pt\/fr\/boutique-magasin-de-peche-a-proximite\/\"},{\"@type\":\"ListItem\",\"position\":3,\"name\":\"Moulinet Daiwa Saltiga 2022 15HL\"}]}]}<\/script>\n<!-- \/ Yoast SEO plugin. -->","yoast_head_json":{"title":"Moulinet Daiwa Saltiga 2022 15HL - Nautipescas","robots":{"index":"index","follow":"follow","max-snippet":"max-snippet:-1","max-image-preview":"max-image-preview:large","max-video-preview":"max-video-preview:-1"},"canonical":"https:\/\/nautipescas.pt\/fr\/produto\/carreto-daiwa-saltiga-2022-15hl\/","og_locale":"fr_FR","og_type":"article","og_title":"Moulinet Daiwa Saltiga 2022 15HL - Nautipescas","og_description":"ROULEMENTS : 8+1 R\u00c9CUP\u00c9RATION\/RATIO\u00a0: 7,1:1 BOBINE : 1 CAPACIT\u00c9 DE LIGNE\u00a0: 300\u00a0m de 0,28\u00a0mm EMBRAYAGE\/TRA\u00ceNEMENT : 13Kg MAT\u00c9RIEL-Aluminium POIDS-480g Fabriqu\u00e9 au Japon, ce moulinet est adapt\u00e9 aux p\u00eaches verticales (jigging, slow jigging&#8230;) Comme c&rsquo;est souvent le cas \u00e0 la sortie d&rsquo;un nouveau mod\u00e8le phare, il b\u00e9n\u00e9ficie de nouvelles technologies visant \u00e0 am\u00e9liorer les performances de &hellip; Read More \"Moulinet Daiwa Saltiga 2022 15HL\"","og_url":"https:\/\/nautipescas.pt\/fr\/produto\/carreto-daiwa-saltiga-2022-15hl\/","og_site_name":"Nautipescas","article_modified_time":"2023-02-24T19:03:00+00:00","og_image":[{"width":420,"height":420,"url":"https:\/\/nautipescas.pt\/wp-content\/uploads\/2023\/02\/saltiga2215hl_420x420.jpg","type":"image\/jpeg"}],"author":"Paulo Chaves","twitter_card":"summary_large_image","twitter_misc":{"Dur\u00e9e de lecture estim\u00e9e":"2 minutes"},"schema":{"@context":"https:\/\/schema.org","@graph":[{"@type":"WebSite","@id":"https:\/\/nautipescas.pt\/#website","url":"https:\/\/nautipescas.pt\/","name":"Nautipescas","description":"","potentialAction":[{"@type":"SearchAction","target":{"@type":"EntryPoint","urlTemplate":"https:\/\/nautipescas.pt\/?s={search_term_string}"},"query-input":"required name=search_term_string"}],"inLanguage":"fr-FR"},{"@type":"ImageObject","inLanguage":"fr-FR","@id":"https:\/\/nautipescas.pt\/fr\/produto\/carreto-daiwa-saltiga-2022-15hl\/#primaryimage","url":"https:\/\/nautipescas.pt\/wp-content\/uploads\/2023\/02\/saltiga2215hl_420x420.jpg","contentUrl":"https:\/\/nautipescas.pt\/wp-content\/uploads\/2023\/02\/saltiga2215hl_420x420.jpg","width":420,"height":420},{"@type":"WebPage","@id":"https:\/\/nautipescas.pt\/fr\/produto\/carreto-daiwa-saltiga-2022-15hl\/#webpage","url":"https:\/\/nautipescas.pt\/fr\/produto\/carreto-daiwa-saltiga-2022-15hl\/","name":"Moulinet Daiwa Saltiga 2022 15HL - Nautipescas","isPartOf":{"@id":"https:\/\/nautipescas.pt\/#website"},"primaryImageOfPage":{"@id":"https:\/\/nautipescas.pt\/fr\/produto\/carreto-daiwa-saltiga-2022-15hl\/#primaryimage"},"datePublished":"2023-02-24T18:58:51+00:00","dateModified":"2023-02-24T19:03:00+00:00","breadcrumb":{"@id":"https:\/\/nautipescas.pt\/fr\/produto\/carreto-daiwa-saltiga-2022-15hl\/#breadcrumb"},"inLanguage":"fr-FR","potentialAction":[{"@type":"ReadAction","target":["https:\/\/nautipescas.pt\/fr\/produto\/carreto-daiwa-saltiga-2022-15hl\/"]}]},{"@type":"BreadcrumbList","@id":"https:\/\/nautipescas.pt\/fr\/produto\/carreto-daiwa-saltiga-2022-15hl\/#breadcrumb","itemListElement":[{"@type":"ListItem","position":1,"name":"In\u00edcio","item":"https:\/\/nautipescas.pt\/fr\/"},{"@type":"ListItem","position":2,"name":"Boutique","item":"https:\/\/nautipescas.pt\/fr\/boutique-magasin-de-peche-a-proximite\/"},{"@type":"ListItem","position":3,"name":"Moulinet Daiwa Saltiga 2022 15HL"}]}]}},"_links":{"self":[{"href":"https:\/\/nautipescas.pt\/fr\/wp-json\/wp\/v2\/product\/3906","targetHints":{"allow":["GET"]}}],"collection":[{"href":"https:\/\/nautipescas.pt\/fr\/wp-json\/wp\/v2\/product"}],"about":[{"href":"https:\/\/nautipescas.pt\/fr\/wp-json\/wp\/v2\/types\/product"}],"wp:featuredmedia":[{"embeddable":true,"href":"https:\/\/nautipescas.pt\/fr\/wp-json\/wp\/v2\/media\/3902"}],"wp:attachment":[{"href":"https:\/\/nautipescas.pt\/fr\/wp-json\/wp\/v2\/media?parent=3906"}],"wp:term":[{"taxonomy":"product_cat","embeddable":true,"href":"https:\/\/nautipescas.pt\/fr\/wp-json\/wp\/v2\/product_cat?post=3906"},{"taxonomy":"product_tag","embeddable":true,"href":"https:\/\/nautipescas.pt\/fr\/wp-json\/wp\/v2\/product_tag?post=3906"},{"taxonomy":"marcas","embeddable":true,"href":"https:\/\/nautipescas.pt\/fr\/wp-json\/wp\/v2\/marcas?post=3906"}],"curies":[{"name":"wp","href":"https:\/\/api.w.org\/{rel}","templated":true}]}}