{"id":3949,"date":"2023-03-01T16:31:04","date_gmt":"2023-03-01T16:31:04","guid":{"rendered":"https:\/\/nautipescas.pt\/?post_type=product&#038;p=3949"},"modified":"2023-03-02T11:49:55","modified_gmt":"2023-03-02T11:49:55","slug":"fio-daiwa-jbraid-8x-500mt-0-24mm-pe3-18kg","status":"publish","type":"product","link":"https:\/\/nautipescas.pt\/fr\/produto\/fio-daiwa-jbraid-8x-500mt-0-24mm-pe3-18kg\/","title":{"rendered":"FIO DAIWA JBRAID 8X 500MT\/0.24mm PE3-18KG"},"content":{"rendered":"","protected":false},"excerpt":{"rendered":"","protected":false},"featured_media":3943,"template":"","meta":{"inline_featured_image":false},"product_cat":[15],"product_tag":[],"marcas":[131],"class_list":["post-3949","product","type-product","status-publish","has-post-thumbnail","hentry","product_cat-fios-multifilamento","marcas-daiwa"],"acf":[],"yoast_head":"<!-- This site is optimized with the Yoast SEO plugin v19.2 - https:\/\/yoast.com\/wordpress\/plugins\/seo\/ -->\n<title>FIO DAIWA JBRAID 8X 500MT\/0.24mm PE3-18KG - Nautipescas<\/title>\n<meta name=\"description\" content=\"Concebido e fabricado no Jap\u00e3o, o multifilamento entran\u00e7ado J-Braid x8 possui uma suavidade e um deslizar assinal\u00e1veis. Gra\u00e7as \u00e0 sua constru\u00e7\u00e3o refor\u00e7ada e \u00e0 sua estrutura de 8 fios, o J-BRAID tem uma excelente resist\u00eancia aos n\u00f3s e \u00e0 abras\u00e3o. Mais, o seu perfil redondo assegura uma fraca resist\u00eancia ao vento para melhores lan\u00e7amentos e fraca resist\u00eancia \u00e0 corrente para mais sensibilidade em a\u00e7\u00e3o de pesca. A sua rela\u00e7\u00e3o qualidade\/pre\u00e7o \u00e9 incr\u00edvel!A cor chartreuse \u00e9 perfeita para \u00e1guas escuras ou pescas delicadas que requerem um controlo visual da linha: vertical, iscos, rockfishing.A cor verde \u00e9 a &quot;passe-partout&quot; \u00bb com uma vasta gama de di\u00e2metros o que torna este produto incontorn\u00e1vel.O entran\u00e7ado multicor \u00e9 ideal para a pesca com amostras no mar e, especialmente, para o jig e o &quot;bay jigging&quot;. Mudan\u00e7a de cor todos os 10 m.Dispon\u00edvel do 0,06 ao 0,56mm em bobinas de 150 a 3000 m.\" \/>\n<meta name=\"robots\" content=\"index, follow, max-snippet:-1, max-image-preview:large, max-video-preview:-1\" \/>\n<link rel=\"canonical\" href=\"https:\/\/nautipescas.pt\/produto\/fio-daiwa-jbraid-8x-500mt-0-24mm-pe3-18kg\/\" \/>\n<meta property=\"og:locale\" content=\"fr_FR\" \/>\n<meta property=\"og:type\" content=\"article\" \/>\n<meta property=\"og:title\" content=\"FIO DAIWA JBRAID 8X 500MT\/0.24mm PE3-18KG - Nautipescas\" \/>\n<meta property=\"og:description\" content=\"Concebido e fabricado no Jap\u00e3o, o multifilamento entran\u00e7ado J-Braid x8 possui uma suavidade e um deslizar assinal\u00e1veis. Gra\u00e7as \u00e0 sua constru\u00e7\u00e3o refor\u00e7ada e \u00e0 sua estrutura de 8 fios, o J-BRAID tem uma excelente resist\u00eancia aos n\u00f3s e \u00e0 abras\u00e3o. Mais, o seu perfil redondo assegura uma fraca resist\u00eancia ao vento para melhores lan\u00e7amentos e fraca resist\u00eancia \u00e0 corrente para mais sensibilidade em a\u00e7\u00e3o de pesca. A sua rela\u00e7\u00e3o qualidade\/pre\u00e7o \u00e9 incr\u00edvel!A cor chartreuse \u00e9 perfeita para \u00e1guas escuras ou pescas delicadas que requerem um controlo visual da linha: vertical, iscos, rockfishing.A cor verde \u00e9 a &quot;passe-partout&quot; \u00bb com uma vasta gama de di\u00e2metros o que torna este produto incontorn\u00e1vel.O entran\u00e7ado multicor \u00e9 ideal para a pesca com amostras no mar e, especialmente, para o jig e o &quot;bay jigging&quot;. Mudan\u00e7a de cor todos os 10 m.Dispon\u00edvel do 0,06 ao 0,56mm em bobinas de 150 a 3000 m.\" \/>\n<meta property=\"og:url\" content=\"https:\/\/nautipescas.pt\/produto\/fio-daiwa-jbraid-8x-500mt-0-24mm-pe3-18kg\/\" \/>\n<meta property=\"og:site_name\" content=\"Nautipescas\" \/>\n<meta property=\"article:modified_time\" content=\"2023-03-02T11:49:55+00:00\" \/>\n<meta property=\"og:image\" content=\"https:\/\/nautipescas.pt\/wp-content\/uploads\/2023\/03\/multifilar-daiwa-j-braid-x-8-500m-z-1313-131369.jpg\" \/>\n\t<meta property=\"og:image:width\" content=\"800\" \/>\n\t<meta property=\"og:image:height\" content=\"800\" \/>\n\t<meta property=\"og:image:type\" content=\"image\/jpeg\" \/>\n<meta name=\"author\" content=\"Paulo Chaves\" \/>\n<meta name=\"twitter:card\" content=\"summary_large_image\" \/>\n<script type=\"application\/ld+json\" class=\"yoast-schema-graph\">{\"@context\":\"https:\/\/schema.org\",\"@graph\":[{\"@type\":\"WebSite\",\"@id\":\"https:\/\/nautipescas.pt\/#website\",\"url\":\"https:\/\/nautipescas.pt\/\",\"name\":\"Nautipescas\",\"description\":\"\",\"potentialAction\":[{\"@type\":\"SearchAction\",\"target\":{\"@type\":\"EntryPoint\",\"urlTemplate\":\"https:\/\/nautipescas.pt\/?s={search_term_string}\"},\"query-input\":\"required name=search_term_string\"}],\"inLanguage\":\"fr-FR\"},{\"@type\":\"ImageObject\",\"inLanguage\":\"fr-FR\",\"@id\":\"https:\/\/nautipescas.pt\/produto\/fio-daiwa-jbraid-8x-500mt-0-24mm-pe3-18kg\/#primaryimage\",\"url\":\"https:\/\/nautipescas.pt\/wp-content\/uploads\/2023\/03\/multifilar-daiwa-j-braid-x-8-500m-z-1313-131369.jpg\",\"contentUrl\":\"https:\/\/nautipescas.pt\/wp-content\/uploads\/2023\/03\/multifilar-daiwa-j-braid-x-8-500m-z-1313-131369.jpg\",\"width\":800,\"height\":800},{\"@type\":\"WebPage\",\"@id\":\"https:\/\/nautipescas.pt\/produto\/fio-daiwa-jbraid-8x-500mt-0-24mm-pe3-18kg\/#webpage\",\"url\":\"https:\/\/nautipescas.pt\/produto\/fio-daiwa-jbraid-8x-500mt-0-24mm-pe3-18kg\/\",\"name\":\"FIO DAIWA JBRAID 8X 500MT\/0.24mm PE3-18KG - Nautipescas\",\"isPartOf\":{\"@id\":\"https:\/\/nautipescas.pt\/#website\"},\"primaryImageOfPage\":{\"@id\":\"https:\/\/nautipescas.pt\/produto\/fio-daiwa-jbraid-8x-500mt-0-24mm-pe3-18kg\/#primaryimage\"},\"datePublished\":\"2023-03-01T16:31:04+00:00\",\"dateModified\":\"2023-03-02T11:49:55+00:00\",\"description\":\"Concebido e fabricado no Jap\u00e3o, o multifilamento entran\u00e7ado J-Braid x8 possui uma suavidade e um deslizar assinal\u00e1veis. Gra\u00e7as \u00e0 sua constru\u00e7\u00e3o refor\u00e7ada e \u00e0 sua estrutura de 8 fios, o J-BRAID tem uma excelente resist\u00eancia aos n\u00f3s e \u00e0 abras\u00e3o. Mais, o seu perfil redondo assegura uma fraca resist\u00eancia ao vento para melhores lan\u00e7amentos e fraca resist\u00eancia \u00e0 corrente para mais sensibilidade em a\u00e7\u00e3o de pesca. A sua rela\u00e7\u00e3o qualidade\/pre\u00e7o \u00e9 incr\u00edvel!A cor chartreuse \u00e9 perfeita para \u00e1guas escuras ou pescas delicadas que requerem um controlo visual da linha: vertical, iscos, rockfishing.A cor verde \u00e9 a \\\"passe-partout\\\" \u00bb com uma vasta gama de di\u00e2metros o que torna este produto incontorn\u00e1vel.O entran\u00e7ado multicor \u00e9 ideal para a pesca com amostras no mar e, especialmente, para o jig e o \\\"bay jigging\\\". Mudan\u00e7a de cor todos os 10 m.Dispon\u00edvel do 0,06 ao 0,56mm em bobinas de 150 a 3000 m.\",\"breadcrumb\":{\"@id\":\"https:\/\/nautipescas.pt\/produto\/fio-daiwa-jbraid-8x-500mt-0-24mm-pe3-18kg\/#breadcrumb\"},\"inLanguage\":\"fr-FR\",\"potentialAction\":[{\"@type\":\"ReadAction\",\"target\":[\"https:\/\/nautipescas.pt\/produto\/fio-daiwa-jbraid-8x-500mt-0-24mm-pe3-18kg\/\"]}]},{\"@type\":\"BreadcrumbList\",\"@id\":\"https:\/\/nautipescas.pt\/produto\/fio-daiwa-jbraid-8x-500mt-0-24mm-pe3-18kg\/#breadcrumb\",\"itemListElement\":[{\"@type\":\"ListItem\",\"position\":1,\"name\":\"In\u00edcio\",\"item\":\"https:\/\/nautipescas.pt\/fr\/\"},{\"@type\":\"ListItem\",\"position\":2,\"name\":\"Boutique\",\"item\":\"https:\/\/nautipescas.pt\/fr\/boutique-magasin-de-peche-a-proximite\/\"},{\"@type\":\"ListItem\",\"position\":3,\"name\":\"FIO DAIWA JBRAID 8X 500MT\/0.24mm PE3-18KG\"}]}]}<\/script>\n<!-- \/ Yoast SEO plugin. -->","yoast_head_json":{"title":"FIO DAIWA JBRAID 8X 500MT\/0.24mm PE3-18KG - Nautipescas","description":"Concebido e fabricado no Jap\u00e3o, o multifilamento entran\u00e7ado J-Braid x8 possui uma suavidade e um deslizar assinal\u00e1veis. Gra\u00e7as \u00e0 sua constru\u00e7\u00e3o refor\u00e7ada e \u00e0 sua estrutura de 8 fios, o J-BRAID tem uma excelente resist\u00eancia aos n\u00f3s e \u00e0 abras\u00e3o. Mais, o seu perfil redondo assegura uma fraca resist\u00eancia ao vento para melhores lan\u00e7amentos e fraca resist\u00eancia \u00e0 corrente para mais sensibilidade em a\u00e7\u00e3o de pesca. A sua rela\u00e7\u00e3o qualidade\/pre\u00e7o \u00e9 incr\u00edvel!A cor chartreuse \u00e9 perfeita para \u00e1guas escuras ou pescas delicadas que requerem um controlo visual da linha: vertical, iscos, rockfishing.A cor verde \u00e9 a \"passe-partout\" \u00bb com uma vasta gama de di\u00e2metros o que torna este produto incontorn\u00e1vel.O entran\u00e7ado multicor \u00e9 ideal para a pesca com amostras no mar e, especialmente, para o jig e o \"bay jigging\". Mudan\u00e7a de cor todos os 10 m.Dispon\u00edvel do 0,06 ao 0,56mm em bobinas de 150 a 3000 m.","robots":{"index":"index","follow":"follow","max-snippet":"max-snippet:-1","max-image-preview":"max-image-preview:large","max-video-preview":"max-video-preview:-1"},"canonical":"https:\/\/nautipescas.pt\/produto\/fio-daiwa-jbraid-8x-500mt-0-24mm-pe3-18kg\/","og_locale":"fr_FR","og_type":"article","og_title":"FIO DAIWA JBRAID 8X 500MT\/0.24mm PE3-18KG - Nautipescas","og_description":"Concebido e fabricado no Jap\u00e3o, o multifilamento entran\u00e7ado J-Braid x8 possui uma suavidade e um deslizar assinal\u00e1veis. Gra\u00e7as \u00e0 sua constru\u00e7\u00e3o refor\u00e7ada e \u00e0 sua estrutura de 8 fios, o J-BRAID tem uma excelente resist\u00eancia aos n\u00f3s e \u00e0 abras\u00e3o. Mais, o seu perfil redondo assegura uma fraca resist\u00eancia ao vento para melhores lan\u00e7amentos e fraca resist\u00eancia \u00e0 corrente para mais sensibilidade em a\u00e7\u00e3o de pesca. A sua rela\u00e7\u00e3o qualidade\/pre\u00e7o \u00e9 incr\u00edvel!A cor chartreuse \u00e9 perfeita para \u00e1guas escuras ou pescas delicadas que requerem um controlo visual da linha: vertical, iscos, rockfishing.A cor verde \u00e9 a \"passe-partout\" \u00bb com uma vasta gama de di\u00e2metros o que torna este produto incontorn\u00e1vel.O entran\u00e7ado multicor \u00e9 ideal para a pesca com amostras no mar e, especialmente, para o jig e o \"bay jigging\". Mudan\u00e7a de cor todos os 10 m.Dispon\u00edvel do 0,06 ao 0,56mm em bobinas de 150 a 3000 m.","og_url":"https:\/\/nautipescas.pt\/produto\/fio-daiwa-jbraid-8x-500mt-0-24mm-pe3-18kg\/","og_site_name":"Nautipescas","article_modified_time":"2023-03-02T11:49:55+00:00","og_image":[{"width":800,"height":800,"url":"https:\/\/nautipescas.pt\/wp-content\/uploads\/2023\/03\/multifilar-daiwa-j-braid-x-8-500m-z-1313-131369.jpg","type":"image\/jpeg"}],"author":"Paulo Chaves","twitter_card":"summary_large_image","schema":{"@context":"https:\/\/schema.org","@graph":[{"@type":"WebSite","@id":"https:\/\/nautipescas.pt\/#website","url":"https:\/\/nautipescas.pt\/","name":"Nautipescas","description":"","potentialAction":[{"@type":"SearchAction","target":{"@type":"EntryPoint","urlTemplate":"https:\/\/nautipescas.pt\/?s={search_term_string}"},"query-input":"required name=search_term_string"}],"inLanguage":"fr-FR"},{"@type":"ImageObject","inLanguage":"fr-FR","@id":"https:\/\/nautipescas.pt\/produto\/fio-daiwa-jbraid-8x-500mt-0-24mm-pe3-18kg\/#primaryimage","url":"https:\/\/nautipescas.pt\/wp-content\/uploads\/2023\/03\/multifilar-daiwa-j-braid-x-8-500m-z-1313-131369.jpg","contentUrl":"https:\/\/nautipescas.pt\/wp-content\/uploads\/2023\/03\/multifilar-daiwa-j-braid-x-8-500m-z-1313-131369.jpg","width":800,"height":800},{"@type":"WebPage","@id":"https:\/\/nautipescas.pt\/produto\/fio-daiwa-jbraid-8x-500mt-0-24mm-pe3-18kg\/#webpage","url":"https:\/\/nautipescas.pt\/produto\/fio-daiwa-jbraid-8x-500mt-0-24mm-pe3-18kg\/","name":"FIO DAIWA JBRAID 8X 500MT\/0.24mm PE3-18KG - Nautipescas","isPartOf":{"@id":"https:\/\/nautipescas.pt\/#website"},"primaryImageOfPage":{"@id":"https:\/\/nautipescas.pt\/produto\/fio-daiwa-jbraid-8x-500mt-0-24mm-pe3-18kg\/#primaryimage"},"datePublished":"2023-03-01T16:31:04+00:00","dateModified":"2023-03-02T11:49:55+00:00","description":"Concebido e fabricado no Jap\u00e3o, o multifilamento entran\u00e7ado J-Braid x8 possui uma suavidade e um deslizar assinal\u00e1veis. Gra\u00e7as \u00e0 sua constru\u00e7\u00e3o refor\u00e7ada e \u00e0 sua estrutura de 8 fios, o J-BRAID tem uma excelente resist\u00eancia aos n\u00f3s e \u00e0 abras\u00e3o. Mais, o seu perfil redondo assegura uma fraca resist\u00eancia ao vento para melhores lan\u00e7amentos e fraca resist\u00eancia \u00e0 corrente para mais sensibilidade em a\u00e7\u00e3o de pesca. A sua rela\u00e7\u00e3o qualidade\/pre\u00e7o \u00e9 incr\u00edvel!A cor chartreuse \u00e9 perfeita para \u00e1guas escuras ou pescas delicadas que requerem um controlo visual da linha: vertical, iscos, rockfishing.A cor verde \u00e9 a \"passe-partout\" \u00bb com uma vasta gama de di\u00e2metros o que torna este produto incontorn\u00e1vel.O entran\u00e7ado multicor \u00e9 ideal para a pesca com amostras no mar e, especialmente, para o jig e o \"bay jigging\". Mudan\u00e7a de cor todos os 10 m.Dispon\u00edvel do 0,06 ao 0,56mm em bobinas de 150 a 3000 m.","breadcrumb":{"@id":"https:\/\/nautipescas.pt\/produto\/fio-daiwa-jbraid-8x-500mt-0-24mm-pe3-18kg\/#breadcrumb"},"inLanguage":"fr-FR","potentialAction":[{"@type":"ReadAction","target":["https:\/\/nautipescas.pt\/produto\/fio-daiwa-jbraid-8x-500mt-0-24mm-pe3-18kg\/"]}]},{"@type":"BreadcrumbList","@id":"https:\/\/nautipescas.pt\/produto\/fio-daiwa-jbraid-8x-500mt-0-24mm-pe3-18kg\/#breadcrumb","itemListElement":[{"@type":"ListItem","position":1,"name":"In\u00edcio","item":"https:\/\/nautipescas.pt\/fr\/"},{"@type":"ListItem","position":2,"name":"Boutique","item":"https:\/\/nautipescas.pt\/fr\/boutique-magasin-de-peche-a-proximite\/"},{"@type":"ListItem","position":3,"name":"FIO DAIWA JBRAID 8X 500MT\/0.24mm PE3-18KG"}]}]}},"_links":{"self":[{"href":"https:\/\/nautipescas.pt\/fr\/wp-json\/wp\/v2\/product\/3949","targetHints":{"allow":["GET"]}}],"collection":[{"href":"https:\/\/nautipescas.pt\/fr\/wp-json\/wp\/v2\/product"}],"about":[{"href":"https:\/\/nautipescas.pt\/fr\/wp-json\/wp\/v2\/types\/product"}],"wp:featuredmedia":[{"embeddable":true,"href":"https:\/\/nautipescas.pt\/fr\/wp-json\/wp\/v2\/media\/3943"}],"wp:attachment":[{"href":"https:\/\/nautipescas.pt\/fr\/wp-json\/wp\/v2\/media?parent=3949"}],"wp:term":[{"taxonomy":"product_cat","embeddable":true,"href":"https:\/\/nautipescas.pt\/fr\/wp-json\/wp\/v2\/product_cat?post=3949"},{"taxonomy":"product_tag","embeddable":true,"href":"https:\/\/nautipescas.pt\/fr\/wp-json\/wp\/v2\/product_tag?post=3949"},{"taxonomy":"marcas","embeddable":true,"href":"https:\/\/nautipescas.pt\/fr\/wp-json\/wp\/v2\/marcas?post=3949"}],"curies":[{"name":"wp","href":"https:\/\/api.w.org\/{rel}","templated":true}]}}