{"id":4051,"date":"2023-03-01T18:17:57","date_gmt":"2023-03-01T18:17:57","guid":{"rendered":"https:\/\/nautipescas.pt\/?post_type=product&#038;p=4051"},"modified":"2024-06-14T14:00:00","modified_gmt":"2024-06-14T14:00:00","slug":"humminbird-helix-7-chirp-gps-g4-c-xnt-9-db-74t","status":"publish","type":"product","link":"https:\/\/nautipescas.pt\/fr\/produto\/humminbird-helix-7-chirp-gps-g4-c-xnt-9-db-74t\/","title":{"rendered":"HUMMINBIRD HELIX 7 CHIRP GPS G4 C\/XNT-9-DB-74T"},"content":{"rendered":"<p><span dir=\"ltr\" role=\"presentation\">HELIX7<\/span><br role=\"presentation\" \/><span dir=\"ltr\" role=\"presentation\">A fam\u00edlia Helix 7 G4&#8230;<\/span><br role=\"presentation\" \/><span dir=\"ltr\" role=\"presentation\">A s\u00e9rie tem 3 modelos. O controle do Menu, \u00e9 pelo novo sistema Reflex da HUMMINBIRD. Estanquicidade : IPX7.<\/span><br role=\"presentation\" \/><span dir=\"ltr\" role=\"presentation\">Os modelos com sonda t\u00eam 500W de pot\u00eancia e v\u00eam por defeito configurados para<\/span> <span dir=\"ltr\" role=\"presentation\">Dual Spectrum CHIRP onde opera<\/span><br role=\"presentation\" \/><span dir=\"ltr\" role=\"presentation\">de 150 a 220KHz<\/span> <span dir=\"ltr\" role=\"presentation\">. As frequ\u00eancias de 50\/<\/span><span dir=\"ltr\" role=\"presentation\">83\/200KHz est\u00e3o dispon\u00edveis por via de transdutores opcionais .<\/span><br role=\"presentation\" \/><span dir=\"ltr\" role=\"presentation\">Transdutores : Na vers\u00e3o standard : XNT 9 HW T (Dual Spectrum CHIRP). Na vers\u00e3o Mega DI : XNT 9 HW MDI 75T. Na<\/span><br role=\"presentation\" \/><span dir=\"ltr\" role=\"presentation\">vers\u00e3o Mega SI : XNT 9 HW MSI 150T. Na nova vers\u00e3o CHIRP SI G4 : XNT-9-HW-SI-T (SI em 455KHz apenas).<\/span><br role=\"presentation\" \/><span dir=\"ltr\" role=\"presentation\">Fun\u00e7\u00f5es GPS : 2750 waypoints, 45 rotas, 50 rastos com 20.000 pontos cada . GPS diferencial por sat\u00e9lite EGNOS\/WAAS.<\/span><br role=\"presentation\" \/><span dir=\"ltr\" role=\"presentation\">Dimens\u00f5es fora do suporte : 26,77 x 13,82 x 7,54 cm. Alimenta\u00e7\u00e3o : 12VDC (24VDC, com conversor opcional)<\/span><\/p>\n","protected":false},"excerpt":{"rendered":"<p>HELIX7A fam\u00edlia Helix 7 G4&#8230;A s\u00e9rie tem 3 modelos. O controle do Menu, \u00e9 pelo novo sistema Reflex da HUMMINBIRD. Estanquicidade : IPX7.Os modelos com sonda t\u00eam 500W de pot\u00eancia e v\u00eam por defeito configurados para Dual Spectrum CHIRP onde operade 150 a 220KHz . As frequ\u00eancias de 50\/83\/200KHz est\u00e3o dispon\u00edveis por via de transdutores &hellip; <\/p>\n<p class=\"more-link-wrap\"><a href=\"https:\/\/nautipescas.pt\/fr\/produto\/humminbird-helix-7-chirp-gps-g4-c-xnt-9-db-74t\/\" class=\"more-link\"><span>Read More<span class=\"screen-reader-text\"> \u00ab\u00a0HUMMINBIRD HELIX 7 CHIRP GPS G4 C\/XNT-9-DB-74T\u00a0\u00bb<\/span><\/span><\/a><\/p>\n","protected":false},"featured_media":4031,"template":"","meta":{"inline_featured_image":false},"product_cat":[207,153,226],"product_tag":[],"marcas":[],"class_list":["post-4051","product","type-product","status-publish","has-post-thumbnail","hentry","product_cat-combos-gps-sonda","product_cat-eletronica-maritima","product_cat-gps-plotter"],"acf":[],"yoast_head":"<!-- This site is optimized with the Yoast SEO plugin v19.2 - https:\/\/yoast.com\/wordpress\/plugins\/seo\/ -->\n<title>HUMMINBIRD HELIX 7 CHIRP GPS G4 C\/XNT-9-DB-74T - Nautipescas<\/title>\n<meta name=\"description\" content=\"HELIX7A fam\u00edlia Helix 7 G4...A s\u00e9rie tem 3 modelos. O controle do Menu, \u00e9 pelo novo sistema Reflex da HUMMINBIRD. Estanquicidade : IPX7.Os modelos com sonda t\u00eam 500W de pot\u00eancia e v\u00eam por defeito configurados para Dual Spectrum CHIRP onde operade 150 a 220KHz . As frequ\u00eancias de 50\/83\/200KHz est\u00e3o dispon\u00edveis por via de transdutores opcionais .Transdutores : Na vers\u00e3o standard : XNT 9 HW T (Dual Spectrum CHIRP). Na vers\u00e3o Mega DI : XNT 9 HW MDI 75T. Navers\u00e3o Mega SI : XNT 9 HW MSI 150T. Na nova vers\u00e3o CHIRP SI G4 : XNT-9-HW-SI-T (SI em 455KHz apenas).Fun\u00e7\u00f5es GPS : 2750 waypoints, 45 rotas, 50 rastos com 20.000 pontos cada . GPS diferencial por sat\u00e9lite EGNOS\/WAAS.Dimens\u00f5es fora do suporte : 26,77 x 13,82 x 7,54 cm. Alimenta\u00e7\u00e3o : 12VDC (24VDC, com conversor opcional)\" \/>\n<meta name=\"robots\" content=\"index, follow, max-snippet:-1, max-image-preview:large, max-video-preview:-1\" \/>\n<link rel=\"canonical\" href=\"https:\/\/nautipescas.pt\/produto\/humminbird-helix-7-chirp-gps-g4-c-xnt-9-db-74t\/\" \/>\n<meta property=\"og:locale\" content=\"fr_FR\" \/>\n<meta property=\"og:type\" content=\"article\" \/>\n<meta property=\"og:title\" content=\"HUMMINBIRD HELIX 7 CHIRP GPS G4 C\/XNT-9-DB-74T - Nautipescas\" \/>\n<meta property=\"og:description\" content=\"HELIX7A fam\u00edlia Helix 7 G4...A s\u00e9rie tem 3 modelos. O controle do Menu, \u00e9 pelo novo sistema Reflex da HUMMINBIRD. Estanquicidade : IPX7.Os modelos com sonda t\u00eam 500W de pot\u00eancia e v\u00eam por defeito configurados para Dual Spectrum CHIRP onde operade 150 a 220KHz . As frequ\u00eancias de 50\/83\/200KHz est\u00e3o dispon\u00edveis por via de transdutores opcionais .Transdutores : Na vers\u00e3o standard : XNT 9 HW T (Dual Spectrum CHIRP). Na vers\u00e3o Mega DI : XNT 9 HW MDI 75T. Navers\u00e3o Mega SI : XNT 9 HW MSI 150T. Na nova vers\u00e3o CHIRP SI G4 : XNT-9-HW-SI-T (SI em 455KHz apenas).Fun\u00e7\u00f5es GPS : 2750 waypoints, 45 rotas, 50 rastos com 20.000 pontos cada . GPS diferencial por sat\u00e9lite EGNOS\/WAAS.Dimens\u00f5es fora do suporte : 26,77 x 13,82 x 7,54 cm. Alimenta\u00e7\u00e3o : 12VDC (24VDC, com conversor opcional)\" \/>\n<meta property=\"og:url\" content=\"https:\/\/nautipescas.pt\/produto\/humminbird-helix-7-chirp-gps-g4-c-xnt-9-db-74t\/\" \/>\n<meta property=\"og:site_name\" content=\"Nautipescas\" \/>\n<meta property=\"article:modified_time\" content=\"2024-06-14T14:00:00+00:00\" \/>\n<meta property=\"og:image\" content=\"https:\/\/nautipescas.pt\/wp-content\/uploads\/2023\/03\/5.jpg\" \/>\n\t<meta property=\"og:image:width\" content=\"245\" \/>\n\t<meta property=\"og:image:height\" content=\"206\" \/>\n\t<meta property=\"og:image:type\" content=\"image\/jpeg\" \/>\n<meta name=\"author\" content=\"Paulo Chaves\" \/>\n<meta name=\"twitter:card\" content=\"summary_large_image\" \/>\n<meta name=\"twitter:label1\" content=\"Dur\u00e9e de lecture estim\u00e9e\" \/>\n\t<meta name=\"twitter:data1\" content=\"1 minute\" \/>\n<script type=\"application\/ld+json\" class=\"yoast-schema-graph\">{\"@context\":\"https:\/\/schema.org\",\"@graph\":[{\"@type\":\"WebSite\",\"@id\":\"https:\/\/nautipescas.pt\/#website\",\"url\":\"https:\/\/nautipescas.pt\/\",\"name\":\"Nautipescas\",\"description\":\"\",\"potentialAction\":[{\"@type\":\"SearchAction\",\"target\":{\"@type\":\"EntryPoint\",\"urlTemplate\":\"https:\/\/nautipescas.pt\/?s={search_term_string}\"},\"query-input\":\"required name=search_term_string\"}],\"inLanguage\":\"fr-FR\"},{\"@type\":\"ImageObject\",\"inLanguage\":\"fr-FR\",\"@id\":\"https:\/\/nautipescas.pt\/produto\/humminbird-helix-7-chirp-gps-g4-c-xnt-9-db-74t\/#primaryimage\",\"url\":\"https:\/\/nautipescas.pt\/wp-content\/uploads\/2023\/03\/5.jpg\",\"contentUrl\":\"https:\/\/nautipescas.pt\/wp-content\/uploads\/2023\/03\/5.jpg\",\"width\":245,\"height\":206},{\"@type\":\"WebPage\",\"@id\":\"https:\/\/nautipescas.pt\/produto\/humminbird-helix-7-chirp-gps-g4-c-xnt-9-db-74t\/#webpage\",\"url\":\"https:\/\/nautipescas.pt\/produto\/humminbird-helix-7-chirp-gps-g4-c-xnt-9-db-74t\/\",\"name\":\"HUMMINBIRD HELIX 7 CHIRP GPS G4 C\/XNT-9-DB-74T - Nautipescas\",\"isPartOf\":{\"@id\":\"https:\/\/nautipescas.pt\/#website\"},\"primaryImageOfPage\":{\"@id\":\"https:\/\/nautipescas.pt\/produto\/humminbird-helix-7-chirp-gps-g4-c-xnt-9-db-74t\/#primaryimage\"},\"datePublished\":\"2023-03-01T18:17:57+00:00\",\"dateModified\":\"2024-06-14T14:00:00+00:00\",\"description\":\"HELIX7A fam\u00edlia Helix 7 G4...A s\u00e9rie tem 3 modelos. O controle do Menu, \u00e9 pelo novo sistema Reflex da HUMMINBIRD. Estanquicidade : IPX7.Os modelos com sonda t\u00eam 500W de pot\u00eancia e v\u00eam por defeito configurados para Dual Spectrum CHIRP onde operade 150 a 220KHz . As frequ\u00eancias de 50\/83\/200KHz est\u00e3o dispon\u00edveis por via de transdutores opcionais .Transdutores : Na vers\u00e3o standard : XNT 9 HW T (Dual Spectrum CHIRP). Na vers\u00e3o Mega DI : XNT 9 HW MDI 75T. Navers\u00e3o Mega SI : XNT 9 HW MSI 150T. Na nova vers\u00e3o CHIRP SI G4 : XNT-9-HW-SI-T (SI em 455KHz apenas).Fun\u00e7\u00f5es GPS : 2750 waypoints, 45 rotas, 50 rastos com 20.000 pontos cada . GPS diferencial por sat\u00e9lite EGNOS\/WAAS.Dimens\u00f5es fora do suporte : 26,77 x 13,82 x 7,54 cm. Alimenta\u00e7\u00e3o : 12VDC (24VDC, com conversor opcional)\",\"breadcrumb\":{\"@id\":\"https:\/\/nautipescas.pt\/produto\/humminbird-helix-7-chirp-gps-g4-c-xnt-9-db-74t\/#breadcrumb\"},\"inLanguage\":\"fr-FR\",\"potentialAction\":[{\"@type\":\"ReadAction\",\"target\":[\"https:\/\/nautipescas.pt\/produto\/humminbird-helix-7-chirp-gps-g4-c-xnt-9-db-74t\/\"]}]},{\"@type\":\"BreadcrumbList\",\"@id\":\"https:\/\/nautipescas.pt\/produto\/humminbird-helix-7-chirp-gps-g4-c-xnt-9-db-74t\/#breadcrumb\",\"itemListElement\":[{\"@type\":\"ListItem\",\"position\":1,\"name\":\"In\u00edcio\",\"item\":\"https:\/\/nautipescas.pt\/fr\/\"},{\"@type\":\"ListItem\",\"position\":2,\"name\":\"Boutique\",\"item\":\"https:\/\/nautipescas.pt\/fr\/boutique-magasin-de-peche-a-proximite\/\"},{\"@type\":\"ListItem\",\"position\":3,\"name\":\"HUMMINBIRD HELIX 7 CHIRP GPS G4 C\/XNT-9-DB-74T\"}]}]}<\/script>\n<!-- \/ Yoast SEO plugin. -->","yoast_head_json":{"title":"HUMMINBIRD HELIX 7 CHIRP GPS G4 C\/XNT-9-DB-74T - Nautipescas","description":"HELIX7A fam\u00edlia Helix 7 G4...A s\u00e9rie tem 3 modelos. O controle do Menu, \u00e9 pelo novo sistema Reflex da HUMMINBIRD. Estanquicidade : IPX7.Os modelos com sonda t\u00eam 500W de pot\u00eancia e v\u00eam por defeito configurados para Dual Spectrum CHIRP onde operade 150 a 220KHz . As frequ\u00eancias de 50\/83\/200KHz est\u00e3o dispon\u00edveis por via de transdutores opcionais .Transdutores : Na vers\u00e3o standard : XNT 9 HW T (Dual Spectrum CHIRP). Na vers\u00e3o Mega DI : XNT 9 HW MDI 75T. Navers\u00e3o Mega SI : XNT 9 HW MSI 150T. Na nova vers\u00e3o CHIRP SI G4 : XNT-9-HW-SI-T (SI em 455KHz apenas).Fun\u00e7\u00f5es GPS : 2750 waypoints, 45 rotas, 50 rastos com 20.000 pontos cada . GPS diferencial por sat\u00e9lite EGNOS\/WAAS.Dimens\u00f5es fora do suporte : 26,77 x 13,82 x 7,54 cm. Alimenta\u00e7\u00e3o : 12VDC (24VDC, com conversor opcional)","robots":{"index":"index","follow":"follow","max-snippet":"max-snippet:-1","max-image-preview":"max-image-preview:large","max-video-preview":"max-video-preview:-1"},"canonical":"https:\/\/nautipescas.pt\/produto\/humminbird-helix-7-chirp-gps-g4-c-xnt-9-db-74t\/","og_locale":"fr_FR","og_type":"article","og_title":"HUMMINBIRD HELIX 7 CHIRP GPS G4 C\/XNT-9-DB-74T - Nautipescas","og_description":"HELIX7A fam\u00edlia Helix 7 G4...A s\u00e9rie tem 3 modelos. O controle do Menu, \u00e9 pelo novo sistema Reflex da HUMMINBIRD. Estanquicidade : IPX7.Os modelos com sonda t\u00eam 500W de pot\u00eancia e v\u00eam por defeito configurados para Dual Spectrum CHIRP onde operade 150 a 220KHz . As frequ\u00eancias de 50\/83\/200KHz est\u00e3o dispon\u00edveis por via de transdutores opcionais .Transdutores : Na vers\u00e3o standard : XNT 9 HW T (Dual Spectrum CHIRP). Na vers\u00e3o Mega DI : XNT 9 HW MDI 75T. Navers\u00e3o Mega SI : XNT 9 HW MSI 150T. Na nova vers\u00e3o CHIRP SI G4 : XNT-9-HW-SI-T (SI em 455KHz apenas).Fun\u00e7\u00f5es GPS : 2750 waypoints, 45 rotas, 50 rastos com 20.000 pontos cada . GPS diferencial por sat\u00e9lite EGNOS\/WAAS.Dimens\u00f5es fora do suporte : 26,77 x 13,82 x 7,54 cm. Alimenta\u00e7\u00e3o : 12VDC (24VDC, com conversor opcional)","og_url":"https:\/\/nautipescas.pt\/produto\/humminbird-helix-7-chirp-gps-g4-c-xnt-9-db-74t\/","og_site_name":"Nautipescas","article_modified_time":"2024-06-14T14:00:00+00:00","og_image":[{"width":245,"height":206,"url":"https:\/\/nautipescas.pt\/wp-content\/uploads\/2023\/03\/5.jpg","type":"image\/jpeg"}],"author":"Paulo Chaves","twitter_card":"summary_large_image","twitter_misc":{"Dur\u00e9e de lecture estim\u00e9e":"1 minute"},"schema":{"@context":"https:\/\/schema.org","@graph":[{"@type":"WebSite","@id":"https:\/\/nautipescas.pt\/#website","url":"https:\/\/nautipescas.pt\/","name":"Nautipescas","description":"","potentialAction":[{"@type":"SearchAction","target":{"@type":"EntryPoint","urlTemplate":"https:\/\/nautipescas.pt\/?s={search_term_string}"},"query-input":"required name=search_term_string"}],"inLanguage":"fr-FR"},{"@type":"ImageObject","inLanguage":"fr-FR","@id":"https:\/\/nautipescas.pt\/produto\/humminbird-helix-7-chirp-gps-g4-c-xnt-9-db-74t\/#primaryimage","url":"https:\/\/nautipescas.pt\/wp-content\/uploads\/2023\/03\/5.jpg","contentUrl":"https:\/\/nautipescas.pt\/wp-content\/uploads\/2023\/03\/5.jpg","width":245,"height":206},{"@type":"WebPage","@id":"https:\/\/nautipescas.pt\/produto\/humminbird-helix-7-chirp-gps-g4-c-xnt-9-db-74t\/#webpage","url":"https:\/\/nautipescas.pt\/produto\/humminbird-helix-7-chirp-gps-g4-c-xnt-9-db-74t\/","name":"HUMMINBIRD HELIX 7 CHIRP GPS G4 C\/XNT-9-DB-74T - Nautipescas","isPartOf":{"@id":"https:\/\/nautipescas.pt\/#website"},"primaryImageOfPage":{"@id":"https:\/\/nautipescas.pt\/produto\/humminbird-helix-7-chirp-gps-g4-c-xnt-9-db-74t\/#primaryimage"},"datePublished":"2023-03-01T18:17:57+00:00","dateModified":"2024-06-14T14:00:00+00:00","description":"HELIX7A fam\u00edlia Helix 7 G4...A s\u00e9rie tem 3 modelos. O controle do Menu, \u00e9 pelo novo sistema Reflex da HUMMINBIRD. Estanquicidade : IPX7.Os modelos com sonda t\u00eam 500W de pot\u00eancia e v\u00eam por defeito configurados para Dual Spectrum CHIRP onde operade 150 a 220KHz . As frequ\u00eancias de 50\/83\/200KHz est\u00e3o dispon\u00edveis por via de transdutores opcionais .Transdutores : Na vers\u00e3o standard : XNT 9 HW T (Dual Spectrum CHIRP). Na vers\u00e3o Mega DI : XNT 9 HW MDI 75T. Navers\u00e3o Mega SI : XNT 9 HW MSI 150T. Na nova vers\u00e3o CHIRP SI G4 : XNT-9-HW-SI-T (SI em 455KHz apenas).Fun\u00e7\u00f5es GPS : 2750 waypoints, 45 rotas, 50 rastos com 20.000 pontos cada . GPS diferencial por sat\u00e9lite EGNOS\/WAAS.Dimens\u00f5es fora do suporte : 26,77 x 13,82 x 7,54 cm. Alimenta\u00e7\u00e3o : 12VDC (24VDC, com conversor opcional)","breadcrumb":{"@id":"https:\/\/nautipescas.pt\/produto\/humminbird-helix-7-chirp-gps-g4-c-xnt-9-db-74t\/#breadcrumb"},"inLanguage":"fr-FR","potentialAction":[{"@type":"ReadAction","target":["https:\/\/nautipescas.pt\/produto\/humminbird-helix-7-chirp-gps-g4-c-xnt-9-db-74t\/"]}]},{"@type":"BreadcrumbList","@id":"https:\/\/nautipescas.pt\/produto\/humminbird-helix-7-chirp-gps-g4-c-xnt-9-db-74t\/#breadcrumb","itemListElement":[{"@type":"ListItem","position":1,"name":"In\u00edcio","item":"https:\/\/nautipescas.pt\/fr\/"},{"@type":"ListItem","position":2,"name":"Boutique","item":"https:\/\/nautipescas.pt\/fr\/boutique-magasin-de-peche-a-proximite\/"},{"@type":"ListItem","position":3,"name":"HUMMINBIRD HELIX 7 CHIRP GPS G4 C\/XNT-9-DB-74T"}]}]}},"_links":{"self":[{"href":"https:\/\/nautipescas.pt\/fr\/wp-json\/wp\/v2\/product\/4051","targetHints":{"allow":["GET"]}}],"collection":[{"href":"https:\/\/nautipescas.pt\/fr\/wp-json\/wp\/v2\/product"}],"about":[{"href":"https:\/\/nautipescas.pt\/fr\/wp-json\/wp\/v2\/types\/product"}],"wp:featuredmedia":[{"embeddable":true,"href":"https:\/\/nautipescas.pt\/fr\/wp-json\/wp\/v2\/media\/4031"}],"wp:attachment":[{"href":"https:\/\/nautipescas.pt\/fr\/wp-json\/wp\/v2\/media?parent=4051"}],"wp:term":[{"taxonomy":"product_cat","embeddable":true,"href":"https:\/\/nautipescas.pt\/fr\/wp-json\/wp\/v2\/product_cat?post=4051"},{"taxonomy":"product_tag","embeddable":true,"href":"https:\/\/nautipescas.pt\/fr\/wp-json\/wp\/v2\/product_tag?post=4051"},{"taxonomy":"marcas","embeddable":true,"href":"https:\/\/nautipescas.pt\/fr\/wp-json\/wp\/v2\/marcas?post=4051"}],"curies":[{"name":"wp","href":"https:\/\/api.w.org\/{rel}","templated":true}]}}